{"id":18020,"date":"2021-07-26T12:40:08","date_gmt":"2021-07-26T10:40:08","guid":{"rendered":"https:\/\/d-identify.be\/product\/latch-tight-boite-de-verrouillage-de-groupe-latch-tight-a-fixation-murale-ou-portablelock-box-wall-mount-or-portable\/"},"modified":"2025-12-20T10:09:03","modified_gmt":"2025-12-20T08:09:03","slug":"master-lock-503ylw-rd-latch-tight-boite-de-consignation-de-groupe","status":"publish","type":"product","link":"https:\/\/d-identify.be\/fr\/produit\/master-lock-503ylw-rd-latch-tight-boite-de-consignation-de-groupe\/","title":{"rendered":"Master Lock 503YLW\/RD Latch Tight\u2122 Bo\u00eete de consignation de groupe"},"content":{"rendered":"<p>La bo\u00eete de consignation de groupe Master Lock No. 503YLW\/RD Latch Tight\u2122 accepte 14 cadenas ou verrous de condamnation. Elle peut \u00eatre fix\u00e9e au mur ou transport\u00e9e d&rsquo;un lieu de travail \u00e0 un autre. La bo\u00eete peut contenir des centaines de cl\u00e9s et comprend un rangement organis\u00e9 pour 12 cl\u00e9s \u00e0 l&rsquo;arri\u00e8re. Elle pr\u00e9sente \u00e9galement un m\u00e9canisme de verrouillage exclusif et brevet\u00e9 Latch Tight\u2122 qui emp\u00eache l&rsquo;acc\u00e8s aux cl\u00e9s jusqu&rsquo;\u00e0 ce que le dernier cadenas ou verrou de condamnation soit retir\u00e9 de la bo\u00eete.<\/p>\n","protected":false},"excerpt":{"rendered":"<p>La bo\u00eete de verrouillage de groupe Master Lock No. 503YLW\/RD Latch Tight\u2122, jaune, accepte 14 cadenas ou verrous de condamnation et peut \u00eatre fix\u00e9e au mur ou transport\u00e9e d&rsquo;un lieu de travail \u00e0 un autre. La bo\u00eete peut contenir des centaines de cl\u00e9s et comprend un rangement organis\u00e9 pour 12 cl\u00e9s \u00e0 l&rsquo;arri\u00e8re.<\/p>\n","protected":false},"featured_media":18023,"comment_status":"open","ping_status":"closed","template":"","meta":{"_acf_changed":false,"_et_pb_use_builder":"","_et_pb_old_content":"","_et_gb_content_width":""},"product_brand":[],"product_cat":[466,471],"product_tag":[934],"pa_connextion-shapes":[],"class_list":{"0":"post-18020","1":"product","2":"type-product","3":"status-publish","4":"has-post-thumbnail","6":"product_cat-lockout-tagout","7":"product_cat-empty-lockout-stations","8":"product_tag-master-lock-fr","10":"first","11":"instock","12":"taxable","13":"shipping-taxable","14":"purchasable","15":"product-type-variable"},"exclude_global_add_ons":[],"addons":[],"acf":[],"yoast_head":"<!-- This site is optimized with the Yoast SEO Premium plugin v27.0 (Yoast SEO v27.1) - https:\/\/yoast.com\/product\/yoast-seo-premium-wordpress\/ -->\n<title>Bo\u00eete consignation de groupe Master Lock 503 Latch Tight\u2122<\/title>\n<meta name=\"description\" content=\"La bo\u00eete de consignation de groupe Master Lock 503YLW\/RD Latch Tight\u2122 peut contenir des centaines de cl\u00e9s 12 cl\u00e9s \u00e0 l\u2019arri\u00e8re de la bo\u00eete.\" \/>\n<meta name=\"robots\" content=\"index, follow, max-snippet:-1, max-image-preview:large, max-video-preview:-1\" \/>\n<link rel=\"canonical\" href=\"https:\/\/d-identify.be\/fr\/produit\/master-lock-503ylw-rd-latch-tight-boite-de-consignation-de-groupe\/\" \/>\n<meta property=\"og:locale\" content=\"fr_FR\" \/>\n<meta property=\"og:type\" content=\"article\" \/>\n<meta property=\"og:title\" content=\"Master Lock 503YLW\/RD Latch Tight\u2122 Bo\u00eete de consignation de groupe\" \/>\n<meta property=\"og:description\" content=\"La bo\u00eete de consignation de groupe Master Lock 503YLW\/RD Latch Tight\u2122 peut contenir des centaines de cl\u00e9s 12 cl\u00e9s \u00e0 l\u2019arri\u00e8re de la bo\u00eete.\" \/>\n<meta property=\"og:url\" content=\"https:\/\/d-identify.be\/fr\/produit\/master-lock-503ylw-rd-latch-tight-boite-de-consignation-de-groupe\/\" \/>\n<meta property=\"og:site_name\" content=\"d-identify\" \/>\n<meta property=\"article:modified_time\" content=\"2025-12-20T08:09:03+00:00\" \/>\n<meta property=\"og:image\" content=\"https:\/\/d-identify.be\/wp-content\/uploads\/2021\/07\/MLCOM_PRODUCT_503RED.jpg\" \/>\n\t<meta property=\"og:image:width\" content=\"269\" \/>\n\t<meta property=\"og:image:height\" content=\"269\" \/>\n\t<meta property=\"og:image:type\" content=\"image\/jpeg\" \/>\n<meta name=\"twitter:card\" content=\"summary_large_image\" \/>\n<meta name=\"twitter:label1\" content=\"Dur\u00e9e de lecture estim\u00e9e\" \/>\n\t<meta name=\"twitter:data1\" content=\"1 minute\" \/>\n<script type=\"application\/ld+json\" class=\"yoast-schema-graph\">{\"@context\":\"https:\/\/schema.org\",\"@graph\":[{\"@type\":\"WebPage\",\"@id\":\"https:\/\/d-identify.be\/fr\/produit\/master-lock-503ylw-rd-latch-tight-boite-de-consignation-de-groupe\/\",\"url\":\"https:\/\/d-identify.be\/fr\/produit\/master-lock-503ylw-rd-latch-tight-boite-de-consignation-de-groupe\/\",\"name\":\"Bo\u00eete consignation de groupe Master Lock 503 Latch Tight\u2122\",\"isPartOf\":{\"@id\":\"https:\/\/d-identify.be\/fr\/#website\"},\"primaryImageOfPage\":{\"@id\":\"https:\/\/d-identify.be\/fr\/produit\/master-lock-503ylw-rd-latch-tight-boite-de-consignation-de-groupe\/#primaryimage\"},\"image\":{\"@id\":\"https:\/\/d-identify.be\/fr\/produit\/master-lock-503ylw-rd-latch-tight-boite-de-consignation-de-groupe\/#primaryimage\"},\"thumbnailUrl\":\"https:\/\/d-identify.be\/wp-content\/uploads\/2021\/07\/MLCOM_PRODUCT_503RED.jpg\",\"datePublished\":\"2021-07-26T10:40:08+00:00\",\"dateModified\":\"2025-12-20T08:09:03+00:00\",\"description\":\"La bo\u00eete de consignation de groupe Master Lock 503YLW\/RD Latch Tight\u2122 peut contenir des centaines de cl\u00e9s 12 cl\u00e9s \u00e0 l\u2019arri\u00e8re de la bo\u00eete.\",\"breadcrumb\":{\"@id\":\"https:\/\/d-identify.be\/fr\/produit\/master-lock-503ylw-rd-latch-tight-boite-de-consignation-de-groupe\/#breadcrumb\"},\"inLanguage\":\"fr-FR\",\"potentialAction\":[{\"@type\":\"ReadAction\",\"target\":[\"https:\/\/d-identify.be\/fr\/produit\/master-lock-503ylw-rd-latch-tight-boite-de-consignation-de-groupe\/\"]}]},{\"@type\":\"ImageObject\",\"inLanguage\":\"fr-FR\",\"@id\":\"https:\/\/d-identify.be\/fr\/produit\/master-lock-503ylw-rd-latch-tight-boite-de-consignation-de-groupe\/#primaryimage\",\"url\":\"https:\/\/d-identify.be\/wp-content\/uploads\/2021\/07\/MLCOM_PRODUCT_503RED.jpg\",\"contentUrl\":\"https:\/\/d-identify.be\/wp-content\/uploads\/2021\/07\/MLCOM_PRODUCT_503RED.jpg\",\"width\":269,\"height\":269,\"caption\":\"bo\u00eete consignation de groupe Master Lock 503\"},{\"@type\":\"BreadcrumbList\",\"@id\":\"https:\/\/d-identify.be\/fr\/produit\/master-lock-503ylw-rd-latch-tight-boite-de-consignation-de-groupe\/#breadcrumb\",\"itemListElement\":[{\"@type\":\"ListItem\",\"position\":1,\"name\":\"Home\",\"item\":\"https:\/\/d-identify.be\/fr\/home-2\/\"},{\"@type\":\"ListItem\",\"position\":2,\"name\":\"Boutique\",\"item\":\"https:\/\/d-identify.be\/fr\/boutique\/\"},{\"@type\":\"ListItem\",\"position\":3,\"name\":\"Master Lock 503YLW\/RD Latch Tight\u2122 Bo\u00eete de consignation de groupe\"}]},{\"@type\":\"WebSite\",\"@id\":\"https:\/\/d-identify.be\/fr\/#website\",\"url\":\"https:\/\/d-identify.be\/fr\/\",\"name\":\"d-identify\",\"description\":\"Industrial identification - Lockout - Tagout - Floor marking\",\"potentialAction\":[{\"@type\":\"SearchAction\",\"target\":{\"@type\":\"EntryPoint\",\"urlTemplate\":\"https:\/\/d-identify.be\/fr\/?s={search_term_string}\"},\"query-input\":{\"@type\":\"PropertyValueSpecification\",\"valueRequired\":true,\"valueName\":\"search_term_string\"}}],\"inLanguage\":\"fr-FR\"}]}<\/script>\n<!-- \/ Yoast SEO Premium plugin. -->","yoast_head_json":{"title":"Bo\u00eete consignation de groupe Master Lock 503 Latch Tight\u2122","description":"La bo\u00eete de consignation de groupe Master Lock 503YLW\/RD Latch Tight\u2122 peut contenir des centaines de cl\u00e9s 12 cl\u00e9s \u00e0 l\u2019arri\u00e8re de la bo\u00eete.","robots":{"index":"index","follow":"follow","max-snippet":"max-snippet:-1","max-image-preview":"max-image-preview:large","max-video-preview":"max-video-preview:-1"},"canonical":"https:\/\/d-identify.be\/fr\/produit\/master-lock-503ylw-rd-latch-tight-boite-de-consignation-de-groupe\/","og_locale":"fr_FR","og_type":"article","og_title":"Master Lock 503YLW\/RD Latch Tight\u2122 Bo\u00eete de consignation de groupe","og_description":"La bo\u00eete de consignation de groupe Master Lock 503YLW\/RD Latch Tight\u2122 peut contenir des centaines de cl\u00e9s 12 cl\u00e9s \u00e0 l\u2019arri\u00e8re de la bo\u00eete.","og_url":"https:\/\/d-identify.be\/fr\/produit\/master-lock-503ylw-rd-latch-tight-boite-de-consignation-de-groupe\/","og_site_name":"d-identify","article_modified_time":"2025-12-20T08:09:03+00:00","og_image":[{"width":269,"height":269,"url":"https:\/\/d-identify.be\/wp-content\/uploads\/2021\/07\/MLCOM_PRODUCT_503RED.jpg","type":"image\/jpeg"}],"twitter_card":"summary_large_image","twitter_misc":{"Dur\u00e9e de lecture estim\u00e9e":"1 minute"},"schema":{"@context":"https:\/\/schema.org","@graph":[{"@type":"WebPage","@id":"https:\/\/d-identify.be\/fr\/produit\/master-lock-503ylw-rd-latch-tight-boite-de-consignation-de-groupe\/","url":"https:\/\/d-identify.be\/fr\/produit\/master-lock-503ylw-rd-latch-tight-boite-de-consignation-de-groupe\/","name":"Bo\u00eete consignation de groupe Master Lock 503 Latch Tight\u2122","isPartOf":{"@id":"https:\/\/d-identify.be\/fr\/#website"},"primaryImageOfPage":{"@id":"https:\/\/d-identify.be\/fr\/produit\/master-lock-503ylw-rd-latch-tight-boite-de-consignation-de-groupe\/#primaryimage"},"image":{"@id":"https:\/\/d-identify.be\/fr\/produit\/master-lock-503ylw-rd-latch-tight-boite-de-consignation-de-groupe\/#primaryimage"},"thumbnailUrl":"https:\/\/d-identify.be\/wp-content\/uploads\/2021\/07\/MLCOM_PRODUCT_503RED.jpg","datePublished":"2021-07-26T10:40:08+00:00","dateModified":"2025-12-20T08:09:03+00:00","description":"La bo\u00eete de consignation de groupe Master Lock 503YLW\/RD Latch Tight\u2122 peut contenir des centaines de cl\u00e9s 12 cl\u00e9s \u00e0 l\u2019arri\u00e8re de la bo\u00eete.","breadcrumb":{"@id":"https:\/\/d-identify.be\/fr\/produit\/master-lock-503ylw-rd-latch-tight-boite-de-consignation-de-groupe\/#breadcrumb"},"inLanguage":"fr-FR","potentialAction":[{"@type":"ReadAction","target":["https:\/\/d-identify.be\/fr\/produit\/master-lock-503ylw-rd-latch-tight-boite-de-consignation-de-groupe\/"]}]},{"@type":"ImageObject","inLanguage":"fr-FR","@id":"https:\/\/d-identify.be\/fr\/produit\/master-lock-503ylw-rd-latch-tight-boite-de-consignation-de-groupe\/#primaryimage","url":"https:\/\/d-identify.be\/wp-content\/uploads\/2021\/07\/MLCOM_PRODUCT_503RED.jpg","contentUrl":"https:\/\/d-identify.be\/wp-content\/uploads\/2021\/07\/MLCOM_PRODUCT_503RED.jpg","width":269,"height":269,"caption":"bo\u00eete consignation de groupe Master Lock 503"},{"@type":"BreadcrumbList","@id":"https:\/\/d-identify.be\/fr\/produit\/master-lock-503ylw-rd-latch-tight-boite-de-consignation-de-groupe\/#breadcrumb","itemListElement":[{"@type":"ListItem","position":1,"name":"Home","item":"https:\/\/d-identify.be\/fr\/home-2\/"},{"@type":"ListItem","position":2,"name":"Boutique","item":"https:\/\/d-identify.be\/fr\/boutique\/"},{"@type":"ListItem","position":3,"name":"Master Lock 503YLW\/RD Latch Tight\u2122 Bo\u00eete de consignation de groupe"}]},{"@type":"WebSite","@id":"https:\/\/d-identify.be\/fr\/#website","url":"https:\/\/d-identify.be\/fr\/","name":"d-identify","description":"Industrial identification - Lockout - Tagout - Floor marking","potentialAction":[{"@type":"SearchAction","target":{"@type":"EntryPoint","urlTemplate":"https:\/\/d-identify.be\/fr\/?s={search_term_string}"},"query-input":{"@type":"PropertyValueSpecification","valueRequired":true,"valueName":"search_term_string"}}],"inLanguage":"fr-FR"}]}},"_links":{"self":[{"href":"https:\/\/d-identify.be\/fr\/wp-json\/wp\/v2\/product\/18020","targetHints":{"allow":["GET"]}}],"collection":[{"href":"https:\/\/d-identify.be\/fr\/wp-json\/wp\/v2\/product"}],"about":[{"href":"https:\/\/d-identify.be\/fr\/wp-json\/wp\/v2\/types\/product"}],"replies":[{"embeddable":true,"href":"https:\/\/d-identify.be\/fr\/wp-json\/wp\/v2\/comments?post=18020"}],"wp:featuredmedia":[{"embeddable":true,"href":"https:\/\/d-identify.be\/fr\/wp-json\/wp\/v2\/media\/18023"}],"wp:attachment":[{"href":"https:\/\/d-identify.be\/fr\/wp-json\/wp\/v2\/media?parent=18020"}],"wp:term":[{"taxonomy":"product_brand","embeddable":true,"href":"https:\/\/d-identify.be\/fr\/wp-json\/wp\/v2\/product_brand?post=18020"},{"taxonomy":"product_cat","embeddable":true,"href":"https:\/\/d-identify.be\/fr\/wp-json\/wp\/v2\/product_cat?post=18020"},{"taxonomy":"product_tag","embeddable":true,"href":"https:\/\/d-identify.be\/fr\/wp-json\/wp\/v2\/product_tag?post=18020"},{"taxonomy":"pa_connextion-shapes","embeddable":true,"href":"https:\/\/d-identify.be\/fr\/wp-json\/wp\/v2\/pa_connextion-shapes?post=18020"}],"curies":[{"name":"wp","href":"https:\/\/api.w.org\/{rel}","templated":true}]}}