{"id":18013,"date":"2021-07-26T12:40:16","date_gmt":"2021-07-26T10:40:16","guid":{"rendered":"https:\/\/d-identify.be\/product\/station-de-cadenas-master-lock-vide-10-cadenas\/"},"modified":"2025-12-20T11:43:58","modified_gmt":"2025-12-20T09:43:58","slug":"station-de-consignation-master-lock-s1850-non-fournie","status":"publish","type":"product","link":"https:\/\/d-identify.be\/fr\/produit\/station-de-consignation-master-lock-s1850-non-fournie\/","title":{"rendered":"Station de consignation Master Lock S1850, non fournie"},"content":{"rendered":"<p data-start=\"333\" data-end=\"565\">La <strong data-start=\"336\" data-end=\"381\">Station de consignation S1850 Master Lock<\/strong>, non remplie, offre une <strong data-start=\"406\" data-end=\"430\">construction robuste<\/strong> pour un usage durable en milieu industriel. Des <strong data-start=\"479\" data-end=\"505\">compartiments couverts<\/strong> prot\u00e8gent les dispositifs contre la poussi\u00e8re et la salet\u00e9.<\/p>\n<p data-start=\"567\" data-end=\"701\">La station est <strong data-start=\"582\" data-end=\"599\">verrouillable<\/strong> pour plus de s\u00e9curit\u00e9. Un <strong data-start=\"626\" data-end=\"651\">cadenas \u00e0 combinaison<\/strong> permet de limiter l\u2019acc\u00e8s aux employ\u00e9s autoris\u00e9s.<\/p>\n","protected":false},"excerpt":{"rendered":"<p>La station de verrouillage Master Lock No. S1850, non remplie, est dot\u00e9e d&rsquo;une construction durable pour assurer une longue dur\u00e9e de vie dans les installations de fabrication, ainsi que de compartiments couverts pour prot\u00e9ger les appareils et emp\u00eacher la poussi\u00e8re et la salet\u00e9 d&rsquo;entrer.<\/p>\n","protected":false},"featured_media":18014,"comment_status":"open","ping_status":"closed","template":"","meta":{"_acf_changed":false,"_et_pb_use_builder":"","_et_pb_old_content":"","_et_gb_content_width":""},"product_brand":[],"product_cat":[466,471],"product_tag":[934],"pa_connextion-shapes":[],"class_list":{"0":"post-18013","1":"product","2":"type-product","3":"status-publish","4":"has-post-thumbnail","6":"product_cat-lockout-tagout","7":"product_cat-empty-lockout-stations","8":"product_tag-master-lock-fr","10":"first","11":"instock","12":"taxable","13":"shipping-taxable","14":"purchasable","15":"product-type-simple"},"exclude_global_add_ons":[],"addons":[],"acf":[],"yoast_head":"<!-- This site is optimized with the Yoast SEO Premium plugin v27.0 (Yoast SEO v27.1) - https:\/\/yoast.com\/product\/yoast-seo-premium-wordpress\/ -->\n<title>Station de consignation S1850 de Master Lock,vide<\/title>\n<meta name=\"description\" content=\"Master Lock Station de consignation S1850 non remplie, avec structure durable, compartiments prot\u00e9g\u00e9s et unit\u00e9 verrouillable pour une consignation s\u00e9curis\u00e9e\" \/>\n<meta name=\"robots\" content=\"index, follow, max-snippet:-1, max-image-preview:large, max-video-preview:-1\" \/>\n<link rel=\"canonical\" href=\"https:\/\/d-identify.be\/fr\/produit\/station-de-consignation-master-lock-s1850-non-fournie\/\" \/>\n<meta property=\"og:locale\" content=\"fr_FR\" \/>\n<meta property=\"og:type\" content=\"article\" \/>\n<meta property=\"og:title\" content=\"Station de consignation Master Lock S1850, non fournie\" \/>\n<meta property=\"og:description\" content=\"Master Lock Station de consignation S1850 non remplie, avec structure durable, compartiments prot\u00e9g\u00e9s et unit\u00e9 verrouillable pour une consignation s\u00e9curis\u00e9e\" \/>\n<meta property=\"og:url\" content=\"https:\/\/d-identify.be\/fr\/produit\/station-de-consignation-master-lock-s1850-non-fournie\/\" \/>\n<meta property=\"og:site_name\" content=\"d-identify\" \/>\n<meta property=\"article:modified_time\" content=\"2025-12-20T09:43:58+00:00\" \/>\n<meta property=\"og:image\" content=\"https:\/\/d-identify.be\/wp-content\/uploads\/2021\/07\/MLCOM_PRODUCT_S1850.jpg\" \/>\n\t<meta property=\"og:image:width\" content=\"285\" \/>\n\t<meta property=\"og:image:height\" content=\"285\" \/>\n\t<meta property=\"og:image:type\" content=\"image\/jpeg\" \/>\n<meta name=\"twitter:card\" content=\"summary_large_image\" \/>\n<meta name=\"twitter:label1\" content=\"Dur\u00e9e de lecture estim\u00e9e\" \/>\n\t<meta name=\"twitter:data1\" content=\"1 minute\" \/>\n<script type=\"application\/ld+json\" class=\"yoast-schema-graph\">{\"@context\":\"https:\/\/schema.org\",\"@graph\":[{\"@type\":\"WebPage\",\"@id\":\"https:\/\/d-identify.be\/fr\/produit\/station-de-consignation-master-lock-s1850-non-fournie\/\",\"url\":\"https:\/\/d-identify.be\/fr\/produit\/station-de-consignation-master-lock-s1850-non-fournie\/\",\"name\":\"Station de consignation S1850 de Master Lock,vide\",\"isPartOf\":{\"@id\":\"https:\/\/d-identify.be\/fr\/#website\"},\"primaryImageOfPage\":{\"@id\":\"https:\/\/d-identify.be\/fr\/produit\/station-de-consignation-master-lock-s1850-non-fournie\/#primaryimage\"},\"image\":{\"@id\":\"https:\/\/d-identify.be\/fr\/produit\/station-de-consignation-master-lock-s1850-non-fournie\/#primaryimage\"},\"thumbnailUrl\":\"https:\/\/d-identify.be\/wp-content\/uploads\/2021\/07\/MLCOM_PRODUCT_S1850.jpg\",\"datePublished\":\"2021-07-26T10:40:16+00:00\",\"dateModified\":\"2025-12-20T09:43:58+00:00\",\"description\":\"Master Lock Station de consignation S1850 non remplie, avec structure durable, compartiments prot\u00e9g\u00e9s et unit\u00e9 verrouillable pour une consignation s\u00e9curis\u00e9e\",\"breadcrumb\":{\"@id\":\"https:\/\/d-identify.be\/fr\/produit\/station-de-consignation-master-lock-s1850-non-fournie\/#breadcrumb\"},\"inLanguage\":\"fr-FR\",\"potentialAction\":[{\"@type\":\"ReadAction\",\"target\":[\"https:\/\/d-identify.be\/fr\/produit\/station-de-consignation-master-lock-s1850-non-fournie\/\"]}]},{\"@type\":\"ImageObject\",\"inLanguage\":\"fr-FR\",\"@id\":\"https:\/\/d-identify.be\/fr\/produit\/station-de-consignation-master-lock-s1850-non-fournie\/#primaryimage\",\"url\":\"https:\/\/d-identify.be\/wp-content\/uploads\/2021\/07\/MLCOM_PRODUCT_S1850.jpg\",\"contentUrl\":\"https:\/\/d-identify.be\/wp-content\/uploads\/2021\/07\/MLCOM_PRODUCT_S1850.jpg\",\"width\":285,\"height\":285,\"caption\":\"Station de consignation Master Lock S1850\"},{\"@type\":\"BreadcrumbList\",\"@id\":\"https:\/\/d-identify.be\/fr\/produit\/station-de-consignation-master-lock-s1850-non-fournie\/#breadcrumb\",\"itemListElement\":[{\"@type\":\"ListItem\",\"position\":1,\"name\":\"Home\",\"item\":\"https:\/\/d-identify.be\/fr\/home-2\/\"},{\"@type\":\"ListItem\",\"position\":2,\"name\":\"Boutique\",\"item\":\"https:\/\/d-identify.be\/fr\/boutique\/\"},{\"@type\":\"ListItem\",\"position\":3,\"name\":\"Station de consignation Master Lock S1850, non fournie\"}]},{\"@type\":\"WebSite\",\"@id\":\"https:\/\/d-identify.be\/fr\/#website\",\"url\":\"https:\/\/d-identify.be\/fr\/\",\"name\":\"d-identify\",\"description\":\"Industrial identification - Lockout - Tagout - Floor marking\",\"potentialAction\":[{\"@type\":\"SearchAction\",\"target\":{\"@type\":\"EntryPoint\",\"urlTemplate\":\"https:\/\/d-identify.be\/fr\/?s={search_term_string}\"},\"query-input\":{\"@type\":\"PropertyValueSpecification\",\"valueRequired\":true,\"valueName\":\"search_term_string\"}}],\"inLanguage\":\"fr-FR\"}]}<\/script>\n<!-- \/ Yoast SEO Premium plugin. -->","yoast_head_json":{"title":"Station de consignation S1850 de Master Lock,vide","description":"Master Lock Station de consignation S1850 non remplie, avec structure durable, compartiments prot\u00e9g\u00e9s et unit\u00e9 verrouillable pour une consignation s\u00e9curis\u00e9e","robots":{"index":"index","follow":"follow","max-snippet":"max-snippet:-1","max-image-preview":"max-image-preview:large","max-video-preview":"max-video-preview:-1"},"canonical":"https:\/\/d-identify.be\/fr\/produit\/station-de-consignation-master-lock-s1850-non-fournie\/","og_locale":"fr_FR","og_type":"article","og_title":"Station de consignation Master Lock S1850, non fournie","og_description":"Master Lock Station de consignation S1850 non remplie, avec structure durable, compartiments prot\u00e9g\u00e9s et unit\u00e9 verrouillable pour une consignation s\u00e9curis\u00e9e","og_url":"https:\/\/d-identify.be\/fr\/produit\/station-de-consignation-master-lock-s1850-non-fournie\/","og_site_name":"d-identify","article_modified_time":"2025-12-20T09:43:58+00:00","og_image":[{"width":285,"height":285,"url":"https:\/\/d-identify.be\/wp-content\/uploads\/2021\/07\/MLCOM_PRODUCT_S1850.jpg","type":"image\/jpeg"}],"twitter_card":"summary_large_image","twitter_misc":{"Dur\u00e9e de lecture estim\u00e9e":"1 minute"},"schema":{"@context":"https:\/\/schema.org","@graph":[{"@type":"WebPage","@id":"https:\/\/d-identify.be\/fr\/produit\/station-de-consignation-master-lock-s1850-non-fournie\/","url":"https:\/\/d-identify.be\/fr\/produit\/station-de-consignation-master-lock-s1850-non-fournie\/","name":"Station de consignation S1850 de Master Lock,vide","isPartOf":{"@id":"https:\/\/d-identify.be\/fr\/#website"},"primaryImageOfPage":{"@id":"https:\/\/d-identify.be\/fr\/produit\/station-de-consignation-master-lock-s1850-non-fournie\/#primaryimage"},"image":{"@id":"https:\/\/d-identify.be\/fr\/produit\/station-de-consignation-master-lock-s1850-non-fournie\/#primaryimage"},"thumbnailUrl":"https:\/\/d-identify.be\/wp-content\/uploads\/2021\/07\/MLCOM_PRODUCT_S1850.jpg","datePublished":"2021-07-26T10:40:16+00:00","dateModified":"2025-12-20T09:43:58+00:00","description":"Master Lock Station de consignation S1850 non remplie, avec structure durable, compartiments prot\u00e9g\u00e9s et unit\u00e9 verrouillable pour une consignation s\u00e9curis\u00e9e","breadcrumb":{"@id":"https:\/\/d-identify.be\/fr\/produit\/station-de-consignation-master-lock-s1850-non-fournie\/#breadcrumb"},"inLanguage":"fr-FR","potentialAction":[{"@type":"ReadAction","target":["https:\/\/d-identify.be\/fr\/produit\/station-de-consignation-master-lock-s1850-non-fournie\/"]}]},{"@type":"ImageObject","inLanguage":"fr-FR","@id":"https:\/\/d-identify.be\/fr\/produit\/station-de-consignation-master-lock-s1850-non-fournie\/#primaryimage","url":"https:\/\/d-identify.be\/wp-content\/uploads\/2021\/07\/MLCOM_PRODUCT_S1850.jpg","contentUrl":"https:\/\/d-identify.be\/wp-content\/uploads\/2021\/07\/MLCOM_PRODUCT_S1850.jpg","width":285,"height":285,"caption":"Station de consignation Master Lock S1850"},{"@type":"BreadcrumbList","@id":"https:\/\/d-identify.be\/fr\/produit\/station-de-consignation-master-lock-s1850-non-fournie\/#breadcrumb","itemListElement":[{"@type":"ListItem","position":1,"name":"Home","item":"https:\/\/d-identify.be\/fr\/home-2\/"},{"@type":"ListItem","position":2,"name":"Boutique","item":"https:\/\/d-identify.be\/fr\/boutique\/"},{"@type":"ListItem","position":3,"name":"Station de consignation Master Lock S1850, non fournie"}]},{"@type":"WebSite","@id":"https:\/\/d-identify.be\/fr\/#website","url":"https:\/\/d-identify.be\/fr\/","name":"d-identify","description":"Industrial identification - Lockout - Tagout - Floor marking","potentialAction":[{"@type":"SearchAction","target":{"@type":"EntryPoint","urlTemplate":"https:\/\/d-identify.be\/fr\/?s={search_term_string}"},"query-input":{"@type":"PropertyValueSpecification","valueRequired":true,"valueName":"search_term_string"}}],"inLanguage":"fr-FR"}]}},"_links":{"self":[{"href":"https:\/\/d-identify.be\/fr\/wp-json\/wp\/v2\/product\/18013","targetHints":{"allow":["GET"]}}],"collection":[{"href":"https:\/\/d-identify.be\/fr\/wp-json\/wp\/v2\/product"}],"about":[{"href":"https:\/\/d-identify.be\/fr\/wp-json\/wp\/v2\/types\/product"}],"replies":[{"embeddable":true,"href":"https:\/\/d-identify.be\/fr\/wp-json\/wp\/v2\/comments?post=18013"}],"wp:featuredmedia":[{"embeddable":true,"href":"https:\/\/d-identify.be\/fr\/wp-json\/wp\/v2\/media\/18014"}],"wp:attachment":[{"href":"https:\/\/d-identify.be\/fr\/wp-json\/wp\/v2\/media?parent=18013"}],"wp:term":[{"taxonomy":"product_brand","embeddable":true,"href":"https:\/\/d-identify.be\/fr\/wp-json\/wp\/v2\/product_brand?post=18013"},{"taxonomy":"product_cat","embeddable":true,"href":"https:\/\/d-identify.be\/fr\/wp-json\/wp\/v2\/product_cat?post=18013"},{"taxonomy":"product_tag","embeddable":true,"href":"https:\/\/d-identify.be\/fr\/wp-json\/wp\/v2\/product_tag?post=18013"},{"taxonomy":"pa_connextion-shapes","embeddable":true,"href":"https:\/\/d-identify.be\/fr\/wp-json\/wp\/v2\/pa_connextion-shapes?post=18013"}],"curies":[{"name":"wp","href":"https:\/\/api.w.org\/{rel}","templated":true}]}}