{"id":17991,"date":"2021-07-26T12:40:51","date_gmt":"2021-07-26T10:40:51","guid":{"rendered":"https:\/\/d-identify.be\/product\/pene-de-blocage-isolant-en-nylon-25mm-x-64mm-de-degagement\/"},"modified":"2021-07-26T12:40:51","modified_gmt":"2021-07-26T10:40:51","slug":"pene-de-blocage-isolant-en-nylon-25mm-x-64mm-de-degagement","status":"publish","type":"product","link":"https:\/\/d-identify.be\/fr\/produit\/pene-de-blocage-isolant-en-nylon-25mm-x-64mm-de-degagement\/","title":{"rendered":"P\u00eane de blocage isolant en nylon, 25mm x 64mm de d\u00e9gagement"},"content":{"rendered":"<p>Le cadenas de s\u00e9curit\u00e9 Master Lock N\u00b0 428 en plastique est fabriqu\u00e9 en nylon ignifuge et poss\u00e8de un diam\u00e8tre de m\u00e2choire int\u00e9rieur de 2-1\/2 pouces (64 mm) et peut accueillir jusqu&rsquo;\u00e0 six cadenas. Id\u00e9al pour le verrouillage par plusieurs travailleurs \u00e0 chaque point de verrouillage. Le cadenas maintient l&rsquo;\u00e9quipement inop\u00e9rant pendant les r\u00e9parations ou les ajustements. Le contr\u00f4le ne peut pas \u00eatre activ\u00e9 tant que le cadenas du dernier travailleur n&rsquo;est pas retir\u00e9 du cadenas.   <\/p>\n","protected":false},"excerpt":{"rendered":"<p>Le cadenas de s\u00e9curit\u00e9 en plastique Master Lock N\u00b0 428 est fabriqu\u00e9 en nylon ignifuge avec un diam\u00e8tre int\u00e9rieur de m\u00e2choire de 2-1\/2 pouces (64 mm) et peut accueillir jusqu&rsquo;\u00e0 six cadenas.<\/p>\n","protected":false},"featured_media":17993,"comment_status":"open","ping_status":"closed","template":"","meta":{"_acf_changed":false,"_et_pb_use_builder":"","_et_pb_old_content":"","_et_gb_content_width":""},"product_brand":[],"product_cat":[466,628],"product_tag":[934],"pa_connextion-shapes":[],"class_list":{"0":"post-17991","1":"product","2":"type-product","3":"status-publish","4":"has-post-thumbnail","6":"product_cat-lockout-tagout","7":"product_cat-lockout-padlocks","8":"product_tag-master-lock-fr","10":"first","11":"instock","12":"taxable","13":"shipping-taxable","14":"purchasable","15":"product-type-simple"},"exclude_global_add_ons":[],"addons":[],"acf":[],"yoast_head":"<!-- This site is optimized with the Yoast SEO Premium plugin v27.0 (Yoast SEO v27.1) - https:\/\/yoast.com\/product\/yoast-seo-premium-wordpress\/ -->\n<title>Dispositif de verrouillage non conducteur en nylon, d\u00e9gagement de la m\u00e2choire de 25x64 mm.<\/title>\n<meta name=\"description\" content=\"La ferrure de s\u00e9curit\u00e9 D-41L en plastique dispose d&#039;un mat\u00e9riau en nylon antistatique avec un diam\u00e8tre interne de m\u00e2choire de 2-1\/2 pouces (64 mm) et...\" \/>\n<meta name=\"robots\" content=\"index, follow, max-snippet:-1, max-image-preview:large, max-video-preview:-1\" \/>\n<link rel=\"canonical\" href=\"https:\/\/d-identify.be\/fr\/produit\/pene-de-blocage-isolant-en-nylon-25mm-x-64mm-de-degagement\/\" \/>\n<meta property=\"og:locale\" content=\"fr_FR\" \/>\n<meta property=\"og:type\" content=\"article\" \/>\n<meta property=\"og:title\" content=\"P\u00eane de blocage isolant en nylon, 25mm x 64mm de d\u00e9gagement\" \/>\n<meta property=\"og:description\" content=\"La ferrure de s\u00e9curit\u00e9 D-41L en plastique dispose d&#039;un mat\u00e9riau en nylon antistatique avec un diam\u00e8tre interne de m\u00e2choire de 2-1\/2 pouces (64 mm) et...\" \/>\n<meta property=\"og:url\" content=\"https:\/\/d-identify.be\/fr\/produit\/pene-de-blocage-isolant-en-nylon-25mm-x-64mm-de-degagement\/\" \/>\n<meta property=\"og:site_name\" content=\"d-identify\" \/>\n<meta property=\"og:image\" content=\"https:\/\/d-identify.be\/wp-content\/uploads\/2021\/07\/MLCOM_PRODUCT_428.jpg\" \/>\n\t<meta property=\"og:image:width\" content=\"258\" \/>\n\t<meta property=\"og:image:height\" content=\"258\" \/>\n\t<meta property=\"og:image:type\" content=\"image\/jpeg\" \/>\n<meta name=\"twitter:card\" content=\"summary_large_image\" \/>\n<script type=\"application\/ld+json\" class=\"yoast-schema-graph\">{\"@context\":\"https:\/\/schema.org\",\"@graph\":[{\"@type\":\"WebPage\",\"@id\":\"https:\/\/d-identify.be\/fr\/produit\/pene-de-blocage-isolant-en-nylon-25mm-x-64mm-de-degagement\/\",\"url\":\"https:\/\/d-identify.be\/fr\/produit\/pene-de-blocage-isolant-en-nylon-25mm-x-64mm-de-degagement\/\",\"name\":\"Dispositif de verrouillage non conducteur en nylon, d\u00e9gagement de la m\u00e2choire de 25x64 mm.\",\"isPartOf\":{\"@id\":\"https:\/\/d-identify.be\/fr\/#website\"},\"primaryImageOfPage\":{\"@id\":\"https:\/\/d-identify.be\/fr\/produit\/pene-de-blocage-isolant-en-nylon-25mm-x-64mm-de-degagement\/#primaryimage\"},\"image\":{\"@id\":\"https:\/\/d-identify.be\/fr\/produit\/pene-de-blocage-isolant-en-nylon-25mm-x-64mm-de-degagement\/#primaryimage\"},\"thumbnailUrl\":\"https:\/\/d-identify.be\/wp-content\/uploads\/2021\/07\/MLCOM_PRODUCT_428.jpg\",\"datePublished\":\"2021-07-26T10:40:51+00:00\",\"description\":\"La ferrure de s\u00e9curit\u00e9 D-41L en plastique dispose d'un mat\u00e9riau en nylon antistatique avec un diam\u00e8tre interne de m\u00e2choire de 2-1\/2 pouces (64 mm) et...\",\"breadcrumb\":{\"@id\":\"https:\/\/d-identify.be\/fr\/produit\/pene-de-blocage-isolant-en-nylon-25mm-x-64mm-de-degagement\/#breadcrumb\"},\"inLanguage\":\"fr-FR\",\"potentialAction\":[{\"@type\":\"ReadAction\",\"target\":[\"https:\/\/d-identify.be\/fr\/produit\/pene-de-blocage-isolant-en-nylon-25mm-x-64mm-de-degagement\/\"]}]},{\"@type\":\"ImageObject\",\"inLanguage\":\"fr-FR\",\"@id\":\"https:\/\/d-identify.be\/fr\/produit\/pene-de-blocage-isolant-en-nylon-25mm-x-64mm-de-degagement\/#primaryimage\",\"url\":\"https:\/\/d-identify.be\/wp-content\/uploads\/2021\/07\/MLCOM_PRODUCT_428.jpg\",\"contentUrl\":\"https:\/\/d-identify.be\/wp-content\/uploads\/2021\/07\/MLCOM_PRODUCT_428.jpg\",\"width\":258,\"height\":258},{\"@type\":\"BreadcrumbList\",\"@id\":\"https:\/\/d-identify.be\/fr\/produit\/pene-de-blocage-isolant-en-nylon-25mm-x-64mm-de-degagement\/#breadcrumb\",\"itemListElement\":[{\"@type\":\"ListItem\",\"position\":1,\"name\":\"Home\",\"item\":\"https:\/\/d-identify.be\/fr\/home-2\/\"},{\"@type\":\"ListItem\",\"position\":2,\"name\":\"Boutique\",\"item\":\"https:\/\/d-identify.be\/fr\/boutique\/\"},{\"@type\":\"ListItem\",\"position\":3,\"name\":\"P\u00eane de blocage isolant en nylon, 25mm x 64mm de d\u00e9gagement\"}]},{\"@type\":\"WebSite\",\"@id\":\"https:\/\/d-identify.be\/fr\/#website\",\"url\":\"https:\/\/d-identify.be\/fr\/\",\"name\":\"d-identify\",\"description\":\"Industrial identification - Lockout - Tagout - Floor marking\",\"potentialAction\":[{\"@type\":\"SearchAction\",\"target\":{\"@type\":\"EntryPoint\",\"urlTemplate\":\"https:\/\/d-identify.be\/fr\/?s={search_term_string}\"},\"query-input\":{\"@type\":\"PropertyValueSpecification\",\"valueRequired\":true,\"valueName\":\"search_term_string\"}}],\"inLanguage\":\"fr-FR\"}]}<\/script>\n<!-- \/ Yoast SEO Premium plugin. -->","yoast_head_json":{"title":"Dispositif de verrouillage non conducteur en nylon, d\u00e9gagement de la m\u00e2choire de 25x64 mm.","description":"La ferrure de s\u00e9curit\u00e9 D-41L en plastique dispose d'un mat\u00e9riau en nylon antistatique avec un diam\u00e8tre interne de m\u00e2choire de 2-1\/2 pouces (64 mm) et...","robots":{"index":"index","follow":"follow","max-snippet":"max-snippet:-1","max-image-preview":"max-image-preview:large","max-video-preview":"max-video-preview:-1"},"canonical":"https:\/\/d-identify.be\/fr\/produit\/pene-de-blocage-isolant-en-nylon-25mm-x-64mm-de-degagement\/","og_locale":"fr_FR","og_type":"article","og_title":"P\u00eane de blocage isolant en nylon, 25mm x 64mm de d\u00e9gagement","og_description":"La ferrure de s\u00e9curit\u00e9 D-41L en plastique dispose d'un mat\u00e9riau en nylon antistatique avec un diam\u00e8tre interne de m\u00e2choire de 2-1\/2 pouces (64 mm) et...","og_url":"https:\/\/d-identify.be\/fr\/produit\/pene-de-blocage-isolant-en-nylon-25mm-x-64mm-de-degagement\/","og_site_name":"d-identify","og_image":[{"width":258,"height":258,"url":"https:\/\/d-identify.be\/wp-content\/uploads\/2021\/07\/MLCOM_PRODUCT_428.jpg","type":"image\/jpeg"}],"twitter_card":"summary_large_image","schema":{"@context":"https:\/\/schema.org","@graph":[{"@type":"WebPage","@id":"https:\/\/d-identify.be\/fr\/produit\/pene-de-blocage-isolant-en-nylon-25mm-x-64mm-de-degagement\/","url":"https:\/\/d-identify.be\/fr\/produit\/pene-de-blocage-isolant-en-nylon-25mm-x-64mm-de-degagement\/","name":"Dispositif de verrouillage non conducteur en nylon, d\u00e9gagement de la m\u00e2choire de 25x64 mm.","isPartOf":{"@id":"https:\/\/d-identify.be\/fr\/#website"},"primaryImageOfPage":{"@id":"https:\/\/d-identify.be\/fr\/produit\/pene-de-blocage-isolant-en-nylon-25mm-x-64mm-de-degagement\/#primaryimage"},"image":{"@id":"https:\/\/d-identify.be\/fr\/produit\/pene-de-blocage-isolant-en-nylon-25mm-x-64mm-de-degagement\/#primaryimage"},"thumbnailUrl":"https:\/\/d-identify.be\/wp-content\/uploads\/2021\/07\/MLCOM_PRODUCT_428.jpg","datePublished":"2021-07-26T10:40:51+00:00","description":"La ferrure de s\u00e9curit\u00e9 D-41L en plastique dispose d'un mat\u00e9riau en nylon antistatique avec un diam\u00e8tre interne de m\u00e2choire de 2-1\/2 pouces (64 mm) et...","breadcrumb":{"@id":"https:\/\/d-identify.be\/fr\/produit\/pene-de-blocage-isolant-en-nylon-25mm-x-64mm-de-degagement\/#breadcrumb"},"inLanguage":"fr-FR","potentialAction":[{"@type":"ReadAction","target":["https:\/\/d-identify.be\/fr\/produit\/pene-de-blocage-isolant-en-nylon-25mm-x-64mm-de-degagement\/"]}]},{"@type":"ImageObject","inLanguage":"fr-FR","@id":"https:\/\/d-identify.be\/fr\/produit\/pene-de-blocage-isolant-en-nylon-25mm-x-64mm-de-degagement\/#primaryimage","url":"https:\/\/d-identify.be\/wp-content\/uploads\/2021\/07\/MLCOM_PRODUCT_428.jpg","contentUrl":"https:\/\/d-identify.be\/wp-content\/uploads\/2021\/07\/MLCOM_PRODUCT_428.jpg","width":258,"height":258},{"@type":"BreadcrumbList","@id":"https:\/\/d-identify.be\/fr\/produit\/pene-de-blocage-isolant-en-nylon-25mm-x-64mm-de-degagement\/#breadcrumb","itemListElement":[{"@type":"ListItem","position":1,"name":"Home","item":"https:\/\/d-identify.be\/fr\/home-2\/"},{"@type":"ListItem","position":2,"name":"Boutique","item":"https:\/\/d-identify.be\/fr\/boutique\/"},{"@type":"ListItem","position":3,"name":"P\u00eane de blocage isolant en nylon, 25mm x 64mm de d\u00e9gagement"}]},{"@type":"WebSite","@id":"https:\/\/d-identify.be\/fr\/#website","url":"https:\/\/d-identify.be\/fr\/","name":"d-identify","description":"Industrial identification - Lockout - Tagout - Floor marking","potentialAction":[{"@type":"SearchAction","target":{"@type":"EntryPoint","urlTemplate":"https:\/\/d-identify.be\/fr\/?s={search_term_string}"},"query-input":{"@type":"PropertyValueSpecification","valueRequired":true,"valueName":"search_term_string"}}],"inLanguage":"fr-FR"}]}},"_links":{"self":[{"href":"https:\/\/d-identify.be\/fr\/wp-json\/wp\/v2\/product\/17991","targetHints":{"allow":["GET"]}}],"collection":[{"href":"https:\/\/d-identify.be\/fr\/wp-json\/wp\/v2\/product"}],"about":[{"href":"https:\/\/d-identify.be\/fr\/wp-json\/wp\/v2\/types\/product"}],"replies":[{"embeddable":true,"href":"https:\/\/d-identify.be\/fr\/wp-json\/wp\/v2\/comments?post=17991"}],"wp:featuredmedia":[{"embeddable":true,"href":"https:\/\/d-identify.be\/fr\/wp-json\/wp\/v2\/media\/17993"}],"wp:attachment":[{"href":"https:\/\/d-identify.be\/fr\/wp-json\/wp\/v2\/media?parent=17991"}],"wp:term":[{"taxonomy":"product_brand","embeddable":true,"href":"https:\/\/d-identify.be\/fr\/wp-json\/wp\/v2\/product_brand?post=17991"},{"taxonomy":"product_cat","embeddable":true,"href":"https:\/\/d-identify.be\/fr\/wp-json\/wp\/v2\/product_cat?post=17991"},{"taxonomy":"product_tag","embeddable":true,"href":"https:\/\/d-identify.be\/fr\/wp-json\/wp\/v2\/product_tag?post=17991"},{"taxonomy":"pa_connextion-shapes","embeddable":true,"href":"https:\/\/d-identify.be\/fr\/wp-json\/wp\/v2\/pa_connextion-shapes?post=17991"}],"curies":[{"name":"wp","href":"https:\/\/api.w.org\/{rel}","templated":true}]}}