{"id":17984,"date":"2021-07-26T12:40:54","date_gmt":"2021-07-26T10:40:54","guid":{"rendered":"https:\/\/d-identify.be\/product\/station-daffichage-des-permis\/"},"modified":"2025-12-20T11:26:50","modified_gmt":"2025-12-20T09:26:50","slug":"boitier-dexposition-des-permis-master-lock-s3501","status":"publish","type":"product","link":"https:\/\/d-identify.be\/fr\/produit\/boitier-dexposition-des-permis-master-lock-s3501\/","title":{"rendered":"Bo\u00eetier d\u2019exposition des permis Master Lock S3501"},"content":{"rendered":"<p>Bo\u00eetier d\u2019exposition des permis Master Lock S3501 peut contenir des documents jusqu&rsquo;au format A3 (297 x 420 mm). Une fen\u00eatre transparente et r\u00e9sistante aux chocs permet aux utilisateurs de visualiser et de prot\u00e9ger les documents de permis. Le bo\u00eetier est scell\u00e9 pour \u00e9viter les dommages caus\u00e9s par l&rsquo;eau lors d&rsquo;applications ext\u00e9rieures ou lors du nettoyage. Comprend une poign\u00e9e de transport.<\/p>\n","protected":false},"excerpt":{"rendered":"<p>La mallette d&rsquo;affichage d&rsquo;autorisation Master Lock S3501 peut contenir des documents de format lettre et d&rsquo;autres documents jusqu&rsquo;\u00e0 11-3\/4 pouces x 16-1\/2 pouces (297 x 420 mm). Une fen\u00eatre transparente et r\u00e9sistante aux chocs permet aux utilisateurs de visualiser et de prot\u00e9ger les documents de permis.<\/p>\n","protected":false},"featured_media":17985,"comment_status":"open","ping_status":"closed","template":"","meta":{"_acf_changed":false,"_et_pb_use_builder":"","_et_pb_old_content":"","_et_gb_content_width":""},"product_brand":[],"product_cat":[466,471],"product_tag":[934],"pa_connextion-shapes":[],"class_list":{"0":"post-17984","1":"product","2":"type-product","3":"status-publish","4":"has-post-thumbnail","6":"product_cat-lockout-tagout","7":"product_cat-empty-lockout-stations","8":"product_tag-master-lock-fr","10":"first","11":"instock","12":"taxable","13":"shipping-taxable","14":"purchasable","15":"product-type-simple"},"exclude_global_add_ons":[],"addons":[],"acf":[],"yoast_head":"<!-- This site is optimized with the Yoast SEO Premium plugin v27.0 (Yoast SEO v27.1) - https:\/\/yoast.com\/product\/yoast-seo-premium-wordpress\/ -->\n<title>Bo\u00eetier d\u2019exposition des permis Master Lock S3501 - Lockout<\/title>\n<meta name=\"description\" content=\"Le bo\u00eetier d&#039;affichage des permis Master Lock S3501 peut contenir des documents jusqu&#039;au format A3 (297 x 420 mm)\" \/>\n<meta name=\"robots\" content=\"index, follow, max-snippet:-1, max-image-preview:large, max-video-preview:-1\" \/>\n<link rel=\"canonical\" href=\"https:\/\/d-identify.be\/fr\/produit\/boitier-dexposition-des-permis-master-lock-s3501\/\" \/>\n<meta property=\"og:locale\" content=\"fr_FR\" \/>\n<meta property=\"og:type\" content=\"article\" \/>\n<meta property=\"og:title\" content=\"Bo\u00eetier d\u2019exposition des permis Master Lock S3501\" \/>\n<meta property=\"og:description\" content=\"Le bo\u00eetier d&#039;affichage des permis Master Lock S3501 peut contenir des documents jusqu&#039;au format A3 (297 x 420 mm)\" \/>\n<meta property=\"og:url\" content=\"https:\/\/d-identify.be\/fr\/produit\/boitier-dexposition-des-permis-master-lock-s3501\/\" \/>\n<meta property=\"og:site_name\" content=\"d-identify\" \/>\n<meta property=\"article:modified_time\" content=\"2025-12-20T09:26:50+00:00\" \/>\n<meta property=\"og:image\" content=\"https:\/\/d-identify.be\/wp-content\/uploads\/2021\/07\/MLCOM_PRODUCT_S3501.jpg\" \/>\n\t<meta property=\"og:image:width\" content=\"285\" \/>\n\t<meta property=\"og:image:height\" content=\"285\" \/>\n\t<meta property=\"og:image:type\" content=\"image\/jpeg\" \/>\n<meta name=\"twitter:card\" content=\"summary_large_image\" \/>\n<script type=\"application\/ld+json\" class=\"yoast-schema-graph\">{\"@context\":\"https:\/\/schema.org\",\"@graph\":[{\"@type\":\"WebPage\",\"@id\":\"https:\/\/d-identify.be\/fr\/produit\/boitier-dexposition-des-permis-master-lock-s3501\/\",\"url\":\"https:\/\/d-identify.be\/fr\/produit\/boitier-dexposition-des-permis-master-lock-s3501\/\",\"name\":\"Bo\u00eetier d\u2019exposition des permis Master Lock S3501 - Lockout\",\"isPartOf\":{\"@id\":\"https:\/\/d-identify.be\/fr\/#website\"},\"primaryImageOfPage\":{\"@id\":\"https:\/\/d-identify.be\/fr\/produit\/boitier-dexposition-des-permis-master-lock-s3501\/#primaryimage\"},\"image\":{\"@id\":\"https:\/\/d-identify.be\/fr\/produit\/boitier-dexposition-des-permis-master-lock-s3501\/#primaryimage\"},\"thumbnailUrl\":\"https:\/\/d-identify.be\/wp-content\/uploads\/2021\/07\/MLCOM_PRODUCT_S3501.jpg\",\"datePublished\":\"2021-07-26T10:40:54+00:00\",\"dateModified\":\"2025-12-20T09:26:50+00:00\",\"description\":\"Le bo\u00eetier d'affichage des permis Master Lock S3501 peut contenir des documents jusqu'au format A3 (297 x 420 mm)\",\"breadcrumb\":{\"@id\":\"https:\/\/d-identify.be\/fr\/produit\/boitier-dexposition-des-permis-master-lock-s3501\/#breadcrumb\"},\"inLanguage\":\"fr-FR\",\"potentialAction\":[{\"@type\":\"ReadAction\",\"target\":[\"https:\/\/d-identify.be\/fr\/produit\/boitier-dexposition-des-permis-master-lock-s3501\/\"]}]},{\"@type\":\"ImageObject\",\"inLanguage\":\"fr-FR\",\"@id\":\"https:\/\/d-identify.be\/fr\/produit\/boitier-dexposition-des-permis-master-lock-s3501\/#primaryimage\",\"url\":\"https:\/\/d-identify.be\/wp-content\/uploads\/2021\/07\/MLCOM_PRODUCT_S3501.jpg\",\"contentUrl\":\"https:\/\/d-identify.be\/wp-content\/uploads\/2021\/07\/MLCOM_PRODUCT_S3501.jpg\",\"width\":285,\"height\":285,\"caption\":\"Bo\u00eetier d\u2019exposition des permis Master Lock S3501\"},{\"@type\":\"BreadcrumbList\",\"@id\":\"https:\/\/d-identify.be\/fr\/produit\/boitier-dexposition-des-permis-master-lock-s3501\/#breadcrumb\",\"itemListElement\":[{\"@type\":\"ListItem\",\"position\":1,\"name\":\"Home\",\"item\":\"https:\/\/d-identify.be\/fr\/home-2\/\"},{\"@type\":\"ListItem\",\"position\":2,\"name\":\"Boutique\",\"item\":\"https:\/\/d-identify.be\/fr\/boutique\/\"},{\"@type\":\"ListItem\",\"position\":3,\"name\":\"Bo\u00eetier d\u2019exposition des permis Master Lock S3501\"}]},{\"@type\":\"WebSite\",\"@id\":\"https:\/\/d-identify.be\/fr\/#website\",\"url\":\"https:\/\/d-identify.be\/fr\/\",\"name\":\"d-identify\",\"description\":\"Industrial identification - Lockout - Tagout - Floor marking\",\"potentialAction\":[{\"@type\":\"SearchAction\",\"target\":{\"@type\":\"EntryPoint\",\"urlTemplate\":\"https:\/\/d-identify.be\/fr\/?s={search_term_string}\"},\"query-input\":{\"@type\":\"PropertyValueSpecification\",\"valueRequired\":true,\"valueName\":\"search_term_string\"}}],\"inLanguage\":\"fr-FR\"}]}<\/script>\n<!-- \/ Yoast SEO Premium plugin. -->","yoast_head_json":{"title":"Bo\u00eetier d\u2019exposition des permis Master Lock S3501 - Lockout","description":"Le bo\u00eetier d'affichage des permis Master Lock S3501 peut contenir des documents jusqu'au format A3 (297 x 420 mm)","robots":{"index":"index","follow":"follow","max-snippet":"max-snippet:-1","max-image-preview":"max-image-preview:large","max-video-preview":"max-video-preview:-1"},"canonical":"https:\/\/d-identify.be\/fr\/produit\/boitier-dexposition-des-permis-master-lock-s3501\/","og_locale":"fr_FR","og_type":"article","og_title":"Bo\u00eetier d\u2019exposition des permis Master Lock S3501","og_description":"Le bo\u00eetier d'affichage des permis Master Lock S3501 peut contenir des documents jusqu'au format A3 (297 x 420 mm)","og_url":"https:\/\/d-identify.be\/fr\/produit\/boitier-dexposition-des-permis-master-lock-s3501\/","og_site_name":"d-identify","article_modified_time":"2025-12-20T09:26:50+00:00","og_image":[{"width":285,"height":285,"url":"https:\/\/d-identify.be\/wp-content\/uploads\/2021\/07\/MLCOM_PRODUCT_S3501.jpg","type":"image\/jpeg"}],"twitter_card":"summary_large_image","schema":{"@context":"https:\/\/schema.org","@graph":[{"@type":"WebPage","@id":"https:\/\/d-identify.be\/fr\/produit\/boitier-dexposition-des-permis-master-lock-s3501\/","url":"https:\/\/d-identify.be\/fr\/produit\/boitier-dexposition-des-permis-master-lock-s3501\/","name":"Bo\u00eetier d\u2019exposition des permis Master Lock S3501 - Lockout","isPartOf":{"@id":"https:\/\/d-identify.be\/fr\/#website"},"primaryImageOfPage":{"@id":"https:\/\/d-identify.be\/fr\/produit\/boitier-dexposition-des-permis-master-lock-s3501\/#primaryimage"},"image":{"@id":"https:\/\/d-identify.be\/fr\/produit\/boitier-dexposition-des-permis-master-lock-s3501\/#primaryimage"},"thumbnailUrl":"https:\/\/d-identify.be\/wp-content\/uploads\/2021\/07\/MLCOM_PRODUCT_S3501.jpg","datePublished":"2021-07-26T10:40:54+00:00","dateModified":"2025-12-20T09:26:50+00:00","description":"Le bo\u00eetier d'affichage des permis Master Lock S3501 peut contenir des documents jusqu'au format A3 (297 x 420 mm)","breadcrumb":{"@id":"https:\/\/d-identify.be\/fr\/produit\/boitier-dexposition-des-permis-master-lock-s3501\/#breadcrumb"},"inLanguage":"fr-FR","potentialAction":[{"@type":"ReadAction","target":["https:\/\/d-identify.be\/fr\/produit\/boitier-dexposition-des-permis-master-lock-s3501\/"]}]},{"@type":"ImageObject","inLanguage":"fr-FR","@id":"https:\/\/d-identify.be\/fr\/produit\/boitier-dexposition-des-permis-master-lock-s3501\/#primaryimage","url":"https:\/\/d-identify.be\/wp-content\/uploads\/2021\/07\/MLCOM_PRODUCT_S3501.jpg","contentUrl":"https:\/\/d-identify.be\/wp-content\/uploads\/2021\/07\/MLCOM_PRODUCT_S3501.jpg","width":285,"height":285,"caption":"Bo\u00eetier d\u2019exposition des permis Master Lock S3501"},{"@type":"BreadcrumbList","@id":"https:\/\/d-identify.be\/fr\/produit\/boitier-dexposition-des-permis-master-lock-s3501\/#breadcrumb","itemListElement":[{"@type":"ListItem","position":1,"name":"Home","item":"https:\/\/d-identify.be\/fr\/home-2\/"},{"@type":"ListItem","position":2,"name":"Boutique","item":"https:\/\/d-identify.be\/fr\/boutique\/"},{"@type":"ListItem","position":3,"name":"Bo\u00eetier d\u2019exposition des permis Master Lock S3501"}]},{"@type":"WebSite","@id":"https:\/\/d-identify.be\/fr\/#website","url":"https:\/\/d-identify.be\/fr\/","name":"d-identify","description":"Industrial identification - Lockout - Tagout - Floor marking","potentialAction":[{"@type":"SearchAction","target":{"@type":"EntryPoint","urlTemplate":"https:\/\/d-identify.be\/fr\/?s={search_term_string}"},"query-input":{"@type":"PropertyValueSpecification","valueRequired":true,"valueName":"search_term_string"}}],"inLanguage":"fr-FR"}]}},"_links":{"self":[{"href":"https:\/\/d-identify.be\/fr\/wp-json\/wp\/v2\/product\/17984","targetHints":{"allow":["GET"]}}],"collection":[{"href":"https:\/\/d-identify.be\/fr\/wp-json\/wp\/v2\/product"}],"about":[{"href":"https:\/\/d-identify.be\/fr\/wp-json\/wp\/v2\/types\/product"}],"replies":[{"embeddable":true,"href":"https:\/\/d-identify.be\/fr\/wp-json\/wp\/v2\/comments?post=17984"}],"wp:featuredmedia":[{"embeddable":true,"href":"https:\/\/d-identify.be\/fr\/wp-json\/wp\/v2\/media\/17985"}],"wp:attachment":[{"href":"https:\/\/d-identify.be\/fr\/wp-json\/wp\/v2\/media?parent=17984"}],"wp:term":[{"taxonomy":"product_brand","embeddable":true,"href":"https:\/\/d-identify.be\/fr\/wp-json\/wp\/v2\/product_brand?post=17984"},{"taxonomy":"product_cat","embeddable":true,"href":"https:\/\/d-identify.be\/fr\/wp-json\/wp\/v2\/product_cat?post=17984"},{"taxonomy":"product_tag","embeddable":true,"href":"https:\/\/d-identify.be\/fr\/wp-json\/wp\/v2\/product_tag?post=17984"},{"taxonomy":"pa_connextion-shapes","embeddable":true,"href":"https:\/\/d-identify.be\/fr\/wp-json\/wp\/v2\/pa_connextion-shapes?post=17984"}],"curies":[{"name":"wp","href":"https:\/\/api.w.org\/{rel}","templated":true}]}}