{"id":17973,"date":"2021-07-26T12:40:54","date_gmt":"2021-07-26T10:40:54","guid":{"rendered":"https:\/\/d-identify.be\/product\/station-de-controle-des-permis\/"},"modified":"2025-12-19T17:57:46","modified_gmt":"2025-12-19T15:57:46","slug":"station-de-controle-des-permis","status":"publish","type":"product","link":"https:\/\/d-identify.be\/fr\/produit\/station-de-controle-des-permis\/","title":{"rendered":"Station de contr\u00f4le de permis Master Lock S3500"},"content":{"rendered":"<p>La station de contr\u00f4le des permis Master Lock S3500 comprend le bo\u00eetier d&rsquo;affichage des permis S3501 et la bo\u00eete de verrouillage de groupe \u00e0 montage mural S3502. Un bo\u00eetier d&rsquo;affichage des permis peut contenir des documents au format lettre et d&rsquo;autres documents jusqu&rsquo;\u00e0 297 x 420 mm. Une fen\u00eatre transparente et r\u00e9sistante aux chocs permet aux utilisateurs de visualiser et de prot\u00e9ger les documents de permis. Le bo\u00eetier est scell\u00e9 pour aider \u00e0 pr\u00e9venir les dommages caus\u00e9s par l&rsquo;eau dans les applications ext\u00e9rieures ou lors du nettoyage et comprend une poign\u00e9e de transport. La bo\u00eete de verrouillage de groupe contient un chariot \u00e0 main de 12 serrures et un gobelet \u00e0 cl\u00e9s amovible. Elle comprend 12 trous de verrouillage ext\u00e9rieurs pour les serrures de s\u00e9curit\u00e9 personnelles, plus un trou dans le loquet pour le verrou de contr\u00f4le. Une fen\u00eatre transparente et r\u00e9sistante aux chocs permet aux utilisateurs de voir les serrures et les cl\u00e9s s\u00e9curis\u00e9es \u00e0 l&rsquo;int\u00e9rieur de la bo\u00eete.      <\/p>\n","protected":false},"excerpt":{"rendered":"<p>La station de contr\u00f4le des permis Master Lock S3500 comprend le bo\u00eetier d&rsquo;affichage des permis S3501 et la bo\u00eete de verrouillage de groupe \u00e0 montage mural S3502. Un bo\u00eetier d&rsquo;affichage des permis peut contenir des documents au format lettre et d&rsquo;autres documents jusqu&rsquo;\u00e0 11-3\/4 pouces x 16-1\/2 pouces (297 x 420 mm). Une fen\u00eatre transparente et r\u00e9sistante aux chocs permet aux utilisateurs de visualiser et de prot\u00e9ger les documents de permis.<\/p>\n","protected":false},"featured_media":17974,"comment_status":"open","ping_status":"closed","template":"","meta":{"_acf_changed":false,"_et_pb_use_builder":"","_et_pb_old_content":"","_et_gb_content_width":""},"product_brand":[],"product_cat":[466,471],"product_tag":[934],"pa_connextion-shapes":[],"class_list":{"0":"post-17973","1":"product","2":"type-product","3":"status-publish","4":"has-post-thumbnail","6":"product_cat-lockout-tagout","7":"product_cat-empty-lockout-stations","8":"product_tag-master-lock-fr","10":"first","11":"instock","12":"taxable","13":"shipping-taxable","14":"purchasable","15":"product-type-simple"},"exclude_global_add_ons":[],"addons":[],"acf":[],"yoast_head":"<!-- This site is optimized with the Yoast SEO Premium plugin v27.0 (Yoast SEO v27.1) - https:\/\/yoast.com\/product\/yoast-seo-premium-wordpress\/ -->\n<title>Station de contr\u00f4le des permis<\/title>\n<meta name=\"description\" content=\"La station de contr\u00f4le des permis Master Lock S3500 comprend le bo\u00eetier d&#039;affichage des permis S3501 et la bo\u00eete de verrouillage de groupe \u00e0 montage mural S3502.\" \/>\n<meta name=\"robots\" content=\"index, follow, max-snippet:-1, max-image-preview:large, max-video-preview:-1\" \/>\n<link rel=\"canonical\" href=\"https:\/\/d-identify.be\/fr\/produit\/station-de-controle-des-permis\/\" \/>\n<meta property=\"og:locale\" content=\"fr_FR\" \/>\n<meta property=\"og:type\" content=\"article\" \/>\n<meta property=\"og:title\" content=\"Station de contr\u00f4le de permis Master Lock S3500\" \/>\n<meta property=\"og:description\" content=\"La station de contr\u00f4le des permis Master Lock S3500 comprend le bo\u00eetier d&#039;affichage des permis S3501 et la bo\u00eete de verrouillage de groupe \u00e0 montage mural S3502.\" \/>\n<meta property=\"og:url\" content=\"https:\/\/d-identify.be\/fr\/produit\/station-de-controle-des-permis\/\" \/>\n<meta property=\"og:site_name\" content=\"d-identify\" \/>\n<meta property=\"article:modified_time\" content=\"2025-12-19T15:57:46+00:00\" \/>\n<meta property=\"og:image\" content=\"https:\/\/d-identify.be\/wp-content\/uploads\/2021\/07\/MLCOM_PRODUCT_S3500_w-6835_app_c8210a3f-76ae-43c5-8623-e68ed21624fd.jpg\" \/>\n\t<meta property=\"og:image:width\" content=\"285\" \/>\n\t<meta property=\"og:image:height\" content=\"285\" \/>\n\t<meta property=\"og:image:type\" content=\"image\/jpeg\" \/>\n<meta name=\"twitter:card\" content=\"summary_large_image\" \/>\n<meta name=\"twitter:label1\" content=\"Dur\u00e9e de lecture estim\u00e9e\" \/>\n\t<meta name=\"twitter:data1\" content=\"1 minute\" \/>\n<script type=\"application\/ld+json\" class=\"yoast-schema-graph\">{\"@context\":\"https:\/\/schema.org\",\"@graph\":[{\"@type\":\"WebPage\",\"@id\":\"https:\/\/d-identify.be\/fr\/produit\/station-de-controle-des-permis\/\",\"url\":\"https:\/\/d-identify.be\/fr\/produit\/station-de-controle-des-permis\/\",\"name\":\"Station de contr\u00f4le des permis\",\"isPartOf\":{\"@id\":\"https:\/\/d-identify.be\/fr\/#website\"},\"primaryImageOfPage\":{\"@id\":\"https:\/\/d-identify.be\/fr\/produit\/station-de-controle-des-permis\/#primaryimage\"},\"image\":{\"@id\":\"https:\/\/d-identify.be\/fr\/produit\/station-de-controle-des-permis\/#primaryimage\"},\"thumbnailUrl\":\"https:\/\/d-identify.be\/wp-content\/uploads\/2021\/07\/MLCOM_PRODUCT_S3500_w-6835_app_c8210a3f-76ae-43c5-8623-e68ed21624fd.jpg\",\"datePublished\":\"2021-07-26T10:40:54+00:00\",\"dateModified\":\"2025-12-19T15:57:46+00:00\",\"description\":\"La station de contr\u00f4le des permis Master Lock S3500 comprend le bo\u00eetier d'affichage des permis S3501 et la bo\u00eete de verrouillage de groupe \u00e0 montage mural S3502.\",\"breadcrumb\":{\"@id\":\"https:\/\/d-identify.be\/fr\/produit\/station-de-controle-des-permis\/#breadcrumb\"},\"inLanguage\":\"fr-FR\",\"potentialAction\":[{\"@type\":\"ReadAction\",\"target\":[\"https:\/\/d-identify.be\/fr\/produit\/station-de-controle-des-permis\/\"]}]},{\"@type\":\"ImageObject\",\"inLanguage\":\"fr-FR\",\"@id\":\"https:\/\/d-identify.be\/fr\/produit\/station-de-controle-des-permis\/#primaryimage\",\"url\":\"https:\/\/d-identify.be\/wp-content\/uploads\/2021\/07\/MLCOM_PRODUCT_S3500_w-6835_app_c8210a3f-76ae-43c5-8623-e68ed21624fd.jpg\",\"contentUrl\":\"https:\/\/d-identify.be\/wp-content\/uploads\/2021\/07\/MLCOM_PRODUCT_S3500_w-6835_app_c8210a3f-76ae-43c5-8623-e68ed21624fd.jpg\",\"width\":285,\"height\":285,\"caption\":\"Permit Control Station\"},{\"@type\":\"BreadcrumbList\",\"@id\":\"https:\/\/d-identify.be\/fr\/produit\/station-de-controle-des-permis\/#breadcrumb\",\"itemListElement\":[{\"@type\":\"ListItem\",\"position\":1,\"name\":\"Home\",\"item\":\"https:\/\/d-identify.be\/fr\/home-2\/\"},{\"@type\":\"ListItem\",\"position\":2,\"name\":\"Boutique\",\"item\":\"https:\/\/d-identify.be\/fr\/boutique\/\"},{\"@type\":\"ListItem\",\"position\":3,\"name\":\"Station de contr\u00f4le de permis Master Lock S3500\"}]},{\"@type\":\"WebSite\",\"@id\":\"https:\/\/d-identify.be\/fr\/#website\",\"url\":\"https:\/\/d-identify.be\/fr\/\",\"name\":\"d-identify\",\"description\":\"Industrial identification - Lockout - Tagout - Floor marking\",\"potentialAction\":[{\"@type\":\"SearchAction\",\"target\":{\"@type\":\"EntryPoint\",\"urlTemplate\":\"https:\/\/d-identify.be\/fr\/?s={search_term_string}\"},\"query-input\":{\"@type\":\"PropertyValueSpecification\",\"valueRequired\":true,\"valueName\":\"search_term_string\"}}],\"inLanguage\":\"fr-FR\"}]}<\/script>\n<!-- \/ Yoast SEO Premium plugin. -->","yoast_head_json":{"title":"Station de contr\u00f4le des permis","description":"La station de contr\u00f4le des permis Master Lock S3500 comprend le bo\u00eetier d'affichage des permis S3501 et la bo\u00eete de verrouillage de groupe \u00e0 montage mural S3502.","robots":{"index":"index","follow":"follow","max-snippet":"max-snippet:-1","max-image-preview":"max-image-preview:large","max-video-preview":"max-video-preview:-1"},"canonical":"https:\/\/d-identify.be\/fr\/produit\/station-de-controle-des-permis\/","og_locale":"fr_FR","og_type":"article","og_title":"Station de contr\u00f4le de permis Master Lock S3500","og_description":"La station de contr\u00f4le des permis Master Lock S3500 comprend le bo\u00eetier d'affichage des permis S3501 et la bo\u00eete de verrouillage de groupe \u00e0 montage mural S3502.","og_url":"https:\/\/d-identify.be\/fr\/produit\/station-de-controle-des-permis\/","og_site_name":"d-identify","article_modified_time":"2025-12-19T15:57:46+00:00","og_image":[{"width":285,"height":285,"url":"https:\/\/d-identify.be\/wp-content\/uploads\/2021\/07\/MLCOM_PRODUCT_S3500_w-6835_app_c8210a3f-76ae-43c5-8623-e68ed21624fd.jpg","type":"image\/jpeg"}],"twitter_card":"summary_large_image","twitter_misc":{"Dur\u00e9e de lecture estim\u00e9e":"1 minute"},"schema":{"@context":"https:\/\/schema.org","@graph":[{"@type":"WebPage","@id":"https:\/\/d-identify.be\/fr\/produit\/station-de-controle-des-permis\/","url":"https:\/\/d-identify.be\/fr\/produit\/station-de-controle-des-permis\/","name":"Station de contr\u00f4le des permis","isPartOf":{"@id":"https:\/\/d-identify.be\/fr\/#website"},"primaryImageOfPage":{"@id":"https:\/\/d-identify.be\/fr\/produit\/station-de-controle-des-permis\/#primaryimage"},"image":{"@id":"https:\/\/d-identify.be\/fr\/produit\/station-de-controle-des-permis\/#primaryimage"},"thumbnailUrl":"https:\/\/d-identify.be\/wp-content\/uploads\/2021\/07\/MLCOM_PRODUCT_S3500_w-6835_app_c8210a3f-76ae-43c5-8623-e68ed21624fd.jpg","datePublished":"2021-07-26T10:40:54+00:00","dateModified":"2025-12-19T15:57:46+00:00","description":"La station de contr\u00f4le des permis Master Lock S3500 comprend le bo\u00eetier d'affichage des permis S3501 et la bo\u00eete de verrouillage de groupe \u00e0 montage mural S3502.","breadcrumb":{"@id":"https:\/\/d-identify.be\/fr\/produit\/station-de-controle-des-permis\/#breadcrumb"},"inLanguage":"fr-FR","potentialAction":[{"@type":"ReadAction","target":["https:\/\/d-identify.be\/fr\/produit\/station-de-controle-des-permis\/"]}]},{"@type":"ImageObject","inLanguage":"fr-FR","@id":"https:\/\/d-identify.be\/fr\/produit\/station-de-controle-des-permis\/#primaryimage","url":"https:\/\/d-identify.be\/wp-content\/uploads\/2021\/07\/MLCOM_PRODUCT_S3500_w-6835_app_c8210a3f-76ae-43c5-8623-e68ed21624fd.jpg","contentUrl":"https:\/\/d-identify.be\/wp-content\/uploads\/2021\/07\/MLCOM_PRODUCT_S3500_w-6835_app_c8210a3f-76ae-43c5-8623-e68ed21624fd.jpg","width":285,"height":285,"caption":"Permit Control Station"},{"@type":"BreadcrumbList","@id":"https:\/\/d-identify.be\/fr\/produit\/station-de-controle-des-permis\/#breadcrumb","itemListElement":[{"@type":"ListItem","position":1,"name":"Home","item":"https:\/\/d-identify.be\/fr\/home-2\/"},{"@type":"ListItem","position":2,"name":"Boutique","item":"https:\/\/d-identify.be\/fr\/boutique\/"},{"@type":"ListItem","position":3,"name":"Station de contr\u00f4le de permis Master Lock S3500"}]},{"@type":"WebSite","@id":"https:\/\/d-identify.be\/fr\/#website","url":"https:\/\/d-identify.be\/fr\/","name":"d-identify","description":"Industrial identification - Lockout - Tagout - Floor marking","potentialAction":[{"@type":"SearchAction","target":{"@type":"EntryPoint","urlTemplate":"https:\/\/d-identify.be\/fr\/?s={search_term_string}"},"query-input":{"@type":"PropertyValueSpecification","valueRequired":true,"valueName":"search_term_string"}}],"inLanguage":"fr-FR"}]}},"_links":{"self":[{"href":"https:\/\/d-identify.be\/fr\/wp-json\/wp\/v2\/product\/17973","targetHints":{"allow":["GET"]}}],"collection":[{"href":"https:\/\/d-identify.be\/fr\/wp-json\/wp\/v2\/product"}],"about":[{"href":"https:\/\/d-identify.be\/fr\/wp-json\/wp\/v2\/types\/product"}],"replies":[{"embeddable":true,"href":"https:\/\/d-identify.be\/fr\/wp-json\/wp\/v2\/comments?post=17973"}],"wp:featuredmedia":[{"embeddable":true,"href":"https:\/\/d-identify.be\/fr\/wp-json\/wp\/v2\/media\/17974"}],"wp:attachment":[{"href":"https:\/\/d-identify.be\/fr\/wp-json\/wp\/v2\/media?parent=17973"}],"wp:term":[{"taxonomy":"product_brand","embeddable":true,"href":"https:\/\/d-identify.be\/fr\/wp-json\/wp\/v2\/product_brand?post=17973"},{"taxonomy":"product_cat","embeddable":true,"href":"https:\/\/d-identify.be\/fr\/wp-json\/wp\/v2\/product_cat?post=17973"},{"taxonomy":"product_tag","embeddable":true,"href":"https:\/\/d-identify.be\/fr\/wp-json\/wp\/v2\/product_tag?post=17973"},{"taxonomy":"pa_connextion-shapes","embeddable":true,"href":"https:\/\/d-identify.be\/fr\/wp-json\/wp\/v2\/pa_connextion-shapes?post=17973"}],"curies":[{"name":"wp","href":"https:\/\/api.w.org\/{rel}","templated":true}]}}