{"id":17969,"date":"2021-07-26T12:40:56","date_gmt":"2021-07-26T11:40:56","guid":{"rendered":"https:\/\/d-identify.be\/product\/boite-a-outils-de-verrouillage-de-securite-personnel-axe-de-soupape-et-focus-electrique-avec-cadenas-thermoplastiques-zenex-s1117ves31ka\/"},"modified":"2026-01-14T19:30:41","modified_gmt":"2026-01-14T17:30:41","slug":"master-lock-s1117es31ka-kit-consignation-electrique-vannes","status":"publish","type":"product","link":"https:\/\/d-identify.be\/fr\/produit\/master-lock-s1117es31ka-kit-consignation-electrique-vannes\/","title":{"rendered":"Kit de consignation \u00e9lectrique et vannes Master Lock S1117ES31KA avec cadenas S31 Zenex\u2122"},"content":{"rendered":"<p data-start=\"521\" data-end=\"720\">Le <strong data-start=\"524\" data-end=\"580\">kit de consignation \u00e9lectrique et vannes S1117ES31KA<\/strong> est destin\u00e9 aux \u00e9quipes de maintenance industrielles. Il permet d\u2019isoler en toute s\u00e9curit\u00e9 des sources d\u2019\u00e9nergie \u00e9lectriques et m\u00e9caniques.<\/p>\n<p data-start=\"722\" data-end=\"979\">Tout d\u2019abord, le kit comprend six cadenas de s\u00e9curit\u00e9 S31 Zenex\u2122 en thermoplastique avec cl\u00e9s identiques. Ces cadenas permettent de verrouiller plusieurs points d\u2019isolement avec un seul jeu de cl\u00e9s. Ainsi, la consignation devient plus simple et plus rapide.<\/p>\n<p data-start=\"981\" data-end=\"1252\">Ensuite, le kit inclut plusieurs dispositifs de consignation \u00e9lectrique. Ils sont adapt\u00e9s aux prises, aux connecteurs, aux c\u00e2bles et aux circuits \u00e9lectriques. De plus, ces dispositifs couvrent les situations les plus courantes rencontr\u00e9es lors des travaux de maintenance.<\/p>\n<p data-start=\"1254\" data-end=\"1512\">Pour les vannes, des capots de consignation pour vannes \u00e0 volant de diff\u00e9rentes tailles sont inclus. Ces capots emp\u00eachent toute man\u0153uvre involontaire pendant les interventions. Par cons\u00e9quent, le risque de remise en service accidentelle est fortement r\u00e9duit.<\/p>\n<p data-start=\"1514\" data-end=\"1697\">Enfin, tous les composants sont rang\u00e9s dans une bo\u00eete \u00e0 outils portable S1017 robuste. Cette bo\u00eete facilite le transport et maintient le mat\u00e9riel bien organis\u00e9 sur le lieu de travail.<\/p>\n<p data-start=\"1699\" data-end=\"1891\">Le <strong data-start=\"1702\" data-end=\"1758\">kit de consignation \u00e9lectrique et vannes S1117ES31KA<\/strong> constitue une solution fiable pour appliquer des proc\u00e9dures Lockout-Tagout claires, s\u00fbres et r\u00e9p\u00e9tables en environnement industriel.<\/p>\n","protected":false},"excerpt":{"rendered":"<p data-start=\"964\" data-end=\"1233\">Le kit de consignation Master Lock S1117ES31KA regroupe des dispositifs de consignation \u00e9lectrique et pour vannes avec six cadenas de s\u00e9curit\u00e9 S31 Zenex\u2122 \u00e0 cl\u00e9s identiques. Tous les composants sont fournis dans une bo\u00eete \u00e0 outils portable pour une utilisation sur site.<\/p>\n","protected":false},"featured_media":17970,"comment_status":"open","ping_status":"closed","template":"","meta":{"_acf_changed":false,"_et_pb_use_builder":"","_et_pb_old_content":"","_et_gb_content_width":""},"product_brand":[],"product_cat":[466,481],"product_tag":[934],"pa_connextion-shapes":[],"class_list":{"0":"post-17969","1":"product","2":"type-product","3":"status-publish","4":"has-post-thumbnail","6":"product_cat-lockout-tagout","7":"product_cat-lockout-tagout-kits","8":"product_tag-master-lock-fr","10":"first","11":"instock","12":"taxable","13":"shipping-taxable","14":"purchasable","15":"product-type-simple"},"exclude_global_add_ons":[],"addons":[],"acf":[],"yoast_head":"<!-- This site is optimized with the Yoast SEO Premium plugin v27.0 (Yoast SEO v27.1) - https:\/\/yoast.com\/product\/yoast-seo-premium-wordpress\/ -->\n<title>Kit de consignation \u00e9lectrique et vannes S1117ES31KA<\/title>\n<meta name=\"description\" content=\"Kit de consignation \u00e9lectrique et vannes S1117ES31KA avec cadenas S31 Zenex\u2122 et dispositifs de consignation courants dans une bo\u00eete portable.\" \/>\n<meta name=\"robots\" content=\"index, follow, max-snippet:-1, max-image-preview:large, max-video-preview:-1\" \/>\n<link rel=\"canonical\" href=\"https:\/\/d-identify.be\/fr\/produit\/master-lock-s1117es31ka-kit-consignation-electrique-vannes\/\" \/>\n<meta property=\"og:locale\" content=\"fr_FR\" \/>\n<meta property=\"og:type\" content=\"article\" \/>\n<meta property=\"og:title\" content=\"Kit de consignation \u00e9lectrique et vannes Master Lock S1117ES31KA avec cadenas S31 Zenex\u2122\" \/>\n<meta property=\"og:description\" content=\"Kit de consignation \u00e9lectrique et vannes S1117ES31KA avec cadenas S31 Zenex\u2122 et dispositifs de consignation courants dans une bo\u00eete portable.\" \/>\n<meta property=\"og:url\" content=\"https:\/\/d-identify.be\/fr\/produit\/master-lock-s1117es31ka-kit-consignation-electrique-vannes\/\" \/>\n<meta property=\"og:site_name\" content=\"d-identify\" \/>\n<meta property=\"article:modified_time\" content=\"2026-01-14T17:30:41+00:00\" \/>\n<meta property=\"og:image\" content=\"https:\/\/d-identify.be\/wp-content\/uploads\/2021\/07\/S1117VES31KA.jpg\" \/>\n\t<meta property=\"og:image:width\" content=\"285\" \/>\n\t<meta property=\"og:image:height\" content=\"207\" \/>\n\t<meta property=\"og:image:type\" content=\"image\/jpeg\" \/>\n<meta name=\"twitter:card\" content=\"summary_large_image\" \/>\n<meta name=\"twitter:label1\" content=\"Dur\u00e9e de lecture estim\u00e9e\" \/>\n\t<meta name=\"twitter:data1\" content=\"2 minutes\" \/>\n<script type=\"application\/ld+json\" class=\"yoast-schema-graph\">{\"@context\":\"https:\/\/schema.org\",\"@graph\":[{\"@type\":\"WebPage\",\"@id\":\"https:\/\/d-identify.be\/fr\/produit\/master-lock-s1117es31ka-kit-consignation-electrique-vannes\/\",\"url\":\"https:\/\/d-identify.be\/fr\/produit\/master-lock-s1117es31ka-kit-consignation-electrique-vannes\/\",\"name\":\"Kit de consignation \u00e9lectrique et vannes S1117ES31KA\",\"isPartOf\":{\"@id\":\"https:\/\/d-identify.be\/fr\/#website\"},\"primaryImageOfPage\":{\"@id\":\"https:\/\/d-identify.be\/fr\/produit\/master-lock-s1117es31ka-kit-consignation-electrique-vannes\/#primaryimage\"},\"image\":{\"@id\":\"https:\/\/d-identify.be\/fr\/produit\/master-lock-s1117es31ka-kit-consignation-electrique-vannes\/#primaryimage\"},\"thumbnailUrl\":\"https:\/\/d-identify.be\/wp-content\/uploads\/2021\/07\/S1117VES31KA.jpg\",\"datePublished\":\"2021-07-26T11:40:56+00:00\",\"dateModified\":\"2026-01-14T17:30:41+00:00\",\"description\":\"Kit de consignation \u00e9lectrique et vannes S1117ES31KA avec cadenas S31 Zenex\u2122 et dispositifs de consignation courants dans une bo\u00eete portable.\",\"breadcrumb\":{\"@id\":\"https:\/\/d-identify.be\/fr\/produit\/master-lock-s1117es31ka-kit-consignation-electrique-vannes\/#breadcrumb\"},\"inLanguage\":\"fr-FR\",\"potentialAction\":[{\"@type\":\"ReadAction\",\"target\":[\"https:\/\/d-identify.be\/fr\/produit\/master-lock-s1117es31ka-kit-consignation-electrique-vannes\/\"]}]},{\"@type\":\"ImageObject\",\"inLanguage\":\"fr-FR\",\"@id\":\"https:\/\/d-identify.be\/fr\/produit\/master-lock-s1117es31ka-kit-consignation-electrique-vannes\/#primaryimage\",\"url\":\"https:\/\/d-identify.be\/wp-content\/uploads\/2021\/07\/S1117VES31KA.jpg\",\"contentUrl\":\"https:\/\/d-identify.be\/wp-content\/uploads\/2021\/07\/S1117VES31KA.jpg\",\"width\":285,\"height\":207,\"caption\":\"Kit de consignation \u00e9lectrique et vannes S1117ES31KA\"},{\"@type\":\"BreadcrumbList\",\"@id\":\"https:\/\/d-identify.be\/fr\/produit\/master-lock-s1117es31ka-kit-consignation-electrique-vannes\/#breadcrumb\",\"itemListElement\":[{\"@type\":\"ListItem\",\"position\":1,\"name\":\"Home\",\"item\":\"https:\/\/d-identify.be\/fr\/home-2\/\"},{\"@type\":\"ListItem\",\"position\":2,\"name\":\"Boutique\",\"item\":\"https:\/\/d-identify.be\/fr\/boutique\/\"},{\"@type\":\"ListItem\",\"position\":3,\"name\":\"Kit de consignation \u00e9lectrique et vannes Master Lock S1117ES31KA avec cadenas S31 Zenex\u2122\"}]},{\"@type\":\"WebSite\",\"@id\":\"https:\/\/d-identify.be\/fr\/#website\",\"url\":\"https:\/\/d-identify.be\/fr\/\",\"name\":\"d-identify\",\"description\":\"Industrial identification - Lockout - Tagout - Floor marking\",\"potentialAction\":[{\"@type\":\"SearchAction\",\"target\":{\"@type\":\"EntryPoint\",\"urlTemplate\":\"https:\/\/d-identify.be\/fr\/?s={search_term_string}\"},\"query-input\":{\"@type\":\"PropertyValueSpecification\",\"valueRequired\":true,\"valueName\":\"search_term_string\"}}],\"inLanguage\":\"fr-FR\"}]}<\/script>\n<!-- \/ Yoast SEO Premium plugin. -->","yoast_head_json":{"title":"Kit de consignation \u00e9lectrique et vannes S1117ES31KA","description":"Kit de consignation \u00e9lectrique et vannes S1117ES31KA avec cadenas S31 Zenex\u2122 et dispositifs de consignation courants dans une bo\u00eete portable.","robots":{"index":"index","follow":"follow","max-snippet":"max-snippet:-1","max-image-preview":"max-image-preview:large","max-video-preview":"max-video-preview:-1"},"canonical":"https:\/\/d-identify.be\/fr\/produit\/master-lock-s1117es31ka-kit-consignation-electrique-vannes\/","og_locale":"fr_FR","og_type":"article","og_title":"Kit de consignation \u00e9lectrique et vannes Master Lock S1117ES31KA avec cadenas S31 Zenex\u2122","og_description":"Kit de consignation \u00e9lectrique et vannes S1117ES31KA avec cadenas S31 Zenex\u2122 et dispositifs de consignation courants dans une bo\u00eete portable.","og_url":"https:\/\/d-identify.be\/fr\/produit\/master-lock-s1117es31ka-kit-consignation-electrique-vannes\/","og_site_name":"d-identify","article_modified_time":"2026-01-14T17:30:41+00:00","og_image":[{"width":285,"height":207,"url":"https:\/\/d-identify.be\/wp-content\/uploads\/2021\/07\/S1117VES31KA.jpg","type":"image\/jpeg"}],"twitter_card":"summary_large_image","twitter_misc":{"Dur\u00e9e de lecture estim\u00e9e":"2 minutes"},"schema":{"@context":"https:\/\/schema.org","@graph":[{"@type":"WebPage","@id":"https:\/\/d-identify.be\/fr\/produit\/master-lock-s1117es31ka-kit-consignation-electrique-vannes\/","url":"https:\/\/d-identify.be\/fr\/produit\/master-lock-s1117es31ka-kit-consignation-electrique-vannes\/","name":"Kit de consignation \u00e9lectrique et vannes S1117ES31KA","isPartOf":{"@id":"https:\/\/d-identify.be\/fr\/#website"},"primaryImageOfPage":{"@id":"https:\/\/d-identify.be\/fr\/produit\/master-lock-s1117es31ka-kit-consignation-electrique-vannes\/#primaryimage"},"image":{"@id":"https:\/\/d-identify.be\/fr\/produit\/master-lock-s1117es31ka-kit-consignation-electrique-vannes\/#primaryimage"},"thumbnailUrl":"https:\/\/d-identify.be\/wp-content\/uploads\/2021\/07\/S1117VES31KA.jpg","datePublished":"2021-07-26T11:40:56+00:00","dateModified":"2026-01-14T17:30:41+00:00","description":"Kit de consignation \u00e9lectrique et vannes S1117ES31KA avec cadenas S31 Zenex\u2122 et dispositifs de consignation courants dans une bo\u00eete portable.","breadcrumb":{"@id":"https:\/\/d-identify.be\/fr\/produit\/master-lock-s1117es31ka-kit-consignation-electrique-vannes\/#breadcrumb"},"inLanguage":"fr-FR","potentialAction":[{"@type":"ReadAction","target":["https:\/\/d-identify.be\/fr\/produit\/master-lock-s1117es31ka-kit-consignation-electrique-vannes\/"]}]},{"@type":"ImageObject","inLanguage":"fr-FR","@id":"https:\/\/d-identify.be\/fr\/produit\/master-lock-s1117es31ka-kit-consignation-electrique-vannes\/#primaryimage","url":"https:\/\/d-identify.be\/wp-content\/uploads\/2021\/07\/S1117VES31KA.jpg","contentUrl":"https:\/\/d-identify.be\/wp-content\/uploads\/2021\/07\/S1117VES31KA.jpg","width":285,"height":207,"caption":"Kit de consignation \u00e9lectrique et vannes S1117ES31KA"},{"@type":"BreadcrumbList","@id":"https:\/\/d-identify.be\/fr\/produit\/master-lock-s1117es31ka-kit-consignation-electrique-vannes\/#breadcrumb","itemListElement":[{"@type":"ListItem","position":1,"name":"Home","item":"https:\/\/d-identify.be\/fr\/home-2\/"},{"@type":"ListItem","position":2,"name":"Boutique","item":"https:\/\/d-identify.be\/fr\/boutique\/"},{"@type":"ListItem","position":3,"name":"Kit de consignation \u00e9lectrique et vannes Master Lock S1117ES31KA avec cadenas S31 Zenex\u2122"}]},{"@type":"WebSite","@id":"https:\/\/d-identify.be\/fr\/#website","url":"https:\/\/d-identify.be\/fr\/","name":"d-identify","description":"Industrial identification - Lockout - Tagout - Floor marking","potentialAction":[{"@type":"SearchAction","target":{"@type":"EntryPoint","urlTemplate":"https:\/\/d-identify.be\/fr\/?s={search_term_string}"},"query-input":{"@type":"PropertyValueSpecification","valueRequired":true,"valueName":"search_term_string"}}],"inLanguage":"fr-FR"}]}},"_links":{"self":[{"href":"https:\/\/d-identify.be\/fr\/wp-json\/wp\/v2\/product\/17969","targetHints":{"allow":["GET"]}}],"collection":[{"href":"https:\/\/d-identify.be\/fr\/wp-json\/wp\/v2\/product"}],"about":[{"href":"https:\/\/d-identify.be\/fr\/wp-json\/wp\/v2\/types\/product"}],"replies":[{"embeddable":true,"href":"https:\/\/d-identify.be\/fr\/wp-json\/wp\/v2\/comments?post=17969"}],"wp:featuredmedia":[{"embeddable":true,"href":"https:\/\/d-identify.be\/fr\/wp-json\/wp\/v2\/media\/17970"}],"wp:attachment":[{"href":"https:\/\/d-identify.be\/fr\/wp-json\/wp\/v2\/media?parent=17969"}],"wp:term":[{"taxonomy":"product_brand","embeddable":true,"href":"https:\/\/d-identify.be\/fr\/wp-json\/wp\/v2\/product_brand?post=17969"},{"taxonomy":"product_cat","embeddable":true,"href":"https:\/\/d-identify.be\/fr\/wp-json\/wp\/v2\/product_cat?post=17969"},{"taxonomy":"product_tag","embeddable":true,"href":"https:\/\/d-identify.be\/fr\/wp-json\/wp\/v2\/product_tag?post=17969"},{"taxonomy":"pa_connextion-shapes","embeddable":true,"href":"https:\/\/d-identify.be\/fr\/wp-json\/wp\/v2\/pa_connextion-shapes?post=17969"}],"curies":[{"name":"wp","href":"https:\/\/api.w.org\/{rel}","templated":true}]}}