{"id":17948,"date":"2021-07-26T12:41:22","date_gmt":"2021-07-26T10:41:22","guid":{"rendered":"https:\/\/d-identify.be\/product\/verrouillage-de-disjoncteur-miniature-a-broches-de-positionnement\/"},"modified":"2026-01-09T00:32:18","modified_gmt":"2026-01-08T22:32:18","slug":"lockout-disjoncteur-miniature-s2390-master-lock","status":"publish","type":"product","link":"https:\/\/d-identify.be\/fr\/produit\/lockout-disjoncteur-miniature-s2390-master-lock\/","title":{"rendered":"Master Lock Lockout disjoncteur miniature S2390"},"content":{"rendered":"<p data-start=\"1189\" data-end=\"1473\">Le <strong data-start=\"1192\" data-end=\"1231\">lockout disjoncteur miniature S2390<\/strong> offre une solution fiable pour la consignation des disjoncteurs miniatures ISO\/DIN utilis\u00e9s dans le monde entier. Le dispositif s\u00e9curise la majorit\u00e9 des disjoncteurs standards pr\u00e9sents dans les tableaux \u00e9lectriques industriels et tertiaires.<\/p>\n<p data-start=\"1475\" data-end=\"1788\">La conception brevet\u00e9e s\u2019adapte aux disjoncteurs avec des ouvertures de levier standard de <strong data-start=\"1566\" data-end=\"1597\">7\/16 pouce (11 mm) ou moins<\/strong>. Ce <strong data-start=\"1602\" data-end=\"1641\">lockout disjoncteur miniature S2390<\/strong> fonctionne avec les cadenas de s\u00e9curit\u00e9 Master Lock et American Lock. Il reste \u00e9galement compatible avec la plupart des m\u00e2choires de consignation.<\/p>\n<p data-start=\"1790\" data-end=\"1879\">Le format compact facilite le transport, le stockage et la mise en place rapide sur site.<\/p>\n","protected":false},"excerpt":{"rendered":"<p data-start=\"1915\" data-end=\"2033\">Lockout disjoncteur miniature S2390 pour disjoncteurs ISO\/DIN. Compatible avec des ouvertures de levier jusqu\u2019\u00e0 11 mm.<\/p>\n","protected":false},"featured_media":17949,"comment_status":"open","ping_status":"closed","template":"","meta":{"_acf_changed":false,"_et_pb_use_builder":"","_et_pb_old_content":"","_et_gb_content_width":""},"product_brand":[],"product_cat":[466,458],"product_tag":[934],"pa_connextion-shapes":[],"class_list":{"0":"post-17948","1":"product","2":"type-product","3":"status-publish","4":"has-post-thumbnail","6":"product_cat-lockout-tagout","7":"product_cat-electrical-lockout-devices","8":"product_tag-master-lock-fr","10":"first","11":"instock","12":"taxable","13":"shipping-taxable","14":"purchasable","15":"product-type-simple"},"exclude_global_add_ons":[],"addons":[],"acf":[],"yoast_head":"<!-- This site is optimized with the Yoast SEO Premium plugin v27.0 (Yoast SEO v27.1) - https:\/\/yoast.com\/product\/yoast-seo-premium-wordpress\/ -->\n<title>Lockout disjoncteur miniature S2390 \u2013 Master Lock<\/title>\n<meta name=\"description\" content=\"Lockout disjoncteur miniature S2390 pour disjoncteurs ISO\/DIN. Convient aux ouvertures de levier jusqu\u2019\u00e0 11 mm et aux cadenas de s\u00e9curit\u00e9.\" \/>\n<meta name=\"robots\" content=\"index, follow, max-snippet:-1, max-image-preview:large, max-video-preview:-1\" \/>\n<link rel=\"canonical\" href=\"https:\/\/d-identify.be\/fr\/produit\/lockout-disjoncteur-miniature-s2390-master-lock\/\" \/>\n<meta property=\"og:locale\" content=\"fr_FR\" \/>\n<meta property=\"og:type\" content=\"article\" \/>\n<meta property=\"og:title\" content=\"Master Lock Lockout disjoncteur miniature S2390\" \/>\n<meta property=\"og:description\" content=\"Lockout disjoncteur miniature S2390 pour disjoncteurs ISO\/DIN. Convient aux ouvertures de levier jusqu\u2019\u00e0 11 mm et aux cadenas de s\u00e9curit\u00e9.\" \/>\n<meta property=\"og:url\" content=\"https:\/\/d-identify.be\/fr\/produit\/lockout-disjoncteur-miniature-s2390-master-lock\/\" \/>\n<meta property=\"og:site_name\" content=\"d-identify\" \/>\n<meta property=\"article:modified_time\" content=\"2026-01-08T22:32:18+00:00\" \/>\n<meta property=\"og:image\" content=\"https:\/\/d-identify.be\/wp-content\/uploads\/2021\/07\/S2390.jpg\" \/>\n\t<meta property=\"og:image:width\" content=\"285\" \/>\n\t<meta property=\"og:image:height\" content=\"285\" \/>\n\t<meta property=\"og:image:type\" content=\"image\/jpeg\" \/>\n<meta name=\"twitter:card\" content=\"summary_large_image\" \/>\n<meta name=\"twitter:label1\" content=\"Dur\u00e9e de lecture estim\u00e9e\" \/>\n\t<meta name=\"twitter:data1\" content=\"1 minute\" \/>\n<script type=\"application\/ld+json\" class=\"yoast-schema-graph\">{\"@context\":\"https:\/\/schema.org\",\"@graph\":[{\"@type\":\"WebPage\",\"@id\":\"https:\/\/d-identify.be\/fr\/produit\/lockout-disjoncteur-miniature-s2390-master-lock\/\",\"url\":\"https:\/\/d-identify.be\/fr\/produit\/lockout-disjoncteur-miniature-s2390-master-lock\/\",\"name\":\"Lockout disjoncteur miniature S2390 \u2013 Master Lock\",\"isPartOf\":{\"@id\":\"https:\/\/d-identify.be\/fr\/#website\"},\"primaryImageOfPage\":{\"@id\":\"https:\/\/d-identify.be\/fr\/produit\/lockout-disjoncteur-miniature-s2390-master-lock\/#primaryimage\"},\"image\":{\"@id\":\"https:\/\/d-identify.be\/fr\/produit\/lockout-disjoncteur-miniature-s2390-master-lock\/#primaryimage\"},\"thumbnailUrl\":\"https:\/\/d-identify.be\/wp-content\/uploads\/2021\/07\/S2390.jpg\",\"datePublished\":\"2021-07-26T10:41:22+00:00\",\"dateModified\":\"2026-01-08T22:32:18+00:00\",\"description\":\"Lockout disjoncteur miniature S2390 pour disjoncteurs ISO\/DIN. Convient aux ouvertures de levier jusqu\u2019\u00e0 11 mm et aux cadenas de s\u00e9curit\u00e9.\",\"breadcrumb\":{\"@id\":\"https:\/\/d-identify.be\/fr\/produit\/lockout-disjoncteur-miniature-s2390-master-lock\/#breadcrumb\"},\"inLanguage\":\"fr-FR\",\"potentialAction\":[{\"@type\":\"ReadAction\",\"target\":[\"https:\/\/d-identify.be\/fr\/produit\/lockout-disjoncteur-miniature-s2390-master-lock\/\"]}]},{\"@type\":\"ImageObject\",\"inLanguage\":\"fr-FR\",\"@id\":\"https:\/\/d-identify.be\/fr\/produit\/lockout-disjoncteur-miniature-s2390-master-lock\/#primaryimage\",\"url\":\"https:\/\/d-identify.be\/wp-content\/uploads\/2021\/07\/S2390.jpg\",\"contentUrl\":\"https:\/\/d-identify.be\/wp-content\/uploads\/2021\/07\/S2390.jpg\",\"width\":285,\"height\":285,\"caption\":\"Lockout disjoncteur miniature S2390 \u2013 Master Lock\"},{\"@type\":\"BreadcrumbList\",\"@id\":\"https:\/\/d-identify.be\/fr\/produit\/lockout-disjoncteur-miniature-s2390-master-lock\/#breadcrumb\",\"itemListElement\":[{\"@type\":\"ListItem\",\"position\":1,\"name\":\"Home\",\"item\":\"https:\/\/d-identify.be\/fr\/home-2\/\"},{\"@type\":\"ListItem\",\"position\":2,\"name\":\"Boutique\",\"item\":\"https:\/\/d-identify.be\/fr\/boutique\/\"},{\"@type\":\"ListItem\",\"position\":3,\"name\":\"Master Lock Lockout disjoncteur miniature S2390\"}]},{\"@type\":\"WebSite\",\"@id\":\"https:\/\/d-identify.be\/fr\/#website\",\"url\":\"https:\/\/d-identify.be\/fr\/\",\"name\":\"d-identify\",\"description\":\"Industrial identification - Lockout - Tagout - Floor marking\",\"potentialAction\":[{\"@type\":\"SearchAction\",\"target\":{\"@type\":\"EntryPoint\",\"urlTemplate\":\"https:\/\/d-identify.be\/fr\/?s={search_term_string}\"},\"query-input\":{\"@type\":\"PropertyValueSpecification\",\"valueRequired\":true,\"valueName\":\"search_term_string\"}}],\"inLanguage\":\"fr-FR\"}]}<\/script>\n<!-- \/ Yoast SEO Premium plugin. -->","yoast_head_json":{"title":"Lockout disjoncteur miniature S2390 \u2013 Master Lock","description":"Lockout disjoncteur miniature S2390 pour disjoncteurs ISO\/DIN. Convient aux ouvertures de levier jusqu\u2019\u00e0 11 mm et aux cadenas de s\u00e9curit\u00e9.","robots":{"index":"index","follow":"follow","max-snippet":"max-snippet:-1","max-image-preview":"max-image-preview:large","max-video-preview":"max-video-preview:-1"},"canonical":"https:\/\/d-identify.be\/fr\/produit\/lockout-disjoncteur-miniature-s2390-master-lock\/","og_locale":"fr_FR","og_type":"article","og_title":"Master Lock Lockout disjoncteur miniature S2390","og_description":"Lockout disjoncteur miniature S2390 pour disjoncteurs ISO\/DIN. Convient aux ouvertures de levier jusqu\u2019\u00e0 11 mm et aux cadenas de s\u00e9curit\u00e9.","og_url":"https:\/\/d-identify.be\/fr\/produit\/lockout-disjoncteur-miniature-s2390-master-lock\/","og_site_name":"d-identify","article_modified_time":"2026-01-08T22:32:18+00:00","og_image":[{"width":285,"height":285,"url":"https:\/\/d-identify.be\/wp-content\/uploads\/2021\/07\/S2390.jpg","type":"image\/jpeg"}],"twitter_card":"summary_large_image","twitter_misc":{"Dur\u00e9e de lecture estim\u00e9e":"1 minute"},"schema":{"@context":"https:\/\/schema.org","@graph":[{"@type":"WebPage","@id":"https:\/\/d-identify.be\/fr\/produit\/lockout-disjoncteur-miniature-s2390-master-lock\/","url":"https:\/\/d-identify.be\/fr\/produit\/lockout-disjoncteur-miniature-s2390-master-lock\/","name":"Lockout disjoncteur miniature S2390 \u2013 Master Lock","isPartOf":{"@id":"https:\/\/d-identify.be\/fr\/#website"},"primaryImageOfPage":{"@id":"https:\/\/d-identify.be\/fr\/produit\/lockout-disjoncteur-miniature-s2390-master-lock\/#primaryimage"},"image":{"@id":"https:\/\/d-identify.be\/fr\/produit\/lockout-disjoncteur-miniature-s2390-master-lock\/#primaryimage"},"thumbnailUrl":"https:\/\/d-identify.be\/wp-content\/uploads\/2021\/07\/S2390.jpg","datePublished":"2021-07-26T10:41:22+00:00","dateModified":"2026-01-08T22:32:18+00:00","description":"Lockout disjoncteur miniature S2390 pour disjoncteurs ISO\/DIN. Convient aux ouvertures de levier jusqu\u2019\u00e0 11 mm et aux cadenas de s\u00e9curit\u00e9.","breadcrumb":{"@id":"https:\/\/d-identify.be\/fr\/produit\/lockout-disjoncteur-miniature-s2390-master-lock\/#breadcrumb"},"inLanguage":"fr-FR","potentialAction":[{"@type":"ReadAction","target":["https:\/\/d-identify.be\/fr\/produit\/lockout-disjoncteur-miniature-s2390-master-lock\/"]}]},{"@type":"ImageObject","inLanguage":"fr-FR","@id":"https:\/\/d-identify.be\/fr\/produit\/lockout-disjoncteur-miniature-s2390-master-lock\/#primaryimage","url":"https:\/\/d-identify.be\/wp-content\/uploads\/2021\/07\/S2390.jpg","contentUrl":"https:\/\/d-identify.be\/wp-content\/uploads\/2021\/07\/S2390.jpg","width":285,"height":285,"caption":"Lockout disjoncteur miniature S2390 \u2013 Master Lock"},{"@type":"BreadcrumbList","@id":"https:\/\/d-identify.be\/fr\/produit\/lockout-disjoncteur-miniature-s2390-master-lock\/#breadcrumb","itemListElement":[{"@type":"ListItem","position":1,"name":"Home","item":"https:\/\/d-identify.be\/fr\/home-2\/"},{"@type":"ListItem","position":2,"name":"Boutique","item":"https:\/\/d-identify.be\/fr\/boutique\/"},{"@type":"ListItem","position":3,"name":"Master Lock Lockout disjoncteur miniature S2390"}]},{"@type":"WebSite","@id":"https:\/\/d-identify.be\/fr\/#website","url":"https:\/\/d-identify.be\/fr\/","name":"d-identify","description":"Industrial identification - Lockout - Tagout - Floor marking","potentialAction":[{"@type":"SearchAction","target":{"@type":"EntryPoint","urlTemplate":"https:\/\/d-identify.be\/fr\/?s={search_term_string}"},"query-input":{"@type":"PropertyValueSpecification","valueRequired":true,"valueName":"search_term_string"}}],"inLanguage":"fr-FR"}]}},"_links":{"self":[{"href":"https:\/\/d-identify.be\/fr\/wp-json\/wp\/v2\/product\/17948","targetHints":{"allow":["GET"]}}],"collection":[{"href":"https:\/\/d-identify.be\/fr\/wp-json\/wp\/v2\/product"}],"about":[{"href":"https:\/\/d-identify.be\/fr\/wp-json\/wp\/v2\/types\/product"}],"replies":[{"embeddable":true,"href":"https:\/\/d-identify.be\/fr\/wp-json\/wp\/v2\/comments?post=17948"}],"wp:featuredmedia":[{"embeddable":true,"href":"https:\/\/d-identify.be\/fr\/wp-json\/wp\/v2\/media\/17949"}],"wp:attachment":[{"href":"https:\/\/d-identify.be\/fr\/wp-json\/wp\/v2\/media?parent=17948"}],"wp:term":[{"taxonomy":"product_brand","embeddable":true,"href":"https:\/\/d-identify.be\/fr\/wp-json\/wp\/v2\/product_brand?post=17948"},{"taxonomy":"product_cat","embeddable":true,"href":"https:\/\/d-identify.be\/fr\/wp-json\/wp\/v2\/product_cat?post=17948"},{"taxonomy":"product_tag","embeddable":true,"href":"https:\/\/d-identify.be\/fr\/wp-json\/wp\/v2\/product_tag?post=17948"},{"taxonomy":"pa_connextion-shapes","embeddable":true,"href":"https:\/\/d-identify.be\/fr\/wp-json\/wp\/v2\/pa_connextion-shapes?post=17948"}],"curies":[{"name":"wp","href":"https:\/\/api.w.org\/{rel}","templated":true}]}}