{"id":17937,"date":"2021-07-26T12:41:22","date_gmt":"2021-07-26T11:41:22","guid":{"rendered":"https:\/\/d-identify.be\/product\/dispositif-de-verrouillage-de-cable-retractable-avec-cable-a-ame-en-acier\/"},"modified":"2025-12-22T12:59:37","modified_gmt":"2025-12-22T10:59:37","slug":"master-lock-n-s856-dispositif-de-consignation-a-cable-retractable","status":"publish","type":"product","link":"https:\/\/d-identify.be\/fr\/produit\/master-lock-n-s856-dispositif-de-consignation-a-cable-retractable\/","title":{"rendered":"Master Lock n\u00b0 S856 dispositif de consignation \u00e0 c\u00e2ble r\u00e9tractable"},"content":{"rendered":"<p data-start=\"198\" data-end=\"491\">Ainsi, le Master Lock n\u00b0 <strong data-start=\"223\" data-end=\"278\">S856 dispositif de consignation \u00e0 c\u00e2ble r\u00e9tractable<\/strong> offre une solution fiable pour le verrouillage des vannes et les applications g\u00e9n\u00e9rales de consignation. Ainsi, il convient aux environnements industriels o\u00f9 l\u2019isolation de l\u2019\u00e9nergie doit rester s\u00fbre et flexible.<\/p>\n<p data-start=\"493\" data-end=\"803\">D\u2019abord, l\u2019appareil utilise un c\u00e2ble en acier solide avec un rev\u00eatement plastique rouge. Ensuite, le c\u00e2ble reste souple et facile \u00e0 utiliser. Ainsi, il se place simplement autour des vannes, volants, leviers et autres points d\u2019isolement. De plus, la couleur rouge am\u00e9liore la visibilit\u00e9 sur le lieu de travail.<\/p>\n<p data-start=\"805\" data-end=\"1150\">Ensuite, un syst\u00e8me de gestion du c\u00e2ble int\u00e9gr\u00e9 maintient une tension constante. Par cons\u00e9quent, le m\u00e9canisme interne serre le c\u00e2ble dans un seul sens. M\u00eame apr\u00e8s la pose de cadenas de s\u00e9curit\u00e9, la tension reste stable. Ainsi, le risque de remise sous tension accidentelle diminue avec le <strong data-start=\"1094\" data-end=\"1149\">S856 dispositif de consignation \u00e0 c\u00e2ble r\u00e9tractable<\/strong>.<\/p>\n","protected":false},"excerpt":{"rendered":"<p>Dispositif de consignation \u00e0 c\u00e2ble r\u00e9tractable pour le verrouillage s\u00fbr des vannes et points d\u2019isolement. C\u00e2ble acier flexible, tension constante et bo\u00eetier robuste pour usage industriel.<\/p>\n","protected":false},"featured_media":17938,"comment_status":"open","ping_status":"closed","template":"","meta":{"_acf_changed":false,"_et_pb_use_builder":"","_et_pb_old_content":"","_et_gb_content_width":""},"product_brand":[],"product_cat":[466,587],"product_tag":[934],"pa_connextion-shapes":[],"class_list":{"0":"post-17937","1":"product","2":"type-product","3":"status-publish","4":"has-post-thumbnail","6":"product_cat-lockout-tagout","7":"product_cat-cable-lockout-devices","8":"product_tag-master-lock-fr","10":"first","11":"instock","12":"taxable","13":"shipping-taxable","14":"purchasable","15":"product-type-simple"},"exclude_global_add_ons":[],"addons":[],"acf":[],"yoast_head":"<!-- This site is optimized with the Yoast SEO Premium plugin v27.0 (Yoast SEO v27.1) - https:\/\/yoast.com\/product\/yoast-seo-premium-wordpress\/ -->\n<title>S856 dispositif de consignation \u00e0 c\u00e2ble r\u00e9tractable - Master Lock<\/title>\n<meta name=\"description\" content=\"S856 dispositif de consignation \u00e0 c\u00e2ble r\u00e9tractable avec c\u00e2ble en acier, syst\u00e8me \u00e0 cliquet et bo\u00eetier r\u00e9sistant pour la consignation.\" \/>\n<meta name=\"robots\" content=\"index, follow, max-snippet:-1, max-image-preview:large, max-video-preview:-1\" \/>\n<link rel=\"canonical\" href=\"https:\/\/d-identify.be\/fr\/produit\/master-lock-n-s856-dispositif-de-consignation-a-cable-retractable\/\" \/>\n<meta property=\"og:locale\" content=\"fr_FR\" \/>\n<meta property=\"og:type\" content=\"article\" \/>\n<meta property=\"og:title\" content=\"Master Lock n\u00b0 S856 dispositif de consignation \u00e0 c\u00e2ble r\u00e9tractable\" \/>\n<meta property=\"og:description\" content=\"S856 dispositif de consignation \u00e0 c\u00e2ble r\u00e9tractable avec c\u00e2ble en acier, syst\u00e8me \u00e0 cliquet et bo\u00eetier r\u00e9sistant pour la consignation.\" \/>\n<meta property=\"og:url\" content=\"https:\/\/d-identify.be\/fr\/produit\/master-lock-n-s856-dispositif-de-consignation-a-cable-retractable\/\" \/>\n<meta property=\"og:site_name\" content=\"d-identify\" \/>\n<meta property=\"article:modified_time\" content=\"2025-12-22T10:59:37+00:00\" \/>\n<meta property=\"og:image\" content=\"https:\/\/d-identify.be\/wp-content\/uploads\/2021\/07\/MLCOM_PRODUCT_S856.jpg\" \/>\n\t<meta property=\"og:image:width\" content=\"280\" \/>\n\t<meta property=\"og:image:height\" content=\"280\" \/>\n\t<meta property=\"og:image:type\" content=\"image\/jpeg\" \/>\n<meta name=\"twitter:card\" content=\"summary_large_image\" \/>\n<meta name=\"twitter:label1\" content=\"Dur\u00e9e de lecture estim\u00e9e\" \/>\n\t<meta name=\"twitter:data1\" content=\"1 minute\" \/>\n<script type=\"application\/ld+json\" class=\"yoast-schema-graph\">{\"@context\":\"https:\/\/schema.org\",\"@graph\":[{\"@type\":\"WebPage\",\"@id\":\"https:\/\/d-identify.be\/fr\/produit\/master-lock-n-s856-dispositif-de-consignation-a-cable-retractable\/\",\"url\":\"https:\/\/d-identify.be\/fr\/produit\/master-lock-n-s856-dispositif-de-consignation-a-cable-retractable\/\",\"name\":\"S856 dispositif de consignation \u00e0 c\u00e2ble r\u00e9tractable - Master Lock\",\"isPartOf\":{\"@id\":\"https:\/\/d-identify.be\/fr\/#website\"},\"primaryImageOfPage\":{\"@id\":\"https:\/\/d-identify.be\/fr\/produit\/master-lock-n-s856-dispositif-de-consignation-a-cable-retractable\/#primaryimage\"},\"image\":{\"@id\":\"https:\/\/d-identify.be\/fr\/produit\/master-lock-n-s856-dispositif-de-consignation-a-cable-retractable\/#primaryimage\"},\"thumbnailUrl\":\"https:\/\/d-identify.be\/wp-content\/uploads\/2021\/07\/MLCOM_PRODUCT_S856.jpg\",\"datePublished\":\"2021-07-26T11:41:22+00:00\",\"dateModified\":\"2025-12-22T10:59:37+00:00\",\"description\":\"S856 dispositif de consignation \u00e0 c\u00e2ble r\u00e9tractable avec c\u00e2ble en acier, syst\u00e8me \u00e0 cliquet et bo\u00eetier r\u00e9sistant pour la consignation.\",\"breadcrumb\":{\"@id\":\"https:\/\/d-identify.be\/fr\/produit\/master-lock-n-s856-dispositif-de-consignation-a-cable-retractable\/#breadcrumb\"},\"inLanguage\":\"fr-FR\",\"potentialAction\":[{\"@type\":\"ReadAction\",\"target\":[\"https:\/\/d-identify.be\/fr\/produit\/master-lock-n-s856-dispositif-de-consignation-a-cable-retractable\/\"]}]},{\"@type\":\"ImageObject\",\"inLanguage\":\"fr-FR\",\"@id\":\"https:\/\/d-identify.be\/fr\/produit\/master-lock-n-s856-dispositif-de-consignation-a-cable-retractable\/#primaryimage\",\"url\":\"https:\/\/d-identify.be\/wp-content\/uploads\/2021\/07\/MLCOM_PRODUCT_S856.jpg\",\"contentUrl\":\"https:\/\/d-identify.be\/wp-content\/uploads\/2021\/07\/MLCOM_PRODUCT_S856.jpg\",\"width\":280,\"height\":280,\"caption\":\"Retractable Cable Lockout Device with Steel Core Cable\"},{\"@type\":\"BreadcrumbList\",\"@id\":\"https:\/\/d-identify.be\/fr\/produit\/master-lock-n-s856-dispositif-de-consignation-a-cable-retractable\/#breadcrumb\",\"itemListElement\":[{\"@type\":\"ListItem\",\"position\":1,\"name\":\"Home\",\"item\":\"https:\/\/d-identify.be\/fr\/home-2\/\"},{\"@type\":\"ListItem\",\"position\":2,\"name\":\"Boutique\",\"item\":\"https:\/\/d-identify.be\/fr\/boutique\/\"},{\"@type\":\"ListItem\",\"position\":3,\"name\":\"Master Lock n\u00b0 S856 dispositif de consignation \u00e0 c\u00e2ble r\u00e9tractable\"}]},{\"@type\":\"WebSite\",\"@id\":\"https:\/\/d-identify.be\/fr\/#website\",\"url\":\"https:\/\/d-identify.be\/fr\/\",\"name\":\"d-identify\",\"description\":\"Industrial identification - Lockout - Tagout - Floor marking\",\"potentialAction\":[{\"@type\":\"SearchAction\",\"target\":{\"@type\":\"EntryPoint\",\"urlTemplate\":\"https:\/\/d-identify.be\/fr\/?s={search_term_string}\"},\"query-input\":{\"@type\":\"PropertyValueSpecification\",\"valueRequired\":true,\"valueName\":\"search_term_string\"}}],\"inLanguage\":\"fr-FR\"}]}<\/script>\n<!-- \/ Yoast SEO Premium plugin. -->","yoast_head_json":{"title":"S856 dispositif de consignation \u00e0 c\u00e2ble r\u00e9tractable - Master Lock","description":"S856 dispositif de consignation \u00e0 c\u00e2ble r\u00e9tractable avec c\u00e2ble en acier, syst\u00e8me \u00e0 cliquet et bo\u00eetier r\u00e9sistant pour la consignation.","robots":{"index":"index","follow":"follow","max-snippet":"max-snippet:-1","max-image-preview":"max-image-preview:large","max-video-preview":"max-video-preview:-1"},"canonical":"https:\/\/d-identify.be\/fr\/produit\/master-lock-n-s856-dispositif-de-consignation-a-cable-retractable\/","og_locale":"fr_FR","og_type":"article","og_title":"Master Lock n\u00b0 S856 dispositif de consignation \u00e0 c\u00e2ble r\u00e9tractable","og_description":"S856 dispositif de consignation \u00e0 c\u00e2ble r\u00e9tractable avec c\u00e2ble en acier, syst\u00e8me \u00e0 cliquet et bo\u00eetier r\u00e9sistant pour la consignation.","og_url":"https:\/\/d-identify.be\/fr\/produit\/master-lock-n-s856-dispositif-de-consignation-a-cable-retractable\/","og_site_name":"d-identify","article_modified_time":"2025-12-22T10:59:37+00:00","og_image":[{"width":280,"height":280,"url":"https:\/\/d-identify.be\/wp-content\/uploads\/2021\/07\/MLCOM_PRODUCT_S856.jpg","type":"image\/jpeg"}],"twitter_card":"summary_large_image","twitter_misc":{"Dur\u00e9e de lecture estim\u00e9e":"1 minute"},"schema":{"@context":"https:\/\/schema.org","@graph":[{"@type":"WebPage","@id":"https:\/\/d-identify.be\/fr\/produit\/master-lock-n-s856-dispositif-de-consignation-a-cable-retractable\/","url":"https:\/\/d-identify.be\/fr\/produit\/master-lock-n-s856-dispositif-de-consignation-a-cable-retractable\/","name":"S856 dispositif de consignation \u00e0 c\u00e2ble r\u00e9tractable - Master Lock","isPartOf":{"@id":"https:\/\/d-identify.be\/fr\/#website"},"primaryImageOfPage":{"@id":"https:\/\/d-identify.be\/fr\/produit\/master-lock-n-s856-dispositif-de-consignation-a-cable-retractable\/#primaryimage"},"image":{"@id":"https:\/\/d-identify.be\/fr\/produit\/master-lock-n-s856-dispositif-de-consignation-a-cable-retractable\/#primaryimage"},"thumbnailUrl":"https:\/\/d-identify.be\/wp-content\/uploads\/2021\/07\/MLCOM_PRODUCT_S856.jpg","datePublished":"2021-07-26T11:41:22+00:00","dateModified":"2025-12-22T10:59:37+00:00","description":"S856 dispositif de consignation \u00e0 c\u00e2ble r\u00e9tractable avec c\u00e2ble en acier, syst\u00e8me \u00e0 cliquet et bo\u00eetier r\u00e9sistant pour la consignation.","breadcrumb":{"@id":"https:\/\/d-identify.be\/fr\/produit\/master-lock-n-s856-dispositif-de-consignation-a-cable-retractable\/#breadcrumb"},"inLanguage":"fr-FR","potentialAction":[{"@type":"ReadAction","target":["https:\/\/d-identify.be\/fr\/produit\/master-lock-n-s856-dispositif-de-consignation-a-cable-retractable\/"]}]},{"@type":"ImageObject","inLanguage":"fr-FR","@id":"https:\/\/d-identify.be\/fr\/produit\/master-lock-n-s856-dispositif-de-consignation-a-cable-retractable\/#primaryimage","url":"https:\/\/d-identify.be\/wp-content\/uploads\/2021\/07\/MLCOM_PRODUCT_S856.jpg","contentUrl":"https:\/\/d-identify.be\/wp-content\/uploads\/2021\/07\/MLCOM_PRODUCT_S856.jpg","width":280,"height":280,"caption":"Retractable Cable Lockout Device with Steel Core Cable"},{"@type":"BreadcrumbList","@id":"https:\/\/d-identify.be\/fr\/produit\/master-lock-n-s856-dispositif-de-consignation-a-cable-retractable\/#breadcrumb","itemListElement":[{"@type":"ListItem","position":1,"name":"Home","item":"https:\/\/d-identify.be\/fr\/home-2\/"},{"@type":"ListItem","position":2,"name":"Boutique","item":"https:\/\/d-identify.be\/fr\/boutique\/"},{"@type":"ListItem","position":3,"name":"Master Lock n\u00b0 S856 dispositif de consignation \u00e0 c\u00e2ble r\u00e9tractable"}]},{"@type":"WebSite","@id":"https:\/\/d-identify.be\/fr\/#website","url":"https:\/\/d-identify.be\/fr\/","name":"d-identify","description":"Industrial identification - Lockout - Tagout - Floor marking","potentialAction":[{"@type":"SearchAction","target":{"@type":"EntryPoint","urlTemplate":"https:\/\/d-identify.be\/fr\/?s={search_term_string}"},"query-input":{"@type":"PropertyValueSpecification","valueRequired":true,"valueName":"search_term_string"}}],"inLanguage":"fr-FR"}]}},"_links":{"self":[{"href":"https:\/\/d-identify.be\/fr\/wp-json\/wp\/v2\/product\/17937","targetHints":{"allow":["GET"]}}],"collection":[{"href":"https:\/\/d-identify.be\/fr\/wp-json\/wp\/v2\/product"}],"about":[{"href":"https:\/\/d-identify.be\/fr\/wp-json\/wp\/v2\/types\/product"}],"replies":[{"embeddable":true,"href":"https:\/\/d-identify.be\/fr\/wp-json\/wp\/v2\/comments?post=17937"}],"wp:featuredmedia":[{"embeddable":true,"href":"https:\/\/d-identify.be\/fr\/wp-json\/wp\/v2\/media\/17938"}],"wp:attachment":[{"href":"https:\/\/d-identify.be\/fr\/wp-json\/wp\/v2\/media?parent=17937"}],"wp:term":[{"taxonomy":"product_brand","embeddable":true,"href":"https:\/\/d-identify.be\/fr\/wp-json\/wp\/v2\/product_brand?post=17937"},{"taxonomy":"product_cat","embeddable":true,"href":"https:\/\/d-identify.be\/fr\/wp-json\/wp\/v2\/product_cat?post=17937"},{"taxonomy":"product_tag","embeddable":true,"href":"https:\/\/d-identify.be\/fr\/wp-json\/wp\/v2\/product_tag?post=17937"},{"taxonomy":"pa_connextion-shapes","embeddable":true,"href":"https:\/\/d-identify.be\/fr\/wp-json\/wp\/v2\/pa_connextion-shapes?post=17937"}],"curies":[{"name":"wp","href":"https:\/\/api.w.org\/{rel}","templated":true}]}}