{"id":17930,"date":"2021-07-26T12:41:23","date_gmt":"2021-07-26T10:41:23","guid":{"rendered":"https:\/\/d-identify.be\/product\/verrouillage-de-disjoncteur-miniature-3-pcs-ajustement-universel\/"},"modified":"2026-01-08T17:49:41","modified_gmt":"2026-01-08T15:49:41","slug":"master-lock-s2393-consignation-pour-disjoncteur-miniature","status":"publish","type":"product","link":"https:\/\/d-identify.be\/fr\/produit\/master-lock-s2393-consignation-pour-disjoncteur-miniature\/","title":{"rendered":"Master Lock S2393 Consignation pour disjoncteur miniature"},"content":{"rendered":"<p data-start=\"1108\" data-end=\"1386\">La <strong data-start=\"1111\" data-end=\"1159\">consignation disjoncteur miniature No. S2393<\/strong> permet de s\u00e9curiser efficacement les disjoncteurs miniatures ISO\/DIN utilis\u00e9s dans le monde entier. Le dispositif prot\u00e8ge la majorit\u00e9 des disjoncteurs standards pr\u00e9sents dans les tableaux \u00e9lectriques industriels et tertiaires.<\/p>\n<p data-start=\"1388\" data-end=\"1699\">La conception brevet\u00e9e se fixe directement sur le levier du disjoncteur. Vous serrez le dispositif \u00e0 l\u2019aide d\u2019un tournevis pour assurer un maintien fiable. Le syst\u00e8me fonctionne avec les cadenas de s\u00e9curit\u00e9 Master Lock et American Lock. Il est \u00e9galement compatible avec la plupart des m\u00e2choires de consignation.<\/p>\n<p data-start=\"1701\" data-end=\"1790\">Le format compact facilite le transport, le stockage et la mise en place rapide sur site.<\/p>\n","protected":false},"excerpt":{"rendered":"<p data-start=\"1826\" data-end=\"1945\">Consignation pour disjoncteur miniature ISO\/DIN. Fixation par vis sur le levier et compatible avec cadenas de s\u00e9curit\u00e9.<\/p>\n","protected":false},"featured_media":17931,"comment_status":"open","ping_status":"closed","template":"","meta":{"_acf_changed":false,"_et_pb_use_builder":"","_et_pb_old_content":"","_et_gb_content_width":""},"product_brand":[],"product_cat":[466,458],"product_tag":[934],"pa_connextion-shapes":[],"class_list":{"0":"post-17930","1":"product","2":"type-product","3":"status-publish","4":"has-post-thumbnail","6":"product_cat-lockout-tagout","7":"product_cat-electrical-lockout-devices","8":"product_tag-master-lock-fr","10":"first","11":"instock","12":"taxable","13":"shipping-taxable","14":"purchasable","15":"product-type-simple"},"exclude_global_add_ons":[],"addons":[],"acf":[],"yoast_head":"<!-- This site is optimized with the Yoast SEO Premium plugin v27.0 (Yoast SEO v27.1) - https:\/\/yoast.com\/product\/yoast-seo-premium-wordpress\/ -->\n<title>Consignation disjoncteur miniature \u2013 Master Lock S2393<\/title>\n<meta name=\"description\" content=\"Consignation disjoncteur miniature pour disjoncteurs ISO\/DIN. Fixation par vis sur le levier et compatible avec cadenas de s\u00e9curit\u00e9.\" \/>\n<meta name=\"robots\" content=\"index, follow, max-snippet:-1, max-image-preview:large, max-video-preview:-1\" \/>\n<link rel=\"canonical\" href=\"https:\/\/d-identify.be\/fr\/produit\/master-lock-s2393-consignation-pour-disjoncteur-miniature\/\" \/>\n<meta property=\"og:locale\" content=\"fr_FR\" \/>\n<meta property=\"og:type\" content=\"article\" \/>\n<meta property=\"og:title\" content=\"Master Lock S2393 Consignation pour disjoncteur miniature\" \/>\n<meta property=\"og:description\" content=\"Consignation disjoncteur miniature pour disjoncteurs ISO\/DIN. Fixation par vis sur le levier et compatible avec cadenas de s\u00e9curit\u00e9.\" \/>\n<meta property=\"og:url\" content=\"https:\/\/d-identify.be\/fr\/produit\/master-lock-s2393-consignation-pour-disjoncteur-miniature\/\" \/>\n<meta property=\"og:site_name\" content=\"d-identify\" \/>\n<meta property=\"article:modified_time\" content=\"2026-01-08T15:49:41+00:00\" \/>\n<meta property=\"og:image\" content=\"https:\/\/d-identify.be\/wp-content\/uploads\/2021\/07\/S2393.jpg\" \/>\n\t<meta property=\"og:image:width\" content=\"285\" \/>\n\t<meta property=\"og:image:height\" content=\"285\" \/>\n\t<meta property=\"og:image:type\" content=\"image\/jpeg\" \/>\n<meta name=\"twitter:card\" content=\"summary_large_image\" \/>\n<meta name=\"twitter:label1\" content=\"Dur\u00e9e de lecture estim\u00e9e\" \/>\n\t<meta name=\"twitter:data1\" content=\"1 minute\" \/>\n<script type=\"application\/ld+json\" class=\"yoast-schema-graph\">{\"@context\":\"https:\/\/schema.org\",\"@graph\":[{\"@type\":\"WebPage\",\"@id\":\"https:\/\/d-identify.be\/fr\/produit\/master-lock-s2393-consignation-pour-disjoncteur-miniature\/\",\"url\":\"https:\/\/d-identify.be\/fr\/produit\/master-lock-s2393-consignation-pour-disjoncteur-miniature\/\",\"name\":\"Consignation disjoncteur miniature \u2013 Master Lock S2393\",\"isPartOf\":{\"@id\":\"https:\/\/d-identify.be\/fr\/#website\"},\"primaryImageOfPage\":{\"@id\":\"https:\/\/d-identify.be\/fr\/produit\/master-lock-s2393-consignation-pour-disjoncteur-miniature\/#primaryimage\"},\"image\":{\"@id\":\"https:\/\/d-identify.be\/fr\/produit\/master-lock-s2393-consignation-pour-disjoncteur-miniature\/#primaryimage\"},\"thumbnailUrl\":\"https:\/\/d-identify.be\/wp-content\/uploads\/2021\/07\/S2393.jpg\",\"datePublished\":\"2021-07-26T10:41:23+00:00\",\"dateModified\":\"2026-01-08T15:49:41+00:00\",\"description\":\"Consignation disjoncteur miniature pour disjoncteurs ISO\/DIN. Fixation par vis sur le levier et compatible avec cadenas de s\u00e9curit\u00e9.\",\"breadcrumb\":{\"@id\":\"https:\/\/d-identify.be\/fr\/produit\/master-lock-s2393-consignation-pour-disjoncteur-miniature\/#breadcrumb\"},\"inLanguage\":\"fr-FR\",\"potentialAction\":[{\"@type\":\"ReadAction\",\"target\":[\"https:\/\/d-identify.be\/fr\/produit\/master-lock-s2393-consignation-pour-disjoncteur-miniature\/\"]}]},{\"@type\":\"ImageObject\",\"inLanguage\":\"fr-FR\",\"@id\":\"https:\/\/d-identify.be\/fr\/produit\/master-lock-s2393-consignation-pour-disjoncteur-miniature\/#primaryimage\",\"url\":\"https:\/\/d-identify.be\/wp-content\/uploads\/2021\/07\/S2393.jpg\",\"contentUrl\":\"https:\/\/d-identify.be\/wp-content\/uploads\/2021\/07\/S2393.jpg\",\"width\":285,\"height\":285,\"caption\":\"Consignation disjoncteur miniature \u2013 Master Lock S2393\"},{\"@type\":\"BreadcrumbList\",\"@id\":\"https:\/\/d-identify.be\/fr\/produit\/master-lock-s2393-consignation-pour-disjoncteur-miniature\/#breadcrumb\",\"itemListElement\":[{\"@type\":\"ListItem\",\"position\":1,\"name\":\"Home\",\"item\":\"https:\/\/d-identify.be\/fr\/home-2\/\"},{\"@type\":\"ListItem\",\"position\":2,\"name\":\"Boutique\",\"item\":\"https:\/\/d-identify.be\/fr\/boutique\/\"},{\"@type\":\"ListItem\",\"position\":3,\"name\":\"Master Lock S2393 Consignation pour disjoncteur miniature\"}]},{\"@type\":\"WebSite\",\"@id\":\"https:\/\/d-identify.be\/fr\/#website\",\"url\":\"https:\/\/d-identify.be\/fr\/\",\"name\":\"d-identify\",\"description\":\"Industrial identification - Lockout - Tagout - Floor marking\",\"potentialAction\":[{\"@type\":\"SearchAction\",\"target\":{\"@type\":\"EntryPoint\",\"urlTemplate\":\"https:\/\/d-identify.be\/fr\/?s={search_term_string}\"},\"query-input\":{\"@type\":\"PropertyValueSpecification\",\"valueRequired\":true,\"valueName\":\"search_term_string\"}}],\"inLanguage\":\"fr-FR\"}]}<\/script>\n<!-- \/ Yoast SEO Premium plugin. -->","yoast_head_json":{"title":"Consignation disjoncteur miniature \u2013 Master Lock S2393","description":"Consignation disjoncteur miniature pour disjoncteurs ISO\/DIN. Fixation par vis sur le levier et compatible avec cadenas de s\u00e9curit\u00e9.","robots":{"index":"index","follow":"follow","max-snippet":"max-snippet:-1","max-image-preview":"max-image-preview:large","max-video-preview":"max-video-preview:-1"},"canonical":"https:\/\/d-identify.be\/fr\/produit\/master-lock-s2393-consignation-pour-disjoncteur-miniature\/","og_locale":"fr_FR","og_type":"article","og_title":"Master Lock S2393 Consignation pour disjoncteur miniature","og_description":"Consignation disjoncteur miniature pour disjoncteurs ISO\/DIN. Fixation par vis sur le levier et compatible avec cadenas de s\u00e9curit\u00e9.","og_url":"https:\/\/d-identify.be\/fr\/produit\/master-lock-s2393-consignation-pour-disjoncteur-miniature\/","og_site_name":"d-identify","article_modified_time":"2026-01-08T15:49:41+00:00","og_image":[{"width":285,"height":285,"url":"https:\/\/d-identify.be\/wp-content\/uploads\/2021\/07\/S2393.jpg","type":"image\/jpeg"}],"twitter_card":"summary_large_image","twitter_misc":{"Dur\u00e9e de lecture estim\u00e9e":"1 minute"},"schema":{"@context":"https:\/\/schema.org","@graph":[{"@type":"WebPage","@id":"https:\/\/d-identify.be\/fr\/produit\/master-lock-s2393-consignation-pour-disjoncteur-miniature\/","url":"https:\/\/d-identify.be\/fr\/produit\/master-lock-s2393-consignation-pour-disjoncteur-miniature\/","name":"Consignation disjoncteur miniature \u2013 Master Lock S2393","isPartOf":{"@id":"https:\/\/d-identify.be\/fr\/#website"},"primaryImageOfPage":{"@id":"https:\/\/d-identify.be\/fr\/produit\/master-lock-s2393-consignation-pour-disjoncteur-miniature\/#primaryimage"},"image":{"@id":"https:\/\/d-identify.be\/fr\/produit\/master-lock-s2393-consignation-pour-disjoncteur-miniature\/#primaryimage"},"thumbnailUrl":"https:\/\/d-identify.be\/wp-content\/uploads\/2021\/07\/S2393.jpg","datePublished":"2021-07-26T10:41:23+00:00","dateModified":"2026-01-08T15:49:41+00:00","description":"Consignation disjoncteur miniature pour disjoncteurs ISO\/DIN. Fixation par vis sur le levier et compatible avec cadenas de s\u00e9curit\u00e9.","breadcrumb":{"@id":"https:\/\/d-identify.be\/fr\/produit\/master-lock-s2393-consignation-pour-disjoncteur-miniature\/#breadcrumb"},"inLanguage":"fr-FR","potentialAction":[{"@type":"ReadAction","target":["https:\/\/d-identify.be\/fr\/produit\/master-lock-s2393-consignation-pour-disjoncteur-miniature\/"]}]},{"@type":"ImageObject","inLanguage":"fr-FR","@id":"https:\/\/d-identify.be\/fr\/produit\/master-lock-s2393-consignation-pour-disjoncteur-miniature\/#primaryimage","url":"https:\/\/d-identify.be\/wp-content\/uploads\/2021\/07\/S2393.jpg","contentUrl":"https:\/\/d-identify.be\/wp-content\/uploads\/2021\/07\/S2393.jpg","width":285,"height":285,"caption":"Consignation disjoncteur miniature \u2013 Master Lock S2393"},{"@type":"BreadcrumbList","@id":"https:\/\/d-identify.be\/fr\/produit\/master-lock-s2393-consignation-pour-disjoncteur-miniature\/#breadcrumb","itemListElement":[{"@type":"ListItem","position":1,"name":"Home","item":"https:\/\/d-identify.be\/fr\/home-2\/"},{"@type":"ListItem","position":2,"name":"Boutique","item":"https:\/\/d-identify.be\/fr\/boutique\/"},{"@type":"ListItem","position":3,"name":"Master Lock S2393 Consignation pour disjoncteur miniature"}]},{"@type":"WebSite","@id":"https:\/\/d-identify.be\/fr\/#website","url":"https:\/\/d-identify.be\/fr\/","name":"d-identify","description":"Industrial identification - Lockout - Tagout - Floor marking","potentialAction":[{"@type":"SearchAction","target":{"@type":"EntryPoint","urlTemplate":"https:\/\/d-identify.be\/fr\/?s={search_term_string}"},"query-input":{"@type":"PropertyValueSpecification","valueRequired":true,"valueName":"search_term_string"}}],"inLanguage":"fr-FR"}]}},"_links":{"self":[{"href":"https:\/\/d-identify.be\/fr\/wp-json\/wp\/v2\/product\/17930","targetHints":{"allow":["GET"]}}],"collection":[{"href":"https:\/\/d-identify.be\/fr\/wp-json\/wp\/v2\/product"}],"about":[{"href":"https:\/\/d-identify.be\/fr\/wp-json\/wp\/v2\/types\/product"}],"replies":[{"embeddable":true,"href":"https:\/\/d-identify.be\/fr\/wp-json\/wp\/v2\/comments?post=17930"}],"wp:featuredmedia":[{"embeddable":true,"href":"https:\/\/d-identify.be\/fr\/wp-json\/wp\/v2\/media\/17931"}],"wp:attachment":[{"href":"https:\/\/d-identify.be\/fr\/wp-json\/wp\/v2\/media?parent=17930"}],"wp:term":[{"taxonomy":"product_brand","embeddable":true,"href":"https:\/\/d-identify.be\/fr\/wp-json\/wp\/v2\/product_brand?post=17930"},{"taxonomy":"product_cat","embeddable":true,"href":"https:\/\/d-identify.be\/fr\/wp-json\/wp\/v2\/product_cat?post=17930"},{"taxonomy":"product_tag","embeddable":true,"href":"https:\/\/d-identify.be\/fr\/wp-json\/wp\/v2\/product_tag?post=17930"},{"taxonomy":"pa_connextion-shapes","embeddable":true,"href":"https:\/\/d-identify.be\/fr\/wp-json\/wp\/v2\/pa_connextion-shapes?post=17930"}],"curies":[{"name":"wp","href":"https:\/\/api.w.org\/{rel}","templated":true}]}}