{"id":17848,"date":"2021-07-26T12:41:24","date_gmt":"2021-07-26T10:41:24","guid":{"rendered":"https:\/\/d-identify.be\/product\/s2394-dispositif-de-verrouillage-universel-sans-outil-pour-disjoncteur-miniature\/"},"modified":"2026-01-08T16:56:22","modified_gmt":"2026-01-08T14:56:22","slug":"master-lock-s2394-dispositif-universel-de-consignation-pour-disjoncteurs-miniatures","status":"publish","type":"product","link":"https:\/\/d-identify.be\/fr\/produit\/master-lock-s2394-dispositif-universel-de-consignation-pour-disjoncteurs-miniatures\/","title":{"rendered":"Master Lock S2394 Dispositif universel de consignation pour disjoncteurs miniatures"},"content":{"rendered":"<div id=\"product-features\" class=\"d-lg-block collapse show\">\n<div class=\"row flex-column flex-lg-row\">\n<div class=\"col-12 col-md-6 col-lg-4 offset-lg-1 order-2\">\n<div class=\"my-3\">\n<p data-start=\"1186\" data-end=\"1484\">Le <strong data-start=\"1189\" data-end=\"1256\">dispositif de consignation pour disjoncteur miniature No. S2394<\/strong> assure une consignation fiable des disjoncteurs miniatures ISO\/DIN utilis\u00e9s dans le monde entier. Il permet de verrouiller la majorit\u00e9 des disjoncteurs standards pr\u00e9sents dans les tableaux \u00e9lectriques industriels et tertiaires.<\/p>\n<p data-start=\"1486\" data-end=\"1840\">Gr\u00e2ce \u00e0 sa conception brevet\u00e9e, le dispositif se fixe facilement \u00e0 l\u2019aide d\u2019une molette de serrage. L\u2019installation s\u2019effectue sans outil. En position verrouill\u00e9e, la structure bloque l\u2019acc\u00e8s au bouton et emp\u00eache tout retrait. Ce <strong data-start=\"1715\" data-end=\"1772\">dispositif de consignation pour disjoncteur miniature<\/strong> permet l\u2019installation du cadenas \u00e0 l\u2019horizontale ou \u00e0 la verticale.<\/p>\n<p data-start=\"1842\" data-end=\"2165\">Le format compact autorise un montage c\u00f4te \u00e0 c\u00f4te sur des disjoncteurs adjacents. Le dispositif est compatible avec les cadenas de s\u00e9curit\u00e9 <strong data-start=\"1982\" data-end=\"2023\"><span class=\"hover:entity-accent entity-underline inline cursor-pointer align-baseline\"><span class=\"whitespace-normal\">American Lock<\/span><\/span><\/strong> et <strong data-start=\"2027\" data-end=\"2068\"><span class=\"hover:entity-accent entity-underline inline cursor-pointer align-baseline\"><span class=\"whitespace-normal\">Master Lock<\/span><\/span><\/strong>, ainsi qu\u2019avec la plupart des m\u00e2choires de consignation.<br data-start=\"2125\" data-end=\"2128\" \/><em data-start=\"2128\" data-end=\"2165\">ALO80 et ALO802 ne sont pas inclus.<\/em><\/p>\n<\/div>\n<\/div>\n<\/div>\n<\/div>\n","protected":false},"excerpt":{"rendered":"<p data-start=\"2201\" data-end=\"2331\">Dispositif universel de consignation pour disjoncteur miniature ISO\/DIN. Montage sans outil et positionnement flexible du cadenas.<\/p>\n","protected":false},"featured_media":17849,"comment_status":"open","ping_status":"closed","template":"","meta":{"_acf_changed":false,"_et_pb_use_builder":"","_et_pb_old_content":"","_et_gb_content_width":""},"product_brand":[],"product_cat":[466,458],"product_tag":[934],"pa_connextion-shapes":[],"class_list":{"0":"post-17848","1":"product","2":"type-product","3":"status-publish","4":"has-post-thumbnail","6":"product_cat-lockout-tagout","7":"product_cat-electrical-lockout-devices","8":"product_tag-master-lock-fr","10":"first","11":"instock","12":"taxable","13":"shipping-taxable","14":"purchasable","15":"product-type-simple"},"exclude_global_add_ons":[],"addons":[],"acf":[],"yoast_head":"<!-- This site is optimized with the Yoast SEO Premium plugin v27.0 (Yoast SEO v27.1) - https:\/\/yoast.com\/product\/yoast-seo-premium-wordpress\/ -->\n<title>Dispositif de consignation pour disjoncteur miniature \u2013 S2394<\/title>\n<meta name=\"description\" content=\"Dispositif de consignation pour disjoncteur miniature ISO\/DIN. Installation sans outil et positionnement flexible du cadenas.\" \/>\n<meta name=\"robots\" content=\"index, follow, max-snippet:-1, max-image-preview:large, max-video-preview:-1\" \/>\n<link rel=\"canonical\" href=\"https:\/\/d-identify.be\/fr\/produit\/master-lock-s2394-dispositif-universel-de-consignation-pour-disjoncteurs-miniatures\/\" \/>\n<meta property=\"og:locale\" content=\"fr_FR\" \/>\n<meta property=\"og:type\" content=\"article\" \/>\n<meta property=\"og:title\" content=\"Master Lock S2394 Dispositif universel de consignation pour disjoncteurs miniatures\" \/>\n<meta property=\"og:description\" content=\"Dispositif de consignation pour disjoncteur miniature ISO\/DIN. Installation sans outil et positionnement flexible du cadenas.\" \/>\n<meta property=\"og:url\" content=\"https:\/\/d-identify.be\/fr\/produit\/master-lock-s2394-dispositif-universel-de-consignation-pour-disjoncteurs-miniatures\/\" \/>\n<meta property=\"og:site_name\" content=\"d-identify\" \/>\n<meta property=\"article:modified_time\" content=\"2026-01-08T14:56:22+00:00\" \/>\n<meta property=\"og:image\" content=\"https:\/\/d-identify.be\/wp-content\/uploads\/2021\/07\/S2394LR3.jpg\" \/>\n\t<meta property=\"og:image:width\" content=\"228\" \/>\n\t<meta property=\"og:image:height\" content=\"228\" \/>\n\t<meta property=\"og:image:type\" content=\"image\/jpeg\" \/>\n<meta name=\"twitter:card\" content=\"summary_large_image\" \/>\n<meta name=\"twitter:label1\" content=\"Dur\u00e9e de lecture estim\u00e9e\" \/>\n\t<meta name=\"twitter:data1\" content=\"1 minute\" \/>\n<script type=\"application\/ld+json\" class=\"yoast-schema-graph\">{\"@context\":\"https:\/\/schema.org\",\"@graph\":[{\"@type\":\"WebPage\",\"@id\":\"https:\/\/d-identify.be\/fr\/produit\/master-lock-s2394-dispositif-universel-de-consignation-pour-disjoncteurs-miniatures\/\",\"url\":\"https:\/\/d-identify.be\/fr\/produit\/master-lock-s2394-dispositif-universel-de-consignation-pour-disjoncteurs-miniatures\/\",\"name\":\"Dispositif de consignation pour disjoncteur miniature \u2013 S2394\",\"isPartOf\":{\"@id\":\"https:\/\/d-identify.be\/fr\/#website\"},\"primaryImageOfPage\":{\"@id\":\"https:\/\/d-identify.be\/fr\/produit\/master-lock-s2394-dispositif-universel-de-consignation-pour-disjoncteurs-miniatures\/#primaryimage\"},\"image\":{\"@id\":\"https:\/\/d-identify.be\/fr\/produit\/master-lock-s2394-dispositif-universel-de-consignation-pour-disjoncteurs-miniatures\/#primaryimage\"},\"thumbnailUrl\":\"https:\/\/d-identify.be\/wp-content\/uploads\/2021\/07\/S2394LR3.jpg\",\"datePublished\":\"2021-07-26T10:41:24+00:00\",\"dateModified\":\"2026-01-08T14:56:22+00:00\",\"description\":\"Dispositif de consignation pour disjoncteur miniature ISO\/DIN. Installation sans outil et positionnement flexible du cadenas.\",\"breadcrumb\":{\"@id\":\"https:\/\/d-identify.be\/fr\/produit\/master-lock-s2394-dispositif-universel-de-consignation-pour-disjoncteurs-miniatures\/#breadcrumb\"},\"inLanguage\":\"fr-FR\",\"potentialAction\":[{\"@type\":\"ReadAction\",\"target\":[\"https:\/\/d-identify.be\/fr\/produit\/master-lock-s2394-dispositif-universel-de-consignation-pour-disjoncteurs-miniatures\/\"]}]},{\"@type\":\"ImageObject\",\"inLanguage\":\"fr-FR\",\"@id\":\"https:\/\/d-identify.be\/fr\/produit\/master-lock-s2394-dispositif-universel-de-consignation-pour-disjoncteurs-miniatures\/#primaryimage\",\"url\":\"https:\/\/d-identify.be\/wp-content\/uploads\/2021\/07\/S2394LR3.jpg\",\"contentUrl\":\"https:\/\/d-identify.be\/wp-content\/uploads\/2021\/07\/S2394LR3.jpg\",\"width\":228,\"height\":228,\"caption\":\"Dispositif de consignation pour disjoncteur miniature \u2013 Master Lock S2394\"},{\"@type\":\"BreadcrumbList\",\"@id\":\"https:\/\/d-identify.be\/fr\/produit\/master-lock-s2394-dispositif-universel-de-consignation-pour-disjoncteurs-miniatures\/#breadcrumb\",\"itemListElement\":[{\"@type\":\"ListItem\",\"position\":1,\"name\":\"Home\",\"item\":\"https:\/\/d-identify.be\/fr\/home-2\/\"},{\"@type\":\"ListItem\",\"position\":2,\"name\":\"Boutique\",\"item\":\"https:\/\/d-identify.be\/fr\/boutique\/\"},{\"@type\":\"ListItem\",\"position\":3,\"name\":\"Master Lock S2394 Dispositif universel de consignation pour disjoncteurs miniatures\"}]},{\"@type\":\"WebSite\",\"@id\":\"https:\/\/d-identify.be\/fr\/#website\",\"url\":\"https:\/\/d-identify.be\/fr\/\",\"name\":\"d-identify\",\"description\":\"Industrial identification - Lockout - Tagout - Floor marking\",\"potentialAction\":[{\"@type\":\"SearchAction\",\"target\":{\"@type\":\"EntryPoint\",\"urlTemplate\":\"https:\/\/d-identify.be\/fr\/?s={search_term_string}\"},\"query-input\":{\"@type\":\"PropertyValueSpecification\",\"valueRequired\":true,\"valueName\":\"search_term_string\"}}],\"inLanguage\":\"fr-FR\"}]}<\/script>\n<!-- \/ Yoast SEO Premium plugin. -->","yoast_head_json":{"title":"Dispositif de consignation pour disjoncteur miniature \u2013 S2394","description":"Dispositif de consignation pour disjoncteur miniature ISO\/DIN. Installation sans outil et positionnement flexible du cadenas.","robots":{"index":"index","follow":"follow","max-snippet":"max-snippet:-1","max-image-preview":"max-image-preview:large","max-video-preview":"max-video-preview:-1"},"canonical":"https:\/\/d-identify.be\/fr\/produit\/master-lock-s2394-dispositif-universel-de-consignation-pour-disjoncteurs-miniatures\/","og_locale":"fr_FR","og_type":"article","og_title":"Master Lock S2394 Dispositif universel de consignation pour disjoncteurs miniatures","og_description":"Dispositif de consignation pour disjoncteur miniature ISO\/DIN. Installation sans outil et positionnement flexible du cadenas.","og_url":"https:\/\/d-identify.be\/fr\/produit\/master-lock-s2394-dispositif-universel-de-consignation-pour-disjoncteurs-miniatures\/","og_site_name":"d-identify","article_modified_time":"2026-01-08T14:56:22+00:00","og_image":[{"width":228,"height":228,"url":"https:\/\/d-identify.be\/wp-content\/uploads\/2021\/07\/S2394LR3.jpg","type":"image\/jpeg"}],"twitter_card":"summary_large_image","twitter_misc":{"Dur\u00e9e de lecture estim\u00e9e":"1 minute"},"schema":{"@context":"https:\/\/schema.org","@graph":[{"@type":"WebPage","@id":"https:\/\/d-identify.be\/fr\/produit\/master-lock-s2394-dispositif-universel-de-consignation-pour-disjoncteurs-miniatures\/","url":"https:\/\/d-identify.be\/fr\/produit\/master-lock-s2394-dispositif-universel-de-consignation-pour-disjoncteurs-miniatures\/","name":"Dispositif de consignation pour disjoncteur miniature \u2013 S2394","isPartOf":{"@id":"https:\/\/d-identify.be\/fr\/#website"},"primaryImageOfPage":{"@id":"https:\/\/d-identify.be\/fr\/produit\/master-lock-s2394-dispositif-universel-de-consignation-pour-disjoncteurs-miniatures\/#primaryimage"},"image":{"@id":"https:\/\/d-identify.be\/fr\/produit\/master-lock-s2394-dispositif-universel-de-consignation-pour-disjoncteurs-miniatures\/#primaryimage"},"thumbnailUrl":"https:\/\/d-identify.be\/wp-content\/uploads\/2021\/07\/S2394LR3.jpg","datePublished":"2021-07-26T10:41:24+00:00","dateModified":"2026-01-08T14:56:22+00:00","description":"Dispositif de consignation pour disjoncteur miniature ISO\/DIN. Installation sans outil et positionnement flexible du cadenas.","breadcrumb":{"@id":"https:\/\/d-identify.be\/fr\/produit\/master-lock-s2394-dispositif-universel-de-consignation-pour-disjoncteurs-miniatures\/#breadcrumb"},"inLanguage":"fr-FR","potentialAction":[{"@type":"ReadAction","target":["https:\/\/d-identify.be\/fr\/produit\/master-lock-s2394-dispositif-universel-de-consignation-pour-disjoncteurs-miniatures\/"]}]},{"@type":"ImageObject","inLanguage":"fr-FR","@id":"https:\/\/d-identify.be\/fr\/produit\/master-lock-s2394-dispositif-universel-de-consignation-pour-disjoncteurs-miniatures\/#primaryimage","url":"https:\/\/d-identify.be\/wp-content\/uploads\/2021\/07\/S2394LR3.jpg","contentUrl":"https:\/\/d-identify.be\/wp-content\/uploads\/2021\/07\/S2394LR3.jpg","width":228,"height":228,"caption":"Dispositif de consignation pour disjoncteur miniature \u2013 Master Lock S2394"},{"@type":"BreadcrumbList","@id":"https:\/\/d-identify.be\/fr\/produit\/master-lock-s2394-dispositif-universel-de-consignation-pour-disjoncteurs-miniatures\/#breadcrumb","itemListElement":[{"@type":"ListItem","position":1,"name":"Home","item":"https:\/\/d-identify.be\/fr\/home-2\/"},{"@type":"ListItem","position":2,"name":"Boutique","item":"https:\/\/d-identify.be\/fr\/boutique\/"},{"@type":"ListItem","position":3,"name":"Master Lock S2394 Dispositif universel de consignation pour disjoncteurs miniatures"}]},{"@type":"WebSite","@id":"https:\/\/d-identify.be\/fr\/#website","url":"https:\/\/d-identify.be\/fr\/","name":"d-identify","description":"Industrial identification - Lockout - Tagout - Floor marking","potentialAction":[{"@type":"SearchAction","target":{"@type":"EntryPoint","urlTemplate":"https:\/\/d-identify.be\/fr\/?s={search_term_string}"},"query-input":{"@type":"PropertyValueSpecification","valueRequired":true,"valueName":"search_term_string"}}],"inLanguage":"fr-FR"}]}},"_links":{"self":[{"href":"https:\/\/d-identify.be\/fr\/wp-json\/wp\/v2\/product\/17848","targetHints":{"allow":["GET"]}}],"collection":[{"href":"https:\/\/d-identify.be\/fr\/wp-json\/wp\/v2\/product"}],"about":[{"href":"https:\/\/d-identify.be\/fr\/wp-json\/wp\/v2\/types\/product"}],"replies":[{"embeddable":true,"href":"https:\/\/d-identify.be\/fr\/wp-json\/wp\/v2\/comments?post=17848"}],"wp:featuredmedia":[{"embeddable":true,"href":"https:\/\/d-identify.be\/fr\/wp-json\/wp\/v2\/media\/17849"}],"wp:attachment":[{"href":"https:\/\/d-identify.be\/fr\/wp-json\/wp\/v2\/media?parent=17848"}],"wp:term":[{"taxonomy":"product_brand","embeddable":true,"href":"https:\/\/d-identify.be\/fr\/wp-json\/wp\/v2\/product_brand?post=17848"},{"taxonomy":"product_cat","embeddable":true,"href":"https:\/\/d-identify.be\/fr\/wp-json\/wp\/v2\/product_cat?post=17848"},{"taxonomy":"product_tag","embeddable":true,"href":"https:\/\/d-identify.be\/fr\/wp-json\/wp\/v2\/product_tag?post=17848"},{"taxonomy":"pa_connextion-shapes","embeddable":true,"href":"https:\/\/d-identify.be\/fr\/wp-json\/wp\/v2\/pa_connextion-shapes?post=17848"}],"curies":[{"name":"wp","href":"https:\/\/api.w.org\/{rel}","templated":true}]}}