{"id":17806,"date":"2021-07-26T12:41:25","date_gmt":"2021-07-26T10:41:25","guid":{"rendered":"https:\/\/d-identify.be\/product\/cadenas-de-securite-en-thermoplastique-zenex-dielectrique-s32-largeur-de-35mm-avec-anse-en-nylon-de-38mm-de-hauteur-non-retention-de-cle\/"},"modified":"2026-01-12T17:44:12","modified_gmt":"2026-01-12T15:44:12","slug":"s32-cadenas-de-securite","status":"publish","type":"product","link":"https:\/\/d-identify.be\/fr\/produit\/s32-cadenas-de-securite\/","title":{"rendered":"Master Lock S32 Global Zenex\u2122 cadenas de s\u00e9curit\u00e9 thermoplastique"},"content":{"rendered":"<p data-start=\"1111\" data-end=\"1361\">Le <strong data-start=\"1114\" data-end=\"1141\">S32 cadenas de s\u00e9curit\u00e9<\/strong> est d\u00e9velopp\u00e9 pour les applications de lockout-tagout en milieu industriel. Il dispose d\u2019un corps en thermoplastique Zenex\u2122 d\u2019une largeur de 35 mm. Gr\u00e2ce \u00e0 cette conception, le cadenas reste l\u00e9ger et facile \u00e0 manipuler.<\/p>\n<p data-start=\"1363\" data-end=\"1624\">De plus, le cadenas utilise une anse en nylon non conductrice de 38 mm de hauteur et de 5 mm de diam\u00e8tre. Cette anse r\u00e9siste \u00e0 la corrosion et ne conduit pas l\u2019\u00e9lectricit\u00e9. Ainsi, le cadenas convient aux environnements \u00e9lectriques et aux applications sensibles.<\/p>\n<p data-start=\"1626\" data-end=\"1822\">Le corps en thermoplastique Zenex\u2122 r\u00e9siste aux produits chimiques et aux temp\u00e9ratures extr\u00eames. En m\u00eame temps, son faible poids am\u00e9liore le confort lors des op\u00e9rations de maintenance quotidiennes.<\/p>\n<p data-start=\"1824\" data-end=\"2086\">Le cadenas int\u00e8gre un cylindre de s\u00e9curit\u00e9 \u00e0 6 goupilles r\u00e9serv\u00e9 exclusivement aux applications de s\u00e9curit\u00e9. Ce m\u00e9canisme respecte le principe <strong data-start=\"1967\" data-end=\"2006\">\u00ab un employ\u00e9, un cadenas, une cl\u00e9 \u00bb<\/strong> et garantit un contr\u00f4le personnel clair pendant les proc\u00e9dures de consignation.<\/p>\n<p data-start=\"2088\" data-end=\"2421\">Enfin, le <strong data-start=\"2098\" data-end=\"2125\">S32 cadenas de s\u00e9curit\u00e9<\/strong> est livr\u00e9 avec des \u00e9tiquettes inscriptibles multilingues. Les utilisateurs peuvent ajouter des noms, des services ou des informations de t\u00e2che directement sur site. Cela am\u00e9liore l\u2019identification et soutient des proc\u00e9dures de lockout-tagout claires et conformes, m\u00eame \u00e0 l\u2019\u00e9chelle internationale.<\/p>\n","protected":false},"excerpt":{"rendered":"<p data-start=\"799\" data-end=\"1042\">Le <strong data-start=\"802\" data-end=\"829\">S32 cadenas de s\u00e9curit\u00e9<\/strong> est con\u00e7u pour les applications de lockout-tagout. Son corps en thermoplastique Zenex\u2122 et son anse en nylon non conductrice assurent une isolation des \u00e9nergies s\u00fbre et fiable, m\u00eame en environnement international.<\/p>\n","protected":false},"featured_media":17823,"comment_status":"open","ping_status":"closed","template":"","meta":{"_acf_changed":false,"_et_pb_use_builder":"","_et_pb_old_content":"","_et_gb_content_width":""},"product_brand":[],"product_cat":[466,628],"product_tag":[934],"pa_connextion-shapes":[],"class_list":{"0":"post-17806","1":"product","2":"type-product","3":"status-publish","4":"has-post-thumbnail","6":"product_cat-lockout-tagout","7":"product_cat-lockout-padlocks","8":"product_tag-master-lock-fr","10":"first","11":"instock","12":"taxable","13":"shipping-taxable","14":"purchasable","15":"product-type-variable","16":"has-default-attributes"},"exclude_global_add_ons":[],"addons":[],"acf":[],"yoast_head":"<!-- This site is optimized with the Yoast SEO Premium plugin v27.0 (Yoast SEO v27.1) - https:\/\/yoast.com\/product\/yoast-seo-premium-wordpress\/ -->\n<title>S32 cadenas de s\u00e9curit\u00e9 - Master Lock<\/title>\n<meta name=\"description\" content=\"S32 cadenas de s\u00e9curit\u00e9 avec corps thermoplastique Zenex\u2122 et anse nylon non conductrice pour applications lockout-tagout.\" \/>\n<meta name=\"robots\" content=\"index, follow, max-snippet:-1, max-image-preview:large, max-video-preview:-1\" \/>\n<link rel=\"canonical\" href=\"https:\/\/d-identify.be\/fr\/produit\/s32-cadenas-de-securite\/\" \/>\n<meta property=\"og:locale\" content=\"fr_FR\" \/>\n<meta property=\"og:type\" content=\"article\" \/>\n<meta property=\"og:title\" content=\"Master Lock S32 Global Zenex\u2122 cadenas de s\u00e9curit\u00e9 thermoplastique\" \/>\n<meta property=\"og:description\" content=\"S32 cadenas de s\u00e9curit\u00e9 avec corps thermoplastique Zenex\u2122 et anse nylon non conductrice pour applications lockout-tagout.\" \/>\n<meta property=\"og:url\" content=\"https:\/\/d-identify.be\/fr\/produit\/s32-cadenas-de-securite\/\" \/>\n<meta property=\"og:site_name\" content=\"d-identify\" \/>\n<meta property=\"article:modified_time\" content=\"2026-01-12T15:44:12+00:00\" \/>\n<meta property=\"og:image\" content=\"https:\/\/d-identify.be\/wp-content\/uploads\/2021\/07\/S32GRN.jpg\" \/>\n\t<meta property=\"og:image:width\" content=\"257\" \/>\n\t<meta property=\"og:image:height\" content=\"257\" \/>\n\t<meta property=\"og:image:type\" content=\"image\/jpeg\" \/>\n<meta name=\"twitter:card\" content=\"summary_large_image\" \/>\n<meta name=\"twitter:label1\" content=\"Dur\u00e9e de lecture estim\u00e9e\" \/>\n\t<meta name=\"twitter:data1\" content=\"2 minutes\" \/>\n<script type=\"application\/ld+json\" class=\"yoast-schema-graph\">{\"@context\":\"https:\/\/schema.org\",\"@graph\":[{\"@type\":\"WebPage\",\"@id\":\"https:\/\/d-identify.be\/fr\/produit\/s32-cadenas-de-securite\/\",\"url\":\"https:\/\/d-identify.be\/fr\/produit\/s32-cadenas-de-securite\/\",\"name\":\"S32 cadenas de s\u00e9curit\u00e9 - Master Lock\",\"isPartOf\":{\"@id\":\"https:\/\/d-identify.be\/fr\/#website\"},\"primaryImageOfPage\":{\"@id\":\"https:\/\/d-identify.be\/fr\/produit\/s32-cadenas-de-securite\/#primaryimage\"},\"image\":{\"@id\":\"https:\/\/d-identify.be\/fr\/produit\/s32-cadenas-de-securite\/#primaryimage\"},\"thumbnailUrl\":\"https:\/\/d-identify.be\/wp-content\/uploads\/2021\/07\/S32GRN.jpg\",\"datePublished\":\"2021-07-26T10:41:25+00:00\",\"dateModified\":\"2026-01-12T15:44:12+00:00\",\"description\":\"S32 cadenas de s\u00e9curit\u00e9 avec corps thermoplastique Zenex\u2122 et anse nylon non conductrice pour applications lockout-tagout.\",\"breadcrumb\":{\"@id\":\"https:\/\/d-identify.be\/fr\/produit\/s32-cadenas-de-securite\/#breadcrumb\"},\"inLanguage\":\"fr-FR\",\"potentialAction\":[{\"@type\":\"ReadAction\",\"target\":[\"https:\/\/d-identify.be\/fr\/produit\/s32-cadenas-de-securite\/\"]}]},{\"@type\":\"ImageObject\",\"inLanguage\":\"fr-FR\",\"@id\":\"https:\/\/d-identify.be\/fr\/produit\/s32-cadenas-de-securite\/#primaryimage\",\"url\":\"https:\/\/d-identify.be\/wp-content\/uploads\/2021\/07\/S32GRN.jpg\",\"contentUrl\":\"https:\/\/d-identify.be\/wp-content\/uploads\/2021\/07\/S32GRN.jpg\",\"width\":257,\"height\":257,\"caption\":\"S32 cadenas de s\u00e9curit\u00e9 - Master Lock\"},{\"@type\":\"BreadcrumbList\",\"@id\":\"https:\/\/d-identify.be\/fr\/produit\/s32-cadenas-de-securite\/#breadcrumb\",\"itemListElement\":[{\"@type\":\"ListItem\",\"position\":1,\"name\":\"Home\",\"item\":\"https:\/\/d-identify.be\/fr\/home-2\/\"},{\"@type\":\"ListItem\",\"position\":2,\"name\":\"Boutique\",\"item\":\"https:\/\/d-identify.be\/fr\/boutique\/\"},{\"@type\":\"ListItem\",\"position\":3,\"name\":\"Master Lock S32 Global Zenex\u2122 cadenas de s\u00e9curit\u00e9 thermoplastique\"}]},{\"@type\":\"WebSite\",\"@id\":\"https:\/\/d-identify.be\/fr\/#website\",\"url\":\"https:\/\/d-identify.be\/fr\/\",\"name\":\"d-identify\",\"description\":\"Industrial identification - Lockout - Tagout - Floor marking\",\"potentialAction\":[{\"@type\":\"SearchAction\",\"target\":{\"@type\":\"EntryPoint\",\"urlTemplate\":\"https:\/\/d-identify.be\/fr\/?s={search_term_string}\"},\"query-input\":{\"@type\":\"PropertyValueSpecification\",\"valueRequired\":true,\"valueName\":\"search_term_string\"}}],\"inLanguage\":\"fr-FR\"}]}<\/script>\n<!-- \/ Yoast SEO Premium plugin. -->","yoast_head_json":{"title":"S32 cadenas de s\u00e9curit\u00e9 - Master Lock","description":"S32 cadenas de s\u00e9curit\u00e9 avec corps thermoplastique Zenex\u2122 et anse nylon non conductrice pour applications lockout-tagout.","robots":{"index":"index","follow":"follow","max-snippet":"max-snippet:-1","max-image-preview":"max-image-preview:large","max-video-preview":"max-video-preview:-1"},"canonical":"https:\/\/d-identify.be\/fr\/produit\/s32-cadenas-de-securite\/","og_locale":"fr_FR","og_type":"article","og_title":"Master Lock S32 Global Zenex\u2122 cadenas de s\u00e9curit\u00e9 thermoplastique","og_description":"S32 cadenas de s\u00e9curit\u00e9 avec corps thermoplastique Zenex\u2122 et anse nylon non conductrice pour applications lockout-tagout.","og_url":"https:\/\/d-identify.be\/fr\/produit\/s32-cadenas-de-securite\/","og_site_name":"d-identify","article_modified_time":"2026-01-12T15:44:12+00:00","og_image":[{"width":257,"height":257,"url":"https:\/\/d-identify.be\/wp-content\/uploads\/2021\/07\/S32GRN.jpg","type":"image\/jpeg"}],"twitter_card":"summary_large_image","twitter_misc":{"Dur\u00e9e de lecture estim\u00e9e":"2 minutes"},"schema":{"@context":"https:\/\/schema.org","@graph":[{"@type":"WebPage","@id":"https:\/\/d-identify.be\/fr\/produit\/s32-cadenas-de-securite\/","url":"https:\/\/d-identify.be\/fr\/produit\/s32-cadenas-de-securite\/","name":"S32 cadenas de s\u00e9curit\u00e9 - Master Lock","isPartOf":{"@id":"https:\/\/d-identify.be\/fr\/#website"},"primaryImageOfPage":{"@id":"https:\/\/d-identify.be\/fr\/produit\/s32-cadenas-de-securite\/#primaryimage"},"image":{"@id":"https:\/\/d-identify.be\/fr\/produit\/s32-cadenas-de-securite\/#primaryimage"},"thumbnailUrl":"https:\/\/d-identify.be\/wp-content\/uploads\/2021\/07\/S32GRN.jpg","datePublished":"2021-07-26T10:41:25+00:00","dateModified":"2026-01-12T15:44:12+00:00","description":"S32 cadenas de s\u00e9curit\u00e9 avec corps thermoplastique Zenex\u2122 et anse nylon non conductrice pour applications lockout-tagout.","breadcrumb":{"@id":"https:\/\/d-identify.be\/fr\/produit\/s32-cadenas-de-securite\/#breadcrumb"},"inLanguage":"fr-FR","potentialAction":[{"@type":"ReadAction","target":["https:\/\/d-identify.be\/fr\/produit\/s32-cadenas-de-securite\/"]}]},{"@type":"ImageObject","inLanguage":"fr-FR","@id":"https:\/\/d-identify.be\/fr\/produit\/s32-cadenas-de-securite\/#primaryimage","url":"https:\/\/d-identify.be\/wp-content\/uploads\/2021\/07\/S32GRN.jpg","contentUrl":"https:\/\/d-identify.be\/wp-content\/uploads\/2021\/07\/S32GRN.jpg","width":257,"height":257,"caption":"S32 cadenas de s\u00e9curit\u00e9 - Master Lock"},{"@type":"BreadcrumbList","@id":"https:\/\/d-identify.be\/fr\/produit\/s32-cadenas-de-securite\/#breadcrumb","itemListElement":[{"@type":"ListItem","position":1,"name":"Home","item":"https:\/\/d-identify.be\/fr\/home-2\/"},{"@type":"ListItem","position":2,"name":"Boutique","item":"https:\/\/d-identify.be\/fr\/boutique\/"},{"@type":"ListItem","position":3,"name":"Master Lock S32 Global Zenex\u2122 cadenas de s\u00e9curit\u00e9 thermoplastique"}]},{"@type":"WebSite","@id":"https:\/\/d-identify.be\/fr\/#website","url":"https:\/\/d-identify.be\/fr\/","name":"d-identify","description":"Industrial identification - Lockout - Tagout - Floor marking","potentialAction":[{"@type":"SearchAction","target":{"@type":"EntryPoint","urlTemplate":"https:\/\/d-identify.be\/fr\/?s={search_term_string}"},"query-input":{"@type":"PropertyValueSpecification","valueRequired":true,"valueName":"search_term_string"}}],"inLanguage":"fr-FR"}]}},"_links":{"self":[{"href":"https:\/\/d-identify.be\/fr\/wp-json\/wp\/v2\/product\/17806","targetHints":{"allow":["GET"]}}],"collection":[{"href":"https:\/\/d-identify.be\/fr\/wp-json\/wp\/v2\/product"}],"about":[{"href":"https:\/\/d-identify.be\/fr\/wp-json\/wp\/v2\/types\/product"}],"replies":[{"embeddable":true,"href":"https:\/\/d-identify.be\/fr\/wp-json\/wp\/v2\/comments?post=17806"}],"wp:featuredmedia":[{"embeddable":true,"href":"https:\/\/d-identify.be\/fr\/wp-json\/wp\/v2\/media\/17823"}],"wp:attachment":[{"href":"https:\/\/d-identify.be\/fr\/wp-json\/wp\/v2\/media?parent=17806"}],"wp:term":[{"taxonomy":"product_brand","embeddable":true,"href":"https:\/\/d-identify.be\/fr\/wp-json\/wp\/v2\/product_brand?post=17806"},{"taxonomy":"product_cat","embeddable":true,"href":"https:\/\/d-identify.be\/fr\/wp-json\/wp\/v2\/product_cat?post=17806"},{"taxonomy":"product_tag","embeddable":true,"href":"https:\/\/d-identify.be\/fr\/wp-json\/wp\/v2\/product_tag?post=17806"},{"taxonomy":"pa_connextion-shapes","embeddable":true,"href":"https:\/\/d-identify.be\/fr\/wp-json\/wp\/v2\/pa_connextion-shapes?post=17806"}],"curies":[{"name":"wp","href":"https:\/\/api.w.org\/{rel}","templated":true}]}}