{"id":17673,"date":"2021-07-26T12:41:28","date_gmt":"2021-07-26T10:41:28","guid":{"rendered":"https:\/\/d-identify.be\/product\/s806-dispositif-de-verrouillage-de-cable-reglable-dune-longueur-de-18-m\/"},"modified":"2025-12-24T13:22:24","modified_gmt":"2025-12-24T11:22:24","slug":"master-lock-s806-consignation-a-cable-reglable","status":"publish","type":"product","link":"https:\/\/d-identify.be\/fr\/produit\/master-lock-s806-consignation-a-cable-reglable\/","title":{"rendered":"Master Lock S806 consignation \u00e0 c\u00e2ble r\u00e9glable"},"content":{"rendered":"<div class=\"flex max-w-full flex-col grow\">\n<div class=\"min-h-8 text-message relative flex w-full flex-col items-end gap-2 text-start break-words whitespace-normal [.text-message+&amp;]:mt-1\" dir=\"auto\" data-message-author-role=\"assistant\" data-message-id=\"dd29ad5a-2909-4775-88a5-4472e4655e2a\" data-message-model-slug=\"gpt-5-2\">\n<div class=\"flex w-full flex-col gap-1 empty:hidden first:pt-[1px]\">\n<div class=\"markdown prose dark:prose-invert w-full break-words light markdown-new-styling\">\n<p data-start=\"0\" data-end=\"67\" data-is-last-node=\"\" data-is-only-node=\"\"><strong data-start=\"0\" data-end=\"67\" data-is-last-node=\"\" data-is-only-node=\"\">Dispositif de consignation \u00e0 c\u00e2ble r\u00e9glable Master Lock n\u00b0 S806 <\/strong>Offre une solution fiable pour la <strong data-start=\"1219\" data-end=\"1278\">consignation collective et multipoints<\/strong> dans les environnements industriels. Le dispositif utilise un <strong data-start=\"1325\" data-end=\"1375\">c\u00e2ble en acier multibrins solide<\/strong> et flexible avec un <strong data-start=\"1394\" data-end=\"1419\">rev\u00eatement plastique transparent.<\/strong> Cette conception permet un passage facile autour des vannes, volants, leviers et autres points d\u2019isolement des \u00e9nergies.<\/p>\n<\/div>\n<\/div>\n<\/div>\n<\/div>\n<p data-start=\"804\" data-end=\"1074\"><strong data-start=\"804\" data-end=\"853\">Le dispositif de consignation \u00e0 c\u00e2ble r\u00e9glable Master Lock S806<\/strong> prend en charge des proc\u00e9dures de consignation collective et multipoints s\u00fbres. Le c\u00e2ble en acier multibrins flexible se positionne facilement autour des vannes, volants et leviers. Un rev\u00eatement plastique transparent prot\u00e8ge le c\u00e2ble lors d\u2019une<\/p>\n<p data-start=\"1076\" data-end=\"1267\">Le bo\u00eetier en thermoplastique Zenex\u2122 offre une grande r\u00e9sistance pour un faible poids. Il r\u00e9siste aux produits chimiques, aux chocs et \u00e0 l\u2019usure. Le dispositif fonctionne de mani\u00e8re fiable dans des environnements industriels difficiles et des conditions extr\u00eames.<\/p>\n<p data-start=\"1269\" data-end=\"1531\">Ce <strong data-start=\"0\" data-end=\"67\" data-is-last-node=\"\" data-is-only-node=\"\">Dispositif de consignation \u00e0 c\u00e2ble r\u00e9glable Master Lock n\u00b0 S806<\/strong>\u00a0propose un large choix de longueurs de c\u00e2ble. Les options standard vont de 30 cm, 60 cm et 90 cm jusqu\u2019\u00e0 15 m\u00e8tres. Chaque longueur augmente par <strong data-start=\"1440\" data-end=\"1455\">paliers de 30 cm<\/strong>. Besoin d\u2019une autre longueur ? <strong data-start=\"1480\" data-end=\"1531\">Contactez-nous pour une solution de consignation \u00e0 c\u00e2ble sur mesure.<\/strong><\/p>\n","protected":false},"excerpt":{"rendered":"<p><strong data-start=\"681\" data-end=\"730\">Master Lock S806 dispositif de consignation \u00e0 c\u00e2ble r\u00e9glable <\/strong> Offre une solution flexible et s\u00e9curis\u00e9e pour les <strong data-start=\"773\" data-end=\"826\">applications de consignation collective et multipoints<\/strong>. Le dispositif est \u00e9quip\u00e9 d\u2019un c\u00e2ble en acier multibrins avec rev\u00eatement plastique t<strong data-start=\"842\" data-end=\"899\">ransparent et d\u2019un bo\u00eetie<\/strong>r l\u00e9ger en <strong data-start=\"906\" data-end=\"947\">thermoplastique Zenex\u2122 r\u00e9sistant aux produits chimiques<\/strong> et aux environnements industriels difficiles. Disponible avec des longueurs de c\u00e2ble sur mesure de <strong data-start=\"1017\" data-end=\"1068\">30 cm \u00e0 15 m\u00e8tres<\/strong>.<\/p>\n<p>Des longueurs de c\u00e2ble sur mesure sont disponibles de 30 cm, 60 cm et 90 cm jusqu\u2019\u00e0 15 m\u00e8tres. Chaque longueur augmente par paliers de 30 cm. Besoin d\u2019une autre longueur ? Contactez-nous pour une solution sur mesure.<\/p>\n","protected":false},"featured_media":17678,"comment_status":"open","ping_status":"closed","template":"","meta":{"_acf_changed":false,"_et_pb_use_builder":"","_et_pb_old_content":"","_et_gb_content_width":""},"product_brand":[],"product_cat":[466,587],"product_tag":[934],"pa_connextion-shapes":[],"class_list":{"0":"post-17673","1":"product","2":"type-product","3":"status-publish","4":"has-post-thumbnail","6":"product_cat-lockout-tagout","7":"product_cat-cable-lockout-devices","8":"product_tag-master-lock-fr","10":"first","11":"instock","12":"taxable","13":"shipping-taxable","14":"purchasable","15":"product-type-variable","16":"has-default-attributes"},"exclude_global_add_ons":[],"addons":[],"acf":[],"yoast_head":"<!-- This site is optimized with the Yoast SEO Premium plugin v27.0 (Yoast SEO v27.1) - https:\/\/yoast.com\/product\/yoast-seo-premium-wordpress\/ -->\n<title>consignation \u00e0 c\u00e2ble r\u00e9glable Master Lock n\u00b0 S806 - Master Lock<\/title>\n<meta name=\"description\" content=\"Master Lock n\u00b0 S806, consignation \u00e0 c\u00e2ble r\u00e9glable pour verrouillages de groupe et multipoints, c\u00e2ble d\u2019acier multi-brins flexible.\" \/>\n<meta name=\"robots\" content=\"index, follow, max-snippet:-1, max-image-preview:large, max-video-preview:-1\" \/>\n<link rel=\"canonical\" href=\"https:\/\/d-identify.be\/fr\/produit\/master-lock-s806-consignation-a-cable-reglable\/\" \/>\n<meta property=\"og:locale\" content=\"fr_FR\" \/>\n<meta property=\"og:type\" content=\"article\" \/>\n<meta property=\"og:title\" content=\"Master Lock S806 consignation \u00e0 c\u00e2ble r\u00e9glable\" \/>\n<meta property=\"og:description\" content=\"Master Lock n\u00b0 S806, consignation \u00e0 c\u00e2ble r\u00e9glable pour verrouillages de groupe et multipoints, c\u00e2ble d\u2019acier multi-brins flexible.\" \/>\n<meta property=\"og:url\" content=\"https:\/\/d-identify.be\/fr\/produit\/master-lock-s806-consignation-a-cable-reglable\/\" \/>\n<meta property=\"og:site_name\" content=\"d-identify\" \/>\n<meta property=\"article:modified_time\" content=\"2025-12-24T11:22:24+00:00\" \/>\n<meta property=\"og:image\" content=\"https:\/\/d-identify.be\/wp-content\/uploads\/2021\/07\/MLCOM_PRODUCT_S806.jpg\" \/>\n\t<meta property=\"og:image:width\" content=\"248\" \/>\n\t<meta property=\"og:image:height\" content=\"248\" \/>\n\t<meta property=\"og:image:type\" content=\"image\/jpeg\" \/>\n<meta name=\"twitter:card\" content=\"summary_large_image\" \/>\n<meta name=\"twitter:label1\" content=\"Dur\u00e9e de lecture estim\u00e9e\" \/>\n\t<meta name=\"twitter:data1\" content=\"2 minutes\" \/>\n<script type=\"application\/ld+json\" class=\"yoast-schema-graph\">{\"@context\":\"https:\/\/schema.org\",\"@graph\":[{\"@type\":\"WebPage\",\"@id\":\"https:\/\/d-identify.be\/fr\/produit\/master-lock-s806-consignation-a-cable-reglable\/\",\"url\":\"https:\/\/d-identify.be\/fr\/produit\/master-lock-s806-consignation-a-cable-reglable\/\",\"name\":\"consignation \u00e0 c\u00e2ble r\u00e9glable Master Lock n\u00b0 S806 - Master Lock\",\"isPartOf\":{\"@id\":\"https:\/\/d-identify.be\/fr\/#website\"},\"primaryImageOfPage\":{\"@id\":\"https:\/\/d-identify.be\/fr\/produit\/master-lock-s806-consignation-a-cable-reglable\/#primaryimage\"},\"image\":{\"@id\":\"https:\/\/d-identify.be\/fr\/produit\/master-lock-s806-consignation-a-cable-reglable\/#primaryimage\"},\"thumbnailUrl\":\"https:\/\/d-identify.be\/wp-content\/uploads\/2021\/07\/MLCOM_PRODUCT_S806.jpg\",\"datePublished\":\"2021-07-26T10:41:28+00:00\",\"dateModified\":\"2025-12-24T11:22:24+00:00\",\"description\":\"Master Lock n\u00b0 S806, consignation \u00e0 c\u00e2ble r\u00e9glable pour verrouillages de groupe et multipoints, c\u00e2ble d\u2019acier multi-brins flexible.\",\"breadcrumb\":{\"@id\":\"https:\/\/d-identify.be\/fr\/produit\/master-lock-s806-consignation-a-cable-reglable\/#breadcrumb\"},\"inLanguage\":\"fr-FR\",\"potentialAction\":[{\"@type\":\"ReadAction\",\"target\":[\"https:\/\/d-identify.be\/fr\/produit\/master-lock-s806-consignation-a-cable-reglable\/\"]}]},{\"@type\":\"ImageObject\",\"inLanguage\":\"fr-FR\",\"@id\":\"https:\/\/d-identify.be\/fr\/produit\/master-lock-s806-consignation-a-cable-reglable\/#primaryimage\",\"url\":\"https:\/\/d-identify.be\/wp-content\/uploads\/2021\/07\/MLCOM_PRODUCT_S806.jpg\",\"contentUrl\":\"https:\/\/d-identify.be\/wp-content\/uploads\/2021\/07\/MLCOM_PRODUCT_S806.jpg\",\"width\":248,\"height\":248,\"caption\":\"Dispositifs de consignation \u00e0 c\u00e2ble \u2013 Master Lock S806\"},{\"@type\":\"BreadcrumbList\",\"@id\":\"https:\/\/d-identify.be\/fr\/produit\/master-lock-s806-consignation-a-cable-reglable\/#breadcrumb\",\"itemListElement\":[{\"@type\":\"ListItem\",\"position\":1,\"name\":\"Home\",\"item\":\"https:\/\/d-identify.be\/fr\/home-2\/\"},{\"@type\":\"ListItem\",\"position\":2,\"name\":\"Boutique\",\"item\":\"https:\/\/d-identify.be\/fr\/boutique\/\"},{\"@type\":\"ListItem\",\"position\":3,\"name\":\"Master Lock S806 consignation \u00e0 c\u00e2ble r\u00e9glable\"}]},{\"@type\":\"WebSite\",\"@id\":\"https:\/\/d-identify.be\/fr\/#website\",\"url\":\"https:\/\/d-identify.be\/fr\/\",\"name\":\"d-identify\",\"description\":\"Industrial identification - Lockout - Tagout - Floor marking\",\"potentialAction\":[{\"@type\":\"SearchAction\",\"target\":{\"@type\":\"EntryPoint\",\"urlTemplate\":\"https:\/\/d-identify.be\/fr\/?s={search_term_string}\"},\"query-input\":{\"@type\":\"PropertyValueSpecification\",\"valueRequired\":true,\"valueName\":\"search_term_string\"}}],\"inLanguage\":\"fr-FR\"}]}<\/script>\n<!-- \/ Yoast SEO Premium plugin. -->","yoast_head_json":{"title":"consignation \u00e0 c\u00e2ble r\u00e9glable Master Lock n\u00b0 S806 - Master Lock","description":"Master Lock n\u00b0 S806, consignation \u00e0 c\u00e2ble r\u00e9glable pour verrouillages de groupe et multipoints, c\u00e2ble d\u2019acier multi-brins flexible.","robots":{"index":"index","follow":"follow","max-snippet":"max-snippet:-1","max-image-preview":"max-image-preview:large","max-video-preview":"max-video-preview:-1"},"canonical":"https:\/\/d-identify.be\/fr\/produit\/master-lock-s806-consignation-a-cable-reglable\/","og_locale":"fr_FR","og_type":"article","og_title":"Master Lock S806 consignation \u00e0 c\u00e2ble r\u00e9glable","og_description":"Master Lock n\u00b0 S806, consignation \u00e0 c\u00e2ble r\u00e9glable pour verrouillages de groupe et multipoints, c\u00e2ble d\u2019acier multi-brins flexible.","og_url":"https:\/\/d-identify.be\/fr\/produit\/master-lock-s806-consignation-a-cable-reglable\/","og_site_name":"d-identify","article_modified_time":"2025-12-24T11:22:24+00:00","og_image":[{"width":248,"height":248,"url":"https:\/\/d-identify.be\/wp-content\/uploads\/2021\/07\/MLCOM_PRODUCT_S806.jpg","type":"image\/jpeg"}],"twitter_card":"summary_large_image","twitter_misc":{"Dur\u00e9e de lecture estim\u00e9e":"2 minutes"},"schema":{"@context":"https:\/\/schema.org","@graph":[{"@type":"WebPage","@id":"https:\/\/d-identify.be\/fr\/produit\/master-lock-s806-consignation-a-cable-reglable\/","url":"https:\/\/d-identify.be\/fr\/produit\/master-lock-s806-consignation-a-cable-reglable\/","name":"consignation \u00e0 c\u00e2ble r\u00e9glable Master Lock n\u00b0 S806 - Master Lock","isPartOf":{"@id":"https:\/\/d-identify.be\/fr\/#website"},"primaryImageOfPage":{"@id":"https:\/\/d-identify.be\/fr\/produit\/master-lock-s806-consignation-a-cable-reglable\/#primaryimage"},"image":{"@id":"https:\/\/d-identify.be\/fr\/produit\/master-lock-s806-consignation-a-cable-reglable\/#primaryimage"},"thumbnailUrl":"https:\/\/d-identify.be\/wp-content\/uploads\/2021\/07\/MLCOM_PRODUCT_S806.jpg","datePublished":"2021-07-26T10:41:28+00:00","dateModified":"2025-12-24T11:22:24+00:00","description":"Master Lock n\u00b0 S806, consignation \u00e0 c\u00e2ble r\u00e9glable pour verrouillages de groupe et multipoints, c\u00e2ble d\u2019acier multi-brins flexible.","breadcrumb":{"@id":"https:\/\/d-identify.be\/fr\/produit\/master-lock-s806-consignation-a-cable-reglable\/#breadcrumb"},"inLanguage":"fr-FR","potentialAction":[{"@type":"ReadAction","target":["https:\/\/d-identify.be\/fr\/produit\/master-lock-s806-consignation-a-cable-reglable\/"]}]},{"@type":"ImageObject","inLanguage":"fr-FR","@id":"https:\/\/d-identify.be\/fr\/produit\/master-lock-s806-consignation-a-cable-reglable\/#primaryimage","url":"https:\/\/d-identify.be\/wp-content\/uploads\/2021\/07\/MLCOM_PRODUCT_S806.jpg","contentUrl":"https:\/\/d-identify.be\/wp-content\/uploads\/2021\/07\/MLCOM_PRODUCT_S806.jpg","width":248,"height":248,"caption":"Dispositifs de consignation \u00e0 c\u00e2ble \u2013 Master Lock S806"},{"@type":"BreadcrumbList","@id":"https:\/\/d-identify.be\/fr\/produit\/master-lock-s806-consignation-a-cable-reglable\/#breadcrumb","itemListElement":[{"@type":"ListItem","position":1,"name":"Home","item":"https:\/\/d-identify.be\/fr\/home-2\/"},{"@type":"ListItem","position":2,"name":"Boutique","item":"https:\/\/d-identify.be\/fr\/boutique\/"},{"@type":"ListItem","position":3,"name":"Master Lock S806 consignation \u00e0 c\u00e2ble r\u00e9glable"}]},{"@type":"WebSite","@id":"https:\/\/d-identify.be\/fr\/#website","url":"https:\/\/d-identify.be\/fr\/","name":"d-identify","description":"Industrial identification - Lockout - Tagout - Floor marking","potentialAction":[{"@type":"SearchAction","target":{"@type":"EntryPoint","urlTemplate":"https:\/\/d-identify.be\/fr\/?s={search_term_string}"},"query-input":{"@type":"PropertyValueSpecification","valueRequired":true,"valueName":"search_term_string"}}],"inLanguage":"fr-FR"}]}},"_links":{"self":[{"href":"https:\/\/d-identify.be\/fr\/wp-json\/wp\/v2\/product\/17673","targetHints":{"allow":["GET"]}}],"collection":[{"href":"https:\/\/d-identify.be\/fr\/wp-json\/wp\/v2\/product"}],"about":[{"href":"https:\/\/d-identify.be\/fr\/wp-json\/wp\/v2\/types\/product"}],"replies":[{"embeddable":true,"href":"https:\/\/d-identify.be\/fr\/wp-json\/wp\/v2\/comments?post=17673"}],"wp:featuredmedia":[{"embeddable":true,"href":"https:\/\/d-identify.be\/fr\/wp-json\/wp\/v2\/media\/17678"}],"wp:attachment":[{"href":"https:\/\/d-identify.be\/fr\/wp-json\/wp\/v2\/media?parent=17673"}],"wp:term":[{"taxonomy":"product_brand","embeddable":true,"href":"https:\/\/d-identify.be\/fr\/wp-json\/wp\/v2\/product_brand?post=17673"},{"taxonomy":"product_cat","embeddable":true,"href":"https:\/\/d-identify.be\/fr\/wp-json\/wp\/v2\/product_cat?post=17673"},{"taxonomy":"product_tag","embeddable":true,"href":"https:\/\/d-identify.be\/fr\/wp-json\/wp\/v2\/product_tag?post=17673"},{"taxonomy":"pa_connextion-shapes","embeddable":true,"href":"https:\/\/d-identify.be\/fr\/wp-json\/wp\/v2\/pa_connextion-shapes?post=17673"}],"curies":[{"name":"wp","href":"https:\/\/api.w.org\/{rel}","templated":true}]}}