{"id":17662,"date":"2021-07-26T12:41:41","date_gmt":"2021-07-26T11:41:41","guid":{"rendered":"https:\/\/d-identify.be\/product\/petite-boite-a-outils-avec-assortiment-de-verrouillage-electrique\/"},"modified":"2026-01-14T17:03:05","modified_gmt":"2026-01-14T15:03:05","slug":"master-lock-s1117es31ka-kit-consignation-electrique","status":"publish","type":"product","link":"https:\/\/d-identify.be\/fr\/produit\/master-lock-s1117es31ka-kit-consignation-electrique\/","title":{"rendered":"Kit de consignation \u00e9lectrique Master Lock S1117ES31KA avec cadenas S31 Zenex\u2122"},"content":{"rendered":"<p data-start=\"451\" data-end=\"671\">Le <strong data-start=\"454\" data-end=\"489\">kit de consignation S1117ES31KA<\/strong> offre une solution compl\u00e8te pour les travaux de Lockout-Tagout \u00e9lectrique. Il regroupe des dispositifs de consignation \u00e9lectrique essentiels avec des cadenas de s\u00e9curit\u00e9 personnels.<\/p>\n<p data-start=\"673\" data-end=\"877\">La kit comprend trois cadenas de s\u00e9curit\u00e9 S31 Zenex\u2122 en thermoplastique avec cl\u00e9s identiques. Ces cadenas facilitent la consignation individuelle et simplifient la gestion des cl\u00e9s pendant la maintenance.<\/p>\n<p data-start=\"879\" data-end=\"1052\">Tous les \u00e9l\u00e9ments sont rang\u00e9s dans une bo\u00eete \u00e0 outils robuste et portable. Cette organisation permet de garder le mat\u00e9riel accessible et bien ordonn\u00e9 sur le lieu de travail.<\/p>\n<p data-start=\"1054\" data-end=\"1221\">Ce kit est destin\u00e9 aux op\u00e9rations d\u2019isolement \u00e9lectrique en milieu industriel. Il aide \u00e0 s\u00e9curiser correctement les sources d\u2019\u00e9nergie avant le d\u00e9but des interventions.<\/p>\n<p data-start=\"1223\" data-end=\"1365\">Avec le <strong data-start=\"1231\" data-end=\"1266\">kit de consignation S1117ES31KA<\/strong>, les \u00e9quipes de maintenance appliquent des proc\u00e9dures Lockout-Tagout claires, s\u00fbres et coh\u00e9rentes.<\/p>\n","protected":false},"excerpt":{"rendered":"<p data-start=\"919\" data-end=\"1161\">Le kit de consignation \u00e9lectrique Master Lock S1117ES31KA comprend des dispositifs de consignation \u00e9lectrique courants et trois cadenas de s\u00e9curit\u00e9 S31 Zenex\u2122 \u00e0 cl\u00e9s identiques. Tous les \u00e9l\u00e9ments sont fournis dans une bo\u00eete \u00e0 outils portable.<\/p>\n","protected":false},"featured_media":17663,"comment_status":"open","ping_status":"closed","template":"","meta":{"_acf_changed":false,"_et_pb_use_builder":"","_et_pb_old_content":"","_et_gb_content_width":""},"product_brand":[],"product_cat":[466,481],"product_tag":[934],"pa_connextion-shapes":[],"class_list":{"0":"post-17662","1":"product","2":"type-product","3":"status-publish","4":"has-post-thumbnail","6":"product_cat-lockout-tagout","7":"product_cat-lockout-tagout-kits","8":"product_tag-master-lock-fr","10":"first","11":"instock","12":"taxable","13":"shipping-taxable","14":"purchasable","15":"product-type-simple"},"exclude_global_add_ons":[],"addons":[],"acf":[],"yoast_head":"<!-- This site is optimized with the Yoast SEO Premium plugin v27.0 (Yoast SEO v27.1) - https:\/\/yoast.com\/product\/yoast-seo-premium-wordpress\/ -->\n<title>Kit consignation S1117ES31KA | Master Lock \u00e9lectrique<\/title>\n<meta name=\"description\" content=\"Kit consignation S1117ES31KA avec dispositifs \u00e9lectriques et cadenas S31 Zenex\u2122 \u00e0 cl\u00e9s identiques, livr\u00e9 dans une bo\u00eete portable.\" \/>\n<meta name=\"robots\" content=\"index, follow, max-snippet:-1, max-image-preview:large, max-video-preview:-1\" \/>\n<link rel=\"canonical\" href=\"https:\/\/d-identify.be\/fr\/produit\/master-lock-s1117es31ka-kit-consignation-electrique\/\" \/>\n<meta property=\"og:locale\" content=\"fr_FR\" \/>\n<meta property=\"og:type\" content=\"article\" \/>\n<meta property=\"og:title\" content=\"Kit de consignation \u00e9lectrique Master Lock S1117ES31KA avec cadenas S31 Zenex\u2122\" \/>\n<meta property=\"og:description\" content=\"Kit consignation S1117ES31KA avec dispositifs \u00e9lectriques et cadenas S31 Zenex\u2122 \u00e0 cl\u00e9s identiques, livr\u00e9 dans une bo\u00eete portable.\" \/>\n<meta property=\"og:url\" content=\"https:\/\/d-identify.be\/fr\/produit\/master-lock-s1117es31ka-kit-consignation-electrique\/\" \/>\n<meta property=\"og:site_name\" content=\"d-identify\" \/>\n<meta property=\"article:modified_time\" content=\"2026-01-14T15:03:05+00:00\" \/>\n<meta property=\"og:image\" content=\"https:\/\/d-identify.be\/wp-content\/uploads\/2021\/07\/S1117ES31KA.jpg\" \/>\n\t<meta property=\"og:image:width\" content=\"273\" \/>\n\t<meta property=\"og:image:height\" content=\"273\" \/>\n\t<meta property=\"og:image:type\" content=\"image\/jpeg\" \/>\n<meta name=\"twitter:card\" content=\"summary_large_image\" \/>\n<meta name=\"twitter:label1\" content=\"Dur\u00e9e de lecture estim\u00e9e\" \/>\n\t<meta name=\"twitter:data1\" content=\"1 minute\" \/>\n<script type=\"application\/ld+json\" class=\"yoast-schema-graph\">{\"@context\":\"https:\/\/schema.org\",\"@graph\":[{\"@type\":\"WebPage\",\"@id\":\"https:\/\/d-identify.be\/fr\/produit\/master-lock-s1117es31ka-kit-consignation-electrique\/\",\"url\":\"https:\/\/d-identify.be\/fr\/produit\/master-lock-s1117es31ka-kit-consignation-electrique\/\",\"name\":\"Kit consignation S1117ES31KA | Master Lock \u00e9lectrique\",\"isPartOf\":{\"@id\":\"https:\/\/d-identify.be\/fr\/#website\"},\"primaryImageOfPage\":{\"@id\":\"https:\/\/d-identify.be\/fr\/produit\/master-lock-s1117es31ka-kit-consignation-electrique\/#primaryimage\"},\"image\":{\"@id\":\"https:\/\/d-identify.be\/fr\/produit\/master-lock-s1117es31ka-kit-consignation-electrique\/#primaryimage\"},\"thumbnailUrl\":\"https:\/\/d-identify.be\/wp-content\/uploads\/2021\/07\/S1117ES31KA.jpg\",\"datePublished\":\"2021-07-26T11:41:41+00:00\",\"dateModified\":\"2026-01-14T15:03:05+00:00\",\"description\":\"Kit consignation S1117ES31KA avec dispositifs \u00e9lectriques et cadenas S31 Zenex\u2122 \u00e0 cl\u00e9s identiques, livr\u00e9 dans une bo\u00eete portable.\",\"breadcrumb\":{\"@id\":\"https:\/\/d-identify.be\/fr\/produit\/master-lock-s1117es31ka-kit-consignation-electrique\/#breadcrumb\"},\"inLanguage\":\"fr-FR\",\"potentialAction\":[{\"@type\":\"ReadAction\",\"target\":[\"https:\/\/d-identify.be\/fr\/produit\/master-lock-s1117es31ka-kit-consignation-electrique\/\"]}]},{\"@type\":\"ImageObject\",\"inLanguage\":\"fr-FR\",\"@id\":\"https:\/\/d-identify.be\/fr\/produit\/master-lock-s1117es31ka-kit-consignation-electrique\/#primaryimage\",\"url\":\"https:\/\/d-identify.be\/wp-content\/uploads\/2021\/07\/S1117ES31KA.jpg\",\"contentUrl\":\"https:\/\/d-identify.be\/wp-content\/uploads\/2021\/07\/S1117ES31KA.jpg\",\"width\":273,\"height\":273,\"caption\":\"Kit consignation S1117ES31KA | Master Lock \u00e9lectrique\"},{\"@type\":\"BreadcrumbList\",\"@id\":\"https:\/\/d-identify.be\/fr\/produit\/master-lock-s1117es31ka-kit-consignation-electrique\/#breadcrumb\",\"itemListElement\":[{\"@type\":\"ListItem\",\"position\":1,\"name\":\"Home\",\"item\":\"https:\/\/d-identify.be\/fr\/home-2\/\"},{\"@type\":\"ListItem\",\"position\":2,\"name\":\"Boutique\",\"item\":\"https:\/\/d-identify.be\/fr\/boutique\/\"},{\"@type\":\"ListItem\",\"position\":3,\"name\":\"Kit de consignation \u00e9lectrique Master Lock S1117ES31KA avec cadenas S31 Zenex\u2122\"}]},{\"@type\":\"WebSite\",\"@id\":\"https:\/\/d-identify.be\/fr\/#website\",\"url\":\"https:\/\/d-identify.be\/fr\/\",\"name\":\"d-identify\",\"description\":\"Industrial identification - Lockout - Tagout - Floor marking\",\"potentialAction\":[{\"@type\":\"SearchAction\",\"target\":{\"@type\":\"EntryPoint\",\"urlTemplate\":\"https:\/\/d-identify.be\/fr\/?s={search_term_string}\"},\"query-input\":{\"@type\":\"PropertyValueSpecification\",\"valueRequired\":true,\"valueName\":\"search_term_string\"}}],\"inLanguage\":\"fr-FR\"}]}<\/script>\n<!-- \/ Yoast SEO Premium plugin. -->","yoast_head_json":{"title":"Kit consignation S1117ES31KA | Master Lock \u00e9lectrique","description":"Kit consignation S1117ES31KA avec dispositifs \u00e9lectriques et cadenas S31 Zenex\u2122 \u00e0 cl\u00e9s identiques, livr\u00e9 dans une bo\u00eete portable.","robots":{"index":"index","follow":"follow","max-snippet":"max-snippet:-1","max-image-preview":"max-image-preview:large","max-video-preview":"max-video-preview:-1"},"canonical":"https:\/\/d-identify.be\/fr\/produit\/master-lock-s1117es31ka-kit-consignation-electrique\/","og_locale":"fr_FR","og_type":"article","og_title":"Kit de consignation \u00e9lectrique Master Lock S1117ES31KA avec cadenas S31 Zenex\u2122","og_description":"Kit consignation S1117ES31KA avec dispositifs \u00e9lectriques et cadenas S31 Zenex\u2122 \u00e0 cl\u00e9s identiques, livr\u00e9 dans une bo\u00eete portable.","og_url":"https:\/\/d-identify.be\/fr\/produit\/master-lock-s1117es31ka-kit-consignation-electrique\/","og_site_name":"d-identify","article_modified_time":"2026-01-14T15:03:05+00:00","og_image":[{"width":273,"height":273,"url":"https:\/\/d-identify.be\/wp-content\/uploads\/2021\/07\/S1117ES31KA.jpg","type":"image\/jpeg"}],"twitter_card":"summary_large_image","twitter_misc":{"Dur\u00e9e de lecture estim\u00e9e":"1 minute"},"schema":{"@context":"https:\/\/schema.org","@graph":[{"@type":"WebPage","@id":"https:\/\/d-identify.be\/fr\/produit\/master-lock-s1117es31ka-kit-consignation-electrique\/","url":"https:\/\/d-identify.be\/fr\/produit\/master-lock-s1117es31ka-kit-consignation-electrique\/","name":"Kit consignation S1117ES31KA | Master Lock \u00e9lectrique","isPartOf":{"@id":"https:\/\/d-identify.be\/fr\/#website"},"primaryImageOfPage":{"@id":"https:\/\/d-identify.be\/fr\/produit\/master-lock-s1117es31ka-kit-consignation-electrique\/#primaryimage"},"image":{"@id":"https:\/\/d-identify.be\/fr\/produit\/master-lock-s1117es31ka-kit-consignation-electrique\/#primaryimage"},"thumbnailUrl":"https:\/\/d-identify.be\/wp-content\/uploads\/2021\/07\/S1117ES31KA.jpg","datePublished":"2021-07-26T11:41:41+00:00","dateModified":"2026-01-14T15:03:05+00:00","description":"Kit consignation S1117ES31KA avec dispositifs \u00e9lectriques et cadenas S31 Zenex\u2122 \u00e0 cl\u00e9s identiques, livr\u00e9 dans une bo\u00eete portable.","breadcrumb":{"@id":"https:\/\/d-identify.be\/fr\/produit\/master-lock-s1117es31ka-kit-consignation-electrique\/#breadcrumb"},"inLanguage":"fr-FR","potentialAction":[{"@type":"ReadAction","target":["https:\/\/d-identify.be\/fr\/produit\/master-lock-s1117es31ka-kit-consignation-electrique\/"]}]},{"@type":"ImageObject","inLanguage":"fr-FR","@id":"https:\/\/d-identify.be\/fr\/produit\/master-lock-s1117es31ka-kit-consignation-electrique\/#primaryimage","url":"https:\/\/d-identify.be\/wp-content\/uploads\/2021\/07\/S1117ES31KA.jpg","contentUrl":"https:\/\/d-identify.be\/wp-content\/uploads\/2021\/07\/S1117ES31KA.jpg","width":273,"height":273,"caption":"Kit consignation S1117ES31KA | Master Lock \u00e9lectrique"},{"@type":"BreadcrumbList","@id":"https:\/\/d-identify.be\/fr\/produit\/master-lock-s1117es31ka-kit-consignation-electrique\/#breadcrumb","itemListElement":[{"@type":"ListItem","position":1,"name":"Home","item":"https:\/\/d-identify.be\/fr\/home-2\/"},{"@type":"ListItem","position":2,"name":"Boutique","item":"https:\/\/d-identify.be\/fr\/boutique\/"},{"@type":"ListItem","position":3,"name":"Kit de consignation \u00e9lectrique Master Lock S1117ES31KA avec cadenas S31 Zenex\u2122"}]},{"@type":"WebSite","@id":"https:\/\/d-identify.be\/fr\/#website","url":"https:\/\/d-identify.be\/fr\/","name":"d-identify","description":"Industrial identification - Lockout - Tagout - Floor marking","potentialAction":[{"@type":"SearchAction","target":{"@type":"EntryPoint","urlTemplate":"https:\/\/d-identify.be\/fr\/?s={search_term_string}"},"query-input":{"@type":"PropertyValueSpecification","valueRequired":true,"valueName":"search_term_string"}}],"inLanguage":"fr-FR"}]}},"_links":{"self":[{"href":"https:\/\/d-identify.be\/fr\/wp-json\/wp\/v2\/product\/17662","targetHints":{"allow":["GET"]}}],"collection":[{"href":"https:\/\/d-identify.be\/fr\/wp-json\/wp\/v2\/product"}],"about":[{"href":"https:\/\/d-identify.be\/fr\/wp-json\/wp\/v2\/types\/product"}],"replies":[{"embeddable":true,"href":"https:\/\/d-identify.be\/fr\/wp-json\/wp\/v2\/comments?post=17662"}],"wp:featuredmedia":[{"embeddable":true,"href":"https:\/\/d-identify.be\/fr\/wp-json\/wp\/v2\/media\/17663"}],"wp:attachment":[{"href":"https:\/\/d-identify.be\/fr\/wp-json\/wp\/v2\/media?parent=17662"}],"wp:term":[{"taxonomy":"product_brand","embeddable":true,"href":"https:\/\/d-identify.be\/fr\/wp-json\/wp\/v2\/product_brand?post=17662"},{"taxonomy":"product_cat","embeddable":true,"href":"https:\/\/d-identify.be\/fr\/wp-json\/wp\/v2\/product_cat?post=17662"},{"taxonomy":"product_tag","embeddable":true,"href":"https:\/\/d-identify.be\/fr\/wp-json\/wp\/v2\/product_tag?post=17662"},{"taxonomy":"pa_connextion-shapes","embeddable":true,"href":"https:\/\/d-identify.be\/fr\/wp-json\/wp\/v2\/pa_connextion-shapes?post=17662"}],"curies":[{"name":"wp","href":"https:\/\/api.w.org\/{rel}","templated":true}]}}