{"id":17644,"date":"2021-07-26T12:42:08","date_gmt":"2021-07-26T10:42:08","guid":{"rendered":"https:\/\/d-identify.be\/product\/dispositif-de-verrouillage-de-cable-de-roue\/"},"modified":"2025-12-15T09:29:10","modified_gmt":"2025-12-15T07:29:10","slug":"dispositif-de-verrouillage-de-cable-de-roue","status":"publish","type":"product","link":"https:\/\/d-identify.be\/fr\/produit\/dispositif-de-verrouillage-de-cable-de-roue\/","title":{"rendered":"Dispositif de consignation \u00e0 c\u00e2ble r\u00e9glable \u2013 version di\u00e9lectrique pour vannes et volants"},"content":{"rendered":"<p data-start=\"1071\" data-end=\"1370\"><strong data-start=\"1071\" data-end=\"1094\">Dispositif de consignation \u00e0 c\u00e2ble<\/strong> pour volant con\u00e7u pour des proc\u00e9dures de Lockout-Tagout flexibles et s\u00fbres dans les environnements industriels, \u00e9lectriques et de maintenance. Le bo\u00eetier robuste est <strong data-start=\"1256\" data-end=\"1287\">fabriqu\u00e9 en polypropyl\u00e8ne haute r\u00e9sistance<\/strong> et offre une excellente r\u00e9sistance aux chocs, aux produits chimiques et aux conditions de travail difficiles. <\/p>\n<p data-start=\"879\" data-end=\"1065\"><strong data-start=\"879\" data-end=\"902\">La consignation \u00e0 c\u00e2ble<\/strong> offre une solution s\u00fbre et flexible pour le Lockout-Tagout dans les environnements industriels. Le bo\u00eetier est fabriqu\u00e9 en <strong data-start=\"1001\" data-end=\"1032\">polypropyl\u00e8ne<\/strong> <strong data-start=\"1001\" data-end=\"1032\"><\/strong>, assurant une excellente protection contre les chocs et l\u2019usure quotidienne. <\/p>\n<p data-start=\"1067\" data-end=\"1306\">e dispositif est \u00e9quip\u00e9 <strong data-start=\"1089\" data-end=\"1142\">d\u2019un c\u00e2ble en acier galvanis\u00e9 de 2 m\u00e8tres<\/strong> avec rev\u00eatement vinyle. Le c\u00e2ble s\u2019enroule facilement autour des vannes, volants, leviers et autres points d\u2019isolement des \u00e9nergies. Cette conception permet un verrouillage rapide et s\u00e9curis\u00e9, m\u00eame sur des formes irr\u00e9guli\u00e8res.  <\/p>\n<p data-start=\"1308\" data-end=\"1516\"><strong data-start=\"1312\" data-end=\"1339\">La construction di\u00e9lectrique <\/strong>rend ce dispositif de consignation adapt\u00e9 aux applications \u00e9lectriques et aux \u00e9nergies mixtes. Il offre des performances fiables dans des conditions difficiles et r\u00e9siste \u00e0 des temp\u00e9ratures allant de <strong data-start=\"1495\" data-end=\"1515\">-55 \u00b0C \u00e0 +55 \u00b0C.<\/strong> <\/p>\n<p data-start=\"1518\" data-end=\"1728\"><strong data-start=\"1523\" data-end=\"1551\">Ce dispositif de consignation \u00e0 c\u00e2ble r\u00e9glable<\/strong> prend en charge les <strong data-start=\"1561\" data-end=\"1591\">applications de consignation polyvalentes<\/strong> et accepte plusieurs cadenas de s\u00e9curit\u00e9. Il aide les \u00e9quipes \u00e0 appliquer des proc\u00e9dures de consignation collective et \u00e0 respecter les pratiques de s\u00e9curit\u00e9 Lockout-Tagout standard. <\/p>\n","protected":false},"excerpt":{"rendered":"<p><strong data-start=\"642\" data-end=\"665\">Wheel Cable Lockout<\/strong> device with a durable polypropylene housing and a <strong data-start=\"716\" data-end=\"764\">2-meter galvanized, vinyl-coated steel cable<\/strong>. This <g id=\"gid_2\">dielectric cable lockout<\/g> is designed for <g id=\"gid_3\">multipurpose Lockout-Tagout applications<\/g>, ideal for securing valves, handwheels, levers, and other energy-isolating devices. Operates reliably in extreme temperatures from <strong data-start=\"992\" data-end=\"1012\">-55 \u00b0C to +55 \u00b0C<\/strong>.  <\/p>\n","protected":false},"featured_media":17645,"comment_status":"open","ping_status":"closed","template":"","meta":{"_acf_changed":false,"_et_pb_use_builder":"","_et_pb_old_content":"","_et_gb_content_width":""},"product_brand":[],"product_cat":[466,587],"product_tag":[963],"pa_connextion-shapes":[],"class_list":{"0":"post-17644","1":"product","2":"type-product","3":"status-publish","4":"has-post-thumbnail","6":"product_cat-lockout-tagout","7":"product_cat-cable-lockout-devices","8":"product_tag-d-identify-fr","10":"first","11":"instock","12":"taxable","13":"shipping-taxable","14":"purchasable","15":"product-type-simple"},"exclude_global_add_ons":[],"addons":[],"acf":[],"yoast_head":"<!-- This site is optimized with the Yoast SEO Premium plugin v27.0 (Yoast SEO v27.1) - https:\/\/yoast.com\/product\/yoast-seo-premium-wordpress\/ -->\n<title>Consignation \u00e0 c\u00e2ble pour volant \u2013 consignation di\u00e9lectrique r\u00e9glable<\/title>\n<meta name=\"description\" content=\"Dispositif de verrouillage de c\u00e2ble en polypropyl\u00e8ne con\u00e7u avec un c\u00e2ble en acier galvanis\u00e9 rev\u00eatu de vinyle de 2 m\u00e8tres. Le dispositif de verrouillage di\u00e9lectrique r\u00e9siste \u00e0 des temp\u00e9ratures allant jusqu&#039;\u00e0 -55\u00b0C.\" \/>\n<meta name=\"robots\" content=\"index, follow, max-snippet:-1, max-image-preview:large, max-video-preview:-1\" \/>\n<link rel=\"canonical\" href=\"https:\/\/d-identify.be\/fr\/produit\/dispositif-de-verrouillage-de-cable-de-roue\/\" \/>\n<meta property=\"og:locale\" content=\"fr_FR\" \/>\n<meta property=\"og:type\" content=\"article\" \/>\n<meta property=\"og:title\" content=\"Dispositif de consignation \u00e0 c\u00e2ble r\u00e9glable \u2013 version di\u00e9lectrique pour vannes et volants\" \/>\n<meta property=\"og:description\" content=\"Dispositif de verrouillage de c\u00e2ble en polypropyl\u00e8ne con\u00e7u avec un c\u00e2ble en acier galvanis\u00e9 rev\u00eatu de vinyle de 2 m\u00e8tres. Le dispositif de verrouillage di\u00e9lectrique r\u00e9siste \u00e0 des temp\u00e9ratures allant jusqu&#039;\u00e0 -55\u00b0C.\" \/>\n<meta property=\"og:url\" content=\"https:\/\/d-identify.be\/fr\/produit\/dispositif-de-verrouillage-de-cable-de-roue\/\" \/>\n<meta property=\"og:site_name\" content=\"d-identify\" \/>\n<meta property=\"article:modified_time\" content=\"2025-12-15T07:29:10+00:00\" \/>\n<meta property=\"og:image\" content=\"https:\/\/d-identify.be\/wp-content\/uploads\/2021\/07\/IMG_2611-scaled.jpg\" \/>\n\t<meta property=\"og:image:width\" content=\"2560\" \/>\n\t<meta property=\"og:image:height\" content=\"2216\" \/>\n\t<meta property=\"og:image:type\" content=\"image\/jpeg\" \/>\n<meta name=\"twitter:card\" content=\"summary_large_image\" \/>\n<meta name=\"twitter:label1\" content=\"Dur\u00e9e de lecture estim\u00e9e\" \/>\n\t<meta name=\"twitter:data1\" content=\"1 minute\" \/>\n<script type=\"application\/ld+json\" class=\"yoast-schema-graph\">{\"@context\":\"https:\/\/schema.org\",\"@graph\":[{\"@type\":\"WebPage\",\"@id\":\"https:\/\/d-identify.be\/fr\/produit\/dispositif-de-verrouillage-de-cable-de-roue\/\",\"url\":\"https:\/\/d-identify.be\/fr\/produit\/dispositif-de-verrouillage-de-cable-de-roue\/\",\"name\":\"Consignation \u00e0 c\u00e2ble pour volant \u2013 consignation di\u00e9lectrique r\u00e9glable\",\"isPartOf\":{\"@id\":\"https:\/\/d-identify.be\/fr\/#website\"},\"primaryImageOfPage\":{\"@id\":\"https:\/\/d-identify.be\/fr\/produit\/dispositif-de-verrouillage-de-cable-de-roue\/#primaryimage\"},\"image\":{\"@id\":\"https:\/\/d-identify.be\/fr\/produit\/dispositif-de-verrouillage-de-cable-de-roue\/#primaryimage\"},\"thumbnailUrl\":\"https:\/\/d-identify.be\/wp-content\/uploads\/2021\/07\/IMG_2611-scaled.jpg\",\"datePublished\":\"2021-07-26T10:42:08+00:00\",\"dateModified\":\"2025-12-15T07:29:10+00:00\",\"description\":\"Dispositif de verrouillage de c\u00e2ble en polypropyl\u00e8ne con\u00e7u avec un c\u00e2ble en acier galvanis\u00e9 rev\u00eatu de vinyle de 2 m\u00e8tres. Le dispositif de verrouillage di\u00e9lectrique r\u00e9siste \u00e0 des temp\u00e9ratures allant jusqu'\u00e0 -55\u00b0C.\",\"breadcrumb\":{\"@id\":\"https:\/\/d-identify.be\/fr\/produit\/dispositif-de-verrouillage-de-cable-de-roue\/#breadcrumb\"},\"inLanguage\":\"fr-FR\",\"potentialAction\":[{\"@type\":\"ReadAction\",\"target\":[\"https:\/\/d-identify.be\/fr\/produit\/dispositif-de-verrouillage-de-cable-de-roue\/\"]}]},{\"@type\":\"ImageObject\",\"inLanguage\":\"fr-FR\",\"@id\":\"https:\/\/d-identify.be\/fr\/produit\/dispositif-de-verrouillage-de-cable-de-roue\/#primaryimage\",\"url\":\"https:\/\/d-identify.be\/wp-content\/uploads\/2021\/07\/IMG_2611-scaled.jpg\",\"contentUrl\":\"https:\/\/d-identify.be\/wp-content\/uploads\/2021\/07\/IMG_2611-scaled.jpg\",\"width\":2560,\"height\":2216,\"caption\":\"Consignation \u00e0 c\u00e2ble pour volant\"},{\"@type\":\"BreadcrumbList\",\"@id\":\"https:\/\/d-identify.be\/fr\/produit\/dispositif-de-verrouillage-de-cable-de-roue\/#breadcrumb\",\"itemListElement\":[{\"@type\":\"ListItem\",\"position\":1,\"name\":\"Home\",\"item\":\"https:\/\/d-identify.be\/fr\/home-2\/\"},{\"@type\":\"ListItem\",\"position\":2,\"name\":\"Boutique\",\"item\":\"https:\/\/d-identify.be\/fr\/boutique\/\"},{\"@type\":\"ListItem\",\"position\":3,\"name\":\"Dispositif de consignation \u00e0 c\u00e2ble r\u00e9glable \u2013 version di\u00e9lectrique pour vannes et volants\"}]},{\"@type\":\"WebSite\",\"@id\":\"https:\/\/d-identify.be\/fr\/#website\",\"url\":\"https:\/\/d-identify.be\/fr\/\",\"name\":\"d-identify\",\"description\":\"Industrial identification - Lockout - Tagout - Floor marking\",\"potentialAction\":[{\"@type\":\"SearchAction\",\"target\":{\"@type\":\"EntryPoint\",\"urlTemplate\":\"https:\/\/d-identify.be\/fr\/?s={search_term_string}\"},\"query-input\":{\"@type\":\"PropertyValueSpecification\",\"valueRequired\":true,\"valueName\":\"search_term_string\"}}],\"inLanguage\":\"fr-FR\"}]}<\/script>\n<!-- \/ Yoast SEO Premium plugin. -->","yoast_head_json":{"title":"Consignation \u00e0 c\u00e2ble pour volant \u2013 consignation di\u00e9lectrique r\u00e9glable","description":"Dispositif de verrouillage de c\u00e2ble en polypropyl\u00e8ne con\u00e7u avec un c\u00e2ble en acier galvanis\u00e9 rev\u00eatu de vinyle de 2 m\u00e8tres. Le dispositif de verrouillage di\u00e9lectrique r\u00e9siste \u00e0 des temp\u00e9ratures allant jusqu'\u00e0 -55\u00b0C.","robots":{"index":"index","follow":"follow","max-snippet":"max-snippet:-1","max-image-preview":"max-image-preview:large","max-video-preview":"max-video-preview:-1"},"canonical":"https:\/\/d-identify.be\/fr\/produit\/dispositif-de-verrouillage-de-cable-de-roue\/","og_locale":"fr_FR","og_type":"article","og_title":"Dispositif de consignation \u00e0 c\u00e2ble r\u00e9glable \u2013 version di\u00e9lectrique pour vannes et volants","og_description":"Dispositif de verrouillage de c\u00e2ble en polypropyl\u00e8ne con\u00e7u avec un c\u00e2ble en acier galvanis\u00e9 rev\u00eatu de vinyle de 2 m\u00e8tres. Le dispositif de verrouillage di\u00e9lectrique r\u00e9siste \u00e0 des temp\u00e9ratures allant jusqu'\u00e0 -55\u00b0C.","og_url":"https:\/\/d-identify.be\/fr\/produit\/dispositif-de-verrouillage-de-cable-de-roue\/","og_site_name":"d-identify","article_modified_time":"2025-12-15T07:29:10+00:00","og_image":[{"width":2560,"height":2216,"url":"https:\/\/d-identify.be\/wp-content\/uploads\/2021\/07\/IMG_2611-scaled.jpg","type":"image\/jpeg"}],"twitter_card":"summary_large_image","twitter_misc":{"Dur\u00e9e de lecture estim\u00e9e":"1 minute"},"schema":{"@context":"https:\/\/schema.org","@graph":[{"@type":"WebPage","@id":"https:\/\/d-identify.be\/fr\/produit\/dispositif-de-verrouillage-de-cable-de-roue\/","url":"https:\/\/d-identify.be\/fr\/produit\/dispositif-de-verrouillage-de-cable-de-roue\/","name":"Consignation \u00e0 c\u00e2ble pour volant \u2013 consignation di\u00e9lectrique r\u00e9glable","isPartOf":{"@id":"https:\/\/d-identify.be\/fr\/#website"},"primaryImageOfPage":{"@id":"https:\/\/d-identify.be\/fr\/produit\/dispositif-de-verrouillage-de-cable-de-roue\/#primaryimage"},"image":{"@id":"https:\/\/d-identify.be\/fr\/produit\/dispositif-de-verrouillage-de-cable-de-roue\/#primaryimage"},"thumbnailUrl":"https:\/\/d-identify.be\/wp-content\/uploads\/2021\/07\/IMG_2611-scaled.jpg","datePublished":"2021-07-26T10:42:08+00:00","dateModified":"2025-12-15T07:29:10+00:00","description":"Dispositif de verrouillage de c\u00e2ble en polypropyl\u00e8ne con\u00e7u avec un c\u00e2ble en acier galvanis\u00e9 rev\u00eatu de vinyle de 2 m\u00e8tres. Le dispositif de verrouillage di\u00e9lectrique r\u00e9siste \u00e0 des temp\u00e9ratures allant jusqu'\u00e0 -55\u00b0C.","breadcrumb":{"@id":"https:\/\/d-identify.be\/fr\/produit\/dispositif-de-verrouillage-de-cable-de-roue\/#breadcrumb"},"inLanguage":"fr-FR","potentialAction":[{"@type":"ReadAction","target":["https:\/\/d-identify.be\/fr\/produit\/dispositif-de-verrouillage-de-cable-de-roue\/"]}]},{"@type":"ImageObject","inLanguage":"fr-FR","@id":"https:\/\/d-identify.be\/fr\/produit\/dispositif-de-verrouillage-de-cable-de-roue\/#primaryimage","url":"https:\/\/d-identify.be\/wp-content\/uploads\/2021\/07\/IMG_2611-scaled.jpg","contentUrl":"https:\/\/d-identify.be\/wp-content\/uploads\/2021\/07\/IMG_2611-scaled.jpg","width":2560,"height":2216,"caption":"Consignation \u00e0 c\u00e2ble pour volant"},{"@type":"BreadcrumbList","@id":"https:\/\/d-identify.be\/fr\/produit\/dispositif-de-verrouillage-de-cable-de-roue\/#breadcrumb","itemListElement":[{"@type":"ListItem","position":1,"name":"Home","item":"https:\/\/d-identify.be\/fr\/home-2\/"},{"@type":"ListItem","position":2,"name":"Boutique","item":"https:\/\/d-identify.be\/fr\/boutique\/"},{"@type":"ListItem","position":3,"name":"Dispositif de consignation \u00e0 c\u00e2ble r\u00e9glable \u2013 version di\u00e9lectrique pour vannes et volants"}]},{"@type":"WebSite","@id":"https:\/\/d-identify.be\/fr\/#website","url":"https:\/\/d-identify.be\/fr\/","name":"d-identify","description":"Industrial identification - Lockout - Tagout - Floor marking","potentialAction":[{"@type":"SearchAction","target":{"@type":"EntryPoint","urlTemplate":"https:\/\/d-identify.be\/fr\/?s={search_term_string}"},"query-input":{"@type":"PropertyValueSpecification","valueRequired":true,"valueName":"search_term_string"}}],"inLanguage":"fr-FR"}]}},"_links":{"self":[{"href":"https:\/\/d-identify.be\/fr\/wp-json\/wp\/v2\/product\/17644","targetHints":{"allow":["GET"]}}],"collection":[{"href":"https:\/\/d-identify.be\/fr\/wp-json\/wp\/v2\/product"}],"about":[{"href":"https:\/\/d-identify.be\/fr\/wp-json\/wp\/v2\/types\/product"}],"replies":[{"embeddable":true,"href":"https:\/\/d-identify.be\/fr\/wp-json\/wp\/v2\/comments?post=17644"}],"wp:featuredmedia":[{"embeddable":true,"href":"https:\/\/d-identify.be\/fr\/wp-json\/wp\/v2\/media\/17645"}],"wp:attachment":[{"href":"https:\/\/d-identify.be\/fr\/wp-json\/wp\/v2\/media?parent=17644"}],"wp:term":[{"taxonomy":"product_brand","embeddable":true,"href":"https:\/\/d-identify.be\/fr\/wp-json\/wp\/v2\/product_brand?post=17644"},{"taxonomy":"product_cat","embeddable":true,"href":"https:\/\/d-identify.be\/fr\/wp-json\/wp\/v2\/product_cat?post=17644"},{"taxonomy":"product_tag","embeddable":true,"href":"https:\/\/d-identify.be\/fr\/wp-json\/wp\/v2\/product_tag?post=17644"},{"taxonomy":"pa_connextion-shapes","embeddable":true,"href":"https:\/\/d-identify.be\/fr\/wp-json\/wp\/v2\/pa_connextion-shapes?post=17644"}],"curies":[{"name":"wp","href":"https:\/\/api.w.org\/{rel}","templated":true}]}}