{"id":17634,"date":"2021-07-26T12:42:08","date_gmt":"2021-07-26T10:42:08","guid":{"rendered":"https:\/\/d-identify.be\/product\/dispositif-de-verrouillage-de-vanne-a-bille-de-style-en-forme-de-coin-pour-les-vannes-de-diametre-de-6-mm-a-25-mm\/"},"modified":"2026-01-15T19:51:42","modified_gmt":"2026-01-15T17:51:42","slug":"master-lock-s3476-consignation-vanne-bille-quart-tour","status":"publish","type":"product","link":"https:\/\/d-identify.be\/fr\/produit\/master-lock-s3476-consignation-vanne-bille-quart-tour\/","title":{"rendered":"Master Lock S3476 \u2013 Dispositif de consignation pour vanne \u00e0 bille quart de tour"},"content":{"rendered":"<div id=\"product-features\" class=\"d-lg-block collapse show\">\n<div class=\"row flex-column flex-lg-row\">\n<div class=\"col-12 col-md-6 col-lg-4 offset-lg-1 order-2\">\n<div class=\"my-3\">\n<p data-start=\"1108\" data-end=\"1341\">Le dispositif de consignation pour vanne \u00e0 bille quart de tour S3476 de Master Lock est con\u00e7u pour les petites vannes manuelles.<br data-start=\"1236\" data-end=\"1239\" \/>Il convient parfaitement aux op\u00e9rations de consignation lors des travaux de maintenance et de service.<\/p>\n<p data-start=\"1343\" data-end=\"1485\">Gr\u00e2ce \u00e0 son format compact, le dispositif est facile \u00e0 transporter ou \u00e0 stocker.<br data-start=\"1423\" data-end=\"1426\" \/>Il reste rapidement accessible en environnement industriel.<\/p>\n<p data-start=\"1487\" data-end=\"1654\">Le dispositif est dot\u00e9 d\u2019un corps m\u00e9tallique thermor\u00e9sistant avec rev\u00eatement \u00e9poxy.<br data-start=\"1570\" data-end=\"1573\" \/>Cette conception garantit une longue dur\u00e9e de vie dans des conditions exigeantes.<\/p>\n<p data-start=\"1656\" data-end=\"1818\">Le design monobloc permet de verrouiller la vanne de mani\u00e8re fiable en position ARR\u00caT.<br data-start=\"1742\" data-end=\"1745\" \/>Cela r\u00e9duit le risque d\u2019ouverture accidentelle pendant les interventions.<\/p>\n<p data-start=\"1820\" data-end=\"1995\">Le S3476 est compatible avec les vannes \u00e0 bille quart de tour manuelles de 1\/4&Prime; \u00e0 1&Prime;, soit de 6 \u00e0 25 mm de diam\u00e8tre.<br data-start=\"1936\" data-end=\"1939\" \/>Cette plage couvre de nombreuses applications courantes.<\/p>\n<p data-start=\"1997\" data-end=\"2225\">L\u2019installation est simple et ne n\u00e9cessite aucun outil.<br data-start=\"2051\" data-end=\"2054\" \/>Le dispositif de consignation pour vanne \u00e0 bille quart de tour S3476 contribue \u00e0 des proc\u00e9dures de consignation claires et \u00e0 une meilleure s\u00e9curit\u00e9 sur le lieu de travail.<\/p>\n<\/div>\n<\/div>\n<\/div>\n<\/div>\n","protected":false},"excerpt":{"rendered":"<p>Le Master Lock S3476 est un dispositif de consignation compact pour vannes \u00e0 bille quart de tour. Il verrouille la vanne en position ARR\u00caT et emp\u00eache toute man\u0153uvre accidentelle.<\/p>\n","protected":false},"featured_media":17635,"comment_status":"open","ping_status":"closed","template":"","meta":{"_acf_changed":false,"_et_pb_use_builder":"","_et_pb_old_content":"","_et_gb_content_width":""},"product_brand":[],"product_cat":[466,626],"product_tag":[934],"pa_connextion-shapes":[],"class_list":{"0":"post-17634","1":"product","2":"type-product","3":"status-publish","4":"has-post-thumbnail","6":"product_cat-lockout-tagout","7":"product_cat-valve-lockout-devices","8":"product_tag-master-lock-fr","10":"first","11":"instock","12":"taxable","13":"shipping-taxable","14":"purchasable","15":"product-type-simple"},"exclude_global_add_ons":[],"addons":[],"acf":[],"yoast_head":"<!-- This site is optimized with the Yoast SEO Premium plugin v27.0 (Yoast SEO v27.1) - https:\/\/yoast.com\/product\/yoast-seo-premium-wordpress\/ -->\n<title>Consignation vanne \u00e0 bille quart de tour S3476 | Master Lock<\/title>\n<meta name=\"description\" content=\"Dispositif de consignation S3476 pour vanne \u00e0 bille quart de tour. Corps m\u00e9tallique compact et r\u00e9sistant \u00e0 la chaleur pour vannes manuelles de 6 \u00e0 25 mm.\" \/>\n<meta name=\"robots\" content=\"index, follow, max-snippet:-1, max-image-preview:large, max-video-preview:-1\" \/>\n<link rel=\"canonical\" href=\"https:\/\/d-identify.be\/fr\/produit\/master-lock-s3476-consignation-vanne-bille-quart-tour\/\" \/>\n<meta property=\"og:locale\" content=\"fr_FR\" \/>\n<meta property=\"og:type\" content=\"article\" \/>\n<meta property=\"og:title\" content=\"Master Lock S3476 \u2013 Dispositif de consignation pour vanne \u00e0 bille quart de tour\" \/>\n<meta property=\"og:description\" content=\"Dispositif de consignation S3476 pour vanne \u00e0 bille quart de tour. Corps m\u00e9tallique compact et r\u00e9sistant \u00e0 la chaleur pour vannes manuelles de 6 \u00e0 25 mm.\" \/>\n<meta property=\"og:url\" content=\"https:\/\/d-identify.be\/fr\/produit\/master-lock-s3476-consignation-vanne-bille-quart-tour\/\" \/>\n<meta property=\"og:site_name\" content=\"d-identify\" \/>\n<meta property=\"article:modified_time\" content=\"2026-01-15T17:51:42+00:00\" \/>\n<meta property=\"og:image\" content=\"https:\/\/d-identify.be\/wp-content\/uploads\/2021\/07\/MLCOM_PRODUCT_S3476_A1.jpg\" \/>\n\t<meta property=\"og:image:width\" content=\"285\" \/>\n\t<meta property=\"og:image:height\" content=\"285\" \/>\n\t<meta property=\"og:image:type\" content=\"image\/jpeg\" \/>\n<meta name=\"twitter:card\" content=\"summary_large_image\" \/>\n<meta name=\"twitter:label1\" content=\"Dur\u00e9e de lecture estim\u00e9e\" \/>\n\t<meta name=\"twitter:data1\" content=\"1 minute\" \/>\n<script type=\"application\/ld+json\" class=\"yoast-schema-graph\">{\"@context\":\"https:\/\/schema.org\",\"@graph\":[{\"@type\":\"WebPage\",\"@id\":\"https:\/\/d-identify.be\/fr\/produit\/master-lock-s3476-consignation-vanne-bille-quart-tour\/\",\"url\":\"https:\/\/d-identify.be\/fr\/produit\/master-lock-s3476-consignation-vanne-bille-quart-tour\/\",\"name\":\"Consignation vanne \u00e0 bille quart de tour S3476 | Master Lock\",\"isPartOf\":{\"@id\":\"https:\/\/d-identify.be\/fr\/#website\"},\"primaryImageOfPage\":{\"@id\":\"https:\/\/d-identify.be\/fr\/produit\/master-lock-s3476-consignation-vanne-bille-quart-tour\/#primaryimage\"},\"image\":{\"@id\":\"https:\/\/d-identify.be\/fr\/produit\/master-lock-s3476-consignation-vanne-bille-quart-tour\/#primaryimage\"},\"thumbnailUrl\":\"https:\/\/d-identify.be\/wp-content\/uploads\/2021\/07\/MLCOM_PRODUCT_S3476_A1.jpg\",\"datePublished\":\"2021-07-26T10:42:08+00:00\",\"dateModified\":\"2026-01-15T17:51:42+00:00\",\"description\":\"Dispositif de consignation S3476 pour vanne \u00e0 bille quart de tour. Corps m\u00e9tallique compact et r\u00e9sistant \u00e0 la chaleur pour vannes manuelles de 6 \u00e0 25 mm.\",\"breadcrumb\":{\"@id\":\"https:\/\/d-identify.be\/fr\/produit\/master-lock-s3476-consignation-vanne-bille-quart-tour\/#breadcrumb\"},\"inLanguage\":\"fr-FR\",\"potentialAction\":[{\"@type\":\"ReadAction\",\"target\":[\"https:\/\/d-identify.be\/fr\/produit\/master-lock-s3476-consignation-vanne-bille-quart-tour\/\"]}]},{\"@type\":\"ImageObject\",\"inLanguage\":\"fr-FR\",\"@id\":\"https:\/\/d-identify.be\/fr\/produit\/master-lock-s3476-consignation-vanne-bille-quart-tour\/#primaryimage\",\"url\":\"https:\/\/d-identify.be\/wp-content\/uploads\/2021\/07\/MLCOM_PRODUCT_S3476_A1.jpg\",\"contentUrl\":\"https:\/\/d-identify.be\/wp-content\/uploads\/2021\/07\/MLCOM_PRODUCT_S3476_A1.jpg\",\"width\":285,\"height\":285,\"caption\":\"Vierteldreh Kugelhahn Lockout S3476 | Master Lock\"},{\"@type\":\"BreadcrumbList\",\"@id\":\"https:\/\/d-identify.be\/fr\/produit\/master-lock-s3476-consignation-vanne-bille-quart-tour\/#breadcrumb\",\"itemListElement\":[{\"@type\":\"ListItem\",\"position\":1,\"name\":\"Home\",\"item\":\"https:\/\/d-identify.be\/fr\/home-2\/\"},{\"@type\":\"ListItem\",\"position\":2,\"name\":\"Boutique\",\"item\":\"https:\/\/d-identify.be\/fr\/boutique\/\"},{\"@type\":\"ListItem\",\"position\":3,\"name\":\"Master Lock S3476 \u2013 Dispositif de consignation pour vanne \u00e0 bille quart de tour\"}]},{\"@type\":\"WebSite\",\"@id\":\"https:\/\/d-identify.be\/fr\/#website\",\"url\":\"https:\/\/d-identify.be\/fr\/\",\"name\":\"d-identify\",\"description\":\"Industrial identification - Lockout - Tagout - Floor marking\",\"potentialAction\":[{\"@type\":\"SearchAction\",\"target\":{\"@type\":\"EntryPoint\",\"urlTemplate\":\"https:\/\/d-identify.be\/fr\/?s={search_term_string}\"},\"query-input\":{\"@type\":\"PropertyValueSpecification\",\"valueRequired\":true,\"valueName\":\"search_term_string\"}}],\"inLanguage\":\"fr-FR\"}]}<\/script>\n<!-- \/ Yoast SEO Premium plugin. -->","yoast_head_json":{"title":"Consignation vanne \u00e0 bille quart de tour S3476 | Master Lock","description":"Dispositif de consignation S3476 pour vanne \u00e0 bille quart de tour. Corps m\u00e9tallique compact et r\u00e9sistant \u00e0 la chaleur pour vannes manuelles de 6 \u00e0 25 mm.","robots":{"index":"index","follow":"follow","max-snippet":"max-snippet:-1","max-image-preview":"max-image-preview:large","max-video-preview":"max-video-preview:-1"},"canonical":"https:\/\/d-identify.be\/fr\/produit\/master-lock-s3476-consignation-vanne-bille-quart-tour\/","og_locale":"fr_FR","og_type":"article","og_title":"Master Lock S3476 \u2013 Dispositif de consignation pour vanne \u00e0 bille quart de tour","og_description":"Dispositif de consignation S3476 pour vanne \u00e0 bille quart de tour. Corps m\u00e9tallique compact et r\u00e9sistant \u00e0 la chaleur pour vannes manuelles de 6 \u00e0 25 mm.","og_url":"https:\/\/d-identify.be\/fr\/produit\/master-lock-s3476-consignation-vanne-bille-quart-tour\/","og_site_name":"d-identify","article_modified_time":"2026-01-15T17:51:42+00:00","og_image":[{"width":285,"height":285,"url":"https:\/\/d-identify.be\/wp-content\/uploads\/2021\/07\/MLCOM_PRODUCT_S3476_A1.jpg","type":"image\/jpeg"}],"twitter_card":"summary_large_image","twitter_misc":{"Dur\u00e9e de lecture estim\u00e9e":"1 minute"},"schema":{"@context":"https:\/\/schema.org","@graph":[{"@type":"WebPage","@id":"https:\/\/d-identify.be\/fr\/produit\/master-lock-s3476-consignation-vanne-bille-quart-tour\/","url":"https:\/\/d-identify.be\/fr\/produit\/master-lock-s3476-consignation-vanne-bille-quart-tour\/","name":"Consignation vanne \u00e0 bille quart de tour S3476 | Master Lock","isPartOf":{"@id":"https:\/\/d-identify.be\/fr\/#website"},"primaryImageOfPage":{"@id":"https:\/\/d-identify.be\/fr\/produit\/master-lock-s3476-consignation-vanne-bille-quart-tour\/#primaryimage"},"image":{"@id":"https:\/\/d-identify.be\/fr\/produit\/master-lock-s3476-consignation-vanne-bille-quart-tour\/#primaryimage"},"thumbnailUrl":"https:\/\/d-identify.be\/wp-content\/uploads\/2021\/07\/MLCOM_PRODUCT_S3476_A1.jpg","datePublished":"2021-07-26T10:42:08+00:00","dateModified":"2026-01-15T17:51:42+00:00","description":"Dispositif de consignation S3476 pour vanne \u00e0 bille quart de tour. Corps m\u00e9tallique compact et r\u00e9sistant \u00e0 la chaleur pour vannes manuelles de 6 \u00e0 25 mm.","breadcrumb":{"@id":"https:\/\/d-identify.be\/fr\/produit\/master-lock-s3476-consignation-vanne-bille-quart-tour\/#breadcrumb"},"inLanguage":"fr-FR","potentialAction":[{"@type":"ReadAction","target":["https:\/\/d-identify.be\/fr\/produit\/master-lock-s3476-consignation-vanne-bille-quart-tour\/"]}]},{"@type":"ImageObject","inLanguage":"fr-FR","@id":"https:\/\/d-identify.be\/fr\/produit\/master-lock-s3476-consignation-vanne-bille-quart-tour\/#primaryimage","url":"https:\/\/d-identify.be\/wp-content\/uploads\/2021\/07\/MLCOM_PRODUCT_S3476_A1.jpg","contentUrl":"https:\/\/d-identify.be\/wp-content\/uploads\/2021\/07\/MLCOM_PRODUCT_S3476_A1.jpg","width":285,"height":285,"caption":"Vierteldreh Kugelhahn Lockout S3476 | Master Lock"},{"@type":"BreadcrumbList","@id":"https:\/\/d-identify.be\/fr\/produit\/master-lock-s3476-consignation-vanne-bille-quart-tour\/#breadcrumb","itemListElement":[{"@type":"ListItem","position":1,"name":"Home","item":"https:\/\/d-identify.be\/fr\/home-2\/"},{"@type":"ListItem","position":2,"name":"Boutique","item":"https:\/\/d-identify.be\/fr\/boutique\/"},{"@type":"ListItem","position":3,"name":"Master Lock S3476 \u2013 Dispositif de consignation pour vanne \u00e0 bille quart de tour"}]},{"@type":"WebSite","@id":"https:\/\/d-identify.be\/fr\/#website","url":"https:\/\/d-identify.be\/fr\/","name":"d-identify","description":"Industrial identification - Lockout - Tagout - Floor marking","potentialAction":[{"@type":"SearchAction","target":{"@type":"EntryPoint","urlTemplate":"https:\/\/d-identify.be\/fr\/?s={search_term_string}"},"query-input":{"@type":"PropertyValueSpecification","valueRequired":true,"valueName":"search_term_string"}}],"inLanguage":"fr-FR"}]}},"_links":{"self":[{"href":"https:\/\/d-identify.be\/fr\/wp-json\/wp\/v2\/product\/17634","targetHints":{"allow":["GET"]}}],"collection":[{"href":"https:\/\/d-identify.be\/fr\/wp-json\/wp\/v2\/product"}],"about":[{"href":"https:\/\/d-identify.be\/fr\/wp-json\/wp\/v2\/types\/product"}],"replies":[{"embeddable":true,"href":"https:\/\/d-identify.be\/fr\/wp-json\/wp\/v2\/comments?post=17634"}],"wp:featuredmedia":[{"embeddable":true,"href":"https:\/\/d-identify.be\/fr\/wp-json\/wp\/v2\/media\/17635"}],"wp:attachment":[{"href":"https:\/\/d-identify.be\/fr\/wp-json\/wp\/v2\/media?parent=17634"}],"wp:term":[{"taxonomy":"product_brand","embeddable":true,"href":"https:\/\/d-identify.be\/fr\/wp-json\/wp\/v2\/product_brand?post=17634"},{"taxonomy":"product_cat","embeddable":true,"href":"https:\/\/d-identify.be\/fr\/wp-json\/wp\/v2\/product_cat?post=17634"},{"taxonomy":"product_tag","embeddable":true,"href":"https:\/\/d-identify.be\/fr\/wp-json\/wp\/v2\/product_tag?post=17634"},{"taxonomy":"pa_connextion-shapes","embeddable":true,"href":"https:\/\/d-identify.be\/fr\/wp-json\/wp\/v2\/pa_connextion-shapes?post=17634"}],"curies":[{"name":"wp","href":"https:\/\/api.w.org\/{rel}","templated":true}]}}