{"id":17583,"date":"2021-07-26T12:42:13","date_gmt":"2021-07-26T10:42:13","guid":{"rendered":"https:\/\/d-identify.be\/product\/cadenas-de-securite-en-thermoplastique-410lt-zenex-largeur-de-38-mm-avec-anse-de-76-mm\/"},"modified":"2026-01-12T18:10:51","modified_gmt":"2026-01-12T16:10:51","slug":"410lt-cadenas-de-securite","status":"publish","type":"product","link":"https:\/\/d-identify.be\/fr\/produit\/410lt-cadenas-de-securite\/","title":{"rendered":"410LT Zenex\u2122 cadenas de s\u00e9curit\u00e9 thermoplastique"},"content":{"rendered":"<p data-start=\"1144\" data-end=\"1411\">Le <strong data-start=\"1147\" data-end=\"1176\">410LT cadenas de s\u00e9curit\u00e9<\/strong> est con\u00e7u pour les applications de lockout-tagout o\u00f9 une anse plus longue est n\u00e9cessaire. Il dispose d\u2019un corps en thermoplastique Zenex\u2122 d\u2019une largeur de 38 mm. Gr\u00e2ce \u00e0 ce format compact, le cadenas reste l\u00e9ger et facile \u00e0 manipuler.<\/p>\n<p data-start=\"1413\" data-end=\"1672\">De plus, le cadenas est \u00e9quip\u00e9 d\u2019une anse de 76 mm de hauteur. Cette anse longue permet une utilisation avec diff\u00e9rents dispositifs de consignation, hasps et syst\u00e8mes de consignation collective. Elle offre ainsi plus de flexibilit\u00e9 sur les points d\u2019isolement.<\/p>\n<p data-start=\"1674\" data-end=\"1873\">Le corps en thermoplastique Zenex\u2122 r\u00e9siste \u00e0 l\u2019humidit\u00e9, aux produits chimiques et aux chocs. Ainsi, le cadenas convient \u00e0 une utilisation fiable en environnement industriel, m\u00eame en usage quotidien.<\/p>\n<p data-start=\"1875\" data-end=\"2154\">Le <strong data-start=\"1878\" data-end=\"1907\">410LT cadenas de s\u00e9curit\u00e9<\/strong> est destin\u00e9 \u00e0 un usage de consignation individuelle. Il facilite l\u2019identification claire de l\u2019utilisateur et le contr\u00f4le de l\u2019acc\u00e8s pendant les op\u00e9rations de maintenance. Cela aide \u00e0 appliquer des proc\u00e9dures de lockout-tagout s\u00fbres et coh\u00e9rentes.<\/p>\n","protected":false},"excerpt":{"rendered":"<p data-start=\"874\" data-end=\"1065\">Le <strong data-start=\"877\" data-end=\"906\">410LT cadenas de s\u00e9curit\u00e9<\/strong> est un cadenas thermoplastique dot\u00e9 d\u2019une anse longue de 76 mm. Il est con\u00e7u pour les applications de lockout-tagout n\u00e9cessitant un d\u00e9gagement suppl\u00e9mentaire.<\/p>\n","protected":false},"featured_media":17598,"comment_status":"open","ping_status":"closed","template":"","meta":{"_acf_changed":false,"_et_pb_use_builder":"","_et_pb_old_content":"","_et_gb_content_width":""},"product_brand":[],"product_cat":[466,628],"product_tag":[934],"pa_connextion-shapes":[],"class_list":{"0":"post-17583","1":"product","2":"type-product","3":"status-publish","4":"has-post-thumbnail","6":"product_cat-lockout-tagout","7":"product_cat-lockout-padlocks","8":"product_tag-master-lock-fr","10":"first","11":"instock","12":"taxable","13":"shipping-taxable","14":"purchasable","15":"product-type-variable","16":"has-default-attributes"},"exclude_global_add_ons":[],"addons":[],"acf":[],"yoast_head":"<!-- This site is optimized with the Yoast SEO Premium plugin v27.0 (Yoast SEO v27.1) - https:\/\/yoast.com\/product\/yoast-seo-premium-wordpress\/ -->\n<title>410LT cadenas de s\u00e9curit\u00e9 - Master Lock<\/title>\n<meta name=\"description\" content=\"410LT cadenas de s\u00e9curit\u00e9 avec corps thermoplastique Zenex\u2122 et anse de 76 mm. Id\u00e9al pour les applications lockout-tagout n\u00e9cessitant plus de d\u00e9gagement.\" \/>\n<meta name=\"robots\" content=\"index, follow, max-snippet:-1, max-image-preview:large, max-video-preview:-1\" \/>\n<link rel=\"canonical\" href=\"https:\/\/d-identify.be\/fr\/produit\/410lt-cadenas-de-securite\/\" \/>\n<meta property=\"og:locale\" content=\"fr_FR\" \/>\n<meta property=\"og:type\" content=\"article\" \/>\n<meta property=\"og:title\" content=\"410LT Zenex\u2122 cadenas de s\u00e9curit\u00e9 thermoplastique\" \/>\n<meta property=\"og:description\" content=\"410LT cadenas de s\u00e9curit\u00e9 avec corps thermoplastique Zenex\u2122 et anse de 76 mm. Id\u00e9al pour les applications lockout-tagout n\u00e9cessitant plus de d\u00e9gagement.\" \/>\n<meta property=\"og:url\" content=\"https:\/\/d-identify.be\/fr\/produit\/410lt-cadenas-de-securite\/\" \/>\n<meta property=\"og:site_name\" content=\"d-identify\" \/>\n<meta property=\"article:modified_time\" content=\"2026-01-12T16:10:51+00:00\" \/>\n<meta property=\"og:image\" content=\"https:\/\/d-identify.be\/wp-content\/uploads\/2021\/07\/410LTORJ.jpg\" \/>\n\t<meta property=\"og:image:width\" content=\"285\" \/>\n\t<meta property=\"og:image:height\" content=\"285\" \/>\n\t<meta property=\"og:image:type\" content=\"image\/jpeg\" \/>\n<meta name=\"twitter:card\" content=\"summary_large_image\" \/>\n<meta name=\"twitter:label1\" content=\"Dur\u00e9e de lecture estim\u00e9e\" \/>\n\t<meta name=\"twitter:data1\" content=\"1 minute\" \/>\n<script type=\"application\/ld+json\" class=\"yoast-schema-graph\">{\"@context\":\"https:\/\/schema.org\",\"@graph\":[{\"@type\":\"WebPage\",\"@id\":\"https:\/\/d-identify.be\/fr\/produit\/410lt-cadenas-de-securite\/\",\"url\":\"https:\/\/d-identify.be\/fr\/produit\/410lt-cadenas-de-securite\/\",\"name\":\"410LT cadenas de s\u00e9curit\u00e9 - Master Lock\",\"isPartOf\":{\"@id\":\"https:\/\/d-identify.be\/fr\/#website\"},\"primaryImageOfPage\":{\"@id\":\"https:\/\/d-identify.be\/fr\/produit\/410lt-cadenas-de-securite\/#primaryimage\"},\"image\":{\"@id\":\"https:\/\/d-identify.be\/fr\/produit\/410lt-cadenas-de-securite\/#primaryimage\"},\"thumbnailUrl\":\"https:\/\/d-identify.be\/wp-content\/uploads\/2021\/07\/410LTORJ.jpg\",\"datePublished\":\"2021-07-26T10:42:13+00:00\",\"dateModified\":\"2026-01-12T16:10:51+00:00\",\"description\":\"410LT cadenas de s\u00e9curit\u00e9 avec corps thermoplastique Zenex\u2122 et anse de 76 mm. Id\u00e9al pour les applications lockout-tagout n\u00e9cessitant plus de d\u00e9gagement.\",\"breadcrumb\":{\"@id\":\"https:\/\/d-identify.be\/fr\/produit\/410lt-cadenas-de-securite\/#breadcrumb\"},\"inLanguage\":\"fr-FR\",\"potentialAction\":[{\"@type\":\"ReadAction\",\"target\":[\"https:\/\/d-identify.be\/fr\/produit\/410lt-cadenas-de-securite\/\"]}]},{\"@type\":\"ImageObject\",\"inLanguage\":\"fr-FR\",\"@id\":\"https:\/\/d-identify.be\/fr\/produit\/410lt-cadenas-de-securite\/#primaryimage\",\"url\":\"https:\/\/d-identify.be\/wp-content\/uploads\/2021\/07\/410LTORJ.jpg\",\"contentUrl\":\"https:\/\/d-identify.be\/wp-content\/uploads\/2021\/07\/410LTORJ.jpg\",\"width\":285,\"height\":285,\"caption\":\"410LT cadenas de s\u00e9curit\u00e9 - Master Lock\"},{\"@type\":\"BreadcrumbList\",\"@id\":\"https:\/\/d-identify.be\/fr\/produit\/410lt-cadenas-de-securite\/#breadcrumb\",\"itemListElement\":[{\"@type\":\"ListItem\",\"position\":1,\"name\":\"Home\",\"item\":\"https:\/\/d-identify.be\/fr\/home-2\/\"},{\"@type\":\"ListItem\",\"position\":2,\"name\":\"Boutique\",\"item\":\"https:\/\/d-identify.be\/fr\/boutique\/\"},{\"@type\":\"ListItem\",\"position\":3,\"name\":\"410LT Zenex\u2122 cadenas de s\u00e9curit\u00e9 thermoplastique\"}]},{\"@type\":\"WebSite\",\"@id\":\"https:\/\/d-identify.be\/fr\/#website\",\"url\":\"https:\/\/d-identify.be\/fr\/\",\"name\":\"d-identify\",\"description\":\"Industrial identification - Lockout - Tagout - Floor marking\",\"potentialAction\":[{\"@type\":\"SearchAction\",\"target\":{\"@type\":\"EntryPoint\",\"urlTemplate\":\"https:\/\/d-identify.be\/fr\/?s={search_term_string}\"},\"query-input\":{\"@type\":\"PropertyValueSpecification\",\"valueRequired\":true,\"valueName\":\"search_term_string\"}}],\"inLanguage\":\"fr-FR\"}]}<\/script>\n<!-- \/ Yoast SEO Premium plugin. -->","yoast_head_json":{"title":"410LT cadenas de s\u00e9curit\u00e9 - Master Lock","description":"410LT cadenas de s\u00e9curit\u00e9 avec corps thermoplastique Zenex\u2122 et anse de 76 mm. Id\u00e9al pour les applications lockout-tagout n\u00e9cessitant plus de d\u00e9gagement.","robots":{"index":"index","follow":"follow","max-snippet":"max-snippet:-1","max-image-preview":"max-image-preview:large","max-video-preview":"max-video-preview:-1"},"canonical":"https:\/\/d-identify.be\/fr\/produit\/410lt-cadenas-de-securite\/","og_locale":"fr_FR","og_type":"article","og_title":"410LT Zenex\u2122 cadenas de s\u00e9curit\u00e9 thermoplastique","og_description":"410LT cadenas de s\u00e9curit\u00e9 avec corps thermoplastique Zenex\u2122 et anse de 76 mm. Id\u00e9al pour les applications lockout-tagout n\u00e9cessitant plus de d\u00e9gagement.","og_url":"https:\/\/d-identify.be\/fr\/produit\/410lt-cadenas-de-securite\/","og_site_name":"d-identify","article_modified_time":"2026-01-12T16:10:51+00:00","og_image":[{"width":285,"height":285,"url":"https:\/\/d-identify.be\/wp-content\/uploads\/2021\/07\/410LTORJ.jpg","type":"image\/jpeg"}],"twitter_card":"summary_large_image","twitter_misc":{"Dur\u00e9e de lecture estim\u00e9e":"1 minute"},"schema":{"@context":"https:\/\/schema.org","@graph":[{"@type":"WebPage","@id":"https:\/\/d-identify.be\/fr\/produit\/410lt-cadenas-de-securite\/","url":"https:\/\/d-identify.be\/fr\/produit\/410lt-cadenas-de-securite\/","name":"410LT cadenas de s\u00e9curit\u00e9 - Master Lock","isPartOf":{"@id":"https:\/\/d-identify.be\/fr\/#website"},"primaryImageOfPage":{"@id":"https:\/\/d-identify.be\/fr\/produit\/410lt-cadenas-de-securite\/#primaryimage"},"image":{"@id":"https:\/\/d-identify.be\/fr\/produit\/410lt-cadenas-de-securite\/#primaryimage"},"thumbnailUrl":"https:\/\/d-identify.be\/wp-content\/uploads\/2021\/07\/410LTORJ.jpg","datePublished":"2021-07-26T10:42:13+00:00","dateModified":"2026-01-12T16:10:51+00:00","description":"410LT cadenas de s\u00e9curit\u00e9 avec corps thermoplastique Zenex\u2122 et anse de 76 mm. Id\u00e9al pour les applications lockout-tagout n\u00e9cessitant plus de d\u00e9gagement.","breadcrumb":{"@id":"https:\/\/d-identify.be\/fr\/produit\/410lt-cadenas-de-securite\/#breadcrumb"},"inLanguage":"fr-FR","potentialAction":[{"@type":"ReadAction","target":["https:\/\/d-identify.be\/fr\/produit\/410lt-cadenas-de-securite\/"]}]},{"@type":"ImageObject","inLanguage":"fr-FR","@id":"https:\/\/d-identify.be\/fr\/produit\/410lt-cadenas-de-securite\/#primaryimage","url":"https:\/\/d-identify.be\/wp-content\/uploads\/2021\/07\/410LTORJ.jpg","contentUrl":"https:\/\/d-identify.be\/wp-content\/uploads\/2021\/07\/410LTORJ.jpg","width":285,"height":285,"caption":"410LT cadenas de s\u00e9curit\u00e9 - Master Lock"},{"@type":"BreadcrumbList","@id":"https:\/\/d-identify.be\/fr\/produit\/410lt-cadenas-de-securite\/#breadcrumb","itemListElement":[{"@type":"ListItem","position":1,"name":"Home","item":"https:\/\/d-identify.be\/fr\/home-2\/"},{"@type":"ListItem","position":2,"name":"Boutique","item":"https:\/\/d-identify.be\/fr\/boutique\/"},{"@type":"ListItem","position":3,"name":"410LT Zenex\u2122 cadenas de s\u00e9curit\u00e9 thermoplastique"}]},{"@type":"WebSite","@id":"https:\/\/d-identify.be\/fr\/#website","url":"https:\/\/d-identify.be\/fr\/","name":"d-identify","description":"Industrial identification - Lockout - Tagout - Floor marking","potentialAction":[{"@type":"SearchAction","target":{"@type":"EntryPoint","urlTemplate":"https:\/\/d-identify.be\/fr\/?s={search_term_string}"},"query-input":{"@type":"PropertyValueSpecification","valueRequired":true,"valueName":"search_term_string"}}],"inLanguage":"fr-FR"}]}},"_links":{"self":[{"href":"https:\/\/d-identify.be\/fr\/wp-json\/wp\/v2\/product\/17583","targetHints":{"allow":["GET"]}}],"collection":[{"href":"https:\/\/d-identify.be\/fr\/wp-json\/wp\/v2\/product"}],"about":[{"href":"https:\/\/d-identify.be\/fr\/wp-json\/wp\/v2\/types\/product"}],"replies":[{"embeddable":true,"href":"https:\/\/d-identify.be\/fr\/wp-json\/wp\/v2\/comments?post=17583"}],"wp:featuredmedia":[{"embeddable":true,"href":"https:\/\/d-identify.be\/fr\/wp-json\/wp\/v2\/media\/17598"}],"wp:attachment":[{"href":"https:\/\/d-identify.be\/fr\/wp-json\/wp\/v2\/media?parent=17583"}],"wp:term":[{"taxonomy":"product_brand","embeddable":true,"href":"https:\/\/d-identify.be\/fr\/wp-json\/wp\/v2\/product_brand?post=17583"},{"taxonomy":"product_cat","embeddable":true,"href":"https:\/\/d-identify.be\/fr\/wp-json\/wp\/v2\/product_cat?post=17583"},{"taxonomy":"product_tag","embeddable":true,"href":"https:\/\/d-identify.be\/fr\/wp-json\/wp\/v2\/product_tag?post=17583"},{"taxonomy":"pa_connextion-shapes","embeddable":true,"href":"https:\/\/d-identify.be\/fr\/wp-json\/wp\/v2\/pa_connextion-shapes?post=17583"}],"curies":[{"name":"wp","href":"https:\/\/api.w.org\/{rel}","templated":true}]}}