{"id":17533,"date":"2021-09-15T08:44:13","date_gmt":"2021-09-15T06:44:13","guid":{"rendered":"https:\/\/d-identify.be\/product\/cadenas-de-securite-zenex-en-thermoplastique-s31lt\/"},"modified":"2026-01-14T10:44:48","modified_gmt":"2026-01-14T08:44:48","slug":"master-lock-s31lt-zenex-safety-padlock-76mm","status":"publish","type":"product","link":"https:\/\/d-identify.be\/fr\/produit\/master-lock-s31lt-zenex-safety-padlock-76mm\/","title":{"rendered":"Cadenas de consignation thermoplastique Master Lock S31LT Zenex\u2122 \u2013 Anse longue 76 mm"},"content":{"rendered":"<p data-start=\"1196\" data-end=\"1491\">Le <strong data-start=\"1199\" data-end=\"1222\">cadenas Zenex S31LT<\/strong> soutient les op\u00e9rations de Lockout-Tagout qui n\u00e9cessitent un d\u00e9gagement d\u2019anse suppl\u00e9mentaire et une forte r\u00e9sistance \u00e0 la corrosion. Ce cadenas de consignation convient aux travaux de maintenance industrielle quotidiens o\u00f9 la consignation personnelle est essentielle.<\/p>\n<p data-start=\"1493\" data-end=\"1729\">Le cadenas poss\u00e8de un corps compact en thermoplastique Zenex\u2122 d\u2019une largeur de 35 mm. Sa conception l\u00e9g\u00e8re facilite la manipulation quotidienne. Le corps r\u00e9siste aux produits chimiques, \u00e0 l\u2019humidit\u00e9, aux UV et aux temp\u00e9ratures extr\u00eames.<\/p>\n<p data-start=\"1731\" data-end=\"2088\">Le <strong data-start=\"1734\" data-end=\"1757\">cadenas Zenex S31LT<\/strong> utilise une anse longue de 76 mm en acier inoxydable de qualit\u00e9 marine 316. Cette anse offre une excellente r\u00e9sistance \u00e0 la corrosion. Elle s\u2019adapte facilement aux dispositifs de consignation, aux hasps, aux vannes et aux syst\u00e8mes de consignation collective. Cette configuration apporte plus de flexibilit\u00e9 aux points d\u2019isolement.<\/p>\n<p data-start=\"2090\" data-end=\"2415\">Le cadenas est destin\u00e9 \u00e0 un usage Lockout-Tagout personnel. Un cylindre de s\u00e9curit\u00e9 haute s\u00fbret\u00e9, r\u00e9serv\u00e9 aux applications de consignation, maintient la cl\u00e9 captive jusqu\u2019au verrouillage. Ce m\u00e9canisme \u00e9vite toute utilisation dangereuse et garantit une identification claire du propri\u00e9taire pendant les travaux de maintenance.<\/p>\n<p data-start=\"2417\" data-end=\"2543\">Le <strong data-start=\"2420\" data-end=\"2443\">cadenas Zenex S31LT<\/strong> offre une solution durable, l\u00e9g\u00e8re et fiable pour les applications industrielles de Lockout-Tagout.<\/p>\n","protected":false},"excerpt":{"rendered":"<p data-start=\"885\" data-end=\"1144\">Le cadenas de consignation Master Lock S31LT Zenex\u2122 dispose d\u2019un corps thermoplastique l\u00e9ger et d\u2019une anse longue en acier inoxydable de 76 mm. Il convient aux applications Lockout-Tagout et offre une excellente r\u00e9sistance \u00e0 la corrosion en milieu industriel.<\/p>\n","protected":false},"featured_media":17550,"comment_status":"open","ping_status":"closed","template":"","meta":{"_acf_changed":false,"_et_pb_use_builder":"","_et_pb_old_content":"","_et_gb_content_width":""},"product_brand":[],"product_cat":[466,628],"product_tag":[934],"pa_connextion-shapes":[],"class_list":{"0":"post-17533","1":"product","2":"type-product","3":"status-publish","4":"has-post-thumbnail","6":"product_cat-lockout-tagout","7":"product_cat-lockout-padlocks","8":"product_tag-master-lock-fr","10":"first","11":"instock","12":"taxable","13":"shipping-taxable","14":"purchasable","15":"product-type-variable","16":"has-default-attributes"},"exclude_global_add_ons":[],"addons":[],"acf":[],"yoast_head":"<!-- This site is optimized with the Yoast SEO Premium plugin v27.0 (Yoast SEO v27.1) - https:\/\/yoast.com\/product\/yoast-seo-premium-wordpress\/ -->\n<title>Cadenas Zenex S31LT | Master Lock 76 mm<\/title>\n<meta name=\"description\" content=\"Cadenas Zenex S31LT avec anse inox de 76 mm. Cadenas de consignation thermoplastique l\u00e9ger pour applications Lockout-Tagout industrielles.\" \/>\n<meta name=\"robots\" content=\"index, follow, max-snippet:-1, max-image-preview:large, max-video-preview:-1\" \/>\n<link rel=\"canonical\" href=\"https:\/\/d-identify.be\/fr\/produit\/master-lock-s31lt-zenex-safety-padlock-76mm\/\" \/>\n<meta property=\"og:locale\" content=\"fr_FR\" \/>\n<meta property=\"og:type\" content=\"article\" \/>\n<meta property=\"og:title\" content=\"Cadenas de consignation thermoplastique Master Lock S31LT Zenex\u2122 \u2013 Anse longue 76 mm\" \/>\n<meta property=\"og:description\" content=\"Cadenas Zenex S31LT avec anse inox de 76 mm. Cadenas de consignation thermoplastique l\u00e9ger pour applications Lockout-Tagout industrielles.\" \/>\n<meta property=\"og:url\" content=\"https:\/\/d-identify.be\/fr\/produit\/master-lock-s31lt-zenex-safety-padlock-76mm\/\" \/>\n<meta property=\"og:site_name\" content=\"d-identify\" \/>\n<meta property=\"article:modified_time\" content=\"2026-01-14T08:44:48+00:00\" \/>\n<meta property=\"og:image\" content=\"https:\/\/d-identify.be\/wp-content\/uploads\/2021\/09\/S31LTBLK.jpg\" \/>\n\t<meta property=\"og:image:width\" content=\"285\" \/>\n\t<meta property=\"og:image:height\" content=\"285\" \/>\n\t<meta property=\"og:image:type\" content=\"image\/jpeg\" \/>\n<meta name=\"twitter:card\" content=\"summary_large_image\" \/>\n<meta name=\"twitter:label1\" content=\"Dur\u00e9e de lecture estim\u00e9e\" \/>\n\t<meta name=\"twitter:data1\" content=\"2 minutes\" \/>\n<script type=\"application\/ld+json\" class=\"yoast-schema-graph\">{\"@context\":\"https:\/\/schema.org\",\"@graph\":[{\"@type\":\"WebPage\",\"@id\":\"https:\/\/d-identify.be\/fr\/produit\/master-lock-s31lt-zenex-safety-padlock-76mm\/\",\"url\":\"https:\/\/d-identify.be\/fr\/produit\/master-lock-s31lt-zenex-safety-padlock-76mm\/\",\"name\":\"Cadenas Zenex S31LT | Master Lock 76 mm\",\"isPartOf\":{\"@id\":\"https:\/\/d-identify.be\/fr\/#website\"},\"primaryImageOfPage\":{\"@id\":\"https:\/\/d-identify.be\/fr\/produit\/master-lock-s31lt-zenex-safety-padlock-76mm\/#primaryimage\"},\"image\":{\"@id\":\"https:\/\/d-identify.be\/fr\/produit\/master-lock-s31lt-zenex-safety-padlock-76mm\/#primaryimage\"},\"thumbnailUrl\":\"https:\/\/d-identify.be\/wp-content\/uploads\/2021\/09\/S31LTBLK.jpg\",\"datePublished\":\"2021-09-15T06:44:13+00:00\",\"dateModified\":\"2026-01-14T08:44:48+00:00\",\"description\":\"Cadenas Zenex S31LT avec anse inox de 76 mm. Cadenas de consignation thermoplastique l\u00e9ger pour applications Lockout-Tagout industrielles.\",\"breadcrumb\":{\"@id\":\"https:\/\/d-identify.be\/fr\/produit\/master-lock-s31lt-zenex-safety-padlock-76mm\/#breadcrumb\"},\"inLanguage\":\"fr-FR\",\"potentialAction\":[{\"@type\":\"ReadAction\",\"target\":[\"https:\/\/d-identify.be\/fr\/produit\/master-lock-s31lt-zenex-safety-padlock-76mm\/\"]}]},{\"@type\":\"ImageObject\",\"inLanguage\":\"fr-FR\",\"@id\":\"https:\/\/d-identify.be\/fr\/produit\/master-lock-s31lt-zenex-safety-padlock-76mm\/#primaryimage\",\"url\":\"https:\/\/d-identify.be\/wp-content\/uploads\/2021\/09\/S31LTBLK.jpg\",\"contentUrl\":\"https:\/\/d-identify.be\/wp-content\/uploads\/2021\/09\/S31LTBLK.jpg\",\"width\":285,\"height\":285,\"caption\":\"Cadenas Zenex S31LT | Master Lock 76 mm\"},{\"@type\":\"BreadcrumbList\",\"@id\":\"https:\/\/d-identify.be\/fr\/produit\/master-lock-s31lt-zenex-safety-padlock-76mm\/#breadcrumb\",\"itemListElement\":[{\"@type\":\"ListItem\",\"position\":1,\"name\":\"Home\",\"item\":\"https:\/\/d-identify.be\/fr\/home-2\/\"},{\"@type\":\"ListItem\",\"position\":2,\"name\":\"Boutique\",\"item\":\"https:\/\/d-identify.be\/fr\/boutique\/\"},{\"@type\":\"ListItem\",\"position\":3,\"name\":\"Cadenas de consignation thermoplastique Master Lock S31LT Zenex\u2122 \u2013 Anse longue 76 mm\"}]},{\"@type\":\"WebSite\",\"@id\":\"https:\/\/d-identify.be\/fr\/#website\",\"url\":\"https:\/\/d-identify.be\/fr\/\",\"name\":\"d-identify\",\"description\":\"Industrial identification - Lockout - Tagout - Floor marking\",\"potentialAction\":[{\"@type\":\"SearchAction\",\"target\":{\"@type\":\"EntryPoint\",\"urlTemplate\":\"https:\/\/d-identify.be\/fr\/?s={search_term_string}\"},\"query-input\":{\"@type\":\"PropertyValueSpecification\",\"valueRequired\":true,\"valueName\":\"search_term_string\"}}],\"inLanguage\":\"fr-FR\"}]}<\/script>\n<!-- \/ Yoast SEO Premium plugin. -->","yoast_head_json":{"title":"Cadenas Zenex S31LT | Master Lock 76 mm","description":"Cadenas Zenex S31LT avec anse inox de 76 mm. Cadenas de consignation thermoplastique l\u00e9ger pour applications Lockout-Tagout industrielles.","robots":{"index":"index","follow":"follow","max-snippet":"max-snippet:-1","max-image-preview":"max-image-preview:large","max-video-preview":"max-video-preview:-1"},"canonical":"https:\/\/d-identify.be\/fr\/produit\/master-lock-s31lt-zenex-safety-padlock-76mm\/","og_locale":"fr_FR","og_type":"article","og_title":"Cadenas de consignation thermoplastique Master Lock S31LT Zenex\u2122 \u2013 Anse longue 76 mm","og_description":"Cadenas Zenex S31LT avec anse inox de 76 mm. Cadenas de consignation thermoplastique l\u00e9ger pour applications Lockout-Tagout industrielles.","og_url":"https:\/\/d-identify.be\/fr\/produit\/master-lock-s31lt-zenex-safety-padlock-76mm\/","og_site_name":"d-identify","article_modified_time":"2026-01-14T08:44:48+00:00","og_image":[{"width":285,"height":285,"url":"https:\/\/d-identify.be\/wp-content\/uploads\/2021\/09\/S31LTBLK.jpg","type":"image\/jpeg"}],"twitter_card":"summary_large_image","twitter_misc":{"Dur\u00e9e de lecture estim\u00e9e":"2 minutes"},"schema":{"@context":"https:\/\/schema.org","@graph":[{"@type":"WebPage","@id":"https:\/\/d-identify.be\/fr\/produit\/master-lock-s31lt-zenex-safety-padlock-76mm\/","url":"https:\/\/d-identify.be\/fr\/produit\/master-lock-s31lt-zenex-safety-padlock-76mm\/","name":"Cadenas Zenex S31LT | Master Lock 76 mm","isPartOf":{"@id":"https:\/\/d-identify.be\/fr\/#website"},"primaryImageOfPage":{"@id":"https:\/\/d-identify.be\/fr\/produit\/master-lock-s31lt-zenex-safety-padlock-76mm\/#primaryimage"},"image":{"@id":"https:\/\/d-identify.be\/fr\/produit\/master-lock-s31lt-zenex-safety-padlock-76mm\/#primaryimage"},"thumbnailUrl":"https:\/\/d-identify.be\/wp-content\/uploads\/2021\/09\/S31LTBLK.jpg","datePublished":"2021-09-15T06:44:13+00:00","dateModified":"2026-01-14T08:44:48+00:00","description":"Cadenas Zenex S31LT avec anse inox de 76 mm. Cadenas de consignation thermoplastique l\u00e9ger pour applications Lockout-Tagout industrielles.","breadcrumb":{"@id":"https:\/\/d-identify.be\/fr\/produit\/master-lock-s31lt-zenex-safety-padlock-76mm\/#breadcrumb"},"inLanguage":"fr-FR","potentialAction":[{"@type":"ReadAction","target":["https:\/\/d-identify.be\/fr\/produit\/master-lock-s31lt-zenex-safety-padlock-76mm\/"]}]},{"@type":"ImageObject","inLanguage":"fr-FR","@id":"https:\/\/d-identify.be\/fr\/produit\/master-lock-s31lt-zenex-safety-padlock-76mm\/#primaryimage","url":"https:\/\/d-identify.be\/wp-content\/uploads\/2021\/09\/S31LTBLK.jpg","contentUrl":"https:\/\/d-identify.be\/wp-content\/uploads\/2021\/09\/S31LTBLK.jpg","width":285,"height":285,"caption":"Cadenas Zenex S31LT | Master Lock 76 mm"},{"@type":"BreadcrumbList","@id":"https:\/\/d-identify.be\/fr\/produit\/master-lock-s31lt-zenex-safety-padlock-76mm\/#breadcrumb","itemListElement":[{"@type":"ListItem","position":1,"name":"Home","item":"https:\/\/d-identify.be\/fr\/home-2\/"},{"@type":"ListItem","position":2,"name":"Boutique","item":"https:\/\/d-identify.be\/fr\/boutique\/"},{"@type":"ListItem","position":3,"name":"Cadenas de consignation thermoplastique Master Lock S31LT Zenex\u2122 \u2013 Anse longue 76 mm"}]},{"@type":"WebSite","@id":"https:\/\/d-identify.be\/fr\/#website","url":"https:\/\/d-identify.be\/fr\/","name":"d-identify","description":"Industrial identification - Lockout - Tagout - Floor marking","potentialAction":[{"@type":"SearchAction","target":{"@type":"EntryPoint","urlTemplate":"https:\/\/d-identify.be\/fr\/?s={search_term_string}"},"query-input":{"@type":"PropertyValueSpecification","valueRequired":true,"valueName":"search_term_string"}}],"inLanguage":"fr-FR"}]}},"_links":{"self":[{"href":"https:\/\/d-identify.be\/fr\/wp-json\/wp\/v2\/product\/17533","targetHints":{"allow":["GET"]}}],"collection":[{"href":"https:\/\/d-identify.be\/fr\/wp-json\/wp\/v2\/product"}],"about":[{"href":"https:\/\/d-identify.be\/fr\/wp-json\/wp\/v2\/types\/product"}],"replies":[{"embeddable":true,"href":"https:\/\/d-identify.be\/fr\/wp-json\/wp\/v2\/comments?post=17533"}],"wp:featuredmedia":[{"embeddable":true,"href":"https:\/\/d-identify.be\/fr\/wp-json\/wp\/v2\/media\/17550"}],"wp:attachment":[{"href":"https:\/\/d-identify.be\/fr\/wp-json\/wp\/v2\/media?parent=17533"}],"wp:term":[{"taxonomy":"product_brand","embeddable":true,"href":"https:\/\/d-identify.be\/fr\/wp-json\/wp\/v2\/product_brand?post=17533"},{"taxonomy":"product_cat","embeddable":true,"href":"https:\/\/d-identify.be\/fr\/wp-json\/wp\/v2\/product_cat?post=17533"},{"taxonomy":"product_tag","embeddable":true,"href":"https:\/\/d-identify.be\/fr\/wp-json\/wp\/v2\/product_tag?post=17533"},{"taxonomy":"pa_connextion-shapes","embeddable":true,"href":"https:\/\/d-identify.be\/fr\/wp-json\/wp\/v2\/pa_connextion-shapes?post=17533"}],"curies":[{"name":"wp","href":"https:\/\/api.w.org\/{rel}","templated":true}]}}