{"id":17372,"date":"2021-09-15T10:50:21","date_gmt":"2021-09-15T08:50:21","guid":{"rendered":"https:\/\/d-identify.be\/product\/cadenas-de-securite-en-thermoplastique-zenex-411-largeur-de-38-mm-avec-anse-de-38-mm\/"},"modified":"2026-01-12T16:49:52","modified_gmt":"2026-01-12T14:49:52","slug":"411-cadenas-de-securite","status":"publish","type":"product","link":"https:\/\/d-identify.be\/fr\/produit\/411-cadenas-de-securite\/","title":{"rendered":"Master Lock 411 cadenas de s\u00e9curit\u00e9 thermoplastique Zenex\u2122"},"content":{"rendered":"<p data-start=\"1018\" data-end=\"1313\">Le <strong data-start=\"1021\" data-end=\"1048\">411 cadenas de s\u00e9curit\u00e9<\/strong> est sp\u00e9cialement con\u00e7u pour les applications de consignation et de lockout-tagout en milieu industriel. Il poss\u00e8de un corps rouge en thermoplastique Zenex\u2122 de 38 mm de large et 75 mm de haut. L\u2019anse m\u00e9tallique mesure 38 mm de hauteur et assure une fixation fiable.<\/p>\n<p data-start=\"1315\" data-end=\"1575\">Le corps en thermoplastique Zenex\u2122 r\u00e9siste aux produits chimiques, \u00e0 l\u2019humidit\u00e9 et aux chocs. Cette conception garantit des performances constantes dans les environnements industriels exigeants. Son faible poids facilite \u00e9galement la manipulation au quotidien.<\/p>\n<p data-start=\"1577\" data-end=\"1836\">Le cadenas fonctionne avec un m\u00e9canisme \u00e0 cl\u00e9 captive. L\u2019utilisateur ne peut retirer la cl\u00e9 que lorsque le cadenas est compl\u00e8tement verrouill\u00e9. Cette fonction emp\u00eache tout oubli de cadenas non verrouill\u00e9 et renforce la s\u00e9curit\u00e9 des proc\u00e9dures de consignation.<\/p>\n<p data-start=\"1838\" data-end=\"2065\">Le cylindre de s\u00e9curit\u00e9 \u00e0 6 goupilles offre un haut niveau de contr\u00f4le des cl\u00e9s. Il respecte le principe <strong data-start=\"1943\" data-end=\"1982\">\u00ab un employ\u00e9, un cadenas, une cl\u00e9 \u00bb<\/strong>, ce qui assure une responsabilit\u00e9 individuelle lors des op\u00e9rations de maintenance.<\/p>\n<p data-start=\"2067\" data-end=\"2353\">Le <strong data-start=\"2070\" data-end=\"2097\">411 cadenas de s\u00e9curit\u00e9<\/strong> est livr\u00e9 avec des \u00e9tiquettes inscriptibles multilingues. Les utilisateurs peuvent ajouter des noms, des services ou des informations de t\u00e2che directement sur site. Cela am\u00e9liore l\u2019identification et favorise la conformit\u00e9 aux proc\u00e9dures de lockout-tagout.<\/p>\n","protected":false},"excerpt":{"rendered":"<p data-start=\"714\" data-end=\"942\">Le <strong data-start=\"717\" data-end=\"744\">411 cadenas de s\u00e9curit\u00e9<\/strong> est con\u00e7u pour les applications de lockout-tagout. Il dispose d\u2019un corps rouge en thermoplastique Zenex\u2122, d\u2019une anse m\u00e9tallique et d\u2019un m\u00e9canisme \u00e0 cl\u00e9 captive pour une isolation s\u00fbre des \u00e9nergies.<\/p>\n","protected":false},"featured_media":17392,"comment_status":"open","ping_status":"closed","template":"","meta":{"_acf_changed":false,"_et_pb_use_builder":"","_et_pb_old_content":"","_et_gb_content_width":""},"product_brand":[],"product_cat":[466,628],"product_tag":[934],"pa_connextion-shapes":[],"class_list":{"0":"post-17372","1":"product","2":"type-product","3":"status-publish","4":"has-post-thumbnail","6":"product_cat-lockout-tagout","7":"product_cat-lockout-padlocks","8":"product_tag-master-lock-fr","10":"first","11":"instock","12":"taxable","13":"shipping-taxable","14":"purchasable","15":"product-type-variable","16":"has-default-attributes"},"exclude_global_add_ons":[],"addons":[],"acf":[],"yoast_head":"<!-- This site is optimized with the Yoast SEO Premium plugin v27.0 (Yoast SEO v27.1) - https:\/\/yoast.com\/product\/yoast-seo-premium-wordpress\/ -->\n<title>411 cadenas de s\u00e9curit\u00e9 - Master Lock<\/title>\n<meta name=\"description\" content=\"411 cadenas de s\u00e9curit\u00e9 avec corps thermoplastique Zenex\u2122, fonction \u00e0 cl\u00e9 captive et cylindre 6 goupilles pour lockout-tagout.\" \/>\n<meta name=\"robots\" content=\"index, follow, max-snippet:-1, max-image-preview:large, max-video-preview:-1\" \/>\n<link rel=\"canonical\" href=\"https:\/\/d-identify.be\/fr\/produit\/411-cadenas-de-securite\/\" \/>\n<meta property=\"og:locale\" content=\"fr_FR\" \/>\n<meta property=\"og:type\" content=\"article\" \/>\n<meta property=\"og:title\" content=\"Master Lock 411 cadenas de s\u00e9curit\u00e9 thermoplastique Zenex\u2122\" \/>\n<meta property=\"og:description\" content=\"411 cadenas de s\u00e9curit\u00e9 avec corps thermoplastique Zenex\u2122, fonction \u00e0 cl\u00e9 captive et cylindre 6 goupilles pour lockout-tagout.\" \/>\n<meta property=\"og:url\" content=\"https:\/\/d-identify.be\/fr\/produit\/411-cadenas-de-securite\/\" \/>\n<meta property=\"og:site_name\" content=\"d-identify\" \/>\n<meta property=\"article:modified_time\" content=\"2026-01-12T14:49:52+00:00\" \/>\n<meta property=\"og:image\" content=\"https:\/\/d-identify.be\/wp-content\/uploads\/2021\/09\/MLCOM_PRODUCT_411BLU.jpg\" \/>\n\t<meta property=\"og:image:width\" content=\"285\" \/>\n\t<meta property=\"og:image:height\" content=\"285\" \/>\n\t<meta property=\"og:image:type\" content=\"image\/jpeg\" \/>\n<meta name=\"twitter:card\" content=\"summary_large_image\" \/>\n<meta name=\"twitter:label1\" content=\"Dur\u00e9e de lecture estim\u00e9e\" \/>\n\t<meta name=\"twitter:data1\" content=\"2 minutes\" \/>\n<script type=\"application\/ld+json\" class=\"yoast-schema-graph\">{\"@context\":\"https:\/\/schema.org\",\"@graph\":[{\"@type\":\"WebPage\",\"@id\":\"https:\/\/d-identify.be\/fr\/produit\/411-cadenas-de-securite\/\",\"url\":\"https:\/\/d-identify.be\/fr\/produit\/411-cadenas-de-securite\/\",\"name\":\"411 cadenas de s\u00e9curit\u00e9 - Master Lock\",\"isPartOf\":{\"@id\":\"https:\/\/d-identify.be\/fr\/#website\"},\"primaryImageOfPage\":{\"@id\":\"https:\/\/d-identify.be\/fr\/produit\/411-cadenas-de-securite\/#primaryimage\"},\"image\":{\"@id\":\"https:\/\/d-identify.be\/fr\/produit\/411-cadenas-de-securite\/#primaryimage\"},\"thumbnailUrl\":\"https:\/\/d-identify.be\/wp-content\/uploads\/2021\/09\/MLCOM_PRODUCT_411BLU.jpg\",\"datePublished\":\"2021-09-15T08:50:21+00:00\",\"dateModified\":\"2026-01-12T14:49:52+00:00\",\"description\":\"411 cadenas de s\u00e9curit\u00e9 avec corps thermoplastique Zenex\u2122, fonction \u00e0 cl\u00e9 captive et cylindre 6 goupilles pour lockout-tagout.\",\"breadcrumb\":{\"@id\":\"https:\/\/d-identify.be\/fr\/produit\/411-cadenas-de-securite\/#breadcrumb\"},\"inLanguage\":\"fr-FR\",\"potentialAction\":[{\"@type\":\"ReadAction\",\"target\":[\"https:\/\/d-identify.be\/fr\/produit\/411-cadenas-de-securite\/\"]}]},{\"@type\":\"ImageObject\",\"inLanguage\":\"fr-FR\",\"@id\":\"https:\/\/d-identify.be\/fr\/produit\/411-cadenas-de-securite\/#primaryimage\",\"url\":\"https:\/\/d-identify.be\/wp-content\/uploads\/2021\/09\/MLCOM_PRODUCT_411BLU.jpg\",\"contentUrl\":\"https:\/\/d-identify.be\/wp-content\/uploads\/2021\/09\/MLCOM_PRODUCT_411BLU.jpg\",\"width\":285,\"height\":285,\"caption\":\"411 cadenas de s\u00e9curit\u00e9 - Master Lock\"},{\"@type\":\"BreadcrumbList\",\"@id\":\"https:\/\/d-identify.be\/fr\/produit\/411-cadenas-de-securite\/#breadcrumb\",\"itemListElement\":[{\"@type\":\"ListItem\",\"position\":1,\"name\":\"Home\",\"item\":\"https:\/\/d-identify.be\/fr\/home-2\/\"},{\"@type\":\"ListItem\",\"position\":2,\"name\":\"Boutique\",\"item\":\"https:\/\/d-identify.be\/fr\/boutique\/\"},{\"@type\":\"ListItem\",\"position\":3,\"name\":\"Master Lock 411 cadenas de s\u00e9curit\u00e9 thermoplastique Zenex\u2122\"}]},{\"@type\":\"WebSite\",\"@id\":\"https:\/\/d-identify.be\/fr\/#website\",\"url\":\"https:\/\/d-identify.be\/fr\/\",\"name\":\"d-identify\",\"description\":\"Industrial identification - Lockout - Tagout - Floor marking\",\"potentialAction\":[{\"@type\":\"SearchAction\",\"target\":{\"@type\":\"EntryPoint\",\"urlTemplate\":\"https:\/\/d-identify.be\/fr\/?s={search_term_string}\"},\"query-input\":{\"@type\":\"PropertyValueSpecification\",\"valueRequired\":true,\"valueName\":\"search_term_string\"}}],\"inLanguage\":\"fr-FR\"}]}<\/script>\n<!-- \/ Yoast SEO Premium plugin. -->","yoast_head_json":{"title":"411 cadenas de s\u00e9curit\u00e9 - Master Lock","description":"411 cadenas de s\u00e9curit\u00e9 avec corps thermoplastique Zenex\u2122, fonction \u00e0 cl\u00e9 captive et cylindre 6 goupilles pour lockout-tagout.","robots":{"index":"index","follow":"follow","max-snippet":"max-snippet:-1","max-image-preview":"max-image-preview:large","max-video-preview":"max-video-preview:-1"},"canonical":"https:\/\/d-identify.be\/fr\/produit\/411-cadenas-de-securite\/","og_locale":"fr_FR","og_type":"article","og_title":"Master Lock 411 cadenas de s\u00e9curit\u00e9 thermoplastique Zenex\u2122","og_description":"411 cadenas de s\u00e9curit\u00e9 avec corps thermoplastique Zenex\u2122, fonction \u00e0 cl\u00e9 captive et cylindre 6 goupilles pour lockout-tagout.","og_url":"https:\/\/d-identify.be\/fr\/produit\/411-cadenas-de-securite\/","og_site_name":"d-identify","article_modified_time":"2026-01-12T14:49:52+00:00","og_image":[{"width":285,"height":285,"url":"https:\/\/d-identify.be\/wp-content\/uploads\/2021\/09\/MLCOM_PRODUCT_411BLU.jpg","type":"image\/jpeg"}],"twitter_card":"summary_large_image","twitter_misc":{"Dur\u00e9e de lecture estim\u00e9e":"2 minutes"},"schema":{"@context":"https:\/\/schema.org","@graph":[{"@type":"WebPage","@id":"https:\/\/d-identify.be\/fr\/produit\/411-cadenas-de-securite\/","url":"https:\/\/d-identify.be\/fr\/produit\/411-cadenas-de-securite\/","name":"411 cadenas de s\u00e9curit\u00e9 - Master Lock","isPartOf":{"@id":"https:\/\/d-identify.be\/fr\/#website"},"primaryImageOfPage":{"@id":"https:\/\/d-identify.be\/fr\/produit\/411-cadenas-de-securite\/#primaryimage"},"image":{"@id":"https:\/\/d-identify.be\/fr\/produit\/411-cadenas-de-securite\/#primaryimage"},"thumbnailUrl":"https:\/\/d-identify.be\/wp-content\/uploads\/2021\/09\/MLCOM_PRODUCT_411BLU.jpg","datePublished":"2021-09-15T08:50:21+00:00","dateModified":"2026-01-12T14:49:52+00:00","description":"411 cadenas de s\u00e9curit\u00e9 avec corps thermoplastique Zenex\u2122, fonction \u00e0 cl\u00e9 captive et cylindre 6 goupilles pour lockout-tagout.","breadcrumb":{"@id":"https:\/\/d-identify.be\/fr\/produit\/411-cadenas-de-securite\/#breadcrumb"},"inLanguage":"fr-FR","potentialAction":[{"@type":"ReadAction","target":["https:\/\/d-identify.be\/fr\/produit\/411-cadenas-de-securite\/"]}]},{"@type":"ImageObject","inLanguage":"fr-FR","@id":"https:\/\/d-identify.be\/fr\/produit\/411-cadenas-de-securite\/#primaryimage","url":"https:\/\/d-identify.be\/wp-content\/uploads\/2021\/09\/MLCOM_PRODUCT_411BLU.jpg","contentUrl":"https:\/\/d-identify.be\/wp-content\/uploads\/2021\/09\/MLCOM_PRODUCT_411BLU.jpg","width":285,"height":285,"caption":"411 cadenas de s\u00e9curit\u00e9 - Master Lock"},{"@type":"BreadcrumbList","@id":"https:\/\/d-identify.be\/fr\/produit\/411-cadenas-de-securite\/#breadcrumb","itemListElement":[{"@type":"ListItem","position":1,"name":"Home","item":"https:\/\/d-identify.be\/fr\/home-2\/"},{"@type":"ListItem","position":2,"name":"Boutique","item":"https:\/\/d-identify.be\/fr\/boutique\/"},{"@type":"ListItem","position":3,"name":"Master Lock 411 cadenas de s\u00e9curit\u00e9 thermoplastique Zenex\u2122"}]},{"@type":"WebSite","@id":"https:\/\/d-identify.be\/fr\/#website","url":"https:\/\/d-identify.be\/fr\/","name":"d-identify","description":"Industrial identification - Lockout - Tagout - Floor marking","potentialAction":[{"@type":"SearchAction","target":{"@type":"EntryPoint","urlTemplate":"https:\/\/d-identify.be\/fr\/?s={search_term_string}"},"query-input":{"@type":"PropertyValueSpecification","valueRequired":true,"valueName":"search_term_string"}}],"inLanguage":"fr-FR"}]}},"_links":{"self":[{"href":"https:\/\/d-identify.be\/fr\/wp-json\/wp\/v2\/product\/17372","targetHints":{"allow":["GET"]}}],"collection":[{"href":"https:\/\/d-identify.be\/fr\/wp-json\/wp\/v2\/product"}],"about":[{"href":"https:\/\/d-identify.be\/fr\/wp-json\/wp\/v2\/types\/product"}],"replies":[{"embeddable":true,"href":"https:\/\/d-identify.be\/fr\/wp-json\/wp\/v2\/comments?post=17372"}],"wp:featuredmedia":[{"embeddable":true,"href":"https:\/\/d-identify.be\/fr\/wp-json\/wp\/v2\/media\/17392"}],"wp:attachment":[{"href":"https:\/\/d-identify.be\/fr\/wp-json\/wp\/v2\/media?parent=17372"}],"wp:term":[{"taxonomy":"product_brand","embeddable":true,"href":"https:\/\/d-identify.be\/fr\/wp-json\/wp\/v2\/product_brand?post=17372"},{"taxonomy":"product_cat","embeddable":true,"href":"https:\/\/d-identify.be\/fr\/wp-json\/wp\/v2\/product_cat?post=17372"},{"taxonomy":"product_tag","embeddable":true,"href":"https:\/\/d-identify.be\/fr\/wp-json\/wp\/v2\/product_tag?post=17372"},{"taxonomy":"pa_connextion-shapes","embeddable":true,"href":"https:\/\/d-identify.be\/fr\/wp-json\/wp\/v2\/pa_connextion-shapes?post=17372"}],"curies":[{"name":"wp","href":"https:\/\/api.w.org\/{rel}","templated":true}]}}