{"id":17319,"date":"2022-09-19T10:08:27","date_gmt":"2022-09-19T08:08:27","guid":{"rendered":"https:\/\/d-identify.be\/product\/s3920-dispositif-de-verrouillage-de-vanne-papillon\/"},"modified":"2026-01-15T14:03:24","modified_gmt":"2026-01-15T12:03:24","slug":"master-lock-s3920-consignation-vanne-papillon","status":"publish","type":"product","link":"https:\/\/d-identify.be\/fr\/produit\/master-lock-s3920-consignation-vanne-papillon\/","title":{"rendered":"Master Lock S3920 \u2013 Dispositif de consignation pour vanne papillon"},"content":{"rendered":"<p data-start=\"900\" data-end=\"1184\">Le <strong data-start=\"903\" data-end=\"954\">dispositif de consignation vanne papillon S3920<\/strong> de <strong data-start=\"958\" data-end=\"999\"><span class=\"hover:entity-accent entity-underline inline cursor-pointer align-baseline\"><span class=\"whitespace-normal\">Master Lock<\/span><\/span><\/strong> permet de s\u00e9curiser rapidement les vannes papillon lors des op\u00e9rations Lockout-Tagout. Associ\u00e9 au c\u00e2ble de verrouillage r\u00e9glable S806, il convient \u00e0 presque toutes les vannes papillon.<\/p>\n<p data-start=\"1186\" data-end=\"1417\">Sa forme en coin s\u2019ouvre et se ferme facilement. Un rivet en acier inoxydable assure une rotation fluide et un bon positionnement sur la vanne. Des fl\u00e8ches directionnelles guident l\u2019installation et r\u00e9duisent les erreurs de montage.<\/p>\n<p data-start=\"1419\" data-end=\"1630\">Le dispositif est fabriqu\u00e9 en thermoplastique Zenex\u2122 l\u00e9ger. Ce mat\u00e9riau r\u00e9siste aux produits chimiques et reste performant dans des conditions extr\u00eames. Il convient donc aux environnements industriels exigeants.<\/p>\n<p data-start=\"1632\" data-end=\"1863\">La <strong data-start=\"1635\" data-end=\"1672\">consignation vanne papillon S3920<\/strong> s\u2019installe rapidement et se retire sans difficult\u00e9. Elle aide \u00e0 appliquer des proc\u00e9dures Lockout-Tagout claires et coh\u00e9rentes lors des op\u00e9rations de maintenance, de r\u00e9paration et de service.<\/p>\n","protected":false},"excerpt":{"rendered":"<p data-start=\"671\" data-end=\"848\">Le Master Lock S3920 est un dispositif de consignation rapide pour vannes papillon. Il bloque la vanne \u00e0 l\u2019aide d\u2019un c\u00e2ble de verrouillage r\u00e9glable pour une consignation fiable.<\/p>\n","protected":false},"featured_media":17323,"comment_status":"open","ping_status":"closed","template":"","meta":{"_acf_changed":false,"_et_pb_use_builder":"","_et_pb_old_content":"","_et_gb_content_width":""},"product_brand":[],"product_cat":[466,626],"product_tag":[934],"pa_connextion-shapes":[],"class_list":{"0":"post-17319","1":"product","2":"type-product","3":"status-publish","4":"has-post-thumbnail","6":"product_cat-lockout-tagout","7":"product_cat-valve-lockout-devices","8":"product_tag-master-lock-fr","10":"first","11":"instock","12":"taxable","13":"shipping-taxable","14":"purchasable","15":"product-type-simple"},"exclude_global_add_ons":[],"addons":[],"acf":[],"yoast_head":"<!-- This site is optimized with the Yoast SEO Premium plugin v27.0 (Yoast SEO v27.1) - https:\/\/yoast.com\/product\/yoast-seo-premium-wordpress\/ -->\n<title>Consignation vanne papillon S3920 | Master Lock<\/title>\n<meta name=\"description\" content=\"Consignation vanne papillon S3920 avec c\u00e2ble de verrouillage r\u00e9glable pour une isolation rapide et s\u00fbre des vannes papillon.\" \/>\n<meta name=\"robots\" content=\"index, follow, max-snippet:-1, max-image-preview:large, max-video-preview:-1\" \/>\n<link rel=\"canonical\" href=\"https:\/\/d-identify.be\/fr\/produit\/master-lock-s3920-consignation-vanne-papillon\/\" \/>\n<meta property=\"og:locale\" content=\"fr_FR\" \/>\n<meta property=\"og:type\" content=\"article\" \/>\n<meta property=\"og:title\" content=\"Master Lock S3920 \u2013 Dispositif de consignation pour vanne papillon\" \/>\n<meta property=\"og:description\" content=\"Consignation vanne papillon S3920 avec c\u00e2ble de verrouillage r\u00e9glable pour une isolation rapide et s\u00fbre des vannes papillon.\" \/>\n<meta property=\"og:url\" content=\"https:\/\/d-identify.be\/fr\/produit\/master-lock-s3920-consignation-vanne-papillon\/\" \/>\n<meta property=\"og:site_name\" content=\"d-identify\" \/>\n<meta property=\"article:modified_time\" content=\"2026-01-15T12:03:24+00:00\" \/>\n<meta property=\"og:image\" content=\"https:\/\/d-identify.be\/wp-content\/uploads\/2022\/09\/MLCOM_PRODUCT_S3920_A1.jpg\" \/>\n\t<meta property=\"og:image:width\" content=\"1000\" \/>\n\t<meta property=\"og:image:height\" content=\"1000\" \/>\n\t<meta property=\"og:image:type\" content=\"image\/jpeg\" \/>\n<meta name=\"twitter:card\" content=\"summary_large_image\" \/>\n<meta name=\"twitter:label1\" content=\"Dur\u00e9e de lecture estim\u00e9e\" \/>\n\t<meta name=\"twitter:data1\" content=\"1 minute\" \/>\n<script type=\"application\/ld+json\" class=\"yoast-schema-graph\">{\"@context\":\"https:\/\/schema.org\",\"@graph\":[{\"@type\":\"WebPage\",\"@id\":\"https:\/\/d-identify.be\/fr\/produit\/master-lock-s3920-consignation-vanne-papillon\/\",\"url\":\"https:\/\/d-identify.be\/fr\/produit\/master-lock-s3920-consignation-vanne-papillon\/\",\"name\":\"Consignation vanne papillon S3920 | Master Lock\",\"isPartOf\":{\"@id\":\"https:\/\/d-identify.be\/fr\/#website\"},\"primaryImageOfPage\":{\"@id\":\"https:\/\/d-identify.be\/fr\/produit\/master-lock-s3920-consignation-vanne-papillon\/#primaryimage\"},\"image\":{\"@id\":\"https:\/\/d-identify.be\/fr\/produit\/master-lock-s3920-consignation-vanne-papillon\/#primaryimage\"},\"thumbnailUrl\":\"https:\/\/d-identify.be\/wp-content\/uploads\/2022\/09\/MLCOM_PRODUCT_S3920_A1.jpg\",\"datePublished\":\"2022-09-19T08:08:27+00:00\",\"dateModified\":\"2026-01-15T12:03:24+00:00\",\"description\":\"Consignation vanne papillon S3920 avec c\u00e2ble de verrouillage r\u00e9glable pour une isolation rapide et s\u00fbre des vannes papillon.\",\"breadcrumb\":{\"@id\":\"https:\/\/d-identify.be\/fr\/produit\/master-lock-s3920-consignation-vanne-papillon\/#breadcrumb\"},\"inLanguage\":\"fr-FR\",\"potentialAction\":[{\"@type\":\"ReadAction\",\"target\":[\"https:\/\/d-identify.be\/fr\/produit\/master-lock-s3920-consignation-vanne-papillon\/\"]}]},{\"@type\":\"ImageObject\",\"inLanguage\":\"fr-FR\",\"@id\":\"https:\/\/d-identify.be\/fr\/produit\/master-lock-s3920-consignation-vanne-papillon\/#primaryimage\",\"url\":\"https:\/\/d-identify.be\/wp-content\/uploads\/2022\/09\/MLCOM_PRODUCT_S3920_A1.jpg\",\"contentUrl\":\"https:\/\/d-identify.be\/wp-content\/uploads\/2022\/09\/MLCOM_PRODUCT_S3920_A1.jpg\",\"width\":1000,\"height\":1000,\"caption\":\"Consignation vanne papillon S3920 | Master Lock\"},{\"@type\":\"BreadcrumbList\",\"@id\":\"https:\/\/d-identify.be\/fr\/produit\/master-lock-s3920-consignation-vanne-papillon\/#breadcrumb\",\"itemListElement\":[{\"@type\":\"ListItem\",\"position\":1,\"name\":\"Home\",\"item\":\"https:\/\/d-identify.be\/fr\/home-2\/\"},{\"@type\":\"ListItem\",\"position\":2,\"name\":\"Boutique\",\"item\":\"https:\/\/d-identify.be\/fr\/boutique\/\"},{\"@type\":\"ListItem\",\"position\":3,\"name\":\"Master Lock S3920 \u2013 Dispositif de consignation pour vanne papillon\"}]},{\"@type\":\"WebSite\",\"@id\":\"https:\/\/d-identify.be\/fr\/#website\",\"url\":\"https:\/\/d-identify.be\/fr\/\",\"name\":\"d-identify\",\"description\":\"Industrial identification - Lockout - Tagout - Floor marking\",\"potentialAction\":[{\"@type\":\"SearchAction\",\"target\":{\"@type\":\"EntryPoint\",\"urlTemplate\":\"https:\/\/d-identify.be\/fr\/?s={search_term_string}\"},\"query-input\":{\"@type\":\"PropertyValueSpecification\",\"valueRequired\":true,\"valueName\":\"search_term_string\"}}],\"inLanguage\":\"fr-FR\"}]}<\/script>\n<!-- \/ Yoast SEO Premium plugin. -->","yoast_head_json":{"title":"Consignation vanne papillon S3920 | Master Lock","description":"Consignation vanne papillon S3920 avec c\u00e2ble de verrouillage r\u00e9glable pour une isolation rapide et s\u00fbre des vannes papillon.","robots":{"index":"index","follow":"follow","max-snippet":"max-snippet:-1","max-image-preview":"max-image-preview:large","max-video-preview":"max-video-preview:-1"},"canonical":"https:\/\/d-identify.be\/fr\/produit\/master-lock-s3920-consignation-vanne-papillon\/","og_locale":"fr_FR","og_type":"article","og_title":"Master Lock S3920 \u2013 Dispositif de consignation pour vanne papillon","og_description":"Consignation vanne papillon S3920 avec c\u00e2ble de verrouillage r\u00e9glable pour une isolation rapide et s\u00fbre des vannes papillon.","og_url":"https:\/\/d-identify.be\/fr\/produit\/master-lock-s3920-consignation-vanne-papillon\/","og_site_name":"d-identify","article_modified_time":"2026-01-15T12:03:24+00:00","og_image":[{"width":1000,"height":1000,"url":"https:\/\/d-identify.be\/wp-content\/uploads\/2022\/09\/MLCOM_PRODUCT_S3920_A1.jpg","type":"image\/jpeg"}],"twitter_card":"summary_large_image","twitter_misc":{"Dur\u00e9e de lecture estim\u00e9e":"1 minute"},"schema":{"@context":"https:\/\/schema.org","@graph":[{"@type":"WebPage","@id":"https:\/\/d-identify.be\/fr\/produit\/master-lock-s3920-consignation-vanne-papillon\/","url":"https:\/\/d-identify.be\/fr\/produit\/master-lock-s3920-consignation-vanne-papillon\/","name":"Consignation vanne papillon S3920 | Master Lock","isPartOf":{"@id":"https:\/\/d-identify.be\/fr\/#website"},"primaryImageOfPage":{"@id":"https:\/\/d-identify.be\/fr\/produit\/master-lock-s3920-consignation-vanne-papillon\/#primaryimage"},"image":{"@id":"https:\/\/d-identify.be\/fr\/produit\/master-lock-s3920-consignation-vanne-papillon\/#primaryimage"},"thumbnailUrl":"https:\/\/d-identify.be\/wp-content\/uploads\/2022\/09\/MLCOM_PRODUCT_S3920_A1.jpg","datePublished":"2022-09-19T08:08:27+00:00","dateModified":"2026-01-15T12:03:24+00:00","description":"Consignation vanne papillon S3920 avec c\u00e2ble de verrouillage r\u00e9glable pour une isolation rapide et s\u00fbre des vannes papillon.","breadcrumb":{"@id":"https:\/\/d-identify.be\/fr\/produit\/master-lock-s3920-consignation-vanne-papillon\/#breadcrumb"},"inLanguage":"fr-FR","potentialAction":[{"@type":"ReadAction","target":["https:\/\/d-identify.be\/fr\/produit\/master-lock-s3920-consignation-vanne-papillon\/"]}]},{"@type":"ImageObject","inLanguage":"fr-FR","@id":"https:\/\/d-identify.be\/fr\/produit\/master-lock-s3920-consignation-vanne-papillon\/#primaryimage","url":"https:\/\/d-identify.be\/wp-content\/uploads\/2022\/09\/MLCOM_PRODUCT_S3920_A1.jpg","contentUrl":"https:\/\/d-identify.be\/wp-content\/uploads\/2022\/09\/MLCOM_PRODUCT_S3920_A1.jpg","width":1000,"height":1000,"caption":"Consignation vanne papillon S3920 | Master Lock"},{"@type":"BreadcrumbList","@id":"https:\/\/d-identify.be\/fr\/produit\/master-lock-s3920-consignation-vanne-papillon\/#breadcrumb","itemListElement":[{"@type":"ListItem","position":1,"name":"Home","item":"https:\/\/d-identify.be\/fr\/home-2\/"},{"@type":"ListItem","position":2,"name":"Boutique","item":"https:\/\/d-identify.be\/fr\/boutique\/"},{"@type":"ListItem","position":3,"name":"Master Lock S3920 \u2013 Dispositif de consignation pour vanne papillon"}]},{"@type":"WebSite","@id":"https:\/\/d-identify.be\/fr\/#website","url":"https:\/\/d-identify.be\/fr\/","name":"d-identify","description":"Industrial identification - Lockout - Tagout - Floor marking","potentialAction":[{"@type":"SearchAction","target":{"@type":"EntryPoint","urlTemplate":"https:\/\/d-identify.be\/fr\/?s={search_term_string}"},"query-input":{"@type":"PropertyValueSpecification","valueRequired":true,"valueName":"search_term_string"}}],"inLanguage":"fr-FR"}]}},"_links":{"self":[{"href":"https:\/\/d-identify.be\/fr\/wp-json\/wp\/v2\/product\/17319","targetHints":{"allow":["GET"]}}],"collection":[{"href":"https:\/\/d-identify.be\/fr\/wp-json\/wp\/v2\/product"}],"about":[{"href":"https:\/\/d-identify.be\/fr\/wp-json\/wp\/v2\/types\/product"}],"replies":[{"embeddable":true,"href":"https:\/\/d-identify.be\/fr\/wp-json\/wp\/v2\/comments?post=17319"}],"wp:featuredmedia":[{"embeddable":true,"href":"https:\/\/d-identify.be\/fr\/wp-json\/wp\/v2\/media\/17323"}],"wp:attachment":[{"href":"https:\/\/d-identify.be\/fr\/wp-json\/wp\/v2\/media?parent=17319"}],"wp:term":[{"taxonomy":"product_brand","embeddable":true,"href":"https:\/\/d-identify.be\/fr\/wp-json\/wp\/v2\/product_brand?post=17319"},{"taxonomy":"product_cat","embeddable":true,"href":"https:\/\/d-identify.be\/fr\/wp-json\/wp\/v2\/product_cat?post=17319"},{"taxonomy":"product_tag","embeddable":true,"href":"https:\/\/d-identify.be\/fr\/wp-json\/wp\/v2\/product_tag?post=17319"},{"taxonomy":"pa_connextion-shapes","embeddable":true,"href":"https:\/\/d-identify.be\/fr\/wp-json\/wp\/v2\/pa_connextion-shapes?post=17319"}],"curies":[{"name":"wp","href":"https:\/\/api.w.org\/{rel}","templated":true}]}}