{"id":17293,"date":"2024-01-02T14:28:09","date_gmt":"2024-01-02T12:28:09","guid":{"rendered":"https:\/\/d-identify.be\/product\/dispositif-de-verrouillage-de-cable-retractable-avec-cable-a-ame-en-nylon\/"},"modified":"2025-12-22T11:19:14","modified_gmt":"2025-12-22T09:19:14","slug":"dispositif-de-consignation-a-cable-retractable-master-lock-s866","status":"publish","type":"product","link":"https:\/\/d-identify.be\/fr\/produit\/dispositif-de-consignation-a-cable-retractable-master-lock-s866\/","title":{"rendered":"Dispositif de consignation \u00e0 c\u00e2ble r\u00e9tractable Master Lock S866"},"content":{"rendered":"<p data-start=\"285\" data-end=\"486\">Le <strong data-start=\"289\" data-end=\"342\">dispositif de consignation \u00e0 c\u00e2ble r\u00e9tractable<\/strong> Master Lock S866 offre une solution flexible pour les <strong data-start=\"376\" data-end=\"411\">applications de consignation \u00e9lectrique<\/strong>. Il permet aux \u00e9quipes de maintenance de s\u00e9curiser plusieurs points d\u2019\u00e9nergie avec un seul dispositif.<\/p>\n<p data-start=\"488\" data-end=\"646\">Le syst\u00e8me <strong data-start=\"506\" data-end=\"533\">utilise un c\u00e2ble \u00e0 noyau en nylon<\/strong> robuste a<strong data-start=\"541\" data-end=\"567\">vec un rev\u00eatement plastique jaune<\/strong>. Ce rev\u00eatement am\u00e9liore la visibilit\u00e9 et r\u00e9siste \u00e0 l\u2019usure en milieu industriel.<\/p>\n<p data-start=\"648\" data-end=\"952\"><strong data-start=\"652\" data-end=\"705\">Le dispositif de consignation<\/strong>\u00a0int\u00e8gre un syst\u00e8me de <strong data-start=\"726\" data-end=\"753\">gestion du c\u00e2ble<\/strong>. Le m\u00e9canisme interne \u00e0 cliquet autorise uniquement l\u2019augmentation de la tension du c\u00e2ble. Les utilisateurs peuvent tendre le c\u00e2ble m\u00eame apr\u00e8s la pose de cadenas de s\u00e9curit\u00e9. Le syst\u00e8me emp\u00eache tout rel\u00e2chement.<\/p>\n<p data-start=\"954\" data-end=\"1165\">Le <strong data-start=\"958\" data-end=\"983\">bo\u00eetier thermoplastique<\/strong> r\u00e9siste aux conditions de travail difficiles. Sa forme profil\u00e9e facilite l\u2019empilage et le transport de plusieurs dispositifs. Cette conception convient parfaitement aux \u00e9quipes de maintenance mobiles.<\/p>\n<p data-start=\"1167\" data-end=\"1431\">Le dispositif <strong data-start=\"1187\" data-end=\"1230\">comprend des \u00e9tiquettes de s\u00e9curit\u00e9 visibles et inscriptibles<\/strong> en anglais, espagnol et fran\u00e7ais. Le dispositif de consignation \u00e0 c\u00e2ble r\u00e9tractable Master Lock S866 favorise une identification claire et des proc\u00e9dures Lockout\/Tagout efficaces.<\/p>\n","protected":false},"excerpt":{"rendered":"<p data-start=\"366\" data-end=\"626\"><strong data-start=\"370\" data-end=\"423\">Le Master Lock S866 dispositif de consignation \u00e0 c\u00e2ble r\u00e9tractable<\/strong> offre une solution s\u00fbre et flexible pour les applications de consignation \u00e9lectrique. Son c\u00e2ble r\u00e9tractable avec rev\u00eatement et son m\u00e9canisme \u00e0 cliquet assurent une isolation fiable des \u00e9nergies dans des environnements industriels exigeants.<\/p>\n","protected":false},"featured_media":17294,"comment_status":"open","ping_status":"closed","template":"","meta":{"_acf_changed":false,"_et_pb_use_builder":"","_et_pb_old_content":"","_et_gb_content_width":""},"product_brand":[],"product_cat":[466,587],"product_tag":[934],"pa_connextion-shapes":[],"class_list":{"0":"post-17293","1":"product","2":"type-product","3":"status-publish","4":"has-post-thumbnail","6":"product_cat-lockout-tagout","7":"product_cat-cable-lockout-devices","8":"product_tag-master-lock-fr","10":"first","11":"instock","12":"taxable","13":"shipping-taxable","14":"purchasable","15":"product-type-simple"},"exclude_global_add_ons":[],"addons":[],"acf":[],"yoast_head":"<!-- This site is optimized with the Yoast SEO Premium plugin v27.0 (Yoast SEO v27.1) - https:\/\/yoast.com\/product\/yoast-seo-premium-wordpress\/ -->\n<title>S866 consignation \u00e0 c\u00e2ble r\u00e9tractable | c\u00e2ble \u00e0 noyau en nylon<\/title>\n<meta name=\"description\" content=\"Dispositif de consignation \u00e0 c\u00e2ble r\u00e9tractable Master Lock S866 pour consignations \u00e9lectriques, avec bo\u00eetier thermoplastique durable, usage industriel\" \/>\n<meta name=\"robots\" content=\"index, follow, max-snippet:-1, max-image-preview:large, max-video-preview:-1\" \/>\n<link rel=\"canonical\" href=\"https:\/\/d-identify.be\/fr\/produit\/dispositif-de-consignation-a-cable-retractable-master-lock-s866\/\" \/>\n<meta property=\"og:locale\" content=\"fr_FR\" \/>\n<meta property=\"og:type\" content=\"article\" \/>\n<meta property=\"og:title\" content=\"Dispositif de consignation \u00e0 c\u00e2ble r\u00e9tractable Master Lock S866\" \/>\n<meta property=\"og:description\" content=\"Dispositif de consignation \u00e0 c\u00e2ble r\u00e9tractable Master Lock S866 pour consignations \u00e9lectriques, avec bo\u00eetier thermoplastique durable, usage industriel\" \/>\n<meta property=\"og:url\" content=\"https:\/\/d-identify.be\/fr\/produit\/dispositif-de-consignation-a-cable-retractable-master-lock-s866\/\" \/>\n<meta property=\"og:site_name\" content=\"d-identify\" \/>\n<meta property=\"article:modified_time\" content=\"2025-12-22T09:19:14+00:00\" \/>\n<meta property=\"og:image\" content=\"https:\/\/d-identify.be\/wp-content\/uploads\/2024\/01\/MLCOM_PRODUCT_S866.jpg\" \/>\n\t<meta property=\"og:image:width\" content=\"1000\" \/>\n\t<meta property=\"og:image:height\" content=\"1000\" \/>\n\t<meta property=\"og:image:type\" content=\"image\/jpeg\" \/>\n<meta name=\"twitter:card\" content=\"summary_large_image\" \/>\n<meta name=\"twitter:label1\" content=\"Dur\u00e9e de lecture estim\u00e9e\" \/>\n\t<meta name=\"twitter:data1\" content=\"1 minute\" \/>\n<script type=\"application\/ld+json\" class=\"yoast-schema-graph\">{\"@context\":\"https:\/\/schema.org\",\"@graph\":[{\"@type\":\"WebPage\",\"@id\":\"https:\/\/d-identify.be\/fr\/produit\/dispositif-de-consignation-a-cable-retractable-master-lock-s866\/\",\"url\":\"https:\/\/d-identify.be\/fr\/produit\/dispositif-de-consignation-a-cable-retractable-master-lock-s866\/\",\"name\":\"S866 consignation \u00e0 c\u00e2ble r\u00e9tractable | c\u00e2ble \u00e0 noyau en nylon\",\"isPartOf\":{\"@id\":\"https:\/\/d-identify.be\/fr\/#website\"},\"primaryImageOfPage\":{\"@id\":\"https:\/\/d-identify.be\/fr\/produit\/dispositif-de-consignation-a-cable-retractable-master-lock-s866\/#primaryimage\"},\"image\":{\"@id\":\"https:\/\/d-identify.be\/fr\/produit\/dispositif-de-consignation-a-cable-retractable-master-lock-s866\/#primaryimage\"},\"thumbnailUrl\":\"https:\/\/d-identify.be\/wp-content\/uploads\/2024\/01\/MLCOM_PRODUCT_S866.jpg\",\"datePublished\":\"2024-01-02T12:28:09+00:00\",\"dateModified\":\"2025-12-22T09:19:14+00:00\",\"description\":\"Dispositif de consignation \u00e0 c\u00e2ble r\u00e9tractable Master Lock S866 pour consignations \u00e9lectriques, avec bo\u00eetier thermoplastique durable, usage industriel\",\"breadcrumb\":{\"@id\":\"https:\/\/d-identify.be\/fr\/produit\/dispositif-de-consignation-a-cable-retractable-master-lock-s866\/#breadcrumb\"},\"inLanguage\":\"fr-FR\",\"potentialAction\":[{\"@type\":\"ReadAction\",\"target\":[\"https:\/\/d-identify.be\/fr\/produit\/dispositif-de-consignation-a-cable-retractable-master-lock-s866\/\"]}]},{\"@type\":\"ImageObject\",\"inLanguage\":\"fr-FR\",\"@id\":\"https:\/\/d-identify.be\/fr\/produit\/dispositif-de-consignation-a-cable-retractable-master-lock-s866\/#primaryimage\",\"url\":\"https:\/\/d-identify.be\/wp-content\/uploads\/2024\/01\/MLCOM_PRODUCT_S866.jpg\",\"contentUrl\":\"https:\/\/d-identify.be\/wp-content\/uploads\/2024\/01\/MLCOM_PRODUCT_S866.jpg\",\"width\":1000,\"height\":1000,\"caption\":\"Dispositif de consignation \u00e0 c\u00e2ble r\u00e9tractable Master Lock S866\"},{\"@type\":\"BreadcrumbList\",\"@id\":\"https:\/\/d-identify.be\/fr\/produit\/dispositif-de-consignation-a-cable-retractable-master-lock-s866\/#breadcrumb\",\"itemListElement\":[{\"@type\":\"ListItem\",\"position\":1,\"name\":\"Home\",\"item\":\"https:\/\/d-identify.be\/fr\/home-2\/\"},{\"@type\":\"ListItem\",\"position\":2,\"name\":\"Boutique\",\"item\":\"https:\/\/d-identify.be\/fr\/boutique\/\"},{\"@type\":\"ListItem\",\"position\":3,\"name\":\"Dispositif de consignation \u00e0 c\u00e2ble r\u00e9tractable Master Lock S866\"}]},{\"@type\":\"WebSite\",\"@id\":\"https:\/\/d-identify.be\/fr\/#website\",\"url\":\"https:\/\/d-identify.be\/fr\/\",\"name\":\"d-identify\",\"description\":\"Industrial identification - Lockout - Tagout - Floor marking\",\"potentialAction\":[{\"@type\":\"SearchAction\",\"target\":{\"@type\":\"EntryPoint\",\"urlTemplate\":\"https:\/\/d-identify.be\/fr\/?s={search_term_string}\"},\"query-input\":{\"@type\":\"PropertyValueSpecification\",\"valueRequired\":true,\"valueName\":\"search_term_string\"}}],\"inLanguage\":\"fr-FR\"}]}<\/script>\n<!-- \/ Yoast SEO Premium plugin. -->","yoast_head_json":{"title":"S866 consignation \u00e0 c\u00e2ble r\u00e9tractable | c\u00e2ble \u00e0 noyau en nylon","description":"Dispositif de consignation \u00e0 c\u00e2ble r\u00e9tractable Master Lock S866 pour consignations \u00e9lectriques, avec bo\u00eetier thermoplastique durable, usage industriel","robots":{"index":"index","follow":"follow","max-snippet":"max-snippet:-1","max-image-preview":"max-image-preview:large","max-video-preview":"max-video-preview:-1"},"canonical":"https:\/\/d-identify.be\/fr\/produit\/dispositif-de-consignation-a-cable-retractable-master-lock-s866\/","og_locale":"fr_FR","og_type":"article","og_title":"Dispositif de consignation \u00e0 c\u00e2ble r\u00e9tractable Master Lock S866","og_description":"Dispositif de consignation \u00e0 c\u00e2ble r\u00e9tractable Master Lock S866 pour consignations \u00e9lectriques, avec bo\u00eetier thermoplastique durable, usage industriel","og_url":"https:\/\/d-identify.be\/fr\/produit\/dispositif-de-consignation-a-cable-retractable-master-lock-s866\/","og_site_name":"d-identify","article_modified_time":"2025-12-22T09:19:14+00:00","og_image":[{"width":1000,"height":1000,"url":"https:\/\/d-identify.be\/wp-content\/uploads\/2024\/01\/MLCOM_PRODUCT_S866.jpg","type":"image\/jpeg"}],"twitter_card":"summary_large_image","twitter_misc":{"Dur\u00e9e de lecture estim\u00e9e":"1 minute"},"schema":{"@context":"https:\/\/schema.org","@graph":[{"@type":"WebPage","@id":"https:\/\/d-identify.be\/fr\/produit\/dispositif-de-consignation-a-cable-retractable-master-lock-s866\/","url":"https:\/\/d-identify.be\/fr\/produit\/dispositif-de-consignation-a-cable-retractable-master-lock-s866\/","name":"S866 consignation \u00e0 c\u00e2ble r\u00e9tractable | c\u00e2ble \u00e0 noyau en nylon","isPartOf":{"@id":"https:\/\/d-identify.be\/fr\/#website"},"primaryImageOfPage":{"@id":"https:\/\/d-identify.be\/fr\/produit\/dispositif-de-consignation-a-cable-retractable-master-lock-s866\/#primaryimage"},"image":{"@id":"https:\/\/d-identify.be\/fr\/produit\/dispositif-de-consignation-a-cable-retractable-master-lock-s866\/#primaryimage"},"thumbnailUrl":"https:\/\/d-identify.be\/wp-content\/uploads\/2024\/01\/MLCOM_PRODUCT_S866.jpg","datePublished":"2024-01-02T12:28:09+00:00","dateModified":"2025-12-22T09:19:14+00:00","description":"Dispositif de consignation \u00e0 c\u00e2ble r\u00e9tractable Master Lock S866 pour consignations \u00e9lectriques, avec bo\u00eetier thermoplastique durable, usage industriel","breadcrumb":{"@id":"https:\/\/d-identify.be\/fr\/produit\/dispositif-de-consignation-a-cable-retractable-master-lock-s866\/#breadcrumb"},"inLanguage":"fr-FR","potentialAction":[{"@type":"ReadAction","target":["https:\/\/d-identify.be\/fr\/produit\/dispositif-de-consignation-a-cable-retractable-master-lock-s866\/"]}]},{"@type":"ImageObject","inLanguage":"fr-FR","@id":"https:\/\/d-identify.be\/fr\/produit\/dispositif-de-consignation-a-cable-retractable-master-lock-s866\/#primaryimage","url":"https:\/\/d-identify.be\/wp-content\/uploads\/2024\/01\/MLCOM_PRODUCT_S866.jpg","contentUrl":"https:\/\/d-identify.be\/wp-content\/uploads\/2024\/01\/MLCOM_PRODUCT_S866.jpg","width":1000,"height":1000,"caption":"Dispositif de consignation \u00e0 c\u00e2ble r\u00e9tractable Master Lock S866"},{"@type":"BreadcrumbList","@id":"https:\/\/d-identify.be\/fr\/produit\/dispositif-de-consignation-a-cable-retractable-master-lock-s866\/#breadcrumb","itemListElement":[{"@type":"ListItem","position":1,"name":"Home","item":"https:\/\/d-identify.be\/fr\/home-2\/"},{"@type":"ListItem","position":2,"name":"Boutique","item":"https:\/\/d-identify.be\/fr\/boutique\/"},{"@type":"ListItem","position":3,"name":"Dispositif de consignation \u00e0 c\u00e2ble r\u00e9tractable Master Lock S866"}]},{"@type":"WebSite","@id":"https:\/\/d-identify.be\/fr\/#website","url":"https:\/\/d-identify.be\/fr\/","name":"d-identify","description":"Industrial identification - Lockout - Tagout - Floor marking","potentialAction":[{"@type":"SearchAction","target":{"@type":"EntryPoint","urlTemplate":"https:\/\/d-identify.be\/fr\/?s={search_term_string}"},"query-input":{"@type":"PropertyValueSpecification","valueRequired":true,"valueName":"search_term_string"}}],"inLanguage":"fr-FR"}]}},"_links":{"self":[{"href":"https:\/\/d-identify.be\/fr\/wp-json\/wp\/v2\/product\/17293","targetHints":{"allow":["GET"]}}],"collection":[{"href":"https:\/\/d-identify.be\/fr\/wp-json\/wp\/v2\/product"}],"about":[{"href":"https:\/\/d-identify.be\/fr\/wp-json\/wp\/v2\/types\/product"}],"replies":[{"embeddable":true,"href":"https:\/\/d-identify.be\/fr\/wp-json\/wp\/v2\/comments?post=17293"}],"wp:featuredmedia":[{"embeddable":true,"href":"https:\/\/d-identify.be\/fr\/wp-json\/wp\/v2\/media\/17294"}],"wp:attachment":[{"href":"https:\/\/d-identify.be\/fr\/wp-json\/wp\/v2\/media?parent=17293"}],"wp:term":[{"taxonomy":"product_brand","embeddable":true,"href":"https:\/\/d-identify.be\/fr\/wp-json\/wp\/v2\/product_brand?post=17293"},{"taxonomy":"product_cat","embeddable":true,"href":"https:\/\/d-identify.be\/fr\/wp-json\/wp\/v2\/product_cat?post=17293"},{"taxonomy":"product_tag","embeddable":true,"href":"https:\/\/d-identify.be\/fr\/wp-json\/wp\/v2\/product_tag?post=17293"},{"taxonomy":"pa_connextion-shapes","embeddable":true,"href":"https:\/\/d-identify.be\/fr\/wp-json\/wp\/v2\/pa_connextion-shapes?post=17293"}],"curies":[{"name":"wp","href":"https:\/\/api.w.org\/{rel}","templated":true}]}}