{"id":17140,"date":"2024-01-02T16:57:58","date_gmt":"2024-01-02T14:57:58","guid":{"rendered":"https:\/\/d-identify.be\/product\/cadenas-de-consignation-en-acier-avec-un-degagement-de-machoire-de-1-1-2-pouces-38-mm-ou-1-pouce-25-mm\/"},"modified":"2025-04-06T11:53:09","modified_gmt":"2025-04-06T09:53:09","slug":"cadenas-de-consignation-en-acier-avec-un-degagement-de-machoire-de-1-1-2-pouces-38-mm-ou-1-pouce-25-mm","status":"publish","type":"product","link":"https:\/\/d-identify.be\/fr\/produit\/cadenas-de-consignation-en-acier-avec-un-degagement-de-machoire-de-1-1-2-pouces-38-mm-ou-1-pouce-25-mm\/","title":{"rendered":"Cadenas de consignation en acier avec un d\u00e9gagement de m\u00e2choire de 1-1\/2 pouces (38 mm) ou 1 pouce (25 mm)."},"content":{"rendered":"","protected":false},"excerpt":{"rendered":"<p>Le cadenas de consignation de s\u00e9curit\u00e9 en acier pr\u00e9sente un diam\u00e8tre de m\u00e2choire int\u00e9rieure de 1-1\/2 pouces (38 mm) ou de 1 pouce (25 mm) \u00c7a peut contenir jusqu&rsquo;\u00e0 six cadenas. Id\u00e9al pour la condamnation par plusieurs travailleurs \u00e0 chaque point de condamnation, le cadenas maintient l&rsquo;\u00e9quipement hors service pendant les r\u00e9parations ou ajustements.   10 pi\u00e8ces par bo\u00eete<\/p>\n","protected":false},"featured_media":49114,"comment_status":"open","ping_status":"closed","template":"","meta":{"_acf_changed":false,"_et_pb_use_builder":"","_et_pb_old_content":"","_et_gb_content_width":""},"product_brand":[],"product_cat":[466,628],"product_tag":[963],"pa_connextion-shapes":[],"class_list":{"0":"post-17140","1":"product","2":"type-product","3":"status-publish","4":"has-post-thumbnail","6":"product_cat-lockout-tagout","7":"product_cat-lockout-padlocks","8":"product_tag-d-identify-fr","10":"first","11":"instock","12":"sale","13":"taxable","14":"shipping-taxable","15":"purchasable","16":"product-type-variable","17":"has-default-attributes"},"exclude_global_add_ons":[],"addons":[],"acf":[],"yoast_head":"<!-- This site is optimized with the Yoast SEO Premium plugin v27.0 (Yoast SEO v27.1) - https:\/\/yoast.com\/product\/yoast-seo-premium-wordpress\/ -->\n<title>Crochet de consignation en acier 420<\/title>\n<meta name=\"description\" content=\"Le cadenas de consignation de s\u00e9curit\u00e9 en acier Master Lock n\u00b0 421 est dot\u00e9 d&#039;une m\u00e2choire int\u00e9rieure d&#039;un diam\u00e8tre de 1-1\/2 pouces (38 mm) \u00c7a peut contenir jusqu&#039;\u00e0 six cadenas.\" \/>\n<meta name=\"robots\" content=\"index, follow, max-snippet:-1, max-image-preview:large, max-video-preview:-1\" \/>\n<link rel=\"canonical\" href=\"https:\/\/d-identify.be\/fr\/produit\/cadenas-de-consignation-en-acier-avec-un-degagement-de-machoire-de-1-1-2-pouces-38-mm-ou-1-pouce-25-mm\/\" \/>\n<meta property=\"og:locale\" content=\"fr_FR\" \/>\n<meta property=\"og:type\" content=\"article\" \/>\n<meta property=\"og:title\" content=\"Cadenas de consignation en acier avec un d\u00e9gagement de m\u00e2choire de 1-1\/2 pouces (38 mm) ou 1 pouce (25 mm).\" \/>\n<meta property=\"og:description\" content=\"Le cadenas de consignation de s\u00e9curit\u00e9 en acier Master Lock n\u00b0 421 est dot\u00e9 d&#039;une m\u00e2choire int\u00e9rieure d&#039;un diam\u00e8tre de 1-1\/2 pouces (38 mm) \u00c7a peut contenir jusqu&#039;\u00e0 six cadenas.\" \/>\n<meta property=\"og:url\" content=\"https:\/\/d-identify.be\/fr\/produit\/cadenas-de-consignation-en-acier-avec-un-degagement-de-machoire-de-1-1-2-pouces-38-mm-ou-1-pouce-25-mm\/\" \/>\n<meta property=\"og:site_name\" content=\"d-identify\" \/>\n<meta property=\"article:modified_time\" content=\"2025-04-06T09:53:09+00:00\" \/>\n<meta property=\"og:image\" content=\"https:\/\/d-identify.be\/wp-content\/uploads\/2024\/12\/D-H21-and-H22.png\" \/>\n\t<meta property=\"og:image:width\" content=\"250\" \/>\n\t<meta property=\"og:image:height\" content=\"259\" \/>\n\t<meta property=\"og:image:type\" content=\"image\/png\" \/>\n<meta name=\"twitter:card\" content=\"summary_large_image\" \/>\n<script type=\"application\/ld+json\" class=\"yoast-schema-graph\">{\"@context\":\"https:\/\/schema.org\",\"@graph\":[{\"@type\":\"WebPage\",\"@id\":\"https:\/\/d-identify.be\/fr\/produit\/cadenas-de-consignation-en-acier-avec-un-degagement-de-machoire-de-1-1-2-pouces-38-mm-ou-1-pouce-25-mm\/\",\"url\":\"https:\/\/d-identify.be\/fr\/produit\/cadenas-de-consignation-en-acier-avec-un-degagement-de-machoire-de-1-1-2-pouces-38-mm-ou-1-pouce-25-mm\/\",\"name\":\"Crochet de consignation en acier 420\",\"isPartOf\":{\"@id\":\"https:\/\/d-identify.be\/fr\/#website\"},\"primaryImageOfPage\":{\"@id\":\"https:\/\/d-identify.be\/fr\/produit\/cadenas-de-consignation-en-acier-avec-un-degagement-de-machoire-de-1-1-2-pouces-38-mm-ou-1-pouce-25-mm\/#primaryimage\"},\"image\":{\"@id\":\"https:\/\/d-identify.be\/fr\/produit\/cadenas-de-consignation-en-acier-avec-un-degagement-de-machoire-de-1-1-2-pouces-38-mm-ou-1-pouce-25-mm\/#primaryimage\"},\"thumbnailUrl\":\"https:\/\/d-identify.be\/wp-content\/uploads\/2024\/12\/D-H21-and-H22.png\",\"datePublished\":\"2024-01-02T14:57:58+00:00\",\"dateModified\":\"2025-04-06T09:53:09+00:00\",\"description\":\"Le cadenas de consignation de s\u00e9curit\u00e9 en acier Master Lock n\u00b0 421 est dot\u00e9 d'une m\u00e2choire int\u00e9rieure d'un diam\u00e8tre de 1-1\/2 pouces (38 mm) \u00c7a peut contenir jusqu'\u00e0 six cadenas.\",\"breadcrumb\":{\"@id\":\"https:\/\/d-identify.be\/fr\/produit\/cadenas-de-consignation-en-acier-avec-un-degagement-de-machoire-de-1-1-2-pouces-38-mm-ou-1-pouce-25-mm\/#breadcrumb\"},\"inLanguage\":\"fr-FR\",\"potentialAction\":[{\"@type\":\"ReadAction\",\"target\":[\"https:\/\/d-identify.be\/fr\/produit\/cadenas-de-consignation-en-acier-avec-un-degagement-de-machoire-de-1-1-2-pouces-38-mm-ou-1-pouce-25-mm\/\"]}]},{\"@type\":\"ImageObject\",\"inLanguage\":\"fr-FR\",\"@id\":\"https:\/\/d-identify.be\/fr\/produit\/cadenas-de-consignation-en-acier-avec-un-degagement-de-machoire-de-1-1-2-pouces-38-mm-ou-1-pouce-25-mm\/#primaryimage\",\"url\":\"https:\/\/d-identify.be\/wp-content\/uploads\/2024\/12\/D-H21-and-H22.png\",\"contentUrl\":\"https:\/\/d-identify.be\/wp-content\/uploads\/2024\/12\/D-H21-and-H22.png\",\"width\":250,\"height\":259,\"caption\":\"Locakout tagout hasp - Economical\"},{\"@type\":\"BreadcrumbList\",\"@id\":\"https:\/\/d-identify.be\/fr\/produit\/cadenas-de-consignation-en-acier-avec-un-degagement-de-machoire-de-1-1-2-pouces-38-mm-ou-1-pouce-25-mm\/#breadcrumb\",\"itemListElement\":[{\"@type\":\"ListItem\",\"position\":1,\"name\":\"Home\",\"item\":\"https:\/\/d-identify.be\/fr\/home-2\/\"},{\"@type\":\"ListItem\",\"position\":2,\"name\":\"Boutique\",\"item\":\"https:\/\/d-identify.be\/fr\/boutique\/\"},{\"@type\":\"ListItem\",\"position\":3,\"name\":\"Cadenas de consignation en acier avec un d\u00e9gagement de m\u00e2choire de 1-1\/2 pouces (38 mm) ou 1 pouce (25 mm).\"}]},{\"@type\":\"WebSite\",\"@id\":\"https:\/\/d-identify.be\/fr\/#website\",\"url\":\"https:\/\/d-identify.be\/fr\/\",\"name\":\"d-identify\",\"description\":\"Industrial identification - Lockout - Tagout - Floor marking\",\"potentialAction\":[{\"@type\":\"SearchAction\",\"target\":{\"@type\":\"EntryPoint\",\"urlTemplate\":\"https:\/\/d-identify.be\/fr\/?s={search_term_string}\"},\"query-input\":{\"@type\":\"PropertyValueSpecification\",\"valueRequired\":true,\"valueName\":\"search_term_string\"}}],\"inLanguage\":\"fr-FR\"}]}<\/script>\n<!-- \/ Yoast SEO Premium plugin. -->","yoast_head_json":{"title":"Crochet de consignation en acier 420","description":"Le cadenas de consignation de s\u00e9curit\u00e9 en acier Master Lock n\u00b0 421 est dot\u00e9 d'une m\u00e2choire int\u00e9rieure d'un diam\u00e8tre de 1-1\/2 pouces (38 mm) \u00c7a peut contenir jusqu'\u00e0 six cadenas.","robots":{"index":"index","follow":"follow","max-snippet":"max-snippet:-1","max-image-preview":"max-image-preview:large","max-video-preview":"max-video-preview:-1"},"canonical":"https:\/\/d-identify.be\/fr\/produit\/cadenas-de-consignation-en-acier-avec-un-degagement-de-machoire-de-1-1-2-pouces-38-mm-ou-1-pouce-25-mm\/","og_locale":"fr_FR","og_type":"article","og_title":"Cadenas de consignation en acier avec un d\u00e9gagement de m\u00e2choire de 1-1\/2 pouces (38 mm) ou 1 pouce (25 mm).","og_description":"Le cadenas de consignation de s\u00e9curit\u00e9 en acier Master Lock n\u00b0 421 est dot\u00e9 d'une m\u00e2choire int\u00e9rieure d'un diam\u00e8tre de 1-1\/2 pouces (38 mm) \u00c7a peut contenir jusqu'\u00e0 six cadenas.","og_url":"https:\/\/d-identify.be\/fr\/produit\/cadenas-de-consignation-en-acier-avec-un-degagement-de-machoire-de-1-1-2-pouces-38-mm-ou-1-pouce-25-mm\/","og_site_name":"d-identify","article_modified_time":"2025-04-06T09:53:09+00:00","og_image":[{"width":250,"height":259,"url":"https:\/\/d-identify.be\/wp-content\/uploads\/2024\/12\/D-H21-and-H22.png","type":"image\/png"}],"twitter_card":"summary_large_image","schema":{"@context":"https:\/\/schema.org","@graph":[{"@type":"WebPage","@id":"https:\/\/d-identify.be\/fr\/produit\/cadenas-de-consignation-en-acier-avec-un-degagement-de-machoire-de-1-1-2-pouces-38-mm-ou-1-pouce-25-mm\/","url":"https:\/\/d-identify.be\/fr\/produit\/cadenas-de-consignation-en-acier-avec-un-degagement-de-machoire-de-1-1-2-pouces-38-mm-ou-1-pouce-25-mm\/","name":"Crochet de consignation en acier 420","isPartOf":{"@id":"https:\/\/d-identify.be\/fr\/#website"},"primaryImageOfPage":{"@id":"https:\/\/d-identify.be\/fr\/produit\/cadenas-de-consignation-en-acier-avec-un-degagement-de-machoire-de-1-1-2-pouces-38-mm-ou-1-pouce-25-mm\/#primaryimage"},"image":{"@id":"https:\/\/d-identify.be\/fr\/produit\/cadenas-de-consignation-en-acier-avec-un-degagement-de-machoire-de-1-1-2-pouces-38-mm-ou-1-pouce-25-mm\/#primaryimage"},"thumbnailUrl":"https:\/\/d-identify.be\/wp-content\/uploads\/2024\/12\/D-H21-and-H22.png","datePublished":"2024-01-02T14:57:58+00:00","dateModified":"2025-04-06T09:53:09+00:00","description":"Le cadenas de consignation de s\u00e9curit\u00e9 en acier Master Lock n\u00b0 421 est dot\u00e9 d'une m\u00e2choire int\u00e9rieure d'un diam\u00e8tre de 1-1\/2 pouces (38 mm) \u00c7a peut contenir jusqu'\u00e0 six cadenas.","breadcrumb":{"@id":"https:\/\/d-identify.be\/fr\/produit\/cadenas-de-consignation-en-acier-avec-un-degagement-de-machoire-de-1-1-2-pouces-38-mm-ou-1-pouce-25-mm\/#breadcrumb"},"inLanguage":"fr-FR","potentialAction":[{"@type":"ReadAction","target":["https:\/\/d-identify.be\/fr\/produit\/cadenas-de-consignation-en-acier-avec-un-degagement-de-machoire-de-1-1-2-pouces-38-mm-ou-1-pouce-25-mm\/"]}]},{"@type":"ImageObject","inLanguage":"fr-FR","@id":"https:\/\/d-identify.be\/fr\/produit\/cadenas-de-consignation-en-acier-avec-un-degagement-de-machoire-de-1-1-2-pouces-38-mm-ou-1-pouce-25-mm\/#primaryimage","url":"https:\/\/d-identify.be\/wp-content\/uploads\/2024\/12\/D-H21-and-H22.png","contentUrl":"https:\/\/d-identify.be\/wp-content\/uploads\/2024\/12\/D-H21-and-H22.png","width":250,"height":259,"caption":"Locakout tagout hasp - Economical"},{"@type":"BreadcrumbList","@id":"https:\/\/d-identify.be\/fr\/produit\/cadenas-de-consignation-en-acier-avec-un-degagement-de-machoire-de-1-1-2-pouces-38-mm-ou-1-pouce-25-mm\/#breadcrumb","itemListElement":[{"@type":"ListItem","position":1,"name":"Home","item":"https:\/\/d-identify.be\/fr\/home-2\/"},{"@type":"ListItem","position":2,"name":"Boutique","item":"https:\/\/d-identify.be\/fr\/boutique\/"},{"@type":"ListItem","position":3,"name":"Cadenas de consignation en acier avec un d\u00e9gagement de m\u00e2choire de 1-1\/2 pouces (38 mm) ou 1 pouce (25 mm)."}]},{"@type":"WebSite","@id":"https:\/\/d-identify.be\/fr\/#website","url":"https:\/\/d-identify.be\/fr\/","name":"d-identify","description":"Industrial identification - Lockout - Tagout - Floor marking","potentialAction":[{"@type":"SearchAction","target":{"@type":"EntryPoint","urlTemplate":"https:\/\/d-identify.be\/fr\/?s={search_term_string}"},"query-input":{"@type":"PropertyValueSpecification","valueRequired":true,"valueName":"search_term_string"}}],"inLanguage":"fr-FR"}]}},"_links":{"self":[{"href":"https:\/\/d-identify.be\/fr\/wp-json\/wp\/v2\/product\/17140","targetHints":{"allow":["GET"]}}],"collection":[{"href":"https:\/\/d-identify.be\/fr\/wp-json\/wp\/v2\/product"}],"about":[{"href":"https:\/\/d-identify.be\/fr\/wp-json\/wp\/v2\/types\/product"}],"replies":[{"embeddable":true,"href":"https:\/\/d-identify.be\/fr\/wp-json\/wp\/v2\/comments?post=17140"}],"wp:featuredmedia":[{"embeddable":true,"href":"https:\/\/d-identify.be\/fr\/wp-json\/wp\/v2\/media\/49114"}],"wp:attachment":[{"href":"https:\/\/d-identify.be\/fr\/wp-json\/wp\/v2\/media?parent=17140"}],"wp:term":[{"taxonomy":"product_brand","embeddable":true,"href":"https:\/\/d-identify.be\/fr\/wp-json\/wp\/v2\/product_brand?post=17140"},{"taxonomy":"product_cat","embeddable":true,"href":"https:\/\/d-identify.be\/fr\/wp-json\/wp\/v2\/product_cat?post=17140"},{"taxonomy":"product_tag","embeddable":true,"href":"https:\/\/d-identify.be\/fr\/wp-json\/wp\/v2\/product_tag?post=17140"},{"taxonomy":"pa_connextion-shapes","embeddable":true,"href":"https:\/\/d-identify.be\/fr\/wp-json\/wp\/v2\/pa_connextion-shapes?post=17140"}],"curies":[{"name":"wp","href":"https:\/\/api.w.org\/{rel}","templated":true}]}}