{"id":22467,"date":"2021-06-30T15:13:29","date_gmt":"2021-06-30T13:13:29","guid":{"rendered":"https:\/\/d-identify.be\/faq-2\/"},"modified":"2024-05-30T14:38:14","modified_gmt":"2024-05-30T12:38:14","slug":"faq-2","status":"publish","type":"page","link":"https:\/\/d-identify.be\/fr\/faq-2\/","title":{"rendered":"FAQ"},"content":{"rendered":"<p>[et_pb_section fb_built=\u00a0\u00bb1&Prime; _builder_version=\u00a0\u00bb4.16&Prime; _module_preset=\u00a0\u00bbdefault\u00a0\u00bb custom_padding=\u00a0\u00bb0px||37px|||\u00a0\u00bb global_colors_info=\u00a0\u00bb{}\u00a0\u00bb da_is_popup=\u00a0\u00bboff\u00a0\u00bb da_exit_intent=\u00a0\u00bboff\u00a0\u00bb da_has_close=\u00a0\u00bbon\u00a0\u00bb da_alt_close=\u00a0\u00bboff\u00a0\u00bb da_dark_close=\u00a0\u00bboff\u00a0\u00bb da_not_modal=\u00a0\u00bbon\u00a0\u00bb da_is_singular=\u00a0\u00bboff\u00a0\u00bb da_with_loader=\u00a0\u00bboff\u00a0\u00bb da_has_shadow=\u00a0\u00bbon\u00a0\u00bb da_disable_devices=\u00a0\u00bboff|off|off\u00a0\u00bb][et_pb_row _builder_version=\u00a0\u00bb4.16&Prime; _module_preset=\u00a0\u00bbdefault\u00a0\u00bb custom_padding=\u00a0\u00bb||2px|||\u00a0\u00bb global_colors_info=\u00a0\u00bb{}\u00a0\u00bb][et_pb_column type=\u00a0\u00bb4_4&Prime; _builder_version=\u00a0\u00bb4.16&Prime; _module_preset=\u00a0\u00bbdefault\u00a0\u00bb global_colors_info=\u00a0\u00bb{}\u00a0\u00bb][et_pb_text _builder_version=\u00a0\u00bb4.16&Prime; _module_preset=\u00a0\u00bbdefault\u00a0\u00bb custom_margin=\u00a0\u00bb10px||5px||false|false\u00a0\u00bb global_colors_info=\u00a0\u00bb{}\u00a0\u00bb]<\/p>\n<h2>Questions fr\u00e9quemment pos\u00e9es<\/h2>\n<p>[\/et_pb_text][et_pb_divider color=\u00a0\u00bb#E6754C\u00a0\u00bb divider_weight=\u00a0\u00bb4px\u00a0\u00bb _builder_version=\u00a0\u00bb4.16&Prime; _module_preset=\u00a0\u00bbdefault\u00a0\u00bb width=\u00a0\u00bb50px\u00a0\u00bb custom_margin=\u00a0\u00bb||20px||false|false\u00a0\u00bb custom_padding=\u00a0\u00bb||||false|false\u00a0\u00bb animation_style=\u00a0\u00bbslide\u00a0\u00bb animation_direction=\u00a0\u00bbleft\u00a0\u00bb animation_duration=\u00a0\u00bb400ms\u00a0\u00bb global_colors_info=\u00a0\u00bb{}\u00a0\u00bb][\/et_pb_divider][\/et_pb_column][\/et_pb_row][et_pb_row column_structure=\u00a0\u00bb1_2,1_2&Prime; _builder_version=\u00a0\u00bb4.16&Prime; _module_preset=\u00a0\u00bbdefault\u00a0\u00bb custom_padding=\u00a0\u00bb0px|||||\u00a0\u00bb locked=\u00a0\u00bboff\u00a0\u00bb global_colors_info=\u00a0\u00bb{}\u00a0\u00bb][et_pb_column type=\u00a0\u00bb1_2&Prime; _builder_version=\u00a0\u00bb4.16&Prime; _module_preset=\u00a0\u00bbdefault\u00a0\u00bb global_colors_info=\u00a0\u00bb{}\u00a0\u00bb][et_pb_text _builder_version=\u00a0\u00bb4.16&Prime; _module_preset=\u00a0\u00bbdefault\u00a0\u00bb header_text_align=\u00a0\u00bbcenter\u00a0\u00bb header_2_text_align=\u00a0\u00bbcenter\u00a0\u00bb custom_margin=\u00a0\u00bb||10px|||\u00a0\u00bb global_colors_info=\u00a0\u00bb{}\u00a0\u00bb]<\/p>\n<h2>Questions g\u00e9n\u00e9rales<\/h2>\n<p>[\/et_pb_text][et_pb_toggle title=\u00a0\u00bbComment puis-je effectuer des paiements \u00e0 D-identify ?\u00a0\u00bb open_toggle_background_color=\u00a0\u00bb#f9f9f9&Prime; closed_toggle_background_color=\u00a0\u00bb#ffffff\u00a0\u00bb icon_color=\u00a0\u00bb#625F5E\u00a0\u00bb use_icon_font_size=\u00a0\u00bbon\u00a0\u00bb icon_font_size=\u00a0\u00bb20px\u00a0\u00bb open_icon_color=\u00a0\u00bb#625F5E\u00a0\u00bb open_use_icon_font_size=\u00a0\u00bbon\u00a0\u00bb open_icon_font_size=\u00a0\u00bb20px\u00a0\u00bb module_class=\u00a0\u00bbfaq-toggle\u00a0\u00bb _builder_version=\u00a0\u00bb4.16&Prime; _module_preset=\u00a0\u00bbdefault\u00a0\u00bb title_level=\u00a0\u00bbh3&Prime; title_font=\u00a0\u00bbRoboto||||||||\u00a0\u00bb title_font_size=\u00a0\u00bb20px\u00a0\u00bb closed_title_font_size=\u00a0\u00bb20px\u00a0\u00bb body_font=\u00a0\u00bbRoboto||||||||\u00a0\u00bb custom_margin=\u00a0\u00bb||0px||false|false\u00a0\u00bb custom_padding=\u00a0\u00bb||||false|false\u00a0\u00bb border_width_all=\u00a0\u00bb0px\u00a0\u00bb border_width_bottom=\u00a0\u00bb1px\u00a0\u00bb global_colors_info=\u00a0\u00bb{}\u00a0\u00bb]<\/p>\n<h3 style=\"line-height: 16px;\">Paiements s\u00e9curis\u00e9s en ligne<\/h3>\n<p><span style=\"text-align: center;\">Visa, Mastercard, Maestro, Mister cash, Paypal<\/span><\/p>\n<hr id=\"null\">\n<h3 style=\"line-height: 16px;\">Paiement anticip\u00e9 par virement bancaire<\/h3>\n<p>Apr\u00e8s avoir envoy\u00e9 votre commande \u00e0 <a href=\"mailto:sales@d-identify.be\" aria-describedby=\"a11y-external-message\">sales@d-identify.be<\/a>, vous pouvez effectuer votre paiement \u00e0 l&rsquo;adresse suivante <\/p>\n<p style=\"line-height: 16px;\"><strong>Succursale de la banque :<\/strong> <em>BNP Paribas<\/em><\/p>\n<p style=\"line-height: 16px;\"><strong>Nom du compte :<\/strong> <em>D-IDENTIFY BV<\/em><\/p>\n<p style=\"line-height: 16px;\"><strong>IBAN :<\/strong> <em>BE03 0019 4100 7584<\/em><\/p>\n<p style=\"line-height: 16px;\"><strong>BIC :<\/strong> <em>GEBABEBB<\/em><\/p>\n<p style=\"line-height: 16px;\"><strong>TVA :<\/strong> BE0792.876.119<\/p>\n<hr id=\"null\">\n<h3>Cr\u00e9dit de 30 jours<\/h3>\n<p>Pour les entreprises de l&rsquo;Union europ\u00e9enne, nous pouvons proposer des conditions de cr\u00e9dit de 30 jours. Nous contacterons votre service des achats pour v\u00e9rification. Les factures doivent \u00eatre pay\u00e9es dans un d\u00e9lai de 30 jours pour <\/p>\n<p style=\"line-height: 16px;\"><strong>Succursale de la banque :<\/strong> <em>BNP Paribas<\/em><\/p>\n<p style=\"line-height: 16px;\"><strong>Nom du compte :<\/strong> <em>D-IDENTIFY BV<\/em><\/p>\n<p style=\"line-height: 16px;\"><strong>IBAN :<\/strong> <em>BE03 0019 4100 7584<\/em><\/p>\n<p style=\"line-height: 16px;\"><strong>BIC :<\/strong> <em>GEBABEBB<\/em><\/p>\n<p style=\"line-height: 16px;\"><strong>TVA :<\/strong> BE0792.876.119<\/p>\n<p>[\/et_pb_toggle][et_pb_toggle title=\u00a0\u00bbComment puis-je contacter D-identify pour obtenir de l&apos;aide ?\u00a0\u00bb open_toggle_background_color=\u00a0\u00bb#f9f9f9&Prime; closed_toggle_background_color=\u00a0\u00bb#ffffff\u00a0\u00bb icon_color=\u00a0\u00bb#625F5E\u00a0\u00bb use_icon_font_size=\u00a0\u00bbon\u00a0\u00bb icon_font_size=\u00a0\u00bb20px\u00a0\u00bb open_icon_color=\u00a0\u00bb#625F5E\u00a0\u00bb open_use_icon_font_size=\u00a0\u00bbon\u00a0\u00bb open_icon_font_size=\u00a0\u00bb20px\u00a0\u00bb module_class=\u00a0\u00bbfaq-toggle\u00a0\u00bb _builder_version=\u00a0\u00bb4.16&Prime; _module_preset=\u00a0\u00bbdefault\u00a0\u00bb title_level=\u00a0\u00bbh3&Prime; title_font=\u00a0\u00bbRoboto||||||||\u00a0\u00bb title_font_size=\u00a0\u00bb20px\u00a0\u00bb closed_title_font_size=\u00a0\u00bb20px\u00a0\u00bb body_font=\u00a0\u00bbRoboto||||||||\u00a0\u00bb custom_margin=\u00a0\u00bb||0px||false|false\u00a0\u00bb custom_padding=\u00a0\u00bb||||false|false\u00a0\u00bb border_width_all=\u00a0\u00bb0px\u00a0\u00bb border_width_bottom=\u00a0\u00bb1px\u00a0\u00bb global_colors_info=\u00a0\u00bb{}\u00a0\u00bb]<\/p>\n<h3><strong>Vous pouvez discuter avec D-identify<\/strong><\/h3>\n<p>Vous pouvez nous contacter par chat sur ce site web en cliquant sur le bouton Chat en bas \u00e0 droite de la page et nos ing\u00e9nieurs vous aideront \u00e0 r\u00e9pondre \u00e0 vos questions. <\/p>\n<p><strong>Quand ?<\/strong>  Du lundi au vendredi de 9h00 \u00e0 17h00  <\/p>\n<p>Si aucun ing\u00e9nieur n&rsquo;est disponible, vous pouvez remplir le formulaire de contact et nous vous r\u00e9pondrons dans le jour ouvrable suivant. <\/p>\n<hr id=\"null\">\n<p>&nbsp;<\/p>\n<h3><strong>Vous pouvez appeler D-identify<\/strong><\/h3>\n<h3>Vous pouvez appeler le +32 (03) 780 17 06<\/h3>\n<p><strong>Quand ?<\/strong> Du lundi au vendredi de 9h00 \u00e0 17h00 <\/p>\n<hr id=\"null\">\n<p>&nbsp;<\/p>\n<h3><strong>Vous pouvez envoyer un courriel \u00e0 D-identify<\/strong><\/h3>\n<p>Envoyez votre question technique \u00e0 <a href=\"support@d-identify.b\"><\/a><a href=\"mailto:support@d-identify.be\" aria-describedby=\"a11y-external-message\">support@d-identify.be<\/a><br \/>Nous vous r\u00e9pondrons ou vous contacterons par t\u00e9l\u00e9phone dans le jour ouvrable suivant !<\/p>\n<p>[\/et_pb_toggle][et_pb_toggle title=\u00a0\u00bbQuel est le d\u00e9lai de livraison habituel ?\u00a0\u00bb open_toggle_background_color=\u00a0\u00bb#f9f9f9&Prime; closed_toggle_background_color=\u00a0\u00bb#ffffff\u00a0\u00bb icon_color=\u00a0\u00bb#625F5E\u00a0\u00bb use_icon_font_size=\u00a0\u00bbon\u00a0\u00bb icon_font_size=\u00a0\u00bb20px\u00a0\u00bb open_icon_color=\u00a0\u00bb#625F5E\u00a0\u00bb open_use_icon_font_size=\u00a0\u00bbon\u00a0\u00bb open_icon_font_size=\u00a0\u00bb20px\u00a0\u00bb module_class=\u00a0\u00bbfaq-toggle\u00a0\u00bb _builder_version=\u00a0\u00bb4.16&Prime; _module_preset=\u00a0\u00bbdefault\u00a0\u00bb title_level=\u00a0\u00bbh3&Prime; title_font=\u00a0\u00bbRoboto||||||||\u00a0\u00bb title_font_size=\u00a0\u00bb20px\u00a0\u00bb closed_title_font_size=\u00a0\u00bb20px\u00a0\u00bb body_font=\u00a0\u00bbRoboto||||||||\u00a0\u00bb custom_margin=\u00a0\u00bb||0px||false|false\u00a0\u00bb custom_padding=\u00a0\u00bb||||false|false\u00a0\u00bb border_width_all=\u00a0\u00bb0px\u00a0\u00bb border_width_bottom=\u00a0\u00bb1px\u00a0\u00bb global_colors_info=\u00a0\u00bb{}\u00a0\u00bb]<\/p>\n<p>D-identify BV vous informera \u00e0 tout moment de la livraison par e-mail et vous enverra un num\u00e9ro de suivi d\u00e8s que votre commande sera r\u00e9serv\u00e9e pour \u00eatre enlev\u00e9e. <\/p>\n<p>Pour les articles standard en stock sur lesquels vous pouvez compter, nous pouvons vous livrer <\/p>\n<p>1 \u00e0 3 jours ouvrables pour le Benelux<\/p>\n<p>5 \u00e0 8 jours ouvrables pour les autres pays europ\u00e9ens <br \/>Les articles personnalis\u00e9s tels que les cadenas grav\u00e9s Masterlock ou un syst\u00e8me de cl\u00e9 ma\u00eetresse pour les cadenas de s\u00e9curit\u00e9 sont fabriqu\u00e9s sur commande et prennent g\u00e9n\u00e9ralement de 4 \u00e0 6 semaines.  <\/p>\n<p>[\/et_pb_toggle][et_pb_toggle title=\u00a0\u00bbL&apos;utilisation de mon num\u00e9ro de carte de cr\u00e9dit est-elle s\u00fbre sur D-identify ?\u00a0\u00bb open_toggle_background_color=\u00a0\u00bb#f9f9f9&Prime; closed_toggle_background_color=\u00a0\u00bb#ffffff\u00a0\u00bb icon_color=\u00a0\u00bb#625F5E\u00a0\u00bb use_icon_font_size=\u00a0\u00bbon\u00a0\u00bb icon_font_size=\u00a0\u00bb20px\u00a0\u00bb open_icon_color=\u00a0\u00bb#625F5E\u00a0\u00bb open_use_icon_font_size=\u00a0\u00bbon\u00a0\u00bb open_icon_font_size=\u00a0\u00bb20px\u00a0\u00bb module_class=\u00a0\u00bbfaq-toggle\u00a0\u00bb _builder_version=\u00a0\u00bb4.16&Prime; _module_preset=\u00a0\u00bbdefault\u00a0\u00bb title_level=\u00a0\u00bbh3&Prime; title_font=\u00a0\u00bbRoboto||||||||\u00a0\u00bb title_font_size=\u00a0\u00bb20px\u00a0\u00bb closed_title_font_size=\u00a0\u00bb20px\u00a0\u00bb body_font=\u00a0\u00bbRoboto||||||||\u00a0\u00bb custom_margin=\u00a0\u00bb||0px||false|false\u00a0\u00bb custom_padding=\u00a0\u00bb||||false|false\u00a0\u00bb border_width_all=\u00a0\u00bb0px\u00a0\u00bb border_width_bottom=\u00a0\u00bb1px\u00a0\u00bb global_colors_info=\u00a0\u00bb{}\u00a0\u00bb]<\/p>\n<p>Probablement. Nous ne conservons pas les donn\u00e9es de votre carte de cr\u00e9dit (elles sont g\u00e9r\u00e9es par notre processeur de paiement Stripe, le meilleur du march\u00e9) et nous ne partagerons jamais vos informations personnelles avec qui que ce soit d&rsquo;autre.<\/p>\n<p>[\/et_pb_toggle][et_pb_toggle title=\u00a0\u00bbMa commande n&apos;est pas arriv\u00e9e ?\u00a0\u00bb open_toggle_background_color=\u00a0\u00bb#f9f9f9&Prime; closed_toggle_background_color=\u00a0\u00bb#ffffff\u00a0\u00bb icon_color=\u00a0\u00bb#625F5E\u00a0\u00bb use_icon_font_size=\u00a0\u00bbon\u00a0\u00bb icon_font_size=\u00a0\u00bb20px\u00a0\u00bb open_icon_color=\u00a0\u00bb#625F5E\u00a0\u00bb open_use_icon_font_size=\u00a0\u00bbon\u00a0\u00bb open_icon_font_size=\u00a0\u00bb20px\u00a0\u00bb module_class=\u00a0\u00bbfaq-toggle\u00a0\u00bb _builder_version=\u00a0\u00bb4.16&Prime; _module_preset=\u00a0\u00bbdefault\u00a0\u00bb title_level=\u00a0\u00bbh3&Prime; title_font=\u00a0\u00bbRoboto||||||||\u00a0\u00bb title_font_size=\u00a0\u00bb20px\u00a0\u00bb closed_title_font_size=\u00a0\u00bb20px\u00a0\u00bb body_font=\u00a0\u00bbRoboto||||||||\u00a0\u00bb custom_margin=\u00a0\u00bb||0px||false|false\u00a0\u00bb custom_padding=\u00a0\u00bb||||false|false\u00a0\u00bb border_width_all=\u00a0\u00bb0px\u00a0\u00bb border_width_bottom=\u00a0\u00bb1px\u00a0\u00bb global_colors_info=\u00a0\u00bb{}\u00a0\u00bb]V\u00e9rifiez votre e-mail de confirmation pour le num\u00e9ro de suivi. Si cela ne fonctionne pas, envoyez-nous un courriel \u00e0 l&rsquo;<a href=\"mailto:support@d-identify.be\" aria-describedby=\"a11y-external-message\">adresse support@d-identify.be.<\/a> Dites-nous ce que vous avez command\u00e9 et votre num\u00e9ro de commande, et nous vous aiderons.[\/et_pb_toggle][et_pb_toggle title=\u00a0\u00bbMa commande est arriv\u00e9e incompl\u00e8te ou endommag\u00e9e ?\u00a0\u00bb open_toggle_background_color=\u00a0\u00bb#f9f9f9&Prime; closed_toggle_background_color=\u00a0\u00bb#ffffff\u00a0\u00bb icon_color=\u00a0\u00bb#625F5E\u00a0\u00bb use_icon_font_size=\u00a0\u00bbon\u00a0\u00bb icon_font_size=\u00a0\u00bb20px\u00a0\u00bb open_icon_color=\u00a0\u00bb#625F5E\u00a0\u00bb open_use_icon_font_size=\u00a0\u00bbon\u00a0\u00bb open_icon_font_size=\u00a0\u00bb20px\u00a0\u00bb module_class=\u00a0\u00bbfaq-toggle\u00a0\u00bb _builder_version=\u00a0\u00bb4.16&Prime; _module_preset=\u00a0\u00bbdefault\u00a0\u00bb title_level=\u00a0\u00bbh3&Prime; title_font=\u00a0\u00bbRoboto||||||||\u00a0\u00bb title_font_size=\u00a0\u00bb20px\u00a0\u00bb closed_title_font_size=\u00a0\u00bb20px\u00a0\u00bb body_font=\u00a0\u00bbRoboto||||||||\u00a0\u00bb custom_margin=\u00a0\u00bb||0px||false|false\u00a0\u00bb custom_padding=\u00a0\u00bb||||false|false\u00a0\u00bb border_width_all=\u00a0\u00bb0px\u00a0\u00bb border_width_bottom=\u00a0\u00bb1px\u00a0\u00bb global_colors_info=\u00a0\u00bb{}\u00a0\u00bb]<\/p>\n<p>Veuillez nous envoyer par e-mail votre num\u00e9ro de commande et l&rsquo;UGS de l&rsquo;article manquant \u00e0 <a href=\"mailto:support@d-identify.be\" aria-describedby=\"a11y-external-message\">support@d-identify.be<\/a>,<\/p>\n<p>Les employ\u00e9s de notre entrep\u00f4t sont form\u00e9s pour NE PAS envoyer de marchandises endommag\u00e9es. <\/p>\n<p>Si D-identify a organis\u00e9 l&rsquo;envoi par TNT, nous assurons toujours votre marchandise contre la perte et les dommages, si vous avez organis\u00e9 l&rsquo;envoi, nous vous recommandons d&rsquo;assurer la valeur de l&rsquo;envoi contre la perte et les dommages.<\/p>\n<p>[\/et_pb_toggle][\/et_pb_column][et_pb_column type=\u00a0\u00bb1_2&Prime; _builder_version=\u00a0\u00bb4.16&Prime; _module_preset=\u00a0\u00bbdefault\u00a0\u00bb global_colors_info=\u00a0\u00bb{}\u00a0\u00bb][et_pb_text _builder_version=\u00a0\u00bb4.16&Prime; _module_preset=\u00a0\u00bbdefault\u00a0\u00bb header_text_align=\u00a0\u00bbcenter\u00a0\u00bb header_2_text_align=\u00a0\u00bbcenter\u00a0\u00bb custom_margin=\u00a0\u00bb||10px|||\u00a0\u00bb global_colors_info=\u00a0\u00bb{}\u00a0\u00bb]<\/p>\n<h2>Questions sur les produits<\/h2>\n<p>[\/et_pb_text][et_pb_toggle title=\u00a0\u00bbD-identify peut-il m&apos;aider pour l&apos;installation ?\u00a0\u00bb open_toggle_background_color=\u00a0\u00bb#f9f9f9&Prime; closed_toggle_background_color=\u00a0\u00bb#ffffff\u00a0\u00bb icon_color=\u00a0\u00bb#625F5E\u00a0\u00bb use_icon_font_size=\u00a0\u00bbon\u00a0\u00bb icon_font_size=\u00a0\u00bb20px\u00a0\u00bb open_icon_color=\u00a0\u00bb#625F5E\u00a0\u00bb open_use_icon_font_size=\u00a0\u00bbon\u00a0\u00bb open_icon_font_size=\u00a0\u00bb20px\u00a0\u00bb module_class=\u00a0\u00bbfaq-toggle\u00a0\u00bb _builder_version=\u00a0\u00bb4.16&Prime; _module_preset=\u00a0\u00bbdefault\u00a0\u00bb title_level=\u00a0\u00bbh3&Prime; title_font=\u00a0\u00bbRoboto||||||||\u00a0\u00bb title_font_size=\u00a0\u00bb20px\u00a0\u00bb closed_title_font_size=\u00a0\u00bb20px\u00a0\u00bb body_font=\u00a0\u00bbRoboto||||||||\u00a0\u00bb custom_margin=\u00a0\u00bb||0px||false|false\u00a0\u00bb custom_padding=\u00a0\u00bb||||false|false\u00a0\u00bb border_width_all=\u00a0\u00bb0px\u00a0\u00bb border_width_bottom=\u00a0\u00bb1px\u00a0\u00bb global_colors_info=\u00a0\u00bb{}\u00a0\u00bb]<\/p>\n<p>OUI, la plupart de nos produits sont livr\u00e9s avec un guide d&rsquo;installation vid\u00e9o d\u00e9taill\u00e9 dans la bo\u00eete, afin que vous puissiez commencer \u00e0 utiliser votre produit imm\u00e9diatement.<br \/> D-identify peut organiser une s\u00e9ance de travail en \u00e9quipe pour guider votre division informatique ou l&rsquo;utilisateur final avec le logiciel et vous aider \u00e0 concevoir certaines \u00e9tiquettes si n\u00e9cessaire. <br \/> Nous pouvons proposer une installation sur site en Belgique et aux Pays-Bas (prix \u00e0 convenir en fonction du lieu et de la dur\u00e9e).<\/p>\n<p>[\/et_pb_toggle][et_pb_text _builder_version=\u00a0\u00bb4.16&Prime; _module_preset=\u00a0\u00bbdefault\u00a0\u00bb header_2_text_align=\u00a0\u00bbcenter\u00a0\u00bb custom_margin=\u00a0\u00bb111px||13px||false|false\u00a0\u00bb global_colors_info=\u00a0\u00bb{}\u00a0\u00bb]<\/p>\n<h2>Vous avez encore des questions ?<\/h2>\n<p>[\/et_pb_text][et_pb_button button_url=\u00a0\u00bbhttps:\/\/d-identify.be\/fr\/nos-coordonnees-de-contact\/\u00a0\u00bb button_text=\u00a0\u00bbContactez-nous\u00a0\u00bb button_alignment=\u00a0\u00bbcenter\u00a0\u00bb _builder_version=\u00a0\u00bb4.16&Prime; _module_preset=\u00a0\u00bbdefault\u00a0\u00bb custom_margin=\u00a0\u00bb0px||||false|false\u00a0\u00bb global_colors_info=\u00a0\u00bb{}\u00a0\u00bb][\/et_pb_button][\/et_pb_column][\/et_pb_row][\/et_pb_section]<\/p>\n","protected":false},"excerpt":{"rendered":"<p>Questions fr\u00e9quemment pos\u00e9esQuestions g\u00e9n\u00e9ralesPaiements s\u00e9curis\u00e9s en ligne Visa, Mastercard, Maestro, Mister cash, Paypal Paiement anticip\u00e9 par virement bancaire Apr\u00e8s avoir envoy\u00e9 votre commande \u00e0 sales@d-identify.be, vous pouvez effectuer votre paiement \u00e0 l&rsquo;adresse suivante Succursale de la banque : BNP Paribas Nom du compte : D-IDENTIFY BV IBAN : BE03 0019 4100 7584 BIC : GEBABEBB [&hellip;]<\/p>\n","protected":false},"author":1,"featured_media":0,"parent":0,"menu_order":0,"comment_status":"closed","ping_status":"closed","template":"","meta":{"_acf_changed":false,"_et_pb_use_builder":"on","_et_pb_old_content":"","_et_gb_content_width":"","footnotes":""},"class_list":["post-22467","page","type-page","status-publish","hentry"],"acf":[],"yoast_head":"<!-- This site is optimized with the Yoast SEO Premium plugin v27.0 (Yoast SEO v27.1) - https:\/\/yoast.com\/product\/yoast-seo-premium-wordpress\/ -->\n<title>FAQ - d-identify<\/title>\n<meta name=\"robots\" content=\"index, follow, max-snippet:-1, max-image-preview:large, max-video-preview:-1\" \/>\n<link rel=\"canonical\" href=\"https:\/\/d-identify.be\/fr\/faq-2\/\" \/>\n<meta property=\"og:locale\" content=\"fr_FR\" \/>\n<meta property=\"og:type\" content=\"article\" \/>\n<meta property=\"og:title\" content=\"FAQ\" \/>\n<meta property=\"og:description\" content=\"Questions fr\u00e9quemment pos\u00e9esQuestions g\u00e9n\u00e9ralesPaiements s\u00e9curis\u00e9s en ligne Visa, Mastercard, Maestro, Mister cash, Paypal Paiement anticip\u00e9 par virement bancaire Apr\u00e8s avoir envoy\u00e9 votre commande \u00e0 sales@d-identify.be, vous pouvez effectuer votre paiement \u00e0 l&#039;adresse suivante Succursale de la banque : BNP Paribas Nom du compte : D-IDENTIFY BV IBAN : BE03 0019 4100 7584 BIC : GEBABEBB [&hellip;]\" \/>\n<meta property=\"og:url\" content=\"https:\/\/d-identify.be\/fr\/faq-2\/\" \/>\n<meta property=\"og:site_name\" content=\"d-identify\" \/>\n<meta property=\"article:modified_time\" content=\"2024-05-30T12:38:14+00:00\" \/>\n<meta property=\"og:image\" content=\"https:\/\/d-identify.be\/wp-content\/uploads\/2022\/07\/Logo-creating-Print-Solutions.png\" \/>\n\t<meta property=\"og:image:width\" content=\"3989\" \/>\n\t<meta property=\"og:image:height\" content=\"1675\" \/>\n\t<meta property=\"og:image:type\" content=\"image\/png\" \/>\n<meta name=\"twitter:card\" content=\"summary_large_image\" \/>\n<meta name=\"twitter:label1\" content=\"Dur\u00e9e de lecture estim\u00e9e\" \/>\n\t<meta name=\"twitter:data1\" content=\"8 minutes\" \/>\n<script type=\"application\/ld+json\" class=\"yoast-schema-graph\">{\"@context\":\"https:\/\/schema.org\",\"@graph\":[{\"@type\":\"WebPage\",\"@id\":\"https:\/\/d-identify.be\/fr\/faq-2\/\",\"url\":\"https:\/\/d-identify.be\/fr\/faq-2\/\",\"name\":\"FAQ - d-identify\",\"isPartOf\":{\"@id\":\"https:\/\/d-identify.be\/fr\/#website\"},\"datePublished\":\"2021-06-30T13:13:29+00:00\",\"dateModified\":\"2024-05-30T12:38:14+00:00\",\"breadcrumb\":{\"@id\":\"https:\/\/d-identify.be\/fr\/faq-2\/#breadcrumb\"},\"inLanguage\":\"fr-FR\",\"potentialAction\":[{\"@type\":\"ReadAction\",\"target\":[\"https:\/\/d-identify.be\/fr\/faq-2\/\"]}]},{\"@type\":\"BreadcrumbList\",\"@id\":\"https:\/\/d-identify.be\/fr\/faq-2\/#breadcrumb\",\"itemListElement\":[{\"@type\":\"ListItem\",\"position\":1,\"name\":\"Home\",\"item\":\"https:\/\/d-identify.be\/fr\/home-2\/\"},{\"@type\":\"ListItem\",\"position\":2,\"name\":\"FAQ\"}]},{\"@type\":\"WebSite\",\"@id\":\"https:\/\/d-identify.be\/fr\/#website\",\"url\":\"https:\/\/d-identify.be\/fr\/\",\"name\":\"d-identify\",\"description\":\"Industrial identification - Lockout - Tagout - Floor marking\",\"potentialAction\":[{\"@type\":\"SearchAction\",\"target\":{\"@type\":\"EntryPoint\",\"urlTemplate\":\"https:\/\/d-identify.be\/fr\/?s={search_term_string}\"},\"query-input\":{\"@type\":\"PropertyValueSpecification\",\"valueRequired\":true,\"valueName\":\"search_term_string\"}}],\"inLanguage\":\"fr-FR\"}]}<\/script>\n<!-- \/ Yoast SEO Premium plugin. -->","yoast_head_json":{"title":"FAQ - d-identify","robots":{"index":"index","follow":"follow","max-snippet":"max-snippet:-1","max-image-preview":"max-image-preview:large","max-video-preview":"max-video-preview:-1"},"canonical":"https:\/\/d-identify.be\/fr\/faq-2\/","og_locale":"fr_FR","og_type":"article","og_title":"FAQ","og_description":"Questions fr\u00e9quemment pos\u00e9esQuestions g\u00e9n\u00e9ralesPaiements s\u00e9curis\u00e9s en ligne Visa, Mastercard, Maestro, Mister cash, Paypal Paiement anticip\u00e9 par virement bancaire Apr\u00e8s avoir envoy\u00e9 votre commande \u00e0 sales@d-identify.be, vous pouvez effectuer votre paiement \u00e0 l'adresse suivante Succursale de la banque : BNP Paribas Nom du compte : D-IDENTIFY BV IBAN : BE03 0019 4100 7584 BIC : GEBABEBB [&hellip;]","og_url":"https:\/\/d-identify.be\/fr\/faq-2\/","og_site_name":"d-identify","article_modified_time":"2024-05-30T12:38:14+00:00","og_image":[{"width":3989,"height":1675,"url":"https:\/\/d-identify.be\/wp-content\/uploads\/2022\/07\/Logo-creating-Print-Solutions.png","type":"image\/png"}],"twitter_card":"summary_large_image","twitter_misc":{"Dur\u00e9e de lecture estim\u00e9e":"8 minutes"},"schema":{"@context":"https:\/\/schema.org","@graph":[{"@type":"WebPage","@id":"https:\/\/d-identify.be\/fr\/faq-2\/","url":"https:\/\/d-identify.be\/fr\/faq-2\/","name":"FAQ - d-identify","isPartOf":{"@id":"https:\/\/d-identify.be\/fr\/#website"},"datePublished":"2021-06-30T13:13:29+00:00","dateModified":"2024-05-30T12:38:14+00:00","breadcrumb":{"@id":"https:\/\/d-identify.be\/fr\/faq-2\/#breadcrumb"},"inLanguage":"fr-FR","potentialAction":[{"@type":"ReadAction","target":["https:\/\/d-identify.be\/fr\/faq-2\/"]}]},{"@type":"BreadcrumbList","@id":"https:\/\/d-identify.be\/fr\/faq-2\/#breadcrumb","itemListElement":[{"@type":"ListItem","position":1,"name":"Home","item":"https:\/\/d-identify.be\/fr\/home-2\/"},{"@type":"ListItem","position":2,"name":"FAQ"}]},{"@type":"WebSite","@id":"https:\/\/d-identify.be\/fr\/#website","url":"https:\/\/d-identify.be\/fr\/","name":"d-identify","description":"Industrial identification - Lockout - Tagout - Floor marking","potentialAction":[{"@type":"SearchAction","target":{"@type":"EntryPoint","urlTemplate":"https:\/\/d-identify.be\/fr\/?s={search_term_string}"},"query-input":{"@type":"PropertyValueSpecification","valueRequired":true,"valueName":"search_term_string"}}],"inLanguage":"fr-FR"}]}},"_links":{"self":[{"href":"https:\/\/d-identify.be\/fr\/wp-json\/wp\/v2\/pages\/22467","targetHints":{"allow":["GET"]}}],"collection":[{"href":"https:\/\/d-identify.be\/fr\/wp-json\/wp\/v2\/pages"}],"about":[{"href":"https:\/\/d-identify.be\/fr\/wp-json\/wp\/v2\/types\/page"}],"author":[{"embeddable":true,"href":"https:\/\/d-identify.be\/fr\/wp-json\/wp\/v2\/users\/1"}],"replies":[{"embeddable":true,"href":"https:\/\/d-identify.be\/fr\/wp-json\/wp\/v2\/comments?post=22467"}],"version-history":[{"count":0,"href":"https:\/\/d-identify.be\/fr\/wp-json\/wp\/v2\/pages\/22467\/revisions"}],"wp:attachment":[{"href":"https:\/\/d-identify.be\/fr\/wp-json\/wp\/v2\/media?parent=22467"}],"curies":[{"name":"wp","href":"https:\/\/api.w.org\/{rel}","templated":true}]}}