{"id":22454,"date":"2021-07-16T10:38:54","date_gmt":"2021-07-16T08:38:54","guid":{"rendered":"https:\/\/d-identify.be\/identification-des-cables-et-des-fils\/"},"modified":"2025-01-27T16:00:23","modified_gmt":"2025-01-27T14:00:23","slug":"identification-des-cables-et-des-fils","status":"publish","type":"page","link":"https:\/\/d-identify.be\/fr\/identification-des-cables-et-des-fils\/","title":{"rendered":"Identification des c\u00e2bles et des fils"},"content":{"rendered":"<p>[et_pb_section fb_built=\u00a0\u00bb1&Prime; _builder_version=\u00a0\u00bb4.16&Prime; _module_preset=\u00a0\u00bbdefault\u00a0\u00bb custom_padding=\u00a0\u00bb0px||37px|||\u00a0\u00bb global_colors_info=\u00a0\u00bb{}\u00a0\u00bb da_is_popup=\u00a0\u00bboff\u00a0\u00bb da_exit_intent=\u00a0\u00bboff\u00a0\u00bb da_has_close=\u00a0\u00bbon\u00a0\u00bb da_alt_close=\u00a0\u00bboff\u00a0\u00bb da_dark_close=\u00a0\u00bboff\u00a0\u00bb da_not_modal=\u00a0\u00bbon\u00a0\u00bb da_is_singular=\u00a0\u00bboff\u00a0\u00bb da_with_loader=\u00a0\u00bboff\u00a0\u00bb da_has_shadow=\u00a0\u00bbon\u00a0\u00bb da_disable_devices=\u00a0\u00bboff|off|off\u00a0\u00bb][et_pb_row _builder_version=\u00a0\u00bb4.16&Prime; _module_preset=\u00a0\u00bbdefault\u00a0\u00bb custom_padding=\u00a0\u00bb||2px|||\u00a0\u00bb global_colors_info=\u00a0\u00bb{}\u00a0\u00bb][et_pb_column type=\u00a0\u00bb4_4&Prime; _builder_version=\u00a0\u00bb4.16&Prime; _module_preset=\u00a0\u00bbdefault\u00a0\u00bb global_colors_info=\u00a0\u00bb{}\u00a0\u00bb][et_pb_text _builder_version=\u00a0\u00bb4.16&Prime; _module_preset=\u00a0\u00bbdefault\u00a0\u00bb header_font_size=\u00a0\u00bb24px\u00a0\u00bb text_orientation=\u00a0\u00bbcenter\u00a0\u00bb custom_margin=\u00a0\u00bb10px||5px||false|false\u00a0\u00bb global_colors_info=\u00a0\u00bb{}\u00a0\u00bb]<\/p>\n<h1>Identification des c\u00e2bles et des fils<\/h1>\n<p>[\/et_pb_text][et_pb_divider color=\u00a0\u00bb#E6754C\u00a0\u00bb divider_weight=\u00a0\u00bb4px\u00a0\u00bb _builder_version=\u00a0\u00bb4.16&Prime; _module_preset=\u00a0\u00bbdefault\u00a0\u00bb width=\u00a0\u00bb50px\u00a0\u00bb module_alignment=\u00a0\u00bbcenter\u00a0\u00bb custom_margin=\u00a0\u00bb||20px||false|false\u00a0\u00bb custom_padding=\u00a0\u00bb||||false|false\u00a0\u00bb animation_style=\u00a0\u00bbslide\u00a0\u00bb animation_direction=\u00a0\u00bbleft\u00a0\u00bb animation_duration=\u00a0\u00bb400ms\u00a0\u00bb global_colors_info=\u00a0\u00bb{}\u00a0\u00bb][\/et_pb_divider][\/et_pb_column][\/et_pb_row][et_pb_row column_structure=\u00a0\u00bb3_5,2_5&Prime; _builder_version=\u00a0\u00bb4.16&Prime; _module_preset=\u00a0\u00bbdefault\u00a0\u00bb custom_padding=\u00a0\u00bb|30px||30px|false|true\u00a0\u00bb global_colors_info=\u00a0\u00bb{}\u00a0\u00bb][et_pb_column type=\u00a0\u00bb3_5&Prime; _builder_version=\u00a0\u00bb4.16&Prime; _module_preset=\u00a0\u00bbdefault\u00a0\u00bb animation_style=\u00a0\u00bbslide\u00a0\u00bb animation_direction=\u00a0\u00bbleft\u00a0\u00bb animation_intensity_slide=\u00a0\u00bb1%\u00a0\u00bb global_colors_info=\u00a0\u00bb{}\u00a0\u00bb][et_pb_text _builder_version=\u00a0\u00bb4.16&Prime; _module_preset=\u00a0\u00bbdefault\u00a0\u00bb global_colors_info=\u00a0\u00bb{}\u00a0\u00bb]<\/p>\n<h3><span>Manchons thermor\u00e9tractables<\/span><\/h3>\n<p>[\/et_pb_text][et_pb_text _builder_version=\u00a0\u00bb4.16&Prime; _module_preset=\u00a0\u00bbdefault\u00a0\u00bb global_colors_info=\u00a0\u00bb{}\u00a0\u00bb]<\/p>\n<p>Les manchons marqueurs DMIL sont con\u00e7us pour r\u00e9pondre aux besoins de marquage permanent des fils et c\u00e2bles. Ils sont fabriqu\u00e9s en polyol\u00e9fine r\u00e9ticul\u00e9e par faisceau \u00e9lectronique \u00e0 haute \u00e9nergie, durable et retardant la flamme. <\/p>\n<p><strong>Norme :<\/strong> AMS r\u00e9pond aux normes AMS-DTL-23053\/5 Classe 1&amp;3, SAE-AS 81531, MILSTD- 202F\/M\u00e9thode 215J, UL224, VW-1, RoHS.<\/p>\n<p>[\/et_pb_text][et_pb_button button_url=\u00a0\u00bbhttps:\/\/d-identify.be\/fr\/categories-de-produits\/etiquettes-et-rubans-fr\/marquage-de-cables\/gaines-thermoretractables-imprimables\/\u00a0\u00bb url_new_window=\u00a0\u00bbon\u00a0\u00bb button_text=\u00a0\u00bbAcheter maintenant\u00a0\u00bb _builder_version=\u00a0\u00bb4.27.4&Prime; _module_preset=\u00a0\u00bbdefault\u00a0\u00bb hover_enabled=\u00a0\u00bb0&Prime; global_colors_info=\u00a0\u00bb{}\u00a0\u00bb sticky_enabled=\u00a0\u00bb0&Prime;][\/et_pb_button][\/et_pb_column][et_pb_column type=\u00a0\u00bb2_5&Prime; _builder_version=\u00a0\u00bb4.16&Prime; _module_preset=\u00a0\u00bbdefault\u00a0\u00bb animation_style=\u00a0\u00bbslide\u00a0\u00bb animation_direction=\u00a0\u00bbright\u00a0\u00bb animation_intensity_slide=\u00a0\u00bb9%\u00a0\u00bb global_colors_info=\u00a0\u00bb{}\u00a0\u00bb][et_pb_image src=\u00a0\u00bbhttps:\/\/d-identify.be\/wp-content\/uploads\/2021\/07\/heatshrink_sleeves_360x.jpg\u00a0\u00bb title_text=\u00a0\u00bbmanchons thermor\u00e9tractables_360x\u00a0\u00bb _builder_version=\u00a0\u00bb4.16&Prime; _module_preset=\u00a0\u00bbdefault\u00a0\u00bb max_width=\u00a0\u00bb350px\u00a0\u00bb module_alignment=\u00a0\u00bbright\u00a0\u00bb custom_margin=\u00a0\u00bb19px|||||\u00a0\u00bb module_alignment_tablet=\u00a0\u00bbleft\u00a0\u00bb module_alignment_phone=\u00a0\u00bb\u00a0\u00bb module_alignment_last_edited=\u00a0\u00bbon|tablet\u00a0\u00bb global_colors_info=\u00a0\u00bb{}\u00a0\u00bb][\/et_pb_image][\/et_pb_column][\/et_pb_row][et_pb_row column_structure=\u00a0\u00bb1_3,2_3&Prime; use_custom_gutter=\u00a0\u00bbon\u00a0\u00bb _builder_version=\u00a0\u00bb4.16&Prime; _module_preset=\u00a0\u00bbdefault\u00a0\u00bb background_color=\u00a0\u00bb#f4f4f4&Prime; custom_padding=\u00a0\u00bb|30px||30px|false|true\u00a0\u00bb custom_css_main_element=\u00a0\u00bbdisplay: flex;||flex-wrap: wrap;\u00a0\u00bb global_colors_info=\u00a0\u00bb{}\u00a0\u00bb custom_css_main_element_last_edited=\u00a0\u00bbon|tablet\u00a0\u00bb custom_css_main_element_tablet=\u00a0\u00bbdisplay: flex;||flex-wrap: wrap;\u00a0\u00bb custom_css_main_element_phone=\u00a0\u00bbdisplay: flex;||flex-wrap: wrap;\u00a0\u00bb][et_pb_column type=\u00a0\u00bb1_3&Prime; _builder_version=\u00a0\u00bb4.16&Prime; _module_preset=\u00a0\u00bbdefault\u00a0\u00bb animation_style=\u00a0\u00bbslide\u00a0\u00bb animation_direction=\u00a0\u00bbleft\u00a0\u00bb animation_intensity_slide=\u00a0\u00bb9%\u00a0\u00bb custom_css_main_element=\u00a0\u00bborder: 1;\u00a0\u00bb global_colors_info=\u00a0\u00bb{}\u00a0\u00bb custom_css_main_element_last_edited=\u00a0\u00bbon|tablet\u00a0\u00bb custom_css_main_element_tablet=\u00a0\u00bborder: 2;\u00a0\u00bb custom_css_main_element_phone=\u00a0\u00bborder: 2;\u00a0\u00bb][et_pb_image src=\u00a0\u00bbhttps:\/\/d-identify.be\/wp-content\/uploads\/2021\/07\/D-identify_-Cable_wrap_360x.jpg\u00a0\u00bb title_text=\u00a0\u00bbD-identify_-Cable_wrap_360x\u00a0\u00bb _builder_version=\u00a0\u00bb4.16&Prime; _module_preset=\u00a0\u00bbdefault\u00a0\u00bb max_width=\u00a0\u00bb300px\u00a0\u00bb module_alignment=\u00a0\u00bbleft\u00a0\u00bb module_alignment_tablet=\u00a0\u00bbleft\u00a0\u00bb module_alignment_phone=\u00a0\u00bb\u00a0\u00bb module_alignment_last_edited=\u00a0\u00bbon|tablet\u00a0\u00bb global_colors_info=\u00a0\u00bb{}\u00a0\u00bb][\/et_pb_image][\/et_pb_column][et_pb_column type=\u00a0\u00bb2_3&Prime; _builder_version=\u00a0\u00bb4.16&Prime; _module_preset=\u00a0\u00bbdefault\u00a0\u00bb animation_style=\u00a0\u00bbslide\u00a0\u00bb animation_direction=\u00a0\u00bbright\u00a0\u00bb animation_intensity_slide=\u00a0\u00bb1%\u00a0\u00bb custom_css_main_element=\u00a0\u00bborder: 2;\u00a0\u00bb global_colors_info=\u00a0\u00bb{}\u00a0\u00bb custom_css_main_element_last_edited=\u00a0\u00bbon|tablet\u00a0\u00bb custom_css_main_element_tablet=\u00a0\u00bborder: 1;\u00a0\u00bb custom_css_main_element_phone=\u00a0\u00bborder: 1;\u00a0\u00bb][et_pb_text _builder_version=\u00a0\u00bb4.16&Prime; _module_preset=\u00a0\u00bbdefault\u00a0\u00bb global_colors_info=\u00a0\u00bb{}\u00a0\u00bb]<\/p>\n<h3><span>\u00c9tiquettes pour l&rsquo;enroulement des c\u00e2bles<\/span><\/h3>\n<p>[\/et_pb_text][et_pb_text _builder_version=\u00a0\u00bb4.16&Prime; _module_preset=\u00a0\u00bbdefault\u00a0\u00bb global_colors_info=\u00a0\u00bb{}\u00a0\u00bb]<\/p>\n<p>Les \u00e9tiquettes auto-laminantes ont une zone imprimable color\u00e9e, <strong>blanche<\/strong> ou<strong>jaune <\/strong>, et une partie transparente. La partie transparente est utilis\u00e9e pour laminer votre impression et la prot\u00e9ger de l&rsquo;abrasion et des produits chimiques qui peuvent effacer votre identification. Ils peuvent \u00eatre utilis\u00e9s pour les c\u00e2bles et les conduits et sont disponibles en diff\u00e9rentes tailles. <\/p>\n<p>Ces tailles sont soigneusement s\u00e9lectionn\u00e9es pour certaines applications. Par exemple, l&rsquo;espace blanc de 25 mm x 37 mm &#8211; 12,5 mm est id\u00e9al pour identifier les c\u00e2bles internet CAT. <\/p>\n<p>[\/et_pb_text][et_pb_button button_url=\u00a0\u00bbhttps:\/\/d-identify.be\/fr\/categories-de-produits\/etiquettes-et-rubans-fr\/marquage-de-cables\/etiquettes-de-cables-auto-laminantes\/\u00a0\u00bb button_text=\u00a0\u00bbAcheter maintenant\u00a0\u00bb _builder_version=\u00a0\u00bb4.27.4&Prime; _module_preset=\u00a0\u00bbdefault\u00a0\u00bb custom_margin=\u00a0\u00bb||30px||false|false\u00a0\u00bb hover_enabled=\u00a0\u00bb0&Prime; global_colors_info=\u00a0\u00bb{}\u00a0\u00bb sticky_enabled=\u00a0\u00bb0&Prime;][\/et_pb_button][\/et_pb_column][\/et_pb_row][et_pb_row column_structure=\u00a0\u00bb3_5,2_5&Prime; _builder_version=\u00a0\u00bb4.16&Prime; _module_preset=\u00a0\u00bbdefault\u00a0\u00bb custom_padding=\u00a0\u00bb|30px|57px|30px|false|true\u00a0\u00bb global_colors_info=\u00a0\u00bb{}\u00a0\u00bb][et_pb_column type=\u00a0\u00bb3_5&Prime; _builder_version=\u00a0\u00bb4.16&Prime; _module_preset=\u00a0\u00bbdefault\u00a0\u00bb animation_style=\u00a0\u00bbslide\u00a0\u00bb animation_direction=\u00a0\u00bbleft\u00a0\u00bb animation_intensity_slide=\u00a0\u00bb1%\u00a0\u00bb global_colors_info=\u00a0\u00bb{}\u00a0\u00bb][et_pb_text _builder_version=\u00a0\u00bb4.16&Prime; _module_preset=\u00a0\u00bbdefault\u00a0\u00bb custom_padding=\u00a0\u00bb29px|||||\u00a0\u00bb global_colors_info=\u00a0\u00bb{}\u00a0\u00bb]<\/p>\n<h3><span>\u00c9tiquettes de c\u00e2ble<\/span><\/h3>\n<p>[\/et_pb_text][et_pb_text _builder_version=\u00a0\u00bb4.16&Prime; _module_preset=\u00a0\u00bbdefault\u00a0\u00bb global_colors_info=\u00a0\u00bb{}\u00a0\u00bb]<\/p>\n<p>Les marqueurs de c\u00e2ble en PUR sont fabriqu\u00e9s \u00e0 partir d&rsquo;un&nbsp;<strong>polyur\u00e9thane thermoplastique<\/strong>&nbsp;, un mat\u00e9riau qui est un&nbsp;<strong>sans halog\u00e8ne<\/strong>, ignifuge, r\u00e9sistant \u00e0 l&rsquo;hydrolyse et aux micro-organismes. La mati\u00e8re premi\u00e8re remplit les conditions suivantes&nbsp;<strong>UL94-V0 (ignifuge)<\/strong><\/p>\n<p>[\/et_pb_text][et_pb_button button_url=\u00a0\u00bbhttps:\/\/d-identify.be\/fr\/categories-de-produits\/etiquettes-et-rubans-fr\/marquage-de-cables\/identification-de-faisceau-de-cables\/identification-de-cable-pur\/\u00a0\u00bb url_new_window=\u00a0\u00bbon\u00a0\u00bb button_text=\u00a0\u00bbAcheter maintenant\u00a0\u00bb _builder_version=\u00a0\u00bb4.27.4&Prime; _module_preset=\u00a0\u00bbdefault\u00a0\u00bb hover_enabled=\u00a0\u00bb0&Prime; global_colors_info=\u00a0\u00bb{}\u00a0\u00bb sticky_enabled=\u00a0\u00bb0&Prime;][\/et_pb_button][\/et_pb_column][et_pb_column type=\u00a0\u00bb2_5&Prime; _builder_version=\u00a0\u00bb4.16&Prime; _module_preset=\u00a0\u00bbdefault\u00a0\u00bb animation_style=\u00a0\u00bbslide\u00a0\u00bb animation_direction=\u00a0\u00bbright\u00a0\u00bb animation_intensity_slide=\u00a0\u00bb9%\u00a0\u00bb global_colors_info=\u00a0\u00bb{}\u00a0\u00bb][et_pb_image src=\u00a0\u00bbhttps:\/\/d-identify.be\/wp-content\/uploads\/2021\/07\/PUR_TAG_YELLOW_360x.png\u00a0\u00bb title_text=\u00a0\u00bbPUR_TAG_YELLOW_360x\u00a0\u00bb _builder_version=\u00a0\u00bb4.16&Prime; _module_preset=\u00a0\u00bbdefault\u00a0\u00bb max_width=\u00a0\u00bb350px\u00a0\u00bb module_alignment=\u00a0\u00bbright\u00a0\u00bb custom_margin=\u00a0\u00bb19px|||||\u00a0\u00bb module_alignment_tablet=\u00a0\u00bbleft\u00a0\u00bb module_alignment_phone=\u00a0\u00bb\u00a0\u00bb module_alignment_last_edited=\u00a0\u00bbon|tablet\u00a0\u00bb global_colors_info=\u00a0\u00bb{}\u00a0\u00bb][\/et_pb_image][\/et_pb_column][\/et_pb_row][et_pb_row column_structure=\u00a0\u00bb1_3,2_3&Prime; use_custom_gutter=\u00a0\u00bbon\u00a0\u00bb _builder_version=\u00a0\u00bb4.16&Prime; _module_preset=\u00a0\u00bbdefault\u00a0\u00bb background_color=\u00a0\u00bb#f4f4f4&Prime; custom_padding=\u00a0\u00bb|30px||30px|false|true\u00a0\u00bb custom_css_main_element=\u00a0\u00bbdisplay: flex;||flex-wrap: wrap;\u00a0\u00bb global_colors_info=\u00a0\u00bb{}\u00a0\u00bb custom_css_main_element_last_edited=\u00a0\u00bboff|desktop\u00a0\u00bb][et_pb_column type=\u00a0\u00bb1_3&Prime; _builder_version=\u00a0\u00bb4.16&Prime; _module_preset=\u00a0\u00bbdefault\u00a0\u00bb animation_style=\u00a0\u00bbslide\u00a0\u00bb animation_direction=\u00a0\u00bbleft\u00a0\u00bb animation_intensity_slide=\u00a0\u00bb9%\u00a0\u00bb custom_css_main_element=\u00a0\u00bborder: 1;\u00a0\u00bb global_colors_info=\u00a0\u00bb{}\u00a0\u00bb custom_css_main_element_last_edited=\u00a0\u00bbon|tablet\u00a0\u00bb custom_css_main_element_tablet=\u00a0\u00bborder: 2;\u00a0\u00bb custom_css_main_element_phone=\u00a0\u00bborder: 2;\u00a0\u00bb][et_pb_image src=\u00a0\u00bbhttps:\/\/d-identify.be\/wp-content\/uploads\/2021\/07\/panel-labels_360x-1.jpg\u00a0\u00bb title_text=\u00a0\u00bbpanneaux-\u00e9tiquettes_360x\u00a0\u00bb _builder_version=\u00a0\u00bb4.16&Prime; _module_preset=\u00a0\u00bbdefault\u00a0\u00bb max_width=\u00a0\u00bb300px\u00a0\u00bb module_alignment=\u00a0\u00bbleft\u00a0\u00bb global_colors_info=\u00a0\u00bb{}\u00a0\u00bb][\/et_pb_image][\/et_pb_column][et_pb_column type=\u00a0\u00bb2_3&Prime; _builder_version=\u00a0\u00bb4.16&Prime; _module_preset=\u00a0\u00bbdefault\u00a0\u00bb animation_style=\u00a0\u00bbslide\u00a0\u00bb animation_direction=\u00a0\u00bbright\u00a0\u00bb animation_intensity_slide=\u00a0\u00bb1%\u00a0\u00bb custom_css_main_element=\u00a0\u00bborder: 2;\u00a0\u00bb global_colors_info=\u00a0\u00bb{}\u00a0\u00bb custom_css_main_element_last_edited=\u00a0\u00bbon|tablet\u00a0\u00bb custom_css_main_element_tablet=\u00a0\u00bborder: 1;\u00a0\u00bb custom_css_main_element_phone=\u00a0\u00bborder: 1;\u00a0\u00bb][et_pb_text _builder_version=\u00a0\u00bb4.16&Prime; _module_preset=\u00a0\u00bbdefault\u00a0\u00bb custom_margin=\u00a0\u00bb||20px|||\u00a0\u00bb global_colors_info=\u00a0\u00bb{}\u00a0\u00bb]<\/p>\n<h3><span>Etiquettes de plaque \u00e0 graver<\/span><\/h3>\n<p>[\/et_pb_text][et_pb_text _builder_version=\u00a0\u00bb4.16&Prime; _module_preset=\u00a0\u00bbdefault\u00a0\u00bb custom_margin=\u00a0\u00bb||16px|||\u00a0\u00bb global_colors_info=\u00a0\u00bb{}\u00a0\u00bb]<\/p>\n<p>Les \u00e9tiquettes pour plaques de gravure sont con\u00e7ues pour remplacer les plaques de gravure produites m\u00e9caniquement.&nbsp;  Ces \u00e9tiquettes sont 40 % moins ch\u00e8res car elles prennent moins de temps et sont plus flexibles. Les \u00e9tiquettes sont disponibles en argent et en blanc.&nbsp;<\/p>\n<p>Nos \u00e9tiquettes de boutons sont disponibles en rouge\/vert&nbsp; et en jaune et s&rsquo;adaptent \u00e0 la plupart des trous de boutons standard.&nbsp;<\/p>\n<p>[\/et_pb_text][et_pb_button button_url=\u00a0\u00bbhttps:\/\/d-identify.be\/fr\/categories-de-produits\/etiquettes-et-rubans-fr\/etiquettes-industrielles\/etiquettes-pour-plaques-de-gravure\/\u00a0\u00bb url_new_window=\u00a0\u00bbon\u00a0\u00bb button_text=\u00a0\u00bbAcheter maintenant\u00a0\u00bb _builder_version=\u00a0\u00bb4.27.4&Prime; _module_preset=\u00a0\u00bbdefault\u00a0\u00bb custom_margin=\u00a0\u00bb||30px||false|false\u00a0\u00bb hover_enabled=\u00a0\u00bb0&Prime; global_colors_info=\u00a0\u00bb{}\u00a0\u00bb sticky_enabled=\u00a0\u00bb0&Prime;][\/et_pb_button][\/et_pb_column][\/et_pb_row][\/et_pb_section]<\/p>\n","protected":false},"excerpt":{"rendered":"<p>Identification des c\u00e2bles et des filsManchons thermor\u00e9tractablesLes manchons marqueurs DMIL sont con\u00e7us pour r\u00e9pondre aux besoins de marquage permanent des fils et c\u00e2bles. Ils sont fabriqu\u00e9s en polyol\u00e9fine r\u00e9ticul\u00e9e par faisceau \u00e9lectronique \u00e0 haute \u00e9nergie, durable et retardant la flamme. Norme : AMS r\u00e9pond aux normes AMS-DTL-23053\/5 Classe 1&amp;3, SAE-AS 81531, MILSTD- 202F\/M\u00e9thode 215J, UL224, [&hellip;]<\/p>\n","protected":false},"author":1,"featured_media":0,"parent":0,"menu_order":0,"comment_status":"closed","ping_status":"closed","template":"","meta":{"_acf_changed":false,"_et_pb_use_builder":"on","_et_pb_old_content":"","_et_gb_content_width":"","footnotes":""},"class_list":["post-22454","page","type-page","status-publish","hentry"],"acf":[],"yoast_head":"<!-- This site is optimized with the Yoast SEO Premium plugin v27.0 (Yoast SEO v27.1) - https:\/\/yoast.com\/product\/yoast-seo-premium-wordpress\/ -->\n<title>Identification des c\u00e2bles et des fils - d-identify<\/title>\n<meta name=\"robots\" content=\"index, follow, max-snippet:-1, max-image-preview:large, max-video-preview:-1\" \/>\n<link rel=\"canonical\" href=\"https:\/\/d-identify.be\/fr\/identification-des-cables-et-des-fils\/\" \/>\n<meta property=\"og:locale\" content=\"fr_FR\" \/>\n<meta property=\"og:type\" content=\"article\" \/>\n<meta property=\"og:title\" content=\"Identification des c\u00e2bles et des fils\" \/>\n<meta property=\"og:description\" content=\"Identification des c\u00e2bles et des filsManchons thermor\u00e9tractablesLes manchons marqueurs DMIL sont con\u00e7us pour r\u00e9pondre aux besoins de marquage permanent des fils et c\u00e2bles. Ils sont fabriqu\u00e9s en polyol\u00e9fine r\u00e9ticul\u00e9e par faisceau \u00e9lectronique \u00e0 haute \u00e9nergie, durable et retardant la flamme. Norme : AMS r\u00e9pond aux normes AMS-DTL-23053\/5 Classe 1&amp;3, SAE-AS 81531, MILSTD- 202F\/M\u00e9thode 215J, UL224, [&hellip;]\" \/>\n<meta property=\"og:url\" content=\"https:\/\/d-identify.be\/fr\/identification-des-cables-et-des-fils\/\" \/>\n<meta property=\"og:site_name\" content=\"d-identify\" \/>\n<meta property=\"article:modified_time\" content=\"2025-01-27T14:00:23+00:00\" \/>\n<meta property=\"og:image\" content=\"https:\/\/d-identify.be\/wp-content\/uploads\/2022\/07\/Logo-creating-Print-Solutions.png\" \/>\n\t<meta property=\"og:image:width\" content=\"3989\" \/>\n\t<meta property=\"og:image:height\" content=\"1675\" \/>\n\t<meta property=\"og:image:type\" content=\"image\/png\" \/>\n<meta name=\"twitter:card\" content=\"summary_large_image\" \/>\n<meta name=\"twitter:label1\" content=\"Dur\u00e9e de lecture estim\u00e9e\" \/>\n\t<meta name=\"twitter:data1\" content=\"7 minutes\" \/>\n<script type=\"application\/ld+json\" class=\"yoast-schema-graph\">{\"@context\":\"https:\/\/schema.org\",\"@graph\":[{\"@type\":\"WebPage\",\"@id\":\"https:\/\/d-identify.be\/fr\/identification-des-cables-et-des-fils\/\",\"url\":\"https:\/\/d-identify.be\/fr\/identification-des-cables-et-des-fils\/\",\"name\":\"Identification des c\u00e2bles et des fils - d-identify\",\"isPartOf\":{\"@id\":\"https:\/\/d-identify.be\/fr\/#website\"},\"datePublished\":\"2021-07-16T08:38:54+00:00\",\"dateModified\":\"2025-01-27T14:00:23+00:00\",\"breadcrumb\":{\"@id\":\"https:\/\/d-identify.be\/fr\/identification-des-cables-et-des-fils\/#breadcrumb\"},\"inLanguage\":\"fr-FR\",\"potentialAction\":[{\"@type\":\"ReadAction\",\"target\":[\"https:\/\/d-identify.be\/fr\/identification-des-cables-et-des-fils\/\"]}]},{\"@type\":\"BreadcrumbList\",\"@id\":\"https:\/\/d-identify.be\/fr\/identification-des-cables-et-des-fils\/#breadcrumb\",\"itemListElement\":[{\"@type\":\"ListItem\",\"position\":1,\"name\":\"Home\",\"item\":\"https:\/\/d-identify.be\/fr\/home-2\/\"},{\"@type\":\"ListItem\",\"position\":2,\"name\":\"Identification des c\u00e2bles et des fils\"}]},{\"@type\":\"WebSite\",\"@id\":\"https:\/\/d-identify.be\/fr\/#website\",\"url\":\"https:\/\/d-identify.be\/fr\/\",\"name\":\"d-identify\",\"description\":\"Industrial identification - Lockout - Tagout - Floor marking\",\"potentialAction\":[{\"@type\":\"SearchAction\",\"target\":{\"@type\":\"EntryPoint\",\"urlTemplate\":\"https:\/\/d-identify.be\/fr\/?s={search_term_string}\"},\"query-input\":{\"@type\":\"PropertyValueSpecification\",\"valueRequired\":true,\"valueName\":\"search_term_string\"}}],\"inLanguage\":\"fr-FR\"}]}<\/script>\n<!-- \/ Yoast SEO Premium plugin. -->","yoast_head_json":{"title":"Identification des c\u00e2bles et des fils - d-identify","robots":{"index":"index","follow":"follow","max-snippet":"max-snippet:-1","max-image-preview":"max-image-preview:large","max-video-preview":"max-video-preview:-1"},"canonical":"https:\/\/d-identify.be\/fr\/identification-des-cables-et-des-fils\/","og_locale":"fr_FR","og_type":"article","og_title":"Identification des c\u00e2bles et des fils","og_description":"Identification des c\u00e2bles et des filsManchons thermor\u00e9tractablesLes manchons marqueurs DMIL sont con\u00e7us pour r\u00e9pondre aux besoins de marquage permanent des fils et c\u00e2bles. Ils sont fabriqu\u00e9s en polyol\u00e9fine r\u00e9ticul\u00e9e par faisceau \u00e9lectronique \u00e0 haute \u00e9nergie, durable et retardant la flamme. Norme : AMS r\u00e9pond aux normes AMS-DTL-23053\/5 Classe 1&amp;3, SAE-AS 81531, MILSTD- 202F\/M\u00e9thode 215J, UL224, [&hellip;]","og_url":"https:\/\/d-identify.be\/fr\/identification-des-cables-et-des-fils\/","og_site_name":"d-identify","article_modified_time":"2025-01-27T14:00:23+00:00","og_image":[{"width":3989,"height":1675,"url":"https:\/\/d-identify.be\/wp-content\/uploads\/2022\/07\/Logo-creating-Print-Solutions.png","type":"image\/png"}],"twitter_card":"summary_large_image","twitter_misc":{"Dur\u00e9e de lecture estim\u00e9e":"7 minutes"},"schema":{"@context":"https:\/\/schema.org","@graph":[{"@type":"WebPage","@id":"https:\/\/d-identify.be\/fr\/identification-des-cables-et-des-fils\/","url":"https:\/\/d-identify.be\/fr\/identification-des-cables-et-des-fils\/","name":"Identification des c\u00e2bles et des fils - d-identify","isPartOf":{"@id":"https:\/\/d-identify.be\/fr\/#website"},"datePublished":"2021-07-16T08:38:54+00:00","dateModified":"2025-01-27T14:00:23+00:00","breadcrumb":{"@id":"https:\/\/d-identify.be\/fr\/identification-des-cables-et-des-fils\/#breadcrumb"},"inLanguage":"fr-FR","potentialAction":[{"@type":"ReadAction","target":["https:\/\/d-identify.be\/fr\/identification-des-cables-et-des-fils\/"]}]},{"@type":"BreadcrumbList","@id":"https:\/\/d-identify.be\/fr\/identification-des-cables-et-des-fils\/#breadcrumb","itemListElement":[{"@type":"ListItem","position":1,"name":"Home","item":"https:\/\/d-identify.be\/fr\/home-2\/"},{"@type":"ListItem","position":2,"name":"Identification des c\u00e2bles et des fils"}]},{"@type":"WebSite","@id":"https:\/\/d-identify.be\/fr\/#website","url":"https:\/\/d-identify.be\/fr\/","name":"d-identify","description":"Industrial identification - Lockout - Tagout - Floor marking","potentialAction":[{"@type":"SearchAction","target":{"@type":"EntryPoint","urlTemplate":"https:\/\/d-identify.be\/fr\/?s={search_term_string}"},"query-input":{"@type":"PropertyValueSpecification","valueRequired":true,"valueName":"search_term_string"}}],"inLanguage":"fr-FR"}]}},"_links":{"self":[{"href":"https:\/\/d-identify.be\/fr\/wp-json\/wp\/v2\/pages\/22454","targetHints":{"allow":["GET"]}}],"collection":[{"href":"https:\/\/d-identify.be\/fr\/wp-json\/wp\/v2\/pages"}],"about":[{"href":"https:\/\/d-identify.be\/fr\/wp-json\/wp\/v2\/types\/page"}],"author":[{"embeddable":true,"href":"https:\/\/d-identify.be\/fr\/wp-json\/wp\/v2\/users\/1"}],"replies":[{"embeddable":true,"href":"https:\/\/d-identify.be\/fr\/wp-json\/wp\/v2\/comments?post=22454"}],"version-history":[{"count":1,"href":"https:\/\/d-identify.be\/fr\/wp-json\/wp\/v2\/pages\/22454\/revisions"}],"predecessor-version":[{"id":50351,"href":"https:\/\/d-identify.be\/fr\/wp-json\/wp\/v2\/pages\/22454\/revisions\/50351"}],"wp:attachment":[{"href":"https:\/\/d-identify.be\/fr\/wp-json\/wp\/v2\/media?parent=22454"}],"curies":[{"name":"wp","href":"https:\/\/api.w.org\/{rel}","templated":true}]}}