{"id":22198,"date":"2021-07-19T22:15:30","date_gmt":"2021-07-19T20:15:30","guid":{"rendered":"https:\/\/d-identify.be\/imprimante-duralabel\/"},"modified":"2024-05-22T12:01:53","modified_gmt":"2024-05-22T10:01:53","slug":"imprimante-duralabel","status":"publish","type":"page","link":"https:\/\/d-identify.be\/fr\/imprimante-duralabel\/","title":{"rendered":"Imprimante DuraLabel"},"content":{"rendered":"<p>[et_pb_section fb_built=\u00a0\u00bb1&Prime; _builder_version=\u00a0\u00bb4.16&Prime; _module_preset=\u00a0\u00bbdefault\u00a0\u00bb custom_padding=\u00a0\u00bb0px||26px|||\u00a0\u00bb da_disable_devices=\u00a0\u00bboff|off|off\u00a0\u00bb global_colors_info=\u00a0\u00bb{}\u00a0\u00bb da_is_popup=\u00a0\u00bboff\u00a0\u00bb da_exit_intent=\u00a0\u00bboff\u00a0\u00bb da_has_close=\u00a0\u00bbon\u00a0\u00bb da_alt_close=\u00a0\u00bboff\u00a0\u00bb da_dark_close=\u00a0\u00bboff\u00a0\u00bb da_not_modal=\u00a0\u00bbon\u00a0\u00bb da_is_singular=\u00a0\u00bboff\u00a0\u00bb da_with_loader=\u00a0\u00bboff\u00a0\u00bb da_has_shadow=\u00a0\u00bbon\u00a0\u00bb][et_pb_row _builder_version=\u00a0\u00bb4.16&Prime; _module_preset=\u00a0\u00bbdefault\u00a0\u00bb custom_padding=\u00a0\u00bb||2px|||\u00a0\u00bb global_colors_info=\u00a0\u00bb{}\u00a0\u00bb][et_pb_column type=\u00a0\u00bb4_4&Prime; _builder_version=\u00a0\u00bb4.16&Prime; _module_preset=\u00a0\u00bbdefault\u00a0\u00bb global_colors_info=\u00a0\u00bb{}\u00a0\u00bb][et_pb_text _builder_version=\u00a0\u00bb4.24.2&Prime; _module_preset=\u00a0\u00bbdefault\u00a0\u00bb header_font_size=\u00a0\u00bb42px\u00a0\u00bb text_orientation=\u00a0\u00bbcenter\u00a0\u00bb custom_margin=\u00a0\u00bb10px||5px||false|false\u00a0\u00bb global_colors_info=\u00a0\u00bb{}\u00a0\u00bb]<\/p>\n<h1>Imprimante DuraLabel<\/h1>\n<p>[\/et_pb_text][et_pb_divider color=\u00a0\u00bb#E6754C\u00a0\u00bb divider_weight=\u00a0\u00bb4px\u00a0\u00bb _builder_version=\u00a0\u00bb4.16&Prime; _module_preset=\u00a0\u00bbdefault\u00a0\u00bb width=\u00a0\u00bb50px\u00a0\u00bb module_alignment=\u00a0\u00bbcenter\u00a0\u00bb custom_margin=\u00a0\u00bb||20px||false|false\u00a0\u00bb custom_padding=\u00a0\u00bb||||false|false\u00a0\u00bb animation_style=\u00a0\u00bbslide\u00a0\u00bb animation_direction=\u00a0\u00bbleft\u00a0\u00bb animation_duration=\u00a0\u00bb400ms\u00a0\u00bb global_colors_info=\u00a0\u00bb{}\u00a0\u00bb][\/et_pb_divider][\/et_pb_column][\/et_pb_row][et_pb_row column_structure=\u00a0\u00bb2_3,1_3&Prime; _builder_version=\u00a0\u00bb4.16&Prime; _module_preset=\u00a0\u00bbdefault\u00a0\u00bb custom_padding=\u00a0\u00bb|30px||30px|false|true\u00a0\u00bb global_colors_info=\u00a0\u00bb{}\u00a0\u00bb][et_pb_column type=\u00a0\u00bb2_3&Prime; _builder_version=\u00a0\u00bb4.16&Prime; _module_preset=\u00a0\u00bbdefault\u00a0\u00bb animation_style=\u00a0\u00bbslide\u00a0\u00bb animation_direction=\u00a0\u00bbleft\u00a0\u00bb animation_intensity_slide=\u00a0\u00bb1%\u00a0\u00bb global_colors_info=\u00a0\u00bb{}\u00a0\u00bb][et_pb_text _builder_version=\u00a0\u00bb4.23.1&Prime; _module_preset=\u00a0\u00bbdefault\u00a0\u00bb custom_margin=\u00a0\u00bb||-27px|||\u00a0\u00bb custom_padding=\u00a0\u00bb1px||58px|||\u00a0\u00bb global_colors_info=\u00a0\u00bb{}\u00a0\u00bb]<\/p>\n<h1 class=\"productView-title main-heading\">DuraLabel Toro Max Imprimante d&rsquo;\u00e9tiquettes industrielle<\/h1>\n<p>[\/et_pb_text][et_pb_image src=\u00a0\u00bbhttps:\/\/d-identify.be\/wp-content\/uploads\/2023\/11\/Toro-MAx-features.png\u00a0\u00bb title_text=\u00a0\u00bbToro MAx features\u00a0\u00bb _builder_version=\u00a0\u00bb4.23.1&Prime; _module_preset=\u00a0\u00bbdefault\u00a0\u00bb animation_style=\u00a0\u00bbflip\u00a0\u00bb global_colors_info=\u00a0\u00bb{}\u00a0\u00bb][\/et_pb_image][et_pb_text _builder_version=\u00a0\u00bb4.24.2&Prime; _module_preset=\u00a0\u00bbdefault\u00a0\u00bb custom_margin=\u00a0\u00bb||42px|||\u00a0\u00bb hover_enabled=\u00a0\u00bb0&Prime; global_colors_info=\u00a0\u00bb{}\u00a0\u00bb sticky_enabled=\u00a0\u00bb0&Prime;]<\/p>\n<ul>\n<li><strong>Tout inclus:<\/strong> Le Toro Max est pr\u00eat \u00e0 fonctionner d\u00e8s la sortie de la bo\u00eete, sans avoir besoin d&rsquo;un ordinateur. Concevez des \u00e9tiquettes instantan\u00e9ment \u00e0 l&rsquo;aide de l&rsquo;\u00e9cran tactile couleur 23cm (9 pouces), du clavier rabattable, de la souris sans fil et du logiciel d&rsquo;\u00e9tiquetage int\u00e9gr\u00e9. Consultez plus de d\u00e9tails et d&rsquo;avantages dans le <span> <\/span><a href=\"https:\/\/d-identify.be\/wp-content\/uploads\/2023\/11\/toro-max_flyer-2.pdf\">DuraLabel Toro Max flyer.<\/a><\/li>\n<li><strong>De z\u00e9ro \u00e0 l&rsquo;impression:<\/strong> chargez les fournitures et commencez \u00e0 imprimer en quelques secondes avec la fonctionnalit\u00e9 d&rsquo;auto-calibration.<\/li>\n<li><strong>Enti\u00e8rement portable:<\/strong> imprimez \u00e0 distance sur le terrain pendant des heures avec une batterie optionnelle.<\/li>\n<li><strong>Logiciel intelligent:<\/strong> <a href=\"https:\/\/d-identify.be\/fr\/labelforge-pro-page-2\/\">LabelForge PRO<\/a> vous permet de cr\u00e9er des \u00e9tiquettes normalis\u00e9es pour r\u00e9pondre aux exigences r\u00e9glementaires \u00e0 l&rsquo;aide de mod\u00e8les ou de personnaliser les \u00e9tiquettes \u00e0 partir de z\u00e9ro<span>.<\/span><\/li>\n<li><strong>Fournitures durables:<\/strong> Choisissez parmi plus de 40 types de fournitures con\u00e7ues pour r\u00e9pondre \u00e0 une gamme de besoins sp\u00e9cifiques \u00e0 l&rsquo;industrie et aux environnements int\u00e9rieurs\/ext\u00e9rieurs.<\/li>\n<li><strong> R\u00e9trocompatible:<\/strong> Le Toro Max utilise les m\u00eames fournitures en vinyle que le DuraLabel Bronco et le Toro, vous permettant ainsi d&rsquo;en faire plus et de d\u00e9penser moins.<\/li>\n<li><strong>Fabriqu\u00e9 aux \u00c9tats-Unis:<\/strong> toutes les imprimantes DuraLabel sont enti\u00e8rement assembl\u00e9es en interne par nos techniciens experts.<\/li>\n<li><strong>Garantie de 5 ans:<\/strong> toutes les imprimantes DuraLabel sont garanties sans d\u00e9fauts ni panne pendant cinq ans \u00e0 compter de la date d&rsquo;achat. Lire la suite<span> <\/span><\/li>\n<li><strong>Support \u00e0 vie:<\/strong> b\u00e9n\u00e9ficiez d&rsquo;un support technique gratuit pendant toute la dur\u00e9e de vie de votre produit.<\/li>\n<\/ul>\n<p>[\/et_pb_text][\/et_pb_column][et_pb_column type=\u00a0\u00bb1_3&Prime; _builder_version=\u00a0\u00bb4.16&Prime; _module_preset=\u00a0\u00bbdefault\u00a0\u00bb animation_style=\u00a0\u00bbslide\u00a0\u00bb animation_direction=\u00a0\u00bbright\u00a0\u00bb animation_intensity_slide=\u00a0\u00bb9%\u00a0\u00bb global_colors_info=\u00a0\u00bb{}\u00a0\u00bb][et_pb_image src=\u00a0\u00bbhttps:\/\/d-identify.be\/wp-content\/uploads\/2021\/07\/TOROMAX_360_KEYBOARD_0007.png\u00a0\u00bb title_text=\u00a0\u00bbTOROMAX_360_KEYBOARD_0007&Prime; _builder_version=\u00a0\u00bb4.23.1&Prime; _module_preset=\u00a0\u00bbdefault\u00a0\u00bb max_width=\u00a0\u00bb350px\u00a0\u00bb module_alignment=\u00a0\u00bbright\u00a0\u00bb custom_margin=\u00a0\u00bb-1px|||||\u00a0\u00bb custom_padding=\u00a0\u00bb0px|||||\u00a0\u00bb module_alignment_tablet=\u00a0\u00bbleft\u00a0\u00bb module_alignment_phone=\u00a0\u00bb\u00a0\u00bb module_alignment_last_edited=\u00a0\u00bbon|tablet\u00a0\u00bb global_colors_info=\u00a0\u00bb{}\u00a0\u00bb][\/et_pb_image][et_pb_button button_url=\u00a0\u00bbhttps:\/\/d-identify.be\/fr\/produit\/duralabel-toro-max-2\/\u00a0\u00bb button_text=\u00a0\u00bbAcheter maintenant\u00a0\u00bb button_alignment=\u00a0\u00bbcenter\u00a0\u00bb _builder_version=\u00a0\u00bb4.23.1&Prime; _module_preset=\u00a0\u00bbdefault\u00a0\u00bb global_colors_info=\u00a0\u00bb{}\u00a0\u00bb][\/et_pb_button][et_pb_image src=\u00a0\u00bbhttps:\/\/d-identify.be\/wp-content\/uploads\/2022\/09\/toro-max-cartridge.png\u00a0\u00bb title_text=\u00a0\u00bbtoro-max-cartridge\u00a0\u00bb _builder_version=\u00a0\u00bb4.23.1&Prime; _module_preset=\u00a0\u00bbdefault\u00a0\u00bb global_colors_info=\u00a0\u00bb{}\u00a0\u00bb][\/et_pb_image][\/et_pb_column][\/et_pb_row][et_pb_row column_structure=\u00a0\u00bb1_2,1_2&Prime; _builder_version=\u00a0\u00bb4.23.1&Prime; _module_preset=\u00a0\u00bbdefault\u00a0\u00bb background_color=\u00a0\u00bb#EDEDED\u00a0\u00bb custom_padding=\u00a0\u00bb||37px||false|false\u00a0\u00bb global_colors_info=\u00a0\u00bb{}\u00a0\u00bb][et_pb_column type=\u00a0\u00bb1_2&Prime; _builder_version=\u00a0\u00bb4.23.1&Prime; _module_preset=\u00a0\u00bbdefault\u00a0\u00bb background_color=\u00a0\u00bb#EDEDED\u00a0\u00bb global_colors_info=\u00a0\u00bb{}\u00a0\u00bb][et_pb_image src=\u00a0\u00bbhttps:\/\/d-identify.be\/wp-content\/uploads\/2023\/11\/dlcom-homepage-labelforge-image-2.png\u00a0\u00bb title_text=\u00a0\u00bbdlcom-homepage-labelforge-image-2&Prime; _builder_version=\u00a0\u00bb4.23.1&Prime; _module_preset=\u00a0\u00bbdefault\u00a0\u00bb custom_padding=\u00a0\u00bb0px|||34px|false|false\u00a0\u00bb animation_style=\u00a0\u00bbslide\u00a0\u00bb global_colors_info=\u00a0\u00bb{}\u00a0\u00bb][\/et_pb_image][\/et_pb_column][et_pb_column type=\u00a0\u00bb1_2&Prime; _builder_version=\u00a0\u00bb4.23.1&Prime; _module_preset=\u00a0\u00bbdefault\u00a0\u00bb global_colors_info=\u00a0\u00bb{}\u00a0\u00bb][et_pb_heading title=\u00a0\u00bbCR\u00c9ATION D&apos;\u00c9TIQUETTES FACILE\u00a0\u00bb _builder_version=\u00a0\u00bb4.23.1&Prime; _module_preset=\u00a0\u00bbdefault\u00a0\u00bb global_colors_info=\u00a0\u00bb{}\u00a0\u00bb][\/et_pb_heading][et_pb_text _builder_version=\u00a0\u00bb4.23.1&Prime; _module_preset=\u00a0\u00bbdefault\u00a0\u00bb global_colors_info=\u00a0\u00bb{}\u00a0\u00bb]<\/p>\n<div data-widget-id=\"8156a3dd-0eeb-4b82-9dc2-0d9353f15884\" data-placement-id=\"ea50b07c-16e5-4e3f-ae4a-5b9025ee4209\" data-placement-status=\"ACTIVE\">\n<div class=\"sd-simple-text-8156a3dd-0eeb-4b82-9dc2-0d9353f15884 \">\n<div id=\"sd-simple-text-editable-8156a3dd-0eeb-4b82-9dc2-0d9353f15884\" data-edit-mode=\"\">\n<p><strong>Partout. \u00c0 tout moment. Sur n&rsquo;importe quelle imprimante.  <\/strong><\/p>\n<p><strong><\/strong><\/p>\n<\/div>\n<\/div>\n<\/div>\n<div data-widget-id=\"0270065f-8c13-43a5-98bf-878592907003\" data-placement-id=\"d92e6b82-75f9-4b79-ba7d-de339afdbc81\" data-placement-status=\"ACTIVE\">\n<section class=\"db-list-0270065f-8c13-43a5-98bf-878592907003\">\n<ul class=\"db-list-container\">\n<li class=\"db-list-item-0\">Imprimez sur n&rsquo;importe quelle imprimante, \u00e0 tout moment, n&rsquo;importe o\u00f9<\/li>\n<li class=\"db-list-item-1\">Concevez et imprimez des \u00e9tiquettes en quelques secondes<\/li>\n<li class=\"db-list-item-2\">Cr\u00e9ez des panneaux et des \u00e9tiquettes personnalis\u00e9s dans 14 langues<\/li>\n<li class=\"db-list-item-3\">Comprend des milliers d&rsquo;\u00e9tiquettes pr\u00eates \u00e0 imprimer conformes \u00e0 OSHA\/ANSI<\/li>\n<li class=\"db-list-item-4\">Une \u00e9norme base de donn\u00e9es chimiques pour cr\u00e9er des \u00e9tiquettes HazCom et GHS<\/li>\n<\/ul>\n<\/section>\n<\/div>\n<p>[\/et_pb_text][et_pb_button button_url=\u00a0\u00bbhttps:\/\/d-identify.be\/fr\/labelforge-pro-page-2\/\u00a0\u00bb button_text=\u00a0\u00bbT\u00c9L\u00c9CHARGEMENT GRATUIT\u00a0\u00bb _builder_version=\u00a0\u00bb4.23.1&Prime; _module_preset=\u00a0\u00bbdefault\u00a0\u00bb animation_style=\u00a0\u00bbzoom\u00a0\u00bb global_colors_info=\u00a0\u00bb{}\u00a0\u00bb][\/et_pb_button][\/et_pb_column][\/et_pb_row][et_pb_row column_structure=\u00a0\u00bb2_3,1_3&Prime; _builder_version=\u00a0\u00bb4.16&Prime; _module_preset=\u00a0\u00bbdefault\u00a0\u00bb custom_padding=\u00a0\u00bb|30px||30px|false|true\u00a0\u00bb global_colors_info=\u00a0\u00bb{}\u00a0\u00bb][et_pb_column type=\u00a0\u00bb2_3&Prime; _builder_version=\u00a0\u00bb4.16&Prime; _module_preset=\u00a0\u00bbdefault\u00a0\u00bb animation_style=\u00a0\u00bbslide\u00a0\u00bb animation_direction=\u00a0\u00bbleft\u00a0\u00bb animation_intensity_slide=\u00a0\u00bb1%\u00a0\u00bb global_colors_info=\u00a0\u00bb{}\u00a0\u00bb][et_pb_text _builder_version=\u00a0\u00bb4.23.1&Prime; _module_preset=\u00a0\u00bbdefault\u00a0\u00bb custom_margin=\u00a0\u00bb||-27px|||\u00a0\u00bb custom_padding=\u00a0\u00bb21px||58px||false|false\u00a0\u00bb global_colors_info=\u00a0\u00bb{}\u00a0\u00bb]<\/p>\n<h1 class=\"productView-title main-heading\">Imprimante d&rsquo;\u00e9tiquettes industrielle DuraLabel Kodiak<\/h1>\n<p>[\/et_pb_text][et_pb_text _builder_version=\u00a0\u00bb4.23.1&Prime; _module_preset=\u00a0\u00bbdefault\u00a0\u00bb global_colors_info=\u00a0\u00bb{}\u00a0\u00bb]<\/p>\n<p><span>Aucun travail n&rsquo;est trop grand ou trop petit pour Kodiak. Ce grand format, imprimante multicolore rend facile la cr\u00e9ation de panneaux de haute qualit\u00e9 de toutes tailles, le tout dans un seul syst\u00e8me. Imprimez sur une fourniture de 4 (100mm) \u00e0 10 (254mm) pouces de large et jusqu&rsquo;\u00e0 (2.4m) 8 pieds de long pour des possibilit\u00e9s infinies. Il est parfait pour les \u00e9tiquettes chimiques GHS\/HazCom 2012, les panneaux OSHA\/ANSI avec en-t\u00eates, et le balisage.<\/span><\/p>\n<p>[\/et_pb_text][et_pb_text _builder_version=\u00a0\u00bb4.16&Prime; _module_preset=\u00a0\u00bbdefault\u00a0\u00bb custom_margin=\u00a0\u00bb||42px|||\u00a0\u00bb global_colors_info=\u00a0\u00bb{}\u00a0\u00bb]<\/p>\n<p><strong> Imprimez de grands panneaux:<\/strong> concevez et imprimez des panneaux de (100mm) \u00e0 (254mm) de large et jusqu&rsquo;\u00e0 2,4 m\u00e8tres de long.<br \/><strong>Sortie multicolore:<\/strong> capacit\u00e9 d&rsquo;impression multicolore pour des panneaux cod\u00e9s en couleur, des panneaux OSHA\/ANSI avec en-t\u00eates, et des \u00e9tiquettes chimiques GHS\/HazCom 2012.<br \/><strong>Poste de travail autonome: <\/strong> Utilisez l&rsquo;\u00e9cran tactile de 9 pouces et le clavier QWERTY sans fil pour concevoir et imprimer facilement vos panneaux ou \u00e9tiquettes n&rsquo;importe o\u00f9 il y a une prise de courant.<br \/><strong>Logiciel puissant:<\/strong> concevez facilement des \u00e9tiquettes et des panneaux personnalis\u00e9s pour une vari\u00e9t\u00e9 d&rsquo;applications industrielles, y compris la conformit\u00e9 OSHA, l&rsquo;\u00e9tiquetage chimique GHS\/HazCom 2012, le balisage, le marquage des tuyaux, les avertissements de flash d&rsquo;arc, et plus encore. Comprend une biblioth\u00e8que de plus de 1 500 symboles normalis\u00e9s.<br \/><strong>Installation sans tracas:<\/strong> syst\u00e8me autonome comprenant un logiciel pr\u00e9install\u00e9, aucun support informatique requis.<br \/><strong>Large choix de fournitures:<\/strong> choisissez entre des stocks de fournitures unicolores et multicolores, ainsi qu&rsquo;entre plus de 30 fournitures sp\u00e9cifiques \u00e0 une application.<br \/><strong>Impression rapide: <\/strong> augmentez votre productivit\u00e9 avec une vitesse d&rsquo;impression de 50 mm par seconde et une d\u00e9coupe automatique, sans temps de s\u00e9chage pour les \u00e9tiquettes imprim\u00e9es.<br \/><strong>Connectivit\u00e9 r\u00e9seau :<\/strong> connectez-vous \u00e0 un r\u00e9seau sans fil pour des mises \u00e0 jour logicielles gratuites et un acc\u00e8s distant \u00e0 la base de donn\u00e9es.<br \/><strong>Haute r\u00e9solution: <\/strong> imprimez des panneaux et des \u00e9tiquettes gras et faciles \u00e0 lire en 300 dpi.<br \/><strong>Garantie de 5 ans :<\/strong> <strong>Support \u00e0 vie :<\/strong> recevez un support gratuit pendant toute la dur\u00e9e de vie de votre produit.<\/p>\n<p>[\/et_pb_text][\/et_pb_column][et_pb_column type=\u00a0\u00bb1_3&Prime; _builder_version=\u00a0\u00bb4.16&Prime; _module_preset=\u00a0\u00bbdefault\u00a0\u00bb animation_style=\u00a0\u00bbslide\u00a0\u00bb animation_direction=\u00a0\u00bbright\u00a0\u00bb animation_intensity_slide=\u00a0\u00bb9%\u00a0\u00bb global_colors_info=\u00a0\u00bb{}\u00a0\u00bb][et_pb_image src=\u00a0\u00bbhttps:\/\/d-identify.be\/wp-content\/uploads\/2021\/07\/dlkodiak-main_360x.png\u00a0\u00bb title_text=\u00a0\u00bbdlkodiak-main_360x\u00a0\u00bb _builder_version=\u00a0\u00bb4.23.1&Prime; _module_preset=\u00a0\u00bbdefault\u00a0\u00bb max_width=\u00a0\u00bb350px\u00a0\u00bb module_alignment=\u00a0\u00bbright\u00a0\u00bb custom_margin=\u00a0\u00bb0px||||false|false\u00a0\u00bb custom_padding=\u00a0\u00bb60px||||false|false\u00a0\u00bb module_alignment_tablet=\u00a0\u00bbleft\u00a0\u00bb module_alignment_phone=\u00a0\u00bb\u00a0\u00bb module_alignment_last_edited=\u00a0\u00bbon|tablet\u00a0\u00bb global_colors_info=\u00a0\u00bb{}\u00a0\u00bb][\/et_pb_image][et_pb_button button_url=\u00a0\u00bbhttps:\/\/d-identify.be\/fr\/produit\/kodiak-max-imprimante-grand-format-multicolore\/\u00a0\u00bb button_text=\u00a0\u00bbAchetez maintenant\u00a0\u00bb button_alignment=\u00a0\u00bbcenter\u00a0\u00bb _builder_version=\u00a0\u00bb4.23.1&Prime; _module_preset=\u00a0\u00bbdefault\u00a0\u00bb global_colors_info=\u00a0\u00bb{}\u00a0\u00bb][\/et_pb_button][\/et_pb_column][\/et_pb_row][\/et_pb_section]<\/p>\n","protected":false},"excerpt":{"rendered":"<p>Imprimante DuraLabelDuraLabel Toro Max Imprimante d&rsquo;\u00e9tiquettes industrielle Tout inclus: Le Toro Max est pr\u00eat \u00e0 fonctionner d\u00e8s la sortie de la bo\u00eete, sans avoir besoin d&rsquo;un ordinateur. Concevez des \u00e9tiquettes instantan\u00e9ment \u00e0 l&rsquo;aide de l&rsquo;\u00e9cran tactile couleur 23cm (9 pouces), du clavier rabattable, de la souris sans fil et du logiciel d&rsquo;\u00e9tiquetage int\u00e9gr\u00e9. Consultez plus [&hellip;]<\/p>\n","protected":false},"author":1,"featured_media":0,"parent":0,"menu_order":0,"comment_status":"closed","ping_status":"closed","template":"","meta":{"_acf_changed":false,"_et_pb_use_builder":"on","_et_pb_old_content":"","_et_gb_content_width":"","footnotes":""},"class_list":["post-22198","page","type-page","status-publish","hentry"],"acf":[],"yoast_head":"<!-- This site is optimized with the Yoast SEO Premium plugin v27.0 (Yoast SEO v27.1) - https:\/\/yoast.com\/product\/yoast-seo-premium-wordpress\/ -->\n<title>Imprimante DuraLabel - d-identify<\/title>\n<meta name=\"robots\" content=\"index, follow, max-snippet:-1, max-image-preview:large, max-video-preview:-1\" \/>\n<link rel=\"canonical\" href=\"https:\/\/d-identify.be\/fr\/imprimante-duralabel\/\" \/>\n<meta property=\"og:locale\" content=\"fr_FR\" \/>\n<meta property=\"og:type\" content=\"article\" \/>\n<meta property=\"og:title\" content=\"Imprimante DuraLabel\" \/>\n<meta property=\"og:description\" content=\"Imprimante DuraLabelDuraLabel Toro Max Imprimante d&#039;\u00e9tiquettes industrielle Tout inclus: Le Toro Max est pr\u00eat \u00e0 fonctionner d\u00e8s la sortie de la bo\u00eete, sans avoir besoin d&#039;un ordinateur. Concevez des \u00e9tiquettes instantan\u00e9ment \u00e0 l&#039;aide de l&#039;\u00e9cran tactile couleur 23cm (9 pouces), du clavier rabattable, de la souris sans fil et du logiciel d&#039;\u00e9tiquetage int\u00e9gr\u00e9. Consultez plus [&hellip;]\" \/>\n<meta property=\"og:url\" content=\"https:\/\/d-identify.be\/fr\/imprimante-duralabel\/\" \/>\n<meta property=\"og:site_name\" content=\"d-identify\" \/>\n<meta property=\"article:modified_time\" content=\"2024-05-22T10:01:53+00:00\" \/>\n<meta property=\"og:image\" content=\"https:\/\/d-identify.be\/wp-content\/uploads\/2022\/07\/Logo-creating-Print-Solutions.png\" \/>\n\t<meta property=\"og:image:width\" content=\"3989\" \/>\n\t<meta property=\"og:image:height\" content=\"1675\" \/>\n\t<meta property=\"og:image:type\" content=\"image\/png\" \/>\n<meta name=\"twitter:card\" content=\"summary_large_image\" \/>\n<meta name=\"twitter:label1\" content=\"Dur\u00e9e de lecture estim\u00e9e\" \/>\n\t<meta name=\"twitter:data1\" content=\"7 minutes\" \/>\n<script type=\"application\/ld+json\" class=\"yoast-schema-graph\">{\"@context\":\"https:\/\/schema.org\",\"@graph\":[{\"@type\":\"WebPage\",\"@id\":\"https:\/\/d-identify.be\/fr\/imprimante-duralabel\/\",\"url\":\"https:\/\/d-identify.be\/fr\/imprimante-duralabel\/\",\"name\":\"Imprimante DuraLabel - d-identify\",\"isPartOf\":{\"@id\":\"https:\/\/d-identify.be\/fr\/#website\"},\"datePublished\":\"2021-07-19T20:15:30+00:00\",\"dateModified\":\"2024-05-22T10:01:53+00:00\",\"breadcrumb\":{\"@id\":\"https:\/\/d-identify.be\/fr\/imprimante-duralabel\/#breadcrumb\"},\"inLanguage\":\"fr-FR\",\"potentialAction\":[{\"@type\":\"ReadAction\",\"target\":[\"https:\/\/d-identify.be\/fr\/imprimante-duralabel\/\"]}]},{\"@type\":\"BreadcrumbList\",\"@id\":\"https:\/\/d-identify.be\/fr\/imprimante-duralabel\/#breadcrumb\",\"itemListElement\":[{\"@type\":\"ListItem\",\"position\":1,\"name\":\"Home\",\"item\":\"https:\/\/d-identify.be\/fr\/home-2\/\"},{\"@type\":\"ListItem\",\"position\":2,\"name\":\"Imprimante DuraLabel\"}]},{\"@type\":\"WebSite\",\"@id\":\"https:\/\/d-identify.be\/fr\/#website\",\"url\":\"https:\/\/d-identify.be\/fr\/\",\"name\":\"d-identify\",\"description\":\"Industrial identification - Lockout - Tagout - Floor marking\",\"potentialAction\":[{\"@type\":\"SearchAction\",\"target\":{\"@type\":\"EntryPoint\",\"urlTemplate\":\"https:\/\/d-identify.be\/fr\/?s={search_term_string}\"},\"query-input\":{\"@type\":\"PropertyValueSpecification\",\"valueRequired\":true,\"valueName\":\"search_term_string\"}}],\"inLanguage\":\"fr-FR\"}]}<\/script>\n<!-- \/ Yoast SEO Premium plugin. -->","yoast_head_json":{"title":"Imprimante DuraLabel - d-identify","robots":{"index":"index","follow":"follow","max-snippet":"max-snippet:-1","max-image-preview":"max-image-preview:large","max-video-preview":"max-video-preview:-1"},"canonical":"https:\/\/d-identify.be\/fr\/imprimante-duralabel\/","og_locale":"fr_FR","og_type":"article","og_title":"Imprimante DuraLabel","og_description":"Imprimante DuraLabelDuraLabel Toro Max Imprimante d'\u00e9tiquettes industrielle Tout inclus: Le Toro Max est pr\u00eat \u00e0 fonctionner d\u00e8s la sortie de la bo\u00eete, sans avoir besoin d'un ordinateur. Concevez des \u00e9tiquettes instantan\u00e9ment \u00e0 l'aide de l'\u00e9cran tactile couleur 23cm (9 pouces), du clavier rabattable, de la souris sans fil et du logiciel d'\u00e9tiquetage int\u00e9gr\u00e9. Consultez plus [&hellip;]","og_url":"https:\/\/d-identify.be\/fr\/imprimante-duralabel\/","og_site_name":"d-identify","article_modified_time":"2024-05-22T10:01:53+00:00","og_image":[{"width":3989,"height":1675,"url":"https:\/\/d-identify.be\/wp-content\/uploads\/2022\/07\/Logo-creating-Print-Solutions.png","type":"image\/png"}],"twitter_card":"summary_large_image","twitter_misc":{"Dur\u00e9e de lecture estim\u00e9e":"7 minutes"},"schema":{"@context":"https:\/\/schema.org","@graph":[{"@type":"WebPage","@id":"https:\/\/d-identify.be\/fr\/imprimante-duralabel\/","url":"https:\/\/d-identify.be\/fr\/imprimante-duralabel\/","name":"Imprimante DuraLabel - d-identify","isPartOf":{"@id":"https:\/\/d-identify.be\/fr\/#website"},"datePublished":"2021-07-19T20:15:30+00:00","dateModified":"2024-05-22T10:01:53+00:00","breadcrumb":{"@id":"https:\/\/d-identify.be\/fr\/imprimante-duralabel\/#breadcrumb"},"inLanguage":"fr-FR","potentialAction":[{"@type":"ReadAction","target":["https:\/\/d-identify.be\/fr\/imprimante-duralabel\/"]}]},{"@type":"BreadcrumbList","@id":"https:\/\/d-identify.be\/fr\/imprimante-duralabel\/#breadcrumb","itemListElement":[{"@type":"ListItem","position":1,"name":"Home","item":"https:\/\/d-identify.be\/fr\/home-2\/"},{"@type":"ListItem","position":2,"name":"Imprimante DuraLabel"}]},{"@type":"WebSite","@id":"https:\/\/d-identify.be\/fr\/#website","url":"https:\/\/d-identify.be\/fr\/","name":"d-identify","description":"Industrial identification - Lockout - Tagout - Floor marking","potentialAction":[{"@type":"SearchAction","target":{"@type":"EntryPoint","urlTemplate":"https:\/\/d-identify.be\/fr\/?s={search_term_string}"},"query-input":{"@type":"PropertyValueSpecification","valueRequired":true,"valueName":"search_term_string"}}],"inLanguage":"fr-FR"}]}},"_links":{"self":[{"href":"https:\/\/d-identify.be\/fr\/wp-json\/wp\/v2\/pages\/22198","targetHints":{"allow":["GET"]}}],"collection":[{"href":"https:\/\/d-identify.be\/fr\/wp-json\/wp\/v2\/pages"}],"about":[{"href":"https:\/\/d-identify.be\/fr\/wp-json\/wp\/v2\/types\/page"}],"author":[{"embeddable":true,"href":"https:\/\/d-identify.be\/fr\/wp-json\/wp\/v2\/users\/1"}],"replies":[{"embeddable":true,"href":"https:\/\/d-identify.be\/fr\/wp-json\/wp\/v2\/comments?post=22198"}],"version-history":[{"count":0,"href":"https:\/\/d-identify.be\/fr\/wp-json\/wp\/v2\/pages\/22198\/revisions"}],"wp:attachment":[{"href":"https:\/\/d-identify.be\/fr\/wp-json\/wp\/v2\/media?parent=22198"}],"curies":[{"name":"wp","href":"https:\/\/api.w.org\/{rel}","templated":true}]}}