{"id":22145,"date":"2020-11-02T13:37:31","date_gmt":"2020-11-02T11:37:31","guid":{"rendered":"https:\/\/d-identify.be\/politique-de-confidentialite\/"},"modified":"2024-05-22T10:15:43","modified_gmt":"2024-05-22T08:15:43","slug":"politique-de-confidentialite","status":"publish","type":"page","link":"https:\/\/d-identify.be\/fr\/politique-de-confidentialite\/","title":{"rendered":"Politique de confidentialit\u00e9"},"content":{"rendered":"<p>[et_pb_section fb_built=\u00a0\u00bb1&Prime; _builder_version=\u00a0\u00bb3.22&Prime; custom_padding=\u00a0\u00bb0px|||||\u00a0\u00bb][et_pb_row _builder_version=\u00a0\u00bb3.25&Prime; background_size=\u00a0\u00bbinitial\u00a0\u00bb background_position=\u00a0\u00bbtop_left\u00a0\u00bb background_repeat=\u00a0\u00bbrepeat\u00a0\u00bb custom_padding=\u00a0\u00bb40px|||||\u00a0\u00bb][et_pb_column type=\u00a0\u00bb4_4&Prime; _builder_version=\u00a0\u00bb3.25&Prime; custom_padding=\u00a0\u00bb|||\u00a0\u00bb custom_padding__hover=\u00a0\u00bb|||\u00a0\u00bb][et_pb_text _builder_version=\u00a0\u00bb4.9.7&Prime; background_size=\u00a0\u00bbinitial\u00a0\u00bb background_position=\u00a0\u00bbtop_left\u00a0\u00bb background_repeat=\u00a0\u00bbrepeat\u00a0\u00bb hover_enabled=\u00a0\u00bb0&Prime; sticky_enabled=\u00a0\u00bb0&Prime;]<\/p>\n<h1>Politique de confidentialit\u00e9<\/h1>\n<p>[\/et_pb_text][et_pb_text _builder_version=\u00a0\u00bb4.9.7&Prime; background_size=\u00a0\u00bbinitial\u00a0\u00bb background_position=\u00a0\u00bbtop_left\u00a0\u00bb background_repeat=\u00a0\u00bbrepeat\u00a0\u00bb hover_enabled=\u00a0\u00bb0&Prime; sticky_enabled=\u00a0\u00bb0&Prime;]<\/p>\n<p>La pr\u00e9sente politique de confidentialit\u00e9 d\u00e9crit la mani\u00e8re dont vos informations personnelles sont collect\u00e9es, utilis\u00e9es et partag\u00e9es lorsque vous visitez ou effectuez un achat sur industrial-labelling-supplies.myshopify.com (le \u00ab\u00a0Site\u00a0\u00bb).<\/p>\n<p>INFORMATIONS PERSONNELLES QUE NOUS RECUEILLONS<br \/>Lorsque vous visitez le site, nous recueillons automatiquement certaines informations sur votre appareil, notamment sur votre navigateur web, votre adresse IP, votre fuseau horaire et certains des cookies install\u00e9s sur votre appareil. En outre, lorsque vous naviguez sur le site, nous recueillons des informations sur les pages web ou les produits que vous consultez, sur les sites web ou les termes de recherche qui vous ont renvoy\u00e9 sur le site, ainsi que des informations sur la mani\u00e8re dont vous interagissez avec le site. Nous d\u00e9signons ces informations collect\u00e9es automatiquement par le terme \u00ab\u00a0informations sur l&rsquo;appareil\u00a0\u00bb.<\/p>\n<p>Nous recueillons des informations sur les appareils \u00e0 l&rsquo;aide des technologies suivantes :<br \/>&#8211; Les \u00ab\u00a0cookies\u00a0\u00bb sont des fichiers de donn\u00e9es qui sont plac\u00e9s sur votre appareil ou votre ordinateur et qui comprennent souvent un identifiant unique anonyme. Pour plus d&rsquo;informations sur les cookies et sur la mani\u00e8re de les d\u00e9sactiver, consultez le site http:\/\/www.allaboutcookies.org.<br \/>&#8211; Les \u00ab\u00a0fichiers journaux\u00a0\u00bb suivent les actions effectu\u00e9es sur le site et recueillent des donn\u00e9es telles que votre adresse IP, votre type de navigateur, votre fournisseur d&rsquo;acc\u00e8s \u00e0 Internet, les pages de renvoi et de sortie, ainsi que les horodatages.<br \/>&#8211; Les \u00ab\u00a0balises web\u00a0\u00bb, les \u00ab\u00a0tags\u00a0\u00bb et les \u00ab\u00a0pixels\u00a0\u00bb sont des fichiers \u00e9lectroniques utilis\u00e9s pour enregistrer des informations sur la fa\u00e7on dont vous naviguez sur le site.<br \/>&#8211; [[INSERT DESCRIPTIONS OF OTHER TYPES OF TRACKING TECHNOLOGIES USED]]<\/p>\n<p>En outre, lorsque vous effectuez ou tentez d&rsquo;effectuer un achat sur le site, nous recueillons certaines informations vous concernant, notamment votre nom, votre adresse de facturation, votre adresse de livraison, vos informations de paiement (y compris les num\u00e9ros de carte de cr\u00e9dit [[INSERT ANY OTHER PAYMENT TYPES ACCEPTED]]), votre adresse \u00e9lectronique et votre num\u00e9ro de t\u00e9l\u00e9phone. Nous appelons ces informations \u00ab\u00a0informations relatives \u00e0 la commande\u00a0\u00bb.<\/p>\n<p>[[INS\u00c9RER TOUTE AUTRE INFORMATION QUE VOUS RECUEILLEZ : DONN\u00c9ES HORS LIGNE, DONN\u00c9ES\/LISTES MARKETING ACHET\u00c9ES]]<\/p>\n<p>Lorsque nous parlons d'\u00a0\u00bbinformations personnelles\u00a0\u00bb dans la pr\u00e9sente politique de confidentialit\u00e9, nous parlons \u00e0 la fois des informations relatives \u00e0 l&rsquo;appareil et des informations relatives \u00e0 la commande.<\/p>\n<p>COMMENT UTILISONS-NOUS VOS INFORMATIONS PERSONNELLES ?<br \/>Nous utilisons les informations relatives aux commandes que nous recueillons g\u00e9n\u00e9ralement pour honorer les commandes pass\u00e9es par l&rsquo;interm\u00e9diaire du site (y compris le traitement de vos informations de paiement, l&rsquo;organisation de l&rsquo;exp\u00e9dition et l&rsquo;envoi de factures et\/ou de confirmations de commande). En outre, nous utilisons ces informations pour :<br \/>&#8211; Communiquer avec vous ;<br \/>&#8211; Examiner nos commandes pour d\u00e9tecter les risques potentiels ou les fraudes ; et<br \/>&#8211; Conform\u00e9ment aux pr\u00e9f\u00e9rences que vous avez partag\u00e9es avec nous, vous fournir des informations ou de la publicit\u00e9 concernant nos produits ou services.<br \/>&#8211; [[INSERT OTHER USES OF ORDER INFORMATION]]<\/p>\n<p>Nous utilisons les informations relatives \u00e0 l&rsquo;appareil que nous recueillons pour nous aider \u00e0 d\u00e9tecter les risques et les fraudes potentiels (en particulier, votre adresse IP) et, plus g\u00e9n\u00e9ralement, pour am\u00e9liorer et optimiser notre site (par exemple, en g\u00e9n\u00e9rant des analyses sur la mani\u00e8re dont nos clients naviguent et interagissent avec le site, et pour \u00e9valuer le succ\u00e8s de nos campagnes de marketing et de publicit\u00e9).<\/p>\n<p>[[INS\u00c9RER D&rsquo;AUTRES UTILISATIONS DES INFORMATIONS RELATIVES AU DISPOSITIF, Y COMPRIS : PUBLICIT\u00c9\/RETARGETING]].<\/p>\n<p>PARTAGE DE VOS INFORMATIONS PERSONNELLES<br \/>Nous partageons vos informations personnelles avec des tiers pour nous aider \u00e0 utiliser vos informations personnelles, comme d\u00e9crit ci-dessus. Par exemple, nous utilisons Shopify pour notre boutique en ligne &#8211; vous pouvez en savoir plus sur la fa\u00e7on dont Shopify utilise vos informations personnelles ici : https:\/\/www.shopify.com\/legal\/privacy. Nous utilisons \u00e9galement Google Analytics pour nous aider \u00e0 comprendre comment nos clients utilisent le site &#8211; vous pouvez en savoir plus sur la fa\u00e7on dont Google utilise vos informations personnelles ici : https:\/\/www.google.com\/intl\/en\/policies\/privacy\/. Vous pouvez \u00e9galement d\u00e9sactiver Google Analytics ici : https:\/\/tools.google.com\/dlpage\/gaoptout.<\/p>\n<p>Enfin, nous pouvons \u00e9galement partager vos informations personnelles pour nous conformer aux lois et r\u00e9glementations applicables, pour r\u00e9pondre \u00e0 une citation \u00e0 compara\u00eetre, \u00e0 un mandat de perquisition ou \u00e0 toute autre demande l\u00e9gale d&rsquo;informations que nous recevons, ou pour prot\u00e9ger nos droits de toute autre mani\u00e8re.<\/p>\n<p>PUBLICIT\u00c9 COMPORTEMENTALE<br \/>Comme d\u00e9crit ci-dessus, nous utilisons vos informations personnelles pour vous fournir des publicit\u00e9s cibl\u00e9es ou des communications marketing que nous pensons susceptibles de vous int\u00e9resser. Pour plus d&rsquo;informations sur le fonctionnement de la publicit\u00e9 cibl\u00e9e, vous pouvez consulter la page \u00e9ducative de la Network Advertising Initiative (\u00ab\u00a0NAI\u00a0\u00bb) \u00e0 l&rsquo;adresse suivante : http:\/\/www.networkadvertising.org\/understanding-online-advertising\/how-does-it-work.<\/p>\n<p>Vous pouvez refuser la publicit\u00e9 cibl\u00e9e en utilisant les liens ci-dessous :<br \/>&#8211; Facebook : https:\/\/www.facebook.com\/settings\/?tab=ads<br \/>&#8211; Google : https:\/\/www.google.com\/settings\/ads\/anonymous<br \/>&#8211; Bing : https:\/\/advertise.bingads.microsoft.com\/en-us\/resources\/policies\/personalized-ads<br \/>&#8211; [[INCLUDE OPT-OUT LINKS FROM WHICHEVER SERVICES BEING USED]]<\/p>\n<p>En outre, vous pouvez refuser certains de ces services en visitant le portail de d\u00e9sactivation de la Digital Advertising Alliance \u00e0 l&rsquo;adresse suivante : http:\/\/optout.aboutads.info\/.<\/p>\n<p>NE PAS SUIVRE<br \/>Veuillez noter que nous ne modifions pas les pratiques de collecte et d&rsquo;utilisation des donn\u00e9es de notre site lorsque nous recevons un signal \u00ab\u00a0Do Not Track\u00a0\u00bb de votre navigateur.<\/p>\n<p>VOS DROITS<br \/>Si vous \u00eates r\u00e9sident europ\u00e9en, vous avez le droit d&rsquo;acc\u00e9der aux informations personnelles que nous d\u00e9tenons \u00e0 votre sujet et de demander qu&rsquo;elles soient corrig\u00e9es, mises \u00e0 jour ou supprim\u00e9es. Si vous souhaitez exercer ce droit, veuillez nous contacter en utilisant les coordonn\u00e9es ci-dessous.<\/p>\n<p>En outre, si vous \u00eates un r\u00e9sident europ\u00e9en, nous notons que nous traitons vos informations afin d&rsquo;ex\u00e9cuter les contrats que nous pourrions avoir avec vous (par exemple si vous passez une commande par l&rsquo;interm\u00e9diaire du site), ou autrement pour poursuivre nos int\u00e9r\u00eats commerciaux l\u00e9gitimes \u00e9num\u00e9r\u00e9s ci-dessus. En outre, veuillez noter que vos informations seront transf\u00e9r\u00e9es en dehors de l&rsquo;Europe, y compris au Canada et aux \u00c9tats-Unis.<\/p>\n<p>CONSERVATION DES DONN\u00c9ES<br \/>Lorsque vous passez une commande sur le site, nous conservons les informations relatives \u00e0 votre commande dans nos dossiers, \u00e0 moins que vous ne nous demandiez de supprimer ces informations.<\/p>\n<p>CHANGEMENTS<br \/>Nous pouvons mettre \u00e0 jour cette politique de confidentialit\u00e9 de temps \u00e0 autre afin de refl\u00e9ter, par exemple, les changements apport\u00e9s \u00e0 nos pratiques ou pour d&rsquo;autres raisons op\u00e9rationnelles, juridiques ou r\u00e9glementaires.<\/p>\n<p>[[INSERT IF AGE RESTRICTION IS REQUIRED]]<br \/>MINEURS<br \/>Le site n&rsquo;est pas destin\u00e9 aux personnes \u00e2g\u00e9es de moins de [[INSERT AGE]] .<\/p>\n<p>CONTACTEZ-NOUS<br \/>Pour plus d&rsquo;informations sur nos pratiques en mati\u00e8re de protection de la vie priv\u00e9e, si vous avez des questions ou si vous souhaitez d\u00e9poser une plainte, veuillez nous contacter par courrier \u00e9lectronique \u00e0 l&rsquo;adresse info@d-identify.be ou par courrier aux coordonn\u00e9es indiqu\u00e9es ci-dessous :<\/p>\n<p>Fournitures pour l&rsquo;\u00e9tiquetage industriel<br \/>[Re : Responsable du respect de la vie priv\u00e9e]<br \/>Belselestraat 39A<br \/>9250, Waasmunster<br \/>Belgium<\/p>\n<p>&#8212;&#8211;<\/p>\n<p>[\/et_pb_text][\/et_pb_column][\/et_pb_row][\/et_pb_section]<\/p>\n","protected":false},"excerpt":{"rendered":"<p>Politique de confidentialit\u00e9La pr\u00e9sente politique de confidentialit\u00e9 d\u00e9crit la mani\u00e8re dont vos informations personnelles sont collect\u00e9es, utilis\u00e9es et partag\u00e9es lorsque vous visitez ou effectuez un achat sur industrial-labelling-supplies.myshopify.com (le \u00ab\u00a0Site\u00a0\u00bb). INFORMATIONS PERSONNELLES QUE NOUS RECUEILLONSLorsque vous visitez le site, nous recueillons automatiquement certaines informations sur votre appareil, notamment sur votre navigateur web, votre adresse IP, [&hellip;]<\/p>\n","protected":false},"author":1,"featured_media":0,"parent":0,"menu_order":0,"comment_status":"closed","ping_status":"open","template":"","meta":{"_acf_changed":false,"_et_pb_use_builder":"on","_et_pb_old_content":"","_et_gb_content_width":"","footnotes":""},"class_list":["post-22145","page","type-page","status-publish","hentry"],"acf":[],"yoast_head":"<!-- This site is optimized with the Yoast SEO Premium plugin v27.0 (Yoast SEO v27.1) - https:\/\/yoast.com\/product\/yoast-seo-premium-wordpress\/ -->\n<title>Politique de confidentialit\u00e9 - d-identify<\/title>\n<meta name=\"robots\" content=\"index, follow, max-snippet:-1, max-image-preview:large, max-video-preview:-1\" \/>\n<link rel=\"canonical\" href=\"https:\/\/d-identify.be\/fr\/politique-de-confidentialite\/\" \/>\n<meta property=\"og:locale\" content=\"fr_FR\" \/>\n<meta property=\"og:type\" content=\"article\" \/>\n<meta property=\"og:title\" content=\"Politique de confidentialit\u00e9\" \/>\n<meta property=\"og:description\" content=\"Politique de confidentialit\u00e9La pr\u00e9sente politique de confidentialit\u00e9 d\u00e9crit la mani\u00e8re dont vos informations personnelles sont collect\u00e9es, utilis\u00e9es et partag\u00e9es lorsque vous visitez ou effectuez un achat sur industrial-labelling-supplies.myshopify.com (le &quot;Site&quot;). INFORMATIONS PERSONNELLES QUE NOUS RECUEILLONSLorsque vous visitez le site, nous recueillons automatiquement certaines informations sur votre appareil, notamment sur votre navigateur web, votre adresse IP, [&hellip;]\" \/>\n<meta property=\"og:url\" content=\"https:\/\/d-identify.be\/fr\/politique-de-confidentialite\/\" \/>\n<meta property=\"og:site_name\" content=\"d-identify\" \/>\n<meta property=\"article:modified_time\" content=\"2024-05-22T08:15:43+00:00\" \/>\n<meta property=\"og:image\" content=\"https:\/\/d-identify.be\/wp-content\/uploads\/2022\/07\/Logo-creating-Print-Solutions.png\" \/>\n\t<meta property=\"og:image:width\" content=\"3989\" \/>\n\t<meta property=\"og:image:height\" content=\"1675\" \/>\n\t<meta property=\"og:image:type\" content=\"image\/png\" \/>\n<meta name=\"twitter:card\" content=\"summary_large_image\" \/>\n<meta name=\"twitter:label1\" content=\"Dur\u00e9e de lecture estim\u00e9e\" \/>\n\t<meta name=\"twitter:data1\" content=\"6 minutes\" \/>\n<script type=\"application\/ld+json\" class=\"yoast-schema-graph\">{\"@context\":\"https:\/\/schema.org\",\"@graph\":[{\"@type\":\"WebPage\",\"@id\":\"https:\/\/d-identify.be\/fr\/politique-de-confidentialite\/\",\"url\":\"https:\/\/d-identify.be\/fr\/politique-de-confidentialite\/\",\"name\":\"Politique de confidentialit\u00e9 - d-identify\",\"isPartOf\":{\"@id\":\"https:\/\/d-identify.be\/fr\/#website\"},\"datePublished\":\"2020-11-02T11:37:31+00:00\",\"dateModified\":\"2024-05-22T08:15:43+00:00\",\"breadcrumb\":{\"@id\":\"https:\/\/d-identify.be\/fr\/politique-de-confidentialite\/#breadcrumb\"},\"inLanguage\":\"fr-FR\",\"potentialAction\":[{\"@type\":\"ReadAction\",\"target\":[\"https:\/\/d-identify.be\/fr\/politique-de-confidentialite\/\"]}]},{\"@type\":\"BreadcrumbList\",\"@id\":\"https:\/\/d-identify.be\/fr\/politique-de-confidentialite\/#breadcrumb\",\"itemListElement\":[{\"@type\":\"ListItem\",\"position\":1,\"name\":\"Home\",\"item\":\"https:\/\/d-identify.be\/fr\/home-2\/\"},{\"@type\":\"ListItem\",\"position\":2,\"name\":\"Politique de confidentialit\u00e9\"}]},{\"@type\":\"WebSite\",\"@id\":\"https:\/\/d-identify.be\/fr\/#website\",\"url\":\"https:\/\/d-identify.be\/fr\/\",\"name\":\"d-identify\",\"description\":\"Industrial identification - Lockout - Tagout - Floor marking\",\"potentialAction\":[{\"@type\":\"SearchAction\",\"target\":{\"@type\":\"EntryPoint\",\"urlTemplate\":\"https:\/\/d-identify.be\/fr\/?s={search_term_string}\"},\"query-input\":{\"@type\":\"PropertyValueSpecification\",\"valueRequired\":true,\"valueName\":\"search_term_string\"}}],\"inLanguage\":\"fr-FR\"}]}<\/script>\n<!-- \/ Yoast SEO Premium plugin. -->","yoast_head_json":{"title":"Politique de confidentialit\u00e9 - d-identify","robots":{"index":"index","follow":"follow","max-snippet":"max-snippet:-1","max-image-preview":"max-image-preview:large","max-video-preview":"max-video-preview:-1"},"canonical":"https:\/\/d-identify.be\/fr\/politique-de-confidentialite\/","og_locale":"fr_FR","og_type":"article","og_title":"Politique de confidentialit\u00e9","og_description":"Politique de confidentialit\u00e9La pr\u00e9sente politique de confidentialit\u00e9 d\u00e9crit la mani\u00e8re dont vos informations personnelles sont collect\u00e9es, utilis\u00e9es et partag\u00e9es lorsque vous visitez ou effectuez un achat sur industrial-labelling-supplies.myshopify.com (le \"Site\"). INFORMATIONS PERSONNELLES QUE NOUS RECUEILLONSLorsque vous visitez le site, nous recueillons automatiquement certaines informations sur votre appareil, notamment sur votre navigateur web, votre adresse IP, [&hellip;]","og_url":"https:\/\/d-identify.be\/fr\/politique-de-confidentialite\/","og_site_name":"d-identify","article_modified_time":"2024-05-22T08:15:43+00:00","og_image":[{"width":3989,"height":1675,"url":"https:\/\/d-identify.be\/wp-content\/uploads\/2022\/07\/Logo-creating-Print-Solutions.png","type":"image\/png"}],"twitter_card":"summary_large_image","twitter_misc":{"Dur\u00e9e de lecture estim\u00e9e":"6 minutes"},"schema":{"@context":"https:\/\/schema.org","@graph":[{"@type":"WebPage","@id":"https:\/\/d-identify.be\/fr\/politique-de-confidentialite\/","url":"https:\/\/d-identify.be\/fr\/politique-de-confidentialite\/","name":"Politique de confidentialit\u00e9 - d-identify","isPartOf":{"@id":"https:\/\/d-identify.be\/fr\/#website"},"datePublished":"2020-11-02T11:37:31+00:00","dateModified":"2024-05-22T08:15:43+00:00","breadcrumb":{"@id":"https:\/\/d-identify.be\/fr\/politique-de-confidentialite\/#breadcrumb"},"inLanguage":"fr-FR","potentialAction":[{"@type":"ReadAction","target":["https:\/\/d-identify.be\/fr\/politique-de-confidentialite\/"]}]},{"@type":"BreadcrumbList","@id":"https:\/\/d-identify.be\/fr\/politique-de-confidentialite\/#breadcrumb","itemListElement":[{"@type":"ListItem","position":1,"name":"Home","item":"https:\/\/d-identify.be\/fr\/home-2\/"},{"@type":"ListItem","position":2,"name":"Politique de confidentialit\u00e9"}]},{"@type":"WebSite","@id":"https:\/\/d-identify.be\/fr\/#website","url":"https:\/\/d-identify.be\/fr\/","name":"d-identify","description":"Industrial identification - Lockout - Tagout - Floor marking","potentialAction":[{"@type":"SearchAction","target":{"@type":"EntryPoint","urlTemplate":"https:\/\/d-identify.be\/fr\/?s={search_term_string}"},"query-input":{"@type":"PropertyValueSpecification","valueRequired":true,"valueName":"search_term_string"}}],"inLanguage":"fr-FR"}]}},"_links":{"self":[{"href":"https:\/\/d-identify.be\/fr\/wp-json\/wp\/v2\/pages\/22145","targetHints":{"allow":["GET"]}}],"collection":[{"href":"https:\/\/d-identify.be\/fr\/wp-json\/wp\/v2\/pages"}],"about":[{"href":"https:\/\/d-identify.be\/fr\/wp-json\/wp\/v2\/types\/page"}],"author":[{"embeddable":true,"href":"https:\/\/d-identify.be\/fr\/wp-json\/wp\/v2\/users\/1"}],"replies":[{"embeddable":true,"href":"https:\/\/d-identify.be\/fr\/wp-json\/wp\/v2\/comments?post=22145"}],"version-history":[{"count":0,"href":"https:\/\/d-identify.be\/fr\/wp-json\/wp\/v2\/pages\/22145\/revisions"}],"wp:attachment":[{"href":"https:\/\/d-identify.be\/fr\/wp-json\/wp\/v2\/media?parent=22145"}],"curies":[{"name":"wp","href":"https:\/\/api.w.org\/{rel}","templated":true}]}}