{"id":22136,"date":"2021-08-30T11:09:02","date_gmt":"2021-08-30T09:09:02","guid":{"rendered":"https:\/\/d-identify.be\/politique-en-matiere-de-cookies\/"},"modified":"2024-05-22T10:13:52","modified_gmt":"2024-05-22T08:13:52","slug":"politique-en-matiere-de-cookies","status":"publish","type":"page","link":"https:\/\/d-identify.be\/fr\/politique-en-matiere-de-cookies\/","title":{"rendered":"Politique en mati\u00e8re de cookies"},"content":{"rendered":"<p>[et_pb_section fb_built=\u00a0\u00bb1&Prime; _builder_version=\u00a0\u00bb4.16&Prime; custom_padding=\u00a0\u00bb0px|||||\u00a0\u00bb global_colors_info=\u00a0\u00bb{}\u00a0\u00bb da_is_popup=\u00a0\u00bboff\u00a0\u00bb da_exit_intent=\u00a0\u00bboff\u00a0\u00bb da_has_close=\u00a0\u00bbon\u00a0\u00bb da_alt_close=\u00a0\u00bboff\u00a0\u00bb da_dark_close=\u00a0\u00bboff\u00a0\u00bb da_not_modal=\u00a0\u00bbon\u00a0\u00bb da_is_singular=\u00a0\u00bboff\u00a0\u00bb da_with_loader=\u00a0\u00bboff\u00a0\u00bb da_has_shadow=\u00a0\u00bbon\u00a0\u00bb da_disable_devices=\u00a0\u00bboff|off|off\u00a0\u00bb][et_pb_row _builder_version=\u00a0\u00bb4.16&Prime; background_size=\u00a0\u00bbinitial\u00a0\u00bb background_position=\u00a0\u00bbtop_left\u00a0\u00bb background_repeat=\u00a0\u00bbrepeat\u00a0\u00bb custom_padding=\u00a0\u00bb40px|||||\u00a0\u00bb global_colors_info=\u00a0\u00bb{}\u00a0\u00bb][et_pb_column type=\u00a0\u00bb4_4&Prime; _builder_version=\u00a0\u00bb4.16&Prime; custom_padding=\u00a0\u00bb|||\u00a0\u00bb global_colors_info=\u00a0\u00bb{}\u00a0\u00bb custom_padding__hover=\u00a0\u00bb|||\u00a0\u00bb][et_pb_text _builder_version=\u00a0\u00bb4.16&Prime; background_size=\u00a0\u00bbinitial\u00a0\u00bb background_position=\u00a0\u00bbtop_left\u00a0\u00bb background_repeat=\u00a0\u00bbrepeat\u00a0\u00bb global_colors_info=\u00a0\u00bb{}\u00a0\u00bb]<\/p>\n<h1>Politique en mati\u00e8re de cookies<\/h1>\n<p>[\/et_pb_text][et_pb_text _builder_version=\u00a0\u00bb4.16&Prime; background_size=\u00a0\u00bbinitial\u00a0\u00bb background_position=\u00a0\u00bbtop_left\u00a0\u00bb background_repeat=\u00a0\u00bbrepeat\u00a0\u00bb global_colors_info=\u00a0\u00bb{}\u00a0\u00bb]<\/p>\n<div class=\"et_pb_module et_pb_text et_pb_text_2 et_pb_text_align_left et_pb_bg_layout_light\">\n<div class=\"et_pb_text_inner\">\n<p><strong>CONTR\u00d4LEUR :<\/strong><\/p>\n<p><b>D-identify BV <\/b><br \/>Industriepark West 75<br \/>9100 Sint Niklaas<br \/>Belgium<br \/>BE0792.876.119<\/p>\n<p>+32 (0)3 780 17 06<br \/><a href=\"mailto:info@d-identify.be\">info@d-identify.be<\/a><\/p>\n<\/div>\n<\/div>\n<div class=\"et_pb_module et_pb_text et_pb_text_3 et_pb_text_align_left et_pb_bg_layout_light\">\n<div class=\"et_pb_text_inner\">\n<p><strong>QU&rsquo;EST-CE QU&rsquo;UN BISCUIT ?<\/strong><\/p>\n<p>Les cookies sont de petits fichiers de donn\u00e9es ou de texte que les sites web placent sur votre ordinateur local.<br \/>\nCes cookies peuvent avoir diff\u00e9rentes finalit\u00e9s : par exemple, vous avez des cookies techniques (par exemple, les param\u00e8tres linguistiques), des cookies de session (cookies temporaires) et des cookies de suivi (cookies qui suivent votre comportement sur le site web afin de vous offrir une exp\u00e9rience utilisateur plus optimale). <\/p>\n<p>Un cookie contient un code unique qui permet \u00e0 votre navigateur d&rsquo;\u00eatre reconnu lors d&rsquo;une visite sur le site web ou d&rsquo;am\u00e9liorer votre exp\u00e9rience d&rsquo;utilisateur lors de visites r\u00e9p\u00e9t\u00e9es sur la plateforme.<\/p>\n<p>Les cookies peuvent \u00eatre plac\u00e9s par le serveur du site web que vous visitez ou par un partenaire avec lequel ce site web travaille.<br \/>\nLe serveur du site ne peut lire que les cookies qu&rsquo;il a lui-m\u00eame plac\u00e9s.<br \/>\nIl n&rsquo;a pas acc\u00e8s aux autres informations stock\u00e9es sur votre ordinateur ou votre appareil mobile.  <\/p>\n<p>Le contenu d&rsquo;un cookie se compose g\u00e9n\u00e9ralement du nom du serveur qui a plac\u00e9 le cookie, d&rsquo;une date d&rsquo;expiration et d&rsquo;un code num\u00e9rique unique.<\/p>\n<p>Les cookies facilitent et acc\u00e9l\u00e8rent g\u00e9n\u00e9ralement l&rsquo;interaction entre les visiteurs et le site web et aident les visiteurs \u00e0 naviguer entre les diff\u00e9rentes parties du site web.<br \/>\nLes cookies peuvent \u00e9galement \u00eatre utilis\u00e9s pour personnaliser le contenu du site web en fonction de l&rsquo;utilisateur. <\/p>\n<p>Vous trouverez de plus amples informations sur les types de cookies \u00e0 l&rsquo;adresse suivante : www.allaboutcookies.org.<\/p>\n<p><strong>Nous utilisons les cookies suivants sur notre site web :<\/strong><\/p>\n<ol>\n<li><strong>Cookies de premi\u00e8re partie<\/strong><\/li>\n<\/ol>\n<table>\n<tbody>\n<tr>\n<td width=\"128\">\n<p><strong>Cookie<\/strong><\/p>\n<\/td>\n<td width=\"250\">\n<p><strong>Description<\/strong><\/p>\n<\/td>\n<td width=\"76\">\n<p><strong>Dur\u00e9e de l&rsquo;accord<\/strong><\/p>\n<\/td>\n<td width=\"91\">\n<p><strong>Type<\/strong><\/p>\n<\/td>\n<\/tr>\n<tr>\n<td width=\"128\">\n<p>CookieLawInfoConsent<\/p>\n<\/td>\n<td width=\"250\">\n<p>R\u00e9sume les consentements de cookie du visotor<\/p>\n<\/td>\n<td width=\"76\">\n<p>1 an<\/p>\n<\/td>\n<td width=\"91\">\n<p>Fonctionnel<\/p>\n<\/td>\n<\/tr>\n<tr>\n<td width=\"128\">\n<p>cookielawinfo-checkbox-non-necessary<\/p>\n<\/td>\n<td width=\"250\">\n<p>Enregistre les pr\u00e9f\u00e9rences du visiteur en ce qui concerne les cookies non n\u00e9cessaires.<\/p>\n<\/td>\n<td width=\"76\">\n<p>1 an<\/p>\n<\/td>\n<td width=\"91\">\n<p>Fonctionnel<\/p>\n<\/td>\n<\/tr>\n<tr>\n<td width=\"128\">\n<p>case \u00e0 cocher n\u00e9cessaire pour le droit de la concurrence<\/p>\n<\/td>\n<td width=\"250\">\n<p>enregistre les pr\u00e9f\u00e9rences des visiteurs en ce qui concerne les cookies n\u00e9cessaires.<\/p>\n<\/td>\n<td width=\"76\">\n<p>1 an<\/p>\n<\/td>\n<td width=\"91\">\n<p>Fonctionnel<\/p>\n<\/td>\n<\/tr>\n<tr>\n<td width=\"128\">\n<p>politique_cookie_vu<\/p>\n<\/td>\n<td width=\"250\">\n<p>Enregistre si le visiteur a consult\u00e9 ou non la d\u00e9claration relative aux cookies<\/p>\n<\/td>\n<td width=\"76\">\n<p>1 an<\/p>\n<\/td>\n<td width=\"91\">\n<p>Fonctionnel<\/p>\n<\/td>\n<\/tr>\n<\/tbody>\n<\/table>\n<p><strong> <\/strong><\/p>\n<ol start=\"2\">\n<li><strong>Cookies de tiers<\/strong><\/li>\n<\/ol>\n<table>\n<tbody>\n<tr>\n<td colspan=\"2\" width=\"128\">\n<p><strong>Cookie<\/strong><\/p>\n<\/td>\n<td width=\"250\">\n<p><strong>Description  <\/strong><\/p>\n<\/td>\n<td width=\"76\">\n<p><strong>Dur\u00e9e de l&rsquo;accord<\/strong><\/p>\n<\/td>\n<td width=\"91\">\n<p><strong>Type<\/strong><\/p>\n<\/td>\n<\/tr>\n<tr>\n<td colspan=\"2\" width=\"128\">\n<p>_ga, _ga_*<\/p>\n<\/td>\n<td width=\"250\">\n<p>Ces cookies sont utilis\u00e9s pour obtenir des statistiques sur le nombre de visites de pages, de sessions et de donn\u00e9es de campagne. Les cookies stockent des informations de mani\u00e8re anonyme et un identifiant g\u00e9n\u00e9r\u00e9 de mani\u00e8re al\u00e9atoire est utilis\u00e9.<\/p>\n<\/td>\n<td width=\"76\">\n<p>2 ans<\/p>\n<\/td>\n<td width=\"91\">\n<p>Analytique<\/p>\n<p>&nbsp;<\/p>\n<\/td>\n<\/tr>\n<tr>\n<td colspan=\"2\" width=\"128\">\n<p>_gid<\/p>\n<\/td>\n<td width=\"250\">\n<p>Ce cookie est utilis\u00e9 pour suivre la fa\u00e7on dont les visiteurs utilisent le site web.<br \/>\nIl sert \u00e9galement \u00e0 cr\u00e9er des rapports analytiques du site web.<br \/>\nLes donn\u00e9es recueillies, notamment le nombre de pages visit\u00e9es, la source du visiteur et les pages qu&rsquo;il a consult\u00e9es, sont conserv\u00e9es sous une forme anonyme.  <\/p>\n<\/td>\n<td width=\"76\">\n<p>1 jour<\/p>\n<\/td>\n<td width=\"91\">\n<p>Analytique<\/p>\n<p>&nbsp;<\/p>\n<\/td>\n<\/tr>\n<tr>\n<td colspan=\"2\" width=\"128\">\n<p>DV<\/p>\n<\/td>\n<td width=\"250\">\n<p>Ce cookie est stock\u00e9 par Google \u00e0 des fins de marketing<\/p>\n<\/td>\n<td width=\"76\">\n<p>Session<\/p>\n<\/td>\n<td width=\"91\">\n<p>Suivi<\/p>\n<\/td>\n<\/tr>\n<tr>\n<td colspan=\"2\" width=\"128\">\n<p>OTZ, 1P_JAR<\/p>\n<\/td>\n<td width=\"250\">\n<p>Ces cookies sont stock\u00e9s par Google \u00e0 des fins de marketing<\/p>\n<\/td>\n<td width=\"76\">\n<p>1 mois<\/p>\n<\/td>\n<td width=\"91\">\n<p>Suivi<\/p>\n<p>&nbsp;<\/p>\n<\/td>\n<\/tr>\n<tr>\n<td width=\"127\">\n<p>APISID, HSID, SID, SSID, SAPISID, APISID, __Secure-3PSID, __Secure-3PAPISID<\/p>\n<\/td>\n<td colspan=\"2\" width=\"251\">\n<p>Ces cookies sont stock\u00e9s par Google \u00e0 des fins de marketing<\/p>\n<\/td>\n<td width=\"76\">\n<p>2 ans<\/p>\n<\/td>\n<td width=\"91\">\n<p>Suivi<\/p>\n<\/td>\n<\/tr>\n<tr>\n<td width=\"127\">\n<p>SIDCC,<\/p>\n<p>S\u00e9curis\u00e9-3PSIDCC<\/p>\n<\/td>\n<td colspan=\"2\" width=\"251\">\n<p>Ces cookies sont stock\u00e9s par Google \u00e0 des fins de marketing.<\/p>\n<\/td>\n<td width=\"76\">\n<p>1 an<\/p>\n<\/td>\n<td width=\"91\">\n<p>Suivi<\/p>\n<\/td>\n<\/tr>\n<tr>\n<td width=\"127\">\n<p>NID, SEARCH_SAMESITE<\/p>\n<\/td>\n<td colspan=\"2\" width=\"251\">\n<p>Ces cookies sont stock\u00e9s par Google \u00e0 des fins de marketing.<\/p>\n<\/td>\n<td width=\"76\">\n<p>6 mois<\/p>\n<\/td>\n<td width=\"91\">\n<p>Suivi<\/p>\n<\/td>\n<\/tr>\n<tr>\n<td width=\"127\"><\/td>\n<td width=\"1\"><\/td>\n<td width=\"250\"><\/td>\n<td width=\"76\"><\/td>\n<td width=\"91\"><\/td>\n<\/tr>\n<\/tbody>\n<\/table>\n<p>&nbsp;<\/p>\n<p><strong>GESTION DES COOKIES<\/strong><\/p>\n<p>Lors de votre premi\u00e8re visite sur ce site web, il vous sera demand\u00e9 d&rsquo;accepter les cookies de tiers mentionn\u00e9s ci-dessus.<br \/>\nVous pouvez autoriser ou refuser les cookies cat\u00e9gorie par cat\u00e9gorie.<br \/>\nVous pouvez \u00e0 tout moment modifier les param\u00e8tres des cookies pour ce site web via l&rsquo;hyperlien situ\u00e9 au bas de notre site web et ainsi retirer votre consentement.  <\/p>\n<p>Vous pouvez refuser l&rsquo;installation de ces cookies en choisissant de ne pas accepter les cookies lors de votre premi\u00e8re utilisation du site web dans la fen\u00eatre pop-up propos\u00e9e \u00e0 cet effet.<\/p>\n<p>Vous pouvez refuser l&rsquo;installation des cookies via les param\u00e8tres de votre navigateur.<br \/>\nLa d\u00e9sactivation des cookies peut entra\u00eener l&rsquo;impossibilit\u00e9 d&rsquo;utiliser certaines fonctionnalit\u00e9s de ce site web.<br \/>\nVous trouverez sur le site suivant la proc\u00e9dure \u00e0 suivre pour refuser les cookies pour les navigateurs les plus couramment utilis\u00e9s :  <span> <\/span><a href=\"http:\/\/www.aboutcookies.org\/\">http:\/\/www.aboutcookies.org\/.<\/a><\/p>\n<p>Vous pouvez \u00e9galement supprimer \u00e0 tout moment les cookies d\u00e9j\u00e0 install\u00e9s sur votre navigateur, votre ordinateur ou votre appareil mobile.<\/p>\n<p>Si vous souhaitez profiter pleinement de ce site web sans restrictions, assurez-vous que les cookies sont activ\u00e9s dans votre navigateur.<br \/>\nPour activer les cookies, vous devez effectuer les op\u00e9rations suivantes : <\/p>\n<p><u>Par navigateur &#8211; Microsoft Internet Explorer<\/u><\/p>\n<ul>\n<li>Dans Internet Explorer, cliquez sur \u00ab\u00a0Options Internet\u00a0\u00bb dans le menu \u00ab\u00a0Outils\u00a0\u00bb.<\/li>\n<li>Dans l&rsquo;onglet \u00ab\u00a0Vie priv\u00e9e\u00a0\u00bb, placez le curseur de r\u00e9glage sur \u00ab\u00a0faible\u00a0\u00bb ou \u00ab\u00a0accepter tous les cookies\u00a0\u00bb (un r\u00e9glage sup\u00e9rieur \u00e0 \u00ab\u00a0moyen\u00a0\u00bb d\u00e9sactive les cookies).<\/li>\n<li>Cliquez sur \u00ab\u00a0OK\u00a0\u00bb.<\/li>\n<\/ul>\n<p><u>Par navigateur &#8211; Mozilla Firefox<\/u><\/p>\n<ul>\n<li>Cliquez sur \u00ab\u00a0Firefox\u00a0\u00bb dans le coin sup\u00e9rieur gauche de votre navigateur, puis sur \u00ab\u00a0Options\u00a0\u00bb.<\/li>\n<li>Dans l&rsquo;onglet \u00ab\u00a0Vie priv\u00e9e\u00a0\u00bb, assurez-vous que la case \u00ab\u00a0Me faire savoir que je ne veux pas \u00eatre suivi\u00a0\u00bb n&rsquo;est pas coch\u00e9e.<\/li>\n<li>Cliquez sur \u00ab\u00a0OK\u00a0\u00bb.<\/li>\n<\/ul>\n<p><u>Par navigateur &#8211; Google Chrome<\/u><\/p>\n<ul>\n<li>Cliquez sur l&rsquo;ic\u00f4ne \u00ab\u00a0plus\u00a0\u00bb en haut \u00e0 droite de la fen\u00eatre de votre navigateur et choisissez \u00ab\u00a0Param\u00e8tres\u00a0\u00bb.<\/li>\n<li>Cliquez sur \u00ab\u00a0Vie priv\u00e9e et s\u00e9curit\u00e9\u00a0\u00bb \u00e0 gauche.<\/li>\n<li>S\u00e9lectionnez ensuite \u00ab\u00a0Autoriser tous les cookies\u00a0\u00bb.<\/li>\n<\/ul>\n<p><u>Par navigateur &#8211; Safari<\/u><\/p>\n<ul>\n<li>Cliquez sur l&rsquo;option \u00ab\u00a0Pr\u00e9f\u00e9r\u00e9\u00a0\u00bb en haut de la fen\u00eatre de votre navigateur.<\/li>\n<li>Cliquez sur \u00ab\u00a0Vie priv\u00e9e\u00a0\u00bb, puis d\u00e9cochez les options suivantes : Emp\u00eacher le suivi intersite\u00a0\u00bb et \u00ab\u00a0Bloquer tous les cookies\u00a0\u00bb.<\/li>\n<\/ul>\n<p>Si vous avez encore des questions ou des commentaires sur les cookies apr\u00e8s avoir lu cette d\u00e9claration sur les cookies, vous pouvez toujours nous contacter en utilisant les coordonn\u00e9es ci-dessus.<\/p>\n<\/div>\n<\/div>\n<p>[\/et_pb_text][\/et_pb_column][\/et_pb_row][\/et_pb_section]<\/p>\n","protected":false},"excerpt":{"rendered":"<p>Politique en mati\u00e8re de cookies CONTR\u00d4LEUR : D-identify BV Industriepark West 759100 Sint NiklaasBelgiumBE0792.876.119 +32 (0)3 780 17 06info@d-identify.be QU&rsquo;EST-CE QU&rsquo;UN BISCUIT ? Les cookies sont de petits fichiers de donn\u00e9es ou de texte que les sites web placent sur votre ordinateur local. Ces cookies peuvent avoir diff\u00e9rentes finalit\u00e9s : par exemple, vous avez des [&hellip;]<\/p>\n","protected":false},"author":1,"featured_media":0,"parent":0,"menu_order":0,"comment_status":"closed","ping_status":"open","template":"","meta":{"_acf_changed":false,"_et_pb_use_builder":"on","_et_pb_old_content":"","_et_gb_content_width":"","footnotes":""},"class_list":["post-22136","page","type-page","status-publish","hentry"],"acf":[],"yoast_head":"<!-- This site is optimized with the Yoast SEO Premium plugin v27.0 (Yoast SEO v27.1) - https:\/\/yoast.com\/product\/yoast-seo-premium-wordpress\/ -->\n<title>Politique en mati\u00e8re de cookies - d-identify<\/title>\n<meta name=\"robots\" content=\"index, follow, max-snippet:-1, max-image-preview:large, max-video-preview:-1\" \/>\n<link rel=\"canonical\" href=\"https:\/\/d-identify.be\/fr\/politique-en-matiere-de-cookies\/\" \/>\n<meta property=\"og:locale\" content=\"fr_FR\" \/>\n<meta property=\"og:type\" content=\"article\" \/>\n<meta property=\"og:title\" content=\"Politique en mati\u00e8re de cookies\" \/>\n<meta property=\"og:description\" content=\"Politique en mati\u00e8re de cookies CONTR\u00d4LEUR : D-identify BV Industriepark West 759100 Sint NiklaasBelgiumBE0792.876.119 +32 (0)3 780 17 06info@d-identify.be QU&#039;EST-CE QU&#039;UN BISCUIT ? Les cookies sont de petits fichiers de donn\u00e9es ou de texte que les sites web placent sur votre ordinateur local. Ces cookies peuvent avoir diff\u00e9rentes finalit\u00e9s : par exemple, vous avez des [&hellip;]\" \/>\n<meta property=\"og:url\" content=\"https:\/\/d-identify.be\/fr\/politique-en-matiere-de-cookies\/\" \/>\n<meta property=\"og:site_name\" content=\"d-identify\" \/>\n<meta property=\"article:modified_time\" content=\"2024-05-22T08:13:52+00:00\" \/>\n<meta property=\"og:image\" content=\"https:\/\/d-identify.be\/wp-content\/uploads\/2022\/07\/Logo-creating-Print-Solutions.png\" \/>\n\t<meta property=\"og:image:width\" content=\"3989\" \/>\n\t<meta property=\"og:image:height\" content=\"1675\" \/>\n\t<meta property=\"og:image:type\" content=\"image\/png\" \/>\n<meta name=\"twitter:card\" content=\"summary_large_image\" \/>\n<meta name=\"twitter:label1\" content=\"Dur\u00e9e de lecture estim\u00e9e\" \/>\n\t<meta name=\"twitter:data1\" content=\"6 minutes\" \/>\n<script type=\"application\/ld+json\" class=\"yoast-schema-graph\">{\"@context\":\"https:\/\/schema.org\",\"@graph\":[{\"@type\":\"WebPage\",\"@id\":\"https:\/\/d-identify.be\/fr\/politique-en-matiere-de-cookies\/\",\"url\":\"https:\/\/d-identify.be\/fr\/politique-en-matiere-de-cookies\/\",\"name\":\"Politique en mati\u00e8re de cookies - d-identify\",\"isPartOf\":{\"@id\":\"https:\/\/d-identify.be\/fr\/#website\"},\"datePublished\":\"2021-08-30T09:09:02+00:00\",\"dateModified\":\"2024-05-22T08:13:52+00:00\",\"breadcrumb\":{\"@id\":\"https:\/\/d-identify.be\/fr\/politique-en-matiere-de-cookies\/#breadcrumb\"},\"inLanguage\":\"fr-FR\",\"potentialAction\":[{\"@type\":\"ReadAction\",\"target\":[\"https:\/\/d-identify.be\/fr\/politique-en-matiere-de-cookies\/\"]}]},{\"@type\":\"BreadcrumbList\",\"@id\":\"https:\/\/d-identify.be\/fr\/politique-en-matiere-de-cookies\/#breadcrumb\",\"itemListElement\":[{\"@type\":\"ListItem\",\"position\":1,\"name\":\"Home\",\"item\":\"https:\/\/d-identify.be\/fr\/home-2\/\"},{\"@type\":\"ListItem\",\"position\":2,\"name\":\"Politique en mati\u00e8re de cookies\"}]},{\"@type\":\"WebSite\",\"@id\":\"https:\/\/d-identify.be\/fr\/#website\",\"url\":\"https:\/\/d-identify.be\/fr\/\",\"name\":\"d-identify\",\"description\":\"Industrial identification - Lockout - Tagout - Floor marking\",\"potentialAction\":[{\"@type\":\"SearchAction\",\"target\":{\"@type\":\"EntryPoint\",\"urlTemplate\":\"https:\/\/d-identify.be\/fr\/?s={search_term_string}\"},\"query-input\":{\"@type\":\"PropertyValueSpecification\",\"valueRequired\":true,\"valueName\":\"search_term_string\"}}],\"inLanguage\":\"fr-FR\"}]}<\/script>\n<!-- \/ Yoast SEO Premium plugin. -->","yoast_head_json":{"title":"Politique en mati\u00e8re de cookies - d-identify","robots":{"index":"index","follow":"follow","max-snippet":"max-snippet:-1","max-image-preview":"max-image-preview:large","max-video-preview":"max-video-preview:-1"},"canonical":"https:\/\/d-identify.be\/fr\/politique-en-matiere-de-cookies\/","og_locale":"fr_FR","og_type":"article","og_title":"Politique en mati\u00e8re de cookies","og_description":"Politique en mati\u00e8re de cookies CONTR\u00d4LEUR : D-identify BV Industriepark West 759100 Sint NiklaasBelgiumBE0792.876.119 +32 (0)3 780 17 06info@d-identify.be QU'EST-CE QU'UN BISCUIT ? Les cookies sont de petits fichiers de donn\u00e9es ou de texte que les sites web placent sur votre ordinateur local. Ces cookies peuvent avoir diff\u00e9rentes finalit\u00e9s : par exemple, vous avez des [&hellip;]","og_url":"https:\/\/d-identify.be\/fr\/politique-en-matiere-de-cookies\/","og_site_name":"d-identify","article_modified_time":"2024-05-22T08:13:52+00:00","og_image":[{"width":3989,"height":1675,"url":"https:\/\/d-identify.be\/wp-content\/uploads\/2022\/07\/Logo-creating-Print-Solutions.png","type":"image\/png"}],"twitter_card":"summary_large_image","twitter_misc":{"Dur\u00e9e de lecture estim\u00e9e":"6 minutes"},"schema":{"@context":"https:\/\/schema.org","@graph":[{"@type":"WebPage","@id":"https:\/\/d-identify.be\/fr\/politique-en-matiere-de-cookies\/","url":"https:\/\/d-identify.be\/fr\/politique-en-matiere-de-cookies\/","name":"Politique en mati\u00e8re de cookies - d-identify","isPartOf":{"@id":"https:\/\/d-identify.be\/fr\/#website"},"datePublished":"2021-08-30T09:09:02+00:00","dateModified":"2024-05-22T08:13:52+00:00","breadcrumb":{"@id":"https:\/\/d-identify.be\/fr\/politique-en-matiere-de-cookies\/#breadcrumb"},"inLanguage":"fr-FR","potentialAction":[{"@type":"ReadAction","target":["https:\/\/d-identify.be\/fr\/politique-en-matiere-de-cookies\/"]}]},{"@type":"BreadcrumbList","@id":"https:\/\/d-identify.be\/fr\/politique-en-matiere-de-cookies\/#breadcrumb","itemListElement":[{"@type":"ListItem","position":1,"name":"Home","item":"https:\/\/d-identify.be\/fr\/home-2\/"},{"@type":"ListItem","position":2,"name":"Politique en mati\u00e8re de cookies"}]},{"@type":"WebSite","@id":"https:\/\/d-identify.be\/fr\/#website","url":"https:\/\/d-identify.be\/fr\/","name":"d-identify","description":"Industrial identification - Lockout - Tagout - Floor marking","potentialAction":[{"@type":"SearchAction","target":{"@type":"EntryPoint","urlTemplate":"https:\/\/d-identify.be\/fr\/?s={search_term_string}"},"query-input":{"@type":"PropertyValueSpecification","valueRequired":true,"valueName":"search_term_string"}}],"inLanguage":"fr-FR"}]}},"_links":{"self":[{"href":"https:\/\/d-identify.be\/fr\/wp-json\/wp\/v2\/pages\/22136","targetHints":{"allow":["GET"]}}],"collection":[{"href":"https:\/\/d-identify.be\/fr\/wp-json\/wp\/v2\/pages"}],"about":[{"href":"https:\/\/d-identify.be\/fr\/wp-json\/wp\/v2\/types\/page"}],"author":[{"embeddable":true,"href":"https:\/\/d-identify.be\/fr\/wp-json\/wp\/v2\/users\/1"}],"replies":[{"embeddable":true,"href":"https:\/\/d-identify.be\/fr\/wp-json\/wp\/v2\/comments?post=22136"}],"version-history":[{"count":0,"href":"https:\/\/d-identify.be\/fr\/wp-json\/wp\/v2\/pages\/22136\/revisions"}],"wp:attachment":[{"href":"https:\/\/d-identify.be\/fr\/wp-json\/wp\/v2\/media?parent=22136"}],"curies":[{"name":"wp","href":"https:\/\/api.w.org\/{rel}","templated":true}]}}