{"id":59827,"date":"2021-07-26T12:38:46","date_gmt":"2021-07-26T10:38:46","guid":{"rendered":"https:\/\/d-identify.be\/product\/lockout-werkzeug-fuer-beengte-raeume-4-groessen-nicht-abschliessbar-fuer-mannloecher-von-20-bis-36-zoll\/"},"modified":"2026-01-08T15:17:39","modified_gmt":"2026-01-08T13:17:39","slug":"nicht-abschliessbare-mannlochabdeckungen-in-vier-groessen","status":"publish","type":"product","link":"https:\/\/d-identify.be\/de\/produkt\/nicht-abschliessbare-mannlochabdeckungen-in-vier-groessen\/","title":{"rendered":"Nicht abschlie\u00dfbare Mannlochabdeckungen in vier Gr\u00f6\u00dfen"},"content":{"rendered":"<p data-start=\"2093\" data-end=\"2339\">Dieses Set enth\u00e4lt <strong data-start=\"2112\" data-end=\"2170\">nicht abschlie\u00dfbare Mannlochabdeckungen in vier Gr\u00f6\u00dfen<\/strong>, die offene Mannl\u00f6cher bei Arbeiten in engen R\u00e4umen absichern. Zusammen <strong data-start=\"2243\" data-end=\"2307\">decken diese vier Gr\u00f6\u00dfen die meisten Standard-Mannlochgr\u00f6\u00dfen<\/strong> in industriellen Umgebungen ab.<\/p>\n<p data-start=\"2341\" data-end=\"2681\">Das elastische Design erm\u00f6glicht eine schnelle Montage und bildet eine gut sichtbare physische Barriere, um das Risiko eines unbeabsichtigten Betretens zu reduzieren. Sie ziehen jede Mannlochabdeckung \u00fcber den Rand, wo das elastische Spannband die Abdeckung sicher in Position h\u00e4lt. Werkzeug oder aufwendige Montage sind nicht erforderlich.<\/p>\n<p data-start=\"2683\" data-end=\"2911\">Die Mannlochabdeckungen eignen sich f\u00fcr Standard-Mannl\u00f6cher mit einem <strong data-start=\"2753\" data-end=\"2807\">Gesamtdurchmesser inklusive Rand von 61 bis 102 cm<\/strong>. Das Set bietet eine flexible und praktische L\u00f6sung f\u00fcr Standorte mit unterschiedlichen Mannlochgr\u00f6\u00dfen.<\/p>\n","protected":false},"excerpt":{"rendered":"<p>Dieses Set enth\u00e4lt <strong>4 elastische Lockout-Werkzeuge f\u00fcr beengte R\u00e4ume<\/strong>, die die meisten Standard-Mannl\u00f6cher auf Ihrem Gel\u00e4nde abdecken k\u00f6nnen.<\/p>\n<div class=\"flex-shrink-0 flex flex-col relative items-end\">\n<div>\n<div class=\"pt-0\">\n<div class=\"gizmo-bot-avatar flex h-8 w-8 items-center justify-center overflow-hidden rounded-full\">\n<div class=\"relative p-1 rounded-sm flex items-center justify-center bg-token-main-surface-primary text-token-text-primary h-8 w-8\"><\/div>\n<\/div>\n<\/div>\n<\/div>\n<\/div>\n<div class=\"group\/conversation-turn relative flex w-full min-w-0 flex-col agent-turn\">\n<div class=\"flex-col gap-1 md:gap-3\">\n<div class=\"flex max-w-full flex-col flex-grow\">\n<div class=\"min-h-8 text-message flex w-full flex-col items-end gap-2 whitespace-normal break-words text-start [.text-message+&amp;]:mt-5\" dir=\"auto\" data-message-author-role=\"assistant\" data-message-id=\"af76df1d-843e-451d-98f7-5ca0d0314acd\" data-message-model-slug=\"gpt-4o-mini\">\n<div class=\"flex w-full flex-col gap-1 empty:hidden first:pt-[3px]\">\n<div class=\"markdown prose w-full break-words dark:prose-invert light\">\n<p>Das Lockout-Werkzeug f\u00fcr beengte R\u00e4ume ist f\u00fcr Standard-Mannl\u00f6cher mit einem Gesamtdurchmesser <strong>einschlie\u00dflich Flansch von 61 cm bis 102 cm ausgelegt.<\/strong><\/p>\n<p><img loading=\"lazy\" decoding=\"async\" class=\"alignnone wp-image-50228\" src=\"https:\/\/d-identify.be\/wp-content\/uploads\/2025\/01\/van-1.png\" alt=\"\" width=\"65\" height=\"27\" \/> Die Abdeckungen werden auf Bestellung gefertigt und in der Regel innerhalb <strong>von 10 Werktagen versendet.<\/strong><\/p>\n<\/div>\n<\/div>\n<\/div>\n<\/div>\n<\/div>\n<\/div>\n","protected":false},"featured_media":27523,"comment_status":"open","ping_status":"closed","template":"","meta":{"_acf_changed":false,"_et_pb_use_builder":"","_et_pb_old_content":"","_et_gb_content_width":""},"product_brand":[],"product_cat":[461,622],"product_tag":[962],"pa_connextion-shapes":[],"class_list":{"0":"post-59827","1":"product","2":"type-product","3":"status-publish","4":"has-post-thumbnail","6":"product_cat-lockout-tagout-de","7":"product_cat-confined-space-covers","8":"product_tag-d-identify-de","10":"first","11":"instock","12":"taxable","13":"shipping-taxable","14":"purchasable","15":"product-type-simple"},"exclude_global_add_ons":[],"addons":[],"acf":[],"yoast_head":"<!-- This site is optimized with the Yoast SEO Premium plugin v27.0 (Yoast SEO v27.1) - https:\/\/yoast.com\/product\/yoast-seo-premium-wordpress\/ -->\n<title>Nicht abschlie\u00dfbare Mannlochabdeckungen \u2013 Enge R\u00e4ume<\/title>\n<meta name=\"description\" content=\"Nicht abschlie\u00dfbare Mannlochabdeckungen in vier Gr\u00f6\u00dfen f\u00fcr enge R\u00e4ume. Geeignet f\u00fcr Mannl\u00f6cher \u00d8 61\u2013102 cm und schnell montiert.\" \/>\n<meta name=\"robots\" content=\"index, follow, max-snippet:-1, max-image-preview:large, max-video-preview:-1\" \/>\n<link rel=\"canonical\" href=\"https:\/\/d-identify.be\/de\/produkt\/nicht-abschliessbare-mannlochabdeckungen-in-vier-groessen\/\" \/>\n<meta property=\"og:locale\" content=\"de_DE\" \/>\n<meta property=\"og:type\" content=\"article\" \/>\n<meta property=\"og:title\" content=\"Nicht abschlie\u00dfbare Mannlochabdeckungen in vier Gr\u00f6\u00dfen\" \/>\n<meta property=\"og:description\" content=\"Nicht abschlie\u00dfbare Mannlochabdeckungen in vier Gr\u00f6\u00dfen f\u00fcr enge R\u00e4ume. Geeignet f\u00fcr Mannl\u00f6cher \u00d8 61\u2013102 cm und schnell montiert.\" \/>\n<meta property=\"og:url\" content=\"https:\/\/d-identify.be\/de\/produkt\/nicht-abschliessbare-mannlochabdeckungen-in-vier-groessen\/\" \/>\n<meta property=\"og:site_name\" content=\"d-identify\" \/>\n<meta property=\"article:modified_time\" content=\"2026-01-08T13:17:39+00:00\" \/>\n<meta property=\"og:image\" content=\"https:\/\/d-identify.be\/wp-content\/uploads\/2021\/07\/D500CSKIT-1024x938.png\" \/>\n\t<meta property=\"og:image:width\" content=\"1024\" \/>\n\t<meta property=\"og:image:height\" content=\"938\" \/>\n\t<meta property=\"og:image:type\" content=\"image\/png\" \/>\n<meta name=\"twitter:card\" content=\"summary_large_image\" \/>\n<meta name=\"twitter:label1\" content=\"Gesch\u00e4tzte Lesezeit\" \/>\n\t<meta name=\"twitter:data1\" content=\"1\u00a0Minute\" \/>\n<script type=\"application\/ld+json\" class=\"yoast-schema-graph\">{\"@context\":\"https:\/\/schema.org\",\"@graph\":[{\"@type\":\"WebPage\",\"@id\":\"https:\/\/d-identify.be\/de\/produkt\/nicht-abschliessbare-mannlochabdeckungen-in-vier-groessen\/\",\"url\":\"https:\/\/d-identify.be\/de\/produkt\/nicht-abschliessbare-mannlochabdeckungen-in-vier-groessen\/\",\"name\":\"Nicht abschlie\u00dfbare Mannlochabdeckungen \u2013 Enge R\u00e4ume\",\"isPartOf\":{\"@id\":\"https:\/\/d-identify.be\/de\/#website\"},\"primaryImageOfPage\":{\"@id\":\"https:\/\/d-identify.be\/de\/produkt\/nicht-abschliessbare-mannlochabdeckungen-in-vier-groessen\/#primaryimage\"},\"image\":{\"@id\":\"https:\/\/d-identify.be\/de\/produkt\/nicht-abschliessbare-mannlochabdeckungen-in-vier-groessen\/#primaryimage\"},\"thumbnailUrl\":\"https:\/\/d-identify.be\/wp-content\/uploads\/2021\/07\/D500CSKIT.png\",\"datePublished\":\"2021-07-26T10:38:46+00:00\",\"dateModified\":\"2026-01-08T13:17:39+00:00\",\"description\":\"Nicht abschlie\u00dfbare Mannlochabdeckungen in vier Gr\u00f6\u00dfen f\u00fcr enge R\u00e4ume. Geeignet f\u00fcr Mannl\u00f6cher \u00d8 61\u2013102 cm und schnell montiert.\",\"breadcrumb\":{\"@id\":\"https:\/\/d-identify.be\/de\/produkt\/nicht-abschliessbare-mannlochabdeckungen-in-vier-groessen\/#breadcrumb\"},\"inLanguage\":\"de\",\"potentialAction\":[{\"@type\":\"ReadAction\",\"target\":[\"https:\/\/d-identify.be\/de\/produkt\/nicht-abschliessbare-mannlochabdeckungen-in-vier-groessen\/\"]}]},{\"@type\":\"ImageObject\",\"inLanguage\":\"de\",\"@id\":\"https:\/\/d-identify.be\/de\/produkt\/nicht-abschliessbare-mannlochabdeckungen-in-vier-groessen\/#primaryimage\",\"url\":\"https:\/\/d-identify.be\/wp-content\/uploads\/2021\/07\/D500CSKIT.png\",\"contentUrl\":\"https:\/\/d-identify.be\/wp-content\/uploads\/2021\/07\/D500CSKIT.png\",\"width\":2799,\"height\":2564,\"caption\":\"Nicht abschlie\u00dfbare Mannlochabdeckungen \u2013 Enge R\u00e4ume\"},{\"@type\":\"BreadcrumbList\",\"@id\":\"https:\/\/d-identify.be\/de\/produkt\/nicht-abschliessbare-mannlochabdeckungen-in-vier-groessen\/#breadcrumb\",\"itemListElement\":[{\"@type\":\"ListItem\",\"position\":1,\"name\":\"Home\",\"item\":\"https:\/\/d-identify.be\/de\/home-2\/\"},{\"@type\":\"ListItem\",\"position\":2,\"name\":\"Shop\",\"item\":\"https:\/\/d-identify.be\/shop-2\/\"},{\"@type\":\"ListItem\",\"position\":3,\"name\":\"Nicht abschlie\u00dfbare Mannlochabdeckungen in vier Gr\u00f6\u00dfen\"}]},{\"@type\":\"WebSite\",\"@id\":\"https:\/\/d-identify.be\/de\/#website\",\"url\":\"https:\/\/d-identify.be\/de\/\",\"name\":\"d-identify\",\"description\":\"Industrial identification - Lockout - Tagout - Floor marking\",\"potentialAction\":[{\"@type\":\"SearchAction\",\"target\":{\"@type\":\"EntryPoint\",\"urlTemplate\":\"https:\/\/d-identify.be\/de\/?s={search_term_string}\"},\"query-input\":{\"@type\":\"PropertyValueSpecification\",\"valueRequired\":true,\"valueName\":\"search_term_string\"}}],\"inLanguage\":\"de\"}]}<\/script>\n<!-- \/ Yoast SEO Premium plugin. -->","yoast_head_json":{"title":"Nicht abschlie\u00dfbare Mannlochabdeckungen \u2013 Enge R\u00e4ume","description":"Nicht abschlie\u00dfbare Mannlochabdeckungen in vier Gr\u00f6\u00dfen f\u00fcr enge R\u00e4ume. Geeignet f\u00fcr Mannl\u00f6cher \u00d8 61\u2013102 cm und schnell montiert.","robots":{"index":"index","follow":"follow","max-snippet":"max-snippet:-1","max-image-preview":"max-image-preview:large","max-video-preview":"max-video-preview:-1"},"canonical":"https:\/\/d-identify.be\/de\/produkt\/nicht-abschliessbare-mannlochabdeckungen-in-vier-groessen\/","og_locale":"de_DE","og_type":"article","og_title":"Nicht abschlie\u00dfbare Mannlochabdeckungen in vier Gr\u00f6\u00dfen","og_description":"Nicht abschlie\u00dfbare Mannlochabdeckungen in vier Gr\u00f6\u00dfen f\u00fcr enge R\u00e4ume. Geeignet f\u00fcr Mannl\u00f6cher \u00d8 61\u2013102 cm und schnell montiert.","og_url":"https:\/\/d-identify.be\/de\/produkt\/nicht-abschliessbare-mannlochabdeckungen-in-vier-groessen\/","og_site_name":"d-identify","article_modified_time":"2026-01-08T13:17:39+00:00","og_image":[{"width":1024,"height":938,"url":"https:\/\/d-identify.be\/wp-content\/uploads\/2021\/07\/D500CSKIT-1024x938.png","type":"image\/png"}],"twitter_card":"summary_large_image","twitter_misc":{"Gesch\u00e4tzte Lesezeit":"1\u00a0Minute"},"schema":{"@context":"https:\/\/schema.org","@graph":[{"@type":"WebPage","@id":"https:\/\/d-identify.be\/de\/produkt\/nicht-abschliessbare-mannlochabdeckungen-in-vier-groessen\/","url":"https:\/\/d-identify.be\/de\/produkt\/nicht-abschliessbare-mannlochabdeckungen-in-vier-groessen\/","name":"Nicht abschlie\u00dfbare Mannlochabdeckungen \u2013 Enge R\u00e4ume","isPartOf":{"@id":"https:\/\/d-identify.be\/de\/#website"},"primaryImageOfPage":{"@id":"https:\/\/d-identify.be\/de\/produkt\/nicht-abschliessbare-mannlochabdeckungen-in-vier-groessen\/#primaryimage"},"image":{"@id":"https:\/\/d-identify.be\/de\/produkt\/nicht-abschliessbare-mannlochabdeckungen-in-vier-groessen\/#primaryimage"},"thumbnailUrl":"https:\/\/d-identify.be\/wp-content\/uploads\/2021\/07\/D500CSKIT.png","datePublished":"2021-07-26T10:38:46+00:00","dateModified":"2026-01-08T13:17:39+00:00","description":"Nicht abschlie\u00dfbare Mannlochabdeckungen in vier Gr\u00f6\u00dfen f\u00fcr enge R\u00e4ume. Geeignet f\u00fcr Mannl\u00f6cher \u00d8 61\u2013102 cm und schnell montiert.","breadcrumb":{"@id":"https:\/\/d-identify.be\/de\/produkt\/nicht-abschliessbare-mannlochabdeckungen-in-vier-groessen\/#breadcrumb"},"inLanguage":"de","potentialAction":[{"@type":"ReadAction","target":["https:\/\/d-identify.be\/de\/produkt\/nicht-abschliessbare-mannlochabdeckungen-in-vier-groessen\/"]}]},{"@type":"ImageObject","inLanguage":"de","@id":"https:\/\/d-identify.be\/de\/produkt\/nicht-abschliessbare-mannlochabdeckungen-in-vier-groessen\/#primaryimage","url":"https:\/\/d-identify.be\/wp-content\/uploads\/2021\/07\/D500CSKIT.png","contentUrl":"https:\/\/d-identify.be\/wp-content\/uploads\/2021\/07\/D500CSKIT.png","width":2799,"height":2564,"caption":"Nicht abschlie\u00dfbare Mannlochabdeckungen \u2013 Enge R\u00e4ume"},{"@type":"BreadcrumbList","@id":"https:\/\/d-identify.be\/de\/produkt\/nicht-abschliessbare-mannlochabdeckungen-in-vier-groessen\/#breadcrumb","itemListElement":[{"@type":"ListItem","position":1,"name":"Home","item":"https:\/\/d-identify.be\/de\/home-2\/"},{"@type":"ListItem","position":2,"name":"Shop","item":"https:\/\/d-identify.be\/shop-2\/"},{"@type":"ListItem","position":3,"name":"Nicht abschlie\u00dfbare Mannlochabdeckungen in vier Gr\u00f6\u00dfen"}]},{"@type":"WebSite","@id":"https:\/\/d-identify.be\/de\/#website","url":"https:\/\/d-identify.be\/de\/","name":"d-identify","description":"Industrial identification - Lockout - Tagout - Floor marking","potentialAction":[{"@type":"SearchAction","target":{"@type":"EntryPoint","urlTemplate":"https:\/\/d-identify.be\/de\/?s={search_term_string}"},"query-input":{"@type":"PropertyValueSpecification","valueRequired":true,"valueName":"search_term_string"}}],"inLanguage":"de"}]}},"_links":{"self":[{"href":"https:\/\/d-identify.be\/de\/wp-json\/wp\/v2\/product\/59827","targetHints":{"allow":["GET"]}}],"collection":[{"href":"https:\/\/d-identify.be\/de\/wp-json\/wp\/v2\/product"}],"about":[{"href":"https:\/\/d-identify.be\/de\/wp-json\/wp\/v2\/types\/product"}],"replies":[{"embeddable":true,"href":"https:\/\/d-identify.be\/de\/wp-json\/wp\/v2\/comments?post=59827"}],"wp:featuredmedia":[{"embeddable":true,"href":"https:\/\/d-identify.be\/de\/wp-json\/wp\/v2\/media\/27523"}],"wp:attachment":[{"href":"https:\/\/d-identify.be\/de\/wp-json\/wp\/v2\/media?parent=59827"}],"wp:term":[{"taxonomy":"product_brand","embeddable":true,"href":"https:\/\/d-identify.be\/de\/wp-json\/wp\/v2\/product_brand?post=59827"},{"taxonomy":"product_cat","embeddable":true,"href":"https:\/\/d-identify.be\/de\/wp-json\/wp\/v2\/product_cat?post=59827"},{"taxonomy":"product_tag","embeddable":true,"href":"https:\/\/d-identify.be\/de\/wp-json\/wp\/v2\/product_tag?post=59827"},{"taxonomy":"pa_connextion-shapes","embeddable":true,"href":"https:\/\/d-identify.be\/de\/wp-json\/wp\/v2\/pa_connextion-shapes?post=59827"}],"curies":[{"name":"wp","href":"https:\/\/api.w.org\/{rel}","templated":true}]}}