{"id":59749,"date":"2025-12-02T11:56:29","date_gmt":"2025-12-02T09:56:29","guid":{"rendered":"https:\/\/d-identify.be\/?post_type=product&#038;p=59749"},"modified":"2026-03-04T15:38:16","modified_gmt":"2026-03-04T13:38:16","slug":"godex-rt700i-pro-etikettendrucker","status":"publish","type":"product","link":"https:\/\/d-identify.be\/de\/produkt\/godex-rt700i-pro-etikettendrucker\/","title":{"rendered":"Godex RT700i PRO 203 DPI Desktop Etikettendrucker (USB, Ethernet, Display)"},"content":{"rendered":"<h2>Zuverl\u00e4ssiger Etikettendruck f\u00fcr Industrie und Logistik<\/h2>\n<p>Der Godex RT700i PRO Etikettendrucker bietet zuverl\u00e4ssigen 203 DPI Thermotransferdruck f\u00fcr Barcode-Etiketten, Produktkennzeichnung, Logistiketiketten und Asset-Tracking. Das kompakte Desktopdesign eignet sich ideal f\u00fcr Lager, Produktionsumgebungen und Einzelhandel.<\/p>\n<p>Der Godex RT700i PRO Etikettendrucker unterst\u00fctzt direkten PDF-Druck und verarbeitet komplexe Etikettenlayouts effizient dank leistungsstarkem Prozessor und gro\u00dfem internem Speicher.<\/p>\n<h2>Desktop Etikettendrucker mit USB und Ethernet<\/h2>\n<p>Der RT700i PRO 203 DPI Desktop Etikettendrucker l\u00e4sst sich problemlos \u00fcber USB und Ethernet in bestehende IT-Umgebungen integrieren. Optional kann eine drahtlose Verbindung \u00fcber einen kompatiblen WiFi- oder Bluetooth-USB-Dongle aktiviert werden.<\/p>\n<p>Das \u00fcbersichtliche 2,4\u201d Farb-LCD vereinfacht Konfiguration und t\u00e4glichen Betrieb. Die Stand-alone-Funktion erm\u00f6glicht au\u00dferdem das Drucken direkt vom Ger\u00e4t ohne permanente PC-Verbindung.<\/p>\n<h2>Entwickelt f\u00fcr flexible Etikettenproduktion<\/h2>\n<p>Das intelligente Mechanikdesign sorgt f\u00fcr stabile Druckqualit\u00e4t und einfache Wartung. Mehrere Sensoren unterst\u00fctzen verschiedene Etikettenmaterialien und erm\u00f6glichen eine pr\u00e4zise Medienerkennung.<\/p>\n<p>Die automatische Medienkalibrierung per Knopfdruck erm\u00f6glicht eine schnelle Einrichtung und konstant hohe Druckqualit\u00e4t f\u00fcr unterschiedliche Etikettenformate.<\/p>\n<h2>Kompatibel mit GoLabel Etikettendesign Software<\/h2>\n<p>Der Godex RT700i PRO Etikettendrucker arbeitet nahtlos mit der kostenlosen <a href=\"https:\/\/d-identify.be\/de\/golabel-etikettendesign-software\/\" target=\"_blank\" rel=\"noopener\">GoLabel Software<\/a>. Anwender k\u00f6nnen Barcode-Etiketten, Produktetiketten und Logistiklabels einfach entwerfen und direkt drucken.<\/p>\n<h2>Kompatible Thermotransfer Farbb\u00e4nder<\/h2>\n<p>F\u00fcr langlebige Drucke verwendet dieser Drucker Thermotransfer-Farbb\u00e4nder. Entdecken Sie unsere Auswahl an <a href=\"https:\/\/d-identify.be\/de\/produktkategorien\/thermotransfer-farbbaender\/?filters=ribbon-brand[1941]\" target=\"_blank\" rel=\"noopener\">Thermotransfer Farbb\u00e4ndern f\u00fcr Godex Drucker<\/a>.<\/p>\n<h2>Wichtige Merkmale<\/h2>\n<ul>\n<li>203 DPI Thermotransfer Etikettendruck<\/li>\n<li>USB und Ethernet Schnittstellen<\/li>\n<li>Optionales WiFi oder Bluetooth \u00fcber USB-Dongle<\/li>\n<li>2,4\u201d Farb-LCD Display<\/li>\n<li>Direkter PDF-Druck<\/li>\n<li>Automatische Medienkalibrierung<\/li>\n<li>Mehrere Mediensensoren<\/li>\n<li>Gro\u00dfer interner Speicher<\/li>\n<li>Stand-alone Druckfunktion<\/li>\n<li>3 Jahre Herstellergarantie<\/li>\n<\/ul>\n<h2>Technische Dokumentation<\/h2>\n<p><u><a href=\"https:\/\/d-identify.be\/wp-content\/uploads\/2025\/12\/Brochure_GoDEX_RT700iPro_EN-240807.pdf\" target=\"_blank\" rel=\"noopener\">Technisches Datenblatt herunterladen (PDF)<\/a><\/u><\/p>\n","protected":false},"excerpt":{"rendered":"<p><strong>Godex RT700i PRO Etikettendrucker<\/strong> mit 203 DPI Druckaufl\u00f6sung, USB- und Ethernet-Schnittstellen sowie einem klaren 2,4\u201d Farb-LCD f\u00fcr professionelle Barcode- und Produktkennzeichnung.<\/p>\n<p>Dieser Drucker arbeitet perfekt mit der kostenlosen <a href=\"https:\/\/d-identify.be\/de\/golabel-etikettendesign-software\/\" target=\"_blank\" rel=\"noopener\">GoLabel Etikettendesign Software<\/a>, um Barcode-, Produkt- und Industrieetiketten schnell zu erstellen und zu drucken.<\/p>\n<p><u><a href=\"https:\/\/d-identify.be\/wp-content\/uploads\/2025\/12\/Brochure_GoDEX_RT700iPro_EN-240807.pdf\" target=\"_blank\" rel=\"noopener\">Technisches Datenblatt herunterladen (PDF)<\/a><\/u><\/p>\n<p class=\"product__brief ai-optimize-21\"><strong>Hauptfunktionen<\/strong><\/p>\n","protected":false},"featured_media":59743,"comment_status":"open","ping_status":"closed","template":"","meta":{"_acf_changed":false,"_et_pb_use_builder":"","_et_pb_old_content":"","_et_gb_content_width":""},"product_brand":[1227],"product_cat":[596,599],"product_tag":[],"pa_connextion-shapes":[],"class_list":{"0":"post-59749","1":"product","2":"type-product","3":"status-publish","4":"has-post-thumbnail","6":"product_brand-godex","7":"product_cat-industriedrucker","8":"product_cat-desktop-etikettendrucker","10":"first","11":"instock","12":"sale","13":"taxable","14":"shipping-taxable","15":"purchasable","16":"product-type-simple"},"exclude_global_add_ons":false,"addons":[{"name":"Erweiterungen f\u00fcr den RT700i Pro","type":"heading","position":0,"required":false,"title_format":"label","default":"","description_enable":false,"description":"","placeholder_enable":false,"placeholder":"","display":"select","restrictions_type":"any_text","adjust_price":false,"price":"","price_type":"flat_fee","restrictions":false,"min":"0","max":"0","options":[],"id":1739978822},{"name":"Guillotinenschneidemodul RT7x0(i)(+)(PRO) \/ RT8x3(i)(+)(PRO)","type":"checkbox","position":1,"required":false,"title_format":"label","default":"","description_enable":false,"description":"Guillotine-Schneidemaschine GE3x0","placeholder_enable":false,"placeholder":"","display":"select","restrictions_type":"any_text","adjust_price":false,"price":"","price_type":"flat_fee","restrictions":false,"min":"0","max":"0","options":[{"label":"GP-031-G50003-001 :","price":"220.5","price_type":"flat_fee","image":0,"visibility":true}],"id":1739978823},{"name":"Externer Abwickler","type":"checkbox","position":2,"required":false,"title_format":"label","default":"","description_enable":false,"description":"","placeholder_enable":false,"placeholder":"","display":"select","restrictions_type":"any_text","adjust_price":false,"price":"","price_type":"flat_fee","restrictions":false,"min":"0","max":"0","options":[{"label":"GP-031-G50003-001","price":"35","price_type":"flat_fee","image":0,"visibility":true}],"id":1739979540}],"acf":[],"yoast_head":"<!-- This site is optimized with the Yoast SEO Premium plugin v27.0 (Yoast SEO v27.1) - https:\/\/yoast.com\/product\/yoast-seo-premium-wordpress\/ -->\n<title>Godex RT700i PRO Etikettendrucker<\/title>\n<meta name=\"description\" content=\"Godex RT700i PRO Etikettendrucker mit 203 DPI Druckaufl\u00f6sung, USB und Ethernet, Farb-LCD Display und GoLabel Etikettendesign Software.\" \/>\n<meta name=\"robots\" content=\"index, follow, max-snippet:-1, max-image-preview:large, max-video-preview:-1\" \/>\n<link rel=\"canonical\" href=\"https:\/\/d-identify.be\/de\/produkt\/godex-rt700i-pro-etikettendrucker\/\" \/>\n<meta property=\"og:locale\" content=\"de_DE\" \/>\n<meta property=\"og:type\" content=\"article\" \/>\n<meta property=\"og:title\" content=\"Godex RT700i PRO 203 DPI Desktop Etikettendrucker (USB, Ethernet, Display)\" \/>\n<meta property=\"og:description\" content=\"Godex RT700i PRO Etikettendrucker mit 203 DPI Druckaufl\u00f6sung, USB und Ethernet, Farb-LCD Display und GoLabel Etikettendesign Software.\" \/>\n<meta property=\"og:url\" content=\"https:\/\/d-identify.be\/de\/produkt\/godex-rt700i-pro-etikettendrucker\/\" \/>\n<meta property=\"og:site_name\" content=\"d-identify\" \/>\n<meta property=\"article:modified_time\" content=\"2026-03-04T13:38:16+00:00\" \/>\n<meta property=\"og:image\" content=\"https:\/\/d-identify.be\/wp-content\/uploads\/2025\/12\/700i-pro-.png\" \/>\n\t<meta property=\"og:image:width\" content=\"600\" \/>\n\t<meta property=\"og:image:height\" content=\"600\" \/>\n\t<meta property=\"og:image:type\" content=\"image\/png\" \/>\n<meta name=\"twitter:card\" content=\"summary_large_image\" \/>\n<meta name=\"twitter:label1\" content=\"Gesch\u00e4tzte Lesezeit\" \/>\n\t<meta name=\"twitter:data1\" content=\"2\u00a0Minuten\" \/>\n<script type=\"application\/ld+json\" class=\"yoast-schema-graph\">{\"@context\":\"https:\/\/schema.org\",\"@graph\":[{\"@type\":\"WebPage\",\"@id\":\"https:\/\/d-identify.be\/de\/produkt\/godex-rt700i-pro-etikettendrucker\/\",\"url\":\"https:\/\/d-identify.be\/de\/produkt\/godex-rt700i-pro-etikettendrucker\/\",\"name\":\"Godex RT700i PRO Etikettendrucker\",\"isPartOf\":{\"@id\":\"https:\/\/d-identify.be\/de\/#website\"},\"primaryImageOfPage\":{\"@id\":\"https:\/\/d-identify.be\/de\/produkt\/godex-rt700i-pro-etikettendrucker\/#primaryimage\"},\"image\":{\"@id\":\"https:\/\/d-identify.be\/de\/produkt\/godex-rt700i-pro-etikettendrucker\/#primaryimage\"},\"thumbnailUrl\":\"https:\/\/d-identify.be\/wp-content\/uploads\/2025\/12\/700i-pro-.png\",\"datePublished\":\"2025-12-02T09:56:29+00:00\",\"dateModified\":\"2026-03-04T13:38:16+00:00\",\"description\":\"Godex RT700i PRO Etikettendrucker mit 203 DPI Druckaufl\u00f6sung, USB und Ethernet, Farb-LCD Display und GoLabel Etikettendesign Software.\",\"breadcrumb\":{\"@id\":\"https:\/\/d-identify.be\/de\/produkt\/godex-rt700i-pro-etikettendrucker\/#breadcrumb\"},\"inLanguage\":\"de\",\"potentialAction\":[{\"@type\":\"ReadAction\",\"target\":[\"https:\/\/d-identify.be\/de\/produkt\/godex-rt700i-pro-etikettendrucker\/\"]}]},{\"@type\":\"ImageObject\",\"inLanguage\":\"de\",\"@id\":\"https:\/\/d-identify.be\/de\/produkt\/godex-rt700i-pro-etikettendrucker\/#primaryimage\",\"url\":\"https:\/\/d-identify.be\/wp-content\/uploads\/2025\/12\/700i-pro-.png\",\"contentUrl\":\"https:\/\/d-identify.be\/wp-content\/uploads\/2025\/12\/700i-pro-.png\",\"width\":600,\"height\":600,\"caption\":\"Godex RT700i PRO Etikettendrucker\"},{\"@type\":\"BreadcrumbList\",\"@id\":\"https:\/\/d-identify.be\/de\/produkt\/godex-rt700i-pro-etikettendrucker\/#breadcrumb\",\"itemListElement\":[{\"@type\":\"ListItem\",\"position\":1,\"name\":\"Home\",\"item\":\"https:\/\/d-identify.be\/de\/home-2\/\"},{\"@type\":\"ListItem\",\"position\":2,\"name\":\"Shop\",\"item\":\"https:\/\/d-identify.be\/shop-2\/\"},{\"@type\":\"ListItem\",\"position\":3,\"name\":\"Godex RT700i PRO 203 DPI Desktop Etikettendrucker (USB, Ethernet, Display)\"}]},{\"@type\":\"WebSite\",\"@id\":\"https:\/\/d-identify.be\/de\/#website\",\"url\":\"https:\/\/d-identify.be\/de\/\",\"name\":\"d-identify\",\"description\":\"Industrial identification - Lockout - Tagout - Floor marking\",\"potentialAction\":[{\"@type\":\"SearchAction\",\"target\":{\"@type\":\"EntryPoint\",\"urlTemplate\":\"https:\/\/d-identify.be\/de\/?s={search_term_string}\"},\"query-input\":{\"@type\":\"PropertyValueSpecification\",\"valueRequired\":true,\"valueName\":\"search_term_string\"}}],\"inLanguage\":\"de\"}]}<\/script>\n<!-- \/ Yoast SEO Premium plugin. -->","yoast_head_json":{"title":"Godex RT700i PRO Etikettendrucker","description":"Godex RT700i PRO Etikettendrucker mit 203 DPI Druckaufl\u00f6sung, USB und Ethernet, Farb-LCD Display und GoLabel Etikettendesign Software.","robots":{"index":"index","follow":"follow","max-snippet":"max-snippet:-1","max-image-preview":"max-image-preview:large","max-video-preview":"max-video-preview:-1"},"canonical":"https:\/\/d-identify.be\/de\/produkt\/godex-rt700i-pro-etikettendrucker\/","og_locale":"de_DE","og_type":"article","og_title":"Godex RT700i PRO 203 DPI Desktop Etikettendrucker (USB, Ethernet, Display)","og_description":"Godex RT700i PRO Etikettendrucker mit 203 DPI Druckaufl\u00f6sung, USB und Ethernet, Farb-LCD Display und GoLabel Etikettendesign Software.","og_url":"https:\/\/d-identify.be\/de\/produkt\/godex-rt700i-pro-etikettendrucker\/","og_site_name":"d-identify","article_modified_time":"2026-03-04T13:38:16+00:00","og_image":[{"width":600,"height":600,"url":"https:\/\/d-identify.be\/wp-content\/uploads\/2025\/12\/700i-pro-.png","type":"image\/png"}],"twitter_card":"summary_large_image","twitter_misc":{"Gesch\u00e4tzte Lesezeit":"2\u00a0Minuten"},"schema":{"@context":"https:\/\/schema.org","@graph":[{"@type":"WebPage","@id":"https:\/\/d-identify.be\/de\/produkt\/godex-rt700i-pro-etikettendrucker\/","url":"https:\/\/d-identify.be\/de\/produkt\/godex-rt700i-pro-etikettendrucker\/","name":"Godex RT700i PRO Etikettendrucker","isPartOf":{"@id":"https:\/\/d-identify.be\/de\/#website"},"primaryImageOfPage":{"@id":"https:\/\/d-identify.be\/de\/produkt\/godex-rt700i-pro-etikettendrucker\/#primaryimage"},"image":{"@id":"https:\/\/d-identify.be\/de\/produkt\/godex-rt700i-pro-etikettendrucker\/#primaryimage"},"thumbnailUrl":"https:\/\/d-identify.be\/wp-content\/uploads\/2025\/12\/700i-pro-.png","datePublished":"2025-12-02T09:56:29+00:00","dateModified":"2026-03-04T13:38:16+00:00","description":"Godex RT700i PRO Etikettendrucker mit 203 DPI Druckaufl\u00f6sung, USB und Ethernet, Farb-LCD Display und GoLabel Etikettendesign Software.","breadcrumb":{"@id":"https:\/\/d-identify.be\/de\/produkt\/godex-rt700i-pro-etikettendrucker\/#breadcrumb"},"inLanguage":"de","potentialAction":[{"@type":"ReadAction","target":["https:\/\/d-identify.be\/de\/produkt\/godex-rt700i-pro-etikettendrucker\/"]}]},{"@type":"ImageObject","inLanguage":"de","@id":"https:\/\/d-identify.be\/de\/produkt\/godex-rt700i-pro-etikettendrucker\/#primaryimage","url":"https:\/\/d-identify.be\/wp-content\/uploads\/2025\/12\/700i-pro-.png","contentUrl":"https:\/\/d-identify.be\/wp-content\/uploads\/2025\/12\/700i-pro-.png","width":600,"height":600,"caption":"Godex RT700i PRO Etikettendrucker"},{"@type":"BreadcrumbList","@id":"https:\/\/d-identify.be\/de\/produkt\/godex-rt700i-pro-etikettendrucker\/#breadcrumb","itemListElement":[{"@type":"ListItem","position":1,"name":"Home","item":"https:\/\/d-identify.be\/de\/home-2\/"},{"@type":"ListItem","position":2,"name":"Shop","item":"https:\/\/d-identify.be\/shop-2\/"},{"@type":"ListItem","position":3,"name":"Godex RT700i PRO 203 DPI Desktop Etikettendrucker (USB, Ethernet, Display)"}]},{"@type":"WebSite","@id":"https:\/\/d-identify.be\/de\/#website","url":"https:\/\/d-identify.be\/de\/","name":"d-identify","description":"Industrial identification - Lockout - Tagout - Floor marking","potentialAction":[{"@type":"SearchAction","target":{"@type":"EntryPoint","urlTemplate":"https:\/\/d-identify.be\/de\/?s={search_term_string}"},"query-input":{"@type":"PropertyValueSpecification","valueRequired":true,"valueName":"search_term_string"}}],"inLanguage":"de"}]}},"_links":{"self":[{"href":"https:\/\/d-identify.be\/de\/wp-json\/wp\/v2\/product\/59749","targetHints":{"allow":["GET"]}}],"collection":[{"href":"https:\/\/d-identify.be\/de\/wp-json\/wp\/v2\/product"}],"about":[{"href":"https:\/\/d-identify.be\/de\/wp-json\/wp\/v2\/types\/product"}],"replies":[{"embeddable":true,"href":"https:\/\/d-identify.be\/de\/wp-json\/wp\/v2\/comments?post=59749"}],"wp:featuredmedia":[{"embeddable":true,"href":"https:\/\/d-identify.be\/de\/wp-json\/wp\/v2\/media\/59743"}],"wp:attachment":[{"href":"https:\/\/d-identify.be\/de\/wp-json\/wp\/v2\/media?parent=59749"}],"wp:term":[{"taxonomy":"product_brand","embeddable":true,"href":"https:\/\/d-identify.be\/de\/wp-json\/wp\/v2\/product_brand?post=59749"},{"taxonomy":"product_cat","embeddable":true,"href":"https:\/\/d-identify.be\/de\/wp-json\/wp\/v2\/product_cat?post=59749"},{"taxonomy":"product_tag","embeddable":true,"href":"https:\/\/d-identify.be\/de\/wp-json\/wp\/v2\/product_tag?post=59749"},{"taxonomy":"pa_connextion-shapes","embeddable":true,"href":"https:\/\/d-identify.be\/de\/wp-json\/wp\/v2\/pa_connextion-shapes?post=59749"}],"curies":[{"name":"wp","href":"https:\/\/api.w.org\/{rel}","templated":true}]}}