{"id":59324,"date":"2025-09-23T11:30:42","date_gmt":"2025-09-23T09:30:42","guid":{"rendered":"https:\/\/d-identify.be\/?post_type=product&#038;p=59324"},"modified":"2025-09-24T22:55:09","modified_gmt":"2025-09-24T20:55:09","slug":"druckknopfschild-30x40mm-copy-copy-copy-4","status":"publish","type":"product","link":"https:\/\/d-identify.be\/de\/produkt\/druckknopfschild-30x40mm-copy-copy-copy-4\/","title":{"rendered":"Engraving Plate Label Attema 27\u00d78mm Green"},"content":{"rendered":"<p data-start=\"310\" data-end=\"461\"><strong data-start=\"314\" data-end=\"346\">Gravurschild-Etikett Attema<\/strong> 27 \u00d7 8 mm \u2013 Silber: dieses Etikett verleiht ein klares und professionelles graviertes Erscheinungsbild. Es eignet sich sowohl f\u00fcr Dosen als auch f\u00fcr Drucktastertr\u00e4ger. <\/p>\n<p data-start=\"463\" data-end=\"635\">Gravurschild-Etikett Attema 27 \u00d7 8 mm \u2013 Silber: passend f\u00fcr <strong data-start=\"471\" data-end=\"493\">Attema AK2 Dosen<\/strong> und ebenfalls kompatibel mit Tr\u00e4gern von <strong data-start=\"525\" data-end=\"555\">ABB (1SFA611400R1001\u20131006)<\/strong>, <strong data-start=\"557\" data-end=\"602\">Phoenix Contact CARRIER-EMLP 22 (0828984)<\/strong> und <strong data-start=\"608\" data-end=\"632\">Schneider ZBY2100-05.<\/strong><\/p>\n<p data-start=\"637\" data-end=\"856\">hergestellt aus strapazierf\u00e4higem <strong data-start=\"659\" data-end=\"672\">Polyester<\/strong> mit einem <strong data-start=\"680\" data-end=\"712\">Acrylkleber und Schaumr\u00fccken<\/strong>. Dieses Design sorgt f\u00fcr eine feste, gravierte Haptik und einen sicheren Halt. Ersetzen Sie gravierte Schilder in Sekundenschnelle und sparen Sie dabei Zeit und Kosten.  <\/p>\n<p data-start=\"858\" data-end=\"1049\">jede Rolle enth\u00e4lt 500 Etiketten mit einem 40-mm-Kern. W\u00e4hlen Sie Silber oder Wei\u00df f\u00fcr eine schnelle, langlebige und professionelle Kennzeichnungsl\u00f6sung f\u00fcr Dosen, Schalttafeln und Drucktastersysteme. <\/p>\n","protected":false},"excerpt":{"rendered":"<p><strong data-start=\"578\" data-end=\"610\">Gravurschild-Etikett Attema<\/strong> 27 \u00d7 8 mm \u2013 Silber: ein langlebiges Etikett, entwickelt f\u00fcr Attema AK2 Dosen und kompatibel mit Drucktastertr\u00e4gern von ABB, Phoenix Contact und Schneider. Der Acrylkleber mit Schaumr\u00fccken sorgt f\u00fcr eine feste, gravierte Haptik und zuverl\u00e4ssigen Halt. Ersetzen Sie gravierte Schilder schnell und professionell.   <\/p>\n<p><strong>Hauptfunktionen<\/strong><\/p>\n","protected":false},"featured_media":59330,"comment_status":"open","ping_status":"closed","template":"","meta":{"_acf_changed":false,"_et_pb_use_builder":"","_et_pb_old_content":"","_et_gb_content_width":""},"product_brand":[],"product_cat":[662,674],"product_tag":[962],"pa_connextion-shapes":[],"class_list":{"0":"post-59324","1":"product","2":"type-product","3":"status-publish","4":"has-post-thumbnail","6":"product_cat-kabelmarkierung","7":"product_cat-resopal-etiketten-gravurschild-ersatzetiketten","8":"product_tag-d-identify-de","10":"first","11":"instock","12":"taxable","13":"shipping-taxable","14":"purchasable","15":"product-type-simple"},"exclude_global_add_ons":[],"addons":[],"acf":[],"yoast_head":"<!-- This site is optimized with the Yoast SEO Premium plugin v27.0 (Yoast SEO v27.1) - https:\/\/yoast.com\/product\/yoast-seo-premium-wordpress\/ -->\n<title>Engraving Plate Label Attema 27\u00d78mm Green<\/title>\n<meta name=\"description\" content=\"Gravurschild-Etikett Attema 27 \u00d7 8 mm Silber. Passend f\u00fcr Attema AK2 Dosen sowie ABB, Phoenix, Schneider Tr\u00e4ger. 500 Etiketten pro Rolle.\" \/>\n<meta name=\"robots\" content=\"index, follow, max-snippet:-1, max-image-preview:large, max-video-preview:-1\" \/>\n<link rel=\"canonical\" href=\"https:\/\/d-identify.be\/de\/produkt\/druckknopfschild-30x40mm-copy-copy-copy-4\/\" \/>\n<meta property=\"og:locale\" content=\"de_DE\" \/>\n<meta property=\"og:type\" content=\"article\" \/>\n<meta property=\"og:title\" content=\"Engraving Plate Label Attema 27\u00d78mm Green\" \/>\n<meta property=\"og:description\" content=\"Gravurschild-Etikett Attema 27 \u00d7 8 mm Silber. Passend f\u00fcr Attema AK2 Dosen sowie ABB, Phoenix, Schneider Tr\u00e4ger. 500 Etiketten pro Rolle.\" \/>\n<meta property=\"og:url\" content=\"https:\/\/d-identify.be\/de\/produkt\/druckknopfschild-30x40mm-copy-copy-copy-4\/\" \/>\n<meta property=\"og:site_name\" content=\"d-identify\" \/>\n<meta property=\"article:modified_time\" content=\"2025-09-24T20:55:09+00:00\" \/>\n<meta property=\"og:image\" content=\"https:\/\/d-identify.be\/wp-content\/uploads\/2025\/09\/EPL-27x8-C1.5-500-GR.webp\" \/>\n\t<meta property=\"og:image:width\" content=\"1418\" \/>\n\t<meta property=\"og:image:height\" content=\"1329\" \/>\n\t<meta property=\"og:image:type\" content=\"image\/webp\" \/>\n<meta name=\"twitter:card\" content=\"summary_large_image\" \/>\n<meta name=\"twitter:label1\" content=\"Gesch\u00e4tzte Lesezeit\" \/>\n\t<meta name=\"twitter:data1\" content=\"1\u00a0Minute\" \/>\n<script type=\"application\/ld+json\" class=\"yoast-schema-graph\">{\"@context\":\"https:\/\/schema.org\",\"@graph\":[{\"@type\":\"WebPage\",\"@id\":\"https:\/\/d-identify.be\/de\/produkt\/druckknopfschild-30x40mm-copy-copy-copy-4\/\",\"url\":\"https:\/\/d-identify.be\/de\/produkt\/druckknopfschild-30x40mm-copy-copy-copy-4\/\",\"name\":\"Engraving Plate Label Attema 27\u00d78mm Green\",\"isPartOf\":{\"@id\":\"https:\/\/d-identify.be\/de\/#website\"},\"primaryImageOfPage\":{\"@id\":\"https:\/\/d-identify.be\/de\/produkt\/druckknopfschild-30x40mm-copy-copy-copy-4\/#primaryimage\"},\"image\":{\"@id\":\"https:\/\/d-identify.be\/de\/produkt\/druckknopfschild-30x40mm-copy-copy-copy-4\/#primaryimage\"},\"thumbnailUrl\":\"https:\/\/d-identify.be\/wp-content\/uploads\/2025\/09\/EPL-27x8-C1.5-500-GR.webp\",\"datePublished\":\"2025-09-23T09:30:42+00:00\",\"dateModified\":\"2025-09-24T20:55:09+00:00\",\"description\":\"Gravurschild-Etikett Attema 27 \u00d7 8 mm Silber. Passend f\u00fcr Attema AK2 Dosen sowie ABB, Phoenix, Schneider Tr\u00e4ger. 500 Etiketten pro Rolle.\",\"breadcrumb\":{\"@id\":\"https:\/\/d-identify.be\/de\/produkt\/druckknopfschild-30x40mm-copy-copy-copy-4\/#breadcrumb\"},\"inLanguage\":\"de\",\"potentialAction\":[{\"@type\":\"ReadAction\",\"target\":[\"https:\/\/d-identify.be\/de\/produkt\/druckknopfschild-30x40mm-copy-copy-copy-4\/\"]}]},{\"@type\":\"ImageObject\",\"inLanguage\":\"de\",\"@id\":\"https:\/\/d-identify.be\/de\/produkt\/druckknopfschild-30x40mm-copy-copy-copy-4\/#primaryimage\",\"url\":\"https:\/\/d-identify.be\/wp-content\/uploads\/2025\/09\/EPL-27x8-C1.5-500-GR.webp\",\"contentUrl\":\"https:\/\/d-identify.be\/wp-content\/uploads\/2025\/09\/EPL-27x8-C1.5-500-GR.webp\",\"width\":1418,\"height\":1329,\"caption\":\"Gravurschild-Etikett Attema 27 \u00d7 8 mm \u2013 Gr\u00fcn\"},{\"@type\":\"BreadcrumbList\",\"@id\":\"https:\/\/d-identify.be\/de\/produkt\/druckknopfschild-30x40mm-copy-copy-copy-4\/#breadcrumb\",\"itemListElement\":[{\"@type\":\"ListItem\",\"position\":1,\"name\":\"Home\",\"item\":\"https:\/\/d-identify.be\/de\/home-2\/\"},{\"@type\":\"ListItem\",\"position\":2,\"name\":\"Shop\",\"item\":\"https:\/\/d-identify.be\/shop-2\/\"},{\"@type\":\"ListItem\",\"position\":3,\"name\":\"Engraving Plate Label Attema 27\u00d78mm Green\"}]},{\"@type\":\"WebSite\",\"@id\":\"https:\/\/d-identify.be\/de\/#website\",\"url\":\"https:\/\/d-identify.be\/de\/\",\"name\":\"d-identify\",\"description\":\"Industrial identification - Lockout - Tagout - Floor marking\",\"potentialAction\":[{\"@type\":\"SearchAction\",\"target\":{\"@type\":\"EntryPoint\",\"urlTemplate\":\"https:\/\/d-identify.be\/de\/?s={search_term_string}\"},\"query-input\":{\"@type\":\"PropertyValueSpecification\",\"valueRequired\":true,\"valueName\":\"search_term_string\"}}],\"inLanguage\":\"de\"}]}<\/script>\n<!-- \/ Yoast SEO Premium plugin. -->","yoast_head_json":{"title":"Engraving Plate Label Attema 27\u00d78mm Green","description":"Gravurschild-Etikett Attema 27 \u00d7 8 mm Silber. Passend f\u00fcr Attema AK2 Dosen sowie ABB, Phoenix, Schneider Tr\u00e4ger. 500 Etiketten pro Rolle.","robots":{"index":"index","follow":"follow","max-snippet":"max-snippet:-1","max-image-preview":"max-image-preview:large","max-video-preview":"max-video-preview:-1"},"canonical":"https:\/\/d-identify.be\/de\/produkt\/druckknopfschild-30x40mm-copy-copy-copy-4\/","og_locale":"de_DE","og_type":"article","og_title":"Engraving Plate Label Attema 27\u00d78mm Green","og_description":"Gravurschild-Etikett Attema 27 \u00d7 8 mm Silber. Passend f\u00fcr Attema AK2 Dosen sowie ABB, Phoenix, Schneider Tr\u00e4ger. 500 Etiketten pro Rolle.","og_url":"https:\/\/d-identify.be\/de\/produkt\/druckknopfschild-30x40mm-copy-copy-copy-4\/","og_site_name":"d-identify","article_modified_time":"2025-09-24T20:55:09+00:00","og_image":[{"width":1418,"height":1329,"url":"https:\/\/d-identify.be\/wp-content\/uploads\/2025\/09\/EPL-27x8-C1.5-500-GR.webp","type":"image\/webp"}],"twitter_card":"summary_large_image","twitter_misc":{"Gesch\u00e4tzte Lesezeit":"1\u00a0Minute"},"schema":{"@context":"https:\/\/schema.org","@graph":[{"@type":"WebPage","@id":"https:\/\/d-identify.be\/de\/produkt\/druckknopfschild-30x40mm-copy-copy-copy-4\/","url":"https:\/\/d-identify.be\/de\/produkt\/druckknopfschild-30x40mm-copy-copy-copy-4\/","name":"Engraving Plate Label Attema 27\u00d78mm Green","isPartOf":{"@id":"https:\/\/d-identify.be\/de\/#website"},"primaryImageOfPage":{"@id":"https:\/\/d-identify.be\/de\/produkt\/druckknopfschild-30x40mm-copy-copy-copy-4\/#primaryimage"},"image":{"@id":"https:\/\/d-identify.be\/de\/produkt\/druckknopfschild-30x40mm-copy-copy-copy-4\/#primaryimage"},"thumbnailUrl":"https:\/\/d-identify.be\/wp-content\/uploads\/2025\/09\/EPL-27x8-C1.5-500-GR.webp","datePublished":"2025-09-23T09:30:42+00:00","dateModified":"2025-09-24T20:55:09+00:00","description":"Gravurschild-Etikett Attema 27 \u00d7 8 mm Silber. Passend f\u00fcr Attema AK2 Dosen sowie ABB, Phoenix, Schneider Tr\u00e4ger. 500 Etiketten pro Rolle.","breadcrumb":{"@id":"https:\/\/d-identify.be\/de\/produkt\/druckknopfschild-30x40mm-copy-copy-copy-4\/#breadcrumb"},"inLanguage":"de","potentialAction":[{"@type":"ReadAction","target":["https:\/\/d-identify.be\/de\/produkt\/druckknopfschild-30x40mm-copy-copy-copy-4\/"]}]},{"@type":"ImageObject","inLanguage":"de","@id":"https:\/\/d-identify.be\/de\/produkt\/druckknopfschild-30x40mm-copy-copy-copy-4\/#primaryimage","url":"https:\/\/d-identify.be\/wp-content\/uploads\/2025\/09\/EPL-27x8-C1.5-500-GR.webp","contentUrl":"https:\/\/d-identify.be\/wp-content\/uploads\/2025\/09\/EPL-27x8-C1.5-500-GR.webp","width":1418,"height":1329,"caption":"Gravurschild-Etikett Attema 27 \u00d7 8 mm \u2013 Gr\u00fcn"},{"@type":"BreadcrumbList","@id":"https:\/\/d-identify.be\/de\/produkt\/druckknopfschild-30x40mm-copy-copy-copy-4\/#breadcrumb","itemListElement":[{"@type":"ListItem","position":1,"name":"Home","item":"https:\/\/d-identify.be\/de\/home-2\/"},{"@type":"ListItem","position":2,"name":"Shop","item":"https:\/\/d-identify.be\/shop-2\/"},{"@type":"ListItem","position":3,"name":"Engraving Plate Label Attema 27\u00d78mm Green"}]},{"@type":"WebSite","@id":"https:\/\/d-identify.be\/de\/#website","url":"https:\/\/d-identify.be\/de\/","name":"d-identify","description":"Industrial identification - Lockout - Tagout - Floor marking","potentialAction":[{"@type":"SearchAction","target":{"@type":"EntryPoint","urlTemplate":"https:\/\/d-identify.be\/de\/?s={search_term_string}"},"query-input":{"@type":"PropertyValueSpecification","valueRequired":true,"valueName":"search_term_string"}}],"inLanguage":"de"}]}},"_links":{"self":[{"href":"https:\/\/d-identify.be\/de\/wp-json\/wp\/v2\/product\/59324","targetHints":{"allow":["GET"]}}],"collection":[{"href":"https:\/\/d-identify.be\/de\/wp-json\/wp\/v2\/product"}],"about":[{"href":"https:\/\/d-identify.be\/de\/wp-json\/wp\/v2\/types\/product"}],"replies":[{"embeddable":true,"href":"https:\/\/d-identify.be\/de\/wp-json\/wp\/v2\/comments?post=59324"}],"wp:featuredmedia":[{"embeddable":true,"href":"https:\/\/d-identify.be\/de\/wp-json\/wp\/v2\/media\/59330"}],"wp:attachment":[{"href":"https:\/\/d-identify.be\/de\/wp-json\/wp\/v2\/media?parent=59324"}],"wp:term":[{"taxonomy":"product_brand","embeddable":true,"href":"https:\/\/d-identify.be\/de\/wp-json\/wp\/v2\/product_brand?post=59324"},{"taxonomy":"product_cat","embeddable":true,"href":"https:\/\/d-identify.be\/de\/wp-json\/wp\/v2\/product_cat?post=59324"},{"taxonomy":"product_tag","embeddable":true,"href":"https:\/\/d-identify.be\/de\/wp-json\/wp\/v2\/product_tag?post=59324"},{"taxonomy":"pa_connextion-shapes","embeddable":true,"href":"https:\/\/d-identify.be\/de\/wp-json\/wp\/v2\/pa_connextion-shapes?post=59324"}],"curies":[{"name":"wp","href":"https:\/\/api.w.org\/{rel}","templated":true}]}}