{"id":59301,"date":"2025-09-22T20:54:18","date_gmt":"2025-09-22T18:54:18","guid":{"rendered":"https:\/\/d-identify.be\/?post_type=product&#038;p=59301"},"modified":"2025-09-24T16:22:40","modified_gmt":"2025-09-24T14:22:40","slug":"druckknopfschild-30x40mm-copy-copy-copy-3","status":"publish","type":"product","link":"https:\/\/d-identify.be\/de\/produkt\/druckknopfschild-30x40mm-copy-copy-copy-3\/","title":{"rendered":"Gravurschild-Etikett R&amp;M Outlet 42 \u00d7 10 mm \u2013 Silber"},"content":{"rendered":"<p data-start=\"144\" data-end=\"466\"><strong data-start=\"302\" data-end=\"334\">Gravurschild-Etikett<\/strong> f\u00fcr<strong data-start=\"348\" data-end=\"355\"> R&amp;M-Dosen<\/strong>. Die silberne Oberfl\u00e4che sorgt f\u00fcr den Gravur-Look \u2013 ohne hohe Kosten oder lange Lieferzeiten. Der starke Schaum-Acryl-Kleber gibt dem Etikett eine feste, erhabene Haptik und gew\u00e4hrleistet zuverl\u00e4ssigen Halt.  <\/p>\n","protected":false},"excerpt":{"rendered":"<p>Erhabenes Gravurschild-Etikett f\u00fcr <strong data-start=\"106\" data-end=\"120\">GIRA-Dosen<\/strong>. Passgenau in <strong data-start=\"155\" data-end=\"165\">Silber oder Wei\u00df<\/strong> erh\u00e4ltlich. Der Schaum-Acryl-Kleber sorgt f\u00fcr eine gravur\u00e4hnliche Haptik und starken Halt. Gravurschilder lassen sich in Sekunden ersetzen.   <\/p>\n<p><strong>Hauptfunktionen<\/strong><\/p>\n","protected":false},"featured_media":59307,"comment_status":"open","ping_status":"closed","template":"","meta":{"_acf_changed":false,"_et_pb_use_builder":"","_et_pb_old_content":"","_et_gb_content_width":""},"product_brand":[],"product_cat":[662,674],"product_tag":[962],"pa_connextion-shapes":[],"class_list":{"0":"post-59301","1":"product","2":"type-product","3":"status-publish","4":"has-post-thumbnail","6":"product_cat-kabelmarkierung","7":"product_cat-resopal-etiketten-gravurschild-ersatzetiketten","8":"product_tag-d-identify-de","10":"first","11":"instock","12":"taxable","13":"shipping-taxable","14":"purchasable","15":"product-type-simple"},"exclude_global_add_ons":[],"addons":[],"acf":[],"yoast_head":"<!-- This site is optimized with the Yoast SEO Premium plugin v27.0 (Yoast SEO v27.1) - https:\/\/yoast.com\/product\/yoast-seo-premium-wordpress\/ -->\n<title>Gravurschild-Etikett R&amp;M Outlet 42 \u00d7 10 mm \u2013 Silber<\/title>\n<meta name=\"description\" content=\"Gravurschild-Etikett R&amp;M 42 \u00d7 10 mm Silber f\u00fcr Dosen. Erhabener Gravurlook mit starkem Schaum-Acryl-Kleber. Schneller, sauberer Ersatz.\" \/>\n<meta name=\"robots\" content=\"index, follow, max-snippet:-1, max-image-preview:large, max-video-preview:-1\" \/>\n<link rel=\"canonical\" href=\"https:\/\/d-identify.be\/de\/produkt\/druckknopfschild-30x40mm-copy-copy-copy-3\/\" \/>\n<meta property=\"og:locale\" content=\"de_DE\" \/>\n<meta property=\"og:type\" content=\"article\" \/>\n<meta property=\"og:title\" content=\"Gravurschild-Etikett R&amp;M Outlet 42 \u00d7 10 mm \u2013 Silber\" \/>\n<meta property=\"og:description\" content=\"Gravurschild-Etikett R&amp;M 42 \u00d7 10 mm Silber f\u00fcr Dosen. Erhabener Gravurlook mit starkem Schaum-Acryl-Kleber. Schneller, sauberer Ersatz.\" \/>\n<meta property=\"og:url\" content=\"https:\/\/d-identify.be\/de\/produkt\/druckknopfschild-30x40mm-copy-copy-copy-3\/\" \/>\n<meta property=\"og:site_name\" content=\"d-identify\" \/>\n<meta property=\"article:modified_time\" content=\"2025-09-24T14:22:40+00:00\" \/>\n<meta property=\"og:image\" content=\"https:\/\/d-identify.be\/wp-content\/uploads\/2025\/09\/EPL-42x10-C1.5-500-SV.webp\" \/>\n\t<meta property=\"og:image:width\" content=\"1418\" \/>\n\t<meta property=\"og:image:height\" content=\"1328\" \/>\n\t<meta property=\"og:image:type\" content=\"image\/webp\" \/>\n<meta name=\"twitter:card\" content=\"summary_large_image\" \/>\n<script type=\"application\/ld+json\" class=\"yoast-schema-graph\">{\"@context\":\"https:\/\/schema.org\",\"@graph\":[{\"@type\":\"WebPage\",\"@id\":\"https:\/\/d-identify.be\/de\/produkt\/druckknopfschild-30x40mm-copy-copy-copy-3\/\",\"url\":\"https:\/\/d-identify.be\/de\/produkt\/druckknopfschild-30x40mm-copy-copy-copy-3\/\",\"name\":\"Gravurschild-Etikett R&amp;M Outlet 42 \u00d7 10 mm \u2013 Silber\",\"isPartOf\":{\"@id\":\"https:\/\/d-identify.be\/de\/#website\"},\"primaryImageOfPage\":{\"@id\":\"https:\/\/d-identify.be\/de\/produkt\/druckknopfschild-30x40mm-copy-copy-copy-3\/#primaryimage\"},\"image\":{\"@id\":\"https:\/\/d-identify.be\/de\/produkt\/druckknopfschild-30x40mm-copy-copy-copy-3\/#primaryimage\"},\"thumbnailUrl\":\"https:\/\/d-identify.be\/wp-content\/uploads\/2025\/09\/EPL-42x10-C1.5-500-SV.webp\",\"datePublished\":\"2025-09-22T18:54:18+00:00\",\"dateModified\":\"2025-09-24T14:22:40+00:00\",\"description\":\"Gravurschild-Etikett R&M 42 \u00d7 10 mm Silber f\u00fcr Dosen. Erhabener Gravurlook mit starkem Schaum-Acryl-Kleber. Schneller, sauberer Ersatz.\",\"breadcrumb\":{\"@id\":\"https:\/\/d-identify.be\/de\/produkt\/druckknopfschild-30x40mm-copy-copy-copy-3\/#breadcrumb\"},\"inLanguage\":\"de\",\"potentialAction\":[{\"@type\":\"ReadAction\",\"target\":[\"https:\/\/d-identify.be\/de\/produkt\/druckknopfschild-30x40mm-copy-copy-copy-3\/\"]}]},{\"@type\":\"ImageObject\",\"inLanguage\":\"de\",\"@id\":\"https:\/\/d-identify.be\/de\/produkt\/druckknopfschild-30x40mm-copy-copy-copy-3\/#primaryimage\",\"url\":\"https:\/\/d-identify.be\/wp-content\/uploads\/2025\/09\/EPL-42x10-C1.5-500-SV.webp\",\"contentUrl\":\"https:\/\/d-identify.be\/wp-content\/uploads\/2025\/09\/EPL-42x10-C1.5-500-SV.webp\",\"width\":1418,\"height\":1328,\"caption\":\"Gravurschild-Etikett R&amp;M Outlet 42 \u00d7 10 mm \u2013 Silber\"},{\"@type\":\"BreadcrumbList\",\"@id\":\"https:\/\/d-identify.be\/de\/produkt\/druckknopfschild-30x40mm-copy-copy-copy-3\/#breadcrumb\",\"itemListElement\":[{\"@type\":\"ListItem\",\"position\":1,\"name\":\"Home\",\"item\":\"https:\/\/d-identify.be\/de\/home-2\/\"},{\"@type\":\"ListItem\",\"position\":2,\"name\":\"Shop\",\"item\":\"https:\/\/d-identify.be\/shop-2\/\"},{\"@type\":\"ListItem\",\"position\":3,\"name\":\"Gravurschild-Etikett R&amp;M Outlet 42 \u00d7 10 mm \u2013 Silber\"}]},{\"@type\":\"WebSite\",\"@id\":\"https:\/\/d-identify.be\/de\/#website\",\"url\":\"https:\/\/d-identify.be\/de\/\",\"name\":\"d-identify\",\"description\":\"Industrial identification - Lockout - Tagout - Floor marking\",\"potentialAction\":[{\"@type\":\"SearchAction\",\"target\":{\"@type\":\"EntryPoint\",\"urlTemplate\":\"https:\/\/d-identify.be\/de\/?s={search_term_string}\"},\"query-input\":{\"@type\":\"PropertyValueSpecification\",\"valueRequired\":true,\"valueName\":\"search_term_string\"}}],\"inLanguage\":\"de\"}]}<\/script>\n<!-- \/ Yoast SEO Premium plugin. -->","yoast_head_json":{"title":"Gravurschild-Etikett R&amp;M Outlet 42 \u00d7 10 mm \u2013 Silber","description":"Gravurschild-Etikett R&M 42 \u00d7 10 mm Silber f\u00fcr Dosen. Erhabener Gravurlook mit starkem Schaum-Acryl-Kleber. Schneller, sauberer Ersatz.","robots":{"index":"index","follow":"follow","max-snippet":"max-snippet:-1","max-image-preview":"max-image-preview:large","max-video-preview":"max-video-preview:-1"},"canonical":"https:\/\/d-identify.be\/de\/produkt\/druckknopfschild-30x40mm-copy-copy-copy-3\/","og_locale":"de_DE","og_type":"article","og_title":"Gravurschild-Etikett R&amp;M Outlet 42 \u00d7 10 mm \u2013 Silber","og_description":"Gravurschild-Etikett R&M 42 \u00d7 10 mm Silber f\u00fcr Dosen. Erhabener Gravurlook mit starkem Schaum-Acryl-Kleber. Schneller, sauberer Ersatz.","og_url":"https:\/\/d-identify.be\/de\/produkt\/druckknopfschild-30x40mm-copy-copy-copy-3\/","og_site_name":"d-identify","article_modified_time":"2025-09-24T14:22:40+00:00","og_image":[{"width":1418,"height":1328,"url":"https:\/\/d-identify.be\/wp-content\/uploads\/2025\/09\/EPL-42x10-C1.5-500-SV.webp","type":"image\/webp"}],"twitter_card":"summary_large_image","schema":{"@context":"https:\/\/schema.org","@graph":[{"@type":"WebPage","@id":"https:\/\/d-identify.be\/de\/produkt\/druckknopfschild-30x40mm-copy-copy-copy-3\/","url":"https:\/\/d-identify.be\/de\/produkt\/druckknopfschild-30x40mm-copy-copy-copy-3\/","name":"Gravurschild-Etikett R&amp;M Outlet 42 \u00d7 10 mm \u2013 Silber","isPartOf":{"@id":"https:\/\/d-identify.be\/de\/#website"},"primaryImageOfPage":{"@id":"https:\/\/d-identify.be\/de\/produkt\/druckknopfschild-30x40mm-copy-copy-copy-3\/#primaryimage"},"image":{"@id":"https:\/\/d-identify.be\/de\/produkt\/druckknopfschild-30x40mm-copy-copy-copy-3\/#primaryimage"},"thumbnailUrl":"https:\/\/d-identify.be\/wp-content\/uploads\/2025\/09\/EPL-42x10-C1.5-500-SV.webp","datePublished":"2025-09-22T18:54:18+00:00","dateModified":"2025-09-24T14:22:40+00:00","description":"Gravurschild-Etikett R&M 42 \u00d7 10 mm Silber f\u00fcr Dosen. Erhabener Gravurlook mit starkem Schaum-Acryl-Kleber. Schneller, sauberer Ersatz.","breadcrumb":{"@id":"https:\/\/d-identify.be\/de\/produkt\/druckknopfschild-30x40mm-copy-copy-copy-3\/#breadcrumb"},"inLanguage":"de","potentialAction":[{"@type":"ReadAction","target":["https:\/\/d-identify.be\/de\/produkt\/druckknopfschild-30x40mm-copy-copy-copy-3\/"]}]},{"@type":"ImageObject","inLanguage":"de","@id":"https:\/\/d-identify.be\/de\/produkt\/druckknopfschild-30x40mm-copy-copy-copy-3\/#primaryimage","url":"https:\/\/d-identify.be\/wp-content\/uploads\/2025\/09\/EPL-42x10-C1.5-500-SV.webp","contentUrl":"https:\/\/d-identify.be\/wp-content\/uploads\/2025\/09\/EPL-42x10-C1.5-500-SV.webp","width":1418,"height":1328,"caption":"Gravurschild-Etikett R&amp;M Outlet 42 \u00d7 10 mm \u2013 Silber"},{"@type":"BreadcrumbList","@id":"https:\/\/d-identify.be\/de\/produkt\/druckknopfschild-30x40mm-copy-copy-copy-3\/#breadcrumb","itemListElement":[{"@type":"ListItem","position":1,"name":"Home","item":"https:\/\/d-identify.be\/de\/home-2\/"},{"@type":"ListItem","position":2,"name":"Shop","item":"https:\/\/d-identify.be\/shop-2\/"},{"@type":"ListItem","position":3,"name":"Gravurschild-Etikett R&amp;M Outlet 42 \u00d7 10 mm \u2013 Silber"}]},{"@type":"WebSite","@id":"https:\/\/d-identify.be\/de\/#website","url":"https:\/\/d-identify.be\/de\/","name":"d-identify","description":"Industrial identification - Lockout - Tagout - Floor marking","potentialAction":[{"@type":"SearchAction","target":{"@type":"EntryPoint","urlTemplate":"https:\/\/d-identify.be\/de\/?s={search_term_string}"},"query-input":{"@type":"PropertyValueSpecification","valueRequired":true,"valueName":"search_term_string"}}],"inLanguage":"de"}]}},"_links":{"self":[{"href":"https:\/\/d-identify.be\/de\/wp-json\/wp\/v2\/product\/59301","targetHints":{"allow":["GET"]}}],"collection":[{"href":"https:\/\/d-identify.be\/de\/wp-json\/wp\/v2\/product"}],"about":[{"href":"https:\/\/d-identify.be\/de\/wp-json\/wp\/v2\/types\/product"}],"replies":[{"embeddable":true,"href":"https:\/\/d-identify.be\/de\/wp-json\/wp\/v2\/comments?post=59301"}],"wp:featuredmedia":[{"embeddable":true,"href":"https:\/\/d-identify.be\/de\/wp-json\/wp\/v2\/media\/59307"}],"wp:attachment":[{"href":"https:\/\/d-identify.be\/de\/wp-json\/wp\/v2\/media?parent=59301"}],"wp:term":[{"taxonomy":"product_brand","embeddable":true,"href":"https:\/\/d-identify.be\/de\/wp-json\/wp\/v2\/product_brand?post=59301"},{"taxonomy":"product_cat","embeddable":true,"href":"https:\/\/d-identify.be\/de\/wp-json\/wp\/v2\/product_cat?post=59301"},{"taxonomy":"product_tag","embeddable":true,"href":"https:\/\/d-identify.be\/de\/wp-json\/wp\/v2\/product_tag?post=59301"},{"taxonomy":"pa_connextion-shapes","embeddable":true,"href":"https:\/\/d-identify.be\/de\/wp-json\/wp\/v2\/pa_connextion-shapes?post=59301"}],"curies":[{"name":"wp","href":"https:\/\/api.w.org\/{rel}","templated":true}]}}