{"id":59076,"date":"2025-09-19T09:22:33","date_gmt":"2025-09-19T07:22:33","guid":{"rendered":"https:\/\/d-identify.be\/?post_type=product&#038;p=59076"},"modified":"2025-09-24T14:47:49","modified_gmt":"2025-09-24T12:47:49","slug":"gravurplattenetikett-90-mm-x-45-mm-copy-copy-copy-copy-copy-copy-copy-copy-copy-copy-copy-copy-copy-copy-copy-copy-copy-copy-copy-copy-copy-copy-copy-cop-10","status":"publish","type":"product","link":"https:\/\/d-identify.be\/de\/produkt\/gravurplattenetikett-90-mm-x-45-mm-copy-copy-copy-copy-copy-copy-copy-copy-copy-copy-copy-copy-copy-copy-copy-copy-copy-copy-copy-copy-copy-copy-copy-cop-10\/","title":{"rendered":"Gravurschild-Etikett 48 \u00d7 19 mm \u2013 Rot<br>"},"content":{"rendered":"<p data-start=\"197\" data-end=\"456\">Gravurschild-Etikett 90 \u00d7 45 mm \u2013 Wei\u00df: unsere Etiketten sind eine clevere und kosteng\u00fcnstige Alternative zu gravierten Schildern. Sie bestehen aus langlebigem Polyester und nutzen einen starken Acrylkleber mit Schaumr\u00fccken. Dieser Kleber verleiht zus\u00e4tzliche Dicke, sodass die Etiketten wie echte gravierte Schilder aussehen und sich auch so anf\u00fchlen.  <\/p>\n<p data-start=\"458\" data-end=\"708\">diese Etiketten eignen sich hervorragend f\u00fcr Dosen, Patchpanels und Ger\u00e4te, die eine klare und dauerhafte Kennzeichnung erfordern. Ihre robuste Oberfl\u00e4che widersteht Kratzern, t\u00e4glicher Beanspruchung und Reinigung. Der Klebstoff sorgt f\u00fcr festen Halt, selbst auf rauen oder unebenen Fl\u00e4chen.  <\/p>\n<p data-start=\"710\" data-end=\"854\">mit jedem g\u00e4ngigen Thermotransferdrucker k\u00f6nnen Sie gestochen scharfen, kontrastreichen Text drucken. So erhalten Sie jederzeit klare und professionelle Ergebnisse. <\/p>\n<p data-start=\"856\" data-end=\"1102\">diese Etiketten sind ideal f\u00fcr IT-R\u00e4ume, Elektroinstallationen und industrielle Umgebungen, in denen Haltbarkeit und Lesbarkeit entscheidend sind. Mit ihrer Verwendung sparen Sie Zeit und Kosten im Vergleich zu gravierten Schildern und behalten dennoch ein professionelles Erscheinungsbild bei. <\/p>\n","protected":false},"excerpt":{"rendered":"<p>ersetzen Sie teure gravierte Schilder durch langlebige Rating Plate Etiketten. Sie wurden f\u00fcr Dosen und Patchpanels entwickelt und bestehen aus robustem Polyester mit einem Acrylkleber und Schaumr\u00fccken, der zus\u00e4tzliche Dicke verleiht und das authentische Aussehen und Gef\u00fchl eines gravierten Schildes erzeugt. Drucken Sie gestochen scharfe, professionelle Ergebnisse mit jedem kompatiblen Thermotransferdrucker.  <\/p>\n<p><strong>Hauptfunktionen<\/strong><\/p>\n","protected":false},"featured_media":59058,"comment_status":"open","ping_status":"closed","template":"","meta":{"_acf_changed":false,"_et_pb_use_builder":"","_et_pb_old_content":"","_et_gb_content_width":""},"product_brand":[],"product_cat":[662,674],"product_tag":[962],"pa_connextion-shapes":[],"class_list":{"0":"post-59076","1":"product","2":"type-product","3":"status-publish","4":"has-post-thumbnail","6":"product_cat-kabelmarkierung","7":"product_cat-resopal-etiketten-gravurschild-ersatzetiketten","8":"product_tag-d-identify-de","10":"first","11":"instock","12":"taxable","13":"shipping-taxable","14":"purchasable","15":"product-type-simple"},"exclude_global_add_ons":[],"addons":[],"acf":[],"yoast_head":"<!-- This site is optimized with the Yoast SEO Premium plugin v27.0 (Yoast SEO v27.1) - https:\/\/yoast.com\/product\/yoast-seo-premium-wordpress\/ -->\n<title>Gravurschild-Etikett 48 \u00d7 19 mm \u2013 Rot<\/title>\n<meta name=\"description\" content=\"Langlebige Rating Plate Etiketten, die perfekte Alternative zu gravierten Schildern. Ideal f\u00fcr Dosen und Patchpanels mit klarem, professionellem Druck.\" \/>\n<meta name=\"robots\" content=\"index, follow, max-snippet:-1, max-image-preview:large, max-video-preview:-1\" \/>\n<link rel=\"canonical\" href=\"https:\/\/d-identify.be\/de\/produkt\/gravurplattenetikett-90-mm-x-45-mm-copy-copy-copy-copy-copy-copy-copy-copy-copy-copy-copy-copy-copy-copy-copy-copy-copy-copy-copy-copy-copy-copy-copy-cop-10\/\" \/>\n<meta property=\"og:locale\" content=\"de_DE\" \/>\n<meta property=\"og:type\" content=\"article\" \/>\n<meta property=\"og:title\" content=\"Gravurschild-Etikett 48 \u00d7 19 mm \u2013 Rot\" \/>\n<meta property=\"og:description\" content=\"Langlebige Rating Plate Etiketten, die perfekte Alternative zu gravierten Schildern. Ideal f\u00fcr Dosen und Patchpanels mit klarem, professionellem Druck.\" \/>\n<meta property=\"og:url\" content=\"https:\/\/d-identify.be\/de\/produkt\/gravurplattenetikett-90-mm-x-45-mm-copy-copy-copy-copy-copy-copy-copy-copy-copy-copy-copy-copy-copy-copy-copy-copy-copy-copy-copy-copy-copy-copy-copy-cop-10\/\" \/>\n<meta property=\"og:site_name\" content=\"d-identify\" \/>\n<meta property=\"article:modified_time\" content=\"2025-09-24T12:47:49+00:00\" \/>\n<meta property=\"og:image\" content=\"https:\/\/d-identify.be\/wp-content\/uploads\/2025\/09\/EPL-48x19-C1.5-375-RD.webp\" \/>\n\t<meta property=\"og:image:width\" content=\"1418\" \/>\n\t<meta property=\"og:image:height\" content=\"1329\" \/>\n\t<meta property=\"og:image:type\" content=\"image\/webp\" \/>\n<meta name=\"twitter:card\" content=\"summary_large_image\" \/>\n<meta name=\"twitter:label1\" content=\"Gesch\u00e4tzte Lesezeit\" \/>\n\t<meta name=\"twitter:data1\" content=\"1\u00a0Minute\" \/>\n<script type=\"application\/ld+json\" class=\"yoast-schema-graph\">{\"@context\":\"https:\/\/schema.org\",\"@graph\":[{\"@type\":\"WebPage\",\"@id\":\"https:\/\/d-identify.be\/de\/produkt\/gravurplattenetikett-90-mm-x-45-mm-copy-copy-copy-copy-copy-copy-copy-copy-copy-copy-copy-copy-copy-copy-copy-copy-copy-copy-copy-copy-copy-copy-copy-cop-10\/\",\"url\":\"https:\/\/d-identify.be\/de\/produkt\/gravurplattenetikett-90-mm-x-45-mm-copy-copy-copy-copy-copy-copy-copy-copy-copy-copy-copy-copy-copy-copy-copy-copy-copy-copy-copy-copy-copy-copy-copy-cop-10\/\",\"name\":\"Gravurschild-Etikett 48 \u00d7 19 mm \u2013 Rot\",\"isPartOf\":{\"@id\":\"https:\/\/d-identify.be\/de\/#website\"},\"primaryImageOfPage\":{\"@id\":\"https:\/\/d-identify.be\/de\/produkt\/gravurplattenetikett-90-mm-x-45-mm-copy-copy-copy-copy-copy-copy-copy-copy-copy-copy-copy-copy-copy-copy-copy-copy-copy-copy-copy-copy-copy-copy-copy-cop-10\/#primaryimage\"},\"image\":{\"@id\":\"https:\/\/d-identify.be\/de\/produkt\/gravurplattenetikett-90-mm-x-45-mm-copy-copy-copy-copy-copy-copy-copy-copy-copy-copy-copy-copy-copy-copy-copy-copy-copy-copy-copy-copy-copy-copy-copy-cop-10\/#primaryimage\"},\"thumbnailUrl\":\"https:\/\/d-identify.be\/wp-content\/uploads\/2025\/09\/EPL-48x19-C1.5-375-RD.webp\",\"datePublished\":\"2025-09-19T07:22:33+00:00\",\"dateModified\":\"2025-09-24T12:47:49+00:00\",\"description\":\"Langlebige Rating Plate Etiketten, die perfekte Alternative zu gravierten Schildern. Ideal f\u00fcr Dosen und Patchpanels mit klarem, professionellem Druck.\",\"breadcrumb\":{\"@id\":\"https:\/\/d-identify.be\/de\/produkt\/gravurplattenetikett-90-mm-x-45-mm-copy-copy-copy-copy-copy-copy-copy-copy-copy-copy-copy-copy-copy-copy-copy-copy-copy-copy-copy-copy-copy-copy-copy-cop-10\/#breadcrumb\"},\"inLanguage\":\"de\",\"potentialAction\":[{\"@type\":\"ReadAction\",\"target\":[\"https:\/\/d-identify.be\/de\/produkt\/gravurplattenetikett-90-mm-x-45-mm-copy-copy-copy-copy-copy-copy-copy-copy-copy-copy-copy-copy-copy-copy-copy-copy-copy-copy-copy-copy-copy-copy-copy-cop-10\/\"]}]},{\"@type\":\"ImageObject\",\"inLanguage\":\"de\",\"@id\":\"https:\/\/d-identify.be\/de\/produkt\/gravurplattenetikett-90-mm-x-45-mm-copy-copy-copy-copy-copy-copy-copy-copy-copy-copy-copy-copy-copy-copy-copy-copy-copy-copy-copy-copy-copy-copy-copy-cop-10\/#primaryimage\",\"url\":\"https:\/\/d-identify.be\/wp-content\/uploads\/2025\/09\/EPL-48x19-C1.5-375-RD.webp\",\"contentUrl\":\"https:\/\/d-identify.be\/wp-content\/uploads\/2025\/09\/EPL-48x19-C1.5-375-RD.webp\",\"width\":1418,\"height\":1329,\"caption\":\"Gravurschild-Etikett 48 \u00d7 19 mm \u2013 Rot\"},{\"@type\":\"BreadcrumbList\",\"@id\":\"https:\/\/d-identify.be\/de\/produkt\/gravurplattenetikett-90-mm-x-45-mm-copy-copy-copy-copy-copy-copy-copy-copy-copy-copy-copy-copy-copy-copy-copy-copy-copy-copy-copy-copy-copy-copy-copy-cop-10\/#breadcrumb\",\"itemListElement\":[{\"@type\":\"ListItem\",\"position\":1,\"name\":\"Home\",\"item\":\"https:\/\/d-identify.be\/de\/home-2\/\"},{\"@type\":\"ListItem\",\"position\":2,\"name\":\"Shop\",\"item\":\"https:\/\/d-identify.be\/shop-2\/\"},{\"@type\":\"ListItem\",\"position\":3,\"name\":\"Gravurschild-Etikett 48 \u00d7 19 mm \u2013 Rot\"}]},{\"@type\":\"WebSite\",\"@id\":\"https:\/\/d-identify.be\/de\/#website\",\"url\":\"https:\/\/d-identify.be\/de\/\",\"name\":\"d-identify\",\"description\":\"Industrial identification - Lockout - Tagout - Floor marking\",\"potentialAction\":[{\"@type\":\"SearchAction\",\"target\":{\"@type\":\"EntryPoint\",\"urlTemplate\":\"https:\/\/d-identify.be\/de\/?s={search_term_string}\"},\"query-input\":{\"@type\":\"PropertyValueSpecification\",\"valueRequired\":true,\"valueName\":\"search_term_string\"}}],\"inLanguage\":\"de\"}]}<\/script>\n<!-- \/ Yoast SEO Premium plugin. -->","yoast_head_json":{"title":"Gravurschild-Etikett 48 \u00d7 19 mm \u2013 Rot","description":"Langlebige Rating Plate Etiketten, die perfekte Alternative zu gravierten Schildern. Ideal f\u00fcr Dosen und Patchpanels mit klarem, professionellem Druck.","robots":{"index":"index","follow":"follow","max-snippet":"max-snippet:-1","max-image-preview":"max-image-preview:large","max-video-preview":"max-video-preview:-1"},"canonical":"https:\/\/d-identify.be\/de\/produkt\/gravurplattenetikett-90-mm-x-45-mm-copy-copy-copy-copy-copy-copy-copy-copy-copy-copy-copy-copy-copy-copy-copy-copy-copy-copy-copy-copy-copy-copy-copy-cop-10\/","og_locale":"de_DE","og_type":"article","og_title":"Gravurschild-Etikett 48 \u00d7 19 mm \u2013 Rot","og_description":"Langlebige Rating Plate Etiketten, die perfekte Alternative zu gravierten Schildern. Ideal f\u00fcr Dosen und Patchpanels mit klarem, professionellem Druck.","og_url":"https:\/\/d-identify.be\/de\/produkt\/gravurplattenetikett-90-mm-x-45-mm-copy-copy-copy-copy-copy-copy-copy-copy-copy-copy-copy-copy-copy-copy-copy-copy-copy-copy-copy-copy-copy-copy-copy-cop-10\/","og_site_name":"d-identify","article_modified_time":"2025-09-24T12:47:49+00:00","og_image":[{"width":1418,"height":1329,"url":"https:\/\/d-identify.be\/wp-content\/uploads\/2025\/09\/EPL-48x19-C1.5-375-RD.webp","type":"image\/webp"}],"twitter_card":"summary_large_image","twitter_misc":{"Gesch\u00e4tzte Lesezeit":"1\u00a0Minute"},"schema":{"@context":"https:\/\/schema.org","@graph":[{"@type":"WebPage","@id":"https:\/\/d-identify.be\/de\/produkt\/gravurplattenetikett-90-mm-x-45-mm-copy-copy-copy-copy-copy-copy-copy-copy-copy-copy-copy-copy-copy-copy-copy-copy-copy-copy-copy-copy-copy-copy-copy-cop-10\/","url":"https:\/\/d-identify.be\/de\/produkt\/gravurplattenetikett-90-mm-x-45-mm-copy-copy-copy-copy-copy-copy-copy-copy-copy-copy-copy-copy-copy-copy-copy-copy-copy-copy-copy-copy-copy-copy-copy-cop-10\/","name":"Gravurschild-Etikett 48 \u00d7 19 mm \u2013 Rot","isPartOf":{"@id":"https:\/\/d-identify.be\/de\/#website"},"primaryImageOfPage":{"@id":"https:\/\/d-identify.be\/de\/produkt\/gravurplattenetikett-90-mm-x-45-mm-copy-copy-copy-copy-copy-copy-copy-copy-copy-copy-copy-copy-copy-copy-copy-copy-copy-copy-copy-copy-copy-copy-copy-cop-10\/#primaryimage"},"image":{"@id":"https:\/\/d-identify.be\/de\/produkt\/gravurplattenetikett-90-mm-x-45-mm-copy-copy-copy-copy-copy-copy-copy-copy-copy-copy-copy-copy-copy-copy-copy-copy-copy-copy-copy-copy-copy-copy-copy-cop-10\/#primaryimage"},"thumbnailUrl":"https:\/\/d-identify.be\/wp-content\/uploads\/2025\/09\/EPL-48x19-C1.5-375-RD.webp","datePublished":"2025-09-19T07:22:33+00:00","dateModified":"2025-09-24T12:47:49+00:00","description":"Langlebige Rating Plate Etiketten, die perfekte Alternative zu gravierten Schildern. Ideal f\u00fcr Dosen und Patchpanels mit klarem, professionellem Druck.","breadcrumb":{"@id":"https:\/\/d-identify.be\/de\/produkt\/gravurplattenetikett-90-mm-x-45-mm-copy-copy-copy-copy-copy-copy-copy-copy-copy-copy-copy-copy-copy-copy-copy-copy-copy-copy-copy-copy-copy-copy-copy-cop-10\/#breadcrumb"},"inLanguage":"de","potentialAction":[{"@type":"ReadAction","target":["https:\/\/d-identify.be\/de\/produkt\/gravurplattenetikett-90-mm-x-45-mm-copy-copy-copy-copy-copy-copy-copy-copy-copy-copy-copy-copy-copy-copy-copy-copy-copy-copy-copy-copy-copy-copy-copy-cop-10\/"]}]},{"@type":"ImageObject","inLanguage":"de","@id":"https:\/\/d-identify.be\/de\/produkt\/gravurplattenetikett-90-mm-x-45-mm-copy-copy-copy-copy-copy-copy-copy-copy-copy-copy-copy-copy-copy-copy-copy-copy-copy-copy-copy-copy-copy-copy-copy-cop-10\/#primaryimage","url":"https:\/\/d-identify.be\/wp-content\/uploads\/2025\/09\/EPL-48x19-C1.5-375-RD.webp","contentUrl":"https:\/\/d-identify.be\/wp-content\/uploads\/2025\/09\/EPL-48x19-C1.5-375-RD.webp","width":1418,"height":1329,"caption":"Gravurschild-Etikett 48 \u00d7 19 mm \u2013 Rot"},{"@type":"BreadcrumbList","@id":"https:\/\/d-identify.be\/de\/produkt\/gravurplattenetikett-90-mm-x-45-mm-copy-copy-copy-copy-copy-copy-copy-copy-copy-copy-copy-copy-copy-copy-copy-copy-copy-copy-copy-copy-copy-copy-copy-cop-10\/#breadcrumb","itemListElement":[{"@type":"ListItem","position":1,"name":"Home","item":"https:\/\/d-identify.be\/de\/home-2\/"},{"@type":"ListItem","position":2,"name":"Shop","item":"https:\/\/d-identify.be\/shop-2\/"},{"@type":"ListItem","position":3,"name":"Gravurschild-Etikett 48 \u00d7 19 mm \u2013 Rot"}]},{"@type":"WebSite","@id":"https:\/\/d-identify.be\/de\/#website","url":"https:\/\/d-identify.be\/de\/","name":"d-identify","description":"Industrial identification - Lockout - Tagout - Floor marking","potentialAction":[{"@type":"SearchAction","target":{"@type":"EntryPoint","urlTemplate":"https:\/\/d-identify.be\/de\/?s={search_term_string}"},"query-input":{"@type":"PropertyValueSpecification","valueRequired":true,"valueName":"search_term_string"}}],"inLanguage":"de"}]}},"_links":{"self":[{"href":"https:\/\/d-identify.be\/de\/wp-json\/wp\/v2\/product\/59076","targetHints":{"allow":["GET"]}}],"collection":[{"href":"https:\/\/d-identify.be\/de\/wp-json\/wp\/v2\/product"}],"about":[{"href":"https:\/\/d-identify.be\/de\/wp-json\/wp\/v2\/types\/product"}],"replies":[{"embeddable":true,"href":"https:\/\/d-identify.be\/de\/wp-json\/wp\/v2\/comments?post=59076"}],"wp:featuredmedia":[{"embeddable":true,"href":"https:\/\/d-identify.be\/de\/wp-json\/wp\/v2\/media\/59058"}],"wp:attachment":[{"href":"https:\/\/d-identify.be\/de\/wp-json\/wp\/v2\/media?parent=59076"}],"wp:term":[{"taxonomy":"product_brand","embeddable":true,"href":"https:\/\/d-identify.be\/de\/wp-json\/wp\/v2\/product_brand?post=59076"},{"taxonomy":"product_cat","embeddable":true,"href":"https:\/\/d-identify.be\/de\/wp-json\/wp\/v2\/product_cat?post=59076"},{"taxonomy":"product_tag","embeddable":true,"href":"https:\/\/d-identify.be\/de\/wp-json\/wp\/v2\/product_tag?post=59076"},{"taxonomy":"pa_connextion-shapes","embeddable":true,"href":"https:\/\/d-identify.be\/de\/wp-json\/wp\/v2\/pa_connextion-shapes?post=59076"}],"curies":[{"name":"wp","href":"https:\/\/api.w.org\/{rel}","templated":true}]}}