{"id":58032,"date":"2025-07-11T10:41:37","date_gmt":"2025-07-11T08:41:37","guid":{"rendered":"https:\/\/d-identify.be\/?post_type=product&#038;p=58032"},"modified":"2025-09-01T10:18:07","modified_gmt":"2025-09-01T08:18:07","slug":"duralabel-toro-max-starter-kit-copy","status":"publish","type":"product","link":"https:\/\/d-identify.be\/de\/produkt\/duralabel-toro-max-starter-kit-copy\/","title":{"rendered":"Toro Max 5S Starterkit"},"content":{"rendered":"<ul>\n<li>\n<p data-start=\"236\" data-end=\"329\"><strong data-start=\"236\" data-end=\"329\">DuraLabel 5S Toro Max Kit \u2013 Flexible Etikettierl\u00f6sung f\u00fcr Lean- und 5S-Anwendungen<\/strong><\/p>\n<p data-start=\"331\" data-end=\"656\">Das DuraLabel 5S Toro Max Kit bietet alles, was Sie f\u00fcr den Einstieg in die professionelle 5S- und Lean-Etikettierung ben\u00f6tigen \u2013 in einem leistungsstarken, eigenst\u00e4ndigen System. Der f\u00fcr den industriellen Einsatz konzipierte Toro Max druckt langlebige Bodenschilder, Ger\u00e4teetiketten, Rohrmarkierungen und mehr und tr\u00e4gt so zu einem sichereren und effizienteren Arbeitsplatz bei. <\/p>\n<p data-start=\"658\" data-end=\"910\">Dieses Kit enth\u00e4lt den <strong data-start=\"680\" data-end=\"700\">Toro Max-Drucker<\/strong>, <strong data-start=\"702\" data-end=\"727\">Etikettendesign-Software<\/strong> und eine Sammlung <strong data-start=\"749\" data-end=\"778\">gebrauchsfertiger 5S-Vorlagen<\/strong> f\u00fcr eine schnellere Implementierung. Das System l\u00e4uft ohne PC und verf\u00fcgt \u00fcber einen Farb-Touchscreen f\u00fcr schnellen On-Demand-Druck. <\/p>\n<p data-start=\"912\" data-end=\"1153\">Das macht dieses Kit so flexibel: <strong data-start=\"950\" data-end=\"1015\">Sie k\u00f6nnen aus einer gro\u00dfen Auswahl an DuraLabel-kompatiblen B\u00e4ndern in verschiedenen Breiten<\/strong>, Farben und Materialien w\u00e4hlen \u2013 perfekt zugeschnitten auf Ihre 5S- oder Sicherheitsanforderungen. Zus\u00e4tzliches Zubeh\u00f6r kann beim Bezahlvorgang hinzugef\u00fcgt werden. <\/p>\n<h3 data-start=\"1155\" data-end=\"1176\">Das 5S Toro Max Kit enth\u00e4lt:<\/h3>\n<ul data-start=\"1177\" data-end=\"1472\">\n<li data-start=\"1177\" data-end=\"1252\">\n<p data-start=\"1179\" data-end=\"1252\">DuraLabel Toro Max Industrie-Etikettendrucker (Standalone mit Touchscreen)<\/p>\n<\/li>\n<li data-start=\"1253\" data-end=\"1287\">\n<p data-start=\"1255\" data-end=\"1287\">Integrierte Etikettendesign-Software<\/p>\n<\/li>\n<li data-start=\"1288\" data-end=\"1337\">\n<p data-start=\"1290\" data-end=\"1337\">Vorinstallierte 5S-Vorlagen und Bodenschild-Layouts<\/p>\n<\/li>\n<li data-start=\"1338\" data-end=\"1388\">\n<p data-start=\"1340\" data-end=\"1388\">Netzteil, Kurzanleitung und USB-Anschl\u00fcsse<\/p>\n<\/li>\n<li data-start=\"1389\" data-end=\"1472\">\n<p data-start=\"1391\" data-end=\"1472\">Optional: F\u00fcgen Sie Ihre bevorzugten Band- und Farbbandkassetten hinzu, passend zu Ihrer Anwendung<\/p>\n<\/li>\n<\/ul>\n<p data-start=\"1474\" data-end=\"1496\">Dieses Kit ist ideal f\u00fcr:<\/p>\n<ul data-start=\"1497\" data-end=\"1665\">\n<li data-start=\"1497\" data-end=\"1548\">\n<p data-start=\"1499\" data-end=\"1548\">Visuelles 5S-Management und Arbeitsplatzorganisation<\/p>\n<\/li>\n<li data-start=\"1549\" data-end=\"1585\">\n<p data-start=\"1551\" data-end=\"1585\">Bodenmarkierung und Sicherheitsbeschilderung<\/p>\n<\/li>\n<li data-start=\"1624\" data-end=\"1665\">\n<p data-start=\"1626\" data-end=\"1665\">Schattentafeln und Werkzeugkennzeichnung<\/p>\n<\/li>\n<\/ul>\n<p data-start=\"1667\" data-end=\"1769\"><strong data-start=\"1667\" data-end=\"1769\">Beginnen Sie sofort mit dem Drucken, skalieren Sie nach Bedarf und w\u00e4hlen Sie genau die Verbrauchsmaterialien aus, die zu Ihrer Einrichtung passen.<\/strong><\/p>\n<\/li>\n<\/ul>\n","protected":false},"excerpt":{"rendered":"<p class=\"ai-optimize-17\"><strong data-start=\"117\" data-end=\"154\">DuraLabel Toro Max 5S Starter-Kit<\/strong><br data-start=\"154\" data-end=\"157\">Alles, was Sie f\u00fcr den Druck langlebiger 5S-Bodenschilder, Etiketten und Sicherheitsbilder ben\u00f6tigen \u2013 sofort einsatzbereit. Dieses Kit enth\u00e4lt den Toro Max Industriedrucker, Etikettendesign-Software, hochwertiges Bodenmarkierungsband und vorinstallierte 5S-Vorlagen. Perfekt f\u00fcr Lean Manufacturing und Arbeitsplatzorganisation.  <\/p>\n","protected":false},"featured_media":58038,"comment_status":"open","ping_status":"closed","template":"","meta":{"_acf_changed":false,"_et_pb_use_builder":"","_et_pb_old_content":"","_et_gb_content_width":""},"product_brand":[],"product_cat":[1063],"product_tag":[930],"pa_connextion-shapes":[],"class_list":{"0":"post-58032","1":"product","2":"type-product","3":"status-publish","4":"has-post-thumbnail","6":"product_cat-duralabel-starter-kits","7":"product_tag-duralabel-de","9":"first","10":"instock","11":"sale","12":"taxable","13":"shipping-taxable","14":"purchasable","15":"product-type-woosg"},"exclude_global_add_ons":[],"addons":[],"acf":[],"yoast_head":"<!-- This site is optimized with the Yoast SEO Premium plugin v27.0 (Yoast SEO v27.1) - https:\/\/yoast.com\/product\/yoast-seo-premium-wordpress\/ -->\n<title>5S Toro Max Kit \u2013 Vereinfachen Sie Ihre Produktion mit 5S<\/title>\n<meta name=\"description\" content=\"Komplettes 5S-Beschriftungsset mit Toro Max-Drucker, Vorlagen und Software. Ideal f\u00fcr Bodenschilder, Rohrmarkierungen und die Arbeitsplatzorganisation.\" \/>\n<meta name=\"robots\" content=\"index, follow, max-snippet:-1, max-image-preview:large, max-video-preview:-1\" \/>\n<link rel=\"canonical\" href=\"https:\/\/d-identify.be\/de\/produkt\/duralabel-toro-max-starter-kit-copy\/\" \/>\n<meta property=\"og:locale\" content=\"de_DE\" \/>\n<meta property=\"og:type\" content=\"article\" \/>\n<meta property=\"og:title\" content=\"Toro Max 5S Starterkit\" \/>\n<meta property=\"og:description\" content=\"Komplettes 5S-Beschriftungsset mit Toro Max-Drucker, Vorlagen und Software. Ideal f\u00fcr Bodenschilder, Rohrmarkierungen und die Arbeitsplatzorganisation.\" \/>\n<meta property=\"og:url\" content=\"https:\/\/d-identify.be\/de\/produkt\/duralabel-toro-max-starter-kit-copy\/\" \/>\n<meta property=\"og:site_name\" content=\"d-identify\" \/>\n<meta property=\"article:modified_time\" content=\"2025-09-01T08:18:07+00:00\" \/>\n<meta property=\"og:image\" content=\"https:\/\/d-identify.be\/wp-content\/uploads\/2025\/07\/DLTM-5S__39373.webp\" \/>\n\t<meta property=\"og:image:width\" content=\"960\" \/>\n\t<meta property=\"og:image:height\" content=\"960\" \/>\n\t<meta property=\"og:image:type\" content=\"image\/webp\" \/>\n<meta name=\"twitter:card\" content=\"summary_large_image\" \/>\n<meta name=\"twitter:label1\" content=\"Gesch\u00e4tzte Lesezeit\" \/>\n\t<meta name=\"twitter:data1\" content=\"2\u00a0Minuten\" \/>\n<script type=\"application\/ld+json\" class=\"yoast-schema-graph\">{\"@context\":\"https:\/\/schema.org\",\"@graph\":[{\"@type\":\"WebPage\",\"@id\":\"https:\/\/d-identify.be\/de\/produkt\/duralabel-toro-max-starter-kit-copy\/\",\"url\":\"https:\/\/d-identify.be\/de\/produkt\/duralabel-toro-max-starter-kit-copy\/\",\"name\":\"5S Toro Max Kit \u2013 Vereinfachen Sie Ihre Produktion mit 5S\",\"isPartOf\":{\"@id\":\"https:\/\/d-identify.be\/de\/#website\"},\"primaryImageOfPage\":{\"@id\":\"https:\/\/d-identify.be\/de\/produkt\/duralabel-toro-max-starter-kit-copy\/#primaryimage\"},\"image\":{\"@id\":\"https:\/\/d-identify.be\/de\/produkt\/duralabel-toro-max-starter-kit-copy\/#primaryimage\"},\"thumbnailUrl\":\"https:\/\/d-identify.be\/wp-content\/uploads\/2025\/07\/DLTM-5S__39373.webp\",\"datePublished\":\"2025-07-11T08:41:37+00:00\",\"dateModified\":\"2025-09-01T08:18:07+00:00\",\"description\":\"Komplettes 5S-Beschriftungsset mit Toro Max-Drucker, Vorlagen und Software. Ideal f\u00fcr Bodenschilder, Rohrmarkierungen und die Arbeitsplatzorganisation.\",\"breadcrumb\":{\"@id\":\"https:\/\/d-identify.be\/de\/produkt\/duralabel-toro-max-starter-kit-copy\/#breadcrumb\"},\"inLanguage\":\"de\",\"potentialAction\":[{\"@type\":\"ReadAction\",\"target\":[\"https:\/\/d-identify.be\/de\/produkt\/duralabel-toro-max-starter-kit-copy\/\"]}]},{\"@type\":\"ImageObject\",\"inLanguage\":\"de\",\"@id\":\"https:\/\/d-identify.be\/de\/produkt\/duralabel-toro-max-starter-kit-copy\/#primaryimage\",\"url\":\"https:\/\/d-identify.be\/wp-content\/uploads\/2025\/07\/DLTM-5S__39373.webp\",\"contentUrl\":\"https:\/\/d-identify.be\/wp-content\/uploads\/2025\/07\/DLTM-5S__39373.webp\",\"width\":960,\"height\":960,\"caption\":\"Duralabel Toro Max 5S Starterkit Europa\"},{\"@type\":\"BreadcrumbList\",\"@id\":\"https:\/\/d-identify.be\/de\/produkt\/duralabel-toro-max-starter-kit-copy\/#breadcrumb\",\"itemListElement\":[{\"@type\":\"ListItem\",\"position\":1,\"name\":\"Home\",\"item\":\"https:\/\/d-identify.be\/de\/home-2\/\"},{\"@type\":\"ListItem\",\"position\":2,\"name\":\"Shop\",\"item\":\"https:\/\/d-identify.be\/shop-2\/\"},{\"@type\":\"ListItem\",\"position\":3,\"name\":\"Toro Max 5S Starterkit\"}]},{\"@type\":\"WebSite\",\"@id\":\"https:\/\/d-identify.be\/de\/#website\",\"url\":\"https:\/\/d-identify.be\/de\/\",\"name\":\"d-identify\",\"description\":\"Industrial identification - Lockout - Tagout - Floor marking\",\"potentialAction\":[{\"@type\":\"SearchAction\",\"target\":{\"@type\":\"EntryPoint\",\"urlTemplate\":\"https:\/\/d-identify.be\/de\/?s={search_term_string}\"},\"query-input\":{\"@type\":\"PropertyValueSpecification\",\"valueRequired\":true,\"valueName\":\"search_term_string\"}}],\"inLanguage\":\"de\"}]}<\/script>\n<!-- \/ Yoast SEO Premium plugin. -->","yoast_head_json":{"title":"5S Toro Max Kit \u2013 Vereinfachen Sie Ihre Produktion mit 5S","description":"Komplettes 5S-Beschriftungsset mit Toro Max-Drucker, Vorlagen und Software. Ideal f\u00fcr Bodenschilder, Rohrmarkierungen und die Arbeitsplatzorganisation.","robots":{"index":"index","follow":"follow","max-snippet":"max-snippet:-1","max-image-preview":"max-image-preview:large","max-video-preview":"max-video-preview:-1"},"canonical":"https:\/\/d-identify.be\/de\/produkt\/duralabel-toro-max-starter-kit-copy\/","og_locale":"de_DE","og_type":"article","og_title":"Toro Max 5S Starterkit","og_description":"Komplettes 5S-Beschriftungsset mit Toro Max-Drucker, Vorlagen und Software. Ideal f\u00fcr Bodenschilder, Rohrmarkierungen und die Arbeitsplatzorganisation.","og_url":"https:\/\/d-identify.be\/de\/produkt\/duralabel-toro-max-starter-kit-copy\/","og_site_name":"d-identify","article_modified_time":"2025-09-01T08:18:07+00:00","og_image":[{"width":960,"height":960,"url":"https:\/\/d-identify.be\/wp-content\/uploads\/2025\/07\/DLTM-5S__39373.webp","type":"image\/webp"}],"twitter_card":"summary_large_image","twitter_misc":{"Gesch\u00e4tzte Lesezeit":"2\u00a0Minuten"},"schema":{"@context":"https:\/\/schema.org","@graph":[{"@type":"WebPage","@id":"https:\/\/d-identify.be\/de\/produkt\/duralabel-toro-max-starter-kit-copy\/","url":"https:\/\/d-identify.be\/de\/produkt\/duralabel-toro-max-starter-kit-copy\/","name":"5S Toro Max Kit \u2013 Vereinfachen Sie Ihre Produktion mit 5S","isPartOf":{"@id":"https:\/\/d-identify.be\/de\/#website"},"primaryImageOfPage":{"@id":"https:\/\/d-identify.be\/de\/produkt\/duralabel-toro-max-starter-kit-copy\/#primaryimage"},"image":{"@id":"https:\/\/d-identify.be\/de\/produkt\/duralabel-toro-max-starter-kit-copy\/#primaryimage"},"thumbnailUrl":"https:\/\/d-identify.be\/wp-content\/uploads\/2025\/07\/DLTM-5S__39373.webp","datePublished":"2025-07-11T08:41:37+00:00","dateModified":"2025-09-01T08:18:07+00:00","description":"Komplettes 5S-Beschriftungsset mit Toro Max-Drucker, Vorlagen und Software. Ideal f\u00fcr Bodenschilder, Rohrmarkierungen und die Arbeitsplatzorganisation.","breadcrumb":{"@id":"https:\/\/d-identify.be\/de\/produkt\/duralabel-toro-max-starter-kit-copy\/#breadcrumb"},"inLanguage":"de","potentialAction":[{"@type":"ReadAction","target":["https:\/\/d-identify.be\/de\/produkt\/duralabel-toro-max-starter-kit-copy\/"]}]},{"@type":"ImageObject","inLanguage":"de","@id":"https:\/\/d-identify.be\/de\/produkt\/duralabel-toro-max-starter-kit-copy\/#primaryimage","url":"https:\/\/d-identify.be\/wp-content\/uploads\/2025\/07\/DLTM-5S__39373.webp","contentUrl":"https:\/\/d-identify.be\/wp-content\/uploads\/2025\/07\/DLTM-5S__39373.webp","width":960,"height":960,"caption":"Duralabel Toro Max 5S Starterkit Europa"},{"@type":"BreadcrumbList","@id":"https:\/\/d-identify.be\/de\/produkt\/duralabel-toro-max-starter-kit-copy\/#breadcrumb","itemListElement":[{"@type":"ListItem","position":1,"name":"Home","item":"https:\/\/d-identify.be\/de\/home-2\/"},{"@type":"ListItem","position":2,"name":"Shop","item":"https:\/\/d-identify.be\/shop-2\/"},{"@type":"ListItem","position":3,"name":"Toro Max 5S Starterkit"}]},{"@type":"WebSite","@id":"https:\/\/d-identify.be\/de\/#website","url":"https:\/\/d-identify.be\/de\/","name":"d-identify","description":"Industrial identification - Lockout - Tagout - Floor marking","potentialAction":[{"@type":"SearchAction","target":{"@type":"EntryPoint","urlTemplate":"https:\/\/d-identify.be\/de\/?s={search_term_string}"},"query-input":{"@type":"PropertyValueSpecification","valueRequired":true,"valueName":"search_term_string"}}],"inLanguage":"de"}]}},"_links":{"self":[{"href":"https:\/\/d-identify.be\/de\/wp-json\/wp\/v2\/product\/58032","targetHints":{"allow":["GET"]}}],"collection":[{"href":"https:\/\/d-identify.be\/de\/wp-json\/wp\/v2\/product"}],"about":[{"href":"https:\/\/d-identify.be\/de\/wp-json\/wp\/v2\/types\/product"}],"replies":[{"embeddable":true,"href":"https:\/\/d-identify.be\/de\/wp-json\/wp\/v2\/comments?post=58032"}],"wp:featuredmedia":[{"embeddable":true,"href":"https:\/\/d-identify.be\/de\/wp-json\/wp\/v2\/media\/58038"}],"wp:attachment":[{"href":"https:\/\/d-identify.be\/de\/wp-json\/wp\/v2\/media?parent=58032"}],"wp:term":[{"taxonomy":"product_brand","embeddable":true,"href":"https:\/\/d-identify.be\/de\/wp-json\/wp\/v2\/product_brand?post=58032"},{"taxonomy":"product_cat","embeddable":true,"href":"https:\/\/d-identify.be\/de\/wp-json\/wp\/v2\/product_cat?post=58032"},{"taxonomy":"product_tag","embeddable":true,"href":"https:\/\/d-identify.be\/de\/wp-json\/wp\/v2\/product_tag?post=58032"},{"taxonomy":"pa_connextion-shapes","embeddable":true,"href":"https:\/\/d-identify.be\/de\/wp-json\/wp\/v2\/pa_connextion-shapes?post=58032"}],"curies":[{"name":"wp","href":"https:\/\/api.w.org\/{rel}","templated":true}]}}