{"id":57407,"date":"2025-06-13T10:14:35","date_gmt":"2025-06-13T08:14:35","guid":{"rendered":"https:\/\/d-identify.be\/?post_type=product&#038;p=57407"},"modified":"2025-09-01T10:18:32","modified_gmt":"2025-09-01T08:18:32","slug":"magnetband-copy-copy-copy-copy-2","status":"publish","type":"product","link":"https:\/\/d-identify.be\/de\/produkt\/magnetband-copy-copy-copy-copy-2\/","title":{"rendered":"Magnetband 25.4mm, Wei\u00df"},"content":{"rendered":"<p data-start=\"0\" data-end=\"72\"><strong data-start=\"0\" data-end=\"70\">DuraLabel\u2122 Wei\u00dfes thermobedruckbares Magnetband <\/strong><\/p>\n<p data-start=\"74\" data-end=\"215\">Ein flexibles, nicht klebendes magnetisches Beschriftungsband f\u00fcr die schnelle, wiederverwendbare Beschilderung von Metalloberfl\u00e4chen \u2013 von Lagerregalen bis hin zu Ger\u00e4ten.<\/p>\n<p data-start=\"737\" data-end=\"751\"><strong data-start=\"737\" data-end=\"749\">Hauptvorteile<\/strong><\/p>\n<ul data-start=\"752\" data-end=\"1206\">\n<li data-start=\"752\" data-end=\"835\">\n<p data-start=\"754\" data-end=\"835\"><strong data-start=\"754\" data-end=\"777\">Schnelles Neuetikettieren:<\/strong> Etiketten in Sekunden austauschen oder aktualisieren \u2013 kein Klebstoff, kein Werkzeug.<\/p>\n<\/li>\n<li data-start=\"836\" data-end=\"935\">\n<p data-start=\"838\" data-end=\"935\"><strong data-start=\"838\" data-end=\"872\">Kosteng\u00fcnstig und umweltfreundlich: <\/strong>Verwenden Sie dasselbe Band hunderte Male wieder und reduzieren Sie so den Etikettenabfall.<\/p>\n<\/li>\n<li data-start=\"936\" data-end=\"1060\">\n<p data-start=\"938\" data-end=\"1060\"><strong data-start=\"938\" data-end=\"966\">Professionelles Erscheinungsbild: <\/strong>Helles wei\u00dfes Feld gew\u00e4hrleistet hohe Lesbarkeit bei jeder Beleuchtung; ideal f\u00fcr Barcodes und Text.<\/p>\n<\/li>\n<li data-start=\"1061\" data-end=\"1206\">\n<p data-start=\"1063\" data-end=\"1206\"><strong data-start=\"1063\" data-end=\"1081\">Vielseitig einsetzbar: <\/strong>Perfekt f\u00fcr die tempor\u00e4re oder semipermanente Kennzeichnung in den Bereichen Industrie, Einzelhandel, Logistik und Facility Management.<\/p>\n<\/li>\n<\/ul>\n<p data-start=\"1208\" data-end=\"1337\" data-is-last-node=\"\" data-is-only-node=\"\">Dieses Magnetband bietet eine zuverl\u00e4ssige, hochwertige Kennzeichnungsl\u00f6sung \u00fcberall dort, wo Sie flexible, r\u00fcckstandsfreie Beschilderungen ben\u00f6tigen.<\/p>\n","protected":false},"excerpt":{"rendered":"<p class=\"ai-optimize-20 ai-optimize-introduction\">Ein flexibles, nicht klebendes magnetisches Beschriftungsband f\u00fcr die schnelle, wiederverwendbare Beschilderung von Metalloberfl\u00e4chen \u2013 von Lagerregalen bis hin zu Ger\u00e4ten.<\/p>\n<p class=\"ai-optimize-19\"><strong>Funktionen<\/strong><\/p>\n","protected":false},"featured_media":52419,"comment_status":"open","ping_status":"closed","template":"","meta":{"_acf_changed":false,"_et_pb_use_builder":"","_et_pb_old_content":"","_et_gb_content_width":""},"product_brand":[1246],"product_cat":[2612],"product_tag":[],"pa_connextion-shapes":[],"class_list":{"0":"post-57407","1":"product","2":"type-product","3":"status-publish","4":"has-post-thumbnail","6":"product_brand-duralabel","7":"product_cat-duralabel-toro-bronco-verbrauchsmaterial","9":"first","10":"instock","11":"taxable","12":"shipping-taxable","13":"purchasable","14":"product-type-simple"},"exclude_global_add_ons":[],"addons":[],"acf":[],"yoast_head":"<!-- This site is optimized with the Yoast SEO Premium plugin v27.0 (Yoast SEO v27.1) - https:\/\/yoast.com\/product\/yoast-seo-premium-wordpress\/ -->\n<title>Duralabel Magnetic Supply 25,4 mm, wei\u00dfe Lagerb\u00e4nder<\/title>\n<meta name=\"description\" content=\"Professionelles Duralabel-Magnetband, 25,4 mm, wei\u00df, f\u00fcr Lagerhallen \u2013 langlebige, bedruckbare Magnetstreifen f\u00fcr die individuelle Beschriftung von Regalen und Beh\u00e4ltern.\" \/>\n<meta name=\"robots\" content=\"index, follow, max-snippet:-1, max-image-preview:large, max-video-preview:-1\" \/>\n<link rel=\"canonical\" href=\"https:\/\/d-identify.be\/de\/produkt\/magnetband-copy-copy-copy-copy-2\/\" \/>\n<meta property=\"og:locale\" content=\"de_DE\" \/>\n<meta property=\"og:type\" content=\"article\" \/>\n<meta property=\"og:title\" content=\"Magnetband 25.4mm, Wei\u00df\" \/>\n<meta property=\"og:description\" content=\"Professionelles Duralabel-Magnetband, 25,4 mm, wei\u00df, f\u00fcr Lagerhallen \u2013 langlebige, bedruckbare Magnetstreifen f\u00fcr die individuelle Beschriftung von Regalen und Beh\u00e4ltern.\" \/>\n<meta property=\"og:url\" content=\"https:\/\/d-identify.be\/de\/produkt\/magnetband-copy-copy-copy-copy-2\/\" \/>\n<meta property=\"og:site_name\" content=\"d-identify\" \/>\n<meta property=\"article:modified_time\" content=\"2025-09-01T08:18:32+00:00\" \/>\n<meta property=\"og:image\" content=\"https:\/\/d-identify.be\/wp-content\/uploads\/2025\/02\/T1-01M.png\" \/>\n\t<meta property=\"og:image:width\" content=\"657\" \/>\n\t<meta property=\"og:image:height\" content=\"805\" \/>\n\t<meta property=\"og:image:type\" content=\"image\/png\" \/>\n<meta name=\"twitter:card\" content=\"summary_large_image\" \/>\n<meta name=\"twitter:label1\" content=\"Gesch\u00e4tzte Lesezeit\" \/>\n\t<meta name=\"twitter:data1\" content=\"1\u00a0Minute\" \/>\n<script type=\"application\/ld+json\" class=\"yoast-schema-graph\">{\"@context\":\"https:\/\/schema.org\",\"@graph\":[{\"@type\":\"WebPage\",\"@id\":\"https:\/\/d-identify.be\/de\/produkt\/magnetband-copy-copy-copy-copy-2\/\",\"url\":\"https:\/\/d-identify.be\/de\/produkt\/magnetband-copy-copy-copy-copy-2\/\",\"name\":\"Duralabel Magnetic Supply 25,4 mm, wei\u00dfe Lagerb\u00e4nder\",\"isPartOf\":{\"@id\":\"https:\/\/d-identify.be\/de\/#website\"},\"primaryImageOfPage\":{\"@id\":\"https:\/\/d-identify.be\/de\/produkt\/magnetband-copy-copy-copy-copy-2\/#primaryimage\"},\"image\":{\"@id\":\"https:\/\/d-identify.be\/de\/produkt\/magnetband-copy-copy-copy-copy-2\/#primaryimage\"},\"thumbnailUrl\":\"https:\/\/d-identify.be\/wp-content\/uploads\/2025\/02\/T1-01M.png\",\"datePublished\":\"2025-06-13T08:14:35+00:00\",\"dateModified\":\"2025-09-01T08:18:32+00:00\",\"description\":\"Professionelles Duralabel-Magnetband, 25,4 mm, wei\u00df, f\u00fcr Lagerhallen \u2013 langlebige, bedruckbare Magnetstreifen f\u00fcr die individuelle Beschriftung von Regalen und Beh\u00e4ltern.\",\"breadcrumb\":{\"@id\":\"https:\/\/d-identify.be\/de\/produkt\/magnetband-copy-copy-copy-copy-2\/#breadcrumb\"},\"inLanguage\":\"de\",\"potentialAction\":[{\"@type\":\"ReadAction\",\"target\":[\"https:\/\/d-identify.be\/de\/produkt\/magnetband-copy-copy-copy-copy-2\/\"]}]},{\"@type\":\"ImageObject\",\"inLanguage\":\"de\",\"@id\":\"https:\/\/d-identify.be\/de\/produkt\/magnetband-copy-copy-copy-copy-2\/#primaryimage\",\"url\":\"https:\/\/d-identify.be\/wp-content\/uploads\/2025\/02\/T1-01M.png\",\"contentUrl\":\"https:\/\/d-identify.be\/wp-content\/uploads\/2025\/02\/T1-01M.png\",\"width\":657,\"height\":805,\"caption\":\"T1-01M - Magnetic Tape\"},{\"@type\":\"BreadcrumbList\",\"@id\":\"https:\/\/d-identify.be\/de\/produkt\/magnetband-copy-copy-copy-copy-2\/#breadcrumb\",\"itemListElement\":[{\"@type\":\"ListItem\",\"position\":1,\"name\":\"Home\",\"item\":\"https:\/\/d-identify.be\/de\/home-2\/\"},{\"@type\":\"ListItem\",\"position\":2,\"name\":\"Shop\",\"item\":\"https:\/\/d-identify.be\/shop-2\/\"},{\"@type\":\"ListItem\",\"position\":3,\"name\":\"Magnetband 25.4mm, Wei\u00df\"}]},{\"@type\":\"WebSite\",\"@id\":\"https:\/\/d-identify.be\/de\/#website\",\"url\":\"https:\/\/d-identify.be\/de\/\",\"name\":\"d-identify\",\"description\":\"Industrial identification - Lockout - Tagout - Floor marking\",\"potentialAction\":[{\"@type\":\"SearchAction\",\"target\":{\"@type\":\"EntryPoint\",\"urlTemplate\":\"https:\/\/d-identify.be\/de\/?s={search_term_string}\"},\"query-input\":{\"@type\":\"PropertyValueSpecification\",\"valueRequired\":true,\"valueName\":\"search_term_string\"}}],\"inLanguage\":\"de\"}]}<\/script>\n<!-- \/ Yoast SEO Premium plugin. -->","yoast_head_json":{"title":"Duralabel Magnetic Supply 25,4 mm, wei\u00dfe Lagerb\u00e4nder","description":"Professionelles Duralabel-Magnetband, 25,4 mm, wei\u00df, f\u00fcr Lagerhallen \u2013 langlebige, bedruckbare Magnetstreifen f\u00fcr die individuelle Beschriftung von Regalen und Beh\u00e4ltern.","robots":{"index":"index","follow":"follow","max-snippet":"max-snippet:-1","max-image-preview":"max-image-preview:large","max-video-preview":"max-video-preview:-1"},"canonical":"https:\/\/d-identify.be\/de\/produkt\/magnetband-copy-copy-copy-copy-2\/","og_locale":"de_DE","og_type":"article","og_title":"Magnetband 25.4mm, Wei\u00df","og_description":"Professionelles Duralabel-Magnetband, 25,4 mm, wei\u00df, f\u00fcr Lagerhallen \u2013 langlebige, bedruckbare Magnetstreifen f\u00fcr die individuelle Beschriftung von Regalen und Beh\u00e4ltern.","og_url":"https:\/\/d-identify.be\/de\/produkt\/magnetband-copy-copy-copy-copy-2\/","og_site_name":"d-identify","article_modified_time":"2025-09-01T08:18:32+00:00","og_image":[{"width":657,"height":805,"url":"https:\/\/d-identify.be\/wp-content\/uploads\/2025\/02\/T1-01M.png","type":"image\/png"}],"twitter_card":"summary_large_image","twitter_misc":{"Gesch\u00e4tzte Lesezeit":"1\u00a0Minute"},"schema":{"@context":"https:\/\/schema.org","@graph":[{"@type":"WebPage","@id":"https:\/\/d-identify.be\/de\/produkt\/magnetband-copy-copy-copy-copy-2\/","url":"https:\/\/d-identify.be\/de\/produkt\/magnetband-copy-copy-copy-copy-2\/","name":"Duralabel Magnetic Supply 25,4 mm, wei\u00dfe Lagerb\u00e4nder","isPartOf":{"@id":"https:\/\/d-identify.be\/de\/#website"},"primaryImageOfPage":{"@id":"https:\/\/d-identify.be\/de\/produkt\/magnetband-copy-copy-copy-copy-2\/#primaryimage"},"image":{"@id":"https:\/\/d-identify.be\/de\/produkt\/magnetband-copy-copy-copy-copy-2\/#primaryimage"},"thumbnailUrl":"https:\/\/d-identify.be\/wp-content\/uploads\/2025\/02\/T1-01M.png","datePublished":"2025-06-13T08:14:35+00:00","dateModified":"2025-09-01T08:18:32+00:00","description":"Professionelles Duralabel-Magnetband, 25,4 mm, wei\u00df, f\u00fcr Lagerhallen \u2013 langlebige, bedruckbare Magnetstreifen f\u00fcr die individuelle Beschriftung von Regalen und Beh\u00e4ltern.","breadcrumb":{"@id":"https:\/\/d-identify.be\/de\/produkt\/magnetband-copy-copy-copy-copy-2\/#breadcrumb"},"inLanguage":"de","potentialAction":[{"@type":"ReadAction","target":["https:\/\/d-identify.be\/de\/produkt\/magnetband-copy-copy-copy-copy-2\/"]}]},{"@type":"ImageObject","inLanguage":"de","@id":"https:\/\/d-identify.be\/de\/produkt\/magnetband-copy-copy-copy-copy-2\/#primaryimage","url":"https:\/\/d-identify.be\/wp-content\/uploads\/2025\/02\/T1-01M.png","contentUrl":"https:\/\/d-identify.be\/wp-content\/uploads\/2025\/02\/T1-01M.png","width":657,"height":805,"caption":"T1-01M - Magnetic Tape"},{"@type":"BreadcrumbList","@id":"https:\/\/d-identify.be\/de\/produkt\/magnetband-copy-copy-copy-copy-2\/#breadcrumb","itemListElement":[{"@type":"ListItem","position":1,"name":"Home","item":"https:\/\/d-identify.be\/de\/home-2\/"},{"@type":"ListItem","position":2,"name":"Shop","item":"https:\/\/d-identify.be\/shop-2\/"},{"@type":"ListItem","position":3,"name":"Magnetband 25.4mm, Wei\u00df"}]},{"@type":"WebSite","@id":"https:\/\/d-identify.be\/de\/#website","url":"https:\/\/d-identify.be\/de\/","name":"d-identify","description":"Industrial identification - Lockout - Tagout - Floor marking","potentialAction":[{"@type":"SearchAction","target":{"@type":"EntryPoint","urlTemplate":"https:\/\/d-identify.be\/de\/?s={search_term_string}"},"query-input":{"@type":"PropertyValueSpecification","valueRequired":true,"valueName":"search_term_string"}}],"inLanguage":"de"}]}},"_links":{"self":[{"href":"https:\/\/d-identify.be\/de\/wp-json\/wp\/v2\/product\/57407","targetHints":{"allow":["GET"]}}],"collection":[{"href":"https:\/\/d-identify.be\/de\/wp-json\/wp\/v2\/product"}],"about":[{"href":"https:\/\/d-identify.be\/de\/wp-json\/wp\/v2\/types\/product"}],"replies":[{"embeddable":true,"href":"https:\/\/d-identify.be\/de\/wp-json\/wp\/v2\/comments?post=57407"}],"wp:featuredmedia":[{"embeddable":true,"href":"https:\/\/d-identify.be\/de\/wp-json\/wp\/v2\/media\/52419"}],"wp:attachment":[{"href":"https:\/\/d-identify.be\/de\/wp-json\/wp\/v2\/media?parent=57407"}],"wp:term":[{"taxonomy":"product_brand","embeddable":true,"href":"https:\/\/d-identify.be\/de\/wp-json\/wp\/v2\/product_brand?post=57407"},{"taxonomy":"product_cat","embeddable":true,"href":"https:\/\/d-identify.be\/de\/wp-json\/wp\/v2\/product_cat?post=57407"},{"taxonomy":"product_tag","embeddable":true,"href":"https:\/\/d-identify.be\/de\/wp-json\/wp\/v2\/product_tag?post=57407"},{"taxonomy":"pa_connextion-shapes","embeddable":true,"href":"https:\/\/d-identify.be\/de\/wp-json\/wp\/v2\/pa_connextion-shapes?post=57407"}],"curies":[{"name":"wp","href":"https:\/\/api.w.org\/{rel}","templated":true}]}}