{"id":57356,"date":"2025-06-12T16:51:31","date_gmt":"2025-06-12T14:51:31","guid":{"rendered":"https:\/\/d-identify.be\/?post_type=product&#038;p=57356"},"modified":"2025-09-01T10:18:50","modified_gmt":"2025-09-01T08:18:50","slug":"toro-reflektierendes-industrie-vinyl-copy-copy-copy-copy-copy-copy-copy-copy-copy-copy-copy-copy","status":"publish","type":"product","link":"https:\/\/d-identify.be\/de\/produkt\/toro-reflektierendes-industrie-vinyl-copy-copy-copy-copy-copy-copy-copy-copy-copy-copy-copy-copy\/","title":{"rendered":"Reflektierendes Vinyl 101 mm, Orange"},"content":{"rendered":"<p><strong>Reflektierendes Vinyl 101 mm Orange<\/strong> \u2013 <strong>Kompatibel mit DuraLabel-Druckern<\/strong><\/p>\n<p>Dieses 101 mm breite, orangefarbene, reflektierende Vinyl eignet sich f\u00fcr gut sichtbare Sicherheits- und Identifikationsetiketten in Umgebungen mit schlechten Lichtverh\u00e4ltnissen oder hohem Risiko. Die reflektierende Oberfl\u00e4che verbessert die Sichtbarkeit bei Lichteinwirkung und eignet sich daher ideal f\u00fcr Lagerhallen, Notausg\u00e4nge, die Ger\u00e4tekennzeichnung und Au\u00dfenanwendungen, bei denen Sicherheit und Konformit\u00e4t entscheidend sind. <\/p><\/p>\n","protected":false},"excerpt":{"rendered":"<p class=\"ai-optimize-17\">Reflektierendes Vinyl f\u00fcr gut sichtbare Sicherheits- und Identifikationsetiketten. Entwickelt f\u00fcr industrielle Umgebungen, bietet es starke Haftung und lange Haltbarkeit. Ideal zur Verbesserung der Sichtbarkeit bei schlechten Lichtverh\u00e4ltnissen oder in Notfallsituationen.  <\/p>\n<p class=\"ai-optimize-14\"><strong>Funktionen<\/strong><\/p>\n","protected":false},"featured_media":19482,"comment_status":"open","ping_status":"closed","template":"","meta":{"_acf_changed":false,"_et_pb_use_builder":"","_et_pb_old_content":"","_et_gb_content_width":""},"product_brand":[1246],"product_cat":[593,2612],"product_tag":[],"pa_connextion-shapes":[],"class_list":{"0":"post-57356","1":"product","2":"type-product","3":"status-publish","4":"has-post-thumbnail","6":"product_brand-duralabel","7":"product_cat-duralabel-verbrauchsmaterial","8":"product_cat-duralabel-toro-bronco-verbrauchsmaterial","10":"first","11":"instock","12":"taxable","13":"shipping-taxable","14":"purchasable","15":"product-type-simple"},"exclude_global_add_ons":[],"addons":[],"acf":[],"yoast_head":"<!-- This site is optimized with the Yoast SEO Premium plugin v27.0 (Yoast SEO v27.1) - https:\/\/yoast.com\/product\/yoast-seo-premium-wordpress\/ -->\n<title>Reflektierendes Vinyl 101 mm, Orange \u2013 Warnb\u00e4nder<\/title>\n<meta name=\"description\" content=\"Reflektierendes Vinyl-Etikett 101 mm, Orange \u2013 Langlebige und gut sichtbare Kennzeichnung f\u00fcr Sicherheit und industriellen Einsatz. Kompatibel mit DuraLabel-Druckern.\" \/>\n<meta name=\"robots\" content=\"index, follow, max-snippet:-1, max-image-preview:large, max-video-preview:-1\" \/>\n<link rel=\"canonical\" href=\"https:\/\/d-identify.be\/de\/produkt\/toro-reflektierendes-industrie-vinyl-copy-copy-copy-copy-copy-copy-copy-copy-copy-copy-copy-copy\/\" \/>\n<meta property=\"og:locale\" content=\"de_DE\" \/>\n<meta property=\"og:type\" content=\"article\" \/>\n<meta property=\"og:title\" content=\"Reflektierendes Vinyl 101 mm, Orange\" \/>\n<meta property=\"og:description\" content=\"Reflektierendes Vinyl-Etikett 101 mm, Orange \u2013 Langlebige und gut sichtbare Kennzeichnung f\u00fcr Sicherheit und industriellen Einsatz. Kompatibel mit DuraLabel-Druckern.\" \/>\n<meta property=\"og:url\" content=\"https:\/\/d-identify.be\/de\/produkt\/toro-reflektierendes-industrie-vinyl-copy-copy-copy-copy-copy-copy-copy-copy-copy-copy-copy-copy\/\" \/>\n<meta property=\"og:site_name\" content=\"d-identify\" \/>\n<meta property=\"article:modified_time\" content=\"2025-09-01T08:18:50+00:00\" \/>\n<meta property=\"og:image\" content=\"https:\/\/d-identify.be\/wp-content\/uploads\/2021\/07\/T4-110.png\" \/>\n\t<meta property=\"og:image:width\" content=\"400\" \/>\n\t<meta property=\"og:image:height\" content=\"400\" \/>\n\t<meta property=\"og:image:type\" content=\"image\/png\" \/>\n<meta name=\"twitter:card\" content=\"summary_large_image\" \/>\n<script type=\"application\/ld+json\" class=\"yoast-schema-graph\">{\"@context\":\"https:\/\/schema.org\",\"@graph\":[{\"@type\":\"WebPage\",\"@id\":\"https:\/\/d-identify.be\/de\/produkt\/toro-reflektierendes-industrie-vinyl-copy-copy-copy-copy-copy-copy-copy-copy-copy-copy-copy-copy\/\",\"url\":\"https:\/\/d-identify.be\/de\/produkt\/toro-reflektierendes-industrie-vinyl-copy-copy-copy-copy-copy-copy-copy-copy-copy-copy-copy-copy\/\",\"name\":\"Reflektierendes Vinyl 101 mm, Orange \u2013 Warnb\u00e4nder\",\"isPartOf\":{\"@id\":\"https:\/\/d-identify.be\/de\/#website\"},\"primaryImageOfPage\":{\"@id\":\"https:\/\/d-identify.be\/de\/produkt\/toro-reflektierendes-industrie-vinyl-copy-copy-copy-copy-copy-copy-copy-copy-copy-copy-copy-copy\/#primaryimage\"},\"image\":{\"@id\":\"https:\/\/d-identify.be\/de\/produkt\/toro-reflektierendes-industrie-vinyl-copy-copy-copy-copy-copy-copy-copy-copy-copy-copy-copy-copy\/#primaryimage\"},\"thumbnailUrl\":\"https:\/\/d-identify.be\/wp-content\/uploads\/2021\/07\/T4-110.png\",\"datePublished\":\"2025-06-12T14:51:31+00:00\",\"dateModified\":\"2025-09-01T08:18:50+00:00\",\"description\":\"Reflektierendes Vinyl-Etikett 101 mm, Orange \u2013 Langlebige und gut sichtbare Kennzeichnung f\u00fcr Sicherheit und industriellen Einsatz. Kompatibel mit DuraLabel-Druckern.\",\"breadcrumb\":{\"@id\":\"https:\/\/d-identify.be\/de\/produkt\/toro-reflektierendes-industrie-vinyl-copy-copy-copy-copy-copy-copy-copy-copy-copy-copy-copy-copy\/#breadcrumb\"},\"inLanguage\":\"de\",\"potentialAction\":[{\"@type\":\"ReadAction\",\"target\":[\"https:\/\/d-identify.be\/de\/produkt\/toro-reflektierendes-industrie-vinyl-copy-copy-copy-copy-copy-copy-copy-copy-copy-copy-copy-copy\/\"]}]},{\"@type\":\"ImageObject\",\"inLanguage\":\"de\",\"@id\":\"https:\/\/d-identify.be\/de\/produkt\/toro-reflektierendes-industrie-vinyl-copy-copy-copy-copy-copy-copy-copy-copy-copy-copy-copy-copy\/#primaryimage\",\"url\":\"https:\/\/d-identify.be\/wp-content\/uploads\/2021\/07\/T4-110.png\",\"contentUrl\":\"https:\/\/d-identify.be\/wp-content\/uploads\/2021\/07\/T4-110.png\",\"width\":400,\"height\":400,\"caption\":\"Toro Reflective Industrial Grade Vinyl\"},{\"@type\":\"BreadcrumbList\",\"@id\":\"https:\/\/d-identify.be\/de\/produkt\/toro-reflektierendes-industrie-vinyl-copy-copy-copy-copy-copy-copy-copy-copy-copy-copy-copy-copy\/#breadcrumb\",\"itemListElement\":[{\"@type\":\"ListItem\",\"position\":1,\"name\":\"Home\",\"item\":\"https:\/\/d-identify.be\/de\/home-2\/\"},{\"@type\":\"ListItem\",\"position\":2,\"name\":\"Shop\",\"item\":\"https:\/\/d-identify.be\/shop-2\/\"},{\"@type\":\"ListItem\",\"position\":3,\"name\":\"Reflektierendes Vinyl 101 mm, Orange\"}]},{\"@type\":\"WebSite\",\"@id\":\"https:\/\/d-identify.be\/de\/#website\",\"url\":\"https:\/\/d-identify.be\/de\/\",\"name\":\"d-identify\",\"description\":\"Industrial identification - Lockout - Tagout - Floor marking\",\"potentialAction\":[{\"@type\":\"SearchAction\",\"target\":{\"@type\":\"EntryPoint\",\"urlTemplate\":\"https:\/\/d-identify.be\/de\/?s={search_term_string}\"},\"query-input\":{\"@type\":\"PropertyValueSpecification\",\"valueRequired\":true,\"valueName\":\"search_term_string\"}}],\"inLanguage\":\"de\"}]}<\/script>\n<!-- \/ Yoast SEO Premium plugin. -->","yoast_head_json":{"title":"Reflektierendes Vinyl 101 mm, Orange \u2013 Warnb\u00e4nder","description":"Reflektierendes Vinyl-Etikett 101 mm, Orange \u2013 Langlebige und gut sichtbare Kennzeichnung f\u00fcr Sicherheit und industriellen Einsatz. Kompatibel mit DuraLabel-Druckern.","robots":{"index":"index","follow":"follow","max-snippet":"max-snippet:-1","max-image-preview":"max-image-preview:large","max-video-preview":"max-video-preview:-1"},"canonical":"https:\/\/d-identify.be\/de\/produkt\/toro-reflektierendes-industrie-vinyl-copy-copy-copy-copy-copy-copy-copy-copy-copy-copy-copy-copy\/","og_locale":"de_DE","og_type":"article","og_title":"Reflektierendes Vinyl 101 mm, Orange","og_description":"Reflektierendes Vinyl-Etikett 101 mm, Orange \u2013 Langlebige und gut sichtbare Kennzeichnung f\u00fcr Sicherheit und industriellen Einsatz. Kompatibel mit DuraLabel-Druckern.","og_url":"https:\/\/d-identify.be\/de\/produkt\/toro-reflektierendes-industrie-vinyl-copy-copy-copy-copy-copy-copy-copy-copy-copy-copy-copy-copy\/","og_site_name":"d-identify","article_modified_time":"2025-09-01T08:18:50+00:00","og_image":[{"width":400,"height":400,"url":"https:\/\/d-identify.be\/wp-content\/uploads\/2021\/07\/T4-110.png","type":"image\/png"}],"twitter_card":"summary_large_image","schema":{"@context":"https:\/\/schema.org","@graph":[{"@type":"WebPage","@id":"https:\/\/d-identify.be\/de\/produkt\/toro-reflektierendes-industrie-vinyl-copy-copy-copy-copy-copy-copy-copy-copy-copy-copy-copy-copy\/","url":"https:\/\/d-identify.be\/de\/produkt\/toro-reflektierendes-industrie-vinyl-copy-copy-copy-copy-copy-copy-copy-copy-copy-copy-copy-copy\/","name":"Reflektierendes Vinyl 101 mm, Orange \u2013 Warnb\u00e4nder","isPartOf":{"@id":"https:\/\/d-identify.be\/de\/#website"},"primaryImageOfPage":{"@id":"https:\/\/d-identify.be\/de\/produkt\/toro-reflektierendes-industrie-vinyl-copy-copy-copy-copy-copy-copy-copy-copy-copy-copy-copy-copy\/#primaryimage"},"image":{"@id":"https:\/\/d-identify.be\/de\/produkt\/toro-reflektierendes-industrie-vinyl-copy-copy-copy-copy-copy-copy-copy-copy-copy-copy-copy-copy\/#primaryimage"},"thumbnailUrl":"https:\/\/d-identify.be\/wp-content\/uploads\/2021\/07\/T4-110.png","datePublished":"2025-06-12T14:51:31+00:00","dateModified":"2025-09-01T08:18:50+00:00","description":"Reflektierendes Vinyl-Etikett 101 mm, Orange \u2013 Langlebige und gut sichtbare Kennzeichnung f\u00fcr Sicherheit und industriellen Einsatz. Kompatibel mit DuraLabel-Druckern.","breadcrumb":{"@id":"https:\/\/d-identify.be\/de\/produkt\/toro-reflektierendes-industrie-vinyl-copy-copy-copy-copy-copy-copy-copy-copy-copy-copy-copy-copy\/#breadcrumb"},"inLanguage":"de","potentialAction":[{"@type":"ReadAction","target":["https:\/\/d-identify.be\/de\/produkt\/toro-reflektierendes-industrie-vinyl-copy-copy-copy-copy-copy-copy-copy-copy-copy-copy-copy-copy\/"]}]},{"@type":"ImageObject","inLanguage":"de","@id":"https:\/\/d-identify.be\/de\/produkt\/toro-reflektierendes-industrie-vinyl-copy-copy-copy-copy-copy-copy-copy-copy-copy-copy-copy-copy\/#primaryimage","url":"https:\/\/d-identify.be\/wp-content\/uploads\/2021\/07\/T4-110.png","contentUrl":"https:\/\/d-identify.be\/wp-content\/uploads\/2021\/07\/T4-110.png","width":400,"height":400,"caption":"Toro Reflective Industrial Grade Vinyl"},{"@type":"BreadcrumbList","@id":"https:\/\/d-identify.be\/de\/produkt\/toro-reflektierendes-industrie-vinyl-copy-copy-copy-copy-copy-copy-copy-copy-copy-copy-copy-copy\/#breadcrumb","itemListElement":[{"@type":"ListItem","position":1,"name":"Home","item":"https:\/\/d-identify.be\/de\/home-2\/"},{"@type":"ListItem","position":2,"name":"Shop","item":"https:\/\/d-identify.be\/shop-2\/"},{"@type":"ListItem","position":3,"name":"Reflektierendes Vinyl 101 mm, Orange"}]},{"@type":"WebSite","@id":"https:\/\/d-identify.be\/de\/#website","url":"https:\/\/d-identify.be\/de\/","name":"d-identify","description":"Industrial identification - Lockout - Tagout - Floor marking","potentialAction":[{"@type":"SearchAction","target":{"@type":"EntryPoint","urlTemplate":"https:\/\/d-identify.be\/de\/?s={search_term_string}"},"query-input":{"@type":"PropertyValueSpecification","valueRequired":true,"valueName":"search_term_string"}}],"inLanguage":"de"}]}},"_links":{"self":[{"href":"https:\/\/d-identify.be\/de\/wp-json\/wp\/v2\/product\/57356","targetHints":{"allow":["GET"]}}],"collection":[{"href":"https:\/\/d-identify.be\/de\/wp-json\/wp\/v2\/product"}],"about":[{"href":"https:\/\/d-identify.be\/de\/wp-json\/wp\/v2\/types\/product"}],"replies":[{"embeddable":true,"href":"https:\/\/d-identify.be\/de\/wp-json\/wp\/v2\/comments?post=57356"}],"wp:featuredmedia":[{"embeddable":true,"href":"https:\/\/d-identify.be\/de\/wp-json\/wp\/v2\/media\/19482"}],"wp:attachment":[{"href":"https:\/\/d-identify.be\/de\/wp-json\/wp\/v2\/media?parent=57356"}],"wp:term":[{"taxonomy":"product_brand","embeddable":true,"href":"https:\/\/d-identify.be\/de\/wp-json\/wp\/v2\/product_brand?post=57356"},{"taxonomy":"product_cat","embeddable":true,"href":"https:\/\/d-identify.be\/de\/wp-json\/wp\/v2\/product_cat?post=57356"},{"taxonomy":"product_tag","embeddable":true,"href":"https:\/\/d-identify.be\/de\/wp-json\/wp\/v2\/product_tag?post=57356"},{"taxonomy":"pa_connextion-shapes","embeddable":true,"href":"https:\/\/d-identify.be\/de\/wp-json\/wp\/v2\/pa_connextion-shapes?post=57356"}],"curies":[{"name":"wp","href":"https:\/\/api.w.org\/{rel}","templated":true}]}}