{"id":55829,"date":"2025-05-16T14:55:09","date_gmt":"2025-05-16T12:55:09","guid":{"rendered":"https:\/\/d-identify.be\/product\/transparentes-tintenstrahletikett-aus-polypropylen-101-x-101-mm\/"},"modified":"2025-05-16T14:55:09","modified_gmt":"2025-05-16T12:55:09","slug":"transparentes-tintenstrahletikett-aus-polypropylen-101-x-101-mm","status":"publish","type":"product","link":"https:\/\/d-identify.be\/de\/produkt\/transparentes-tintenstrahletikett-aus-polypropylen-101-x-101-mm\/","title":{"rendered":"Transparentes Tintenstrahletikett aus Polypropylen, 101 x 101 mm"},"content":{"rendered":"<p class=\"\" data-start=\"97\" data-end=\"457\">Unsere <strong data-start=\"101\" data-end=\"144\">transparenten Tintenstrahletiketten<\/strong> aus Polypropylen sind speziell f\u00fcr die Verwendung mit Farbetikettendruckern von Afinia und Epson konzipiert und bieten professionelle Druckqualit\u00e4t mit hervorragender Haltbarkeit. Die klare, gl\u00e4nzende Oberfl\u00e4che sorgt f\u00fcr scharfe, lebendige Drucke mit satten Farben und klarem Text und beh\u00e4lt gleichzeitig einen \u201eNo-Label\u201c-Look bei, der das nat\u00fcrliche Erscheinungsbild des Produkts unterstreicht. <\/p>\n<p class=\"\" data-start=\"459\" data-end=\"765\">Diese Etiketten sind wasserfest, wischfest und bieten eine hervorragende Best\u00e4ndigkeit gegen Kratzer, Chemikalien und Handhabung. Dank des Grundmaterials Polypropylen sind sie robuster als herk\u00f6mmliche Papieretiketten und eignen sich daher ideal f\u00fcr Anwendungen, bei denen Haltbarkeit und eine hochwertige, nahtlose Verarbeitung unerl\u00e4sslich sind. <\/p>\n<p class=\"\" data-start=\"767\" data-end=\"1008\">Diese Etiketten eignen sich perfekt f\u00fcr die Produktkennzeichnung, Verpackung, Kosmetik und den industriellen Einsatz und sind sowohl f\u00fcr den Innen- als auch f\u00fcr den kurzfristigen Au\u00dfeneinsatz geeignet. Sie haften gut auf einer Vielzahl von Oberfl\u00e4chen, einschlie\u00dflich Kunststoff, Glas, Metall und Karton. <\/p>\n<p class=\"\" data-start=\"571\" data-end=\"854\">Diese Etiketten sind wasserfest, wischfest und bieten eine hervorragende Kratz- und Handhabungsbest\u00e4ndigkeit. Dank des Grundmaterials Polypropylen sind sie robuster als herk\u00f6mmliche Papieretiketten und eignen sich daher ideal f\u00fcr Anwendungen, bei denen es auf Langlebigkeit und eine hochwertige Optik ankommt. <\/p>\n<p class=\"\" data-start=\"856\" data-end=\"1097\">Diese Etiketten eignen sich perfekt f\u00fcr die Produktkennzeichnung, Verpackung, Logistik und den industriellen Einsatz und sind sowohl f\u00fcr den Innen- als auch f\u00fcr den kurzfristigen Au\u00dfeneinsatz geeignet. Sie haften gut auf einer Vielzahl von Oberfl\u00e4chen, einschlie\u00dflich Kunststoff, Glas, Metall und Karton. <\/p>\n","protected":false},"excerpt":{"rendered":"<p>Langlebige, transparente Etiketten aus Polypropylen f\u00fcr hochwertigen, wischfesten Druck mit Tintenstrahldruckern von Afinia und Epson. Perfekt f\u00fcr Produktkennzeichnung, Verpackung und industrielle Anwendungen, bei denen Wasser-, Kratz- und Chemikalienbest\u00e4ndigkeit von entscheidender Bedeutung sind, w\u00e4hrend gleichzeitig ein klares No-Label-Erscheinungsbild f\u00fcr ein erstklassiges Erscheinungsbild erhalten bleibt. <\/p>\n<p><strong>Hauptfunktionen<\/strong><\/p>\n","protected":false},"featured_media":27135,"comment_status":"open","ping_status":"closed","template":"","meta":{"_acf_changed":false,"_et_pb_use_builder":"","_et_pb_old_content":"","_et_gb_content_width":""},"product_brand":[],"product_cat":[786],"product_tag":[],"pa_connextion-shapes":[],"class_list":{"0":"post-55829","1":"product","2":"type-product","3":"status-publish","4":"has-post-thumbnail","6":"product_cat-inkjet-etiketten","8":"first","9":"instock","10":"taxable","11":"shipping-taxable","12":"purchasable","13":"product-type-simple"},"exclude_global_add_ons":[],"addons":[],"acf":[],"yoast_head":"<!-- This site is optimized with the Yoast SEO Premium plugin v27.0 (Yoast SEO v27.1) - https:\/\/yoast.com\/product\/yoast-seo-premium-wordpress\/ -->\n<title>Transparentes Tintenstrahletikett aus Polypropylen, 101 x 101 mm<\/title>\n<meta name=\"description\" content=\"Unsere transparenten Polypropylen-Tintenstrahletiketten sind speziell f\u00fcr die Verwendung mit Farbetikettendruckern von Afinia und Epson konzipiert\" \/>\n<meta name=\"robots\" content=\"index, follow, max-snippet:-1, max-image-preview:large, max-video-preview:-1\" \/>\n<link rel=\"canonical\" href=\"https:\/\/d-identify.be\/de\/produkt\/transparentes-tintenstrahletikett-aus-polypropylen-101-x-101-mm\/\" \/>\n<meta property=\"og:locale\" content=\"de_DE\" \/>\n<meta property=\"og:type\" content=\"article\" \/>\n<meta property=\"og:title\" content=\"Transparentes Tintenstrahletikett aus Polypropylen, 101 x 101 mm\" \/>\n<meta property=\"og:description\" content=\"Unsere transparenten Polypropylen-Tintenstrahletiketten sind speziell f\u00fcr die Verwendung mit Farbetikettendruckern von Afinia und Epson konzipiert\" \/>\n<meta property=\"og:url\" content=\"https:\/\/d-identify.be\/de\/produkt\/transparentes-tintenstrahletikett-aus-polypropylen-101-x-101-mm\/\" \/>\n<meta property=\"og:site_name\" content=\"d-identify\" \/>\n<meta property=\"og:image\" content=\"https:\/\/d-identify.be\/wp-content\/uploads\/2021\/07\/DID-101x101-625-1R.png\" \/>\n\t<meta property=\"og:image:width\" content=\"4252\" \/>\n\t<meta property=\"og:image:height\" content=\"4252\" \/>\n\t<meta property=\"og:image:type\" content=\"image\/png\" \/>\n<meta name=\"twitter:card\" content=\"summary_large_image\" \/>\n<meta name=\"twitter:label1\" content=\"Gesch\u00e4tzte Lesezeit\" \/>\n\t<meta name=\"twitter:data1\" content=\"1\u00a0Minute\" \/>\n<script type=\"application\/ld+json\" class=\"yoast-schema-graph\">{\"@context\":\"https:\/\/schema.org\",\"@graph\":[{\"@type\":\"WebPage\",\"@id\":\"https:\/\/d-identify.be\/de\/produkt\/transparentes-tintenstrahletikett-aus-polypropylen-101-x-101-mm\/\",\"url\":\"https:\/\/d-identify.be\/de\/produkt\/transparentes-tintenstrahletikett-aus-polypropylen-101-x-101-mm\/\",\"name\":\"Transparentes Tintenstrahletikett aus Polypropylen, 101 x 101 mm\",\"isPartOf\":{\"@id\":\"https:\/\/d-identify.be\/de\/#website\"},\"primaryImageOfPage\":{\"@id\":\"https:\/\/d-identify.be\/de\/produkt\/transparentes-tintenstrahletikett-aus-polypropylen-101-x-101-mm\/#primaryimage\"},\"image\":{\"@id\":\"https:\/\/d-identify.be\/de\/produkt\/transparentes-tintenstrahletikett-aus-polypropylen-101-x-101-mm\/#primaryimage\"},\"thumbnailUrl\":\"https:\/\/d-identify.be\/wp-content\/uploads\/2021\/07\/DID-101x101-625-1R.png\",\"datePublished\":\"2025-05-16T12:55:09+00:00\",\"description\":\"Unsere transparenten Polypropylen-Tintenstrahletiketten sind speziell f\u00fcr die Verwendung mit Farbetikettendruckern von Afinia und Epson konzipiert\",\"breadcrumb\":{\"@id\":\"https:\/\/d-identify.be\/de\/produkt\/transparentes-tintenstrahletikett-aus-polypropylen-101-x-101-mm\/#breadcrumb\"},\"inLanguage\":\"de\",\"potentialAction\":[{\"@type\":\"ReadAction\",\"target\":[\"https:\/\/d-identify.be\/de\/produkt\/transparentes-tintenstrahletikett-aus-polypropylen-101-x-101-mm\/\"]}]},{\"@type\":\"ImageObject\",\"inLanguage\":\"de\",\"@id\":\"https:\/\/d-identify.be\/de\/produkt\/transparentes-tintenstrahletikett-aus-polypropylen-101-x-101-mm\/#primaryimage\",\"url\":\"https:\/\/d-identify.be\/wp-content\/uploads\/2021\/07\/DID-101x101-625-1R.png\",\"contentUrl\":\"https:\/\/d-identify.be\/wp-content\/uploads\/2021\/07\/DID-101x101-625-1R.png\",\"width\":4252,\"height\":4252,\"caption\":\"Inkjet Label 101x101mm\"},{\"@type\":\"BreadcrumbList\",\"@id\":\"https:\/\/d-identify.be\/de\/produkt\/transparentes-tintenstrahletikett-aus-polypropylen-101-x-101-mm\/#breadcrumb\",\"itemListElement\":[{\"@type\":\"ListItem\",\"position\":1,\"name\":\"Home\",\"item\":\"https:\/\/d-identify.be\/de\/home-2\/\"},{\"@type\":\"ListItem\",\"position\":2,\"name\":\"Shop\",\"item\":\"https:\/\/d-identify.be\/shop-2\/\"},{\"@type\":\"ListItem\",\"position\":3,\"name\":\"Transparentes Tintenstrahletikett aus Polypropylen, 101 x 101 mm\"}]},{\"@type\":\"WebSite\",\"@id\":\"https:\/\/d-identify.be\/de\/#website\",\"url\":\"https:\/\/d-identify.be\/de\/\",\"name\":\"d-identify\",\"description\":\"Industrial identification - Lockout - Tagout - Floor marking\",\"potentialAction\":[{\"@type\":\"SearchAction\",\"target\":{\"@type\":\"EntryPoint\",\"urlTemplate\":\"https:\/\/d-identify.be\/de\/?s={search_term_string}\"},\"query-input\":{\"@type\":\"PropertyValueSpecification\",\"valueRequired\":true,\"valueName\":\"search_term_string\"}}],\"inLanguage\":\"de\"}]}<\/script>\n<!-- \/ Yoast SEO Premium plugin. -->","yoast_head_json":{"title":"Transparentes Tintenstrahletikett aus Polypropylen, 101 x 101 mm","description":"Unsere transparenten Polypropylen-Tintenstrahletiketten sind speziell f\u00fcr die Verwendung mit Farbetikettendruckern von Afinia und Epson konzipiert","robots":{"index":"index","follow":"follow","max-snippet":"max-snippet:-1","max-image-preview":"max-image-preview:large","max-video-preview":"max-video-preview:-1"},"canonical":"https:\/\/d-identify.be\/de\/produkt\/transparentes-tintenstrahletikett-aus-polypropylen-101-x-101-mm\/","og_locale":"de_DE","og_type":"article","og_title":"Transparentes Tintenstrahletikett aus Polypropylen, 101 x 101 mm","og_description":"Unsere transparenten Polypropylen-Tintenstrahletiketten sind speziell f\u00fcr die Verwendung mit Farbetikettendruckern von Afinia und Epson konzipiert","og_url":"https:\/\/d-identify.be\/de\/produkt\/transparentes-tintenstrahletikett-aus-polypropylen-101-x-101-mm\/","og_site_name":"d-identify","og_image":[{"width":4252,"height":4252,"url":"https:\/\/d-identify.be\/wp-content\/uploads\/2021\/07\/DID-101x101-625-1R.png","type":"image\/png"}],"twitter_card":"summary_large_image","twitter_misc":{"Gesch\u00e4tzte Lesezeit":"1\u00a0Minute"},"schema":{"@context":"https:\/\/schema.org","@graph":[{"@type":"WebPage","@id":"https:\/\/d-identify.be\/de\/produkt\/transparentes-tintenstrahletikett-aus-polypropylen-101-x-101-mm\/","url":"https:\/\/d-identify.be\/de\/produkt\/transparentes-tintenstrahletikett-aus-polypropylen-101-x-101-mm\/","name":"Transparentes Tintenstrahletikett aus Polypropylen, 101 x 101 mm","isPartOf":{"@id":"https:\/\/d-identify.be\/de\/#website"},"primaryImageOfPage":{"@id":"https:\/\/d-identify.be\/de\/produkt\/transparentes-tintenstrahletikett-aus-polypropylen-101-x-101-mm\/#primaryimage"},"image":{"@id":"https:\/\/d-identify.be\/de\/produkt\/transparentes-tintenstrahletikett-aus-polypropylen-101-x-101-mm\/#primaryimage"},"thumbnailUrl":"https:\/\/d-identify.be\/wp-content\/uploads\/2021\/07\/DID-101x101-625-1R.png","datePublished":"2025-05-16T12:55:09+00:00","description":"Unsere transparenten Polypropylen-Tintenstrahletiketten sind speziell f\u00fcr die Verwendung mit Farbetikettendruckern von Afinia und Epson konzipiert","breadcrumb":{"@id":"https:\/\/d-identify.be\/de\/produkt\/transparentes-tintenstrahletikett-aus-polypropylen-101-x-101-mm\/#breadcrumb"},"inLanguage":"de","potentialAction":[{"@type":"ReadAction","target":["https:\/\/d-identify.be\/de\/produkt\/transparentes-tintenstrahletikett-aus-polypropylen-101-x-101-mm\/"]}]},{"@type":"ImageObject","inLanguage":"de","@id":"https:\/\/d-identify.be\/de\/produkt\/transparentes-tintenstrahletikett-aus-polypropylen-101-x-101-mm\/#primaryimage","url":"https:\/\/d-identify.be\/wp-content\/uploads\/2021\/07\/DID-101x101-625-1R.png","contentUrl":"https:\/\/d-identify.be\/wp-content\/uploads\/2021\/07\/DID-101x101-625-1R.png","width":4252,"height":4252,"caption":"Inkjet Label 101x101mm"},{"@type":"BreadcrumbList","@id":"https:\/\/d-identify.be\/de\/produkt\/transparentes-tintenstrahletikett-aus-polypropylen-101-x-101-mm\/#breadcrumb","itemListElement":[{"@type":"ListItem","position":1,"name":"Home","item":"https:\/\/d-identify.be\/de\/home-2\/"},{"@type":"ListItem","position":2,"name":"Shop","item":"https:\/\/d-identify.be\/shop-2\/"},{"@type":"ListItem","position":3,"name":"Transparentes Tintenstrahletikett aus Polypropylen, 101 x 101 mm"}]},{"@type":"WebSite","@id":"https:\/\/d-identify.be\/de\/#website","url":"https:\/\/d-identify.be\/de\/","name":"d-identify","description":"Industrial identification - Lockout - Tagout - Floor marking","potentialAction":[{"@type":"SearchAction","target":{"@type":"EntryPoint","urlTemplate":"https:\/\/d-identify.be\/de\/?s={search_term_string}"},"query-input":{"@type":"PropertyValueSpecification","valueRequired":true,"valueName":"search_term_string"}}],"inLanguage":"de"}]}},"_links":{"self":[{"href":"https:\/\/d-identify.be\/de\/wp-json\/wp\/v2\/product\/55829","targetHints":{"allow":["GET"]}}],"collection":[{"href":"https:\/\/d-identify.be\/de\/wp-json\/wp\/v2\/product"}],"about":[{"href":"https:\/\/d-identify.be\/de\/wp-json\/wp\/v2\/types\/product"}],"replies":[{"embeddable":true,"href":"https:\/\/d-identify.be\/de\/wp-json\/wp\/v2\/comments?post=55829"}],"wp:featuredmedia":[{"embeddable":true,"href":"https:\/\/d-identify.be\/de\/wp-json\/wp\/v2\/media\/27135"}],"wp:attachment":[{"href":"https:\/\/d-identify.be\/de\/wp-json\/wp\/v2\/media?parent=55829"}],"wp:term":[{"taxonomy":"product_brand","embeddable":true,"href":"https:\/\/d-identify.be\/de\/wp-json\/wp\/v2\/product_brand?post=55829"},{"taxonomy":"product_cat","embeddable":true,"href":"https:\/\/d-identify.be\/de\/wp-json\/wp\/v2\/product_cat?post=55829"},{"taxonomy":"product_tag","embeddable":true,"href":"https:\/\/d-identify.be\/de\/wp-json\/wp\/v2\/product_tag?post=55829"},{"taxonomy":"pa_connextion-shapes","embeddable":true,"href":"https:\/\/d-identify.be\/de\/wp-json\/wp\/v2\/pa_connextion-shapes?post=55829"}],"curies":[{"name":"wp","href":"https:\/\/api.w.org\/{rel}","templated":true}]}}