{"id":55823,"date":"2025-05-16T15:59:36","date_gmt":"2025-05-16T13:59:36","guid":{"rendered":"https:\/\/d-identify.be\/product\/tintenstrahl-polypropylen-satinetikett-101-x-152-mm\/"},"modified":"2025-05-16T15:59:36","modified_gmt":"2025-05-16T13:59:36","slug":"tintenstrahl-polypropylen-satinetikett-101-x-152-mm","status":"publish","type":"product","link":"https:\/\/d-identify.be\/de\/produkt\/tintenstrahl-polypropylen-satinetikett-101-x-152-mm\/","title":{"rendered":"Tintenstrahl-Polypropylen-Satinetikett 101 x 152 mm"},"content":{"rendered":"<p class=\"\" data-start=\"151\" data-end=\"535\">Unsere <strong data-start=\"155\" data-end=\"192\">satinierten Tintenstrahletiketten aus Polypropylen<\/strong> sind speziell f\u00fcr die Verwendung mit Farbetikettendruckern von Afinia und Epson konzipiert und bieten professionelle Druckqualit\u00e4t mit hervorragender Haltbarkeit. Die Satinoberfl\u00e4che sorgt f\u00fcr scharfe, lebendige Drucke mit satten Farben und klarem Text und bietet gleichzeitig einen subtilen, eleganten Glanz, der die Optik ohne die harten Reflexionen gl\u00e4nzender Oberfl\u00e4chen verbessert. <\/p>\n<p class=\"\" data-start=\"537\" data-end=\"858\">Diese Etiketten sind wasserfest, wischfest und bieten eine hervorragende Best\u00e4ndigkeit gegen Kratzer, Chemikalien und Handhabung. Dank des robusten Grundmaterials Polypropylen sind sie deutlich langlebiger als herk\u00f6mmliche Papieretiketten und eignen sich daher ideal f\u00fcr Anwendungen, bei denen es sowohl auf Langlebigkeit als auch auf eine hochwertige Optik ankommt. <\/p>\n<p class=\"\" data-start=\"860\" data-end=\"1159\">Diese Etiketten eignen sich perfekt f\u00fcr die Produktkennzeichnung, Premiumverpackungen, Kosmetika und industrielle Anwendungen und sind sowohl f\u00fcr den Innen- als auch f\u00fcr den kurzfristigen Au\u00dfeneinsatz geeignet. Sie haften zuverl\u00e4ssig auf einer Vielzahl von Oberfl\u00e4chen, einschlie\u00dflich Kunststoff, Glas, Metall und Karton, und sorgen f\u00fcr ein sicheres und professionelles Finish. <\/p>\n<p class=\"\" data-start=\"571\" data-end=\"854\">Diese Etiketten sind wasserfest, wischfest und bieten eine hervorragende Kratz- und Handhabungsbest\u00e4ndigkeit. Dank des Grundmaterials Polypropylen sind sie robuster als herk\u00f6mmliche Papieretiketten und eignen sich daher ideal f\u00fcr Anwendungen, bei denen es auf Langlebigkeit und eine hochwertige Optik ankommt. <\/p>\n<p class=\"\" data-start=\"856\" data-end=\"1097\">Diese Etiketten eignen sich perfekt f\u00fcr die Produktkennzeichnung, Verpackung, Logistik und den industriellen Einsatz und sind sowohl f\u00fcr den Innen- als auch f\u00fcr den kurzfristigen Au\u00dfeneinsatz geeignet. Sie haften gut auf einer Vielzahl von Oberfl\u00e4chen, einschlie\u00dflich Kunststoff, Glas, Metall und Karton. <\/p>\n","protected":false},"excerpt":{"rendered":"<p>Strapazierf\u00e4hige Etiketten aus satiniertem Polypropylen f\u00fcr hochwertigen, wischfesten Druck mit Tintenstrahldruckern von Afinia und Epson. Perfekt f\u00fcr Produktkennzeichnung, Verpackung und industrielle Anwendungen, bei denen Wasser-, Kratz- und Chemikalienbest\u00e4ndigkeit von entscheidender Bedeutung sind, und mit einer wundersch\u00f6nen Satinoberfl\u00e4che, die einen subtilen, eleganten Glanz f\u00fcr ein hochwertiges und professionelles Erscheinungsbild verleiht. <\/p>\n<p><strong>Hauptfunktionen<\/strong><\/p>\n","protected":false},"featured_media":27131,"comment_status":"open","ping_status":"closed","template":"","meta":{"_acf_changed":false,"_et_pb_use_builder":"","_et_pb_old_content":"","_et_gb_content_width":""},"product_brand":[],"product_cat":[786],"product_tag":[],"pa_connextion-shapes":[],"class_list":{"0":"post-55823","1":"product","2":"type-product","3":"status-publish","4":"has-post-thumbnail","6":"product_cat-inkjet-etiketten","8":"first","9":"instock","10":"taxable","11":"shipping-taxable","12":"purchasable","13":"product-type-simple"},"exclude_global_add_ons":[],"addons":[],"acf":[],"yoast_head":"<!-- This site is optimized with the Yoast SEO Premium plugin v27.0 (Yoast SEO v27.1) - https:\/\/yoast.com\/product\/yoast-seo-premium-wordpress\/ -->\n<title>Tintenstrahl-Polypropylen-Satinetikett 101 x 152 mm<\/title>\n<meta name=\"description\" content=\"Unsere satinierten Polypropylen-Tintenstrahletiketten sind speziell f\u00fcr die Verwendung mit Farbetikettendruckern von Afinia und Epson konzipiert\" \/>\n<meta name=\"robots\" content=\"index, follow, max-snippet:-1, max-image-preview:large, max-video-preview:-1\" \/>\n<link rel=\"canonical\" href=\"https:\/\/d-identify.be\/de\/produkt\/tintenstrahl-polypropylen-satinetikett-101-x-152-mm\/\" \/>\n<meta property=\"og:locale\" content=\"de_DE\" \/>\n<meta property=\"og:type\" content=\"article\" \/>\n<meta property=\"og:title\" content=\"Tintenstrahl-Polypropylen-Satinetikett 101 x 152 mm\" \/>\n<meta property=\"og:description\" content=\"Unsere satinierten Polypropylen-Tintenstrahletiketten sind speziell f\u00fcr die Verwendung mit Farbetikettendruckern von Afinia und Epson konzipiert\" \/>\n<meta property=\"og:url\" content=\"https:\/\/d-identify.be\/de\/produkt\/tintenstrahl-polypropylen-satinetikett-101-x-152-mm\/\" \/>\n<meta property=\"og:site_name\" content=\"d-identify\" \/>\n<meta property=\"og:image\" content=\"https:\/\/d-identify.be\/wp-content\/uploads\/2021\/07\/DID-101x152-425-1R.png\" \/>\n\t<meta property=\"og:image:width\" content=\"4252\" \/>\n\t<meta property=\"og:image:height\" content=\"4252\" \/>\n\t<meta property=\"og:image:type\" content=\"image\/png\" \/>\n<meta name=\"twitter:card\" content=\"summary_large_image\" \/>\n<meta name=\"twitter:label1\" content=\"Gesch\u00e4tzte Lesezeit\" \/>\n\t<meta name=\"twitter:data1\" content=\"1\u00a0Minute\" \/>\n<script type=\"application\/ld+json\" class=\"yoast-schema-graph\">{\"@context\":\"https:\/\/schema.org\",\"@graph\":[{\"@type\":\"WebPage\",\"@id\":\"https:\/\/d-identify.be\/de\/produkt\/tintenstrahl-polypropylen-satinetikett-101-x-152-mm\/\",\"url\":\"https:\/\/d-identify.be\/de\/produkt\/tintenstrahl-polypropylen-satinetikett-101-x-152-mm\/\",\"name\":\"Tintenstrahl-Polypropylen-Satinetikett 101 x 152 mm\",\"isPartOf\":{\"@id\":\"https:\/\/d-identify.be\/de\/#website\"},\"primaryImageOfPage\":{\"@id\":\"https:\/\/d-identify.be\/de\/produkt\/tintenstrahl-polypropylen-satinetikett-101-x-152-mm\/#primaryimage\"},\"image\":{\"@id\":\"https:\/\/d-identify.be\/de\/produkt\/tintenstrahl-polypropylen-satinetikett-101-x-152-mm\/#primaryimage\"},\"thumbnailUrl\":\"https:\/\/d-identify.be\/wp-content\/uploads\/2021\/07\/DID-101x152-425-1R.png\",\"datePublished\":\"2025-05-16T13:59:36+00:00\",\"description\":\"Unsere satinierten Polypropylen-Tintenstrahletiketten sind speziell f\u00fcr die Verwendung mit Farbetikettendruckern von Afinia und Epson konzipiert\",\"breadcrumb\":{\"@id\":\"https:\/\/d-identify.be\/de\/produkt\/tintenstrahl-polypropylen-satinetikett-101-x-152-mm\/#breadcrumb\"},\"inLanguage\":\"de\",\"potentialAction\":[{\"@type\":\"ReadAction\",\"target\":[\"https:\/\/d-identify.be\/de\/produkt\/tintenstrahl-polypropylen-satinetikett-101-x-152-mm\/\"]}]},{\"@type\":\"ImageObject\",\"inLanguage\":\"de\",\"@id\":\"https:\/\/d-identify.be\/de\/produkt\/tintenstrahl-polypropylen-satinetikett-101-x-152-mm\/#primaryimage\",\"url\":\"https:\/\/d-identify.be\/wp-content\/uploads\/2021\/07\/DID-101x152-425-1R.png\",\"contentUrl\":\"https:\/\/d-identify.be\/wp-content\/uploads\/2021\/07\/DID-101x152-425-1R.png\",\"width\":4252,\"height\":4252,\"caption\":\"Inkjet Label 101x152mm\"},{\"@type\":\"BreadcrumbList\",\"@id\":\"https:\/\/d-identify.be\/de\/produkt\/tintenstrahl-polypropylen-satinetikett-101-x-152-mm\/#breadcrumb\",\"itemListElement\":[{\"@type\":\"ListItem\",\"position\":1,\"name\":\"Home\",\"item\":\"https:\/\/d-identify.be\/de\/home-2\/\"},{\"@type\":\"ListItem\",\"position\":2,\"name\":\"Shop\",\"item\":\"https:\/\/d-identify.be\/shop-2\/\"},{\"@type\":\"ListItem\",\"position\":3,\"name\":\"Tintenstrahl-Polypropylen-Satinetikett 101 x 152 mm\"}]},{\"@type\":\"WebSite\",\"@id\":\"https:\/\/d-identify.be\/de\/#website\",\"url\":\"https:\/\/d-identify.be\/de\/\",\"name\":\"d-identify\",\"description\":\"Industrial identification - Lockout - Tagout - Floor marking\",\"potentialAction\":[{\"@type\":\"SearchAction\",\"target\":{\"@type\":\"EntryPoint\",\"urlTemplate\":\"https:\/\/d-identify.be\/de\/?s={search_term_string}\"},\"query-input\":{\"@type\":\"PropertyValueSpecification\",\"valueRequired\":true,\"valueName\":\"search_term_string\"}}],\"inLanguage\":\"de\"}]}<\/script>\n<!-- \/ Yoast SEO Premium plugin. -->","yoast_head_json":{"title":"Tintenstrahl-Polypropylen-Satinetikett 101 x 152 mm","description":"Unsere satinierten Polypropylen-Tintenstrahletiketten sind speziell f\u00fcr die Verwendung mit Farbetikettendruckern von Afinia und Epson konzipiert","robots":{"index":"index","follow":"follow","max-snippet":"max-snippet:-1","max-image-preview":"max-image-preview:large","max-video-preview":"max-video-preview:-1"},"canonical":"https:\/\/d-identify.be\/de\/produkt\/tintenstrahl-polypropylen-satinetikett-101-x-152-mm\/","og_locale":"de_DE","og_type":"article","og_title":"Tintenstrahl-Polypropylen-Satinetikett 101 x 152 mm","og_description":"Unsere satinierten Polypropylen-Tintenstrahletiketten sind speziell f\u00fcr die Verwendung mit Farbetikettendruckern von Afinia und Epson konzipiert","og_url":"https:\/\/d-identify.be\/de\/produkt\/tintenstrahl-polypropylen-satinetikett-101-x-152-mm\/","og_site_name":"d-identify","og_image":[{"width":4252,"height":4252,"url":"https:\/\/d-identify.be\/wp-content\/uploads\/2021\/07\/DID-101x152-425-1R.png","type":"image\/png"}],"twitter_card":"summary_large_image","twitter_misc":{"Gesch\u00e4tzte Lesezeit":"1\u00a0Minute"},"schema":{"@context":"https:\/\/schema.org","@graph":[{"@type":"WebPage","@id":"https:\/\/d-identify.be\/de\/produkt\/tintenstrahl-polypropylen-satinetikett-101-x-152-mm\/","url":"https:\/\/d-identify.be\/de\/produkt\/tintenstrahl-polypropylen-satinetikett-101-x-152-mm\/","name":"Tintenstrahl-Polypropylen-Satinetikett 101 x 152 mm","isPartOf":{"@id":"https:\/\/d-identify.be\/de\/#website"},"primaryImageOfPage":{"@id":"https:\/\/d-identify.be\/de\/produkt\/tintenstrahl-polypropylen-satinetikett-101-x-152-mm\/#primaryimage"},"image":{"@id":"https:\/\/d-identify.be\/de\/produkt\/tintenstrahl-polypropylen-satinetikett-101-x-152-mm\/#primaryimage"},"thumbnailUrl":"https:\/\/d-identify.be\/wp-content\/uploads\/2021\/07\/DID-101x152-425-1R.png","datePublished":"2025-05-16T13:59:36+00:00","description":"Unsere satinierten Polypropylen-Tintenstrahletiketten sind speziell f\u00fcr die Verwendung mit Farbetikettendruckern von Afinia und Epson konzipiert","breadcrumb":{"@id":"https:\/\/d-identify.be\/de\/produkt\/tintenstrahl-polypropylen-satinetikett-101-x-152-mm\/#breadcrumb"},"inLanguage":"de","potentialAction":[{"@type":"ReadAction","target":["https:\/\/d-identify.be\/de\/produkt\/tintenstrahl-polypropylen-satinetikett-101-x-152-mm\/"]}]},{"@type":"ImageObject","inLanguage":"de","@id":"https:\/\/d-identify.be\/de\/produkt\/tintenstrahl-polypropylen-satinetikett-101-x-152-mm\/#primaryimage","url":"https:\/\/d-identify.be\/wp-content\/uploads\/2021\/07\/DID-101x152-425-1R.png","contentUrl":"https:\/\/d-identify.be\/wp-content\/uploads\/2021\/07\/DID-101x152-425-1R.png","width":4252,"height":4252,"caption":"Inkjet Label 101x152mm"},{"@type":"BreadcrumbList","@id":"https:\/\/d-identify.be\/de\/produkt\/tintenstrahl-polypropylen-satinetikett-101-x-152-mm\/#breadcrumb","itemListElement":[{"@type":"ListItem","position":1,"name":"Home","item":"https:\/\/d-identify.be\/de\/home-2\/"},{"@type":"ListItem","position":2,"name":"Shop","item":"https:\/\/d-identify.be\/shop-2\/"},{"@type":"ListItem","position":3,"name":"Tintenstrahl-Polypropylen-Satinetikett 101 x 152 mm"}]},{"@type":"WebSite","@id":"https:\/\/d-identify.be\/de\/#website","url":"https:\/\/d-identify.be\/de\/","name":"d-identify","description":"Industrial identification - Lockout - Tagout - Floor marking","potentialAction":[{"@type":"SearchAction","target":{"@type":"EntryPoint","urlTemplate":"https:\/\/d-identify.be\/de\/?s={search_term_string}"},"query-input":{"@type":"PropertyValueSpecification","valueRequired":true,"valueName":"search_term_string"}}],"inLanguage":"de"}]}},"_links":{"self":[{"href":"https:\/\/d-identify.be\/de\/wp-json\/wp\/v2\/product\/55823","targetHints":{"allow":["GET"]}}],"collection":[{"href":"https:\/\/d-identify.be\/de\/wp-json\/wp\/v2\/product"}],"about":[{"href":"https:\/\/d-identify.be\/de\/wp-json\/wp\/v2\/types\/product"}],"replies":[{"embeddable":true,"href":"https:\/\/d-identify.be\/de\/wp-json\/wp\/v2\/comments?post=55823"}],"wp:featuredmedia":[{"embeddable":true,"href":"https:\/\/d-identify.be\/de\/wp-json\/wp\/v2\/media\/27131"}],"wp:attachment":[{"href":"https:\/\/d-identify.be\/de\/wp-json\/wp\/v2\/media?parent=55823"}],"wp:term":[{"taxonomy":"product_brand","embeddable":true,"href":"https:\/\/d-identify.be\/de\/wp-json\/wp\/v2\/product_brand?post=55823"},{"taxonomy":"product_cat","embeddable":true,"href":"https:\/\/d-identify.be\/de\/wp-json\/wp\/v2\/product_cat?post=55823"},{"taxonomy":"product_tag","embeddable":true,"href":"https:\/\/d-identify.be\/de\/wp-json\/wp\/v2\/product_tag?post=55823"},{"taxonomy":"pa_connextion-shapes","embeddable":true,"href":"https:\/\/d-identify.be\/de\/wp-json\/wp\/v2\/pa_connextion-shapes?post=55823"}],"curies":[{"name":"wp","href":"https:\/\/api.w.org\/{rel}","templated":true}]}}