{"id":55822,"date":"2025-05-16T16:17:09","date_gmt":"2025-05-16T14:17:09","guid":{"rendered":"https:\/\/d-identify.be\/product\/mattiertes-vinyl-inkjet-etikett-101-x-152-mm\/"},"modified":"2025-05-16T16:17:09","modified_gmt":"2025-05-16T14:17:09","slug":"mattiertes-vinyl-inkjet-etikett-101-x-152-mm","status":"publish","type":"product","link":"https:\/\/d-identify.be\/de\/produkt\/mattiertes-vinyl-inkjet-etikett-101-x-152-mm\/","title":{"rendered":"Mattiertes Vinyl-Inkjet-Etikett, 101 x 152 mm"},"content":{"rendered":"<p class=\"\" data-start=\"84\" data-end=\"433\">Unsere <strong data-start=\"88\" data-end=\"117\">matten Vinyl-Tintenstrahletiketten<\/strong> sind speziell f\u00fcr die Verwendung mit Farbetikettendruckern von Afinia und Epson konzipiert und bieten professionelle Druckqualit\u00e4t mit hervorragender Haltbarkeit. Die matte Oberfl\u00e4che sorgt f\u00fcr scharfe, lebendige Ausdrucke mit satten Farben und klarem Text und bietet gleichzeitig eine glatte, nicht reflektierende Oberfl\u00e4che, die die Lesbarkeit verbessert und Blendeffekte reduziert. <\/p>\n<p class=\"\" data-start=\"435\" data-end=\"750\">Diese Etiketten sind \u00e4u\u00dferst wasserbest\u00e4ndig, wischfest und bieten eine hervorragende Best\u00e4ndigkeit gegen Kratzer, Chemikalien, UV-Strahlung und Au\u00dfenbedingungen. Das Vinyl-Basismaterial gew\u00e4hrleistet im Vergleich zu Standardetiketten aus Papier oder Polypropylen eine h\u00f6here Flexibilit\u00e4t und Haltbarkeit und macht sie ideal f\u00fcr anspruchsvolle Umgebungen. <\/p>\n<p class=\"\" data-start=\"752\" data-end=\"1010\">Perfekt f\u00fcr Produktkennzeichnung, Industriebeschilderung, Ger\u00e4tekennzeichnung, Sicherheitsetiketten und Au\u00dfenanwendungen, bei denen eine lang anhaltende Leistung unerl\u00e4sslich ist. Sie haften sicher auf einer Vielzahl von Oberfl\u00e4chen, einschlie\u00dflich Kunststoff, Metall, Glas und lackierten Oberfl\u00e4chen. <\/p>\n<p class=\"\" data-start=\"571\" data-end=\"854\">Diese Etiketten sind wasserfest, wischfest und bieten eine hervorragende Kratz- und Handhabungsbest\u00e4ndigkeit. Dank des Grundmaterials Polypropylen sind sie robuster als herk\u00f6mmliche Papieretiketten und eignen sich daher ideal f\u00fcr Anwendungen, bei denen es auf Langlebigkeit und eine hochwertige Optik ankommt. <\/p>\n<p class=\"\" data-start=\"856\" data-end=\"1097\">Diese Etiketten eignen sich perfekt f\u00fcr die Produktkennzeichnung, Verpackung, Logistik und den industriellen Einsatz und sind sowohl f\u00fcr den Innen- als auch f\u00fcr den kurzfristigen Au\u00dfeneinsatz geeignet. Sie haften gut auf einer Vielzahl von Oberfl\u00e4chen, einschlie\u00dflich Kunststoff, Glas, Metall und Karton. <\/p>\n","protected":false},"excerpt":{"rendered":"<p>Langlebige, mattwei\u00dfe Vinyletiketten f\u00fcr hochwertigen, wischfesten Druck mit Tintenstrahldruckern von Afinia und Epson. Perfekt f\u00fcr Produktkennzeichnungen, Verpackungen, Beschilderungen und industrielle Anwendungen, bei denen Wasser-, Kratz-, Chemikalien- und UV-Best\u00e4ndigkeit von entscheidender Bedeutung sind. Gleichzeitig bietet es eine glatte, nicht reflektierende Oberfl\u00e4che, die eine hervorragende Lesbarkeit und ein professionelles, langlebiges Erscheinungsbild gew\u00e4hrleistet. <\/p>\n<p><strong>Hauptfunktionen<\/strong><\/p>\n","protected":false},"featured_media":27131,"comment_status":"open","ping_status":"closed","template":"","meta":{"_acf_changed":false,"_et_pb_use_builder":"","_et_pb_old_content":"","_et_gb_content_width":""},"product_brand":[],"product_cat":[786],"product_tag":[],"pa_connextion-shapes":[],"class_list":{"0":"post-55822","1":"product","2":"type-product","3":"status-publish","4":"has-post-thumbnail","6":"product_cat-inkjet-etiketten","8":"first","9":"instock","10":"taxable","11":"shipping-taxable","12":"purchasable","13":"product-type-simple"},"exclude_global_add_ons":[],"addons":[],"acf":[],"yoast_head":"<!-- This site is optimized with the Yoast SEO Premium plugin v27.0 (Yoast SEO v27.1) - https:\/\/yoast.com\/product\/yoast-seo-premium-wordpress\/ -->\n<title>Mattiertes Vinyl-Inkjet-Etikett, 101 x 152 mm<\/title>\n<meta name=\"description\" content=\"Langlebige, mattwei\u00dfe Vinyletiketten f\u00fcr hochwertigen, wischfesten Druck mit Tintenstrahldruckern von Afinia und Epson\" \/>\n<meta name=\"robots\" content=\"index, follow, max-snippet:-1, max-image-preview:large, max-video-preview:-1\" \/>\n<link rel=\"canonical\" href=\"https:\/\/d-identify.be\/de\/produkt\/mattiertes-vinyl-inkjet-etikett-101-x-152-mm\/\" \/>\n<meta property=\"og:locale\" content=\"de_DE\" \/>\n<meta property=\"og:type\" content=\"article\" \/>\n<meta property=\"og:title\" content=\"Mattiertes Vinyl-Inkjet-Etikett, 101 x 152 mm\" \/>\n<meta property=\"og:description\" content=\"Langlebige, mattwei\u00dfe Vinyletiketten f\u00fcr hochwertigen, wischfesten Druck mit Tintenstrahldruckern von Afinia und Epson\" \/>\n<meta property=\"og:url\" content=\"https:\/\/d-identify.be\/de\/produkt\/mattiertes-vinyl-inkjet-etikett-101-x-152-mm\/\" \/>\n<meta property=\"og:site_name\" content=\"d-identify\" \/>\n<meta property=\"og:image\" content=\"https:\/\/d-identify.be\/wp-content\/uploads\/2021\/07\/DID-101x152-425-1R.png\" \/>\n\t<meta property=\"og:image:width\" content=\"4252\" \/>\n\t<meta property=\"og:image:height\" content=\"4252\" \/>\n\t<meta property=\"og:image:type\" content=\"image\/png\" \/>\n<meta name=\"twitter:card\" content=\"summary_large_image\" \/>\n<meta name=\"twitter:label1\" content=\"Gesch\u00e4tzte Lesezeit\" \/>\n\t<meta name=\"twitter:data1\" content=\"1\u00a0Minute\" \/>\n<script type=\"application\/ld+json\" class=\"yoast-schema-graph\">{\"@context\":\"https:\/\/schema.org\",\"@graph\":[{\"@type\":\"WebPage\",\"@id\":\"https:\/\/d-identify.be\/de\/produkt\/mattiertes-vinyl-inkjet-etikett-101-x-152-mm\/\",\"url\":\"https:\/\/d-identify.be\/de\/produkt\/mattiertes-vinyl-inkjet-etikett-101-x-152-mm\/\",\"name\":\"Mattiertes Vinyl-Inkjet-Etikett, 101 x 152 mm\",\"isPartOf\":{\"@id\":\"https:\/\/d-identify.be\/de\/#website\"},\"primaryImageOfPage\":{\"@id\":\"https:\/\/d-identify.be\/de\/produkt\/mattiertes-vinyl-inkjet-etikett-101-x-152-mm\/#primaryimage\"},\"image\":{\"@id\":\"https:\/\/d-identify.be\/de\/produkt\/mattiertes-vinyl-inkjet-etikett-101-x-152-mm\/#primaryimage\"},\"thumbnailUrl\":\"https:\/\/d-identify.be\/wp-content\/uploads\/2021\/07\/DID-101x152-425-1R.png\",\"datePublished\":\"2025-05-16T14:17:09+00:00\",\"description\":\"Langlebige, mattwei\u00dfe Vinyletiketten f\u00fcr hochwertigen, wischfesten Druck mit Tintenstrahldruckern von Afinia und Epson\",\"breadcrumb\":{\"@id\":\"https:\/\/d-identify.be\/de\/produkt\/mattiertes-vinyl-inkjet-etikett-101-x-152-mm\/#breadcrumb\"},\"inLanguage\":\"de\",\"potentialAction\":[{\"@type\":\"ReadAction\",\"target\":[\"https:\/\/d-identify.be\/de\/produkt\/mattiertes-vinyl-inkjet-etikett-101-x-152-mm\/\"]}]},{\"@type\":\"ImageObject\",\"inLanguage\":\"de\",\"@id\":\"https:\/\/d-identify.be\/de\/produkt\/mattiertes-vinyl-inkjet-etikett-101-x-152-mm\/#primaryimage\",\"url\":\"https:\/\/d-identify.be\/wp-content\/uploads\/2021\/07\/DID-101x152-425-1R.png\",\"contentUrl\":\"https:\/\/d-identify.be\/wp-content\/uploads\/2021\/07\/DID-101x152-425-1R.png\",\"width\":4252,\"height\":4252,\"caption\":\"Inkjet Label 101x152mm\"},{\"@type\":\"BreadcrumbList\",\"@id\":\"https:\/\/d-identify.be\/de\/produkt\/mattiertes-vinyl-inkjet-etikett-101-x-152-mm\/#breadcrumb\",\"itemListElement\":[{\"@type\":\"ListItem\",\"position\":1,\"name\":\"Home\",\"item\":\"https:\/\/d-identify.be\/de\/home-2\/\"},{\"@type\":\"ListItem\",\"position\":2,\"name\":\"Shop\",\"item\":\"https:\/\/d-identify.be\/shop-2\/\"},{\"@type\":\"ListItem\",\"position\":3,\"name\":\"Mattiertes Vinyl-Inkjet-Etikett, 101 x 152 mm\"}]},{\"@type\":\"WebSite\",\"@id\":\"https:\/\/d-identify.be\/de\/#website\",\"url\":\"https:\/\/d-identify.be\/de\/\",\"name\":\"d-identify\",\"description\":\"Industrial identification - Lockout - Tagout - Floor marking\",\"potentialAction\":[{\"@type\":\"SearchAction\",\"target\":{\"@type\":\"EntryPoint\",\"urlTemplate\":\"https:\/\/d-identify.be\/de\/?s={search_term_string}\"},\"query-input\":{\"@type\":\"PropertyValueSpecification\",\"valueRequired\":true,\"valueName\":\"search_term_string\"}}],\"inLanguage\":\"de\"}]}<\/script>\n<!-- \/ Yoast SEO Premium plugin. -->","yoast_head_json":{"title":"Mattiertes Vinyl-Inkjet-Etikett, 101 x 152 mm","description":"Langlebige, mattwei\u00dfe Vinyletiketten f\u00fcr hochwertigen, wischfesten Druck mit Tintenstrahldruckern von Afinia und Epson","robots":{"index":"index","follow":"follow","max-snippet":"max-snippet:-1","max-image-preview":"max-image-preview:large","max-video-preview":"max-video-preview:-1"},"canonical":"https:\/\/d-identify.be\/de\/produkt\/mattiertes-vinyl-inkjet-etikett-101-x-152-mm\/","og_locale":"de_DE","og_type":"article","og_title":"Mattiertes Vinyl-Inkjet-Etikett, 101 x 152 mm","og_description":"Langlebige, mattwei\u00dfe Vinyletiketten f\u00fcr hochwertigen, wischfesten Druck mit Tintenstrahldruckern von Afinia und Epson","og_url":"https:\/\/d-identify.be\/de\/produkt\/mattiertes-vinyl-inkjet-etikett-101-x-152-mm\/","og_site_name":"d-identify","og_image":[{"width":4252,"height":4252,"url":"https:\/\/d-identify.be\/wp-content\/uploads\/2021\/07\/DID-101x152-425-1R.png","type":"image\/png"}],"twitter_card":"summary_large_image","twitter_misc":{"Gesch\u00e4tzte Lesezeit":"1\u00a0Minute"},"schema":{"@context":"https:\/\/schema.org","@graph":[{"@type":"WebPage","@id":"https:\/\/d-identify.be\/de\/produkt\/mattiertes-vinyl-inkjet-etikett-101-x-152-mm\/","url":"https:\/\/d-identify.be\/de\/produkt\/mattiertes-vinyl-inkjet-etikett-101-x-152-mm\/","name":"Mattiertes Vinyl-Inkjet-Etikett, 101 x 152 mm","isPartOf":{"@id":"https:\/\/d-identify.be\/de\/#website"},"primaryImageOfPage":{"@id":"https:\/\/d-identify.be\/de\/produkt\/mattiertes-vinyl-inkjet-etikett-101-x-152-mm\/#primaryimage"},"image":{"@id":"https:\/\/d-identify.be\/de\/produkt\/mattiertes-vinyl-inkjet-etikett-101-x-152-mm\/#primaryimage"},"thumbnailUrl":"https:\/\/d-identify.be\/wp-content\/uploads\/2021\/07\/DID-101x152-425-1R.png","datePublished":"2025-05-16T14:17:09+00:00","description":"Langlebige, mattwei\u00dfe Vinyletiketten f\u00fcr hochwertigen, wischfesten Druck mit Tintenstrahldruckern von Afinia und Epson","breadcrumb":{"@id":"https:\/\/d-identify.be\/de\/produkt\/mattiertes-vinyl-inkjet-etikett-101-x-152-mm\/#breadcrumb"},"inLanguage":"de","potentialAction":[{"@type":"ReadAction","target":["https:\/\/d-identify.be\/de\/produkt\/mattiertes-vinyl-inkjet-etikett-101-x-152-mm\/"]}]},{"@type":"ImageObject","inLanguage":"de","@id":"https:\/\/d-identify.be\/de\/produkt\/mattiertes-vinyl-inkjet-etikett-101-x-152-mm\/#primaryimage","url":"https:\/\/d-identify.be\/wp-content\/uploads\/2021\/07\/DID-101x152-425-1R.png","contentUrl":"https:\/\/d-identify.be\/wp-content\/uploads\/2021\/07\/DID-101x152-425-1R.png","width":4252,"height":4252,"caption":"Inkjet Label 101x152mm"},{"@type":"BreadcrumbList","@id":"https:\/\/d-identify.be\/de\/produkt\/mattiertes-vinyl-inkjet-etikett-101-x-152-mm\/#breadcrumb","itemListElement":[{"@type":"ListItem","position":1,"name":"Home","item":"https:\/\/d-identify.be\/de\/home-2\/"},{"@type":"ListItem","position":2,"name":"Shop","item":"https:\/\/d-identify.be\/shop-2\/"},{"@type":"ListItem","position":3,"name":"Mattiertes Vinyl-Inkjet-Etikett, 101 x 152 mm"}]},{"@type":"WebSite","@id":"https:\/\/d-identify.be\/de\/#website","url":"https:\/\/d-identify.be\/de\/","name":"d-identify","description":"Industrial identification - Lockout - Tagout - Floor marking","potentialAction":[{"@type":"SearchAction","target":{"@type":"EntryPoint","urlTemplate":"https:\/\/d-identify.be\/de\/?s={search_term_string}"},"query-input":{"@type":"PropertyValueSpecification","valueRequired":true,"valueName":"search_term_string"}}],"inLanguage":"de"}]}},"_links":{"self":[{"href":"https:\/\/d-identify.be\/de\/wp-json\/wp\/v2\/product\/55822","targetHints":{"allow":["GET"]}}],"collection":[{"href":"https:\/\/d-identify.be\/de\/wp-json\/wp\/v2\/product"}],"about":[{"href":"https:\/\/d-identify.be\/de\/wp-json\/wp\/v2\/types\/product"}],"replies":[{"embeddable":true,"href":"https:\/\/d-identify.be\/de\/wp-json\/wp\/v2\/comments?post=55822"}],"wp:featuredmedia":[{"embeddable":true,"href":"https:\/\/d-identify.be\/de\/wp-json\/wp\/v2\/media\/27131"}],"wp:attachment":[{"href":"https:\/\/d-identify.be\/de\/wp-json\/wp\/v2\/media?parent=55822"}],"wp:term":[{"taxonomy":"product_brand","embeddable":true,"href":"https:\/\/d-identify.be\/de\/wp-json\/wp\/v2\/product_brand?post=55822"},{"taxonomy":"product_cat","embeddable":true,"href":"https:\/\/d-identify.be\/de\/wp-json\/wp\/v2\/product_cat?post=55822"},{"taxonomy":"product_tag","embeddable":true,"href":"https:\/\/d-identify.be\/de\/wp-json\/wp\/v2\/product_tag?post=55822"},{"taxonomy":"pa_connextion-shapes","embeddable":true,"href":"https:\/\/d-identify.be\/de\/wp-json\/wp\/v2\/pa_connextion-shapes?post=55822"}],"curies":[{"name":"wp","href":"https:\/\/api.w.org\/{rel}","templated":true}]}}