{"id":55819,"date":"2025-05-16T17:02:01","date_gmt":"2025-05-16T15:02:01","guid":{"rendered":"https:\/\/d-identify.be\/product\/tintenstrahlpapier-glanzetiketten-101-x-203-mm\/"},"modified":"2025-05-16T17:02:01","modified_gmt":"2025-05-16T15:02:01","slug":"tintenstrahlpapier-glanzetiketten-101-x-203-mm","status":"publish","type":"product","link":"https:\/\/d-identify.be\/de\/produkt\/tintenstrahlpapier-glanzetiketten-101-x-203-mm\/","title":{"rendered":"Tintenstrahlpapier-Glanzetiketten 101 x 203 mm"},"content":{"rendered":"<p class=\"\" data-start=\"365\" data-end=\"674\">Unsere <strong data-start=\"369\" data-end=\"399\">gl\u00e4nzenden Tintenstrahlpapieretiketten<\/strong> sind speziell f\u00fcr die Verwendung mit Tintenstrahldruckern von Afinia und Epson konzipiert und liefern helle, lebendige Drucke mit hervorragender Wischfestigkeit. Die gl\u00e4nzende Oberfl\u00e4che verst\u00e4rkt Farben und Bilder mit einem gl\u00e4nzenden, reflektierenden Finish, das Ihre Etiketten auf Regalen oder Verpackungen hervorstechen l\u00e4sst. <\/p>\n<p class=\"\" data-start=\"676\" data-end=\"989\">Diese Etiketten eignen sich perfekt f\u00fcr die Produktkennzeichnung, Verpackung, Werbematerialien und den Einzelhandel und sorgen f\u00fcr ein professionelles Erscheinungsbild mit zus\u00e4tzlicher optischer Attraktivit\u00e4t. Obwohl sie eine m\u00e4\u00dfige Wasserbest\u00e4ndigkeit aufweisen, eignen sie sich am besten f\u00fcr den Einsatz in Innenr\u00e4umen und Umgebungen, in denen die Etiketten keiner starken Feuchtigkeit oder Abrieb ausgesetzt sind. <\/p>\n<p class=\"\" data-start=\"991\" data-end=\"1167\">Diese Etiketten sind mit einer Vielzahl von Oberfl\u00e4chen kompatibel, darunter Papier, Karton, Kunststoff und Glas, und stellen eine kosteng\u00fcnstige M\u00f6glichkeit dar, Ihren Druckmaterialien eine hochwertige Note zu verleihen.<\/p>\n<p class=\"\" data-start=\"571\" data-end=\"854\">Diese Etiketten sind wasserfest, wischfest und bieten eine hervorragende Kratz- und Handhabungsbest\u00e4ndigkeit. Dank des Grundmaterials Polypropylen sind sie robuster als herk\u00f6mmliche Papieretiketten und eignen sich daher ideal f\u00fcr Anwendungen, bei denen es auf Langlebigkeit und eine hochwertige Optik ankommt. <\/p>\n<p class=\"\" data-start=\"856\" data-end=\"1097\">Diese Etiketten eignen sich perfekt f\u00fcr die Produktkennzeichnung, Verpackung, Logistik und den industriellen Einsatz und sind sowohl f\u00fcr den Innen- als auch f\u00fcr den kurzfristigen Au\u00dfeneinsatz geeignet. Sie haften gut auf einer Vielzahl von Oberfl\u00e4chen, einschlie\u00dflich Kunststoff, Glas, Metall und Karton. <\/p>\n<p class=\"\" data-start=\"571\" data-end=\"854\">Diese Etiketten sind wasserfest, wischfest und bieten eine hervorragende Kratz- und Handhabungsbest\u00e4ndigkeit. Dank des Grundmaterials Polypropylen sind sie robuster als herk\u00f6mmliche Papieretiketten und eignen sich daher ideal f\u00fcr Anwendungen, bei denen es auf Langlebigkeit und eine hochwertige Optik ankommt. <\/p>\n<p class=\"\" data-start=\"856\" data-end=\"1097\">Diese Etiketten eignen sich perfekt f\u00fcr die Produktkennzeichnung, Verpackung, Logistik und den industriellen Einsatz und sind sowohl f\u00fcr den Innen- als auch f\u00fcr den kurzfristigen Au\u00dfeneinsatz geeignet. Sie haften gut auf einer Vielzahl von Oberfl\u00e4chen, einschlie\u00dflich Kunststoff, Glas, Metall und Karton. <\/p>\n","protected":false},"excerpt":{"rendered":"<p>Langlebige, matte Polypropylen-Etiketten f\u00fcr hochwertigen, wischfesten Druck mit Tintenstrahldruckern von Afinia und Epson. Ideal f\u00fcr Produktkennzeichnung, Verpackung und industrielle Anwendungen, bei denen Wasser- und Kratzfestigkeit von entscheidender Bedeutung sind. <\/p>\n<p><strong>Hauptfunktionen<\/strong><\/p>\n","protected":false},"featured_media":27127,"comment_status":"open","ping_status":"closed","template":"","meta":{"_acf_changed":false,"_et_pb_use_builder":"","_et_pb_old_content":"","_et_gb_content_width":""},"product_brand":[],"product_cat":[786],"product_tag":[],"pa_connextion-shapes":[],"class_list":{"0":"post-55819","1":"product","2":"type-product","3":"status-publish","4":"has-post-thumbnail","6":"product_cat-inkjet-etiketten","8":"first","9":"instock","10":"taxable","11":"shipping-taxable","12":"purchasable","13":"product-type-simple"},"exclude_global_add_ons":[],"addons":[],"acf":[],"yoast_head":"<!-- This site is optimized with the Yoast SEO Premium plugin v27.0 (Yoast SEO v27.1) - https:\/\/yoast.com\/product\/yoast-seo-premium-wordpress\/ -->\n<title>Tintenstrahlpapier-Glanzetiketten 101 x 203 mm<\/title>\n<meta name=\"description\" content=\"Unsere gl\u00e4nzenden Tintenstrahlpapieretiketten sind speziell f\u00fcr die Verwendung mit Tintenstrahldruckern von Afinia und Epson konzipiert\" \/>\n<meta name=\"robots\" content=\"index, follow, max-snippet:-1, max-image-preview:large, max-video-preview:-1\" \/>\n<link rel=\"canonical\" href=\"https:\/\/d-identify.be\/de\/produkt\/tintenstrahlpapier-glanzetiketten-101-x-203-mm\/\" \/>\n<meta property=\"og:locale\" content=\"de_DE\" \/>\n<meta property=\"og:type\" content=\"article\" \/>\n<meta property=\"og:title\" content=\"Tintenstrahlpapier-Glanzetiketten 101 x 203 mm\" \/>\n<meta property=\"og:description\" content=\"Unsere gl\u00e4nzenden Tintenstrahlpapieretiketten sind speziell f\u00fcr die Verwendung mit Tintenstrahldruckern von Afinia und Epson konzipiert\" \/>\n<meta property=\"og:url\" content=\"https:\/\/d-identify.be\/de\/produkt\/tintenstrahlpapier-glanzetiketten-101-x-203-mm\/\" \/>\n<meta property=\"og:site_name\" content=\"d-identify\" \/>\n<meta property=\"og:image\" content=\"https:\/\/d-identify.be\/wp-content\/uploads\/2021\/07\/DID-101x203-0.3K-1R.png\" \/>\n\t<meta property=\"og:image:width\" content=\"4252\" \/>\n\t<meta property=\"og:image:height\" content=\"4252\" \/>\n\t<meta property=\"og:image:type\" content=\"image\/png\" \/>\n<meta name=\"twitter:card\" content=\"summary_large_image\" \/>\n<meta name=\"twitter:label1\" content=\"Gesch\u00e4tzte Lesezeit\" \/>\n\t<meta name=\"twitter:data1\" content=\"2\u00a0Minuten\" \/>\n<script type=\"application\/ld+json\" class=\"yoast-schema-graph\">{\"@context\":\"https:\/\/schema.org\",\"@graph\":[{\"@type\":\"WebPage\",\"@id\":\"https:\/\/d-identify.be\/de\/produkt\/tintenstrahlpapier-glanzetiketten-101-x-203-mm\/\",\"url\":\"https:\/\/d-identify.be\/de\/produkt\/tintenstrahlpapier-glanzetiketten-101-x-203-mm\/\",\"name\":\"Tintenstrahlpapier-Glanzetiketten 101 x 203 mm\",\"isPartOf\":{\"@id\":\"https:\/\/d-identify.be\/de\/#website\"},\"primaryImageOfPage\":{\"@id\":\"https:\/\/d-identify.be\/de\/produkt\/tintenstrahlpapier-glanzetiketten-101-x-203-mm\/#primaryimage\"},\"image\":{\"@id\":\"https:\/\/d-identify.be\/de\/produkt\/tintenstrahlpapier-glanzetiketten-101-x-203-mm\/#primaryimage\"},\"thumbnailUrl\":\"https:\/\/d-identify.be\/wp-content\/uploads\/2021\/07\/DID-101x203-0.3K-1R.png\",\"datePublished\":\"2025-05-16T15:02:01+00:00\",\"description\":\"Unsere gl\u00e4nzenden Tintenstrahlpapieretiketten sind speziell f\u00fcr die Verwendung mit Tintenstrahldruckern von Afinia und Epson konzipiert\",\"breadcrumb\":{\"@id\":\"https:\/\/d-identify.be\/de\/produkt\/tintenstrahlpapier-glanzetiketten-101-x-203-mm\/#breadcrumb\"},\"inLanguage\":\"de\",\"potentialAction\":[{\"@type\":\"ReadAction\",\"target\":[\"https:\/\/d-identify.be\/de\/produkt\/tintenstrahlpapier-glanzetiketten-101-x-203-mm\/\"]}]},{\"@type\":\"ImageObject\",\"inLanguage\":\"de\",\"@id\":\"https:\/\/d-identify.be\/de\/produkt\/tintenstrahlpapier-glanzetiketten-101-x-203-mm\/#primaryimage\",\"url\":\"https:\/\/d-identify.be\/wp-content\/uploads\/2021\/07\/DID-101x203-0.3K-1R.png\",\"contentUrl\":\"https:\/\/d-identify.be\/wp-content\/uploads\/2021\/07\/DID-101x203-0.3K-1R.png\",\"width\":4252,\"height\":4252,\"caption\":\"Inkjet Label 101x203mm\"},{\"@type\":\"BreadcrumbList\",\"@id\":\"https:\/\/d-identify.be\/de\/produkt\/tintenstrahlpapier-glanzetiketten-101-x-203-mm\/#breadcrumb\",\"itemListElement\":[{\"@type\":\"ListItem\",\"position\":1,\"name\":\"Home\",\"item\":\"https:\/\/d-identify.be\/de\/home-2\/\"},{\"@type\":\"ListItem\",\"position\":2,\"name\":\"Shop\",\"item\":\"https:\/\/d-identify.be\/shop-2\/\"},{\"@type\":\"ListItem\",\"position\":3,\"name\":\"Tintenstrahlpapier-Glanzetiketten 101 x 203 mm\"}]},{\"@type\":\"WebSite\",\"@id\":\"https:\/\/d-identify.be\/de\/#website\",\"url\":\"https:\/\/d-identify.be\/de\/\",\"name\":\"d-identify\",\"description\":\"Industrial identification - Lockout - Tagout - Floor marking\",\"potentialAction\":[{\"@type\":\"SearchAction\",\"target\":{\"@type\":\"EntryPoint\",\"urlTemplate\":\"https:\/\/d-identify.be\/de\/?s={search_term_string}\"},\"query-input\":{\"@type\":\"PropertyValueSpecification\",\"valueRequired\":true,\"valueName\":\"search_term_string\"}}],\"inLanguage\":\"de\"}]}<\/script>\n<!-- \/ Yoast SEO Premium plugin. -->","yoast_head_json":{"title":"Tintenstrahlpapier-Glanzetiketten 101 x 203 mm","description":"Unsere gl\u00e4nzenden Tintenstrahlpapieretiketten sind speziell f\u00fcr die Verwendung mit Tintenstrahldruckern von Afinia und Epson konzipiert","robots":{"index":"index","follow":"follow","max-snippet":"max-snippet:-1","max-image-preview":"max-image-preview:large","max-video-preview":"max-video-preview:-1"},"canonical":"https:\/\/d-identify.be\/de\/produkt\/tintenstrahlpapier-glanzetiketten-101-x-203-mm\/","og_locale":"de_DE","og_type":"article","og_title":"Tintenstrahlpapier-Glanzetiketten 101 x 203 mm","og_description":"Unsere gl\u00e4nzenden Tintenstrahlpapieretiketten sind speziell f\u00fcr die Verwendung mit Tintenstrahldruckern von Afinia und Epson konzipiert","og_url":"https:\/\/d-identify.be\/de\/produkt\/tintenstrahlpapier-glanzetiketten-101-x-203-mm\/","og_site_name":"d-identify","og_image":[{"width":4252,"height":4252,"url":"https:\/\/d-identify.be\/wp-content\/uploads\/2021\/07\/DID-101x203-0.3K-1R.png","type":"image\/png"}],"twitter_card":"summary_large_image","twitter_misc":{"Gesch\u00e4tzte Lesezeit":"2\u00a0Minuten"},"schema":{"@context":"https:\/\/schema.org","@graph":[{"@type":"WebPage","@id":"https:\/\/d-identify.be\/de\/produkt\/tintenstrahlpapier-glanzetiketten-101-x-203-mm\/","url":"https:\/\/d-identify.be\/de\/produkt\/tintenstrahlpapier-glanzetiketten-101-x-203-mm\/","name":"Tintenstrahlpapier-Glanzetiketten 101 x 203 mm","isPartOf":{"@id":"https:\/\/d-identify.be\/de\/#website"},"primaryImageOfPage":{"@id":"https:\/\/d-identify.be\/de\/produkt\/tintenstrahlpapier-glanzetiketten-101-x-203-mm\/#primaryimage"},"image":{"@id":"https:\/\/d-identify.be\/de\/produkt\/tintenstrahlpapier-glanzetiketten-101-x-203-mm\/#primaryimage"},"thumbnailUrl":"https:\/\/d-identify.be\/wp-content\/uploads\/2021\/07\/DID-101x203-0.3K-1R.png","datePublished":"2025-05-16T15:02:01+00:00","description":"Unsere gl\u00e4nzenden Tintenstrahlpapieretiketten sind speziell f\u00fcr die Verwendung mit Tintenstrahldruckern von Afinia und Epson konzipiert","breadcrumb":{"@id":"https:\/\/d-identify.be\/de\/produkt\/tintenstrahlpapier-glanzetiketten-101-x-203-mm\/#breadcrumb"},"inLanguage":"de","potentialAction":[{"@type":"ReadAction","target":["https:\/\/d-identify.be\/de\/produkt\/tintenstrahlpapier-glanzetiketten-101-x-203-mm\/"]}]},{"@type":"ImageObject","inLanguage":"de","@id":"https:\/\/d-identify.be\/de\/produkt\/tintenstrahlpapier-glanzetiketten-101-x-203-mm\/#primaryimage","url":"https:\/\/d-identify.be\/wp-content\/uploads\/2021\/07\/DID-101x203-0.3K-1R.png","contentUrl":"https:\/\/d-identify.be\/wp-content\/uploads\/2021\/07\/DID-101x203-0.3K-1R.png","width":4252,"height":4252,"caption":"Inkjet Label 101x203mm"},{"@type":"BreadcrumbList","@id":"https:\/\/d-identify.be\/de\/produkt\/tintenstrahlpapier-glanzetiketten-101-x-203-mm\/#breadcrumb","itemListElement":[{"@type":"ListItem","position":1,"name":"Home","item":"https:\/\/d-identify.be\/de\/home-2\/"},{"@type":"ListItem","position":2,"name":"Shop","item":"https:\/\/d-identify.be\/shop-2\/"},{"@type":"ListItem","position":3,"name":"Tintenstrahlpapier-Glanzetiketten 101 x 203 mm"}]},{"@type":"WebSite","@id":"https:\/\/d-identify.be\/de\/#website","url":"https:\/\/d-identify.be\/de\/","name":"d-identify","description":"Industrial identification - Lockout - Tagout - Floor marking","potentialAction":[{"@type":"SearchAction","target":{"@type":"EntryPoint","urlTemplate":"https:\/\/d-identify.be\/de\/?s={search_term_string}"},"query-input":{"@type":"PropertyValueSpecification","valueRequired":true,"valueName":"search_term_string"}}],"inLanguage":"de"}]}},"_links":{"self":[{"href":"https:\/\/d-identify.be\/de\/wp-json\/wp\/v2\/product\/55819","targetHints":{"allow":["GET"]}}],"collection":[{"href":"https:\/\/d-identify.be\/de\/wp-json\/wp\/v2\/product"}],"about":[{"href":"https:\/\/d-identify.be\/de\/wp-json\/wp\/v2\/types\/product"}],"replies":[{"embeddable":true,"href":"https:\/\/d-identify.be\/de\/wp-json\/wp\/v2\/comments?post=55819"}],"wp:featuredmedia":[{"embeddable":true,"href":"https:\/\/d-identify.be\/de\/wp-json\/wp\/v2\/media\/27127"}],"wp:attachment":[{"href":"https:\/\/d-identify.be\/de\/wp-json\/wp\/v2\/media?parent=55819"}],"wp:term":[{"taxonomy":"product_brand","embeddable":true,"href":"https:\/\/d-identify.be\/de\/wp-json\/wp\/v2\/product_brand?post=55819"},{"taxonomy":"product_cat","embeddable":true,"href":"https:\/\/d-identify.be\/de\/wp-json\/wp\/v2\/product_cat?post=55819"},{"taxonomy":"product_tag","embeddable":true,"href":"https:\/\/d-identify.be\/de\/wp-json\/wp\/v2\/product_tag?post=55819"},{"taxonomy":"pa_connextion-shapes","embeddable":true,"href":"https:\/\/d-identify.be\/de\/wp-json\/wp\/v2\/pa_connextion-shapes?post=55819"}],"curies":[{"name":"wp","href":"https:\/\/api.w.org\/{rel}","templated":true}]}}