{"id":55604,"date":"2025-05-13T10:21:34","date_gmt":"2025-05-13T08:21:34","guid":{"rendered":"https:\/\/d-identify.be\/?post_type=product&#038;p=55604"},"modified":"2025-05-13T10:43:51","modified_gmt":"2025-05-13T08:43:51","slug":"tsc-alpha-40l-thermodirekt-203-dpi-peeler-copy","status":"publish","type":"product","link":"https:\/\/d-identify.be\/de\/produkt\/tsc-alpha-40l-thermodirekt-203-dpi-peeler-copy\/","title":{"rendered":"TSC Alpha-40L, Thermodirekt, 203 DPI, Peeler, WLAN, Bluetooth 5.0"},"content":{"rendered":"<p>TSC Auto ID hat sich durch die Herstellung robuster und zuverl\u00e4ssiger Thermoetiketten-Desktopdrucker einen Namen gemacht. Dank unserer langj\u00e4hrigen Erfahrung in Konstruktion und Fertigung haben wir einige der branchenweit besten tragbaren Etikettendrucker entwickelt. <\/p>\n<p>Die mobilen Drucker Alpha-40L erweitern unser Sortiment an mobilen Druckern und bieten erweiterte Produktivit\u00e4ts- und Verwaltungsfunktionen f\u00fcr ein erstklassiges mobiles Druckerlebnis. Der leistungsstarke mobile Drucker wurde entwickelt, um milit\u00e4rische Standards f\u00fcr St\u00fcrze und Fahrzeugvibrationen zu erf\u00fcllen. Ideal f\u00fcr mobile Unternehmensprofis.  <\/p>\n<p>Die TSC Alpha-40L-Drucker sind mit der Remote-Druckerverwaltung SOTI Connect kompatibel und bieten so einen besseren Einblick in Echtzeitdaten zum Zustand und zur Leistung der Ger\u00e4te. Der neue mobile Drucker verf\u00fcgt au\u00dferdem \u00fcber ein intelligentes Batteriemanagementsystem. Die intelligenten Batterien im mobilen Drucker k\u00f6nnen den Zustand der Batteriekapazit\u00e4t, den Ladezustand und den Verlauf der Ladezyklen anzeigen.  <\/p>\n","protected":false},"excerpt":{"rendered":"<p>Die mobilen Alpha-40L-Drucker bieten umfassendes Zubeh\u00f6r f\u00fcr die mobile Etikettierarbeit, insbesondere in anspruchsvollen Logistikanwendungen. Profitieren Sie von der besseren Transparenz der Echtzeitdaten zu Zustand und Leistung Ihres Alpha-40L-Druckers mit der mitgelieferten Remote-Druckerverwaltungssoftware. <\/p>\n<p><strong>Hauptfunktionen<\/strong><\/p>\n","protected":false},"featured_media":25962,"comment_status":"open","ping_status":"closed","template":"","meta":{"_acf_changed":false,"_et_pb_use_builder":"","_et_pb_old_content":"","_et_gb_content_width":""},"product_brand":[1243],"product_cat":[618],"product_tag":[],"pa_connextion-shapes":[],"class_list":{"0":"post-55604","1":"product","2":"type-product","3":"status-publish","4":"has-post-thumbnail","6":"product_brand-tsc","7":"product_cat-tragbare-etikettendrucker","9":"first","10":"instock","11":"sale","12":"taxable","13":"shipping-taxable","14":"purchasable","15":"product-type-simple"},"exclude_global_add_ons":[],"addons":[],"acf":[],"yoast_head":"<!-- This site is optimized with the Yoast SEO Premium plugin v27.0 (Yoast SEO v27.1) - https:\/\/yoast.com\/product\/yoast-seo-premium-wordpress\/ -->\n<title>TSC Alpha 40L<\/title>\n<meta name=\"description\" content=\"Der TSC Alpha-40L ist ein langlebiger mobiler Thermodirektdrucker f\u00fcr Fertigung, Einzelhandel, Gesundheitswesen, Transport und Logistik.\" \/>\n<meta name=\"robots\" content=\"index, follow, max-snippet:-1, max-image-preview:large, max-video-preview:-1\" \/>\n<link rel=\"canonical\" href=\"https:\/\/d-identify.be\/de\/produkt\/tsc-alpha-40l-thermodirekt-203-dpi-peeler-copy\/\" \/>\n<meta property=\"og:locale\" content=\"de_DE\" \/>\n<meta property=\"og:type\" content=\"article\" \/>\n<meta property=\"og:title\" content=\"TSC Alpha-40L, Thermodirekt, 203 DPI, Peeler, WLAN, Bluetooth 5.0\" \/>\n<meta property=\"og:description\" content=\"Der TSC Alpha-40L ist ein langlebiger mobiler Thermodirektdrucker f\u00fcr Fertigung, Einzelhandel, Gesundheitswesen, Transport und Logistik.\" \/>\n<meta property=\"og:url\" content=\"https:\/\/d-identify.be\/de\/produkt\/tsc-alpha-40l-thermodirekt-203-dpi-peeler-copy\/\" \/>\n<meta property=\"og:site_name\" content=\"d-identify\" \/>\n<meta property=\"article:modified_time\" content=\"2025-05-13T08:43:51+00:00\" \/>\n<meta property=\"og:image\" content=\"https:\/\/d-identify.be\/wp-content\/uploads\/2022\/07\/alpha-40l.png\" \/>\n\t<meta property=\"og:image:width\" content=\"500\" \/>\n\t<meta property=\"og:image:height\" content=\"500\" \/>\n\t<meta property=\"og:image:type\" content=\"image\/png\" \/>\n<meta name=\"twitter:card\" content=\"summary_large_image\" \/>\n<meta name=\"twitter:label1\" content=\"Gesch\u00e4tzte Lesezeit\" \/>\n\t<meta name=\"twitter:data1\" content=\"1\u00a0Minute\" \/>\n<script type=\"application\/ld+json\" class=\"yoast-schema-graph\">{\"@context\":\"https:\/\/schema.org\",\"@graph\":[{\"@type\":\"WebPage\",\"@id\":\"https:\/\/d-identify.be\/de\/produkt\/tsc-alpha-40l-thermodirekt-203-dpi-peeler-copy\/\",\"url\":\"https:\/\/d-identify.be\/de\/produkt\/tsc-alpha-40l-thermodirekt-203-dpi-peeler-copy\/\",\"name\":\"TSC Alpha 40L\",\"isPartOf\":{\"@id\":\"https:\/\/d-identify.be\/de\/#website\"},\"primaryImageOfPage\":{\"@id\":\"https:\/\/d-identify.be\/de\/produkt\/tsc-alpha-40l-thermodirekt-203-dpi-peeler-copy\/#primaryimage\"},\"image\":{\"@id\":\"https:\/\/d-identify.be\/de\/produkt\/tsc-alpha-40l-thermodirekt-203-dpi-peeler-copy\/#primaryimage\"},\"thumbnailUrl\":\"https:\/\/d-identify.be\/wp-content\/uploads\/2022\/07\/alpha-40l.png\",\"datePublished\":\"2025-05-13T08:21:34+00:00\",\"dateModified\":\"2025-05-13T08:43:51+00:00\",\"description\":\"Der TSC Alpha-40L ist ein langlebiger mobiler Thermodirektdrucker f\u00fcr Fertigung, Einzelhandel, Gesundheitswesen, Transport und Logistik.\",\"breadcrumb\":{\"@id\":\"https:\/\/d-identify.be\/de\/produkt\/tsc-alpha-40l-thermodirekt-203-dpi-peeler-copy\/#breadcrumb\"},\"inLanguage\":\"de\",\"potentialAction\":[{\"@type\":\"ReadAction\",\"target\":[\"https:\/\/d-identify.be\/de\/produkt\/tsc-alpha-40l-thermodirekt-203-dpi-peeler-copy\/\"]}]},{\"@type\":\"ImageObject\",\"inLanguage\":\"de\",\"@id\":\"https:\/\/d-identify.be\/de\/produkt\/tsc-alpha-40l-thermodirekt-203-dpi-peeler-copy\/#primaryimage\",\"url\":\"https:\/\/d-identify.be\/wp-content\/uploads\/2022\/07\/alpha-40l.png\",\"contentUrl\":\"https:\/\/d-identify.be\/wp-content\/uploads\/2022\/07\/alpha-40l.png\",\"width\":500,\"height\":500},{\"@type\":\"BreadcrumbList\",\"@id\":\"https:\/\/d-identify.be\/de\/produkt\/tsc-alpha-40l-thermodirekt-203-dpi-peeler-copy\/#breadcrumb\",\"itemListElement\":[{\"@type\":\"ListItem\",\"position\":1,\"name\":\"Home\",\"item\":\"https:\/\/d-identify.be\/de\/home-2\/\"},{\"@type\":\"ListItem\",\"position\":2,\"name\":\"Shop\",\"item\":\"https:\/\/d-identify.be\/shop-2\/\"},{\"@type\":\"ListItem\",\"position\":3,\"name\":\"TSC Alpha-40L, Thermodirekt, 203 DPI, Peeler, WLAN, Bluetooth 5.0\"}]},{\"@type\":\"WebSite\",\"@id\":\"https:\/\/d-identify.be\/de\/#website\",\"url\":\"https:\/\/d-identify.be\/de\/\",\"name\":\"d-identify\",\"description\":\"Industrial identification - Lockout - Tagout - Floor marking\",\"potentialAction\":[{\"@type\":\"SearchAction\",\"target\":{\"@type\":\"EntryPoint\",\"urlTemplate\":\"https:\/\/d-identify.be\/de\/?s={search_term_string}\"},\"query-input\":{\"@type\":\"PropertyValueSpecification\",\"valueRequired\":true,\"valueName\":\"search_term_string\"}}],\"inLanguage\":\"de\"}]}<\/script>\n<!-- \/ Yoast SEO Premium plugin. -->","yoast_head_json":{"title":"TSC Alpha 40L","description":"Der TSC Alpha-40L ist ein langlebiger mobiler Thermodirektdrucker f\u00fcr Fertigung, Einzelhandel, Gesundheitswesen, Transport und Logistik.","robots":{"index":"index","follow":"follow","max-snippet":"max-snippet:-1","max-image-preview":"max-image-preview:large","max-video-preview":"max-video-preview:-1"},"canonical":"https:\/\/d-identify.be\/de\/produkt\/tsc-alpha-40l-thermodirekt-203-dpi-peeler-copy\/","og_locale":"de_DE","og_type":"article","og_title":"TSC Alpha-40L, Thermodirekt, 203 DPI, Peeler, WLAN, Bluetooth 5.0","og_description":"Der TSC Alpha-40L ist ein langlebiger mobiler Thermodirektdrucker f\u00fcr Fertigung, Einzelhandel, Gesundheitswesen, Transport und Logistik.","og_url":"https:\/\/d-identify.be\/de\/produkt\/tsc-alpha-40l-thermodirekt-203-dpi-peeler-copy\/","og_site_name":"d-identify","article_modified_time":"2025-05-13T08:43:51+00:00","og_image":[{"width":500,"height":500,"url":"https:\/\/d-identify.be\/wp-content\/uploads\/2022\/07\/alpha-40l.png","type":"image\/png"}],"twitter_card":"summary_large_image","twitter_misc":{"Gesch\u00e4tzte Lesezeit":"1\u00a0Minute"},"schema":{"@context":"https:\/\/schema.org","@graph":[{"@type":"WebPage","@id":"https:\/\/d-identify.be\/de\/produkt\/tsc-alpha-40l-thermodirekt-203-dpi-peeler-copy\/","url":"https:\/\/d-identify.be\/de\/produkt\/tsc-alpha-40l-thermodirekt-203-dpi-peeler-copy\/","name":"TSC Alpha 40L","isPartOf":{"@id":"https:\/\/d-identify.be\/de\/#website"},"primaryImageOfPage":{"@id":"https:\/\/d-identify.be\/de\/produkt\/tsc-alpha-40l-thermodirekt-203-dpi-peeler-copy\/#primaryimage"},"image":{"@id":"https:\/\/d-identify.be\/de\/produkt\/tsc-alpha-40l-thermodirekt-203-dpi-peeler-copy\/#primaryimage"},"thumbnailUrl":"https:\/\/d-identify.be\/wp-content\/uploads\/2022\/07\/alpha-40l.png","datePublished":"2025-05-13T08:21:34+00:00","dateModified":"2025-05-13T08:43:51+00:00","description":"Der TSC Alpha-40L ist ein langlebiger mobiler Thermodirektdrucker f\u00fcr Fertigung, Einzelhandel, Gesundheitswesen, Transport und Logistik.","breadcrumb":{"@id":"https:\/\/d-identify.be\/de\/produkt\/tsc-alpha-40l-thermodirekt-203-dpi-peeler-copy\/#breadcrumb"},"inLanguage":"de","potentialAction":[{"@type":"ReadAction","target":["https:\/\/d-identify.be\/de\/produkt\/tsc-alpha-40l-thermodirekt-203-dpi-peeler-copy\/"]}]},{"@type":"ImageObject","inLanguage":"de","@id":"https:\/\/d-identify.be\/de\/produkt\/tsc-alpha-40l-thermodirekt-203-dpi-peeler-copy\/#primaryimage","url":"https:\/\/d-identify.be\/wp-content\/uploads\/2022\/07\/alpha-40l.png","contentUrl":"https:\/\/d-identify.be\/wp-content\/uploads\/2022\/07\/alpha-40l.png","width":500,"height":500},{"@type":"BreadcrumbList","@id":"https:\/\/d-identify.be\/de\/produkt\/tsc-alpha-40l-thermodirekt-203-dpi-peeler-copy\/#breadcrumb","itemListElement":[{"@type":"ListItem","position":1,"name":"Home","item":"https:\/\/d-identify.be\/de\/home-2\/"},{"@type":"ListItem","position":2,"name":"Shop","item":"https:\/\/d-identify.be\/shop-2\/"},{"@type":"ListItem","position":3,"name":"TSC Alpha-40L, Thermodirekt, 203 DPI, Peeler, WLAN, Bluetooth 5.0"}]},{"@type":"WebSite","@id":"https:\/\/d-identify.be\/de\/#website","url":"https:\/\/d-identify.be\/de\/","name":"d-identify","description":"Industrial identification - Lockout - Tagout - Floor marking","potentialAction":[{"@type":"SearchAction","target":{"@type":"EntryPoint","urlTemplate":"https:\/\/d-identify.be\/de\/?s={search_term_string}"},"query-input":{"@type":"PropertyValueSpecification","valueRequired":true,"valueName":"search_term_string"}}],"inLanguage":"de"}]}},"_links":{"self":[{"href":"https:\/\/d-identify.be\/de\/wp-json\/wp\/v2\/product\/55604","targetHints":{"allow":["GET"]}}],"collection":[{"href":"https:\/\/d-identify.be\/de\/wp-json\/wp\/v2\/product"}],"about":[{"href":"https:\/\/d-identify.be\/de\/wp-json\/wp\/v2\/types\/product"}],"replies":[{"embeddable":true,"href":"https:\/\/d-identify.be\/de\/wp-json\/wp\/v2\/comments?post=55604"}],"wp:featuredmedia":[{"embeddable":true,"href":"https:\/\/d-identify.be\/de\/wp-json\/wp\/v2\/media\/25962"}],"wp:attachment":[{"href":"https:\/\/d-identify.be\/de\/wp-json\/wp\/v2\/media?parent=55604"}],"wp:term":[{"taxonomy":"product_brand","embeddable":true,"href":"https:\/\/d-identify.be\/de\/wp-json\/wp\/v2\/product_brand?post=55604"},{"taxonomy":"product_cat","embeddable":true,"href":"https:\/\/d-identify.be\/de\/wp-json\/wp\/v2\/product_cat?post=55604"},{"taxonomy":"product_tag","embeddable":true,"href":"https:\/\/d-identify.be\/de\/wp-json\/wp\/v2\/product_tag?post=55604"},{"taxonomy":"pa_connextion-shapes","embeddable":true,"href":"https:\/\/d-identify.be\/de\/wp-json\/wp\/v2\/pa_connextion-shapes?post=55604"}],"curies":[{"name":"wp","href":"https:\/\/api.w.org\/{rel}","templated":true}]}}