{"id":55578,"date":"2025-05-08T17:13:25","date_gmt":"2025-05-08T15:13:25","guid":{"rendered":"https:\/\/d-identify.be\/?post_type=product&#038;p=55578"},"modified":"2025-05-08T17:18:18","modified_gmt":"2025-05-08T15:18:18","slug":"zebra-zq610-plus-thermodirekt-203-dpi-48-mm-wlan-copy","status":"publish","type":"product","link":"https:\/\/d-identify.be\/de\/produkt\/zebra-zq610-plus-thermodirekt-203-dpi-48-mm-wlan-copy\/","title":{"rendered":"Zebra ZQ620 Plus, Thermodirekt, 203 DPI, 79 mm, WLAN"},"content":{"rendered":"<p>Wenn Sie Ihr Bestandsmanagement und Ihren Kundenservice in Ihrem Gesch\u00e4ft verbessern m\u00f6chten, sind die mobilen Drucker der ZQ600-Serie genau das Richtige f\u00fcr Sie. Die neue Druckerserie ZQ600 greift das Erfolgsrezept des beliebten QLn auf und erweitert es um fortschrittliche Technologie, ein innovatives und benutzerfreundliches Design mit Fokus auf Produktivit\u00e4t sowie eine einfache Verwaltung. Das gro\u00dfe Farbdisplay zeigt den Status deutlich an. Der Akku mit hoher Kapazit\u00e4t und fortschrittlichen Technologien bietet volle Verf\u00fcgbarkeit auch bei l\u00e4ngeren Schichten. Dank der Sofort-Reaktivierungsfunktion l\u00e4sst Sie die Druckerserie ZQ600 nie im Stich. Mit den ZQ600-Druckern profitieren Ihre Mitarbeiter von zuverl\u00e4ssigen WLAN-Verbindungen in Ihren R\u00e4umlichkeiten. Dank des Zebra Link-OS-Betriebssystems und der leistungsstarken App-, Dienstprogramm- und Entwickler-Suite von Print DNA kann Ihre IT-Abteilung die Drucker einfach integrieren, verwalten, konfigurieren und sichern. Die ZQ600-Serie: die neueste Generation des Goldstandards f\u00fcr mobile Etiketten- und Belegdrucker.       <\/p>\n","protected":false},"excerpt":{"rendered":"<p>Die ZQ600-Serie basiert auf der beliebten QLn-Plattform und optimiert sie noch weiter. Sie bietet fortschrittliche Technologie und innovatives Design und setzt damit neue Ma\u00dfst\u00e4be f\u00fcr Produktivit\u00e4t, Benutzerfreundlichkeit und Verwaltbarkeit. Minimieren Sie Ausfallzeiten und sorgen Sie daf\u00fcr, dass Ihr Drucker dank fortschrittlicher Akkutechnologie, h\u00f6herer Akkukapazit\u00e4t und sofortiger Aktivierung nie aus dem Ruhezustand ger\u00e4t. Ein gro\u00dfes Farbdisplay mit Statussymbolen macht Schluss mit R\u00e4tselraten. Ihre Mitarbeiter profitieren von zuverl\u00e4ssigen WLAN-Verbindungen mit schnellem 802.11 ac und Bluetooth 4.1.   <\/p>\n<p><strong>Hauptfunktionen<\/strong><\/p>\n","protected":false},"featured_media":25942,"comment_status":"open","ping_status":"closed","template":"","meta":{"_acf_changed":false,"_et_pb_use_builder":"","_et_pb_old_content":"","_et_gb_content_width":""},"product_brand":[1258],"product_cat":[596,618],"product_tag":[],"pa_connextion-shapes":[],"class_list":{"0":"post-55578","1":"product","2":"type-product","3":"status-publish","4":"has-post-thumbnail","6":"product_brand-zebra","7":"product_cat-industriedrucker","8":"product_cat-tragbare-etikettendrucker","10":"first","11":"instock","12":"sale","13":"taxable","14":"shipping-taxable","15":"purchasable","16":"product-type-simple"},"exclude_global_add_ons":[],"addons":[],"acf":[],"yoast_head":"<!-- This site is optimized with the Yoast SEO Premium plugin v27.0 (Yoast SEO v27.1) - https:\/\/yoast.com\/product\/yoast-seo-premium-wordpress\/ -->\n<title>Zebra ZQ600-Serie<\/title>\n<meta name=\"description\" content=\"Minimieren Sie Ausfallzeiten mit der Zebra ZQ600-Serie und stellen Sie sicher, dass Ihr Drucker dank fortschrittlicher Akkutechnologie und mehr Akkukapazit\u00e4t nie schl\u00e4ft\" \/>\n<meta name=\"robots\" content=\"index, follow, max-snippet:-1, max-image-preview:large, max-video-preview:-1\" \/>\n<link rel=\"canonical\" href=\"https:\/\/d-identify.be\/de\/produkt\/zebra-zq610-plus-thermodirekt-203-dpi-48-mm-wlan-copy\/\" \/>\n<meta property=\"og:locale\" content=\"de_DE\" \/>\n<meta property=\"og:type\" content=\"article\" \/>\n<meta property=\"og:title\" content=\"Zebra ZQ620 Plus, Thermodirekt, 203 DPI, 79 mm, WLAN\" \/>\n<meta property=\"og:description\" content=\"Minimieren Sie Ausfallzeiten mit der Zebra ZQ600-Serie und stellen Sie sicher, dass Ihr Drucker dank fortschrittlicher Akkutechnologie und mehr Akkukapazit\u00e4t nie schl\u00e4ft\" \/>\n<meta property=\"og:url\" content=\"https:\/\/d-identify.be\/de\/produkt\/zebra-zq610-plus-thermodirekt-203-dpi-48-mm-wlan-copy\/\" \/>\n<meta property=\"og:site_name\" content=\"d-identify\" \/>\n<meta property=\"article:modified_time\" content=\"2025-05-08T15:18:18+00:00\" \/>\n<meta property=\"og:image\" content=\"https:\/\/d-identify.be\/wp-content\/uploads\/2022\/07\/zq630-620-610.jpg\" \/>\n\t<meta property=\"og:image:width\" content=\"300\" \/>\n\t<meta property=\"og:image:height\" content=\"300\" \/>\n\t<meta property=\"og:image:type\" content=\"image\/jpeg\" \/>\n<meta name=\"twitter:card\" content=\"summary_large_image\" \/>\n<meta name=\"twitter:label1\" content=\"Gesch\u00e4tzte Lesezeit\" \/>\n\t<meta name=\"twitter:data1\" content=\"1\u00a0Minute\" \/>\n<script type=\"application\/ld+json\" class=\"yoast-schema-graph\">{\"@context\":\"https:\/\/schema.org\",\"@graph\":[{\"@type\":\"WebPage\",\"@id\":\"https:\/\/d-identify.be\/de\/produkt\/zebra-zq610-plus-thermodirekt-203-dpi-48-mm-wlan-copy\/\",\"url\":\"https:\/\/d-identify.be\/de\/produkt\/zebra-zq610-plus-thermodirekt-203-dpi-48-mm-wlan-copy\/\",\"name\":\"Zebra ZQ600-Serie\",\"isPartOf\":{\"@id\":\"https:\/\/d-identify.be\/de\/#website\"},\"primaryImageOfPage\":{\"@id\":\"https:\/\/d-identify.be\/de\/produkt\/zebra-zq610-plus-thermodirekt-203-dpi-48-mm-wlan-copy\/#primaryimage\"},\"image\":{\"@id\":\"https:\/\/d-identify.be\/de\/produkt\/zebra-zq610-plus-thermodirekt-203-dpi-48-mm-wlan-copy\/#primaryimage\"},\"thumbnailUrl\":\"https:\/\/d-identify.be\/wp-content\/uploads\/2022\/07\/zq630-620-610.jpg\",\"datePublished\":\"2025-05-08T15:13:25+00:00\",\"dateModified\":\"2025-05-08T15:18:18+00:00\",\"description\":\"Minimieren Sie Ausfallzeiten mit der Zebra ZQ600-Serie und stellen Sie sicher, dass Ihr Drucker dank fortschrittlicher Akkutechnologie und mehr Akkukapazit\u00e4t nie schl\u00e4ft\",\"breadcrumb\":{\"@id\":\"https:\/\/d-identify.be\/de\/produkt\/zebra-zq610-plus-thermodirekt-203-dpi-48-mm-wlan-copy\/#breadcrumb\"},\"inLanguage\":\"de\",\"potentialAction\":[{\"@type\":\"ReadAction\",\"target\":[\"https:\/\/d-identify.be\/de\/produkt\/zebra-zq610-plus-thermodirekt-203-dpi-48-mm-wlan-copy\/\"]}]},{\"@type\":\"ImageObject\",\"inLanguage\":\"de\",\"@id\":\"https:\/\/d-identify.be\/de\/produkt\/zebra-zq610-plus-thermodirekt-203-dpi-48-mm-wlan-copy\/#primaryimage\",\"url\":\"https:\/\/d-identify.be\/wp-content\/uploads\/2022\/07\/zq630-620-610.jpg\",\"contentUrl\":\"https:\/\/d-identify.be\/wp-content\/uploads\/2022\/07\/zq630-620-610.jpg\",\"width\":300,\"height\":300,\"caption\":\"Zebra ZQ600-Serie\"},{\"@type\":\"BreadcrumbList\",\"@id\":\"https:\/\/d-identify.be\/de\/produkt\/zebra-zq610-plus-thermodirekt-203-dpi-48-mm-wlan-copy\/#breadcrumb\",\"itemListElement\":[{\"@type\":\"ListItem\",\"position\":1,\"name\":\"Home\",\"item\":\"https:\/\/d-identify.be\/de\/home-2\/\"},{\"@type\":\"ListItem\",\"position\":2,\"name\":\"Shop\",\"item\":\"https:\/\/d-identify.be\/shop-2\/\"},{\"@type\":\"ListItem\",\"position\":3,\"name\":\"Zebra ZQ620 Plus, Thermodirekt, 203 DPI, 79 mm, WLAN\"}]},{\"@type\":\"WebSite\",\"@id\":\"https:\/\/d-identify.be\/de\/#website\",\"url\":\"https:\/\/d-identify.be\/de\/\",\"name\":\"d-identify\",\"description\":\"Industrial identification - Lockout - Tagout - Floor marking\",\"potentialAction\":[{\"@type\":\"SearchAction\",\"target\":{\"@type\":\"EntryPoint\",\"urlTemplate\":\"https:\/\/d-identify.be\/de\/?s={search_term_string}\"},\"query-input\":{\"@type\":\"PropertyValueSpecification\",\"valueRequired\":true,\"valueName\":\"search_term_string\"}}],\"inLanguage\":\"de\"}]}<\/script>\n<!-- \/ Yoast SEO Premium plugin. -->","yoast_head_json":{"title":"Zebra ZQ600-Serie","description":"Minimieren Sie Ausfallzeiten mit der Zebra ZQ600-Serie und stellen Sie sicher, dass Ihr Drucker dank fortschrittlicher Akkutechnologie und mehr Akkukapazit\u00e4t nie schl\u00e4ft","robots":{"index":"index","follow":"follow","max-snippet":"max-snippet:-1","max-image-preview":"max-image-preview:large","max-video-preview":"max-video-preview:-1"},"canonical":"https:\/\/d-identify.be\/de\/produkt\/zebra-zq610-plus-thermodirekt-203-dpi-48-mm-wlan-copy\/","og_locale":"de_DE","og_type":"article","og_title":"Zebra ZQ620 Plus, Thermodirekt, 203 DPI, 79 mm, WLAN","og_description":"Minimieren Sie Ausfallzeiten mit der Zebra ZQ600-Serie und stellen Sie sicher, dass Ihr Drucker dank fortschrittlicher Akkutechnologie und mehr Akkukapazit\u00e4t nie schl\u00e4ft","og_url":"https:\/\/d-identify.be\/de\/produkt\/zebra-zq610-plus-thermodirekt-203-dpi-48-mm-wlan-copy\/","og_site_name":"d-identify","article_modified_time":"2025-05-08T15:18:18+00:00","og_image":[{"width":300,"height":300,"url":"https:\/\/d-identify.be\/wp-content\/uploads\/2022\/07\/zq630-620-610.jpg","type":"image\/jpeg"}],"twitter_card":"summary_large_image","twitter_misc":{"Gesch\u00e4tzte Lesezeit":"1\u00a0Minute"},"schema":{"@context":"https:\/\/schema.org","@graph":[{"@type":"WebPage","@id":"https:\/\/d-identify.be\/de\/produkt\/zebra-zq610-plus-thermodirekt-203-dpi-48-mm-wlan-copy\/","url":"https:\/\/d-identify.be\/de\/produkt\/zebra-zq610-plus-thermodirekt-203-dpi-48-mm-wlan-copy\/","name":"Zebra ZQ600-Serie","isPartOf":{"@id":"https:\/\/d-identify.be\/de\/#website"},"primaryImageOfPage":{"@id":"https:\/\/d-identify.be\/de\/produkt\/zebra-zq610-plus-thermodirekt-203-dpi-48-mm-wlan-copy\/#primaryimage"},"image":{"@id":"https:\/\/d-identify.be\/de\/produkt\/zebra-zq610-plus-thermodirekt-203-dpi-48-mm-wlan-copy\/#primaryimage"},"thumbnailUrl":"https:\/\/d-identify.be\/wp-content\/uploads\/2022\/07\/zq630-620-610.jpg","datePublished":"2025-05-08T15:13:25+00:00","dateModified":"2025-05-08T15:18:18+00:00","description":"Minimieren Sie Ausfallzeiten mit der Zebra ZQ600-Serie und stellen Sie sicher, dass Ihr Drucker dank fortschrittlicher Akkutechnologie und mehr Akkukapazit\u00e4t nie schl\u00e4ft","breadcrumb":{"@id":"https:\/\/d-identify.be\/de\/produkt\/zebra-zq610-plus-thermodirekt-203-dpi-48-mm-wlan-copy\/#breadcrumb"},"inLanguage":"de","potentialAction":[{"@type":"ReadAction","target":["https:\/\/d-identify.be\/de\/produkt\/zebra-zq610-plus-thermodirekt-203-dpi-48-mm-wlan-copy\/"]}]},{"@type":"ImageObject","inLanguage":"de","@id":"https:\/\/d-identify.be\/de\/produkt\/zebra-zq610-plus-thermodirekt-203-dpi-48-mm-wlan-copy\/#primaryimage","url":"https:\/\/d-identify.be\/wp-content\/uploads\/2022\/07\/zq630-620-610.jpg","contentUrl":"https:\/\/d-identify.be\/wp-content\/uploads\/2022\/07\/zq630-620-610.jpg","width":300,"height":300,"caption":"Zebra ZQ600-Serie"},{"@type":"BreadcrumbList","@id":"https:\/\/d-identify.be\/de\/produkt\/zebra-zq610-plus-thermodirekt-203-dpi-48-mm-wlan-copy\/#breadcrumb","itemListElement":[{"@type":"ListItem","position":1,"name":"Home","item":"https:\/\/d-identify.be\/de\/home-2\/"},{"@type":"ListItem","position":2,"name":"Shop","item":"https:\/\/d-identify.be\/shop-2\/"},{"@type":"ListItem","position":3,"name":"Zebra ZQ620 Plus, Thermodirekt, 203 DPI, 79 mm, WLAN"}]},{"@type":"WebSite","@id":"https:\/\/d-identify.be\/de\/#website","url":"https:\/\/d-identify.be\/de\/","name":"d-identify","description":"Industrial identification - Lockout - Tagout - Floor marking","potentialAction":[{"@type":"SearchAction","target":{"@type":"EntryPoint","urlTemplate":"https:\/\/d-identify.be\/de\/?s={search_term_string}"},"query-input":{"@type":"PropertyValueSpecification","valueRequired":true,"valueName":"search_term_string"}}],"inLanguage":"de"}]}},"_links":{"self":[{"href":"https:\/\/d-identify.be\/de\/wp-json\/wp\/v2\/product\/55578","targetHints":{"allow":["GET"]}}],"collection":[{"href":"https:\/\/d-identify.be\/de\/wp-json\/wp\/v2\/product"}],"about":[{"href":"https:\/\/d-identify.be\/de\/wp-json\/wp\/v2\/types\/product"}],"replies":[{"embeddable":true,"href":"https:\/\/d-identify.be\/de\/wp-json\/wp\/v2\/comments?post=55578"}],"wp:featuredmedia":[{"embeddable":true,"href":"https:\/\/d-identify.be\/de\/wp-json\/wp\/v2\/media\/25942"}],"wp:attachment":[{"href":"https:\/\/d-identify.be\/de\/wp-json\/wp\/v2\/media?parent=55578"}],"wp:term":[{"taxonomy":"product_brand","embeddable":true,"href":"https:\/\/d-identify.be\/de\/wp-json\/wp\/v2\/product_brand?post=55578"},{"taxonomy":"product_cat","embeddable":true,"href":"https:\/\/d-identify.be\/de\/wp-json\/wp\/v2\/product_cat?post=55578"},{"taxonomy":"product_tag","embeddable":true,"href":"https:\/\/d-identify.be\/de\/wp-json\/wp\/v2\/product_tag?post=55578"},{"taxonomy":"pa_connextion-shapes","embeddable":true,"href":"https:\/\/d-identify.be\/de\/wp-json\/wp\/v2\/pa_connextion-shapes?post=55578"}],"curies":[{"name":"wp","href":"https:\/\/api.w.org\/{rel}","templated":true}]}}