{"id":55416,"date":"2025-05-06T12:15:37","date_gmt":"2025-05-06T10:15:37","guid":{"rendered":"https:\/\/d-identify.be\/?post_type=product&#038;p=55416"},"modified":"2025-05-06T12:19:03","modified_gmt":"2025-05-06T10:19:03","slug":"epson-color-12-monate-funktioniert-cw-c6000ae-auto-cutter-copy","status":"publish","type":"product","link":"https:\/\/d-identify.be\/de\/produkt\/epson-color-12-monate-funktioniert-cw-c6000ae-auto-cutter-copy\/","title":{"rendered":"Epson Colorworks CW-C6000Pe, Peeler"},"content":{"rendered":"<div class=\"clearfix text-formatted field field--name-field-description field--type-text-long field--label-hidden field__item\">\n<div class=\"clearfix text-formatted field field--name-field-description field--type-text-long field--label-hidden field__item\">\n<div class=\"clearfix text-formatted field field--name-field-description field--type-text-long field--label-hidden field__item\">Die Epson ColorWorks C6000 Serie besteht aus zuverl\u00e4ssigen 4&#8243;- oder 8&#8243;-Tintenstrahl-Etikettendruckermodellen und eignet sich f\u00fcr alle, die kleine bis mittlere Auflagen on-demand drucken m\u00f6chten. Die intuitiven Etikettendrucker produzieren hochwertige, gl\u00e4nzende, matte und strukturierte Etiketten mit sanften Verl\u00e4ufen und feinen Linien von 25 mm bis 21 cm Breite mit Farbprofilierung. Dank des beweglichen Sensors sogar in jeder beliebigen Form. Die maximale Druckgeschwindigkeit der ColorWorks Serie betr\u00e4gt je nach Modell bis zu 119,5 mm\/Sek. und die exzellente Aufl\u00f6sung bis zu 1.200 x 1.200 dpi.    <\/div>\n<div class=\"clearfix text-formatted field field--name-field-product-text field--type-text-long field--label-hidden field__item\">Der Epson Colorworks C6000 verwendet vier separate Tintenpatronen f\u00fcr kosteneffizientes Drucken. Die Ultrachrome DL-Pigmenttinte ist wisch- und wasserfest sowie s\u00e4ure- und lichtbest\u00e4ndig und somit f\u00fcr den Einsatz in GHS-Anwendungen geeignet. Optional sind auch spezielle MK-Modelle mit mattschwarzen Tintenpatronen erh\u00e4ltlich, die ein intensiveres Schwarz auf matten Medien erm\u00f6glichen.  <\/div>\n<div><\/div>\n<div class=\"clearfix text-formatted field field--name-field-product-text field--type-text-long field--label-hidden field__item\">\n<p><!--more-->Je nach Bedarf sind die Farbetikettendrucker wahlweise mit integriertem Peeler (C6000Pe\/C6500Pe) oder Auto-Cutter (C600Ae\/C6500Ae) erh\u00e4ltlich. Die Bedienung erfolgt einfach und komfortabel \u00fcber ein intuitives 2,7-Zoll-LCD-Display. Wartung und Konfiguration erfolgen per Fernzugriff \u00fcber eine intelligente Weboberfl\u00e4che sowie \u00fcber die Abdeckung, die sich von oben und hinten \u00f6ffnen l\u00e4sst. So l\u00e4sst sich auch ein Papierstau schnell beheben, was gerade an arbeitsreichen Tagen Zeit spart.<\/p>\n<p>F\u00fcr mehr Flexibilit\u00e4t ist die ColorWorks-Serie mit den Betriebssystemen Windows, Linux und macOS sowie SAP kompatibel und verf\u00fcgt neben der ESC\/Label-Emulation \u00fcber Treiber f\u00fcr BarTender, CodeSoft und NiceLabel.<\/p>\n<p>F\u00fcr eine l\u00e4ngere Lebensdauer der Etikettendrucker sorgt die umfassende Garantie, die sogar den Druckkopf abdeckt. Mit dem optionalen Service \u00bbCoverPlus\u00ab l\u00e4sst sie sich zudem verl\u00e4ngern. <\/p>\n<\/div>\n<\/div>\n<div class=\"clearfix text-formatted field field--name-field-product-text field--type-text-long field--label-hidden field__item\">Die Bedienung der ColorWorks C4000e-Serie erfolgt \u00fcber ein benutzerfreundliches 2,7-Zoll-LCD-Display an der Vorderseite. Zu den weiteren Funktionen geh\u00f6ren ein leicht austauschbarer Autocutter, ein integrierter Standard und ein optionaler WLAN-Dongle, der Drucken von nahezu \u00fcberall und jederzeit erm\u00f6glicht. Fernkonfiguration, -wartung sowie -\u00fcberwachung und -verwaltung ganzer Druckerflotten sind \u00fcber ein zus\u00e4tzliches Webinterface m\u00f6glich. Verschiedene SDKs f\u00fcr iOS und Android sorgen f\u00fcr eine einfache Integration und erm\u00f6glichen intuitives Drucken von Tablets. Treiber sind f\u00fcr ESC Label, Linux und Mac verf\u00fcgbar.    <\/div>\n<\/div>\n","protected":false},"excerpt":{"rendered":"<p>Der Epson C6000 ist ein industrieller Farbetikettendrucker mit 4 Zoll (101 mm) Druckbreite, der hochwertige, vollfarbige Etiketten auf Abruf liefert. Ideal f\u00fcr GHS-Etikettierung, Produktverpackungen und Lageranwendungen. Er unterst\u00fctzt eine Vielzahl von Etikettenmaterialien und -gr\u00f6\u00dfen und verf\u00fcgt \u00fcber einen integrierten automatischen Cutter f\u00fcr pr\u00e4zisen Einzeletikettendruck. Er ist ZPL II-kompatibel und l\u00e4sst sich problemlos in bestehende Arbeitsabl\u00e4ufe integrieren.   <\/p>\n","protected":false},"featured_media":54795,"comment_status":"open","ping_status":"closed","template":"","meta":{"_acf_changed":false,"_et_pb_use_builder":"","_et_pb_old_content":"","_et_gb_content_width":""},"product_brand":[1286],"product_cat":[644],"product_tag":[],"pa_connextion-shapes":[],"class_list":{"0":"post-55416","1":"product","2":"type-product","3":"status-publish","4":"has-post-thumbnail","6":"product_brand-epson","7":"product_cat-inkjet-etikettendrucker","9":"first","10":"instock","11":"sale","12":"taxable","13":"shipping-taxable","14":"purchasable","15":"product-type-simple"},"exclude_global_add_ons":[],"addons":[],"acf":[],"yoast_head":"<!-- This site is optimized with the Yoast SEO Premium plugin v27.0 (Yoast SEO v27.1) - https:\/\/yoast.com\/product\/yoast-seo-premium-wordpress\/ -->\n<title>Epson Colorworks C6000 \u2013 Desktop-Tintenstrahl-Etikettendrucker<\/title>\n<meta name=\"description\" content=\"Drucken Sie langlebige, vollfarbige Etiketten mit dem Colorworks Epson C6000. Ideal f\u00fcr GHS-, Produkt- und Barcode-Etiketten. Schnell, zuverl\u00e4ssig und benutzerfreundlich.\" \/>\n<meta name=\"robots\" content=\"index, follow, max-snippet:-1, max-image-preview:large, max-video-preview:-1\" \/>\n<link rel=\"canonical\" href=\"https:\/\/d-identify.be\/de\/produkt\/epson-color-12-monate-funktioniert-cw-c6000ae-auto-cutter-copy\/\" \/>\n<meta property=\"og:locale\" content=\"de_DE\" \/>\n<meta property=\"og:type\" content=\"article\" \/>\n<meta property=\"og:title\" content=\"Epson Colorworks CW-C6000Pe, Peeler\" \/>\n<meta property=\"og:description\" content=\"Drucken Sie langlebige, vollfarbige Etiketten mit dem Colorworks Epson C6000. Ideal f\u00fcr GHS-, Produkt- und Barcode-Etiketten. Schnell, zuverl\u00e4ssig und benutzerfreundlich.\" \/>\n<meta property=\"og:url\" content=\"https:\/\/d-identify.be\/de\/produkt\/epson-color-12-monate-funktioniert-cw-c6000ae-auto-cutter-copy\/\" \/>\n<meta property=\"og:site_name\" content=\"d-identify\" \/>\n<meta property=\"article:modified_time\" content=\"2025-05-06T10:19:03+00:00\" \/>\n<meta property=\"og:image\" content=\"https:\/\/d-identify.be\/wp-content\/uploads\/2025\/04\/Epson-C6000.jpeg\" \/>\n\t<meta property=\"og:image:width\" content=\"225\" \/>\n\t<meta property=\"og:image:height\" content=\"225\" \/>\n\t<meta property=\"og:image:type\" content=\"image\/jpeg\" \/>\n<meta name=\"twitter:card\" content=\"summary_large_image\" \/>\n<meta name=\"twitter:label1\" content=\"Gesch\u00e4tzte Lesezeit\" \/>\n\t<meta name=\"twitter:data1\" content=\"2\u00a0Minuten\" \/>\n<script type=\"application\/ld+json\" class=\"yoast-schema-graph\">{\"@context\":\"https:\/\/schema.org\",\"@graph\":[{\"@type\":\"WebPage\",\"@id\":\"https:\/\/d-identify.be\/de\/produkt\/epson-color-12-monate-funktioniert-cw-c6000ae-auto-cutter-copy\/\",\"url\":\"https:\/\/d-identify.be\/de\/produkt\/epson-color-12-monate-funktioniert-cw-c6000ae-auto-cutter-copy\/\",\"name\":\"Epson Colorworks C6000 \u2013 Desktop-Tintenstrahl-Etikettendrucker\",\"isPartOf\":{\"@id\":\"https:\/\/d-identify.be\/de\/#website\"},\"primaryImageOfPage\":{\"@id\":\"https:\/\/d-identify.be\/de\/produkt\/epson-color-12-monate-funktioniert-cw-c6000ae-auto-cutter-copy\/#primaryimage\"},\"image\":{\"@id\":\"https:\/\/d-identify.be\/de\/produkt\/epson-color-12-monate-funktioniert-cw-c6000ae-auto-cutter-copy\/#primaryimage\"},\"thumbnailUrl\":\"https:\/\/d-identify.be\/wp-content\/uploads\/2025\/04\/Epson-C6000.jpeg\",\"datePublished\":\"2025-05-06T10:15:37+00:00\",\"dateModified\":\"2025-05-06T10:19:03+00:00\",\"description\":\"Drucken Sie langlebige, vollfarbige Etiketten mit dem Colorworks Epson C6000. Ideal f\u00fcr GHS-, Produkt- und Barcode-Etiketten. Schnell, zuverl\u00e4ssig und benutzerfreundlich.\",\"breadcrumb\":{\"@id\":\"https:\/\/d-identify.be\/de\/produkt\/epson-color-12-monate-funktioniert-cw-c6000ae-auto-cutter-copy\/#breadcrumb\"},\"inLanguage\":\"de\",\"potentialAction\":[{\"@type\":\"ReadAction\",\"target\":[\"https:\/\/d-identify.be\/de\/produkt\/epson-color-12-monate-funktioniert-cw-c6000ae-auto-cutter-copy\/\"]}]},{\"@type\":\"ImageObject\",\"inLanguage\":\"de\",\"@id\":\"https:\/\/d-identify.be\/de\/produkt\/epson-color-12-monate-funktioniert-cw-c6000ae-auto-cutter-copy\/#primaryimage\",\"url\":\"https:\/\/d-identify.be\/wp-content\/uploads\/2025\/04\/Epson-C6000.jpeg\",\"contentUrl\":\"https:\/\/d-identify.be\/wp-content\/uploads\/2025\/04\/Epson-C6000.jpeg\",\"width\":225,\"height\":225,\"caption\":\"Epson Colorworks C6000\"},{\"@type\":\"BreadcrumbList\",\"@id\":\"https:\/\/d-identify.be\/de\/produkt\/epson-color-12-monate-funktioniert-cw-c6000ae-auto-cutter-copy\/#breadcrumb\",\"itemListElement\":[{\"@type\":\"ListItem\",\"position\":1,\"name\":\"Home\",\"item\":\"https:\/\/d-identify.be\/de\/home-2\/\"},{\"@type\":\"ListItem\",\"position\":2,\"name\":\"Shop\",\"item\":\"https:\/\/d-identify.be\/shop-2\/\"},{\"@type\":\"ListItem\",\"position\":3,\"name\":\"Epson Colorworks CW-C6000Pe, Peeler\"}]},{\"@type\":\"WebSite\",\"@id\":\"https:\/\/d-identify.be\/de\/#website\",\"url\":\"https:\/\/d-identify.be\/de\/\",\"name\":\"d-identify\",\"description\":\"Industrial identification - Lockout - Tagout - Floor marking\",\"potentialAction\":[{\"@type\":\"SearchAction\",\"target\":{\"@type\":\"EntryPoint\",\"urlTemplate\":\"https:\/\/d-identify.be\/de\/?s={search_term_string}\"},\"query-input\":{\"@type\":\"PropertyValueSpecification\",\"valueRequired\":true,\"valueName\":\"search_term_string\"}}],\"inLanguage\":\"de\"}]}<\/script>\n<!-- \/ Yoast SEO Premium plugin. -->","yoast_head_json":{"title":"Epson Colorworks C6000 \u2013 Desktop-Tintenstrahl-Etikettendrucker","description":"Drucken Sie langlebige, vollfarbige Etiketten mit dem Colorworks Epson C6000. Ideal f\u00fcr GHS-, Produkt- und Barcode-Etiketten. Schnell, zuverl\u00e4ssig und benutzerfreundlich.","robots":{"index":"index","follow":"follow","max-snippet":"max-snippet:-1","max-image-preview":"max-image-preview:large","max-video-preview":"max-video-preview:-1"},"canonical":"https:\/\/d-identify.be\/de\/produkt\/epson-color-12-monate-funktioniert-cw-c6000ae-auto-cutter-copy\/","og_locale":"de_DE","og_type":"article","og_title":"Epson Colorworks CW-C6000Pe, Peeler","og_description":"Drucken Sie langlebige, vollfarbige Etiketten mit dem Colorworks Epson C6000. Ideal f\u00fcr GHS-, Produkt- und Barcode-Etiketten. Schnell, zuverl\u00e4ssig und benutzerfreundlich.","og_url":"https:\/\/d-identify.be\/de\/produkt\/epson-color-12-monate-funktioniert-cw-c6000ae-auto-cutter-copy\/","og_site_name":"d-identify","article_modified_time":"2025-05-06T10:19:03+00:00","og_image":[{"width":225,"height":225,"url":"https:\/\/d-identify.be\/wp-content\/uploads\/2025\/04\/Epson-C6000.jpeg","type":"image\/jpeg"}],"twitter_card":"summary_large_image","twitter_misc":{"Gesch\u00e4tzte Lesezeit":"2\u00a0Minuten"},"schema":{"@context":"https:\/\/schema.org","@graph":[{"@type":"WebPage","@id":"https:\/\/d-identify.be\/de\/produkt\/epson-color-12-monate-funktioniert-cw-c6000ae-auto-cutter-copy\/","url":"https:\/\/d-identify.be\/de\/produkt\/epson-color-12-monate-funktioniert-cw-c6000ae-auto-cutter-copy\/","name":"Epson Colorworks C6000 \u2013 Desktop-Tintenstrahl-Etikettendrucker","isPartOf":{"@id":"https:\/\/d-identify.be\/de\/#website"},"primaryImageOfPage":{"@id":"https:\/\/d-identify.be\/de\/produkt\/epson-color-12-monate-funktioniert-cw-c6000ae-auto-cutter-copy\/#primaryimage"},"image":{"@id":"https:\/\/d-identify.be\/de\/produkt\/epson-color-12-monate-funktioniert-cw-c6000ae-auto-cutter-copy\/#primaryimage"},"thumbnailUrl":"https:\/\/d-identify.be\/wp-content\/uploads\/2025\/04\/Epson-C6000.jpeg","datePublished":"2025-05-06T10:15:37+00:00","dateModified":"2025-05-06T10:19:03+00:00","description":"Drucken Sie langlebige, vollfarbige Etiketten mit dem Colorworks Epson C6000. Ideal f\u00fcr GHS-, Produkt- und Barcode-Etiketten. Schnell, zuverl\u00e4ssig und benutzerfreundlich.","breadcrumb":{"@id":"https:\/\/d-identify.be\/de\/produkt\/epson-color-12-monate-funktioniert-cw-c6000ae-auto-cutter-copy\/#breadcrumb"},"inLanguage":"de","potentialAction":[{"@type":"ReadAction","target":["https:\/\/d-identify.be\/de\/produkt\/epson-color-12-monate-funktioniert-cw-c6000ae-auto-cutter-copy\/"]}]},{"@type":"ImageObject","inLanguage":"de","@id":"https:\/\/d-identify.be\/de\/produkt\/epson-color-12-monate-funktioniert-cw-c6000ae-auto-cutter-copy\/#primaryimage","url":"https:\/\/d-identify.be\/wp-content\/uploads\/2025\/04\/Epson-C6000.jpeg","contentUrl":"https:\/\/d-identify.be\/wp-content\/uploads\/2025\/04\/Epson-C6000.jpeg","width":225,"height":225,"caption":"Epson Colorworks C6000"},{"@type":"BreadcrumbList","@id":"https:\/\/d-identify.be\/de\/produkt\/epson-color-12-monate-funktioniert-cw-c6000ae-auto-cutter-copy\/#breadcrumb","itemListElement":[{"@type":"ListItem","position":1,"name":"Home","item":"https:\/\/d-identify.be\/de\/home-2\/"},{"@type":"ListItem","position":2,"name":"Shop","item":"https:\/\/d-identify.be\/shop-2\/"},{"@type":"ListItem","position":3,"name":"Epson Colorworks CW-C6000Pe, Peeler"}]},{"@type":"WebSite","@id":"https:\/\/d-identify.be\/de\/#website","url":"https:\/\/d-identify.be\/de\/","name":"d-identify","description":"Industrial identification - Lockout - Tagout - Floor marking","potentialAction":[{"@type":"SearchAction","target":{"@type":"EntryPoint","urlTemplate":"https:\/\/d-identify.be\/de\/?s={search_term_string}"},"query-input":{"@type":"PropertyValueSpecification","valueRequired":true,"valueName":"search_term_string"}}],"inLanguage":"de"}]}},"_links":{"self":[{"href":"https:\/\/d-identify.be\/de\/wp-json\/wp\/v2\/product\/55416","targetHints":{"allow":["GET"]}}],"collection":[{"href":"https:\/\/d-identify.be\/de\/wp-json\/wp\/v2\/product"}],"about":[{"href":"https:\/\/d-identify.be\/de\/wp-json\/wp\/v2\/types\/product"}],"replies":[{"embeddable":true,"href":"https:\/\/d-identify.be\/de\/wp-json\/wp\/v2\/comments?post=55416"}],"wp:featuredmedia":[{"embeddable":true,"href":"https:\/\/d-identify.be\/de\/wp-json\/wp\/v2\/media\/54795"}],"wp:attachment":[{"href":"https:\/\/d-identify.be\/de\/wp-json\/wp\/v2\/media?parent=55416"}],"wp:term":[{"taxonomy":"product_brand","embeddable":true,"href":"https:\/\/d-identify.be\/de\/wp-json\/wp\/v2\/product_brand?post=55416"},{"taxonomy":"product_cat","embeddable":true,"href":"https:\/\/d-identify.be\/de\/wp-json\/wp\/v2\/product_cat?post=55416"},{"taxonomy":"product_tag","embeddable":true,"href":"https:\/\/d-identify.be\/de\/wp-json\/wp\/v2\/product_tag?post=55416"},{"taxonomy":"pa_connextion-shapes","embeddable":true,"href":"https:\/\/d-identify.be\/de\/wp-json\/wp\/v2\/pa_connextion-shapes?post=55416"}],"curies":[{"name":"wp","href":"https:\/\/api.w.org\/{rel}","templated":true}]}}