{"id":55326,"date":"2025-05-02T15:13:47","date_gmt":"2025-05-02T13:13:47","guid":{"rendered":"https:\/\/d-identify.be\/?post_type=product&#038;p=55326"},"modified":"2026-03-16T09:53:40","modified_gmt":"2026-03-16T07:53:40","slug":"godex-ez6250i-300dpi-industrie-etikettendrucker","status":"publish","type":"product","link":"https:\/\/d-identify.be\/de\/produkt\/godex-ez6250i-300dpi-industrie-etikettendrucker\/","title":{"rendered":"Godex EZ6250i Industrieller Etikettendrucker (300 dpi, 6 Zoll \/ 168 mm)"},"content":{"rendered":"<h2>6 Zoll Industriedrucker f\u00fcr breite Etiketten<\/h2>\n<p>Der <strong>Godex EZ6250i 300 dpi Industrie Etikettendrucker<\/strong> druckt breite Etiketten f\u00fcr Paletten, Lager und Logistik. Ein stabiles Metallgeh\u00e4use und ein robuster Druckmechanismus sorgen f\u00fcr zuverl\u00e4ssigen Einsatz in industriellen Arbeitsumgebungen.<\/p>\n<p>Der Drucker bietet eine Aufl\u00f6sung von 300 dpi. Kleine Texte, Barcodes und Grafiken bleiben scharf und gut lesbar. Dadurch eignet sich das Ger\u00e4t ideal f\u00fcr detaillierte Industrieetiketten.<\/p>\n<h2>Industrie Barcode Drucker mit Farb-LCD-Display<\/h2>\n<p>Ein Farb-LCD-Display erleichtert die Einrichtung des Druckers. Anwender k\u00f6nnen Einstellungen \u00e4ndern und Druckauftr\u00e4ge direkt am Bedienfeld pr\u00fcfen.<\/p>\n<p>Das Ger\u00e4t unterst\u00fctzt USB, RS232 und Ethernet Anschl\u00fcsse. Ein integrierter USB Host erm\u00f6glicht au\u00dferdem Stand-alone-Druck und die Nutzung externer Speichermedien.<\/p>\n<h2>Entwickelt f\u00fcr hohe Druckvolumen<\/h2>\n<p>Der Drucker unterst\u00fctzt Farbb\u00e4nder bis zu 450 Meter sowie Etikettenrollen bis zu 8 Zoll (203 mm) Durchmesser mit 3 Zoll Kern (76 mm). Die gr\u00f6\u00dfere Medienkapazit\u00e4t reduziert den Wechsel von Etiketten und Farbb\u00e4ndern.<\/p>\n<p>Die automatische Medienkalibrierung beschleunigt die Einrichtung. Ein modularer Druckkopf erleichtert Wartung und reduziert Stillstandzeiten. Der <strong>Godex EZ6250i 300 dpi Industrie Etikettendrucker<\/strong> bietet daher eine zuverl\u00e4ssige L\u00f6sung f\u00fcr industrielle Etikettenproduktion.<\/p>\n<h2>Technische Dokumentation<\/h2>\n<p><u><a href=\"https:\/\/d-identify.be\/wp-content\/uploads\/2025\/03\/Brochure_Godex_EZ6250i_EN-2.pdf\" target=\"_blank\" rel=\"noopener\">Technisches Datenblatt herunterladen (PDF)<\/a><\/u><\/p>\n","protected":false},"excerpt":{"rendered":"<p><strong>Godex EZ6250i industrieller Etikettendrucker<\/strong> f\u00fcr breite Logistik- und Palettenetiketten. Thermotransferdrucker mit Farb-LCD-Display, USB Host und mehreren Anschlussm\u00f6glichkeiten.<\/p>\n<p><u><a href=\"https:\/\/d-identify.be\/wp-content\/uploads\/2025\/03\/Brochure_Godex_EZ6250i_EN-2.pdf\" target=\"_blank\" rel=\"noopener\">Technisches Datenblatt herunterladen (PDF)<\/a><\/u><\/p>\n<p><strong>Hauptfunktionen<\/strong><\/p>\n","protected":false},"featured_media":54296,"comment_status":"open","ping_status":"closed","template":"","meta":{"_acf_changed":false,"_et_pb_use_builder":"","_et_pb_old_content":"","_et_gb_content_width":""},"product_brand":[],"product_cat":[659],"product_tag":[],"pa_connextion-shapes":[],"class_list":{"0":"post-55326","1":"product","2":"type-product","3":"status-publish","4":"has-post-thumbnail","6":"product_cat-thermotransfer-industriedrucker","8":"first","9":"instock","10":"sale","11":"taxable","12":"shipping-taxable","13":"purchasable","14":"product-type-simple"},"exclude_global_add_ons":false,"addons":[{"name":"Rollschneider","type":"checkbox","position":0,"required":false,"title_format":"label","default":"","description_enable":false,"description":"","placeholder_enable":false,"placeholder":"","display":"select","restrictions_type":"any_text","adjust_price":false,"price":"","price_type":"flat_fee","restrictions":false,"min":"0","max":"0","options":[{"label":"GP-031-62P002-000:","price":"633","price_type":"flat_fee","image":0,"visibility":true}],"id":1743429459},{"name":"Hochleistungs-Abzieh- und Aufwickelmodul EZ6X50i","type":"checkbox","position":1,"required":false,"title_format":"label","default":"","description_enable":false,"description":"","placeholder_enable":false,"placeholder":"","display":"select","restrictions_type":"any_text","adjust_price":false,"price":"","price_type":"flat_fee","restrictions":false,"min":"0","max":"0","options":[{"label":"GP-031-62P002-000","price":"448","price_type":"flat_fee","image":0,"visibility":true}],"id":1743429460},{"name":"Onsite Installatie voor de Benelux regio.","type":"checkbox","position":0,"required":true,"title_format":"heading","default":"","description_enable":true,"description":"Laat Uw printer installeren en configureren onsite door een expert","placeholder_enable":false,"placeholder":"","display":"select","restrictions_type":"any_text","adjust_price":false,"price":"","price_type":"flat_fee","restrictions":false,"min":"0","max":"0","options":[{"label":"BENELUX ONSITE INSTALL","price":"100","price_type":"flat_fee","image":0,"visibility":true}],"id":1746798096}],"acf":[],"yoast_head":"<!-- This site is optimized with the Yoast SEO Premium plugin v27.0 (Yoast SEO v27.1) - https:\/\/yoast.com\/product\/yoast-seo-premium-wordpress\/ -->\n<title>Godex EZ6250i 300 dpi Industrie Etikettendrucker | D-Identify<\/title>\n<meta name=\"description\" content=\"Godex EZ6250i Industrie Etikettendrucker 300 dpi f\u00fcr breite Logistik- und Palettenetiketten. Thermotransferdrucker mit Farbdisplay und USB Host.\" \/>\n<meta name=\"robots\" content=\"index, follow, max-snippet:-1, max-image-preview:large, max-video-preview:-1\" \/>\n<link rel=\"canonical\" href=\"https:\/\/d-identify.be\/de\/produkt\/godex-ez6250i-300dpi-industrie-etikettendrucker\/\" \/>\n<meta property=\"og:locale\" content=\"de_DE\" \/>\n<meta property=\"og:type\" content=\"article\" \/>\n<meta property=\"og:title\" content=\"Godex EZ6250i Industrieller Etikettendrucker (300 dpi, 6 Zoll \/ 168 mm)\" \/>\n<meta property=\"og:description\" content=\"Godex EZ6250i Industrie Etikettendrucker 300 dpi f\u00fcr breite Logistik- und Palettenetiketten. Thermotransferdrucker mit Farbdisplay und USB Host.\" \/>\n<meta property=\"og:url\" content=\"https:\/\/d-identify.be\/de\/produkt\/godex-ez6250i-300dpi-industrie-etikettendrucker\/\" \/>\n<meta property=\"og:site_name\" content=\"d-identify\" \/>\n<meta property=\"article:modified_time\" content=\"2026-03-16T07:53:40+00:00\" \/>\n<meta property=\"og:image\" content=\"https:\/\/d-identify.be\/wp-content\/uploads\/2025\/03\/EZ6250i-Godex.png\" \/>\n\t<meta property=\"og:image:width\" content=\"600\" \/>\n\t<meta property=\"og:image:height\" content=\"600\" \/>\n\t<meta property=\"og:image:type\" content=\"image\/png\" \/>\n<meta name=\"twitter:card\" content=\"summary_large_image\" \/>\n<meta name=\"twitter:label1\" content=\"Gesch\u00e4tzte Lesezeit\" \/>\n\t<meta name=\"twitter:data1\" content=\"1\u00a0Minute\" \/>\n<script type=\"application\/ld+json\" class=\"yoast-schema-graph\">{\"@context\":\"https:\/\/schema.org\",\"@graph\":[{\"@type\":\"WebPage\",\"@id\":\"https:\/\/d-identify.be\/de\/produkt\/godex-ez6250i-300dpi-industrie-etikettendrucker\/\",\"url\":\"https:\/\/d-identify.be\/de\/produkt\/godex-ez6250i-300dpi-industrie-etikettendrucker\/\",\"name\":\"Godex EZ6250i 300 dpi Industrie Etikettendrucker | D-Identify\",\"isPartOf\":{\"@id\":\"https:\/\/d-identify.be\/de\/#website\"},\"primaryImageOfPage\":{\"@id\":\"https:\/\/d-identify.be\/de\/produkt\/godex-ez6250i-300dpi-industrie-etikettendrucker\/#primaryimage\"},\"image\":{\"@id\":\"https:\/\/d-identify.be\/de\/produkt\/godex-ez6250i-300dpi-industrie-etikettendrucker\/#primaryimage\"},\"thumbnailUrl\":\"https:\/\/d-identify.be\/wp-content\/uploads\/2025\/03\/EZ6250i-Godex.png\",\"datePublished\":\"2025-05-02T13:13:47+00:00\",\"dateModified\":\"2026-03-16T07:53:40+00:00\",\"description\":\"Godex EZ6250i Industrie Etikettendrucker 300 dpi f\u00fcr breite Logistik- und Palettenetiketten. Thermotransferdrucker mit Farbdisplay und USB Host.\",\"breadcrumb\":{\"@id\":\"https:\/\/d-identify.be\/de\/produkt\/godex-ez6250i-300dpi-industrie-etikettendrucker\/#breadcrumb\"},\"inLanguage\":\"de\",\"potentialAction\":[{\"@type\":\"ReadAction\",\"target\":[\"https:\/\/d-identify.be\/de\/produkt\/godex-ez6250i-300dpi-industrie-etikettendrucker\/\"]}]},{\"@type\":\"ImageObject\",\"inLanguage\":\"de\",\"@id\":\"https:\/\/d-identify.be\/de\/produkt\/godex-ez6250i-300dpi-industrie-etikettendrucker\/#primaryimage\",\"url\":\"https:\/\/d-identify.be\/wp-content\/uploads\/2025\/03\/EZ6250i-Godex.png\",\"contentUrl\":\"https:\/\/d-identify.be\/wp-content\/uploads\/2025\/03\/EZ6250i-Godex.png\",\"width\":600,\"height\":600,\"caption\":\"Godex EZ6250i 6 Zoll Etikettendrucker Industrie | D-Identify\"},{\"@type\":\"BreadcrumbList\",\"@id\":\"https:\/\/d-identify.be\/de\/produkt\/godex-ez6250i-300dpi-industrie-etikettendrucker\/#breadcrumb\",\"itemListElement\":[{\"@type\":\"ListItem\",\"position\":1,\"name\":\"Home\",\"item\":\"https:\/\/d-identify.be\/de\/home-2\/\"},{\"@type\":\"ListItem\",\"position\":2,\"name\":\"Shop\",\"item\":\"https:\/\/d-identify.be\/shop-2\/\"},{\"@type\":\"ListItem\",\"position\":3,\"name\":\"Godex EZ6250i Industrieller Etikettendrucker (300 dpi, 6 Zoll \/ 168 mm)\"}]},{\"@type\":\"WebSite\",\"@id\":\"https:\/\/d-identify.be\/de\/#website\",\"url\":\"https:\/\/d-identify.be\/de\/\",\"name\":\"d-identify\",\"description\":\"Industrial identification - Lockout - Tagout - Floor marking\",\"potentialAction\":[{\"@type\":\"SearchAction\",\"target\":{\"@type\":\"EntryPoint\",\"urlTemplate\":\"https:\/\/d-identify.be\/de\/?s={search_term_string}\"},\"query-input\":{\"@type\":\"PropertyValueSpecification\",\"valueRequired\":true,\"valueName\":\"search_term_string\"}}],\"inLanguage\":\"de\"}]}<\/script>\n<!-- \/ Yoast SEO Premium plugin. -->","yoast_head_json":{"title":"Godex EZ6250i 300 dpi Industrie Etikettendrucker | D-Identify","description":"Godex EZ6250i Industrie Etikettendrucker 300 dpi f\u00fcr breite Logistik- und Palettenetiketten. Thermotransferdrucker mit Farbdisplay und USB Host.","robots":{"index":"index","follow":"follow","max-snippet":"max-snippet:-1","max-image-preview":"max-image-preview:large","max-video-preview":"max-video-preview:-1"},"canonical":"https:\/\/d-identify.be\/de\/produkt\/godex-ez6250i-300dpi-industrie-etikettendrucker\/","og_locale":"de_DE","og_type":"article","og_title":"Godex EZ6250i Industrieller Etikettendrucker (300 dpi, 6 Zoll \/ 168 mm)","og_description":"Godex EZ6250i Industrie Etikettendrucker 300 dpi f\u00fcr breite Logistik- und Palettenetiketten. Thermotransferdrucker mit Farbdisplay und USB Host.","og_url":"https:\/\/d-identify.be\/de\/produkt\/godex-ez6250i-300dpi-industrie-etikettendrucker\/","og_site_name":"d-identify","article_modified_time":"2026-03-16T07:53:40+00:00","og_image":[{"width":600,"height":600,"url":"https:\/\/d-identify.be\/wp-content\/uploads\/2025\/03\/EZ6250i-Godex.png","type":"image\/png"}],"twitter_card":"summary_large_image","twitter_misc":{"Gesch\u00e4tzte Lesezeit":"1\u00a0Minute"},"schema":{"@context":"https:\/\/schema.org","@graph":[{"@type":"WebPage","@id":"https:\/\/d-identify.be\/de\/produkt\/godex-ez6250i-300dpi-industrie-etikettendrucker\/","url":"https:\/\/d-identify.be\/de\/produkt\/godex-ez6250i-300dpi-industrie-etikettendrucker\/","name":"Godex EZ6250i 300 dpi Industrie Etikettendrucker | D-Identify","isPartOf":{"@id":"https:\/\/d-identify.be\/de\/#website"},"primaryImageOfPage":{"@id":"https:\/\/d-identify.be\/de\/produkt\/godex-ez6250i-300dpi-industrie-etikettendrucker\/#primaryimage"},"image":{"@id":"https:\/\/d-identify.be\/de\/produkt\/godex-ez6250i-300dpi-industrie-etikettendrucker\/#primaryimage"},"thumbnailUrl":"https:\/\/d-identify.be\/wp-content\/uploads\/2025\/03\/EZ6250i-Godex.png","datePublished":"2025-05-02T13:13:47+00:00","dateModified":"2026-03-16T07:53:40+00:00","description":"Godex EZ6250i Industrie Etikettendrucker 300 dpi f\u00fcr breite Logistik- und Palettenetiketten. Thermotransferdrucker mit Farbdisplay und USB Host.","breadcrumb":{"@id":"https:\/\/d-identify.be\/de\/produkt\/godex-ez6250i-300dpi-industrie-etikettendrucker\/#breadcrumb"},"inLanguage":"de","potentialAction":[{"@type":"ReadAction","target":["https:\/\/d-identify.be\/de\/produkt\/godex-ez6250i-300dpi-industrie-etikettendrucker\/"]}]},{"@type":"ImageObject","inLanguage":"de","@id":"https:\/\/d-identify.be\/de\/produkt\/godex-ez6250i-300dpi-industrie-etikettendrucker\/#primaryimage","url":"https:\/\/d-identify.be\/wp-content\/uploads\/2025\/03\/EZ6250i-Godex.png","contentUrl":"https:\/\/d-identify.be\/wp-content\/uploads\/2025\/03\/EZ6250i-Godex.png","width":600,"height":600,"caption":"Godex EZ6250i 6 Zoll Etikettendrucker Industrie | D-Identify"},{"@type":"BreadcrumbList","@id":"https:\/\/d-identify.be\/de\/produkt\/godex-ez6250i-300dpi-industrie-etikettendrucker\/#breadcrumb","itemListElement":[{"@type":"ListItem","position":1,"name":"Home","item":"https:\/\/d-identify.be\/de\/home-2\/"},{"@type":"ListItem","position":2,"name":"Shop","item":"https:\/\/d-identify.be\/shop-2\/"},{"@type":"ListItem","position":3,"name":"Godex EZ6250i Industrieller Etikettendrucker (300 dpi, 6 Zoll \/ 168 mm)"}]},{"@type":"WebSite","@id":"https:\/\/d-identify.be\/de\/#website","url":"https:\/\/d-identify.be\/de\/","name":"d-identify","description":"Industrial identification - Lockout - Tagout - Floor marking","potentialAction":[{"@type":"SearchAction","target":{"@type":"EntryPoint","urlTemplate":"https:\/\/d-identify.be\/de\/?s={search_term_string}"},"query-input":{"@type":"PropertyValueSpecification","valueRequired":true,"valueName":"search_term_string"}}],"inLanguage":"de"}]}},"_links":{"self":[{"href":"https:\/\/d-identify.be\/de\/wp-json\/wp\/v2\/product\/55326","targetHints":{"allow":["GET"]}}],"collection":[{"href":"https:\/\/d-identify.be\/de\/wp-json\/wp\/v2\/product"}],"about":[{"href":"https:\/\/d-identify.be\/de\/wp-json\/wp\/v2\/types\/product"}],"replies":[{"embeddable":true,"href":"https:\/\/d-identify.be\/de\/wp-json\/wp\/v2\/comments?post=55326"}],"wp:featuredmedia":[{"embeddable":true,"href":"https:\/\/d-identify.be\/de\/wp-json\/wp\/v2\/media\/54296"}],"wp:attachment":[{"href":"https:\/\/d-identify.be\/de\/wp-json\/wp\/v2\/media?parent=55326"}],"wp:term":[{"taxonomy":"product_brand","embeddable":true,"href":"https:\/\/d-identify.be\/de\/wp-json\/wp\/v2\/product_brand?post=55326"},{"taxonomy":"product_cat","embeddable":true,"href":"https:\/\/d-identify.be\/de\/wp-json\/wp\/v2\/product_cat?post=55326"},{"taxonomy":"product_tag","embeddable":true,"href":"https:\/\/d-identify.be\/de\/wp-json\/wp\/v2\/product_tag?post=55326"},{"taxonomy":"pa_connextion-shapes","embeddable":true,"href":"https:\/\/d-identify.be\/de\/wp-json\/wp\/v2\/pa_connextion-shapes?post=55326"}],"curies":[{"name":"wp","href":"https:\/\/api.w.org\/{rel}","templated":true}]}}