{"id":55285,"date":"2025-05-02T12:27:09","date_gmt":"2025-05-02T10:27:09","guid":{"rendered":"https:\/\/d-identify.be\/?post_type=product&#038;p=55285"},"modified":"2026-03-16T10:56:12","modified_gmt":"2026-03-16T08:56:12","slug":"zebra-220xi4-216mm-203dpi-copy","status":"publish","type":"product","link":"https:\/\/d-identify.be\/de\/produkt\/zebra-220xi4-216mm-203dpi-copy\/","title":{"rendered":"Zebra 220Xi4 , 216mm ,300DPI"},"content":{"rendered":"<div class=\"clearfix text-formatted field field--name-field-description field--type-text-long field--label-hidden field__item\">Der Zebra 220Xi4 Etikettendrucker druckt Etiketten mit einer Breite von bis zu 224 mm und einer L\u00e4nge von 991 mm mit 254 mm pro Sekunde. Texte, Logos und Barcodes sind mit einer Aufl\u00f6sung von 8 Punkten\/mm (203 dpi) gut lesbar. W\u00e4hlen Sie die Version mit 12 Punkten\/mm (300 dpi), wenn Sie hochaufl\u00f6sende Grafiken oder kleine Schriftarten ben\u00f6tigen. Der gro\u00dfe Speicher (64 MB SDRAM, 16 MB Flash) garantiert schnellen und zuverl\u00e4ssigen Druck, selbst bei komplexesten Etiketten.   <\/div>\n<div><\/div>\n<div class=\"clearfix text-formatted field field--name-field-product-text field--type-text-long field--label-hidden field__item\">Der Zebra 220Xi4 Etikettendrucker verarbeitet gro\u00dfe Etikettenmengen (bis zu 203 mm Au\u00dfendurchmesser) und das robuste Stahlgeh\u00e4use garantiert unterbrechungsfreien Dauereinsatz auch in rauesten Umgebungen. Dank seiner hohen Leistung eignet sich der Xi4 ideal f\u00fcr breite Etikettenanwendungen wie Etiketten f\u00fcr Chemief\u00e4sser, Standardetiketten f\u00fcr Prim\u00e4rmetalle, Etiketten f\u00fcr die Automobilindustrie, Etiketten in Bannergr\u00f6\u00dfe sowie Etiketten f\u00fcr Paletten- und Containerversand. Das grafische LCD-Display erm\u00f6glicht eine besonders flexible Konfiguration. Die Integration in alle bestehenden Infrastrukturen, schnelle Verbindungen \u00fcber RS-232, Parallel, USB, Ethernet oder WLAN (optional) sowie Versionen mit automatischem Cutter, Spender oder Aufwickler machen ihn zum Allrounder f\u00fcr alle Etikettenanwendungen.  <\/div>\n","protected":false},"excerpt":{"rendered":"<p>Der 220Xi4 druckt Etiketten mit einer Breite von bis zu 224 mm und einer L\u00e4nge von 991 mm mit 254 mm pro Sekunde. Alle Texte, Logos und Barcodes sind mit einer Aufl\u00f6sung von 8 Punkten\/mm (203 dpi) gut lesbar. W\u00e4hlen Sie die Version mit 12 Punkten\/mm (300 dpi), wenn Sie Grafiken mit hoher Dichte oder kleine Schriftarten ben\u00f6tigen. <\/p>\n<ul>\n<li>Standardm\u00e4\u00dfige 2-Jahres-Garantie<\/li>\n<li>Schwere Fracht!<\/li>\n<\/ul>\n<p><strong>Hauptfunktionen<\/strong><\/p>\n","protected":false},"featured_media":54083,"comment_status":"open","ping_status":"closed","template":"","meta":{"_acf_changed":false,"_et_pb_use_builder":"","_et_pb_old_content":"","_et_gb_content_width":""},"product_brand":[],"product_cat":[659],"product_tag":[],"pa_connextion-shapes":[],"class_list":{"0":"post-55285","1":"product","2":"type-product","3":"status-publish","4":"has-post-thumbnail","6":"product_cat-thermotransfer-industriedrucker","8":"first","9":"instock","10":"sale","11":"taxable","12":"shipping-taxable","13":"purchasable","14":"product-type-simple"},"exclude_global_add_ons":[],"addons":[],"acf":[],"yoast_head":"<!-- This site is optimized with the Yoast SEO Premium plugin v27.0 (Yoast SEO v27.1) - https:\/\/yoast.com\/product\/yoast-seo-premium-wordpress\/ -->\n<title>Zebra 220Xi4 Etikettendrucker | Gro\u00dfformatige Etiketten<\/title>\n<meta name=\"description\" content=\"Der Zebra 220Xi4 Etikettendrucker druckt gro\u00dfe Etiketten mit einer Breite von bis zu 216 mm. Robust, schnell und zuverl\u00e4ssig f\u00fcr den industriellen Einsatz. Jetzt bestellen!\" \/>\n<meta name=\"robots\" content=\"index, follow, max-snippet:-1, max-image-preview:large, max-video-preview:-1\" \/>\n<link rel=\"canonical\" href=\"https:\/\/d-identify.be\/de\/produkt\/zebra-220xi4-216mm-203dpi-copy\/\" \/>\n<meta property=\"og:locale\" content=\"de_DE\" \/>\n<meta property=\"og:type\" content=\"article\" \/>\n<meta property=\"og:title\" content=\"Zebra 220Xi4 , 216mm ,300DPI\" \/>\n<meta property=\"og:description\" content=\"Der Zebra 220Xi4 Etikettendrucker druckt gro\u00dfe Etiketten mit einer Breite von bis zu 216 mm. Robust, schnell und zuverl\u00e4ssig f\u00fcr den industriellen Einsatz. Jetzt bestellen!\" \/>\n<meta property=\"og:url\" content=\"https:\/\/d-identify.be\/de\/produkt\/zebra-220xi4-216mm-203dpi-copy\/\" \/>\n<meta property=\"og:site_name\" content=\"d-identify\" \/>\n<meta property=\"article:modified_time\" content=\"2026-03-16T08:56:12+00:00\" \/>\n<meta property=\"og:image\" content=\"https:\/\/d-identify.be\/wp-content\/uploads\/2025\/03\/220xi4-front-left-media-3x2-3600-scaled.jpg\" \/>\n\t<meta property=\"og:image:width\" content=\"2560\" \/>\n\t<meta property=\"og:image:height\" content=\"1707\" \/>\n\t<meta property=\"og:image:type\" content=\"image\/jpeg\" \/>\n<meta name=\"twitter:card\" content=\"summary_large_image\" \/>\n<meta name=\"twitter:label1\" content=\"Gesch\u00e4tzte Lesezeit\" \/>\n\t<meta name=\"twitter:data1\" content=\"1\u00a0Minute\" \/>\n<script type=\"application\/ld+json\" class=\"yoast-schema-graph\">{\"@context\":\"https:\/\/schema.org\",\"@graph\":[{\"@type\":\"WebPage\",\"@id\":\"https:\/\/d-identify.be\/de\/produkt\/zebra-220xi4-216mm-203dpi-copy\/\",\"url\":\"https:\/\/d-identify.be\/de\/produkt\/zebra-220xi4-216mm-203dpi-copy\/\",\"name\":\"Zebra 220Xi4 Etikettendrucker | Gro\u00dfformatige Etiketten\",\"isPartOf\":{\"@id\":\"https:\/\/d-identify.be\/de\/#website\"},\"primaryImageOfPage\":{\"@id\":\"https:\/\/d-identify.be\/de\/produkt\/zebra-220xi4-216mm-203dpi-copy\/#primaryimage\"},\"image\":{\"@id\":\"https:\/\/d-identify.be\/de\/produkt\/zebra-220xi4-216mm-203dpi-copy\/#primaryimage\"},\"thumbnailUrl\":\"https:\/\/d-identify.be\/wp-content\/uploads\/2025\/03\/220xi4-front-left-media-3x2-3600-scaled.jpg\",\"datePublished\":\"2025-05-02T10:27:09+00:00\",\"dateModified\":\"2026-03-16T08:56:12+00:00\",\"description\":\"Der Zebra 220Xi4 Etikettendrucker druckt gro\u00dfe Etiketten mit einer Breite von bis zu 216 mm. Robust, schnell und zuverl\u00e4ssig f\u00fcr den industriellen Einsatz. Jetzt bestellen!\",\"breadcrumb\":{\"@id\":\"https:\/\/d-identify.be\/de\/produkt\/zebra-220xi4-216mm-203dpi-copy\/#breadcrumb\"},\"inLanguage\":\"de\",\"potentialAction\":[{\"@type\":\"ReadAction\",\"target\":[\"https:\/\/d-identify.be\/de\/produkt\/zebra-220xi4-216mm-203dpi-copy\/\"]}]},{\"@type\":\"ImageObject\",\"inLanguage\":\"de\",\"@id\":\"https:\/\/d-identify.be\/de\/produkt\/zebra-220xi4-216mm-203dpi-copy\/#primaryimage\",\"url\":\"https:\/\/d-identify.be\/wp-content\/uploads\/2025\/03\/220xi4-front-left-media-3x2-3600-scaled.jpg\",\"contentUrl\":\"https:\/\/d-identify.be\/wp-content\/uploads\/2025\/03\/220xi4-front-left-media-3x2-3600-scaled.jpg\",\"width\":2560,\"height\":1707,\"caption\":\"Zebra 220Xi4 300 dpi Industrie Etikettendrucker | D-Identify\"},{\"@type\":\"BreadcrumbList\",\"@id\":\"https:\/\/d-identify.be\/de\/produkt\/zebra-220xi4-216mm-203dpi-copy\/#breadcrumb\",\"itemListElement\":[{\"@type\":\"ListItem\",\"position\":1,\"name\":\"Home\",\"item\":\"https:\/\/d-identify.be\/de\/home-2\/\"},{\"@type\":\"ListItem\",\"position\":2,\"name\":\"Shop\",\"item\":\"https:\/\/d-identify.be\/shop-2\/\"},{\"@type\":\"ListItem\",\"position\":3,\"name\":\"Zebra 220Xi4 , 216mm ,300DPI\"}]},{\"@type\":\"WebSite\",\"@id\":\"https:\/\/d-identify.be\/de\/#website\",\"url\":\"https:\/\/d-identify.be\/de\/\",\"name\":\"d-identify\",\"description\":\"Industrial identification - Lockout - Tagout - Floor marking\",\"potentialAction\":[{\"@type\":\"SearchAction\",\"target\":{\"@type\":\"EntryPoint\",\"urlTemplate\":\"https:\/\/d-identify.be\/de\/?s={search_term_string}\"},\"query-input\":{\"@type\":\"PropertyValueSpecification\",\"valueRequired\":true,\"valueName\":\"search_term_string\"}}],\"inLanguage\":\"de\"}]}<\/script>\n<!-- \/ Yoast SEO Premium plugin. -->","yoast_head_json":{"title":"Zebra 220Xi4 Etikettendrucker | Gro\u00dfformatige Etiketten","description":"Der Zebra 220Xi4 Etikettendrucker druckt gro\u00dfe Etiketten mit einer Breite von bis zu 216 mm. Robust, schnell und zuverl\u00e4ssig f\u00fcr den industriellen Einsatz. Jetzt bestellen!","robots":{"index":"index","follow":"follow","max-snippet":"max-snippet:-1","max-image-preview":"max-image-preview:large","max-video-preview":"max-video-preview:-1"},"canonical":"https:\/\/d-identify.be\/de\/produkt\/zebra-220xi4-216mm-203dpi-copy\/","og_locale":"de_DE","og_type":"article","og_title":"Zebra 220Xi4 , 216mm ,300DPI","og_description":"Der Zebra 220Xi4 Etikettendrucker druckt gro\u00dfe Etiketten mit einer Breite von bis zu 216 mm. Robust, schnell und zuverl\u00e4ssig f\u00fcr den industriellen Einsatz. Jetzt bestellen!","og_url":"https:\/\/d-identify.be\/de\/produkt\/zebra-220xi4-216mm-203dpi-copy\/","og_site_name":"d-identify","article_modified_time":"2026-03-16T08:56:12+00:00","og_image":[{"width":2560,"height":1707,"url":"https:\/\/d-identify.be\/wp-content\/uploads\/2025\/03\/220xi4-front-left-media-3x2-3600-scaled.jpg","type":"image\/jpeg"}],"twitter_card":"summary_large_image","twitter_misc":{"Gesch\u00e4tzte Lesezeit":"1\u00a0Minute"},"schema":{"@context":"https:\/\/schema.org","@graph":[{"@type":"WebPage","@id":"https:\/\/d-identify.be\/de\/produkt\/zebra-220xi4-216mm-203dpi-copy\/","url":"https:\/\/d-identify.be\/de\/produkt\/zebra-220xi4-216mm-203dpi-copy\/","name":"Zebra 220Xi4 Etikettendrucker | Gro\u00dfformatige Etiketten","isPartOf":{"@id":"https:\/\/d-identify.be\/de\/#website"},"primaryImageOfPage":{"@id":"https:\/\/d-identify.be\/de\/produkt\/zebra-220xi4-216mm-203dpi-copy\/#primaryimage"},"image":{"@id":"https:\/\/d-identify.be\/de\/produkt\/zebra-220xi4-216mm-203dpi-copy\/#primaryimage"},"thumbnailUrl":"https:\/\/d-identify.be\/wp-content\/uploads\/2025\/03\/220xi4-front-left-media-3x2-3600-scaled.jpg","datePublished":"2025-05-02T10:27:09+00:00","dateModified":"2026-03-16T08:56:12+00:00","description":"Der Zebra 220Xi4 Etikettendrucker druckt gro\u00dfe Etiketten mit einer Breite von bis zu 216 mm. Robust, schnell und zuverl\u00e4ssig f\u00fcr den industriellen Einsatz. Jetzt bestellen!","breadcrumb":{"@id":"https:\/\/d-identify.be\/de\/produkt\/zebra-220xi4-216mm-203dpi-copy\/#breadcrumb"},"inLanguage":"de","potentialAction":[{"@type":"ReadAction","target":["https:\/\/d-identify.be\/de\/produkt\/zebra-220xi4-216mm-203dpi-copy\/"]}]},{"@type":"ImageObject","inLanguage":"de","@id":"https:\/\/d-identify.be\/de\/produkt\/zebra-220xi4-216mm-203dpi-copy\/#primaryimage","url":"https:\/\/d-identify.be\/wp-content\/uploads\/2025\/03\/220xi4-front-left-media-3x2-3600-scaled.jpg","contentUrl":"https:\/\/d-identify.be\/wp-content\/uploads\/2025\/03\/220xi4-front-left-media-3x2-3600-scaled.jpg","width":2560,"height":1707,"caption":"Zebra 220Xi4 300 dpi Industrie Etikettendrucker | D-Identify"},{"@type":"BreadcrumbList","@id":"https:\/\/d-identify.be\/de\/produkt\/zebra-220xi4-216mm-203dpi-copy\/#breadcrumb","itemListElement":[{"@type":"ListItem","position":1,"name":"Home","item":"https:\/\/d-identify.be\/de\/home-2\/"},{"@type":"ListItem","position":2,"name":"Shop","item":"https:\/\/d-identify.be\/shop-2\/"},{"@type":"ListItem","position":3,"name":"Zebra 220Xi4 , 216mm ,300DPI"}]},{"@type":"WebSite","@id":"https:\/\/d-identify.be\/de\/#website","url":"https:\/\/d-identify.be\/de\/","name":"d-identify","description":"Industrial identification - Lockout - Tagout - Floor marking","potentialAction":[{"@type":"SearchAction","target":{"@type":"EntryPoint","urlTemplate":"https:\/\/d-identify.be\/de\/?s={search_term_string}"},"query-input":{"@type":"PropertyValueSpecification","valueRequired":true,"valueName":"search_term_string"}}],"inLanguage":"de"}]}},"_links":{"self":[{"href":"https:\/\/d-identify.be\/de\/wp-json\/wp\/v2\/product\/55285","targetHints":{"allow":["GET"]}}],"collection":[{"href":"https:\/\/d-identify.be\/de\/wp-json\/wp\/v2\/product"}],"about":[{"href":"https:\/\/d-identify.be\/de\/wp-json\/wp\/v2\/types\/product"}],"replies":[{"embeddable":true,"href":"https:\/\/d-identify.be\/de\/wp-json\/wp\/v2\/comments?post=55285"}],"wp:featuredmedia":[{"embeddable":true,"href":"https:\/\/d-identify.be\/de\/wp-json\/wp\/v2\/media\/54083"}],"wp:attachment":[{"href":"https:\/\/d-identify.be\/de\/wp-json\/wp\/v2\/media?parent=55285"}],"wp:term":[{"taxonomy":"product_brand","embeddable":true,"href":"https:\/\/d-identify.be\/de\/wp-json\/wp\/v2\/product_brand?post=55285"},{"taxonomy":"product_cat","embeddable":true,"href":"https:\/\/d-identify.be\/de\/wp-json\/wp\/v2\/product_cat?post=55285"},{"taxonomy":"product_tag","embeddable":true,"href":"https:\/\/d-identify.be\/de\/wp-json\/wp\/v2\/product_tag?post=55285"},{"taxonomy":"pa_connextion-shapes","embeddable":true,"href":"https:\/\/d-identify.be\/de\/wp-json\/wp\/v2\/pa_connextion-shapes?post=55285"}],"curies":[{"name":"wp","href":"https:\/\/api.w.org\/{rel}","templated":true}]}}