{"id":55055,"date":"2025-04-09T11:20:00","date_gmt":"2025-04-09T09:20:00","guid":{"rendered":"https:\/\/d-identify.be\/?post_type=product&#038;p=55055"},"modified":"2026-03-11T19:44:11","modified_gmt":"2026-03-11T17:44:11","slug":"tsc-tc310-300dpi-thermotransfer-etikettendrucker","status":"publish","type":"product","link":"https:\/\/d-identify.be\/de\/produkt\/tsc-tc310-300dpi-thermotransfer-etikettendrucker\/","title":{"rendered":"TSC TC310 Thermotransfer Etikettendrucker mit Display (300 dpi, USB, RS232, Ethernet)"},"content":{"rendered":"<h2>Thermotransferdruck in hoher Aufl\u00f6sung f\u00fcr Produktkennzeichnung<\/h2>\n<p>Der TSC TC310 Etikettendrucker bietet zuverl\u00e4ssigen Thermotransferdruck f\u00fcr Produktkennzeichnung, Logistiketiketten und Lageranwendungen. Dank seines kompakten Desktopdesigns l\u00e4sst sich der Drucker problemlos in Verpackungsstationen, Produktionsbereiche und Retail-Arbeitspl\u00e4tze integrieren.<\/p>\n<p>Eine Aufl\u00f6sung von 300 dpi erzeugt scharfe Barcodes, klar lesbaren Text und detaillierte Grafiken. Gleichzeitig erm\u00f6glicht die Thermotransfertechnologie langlebige Etiketten, die gegen Abrieb und industrielle Einfl\u00fcsse best\u00e4ndig sind.<\/p>\n<h2>Thermotransfer Barcode Drucker mit Display und Funktionstasten<\/h2>\n<p>Dieser TC310 Thermotransfer Barcode Drucker verf\u00fcgt \u00fcber ein integriertes Display sowie eine Tastatur mit sechs Funktionstasten. Bediener k\u00f6nnen damit den Druckerstatus \u00fcberwachen und Einstellungen direkt am Ger\u00e4t anpassen.<\/p>\n<p>Der Drucker unterst\u00fctzt USB, RS232 und Ethernet Konnektivit\u00e4t. Dadurch l\u00e4sst sich das Ger\u00e4t problemlos in Logistiksysteme, POS-Umgebungen und industrielle Netzwerke integrieren.<\/p>\n<p>Etikettenlayouts und Barcodeformate k\u00f6nnen mit professioneller <a href=\"https:\/\/d-identify.be\/de\/golabel-etikettendesign-software\/\">Etikettendesign-Software<\/a> erstellt werden. Unternehmen k\u00f6nnen anschlie\u00dfend Produktetiketten, Versandetiketten und Lageretiketten direkt aus ihren Systemen drucken.<\/p>\n<h2>Zuverl\u00e4ssige Desktop-Druckleistung<\/h2>\n<p>Der Drucker unterst\u00fctzt Medienbreiten bis 112 mm bei einer maximalen Druckbreite von 106 mm. Gleichzeitig erm\u00f6glichen Druckgeschwindigkeiten von bis zu 102 mm pro Sekunde eine stabile und effiziente Etikettenproduktion.<\/p>\n<p>Der TSC TC310 Etikettendrucker wird mit USB-Kabel, Netzteil, Netzkabel und Etikettendrucksoftware geliefert. Zus\u00e4tzlich unterst\u00fctzt die integrierte Echtzeituhr Anwendungen, bei denen Datum- oder Zeitinformationen auf Etiketten gedruckt werden m\u00fcssen.<\/p>\n<h2>Lieferumfang<\/h2>\n<ul>\n<li>TSC TC310 Thermotransfer Etikettendrucker<\/li>\n<li>USB-Kabel<\/li>\n<li>Netzteil<\/li>\n<li>Netzkabel<\/li>\n<li>Etikettendrucksoftware<\/li>\n<\/ul>\n<h2>Technische Dokumentation<\/h2>\n<p><u><a href=\"https:\/\/d-identify.be\/wp-content\/uploads\/2025\/03\/tc_series_navy_datasheet_en_20201006.pdf\" target=\"_blank\" rel=\"noopener\">Technisches Datenblatt herunterladen (PDF)<\/a><\/u><\/p>\n","protected":false},"excerpt":{"rendered":"<p><strong>TSC TC310 Etikettendrucker<\/strong> Thermotransfer Desktopdrucker mit 300 dpi Aufl\u00f6sung, Display, USB, RS232 und Ethernet Konnektivit\u00e4t.<\/p>\n<p><u><a href=\"https:\/\/d-identify.be\/wp-content\/uploads\/2025\/03\/tc_series_navy_datasheet_en_20201006.pdf\" target=\"_blank\" rel=\"noopener\">Technisches Datenblatt herunterladen (PDF)<\/a><\/u><\/p>\n<p><strong>Hauptfunktionen<\/strong><\/p>\n","protected":false},"featured_media":55061,"comment_status":"open","ping_status":"closed","template":"","meta":{"_acf_changed":false,"_et_pb_use_builder":"","_et_pb_old_content":"","_et_gb_content_width":""},"product_brand":[1243],"product_cat":[596,599],"product_tag":[],"pa_connextion-shapes":[],"class_list":{"0":"post-55055","1":"product","2":"type-product","3":"status-publish","4":"has-post-thumbnail","6":"product_brand-tsc","7":"product_cat-industriedrucker","8":"product_cat-desktop-etikettendrucker","10":"first","11":"instock","12":"sale","13":"taxable","14":"shipping-taxable","15":"purchasable","16":"product-type-simple"},"exclude_global_add_ons":false,"addons":[{"name":"TSC-Cuttermodul: TC200-Serie","type":"checkbox","position":0,"required":false,"title_format":"label","default":"","description_enable":true,"description":"","placeholder_enable":false,"placeholder":"","display":"select","restrictions_type":"any_text","adjust_price":false,"price":"","price_type":"flat_fee","restrictions":false,"min":"0","max":"0","options":[{"label":"CUT-TC200-0001","price":"195","price_type":"flat_fee","image":0,"visibility":true}],"id":1742824491},{"name":"TSC-Teilschneidermodul: TC200-Serie","type":"checkbox","position":1,"required":false,"title_format":"label","default":"","description_enable":false,"description":"","placeholder_enable":false,"placeholder":"","display":"select","restrictions_type":"any_text","adjust_price":false,"price":"","price_type":"flat_fee","restrictions":false,"min":"0","max":"0","options":[{"label":"CUT-TC200-0003","price":"195","price_type":"flat_fee","image":0,"visibility":true}],"id":1742830483}],"acf":[],"yoast_head":"<!-- This site is optimized with the Yoast SEO Premium plugin v27.0 (Yoast SEO v27.1) - https:\/\/yoast.com\/product\/yoast-seo-premium-wordpress\/ -->\n<title>TSC TC310 Etikettendrucker | D-Identify<\/title>\n<meta name=\"description\" content=\"TSC TC310 Etikettendrucker mit 300 dpi Thermotransferdruck. Desktop Barcode Drucker mit Display, USB, RS232 und Ethernet.\" \/>\n<meta name=\"robots\" content=\"index, follow, max-snippet:-1, max-image-preview:large, max-video-preview:-1\" \/>\n<link rel=\"canonical\" href=\"https:\/\/d-identify.be\/de\/produkt\/tsc-tc310-300dpi-thermotransfer-etikettendrucker\/\" \/>\n<meta property=\"og:locale\" content=\"de_DE\" \/>\n<meta property=\"og:type\" content=\"article\" \/>\n<meta property=\"og:title\" content=\"TSC TC310 Thermotransfer Etikettendrucker mit Display (300 dpi, USB, RS232, Ethernet)\" \/>\n<meta property=\"og:description\" content=\"TSC TC310 Etikettendrucker mit 300 dpi Thermotransferdruck. Desktop Barcode Drucker mit Display, USB, RS232 und Ethernet.\" \/>\n<meta property=\"og:url\" content=\"https:\/\/d-identify.be\/de\/produkt\/tsc-tc310-300dpi-thermotransfer-etikettendrucker\/\" \/>\n<meta property=\"og:site_name\" content=\"d-identify\" \/>\n<meta property=\"article:modified_time\" content=\"2026-03-11T17:44:11+00:00\" \/>\n<meta property=\"og:image\" content=\"https:\/\/d-identify.be\/wp-content\/uploads\/2025\/04\/tc-210.png\" \/>\n\t<meta property=\"og:image:width\" content=\"500\" \/>\n\t<meta property=\"og:image:height\" content=\"500\" \/>\n\t<meta property=\"og:image:type\" content=\"image\/png\" \/>\n<meta name=\"twitter:card\" content=\"summary_large_image\" \/>\n<meta name=\"twitter:label1\" content=\"Gesch\u00e4tzte Lesezeit\" \/>\n\t<meta name=\"twitter:data1\" content=\"2\u00a0Minuten\" \/>\n<script type=\"application\/ld+json\" class=\"yoast-schema-graph\">{\"@context\":\"https:\/\/schema.org\",\"@graph\":[{\"@type\":\"WebPage\",\"@id\":\"https:\/\/d-identify.be\/de\/produkt\/tsc-tc310-300dpi-thermotransfer-etikettendrucker\/\",\"url\":\"https:\/\/d-identify.be\/de\/produkt\/tsc-tc310-300dpi-thermotransfer-etikettendrucker\/\",\"name\":\"TSC TC310 Etikettendrucker | D-Identify\",\"isPartOf\":{\"@id\":\"https:\/\/d-identify.be\/de\/#website\"},\"primaryImageOfPage\":{\"@id\":\"https:\/\/d-identify.be\/de\/produkt\/tsc-tc310-300dpi-thermotransfer-etikettendrucker\/#primaryimage\"},\"image\":{\"@id\":\"https:\/\/d-identify.be\/de\/produkt\/tsc-tc310-300dpi-thermotransfer-etikettendrucker\/#primaryimage\"},\"thumbnailUrl\":\"https:\/\/d-identify.be\/wp-content\/uploads\/2025\/04\/tc-210.png\",\"datePublished\":\"2025-04-09T09:20:00+00:00\",\"dateModified\":\"2026-03-11T17:44:11+00:00\",\"description\":\"TSC TC310 Etikettendrucker mit 300 dpi Thermotransferdruck. Desktop Barcode Drucker mit Display, USB, RS232 und Ethernet.\",\"breadcrumb\":{\"@id\":\"https:\/\/d-identify.be\/de\/produkt\/tsc-tc310-300dpi-thermotransfer-etikettendrucker\/#breadcrumb\"},\"inLanguage\":\"de\",\"potentialAction\":[{\"@type\":\"ReadAction\",\"target\":[\"https:\/\/d-identify.be\/de\/produkt\/tsc-tc310-300dpi-thermotransfer-etikettendrucker\/\"]}]},{\"@type\":\"ImageObject\",\"inLanguage\":\"de\",\"@id\":\"https:\/\/d-identify.be\/de\/produkt\/tsc-tc310-300dpi-thermotransfer-etikettendrucker\/#primaryimage\",\"url\":\"https:\/\/d-identify.be\/wp-content\/uploads\/2025\/04\/tc-210.png\",\"contentUrl\":\"https:\/\/d-identify.be\/wp-content\/uploads\/2025\/04\/tc-210.png\",\"width\":500,\"height\":500,\"caption\":\"TSC TC310 Etikettendrucker | D-Identify\"},{\"@type\":\"BreadcrumbList\",\"@id\":\"https:\/\/d-identify.be\/de\/produkt\/tsc-tc310-300dpi-thermotransfer-etikettendrucker\/#breadcrumb\",\"itemListElement\":[{\"@type\":\"ListItem\",\"position\":1,\"name\":\"Home\",\"item\":\"https:\/\/d-identify.be\/de\/home-2\/\"},{\"@type\":\"ListItem\",\"position\":2,\"name\":\"Shop\",\"item\":\"https:\/\/d-identify.be\/shop-2\/\"},{\"@type\":\"ListItem\",\"position\":3,\"name\":\"TSC TC310 Thermotransfer Etikettendrucker mit Display (300 dpi, USB, RS232, Ethernet)\"}]},{\"@type\":\"WebSite\",\"@id\":\"https:\/\/d-identify.be\/de\/#website\",\"url\":\"https:\/\/d-identify.be\/de\/\",\"name\":\"d-identify\",\"description\":\"Industrial identification - Lockout - Tagout - Floor marking\",\"potentialAction\":[{\"@type\":\"SearchAction\",\"target\":{\"@type\":\"EntryPoint\",\"urlTemplate\":\"https:\/\/d-identify.be\/de\/?s={search_term_string}\"},\"query-input\":{\"@type\":\"PropertyValueSpecification\",\"valueRequired\":true,\"valueName\":\"search_term_string\"}}],\"inLanguage\":\"de\"}]}<\/script>\n<!-- \/ Yoast SEO Premium plugin. -->","yoast_head_json":{"title":"TSC TC310 Etikettendrucker | D-Identify","description":"TSC TC310 Etikettendrucker mit 300 dpi Thermotransferdruck. Desktop Barcode Drucker mit Display, USB, RS232 und Ethernet.","robots":{"index":"index","follow":"follow","max-snippet":"max-snippet:-1","max-image-preview":"max-image-preview:large","max-video-preview":"max-video-preview:-1"},"canonical":"https:\/\/d-identify.be\/de\/produkt\/tsc-tc310-300dpi-thermotransfer-etikettendrucker\/","og_locale":"de_DE","og_type":"article","og_title":"TSC TC310 Thermotransfer Etikettendrucker mit Display (300 dpi, USB, RS232, Ethernet)","og_description":"TSC TC310 Etikettendrucker mit 300 dpi Thermotransferdruck. Desktop Barcode Drucker mit Display, USB, RS232 und Ethernet.","og_url":"https:\/\/d-identify.be\/de\/produkt\/tsc-tc310-300dpi-thermotransfer-etikettendrucker\/","og_site_name":"d-identify","article_modified_time":"2026-03-11T17:44:11+00:00","og_image":[{"width":500,"height":500,"url":"https:\/\/d-identify.be\/wp-content\/uploads\/2025\/04\/tc-210.png","type":"image\/png"}],"twitter_card":"summary_large_image","twitter_misc":{"Gesch\u00e4tzte Lesezeit":"2\u00a0Minuten"},"schema":{"@context":"https:\/\/schema.org","@graph":[{"@type":"WebPage","@id":"https:\/\/d-identify.be\/de\/produkt\/tsc-tc310-300dpi-thermotransfer-etikettendrucker\/","url":"https:\/\/d-identify.be\/de\/produkt\/tsc-tc310-300dpi-thermotransfer-etikettendrucker\/","name":"TSC TC310 Etikettendrucker | D-Identify","isPartOf":{"@id":"https:\/\/d-identify.be\/de\/#website"},"primaryImageOfPage":{"@id":"https:\/\/d-identify.be\/de\/produkt\/tsc-tc310-300dpi-thermotransfer-etikettendrucker\/#primaryimage"},"image":{"@id":"https:\/\/d-identify.be\/de\/produkt\/tsc-tc310-300dpi-thermotransfer-etikettendrucker\/#primaryimage"},"thumbnailUrl":"https:\/\/d-identify.be\/wp-content\/uploads\/2025\/04\/tc-210.png","datePublished":"2025-04-09T09:20:00+00:00","dateModified":"2026-03-11T17:44:11+00:00","description":"TSC TC310 Etikettendrucker mit 300 dpi Thermotransferdruck. Desktop Barcode Drucker mit Display, USB, RS232 und Ethernet.","breadcrumb":{"@id":"https:\/\/d-identify.be\/de\/produkt\/tsc-tc310-300dpi-thermotransfer-etikettendrucker\/#breadcrumb"},"inLanguage":"de","potentialAction":[{"@type":"ReadAction","target":["https:\/\/d-identify.be\/de\/produkt\/tsc-tc310-300dpi-thermotransfer-etikettendrucker\/"]}]},{"@type":"ImageObject","inLanguage":"de","@id":"https:\/\/d-identify.be\/de\/produkt\/tsc-tc310-300dpi-thermotransfer-etikettendrucker\/#primaryimage","url":"https:\/\/d-identify.be\/wp-content\/uploads\/2025\/04\/tc-210.png","contentUrl":"https:\/\/d-identify.be\/wp-content\/uploads\/2025\/04\/tc-210.png","width":500,"height":500,"caption":"TSC TC310 Etikettendrucker | D-Identify"},{"@type":"BreadcrumbList","@id":"https:\/\/d-identify.be\/de\/produkt\/tsc-tc310-300dpi-thermotransfer-etikettendrucker\/#breadcrumb","itemListElement":[{"@type":"ListItem","position":1,"name":"Home","item":"https:\/\/d-identify.be\/de\/home-2\/"},{"@type":"ListItem","position":2,"name":"Shop","item":"https:\/\/d-identify.be\/shop-2\/"},{"@type":"ListItem","position":3,"name":"TSC TC310 Thermotransfer Etikettendrucker mit Display (300 dpi, USB, RS232, Ethernet)"}]},{"@type":"WebSite","@id":"https:\/\/d-identify.be\/de\/#website","url":"https:\/\/d-identify.be\/de\/","name":"d-identify","description":"Industrial identification - Lockout - Tagout - Floor marking","potentialAction":[{"@type":"SearchAction","target":{"@type":"EntryPoint","urlTemplate":"https:\/\/d-identify.be\/de\/?s={search_term_string}"},"query-input":{"@type":"PropertyValueSpecification","valueRequired":true,"valueName":"search_term_string"}}],"inLanguage":"de"}]}},"_links":{"self":[{"href":"https:\/\/d-identify.be\/de\/wp-json\/wp\/v2\/product\/55055","targetHints":{"allow":["GET"]}}],"collection":[{"href":"https:\/\/d-identify.be\/de\/wp-json\/wp\/v2\/product"}],"about":[{"href":"https:\/\/d-identify.be\/de\/wp-json\/wp\/v2\/types\/product"}],"replies":[{"embeddable":true,"href":"https:\/\/d-identify.be\/de\/wp-json\/wp\/v2\/comments?post=55055"}],"wp:featuredmedia":[{"embeddable":true,"href":"https:\/\/d-identify.be\/de\/wp-json\/wp\/v2\/media\/55061"}],"wp:attachment":[{"href":"https:\/\/d-identify.be\/de\/wp-json\/wp\/v2\/media?parent=55055"}],"wp:term":[{"taxonomy":"product_brand","embeddable":true,"href":"https:\/\/d-identify.be\/de\/wp-json\/wp\/v2\/product_brand?post=55055"},{"taxonomy":"product_cat","embeddable":true,"href":"https:\/\/d-identify.be\/de\/wp-json\/wp\/v2\/product_cat?post=55055"},{"taxonomy":"product_tag","embeddable":true,"href":"https:\/\/d-identify.be\/de\/wp-json\/wp\/v2\/product_tag?post=55055"},{"taxonomy":"pa_connextion-shapes","embeddable":true,"href":"https:\/\/d-identify.be\/de\/wp-json\/wp\/v2\/pa_connextion-shapes?post=55055"}],"curies":[{"name":"wp","href":"https:\/\/api.w.org\/{rel}","templated":true}]}}