{"id":55051,"date":"2025-04-09T11:19:21","date_gmt":"2025-04-09T09:19:21","guid":{"rendered":"https:\/\/d-identify.be\/?post_type=product&#038;p=55051"},"modified":"2026-03-12T09:12:34","modified_gmt":"2026-03-12T07:12:34","slug":"tsc-tc300-thermotransfer-etikettendrucker-300dpi","status":"publish","type":"product","link":"https:\/\/d-identify.be\/de\/produkt\/tsc-tc300-thermotransfer-etikettendrucker-300dpi\/","title":{"rendered":"TSC TC300 Thermotransfer Etikettendrucker (300 dpi, USB, RS232, Parallel, Ethernet)"},"content":{"rendered":"<h2>Hochaufl\u00f6sender Thermotransferdruck f\u00fcr pr\u00e4zise Etiketten<\/h2>\n<p>Der <strong>TSC TC300 Etikettendrucker<\/strong> liefert zuverl\u00e4ssigen Etikettendruck f\u00fcr Produktkennzeichnung, Logistik und Lagerverwaltung. Das kompakte Desktop-Design passt problemlos auf Arbeitspl\u00e4tze, Verpackungsstationen oder Produktionslinien.<\/p>\n<p>Eine Aufl\u00f6sung von 300 dpi sorgt f\u00fcr scharfe Barcodes, klare Texte und pr\u00e4zise Grafiken. Die Thermotransfertechnologie erm\u00f6glicht au\u00dferdem langlebige Etiketten, die gegen Abrieb, Feuchtigkeit und industrielle Umgebungen best\u00e4ndig sind.<\/p>\n<h2>Flexible Schnittstellen f\u00fcr Logistik- und IT-Systeme<\/h2>\n<p>Der TC300 Thermotransfer Barcode Drucker unterst\u00fctzt mehrere Schnittstellen wie USB, RS232, Parallel und Ethernet. Dadurch l\u00e4sst sich der Drucker einfach in bestehende ERP-Systeme, Lagerverwaltungssysteme oder industrielle Netzwerke integrieren.<\/p>\n<p>Etikettenlayouts k\u00f6nnen mit professioneller <a href=\"https:\/\/d-identify.be\/de\/golabel-etikettendesign-software\/\">Etikettendesign-Software<\/a> erstellt werden. Unternehmen k\u00f6nnen damit Versandetiketten, Produktlabels und Barcode-Etiketten direkt aus ihren Anwendungen drucken.<\/p>\n<h2>Kompakter Desktopdrucker mit stabiler Leistung<\/h2>\n<p>Der Drucker unterst\u00fctzt Medien bis zu 112 mm Breite mit einer maximalen Druckbreite von 106 mm. Druckgeschwindigkeiten von bis zu 102 mm pro Sekunde erm\u00f6glichen eine effiziente Etikettenproduktion in Logistik- und Handelsumgebungen.<\/p>\n<p>Eine integrierte Echtzeituhr erlaubt das automatische Drucken von Datum und Uhrzeit auf Etiketten. Der <strong>TSC TC300 Etikettendrucker<\/strong> wird mit USB-Kabel, Netzteil, Stromkabel und Etikettendrucksoftware geliefert, sodass Anwender sofort starten k\u00f6nnen.<\/p>\n<h2>Lieferumfang<\/h2>\n<ul>\n<li>TSC TC300 Thermotransfer Etikettendrucker<\/li>\n<li>USB-Kabel<\/li>\n<li>Netzteil<\/li>\n<li>Stromkabel<\/li>\n<li>Etikettendrucksoftware<\/li>\n<\/ul>\n<h2>Technische Dokumentation<\/h2>\n<p><u><a href=\"https:\/\/d-identify.be\/wp-content\/uploads\/2025\/03\/tc_series_navy_datasheet_en_20201006.pdf\" target=\"_blank\" rel=\"noopener\">Technisches Datenblatt herunterladen (PDF)<\/a><\/u><\/p>\n","protected":false},"excerpt":{"rendered":"<p><strong>TSC TC300 Etikettendrucker<\/strong> Desktop Thermotransfer-Barcode-Drucker mit 300 dpi Aufl\u00f6sung sowie USB, RS232, Parallel und Ethernet f\u00fcr professionelle Etikettendruck-Anwendungen.<\/p>\n<p><u><a href=\"https:\/\/d-identify.be\/wp-content\/uploads\/2025\/03\/tc_series_navy_datasheet_en_20201006.pdf\" target=\"_blank\" rel=\"noopener\">Technisches Datenblatt herunterladen (PDF)<\/a><\/u><\/p>\n<p><strong>Hauptfunktionen<\/strong><\/p>\n","protected":false},"featured_media":53421,"comment_status":"open","ping_status":"closed","template":"","meta":{"_acf_changed":false,"_et_pb_use_builder":"","_et_pb_old_content":"","_et_gb_content_width":""},"product_brand":[1243],"product_cat":[596,599],"product_tag":[],"pa_connextion-shapes":[],"class_list":{"0":"post-55051","1":"product","2":"type-product","3":"status-publish","4":"has-post-thumbnail","6":"product_brand-tsc","7":"product_cat-industriedrucker","8":"product_cat-desktop-etikettendrucker","10":"first","11":"instock","12":"sale","13":"taxable","14":"shipping-taxable","15":"purchasable","16":"product-type-simple"},"exclude_global_add_ons":false,"addons":[{"name":"TSC-Cuttermodul: TC200-Serie","type":"checkbox","position":0,"required":false,"title_format":"label","default":"","description_enable":true,"description":"","placeholder_enable":false,"placeholder":"","display":"select","restrictions_type":"any_text","adjust_price":false,"price":"","price_type":"flat_fee","restrictions":false,"min":"0","max":"0","options":[{"label":"CUT-TC200-0001","price":"195","price_type":"flat_fee","image":0,"visibility":true}],"id":1742824491},{"name":"TSC-Teilschneidermodul: TC200-Serie","type":"checkbox","position":1,"required":false,"title_format":"label","default":"","description_enable":false,"description":"","placeholder_enable":false,"placeholder":"","display":"select","restrictions_type":"any_text","adjust_price":false,"price":"","price_type":"flat_fee","restrictions":false,"min":"0","max":"0","options":[{"label":"CUT-TC200-0003","price":"195","price_type":"flat_fee","image":0,"visibility":true}],"id":1742830483}],"acf":[],"yoast_head":"<!-- This site is optimized with the Yoast SEO Premium plugin v27.0 (Yoast SEO v27.1) - https:\/\/yoast.com\/product\/yoast-seo-premium-wordpress\/ -->\n<title>TSC TC300 Etikettendrucker | D-Identify<\/title>\n<meta name=\"description\" content=\"TSC TC300 Etikettendrucker mit 300 dpi Thermotransferdruck. Desktop Barcode Drucker mit USB, RS232, Parallel und Ethernet f\u00fcr Logistik und Lager.\" \/>\n<meta name=\"robots\" content=\"index, follow, max-snippet:-1, max-image-preview:large, max-video-preview:-1\" \/>\n<link rel=\"canonical\" href=\"https:\/\/d-identify.be\/de\/produkt\/tsc-tc300-thermotransfer-etikettendrucker-300dpi\/\" \/>\n<meta property=\"og:locale\" content=\"de_DE\" \/>\n<meta property=\"og:type\" content=\"article\" \/>\n<meta property=\"og:title\" content=\"TSC TC300 Thermotransfer Etikettendrucker (300 dpi, USB, RS232, Parallel, Ethernet)\" \/>\n<meta property=\"og:description\" content=\"TSC TC300 Etikettendrucker mit 300 dpi Thermotransferdruck. Desktop Barcode Drucker mit USB, RS232, Parallel und Ethernet f\u00fcr Logistik und Lager.\" \/>\n<meta property=\"og:url\" content=\"https:\/\/d-identify.be\/de\/produkt\/tsc-tc300-thermotransfer-etikettendrucker-300dpi\/\" \/>\n<meta property=\"og:site_name\" content=\"d-identify\" \/>\n<meta property=\"article:modified_time\" content=\"2026-03-12T07:12:34+00:00\" \/>\n<meta property=\"og:image\" content=\"https:\/\/d-identify.be\/wp-content\/uploads\/2025\/03\/tc200-led_1.jpg\" \/>\n\t<meta property=\"og:image:width\" content=\"500\" \/>\n\t<meta property=\"og:image:height\" content=\"500\" \/>\n\t<meta property=\"og:image:type\" content=\"image\/jpeg\" \/>\n<meta name=\"twitter:card\" content=\"summary_large_image\" \/>\n<meta name=\"twitter:label1\" content=\"Gesch\u00e4tzte Lesezeit\" \/>\n\t<meta name=\"twitter:data1\" content=\"1\u00a0Minute\" \/>\n<script type=\"application\/ld+json\" class=\"yoast-schema-graph\">{\"@context\":\"https:\/\/schema.org\",\"@graph\":[{\"@type\":\"WebPage\",\"@id\":\"https:\/\/d-identify.be\/de\/produkt\/tsc-tc300-thermotransfer-etikettendrucker-300dpi\/\",\"url\":\"https:\/\/d-identify.be\/de\/produkt\/tsc-tc300-thermotransfer-etikettendrucker-300dpi\/\",\"name\":\"TSC TC300 Etikettendrucker | D-Identify\",\"isPartOf\":{\"@id\":\"https:\/\/d-identify.be\/de\/#website\"},\"primaryImageOfPage\":{\"@id\":\"https:\/\/d-identify.be\/de\/produkt\/tsc-tc300-thermotransfer-etikettendrucker-300dpi\/#primaryimage\"},\"image\":{\"@id\":\"https:\/\/d-identify.be\/de\/produkt\/tsc-tc300-thermotransfer-etikettendrucker-300dpi\/#primaryimage\"},\"thumbnailUrl\":\"https:\/\/d-identify.be\/wp-content\/uploads\/2025\/03\/tc200-led_1.jpg\",\"datePublished\":\"2025-04-09T09:19:21+00:00\",\"dateModified\":\"2026-03-12T07:12:34+00:00\",\"description\":\"TSC TC300 Etikettendrucker mit 300 dpi Thermotransferdruck. Desktop Barcode Drucker mit USB, RS232, Parallel und Ethernet f\u00fcr Logistik und Lager.\",\"breadcrumb\":{\"@id\":\"https:\/\/d-identify.be\/de\/produkt\/tsc-tc300-thermotransfer-etikettendrucker-300dpi\/#breadcrumb\"},\"inLanguage\":\"de\",\"potentialAction\":[{\"@type\":\"ReadAction\",\"target\":[\"https:\/\/d-identify.be\/de\/produkt\/tsc-tc300-thermotransfer-etikettendrucker-300dpi\/\"]}]},{\"@type\":\"ImageObject\",\"inLanguage\":\"de\",\"@id\":\"https:\/\/d-identify.be\/de\/produkt\/tsc-tc300-thermotransfer-etikettendrucker-300dpi\/#primaryimage\",\"url\":\"https:\/\/d-identify.be\/wp-content\/uploads\/2025\/03\/tc200-led_1.jpg\",\"contentUrl\":\"https:\/\/d-identify.be\/wp-content\/uploads\/2025\/03\/tc200-led_1.jpg\",\"width\":500,\"height\":500,\"caption\":\"TSC TC300 Etikettendrucker | D-Identify\"},{\"@type\":\"BreadcrumbList\",\"@id\":\"https:\/\/d-identify.be\/de\/produkt\/tsc-tc300-thermotransfer-etikettendrucker-300dpi\/#breadcrumb\",\"itemListElement\":[{\"@type\":\"ListItem\",\"position\":1,\"name\":\"Home\",\"item\":\"https:\/\/d-identify.be\/de\/home-2\/\"},{\"@type\":\"ListItem\",\"position\":2,\"name\":\"Shop\",\"item\":\"https:\/\/d-identify.be\/shop-2\/\"},{\"@type\":\"ListItem\",\"position\":3,\"name\":\"TSC TC300 Thermotransfer Etikettendrucker (300 dpi, USB, RS232, Parallel, Ethernet)\"}]},{\"@type\":\"WebSite\",\"@id\":\"https:\/\/d-identify.be\/de\/#website\",\"url\":\"https:\/\/d-identify.be\/de\/\",\"name\":\"d-identify\",\"description\":\"Industrial identification - Lockout - Tagout - Floor marking\",\"potentialAction\":[{\"@type\":\"SearchAction\",\"target\":{\"@type\":\"EntryPoint\",\"urlTemplate\":\"https:\/\/d-identify.be\/de\/?s={search_term_string}\"},\"query-input\":{\"@type\":\"PropertyValueSpecification\",\"valueRequired\":true,\"valueName\":\"search_term_string\"}}],\"inLanguage\":\"de\"}]}<\/script>\n<!-- \/ Yoast SEO Premium plugin. -->","yoast_head_json":{"title":"TSC TC300 Etikettendrucker | D-Identify","description":"TSC TC300 Etikettendrucker mit 300 dpi Thermotransferdruck. Desktop Barcode Drucker mit USB, RS232, Parallel und Ethernet f\u00fcr Logistik und Lager.","robots":{"index":"index","follow":"follow","max-snippet":"max-snippet:-1","max-image-preview":"max-image-preview:large","max-video-preview":"max-video-preview:-1"},"canonical":"https:\/\/d-identify.be\/de\/produkt\/tsc-tc300-thermotransfer-etikettendrucker-300dpi\/","og_locale":"de_DE","og_type":"article","og_title":"TSC TC300 Thermotransfer Etikettendrucker (300 dpi, USB, RS232, Parallel, Ethernet)","og_description":"TSC TC300 Etikettendrucker mit 300 dpi Thermotransferdruck. Desktop Barcode Drucker mit USB, RS232, Parallel und Ethernet f\u00fcr Logistik und Lager.","og_url":"https:\/\/d-identify.be\/de\/produkt\/tsc-tc300-thermotransfer-etikettendrucker-300dpi\/","og_site_name":"d-identify","article_modified_time":"2026-03-12T07:12:34+00:00","og_image":[{"width":500,"height":500,"url":"https:\/\/d-identify.be\/wp-content\/uploads\/2025\/03\/tc200-led_1.jpg","type":"image\/jpeg"}],"twitter_card":"summary_large_image","twitter_misc":{"Gesch\u00e4tzte Lesezeit":"1\u00a0Minute"},"schema":{"@context":"https:\/\/schema.org","@graph":[{"@type":"WebPage","@id":"https:\/\/d-identify.be\/de\/produkt\/tsc-tc300-thermotransfer-etikettendrucker-300dpi\/","url":"https:\/\/d-identify.be\/de\/produkt\/tsc-tc300-thermotransfer-etikettendrucker-300dpi\/","name":"TSC TC300 Etikettendrucker | D-Identify","isPartOf":{"@id":"https:\/\/d-identify.be\/de\/#website"},"primaryImageOfPage":{"@id":"https:\/\/d-identify.be\/de\/produkt\/tsc-tc300-thermotransfer-etikettendrucker-300dpi\/#primaryimage"},"image":{"@id":"https:\/\/d-identify.be\/de\/produkt\/tsc-tc300-thermotransfer-etikettendrucker-300dpi\/#primaryimage"},"thumbnailUrl":"https:\/\/d-identify.be\/wp-content\/uploads\/2025\/03\/tc200-led_1.jpg","datePublished":"2025-04-09T09:19:21+00:00","dateModified":"2026-03-12T07:12:34+00:00","description":"TSC TC300 Etikettendrucker mit 300 dpi Thermotransferdruck. Desktop Barcode Drucker mit USB, RS232, Parallel und Ethernet f\u00fcr Logistik und Lager.","breadcrumb":{"@id":"https:\/\/d-identify.be\/de\/produkt\/tsc-tc300-thermotransfer-etikettendrucker-300dpi\/#breadcrumb"},"inLanguage":"de","potentialAction":[{"@type":"ReadAction","target":["https:\/\/d-identify.be\/de\/produkt\/tsc-tc300-thermotransfer-etikettendrucker-300dpi\/"]}]},{"@type":"ImageObject","inLanguage":"de","@id":"https:\/\/d-identify.be\/de\/produkt\/tsc-tc300-thermotransfer-etikettendrucker-300dpi\/#primaryimage","url":"https:\/\/d-identify.be\/wp-content\/uploads\/2025\/03\/tc200-led_1.jpg","contentUrl":"https:\/\/d-identify.be\/wp-content\/uploads\/2025\/03\/tc200-led_1.jpg","width":500,"height":500,"caption":"TSC TC300 Etikettendrucker | D-Identify"},{"@type":"BreadcrumbList","@id":"https:\/\/d-identify.be\/de\/produkt\/tsc-tc300-thermotransfer-etikettendrucker-300dpi\/#breadcrumb","itemListElement":[{"@type":"ListItem","position":1,"name":"Home","item":"https:\/\/d-identify.be\/de\/home-2\/"},{"@type":"ListItem","position":2,"name":"Shop","item":"https:\/\/d-identify.be\/shop-2\/"},{"@type":"ListItem","position":3,"name":"TSC TC300 Thermotransfer Etikettendrucker (300 dpi, USB, RS232, Parallel, Ethernet)"}]},{"@type":"WebSite","@id":"https:\/\/d-identify.be\/de\/#website","url":"https:\/\/d-identify.be\/de\/","name":"d-identify","description":"Industrial identification - Lockout - Tagout - Floor marking","potentialAction":[{"@type":"SearchAction","target":{"@type":"EntryPoint","urlTemplate":"https:\/\/d-identify.be\/de\/?s={search_term_string}"},"query-input":{"@type":"PropertyValueSpecification","valueRequired":true,"valueName":"search_term_string"}}],"inLanguage":"de"}]}},"_links":{"self":[{"href":"https:\/\/d-identify.be\/de\/wp-json\/wp\/v2\/product\/55051","targetHints":{"allow":["GET"]}}],"collection":[{"href":"https:\/\/d-identify.be\/de\/wp-json\/wp\/v2\/product"}],"about":[{"href":"https:\/\/d-identify.be\/de\/wp-json\/wp\/v2\/types\/product"}],"replies":[{"embeddable":true,"href":"https:\/\/d-identify.be\/de\/wp-json\/wp\/v2\/comments?post=55051"}],"wp:featuredmedia":[{"embeddable":true,"href":"https:\/\/d-identify.be\/de\/wp-json\/wp\/v2\/media\/53421"}],"wp:attachment":[{"href":"https:\/\/d-identify.be\/de\/wp-json\/wp\/v2\/media?parent=55051"}],"wp:term":[{"taxonomy":"product_brand","embeddable":true,"href":"https:\/\/d-identify.be\/de\/wp-json\/wp\/v2\/product_brand?post=55051"},{"taxonomy":"product_cat","embeddable":true,"href":"https:\/\/d-identify.be\/de\/wp-json\/wp\/v2\/product_cat?post=55051"},{"taxonomy":"product_tag","embeddable":true,"href":"https:\/\/d-identify.be\/de\/wp-json\/wp\/v2\/product_tag?post=55051"},{"taxonomy":"pa_connextion-shapes","embeddable":true,"href":"https:\/\/d-identify.be\/de\/wp-json\/wp\/v2\/pa_connextion-shapes?post=55051"}],"curies":[{"name":"wp","href":"https:\/\/api.w.org\/{rel}","templated":true}]}}