{"id":55021,"date":"2025-04-09T09:24:08","date_gmt":"2025-04-09T07:24:08","guid":{"rendered":"https:\/\/d-identify.be\/?post_type=product&#038;p=55021"},"modified":"2026-03-12T09:55:30","modified_gmt":"2026-03-12T07:55:30","slug":"tsc-tx610-thermotransfer-etikettendrucker-600dpi","status":"publish","type":"product","link":"https:\/\/d-identify.be\/de\/produkt\/tsc-tx610-thermotransfer-etikettendrucker-600dpi\/","title":{"rendered":"TSC TX610 Thermotransfer Etikettendrucker (600 dpi, USB, USB Host, RS232, Ethernet)"},"content":{"rendered":"<h2>Ultrahoher Thermotransferdruck f\u00fcr pr\u00e4zise Etiketten<\/h2>\n<p>Der <strong>TSC TX610 Etikettendrucker<\/strong> liefert hochpr\u00e4zisen Thermotransferdruck f\u00fcr Produktkennzeichnung, Elektroniketiketten und Anwendungen mit sehr kleinen Barcodes. Das kompakte Desktop-Design erm\u00f6glicht eine einfache Platzierung an Verpackungsstationen, Arbeitspl\u00e4tzen und Produktionslinien.<\/p>\n<p>Eine Aufl\u00f6sung von 600 dpi erzeugt extrem scharfe Barcodes, sehr kleine Schriftarten und detaillierte grafische Elemente. Die Thermotransfertechnologie erm\u00f6glicht au\u00dferdem langlebige Etiketten, die gegen Abrieb und industrielle Umgebungen best\u00e4ndig sind.<\/p>\n<h2>Thermotransfer Barcode Drucker mit erweiterten Schnittstellen<\/h2>\n<p>Dieser TX610 Thermotransfer Barcode Drucker unterst\u00fctzt USB-, USB Host-, RS232- und Ethernet-Konnektivit\u00e4t. Dadurch l\u00e4sst sich der Drucker problemlos in Lagerverwaltungssysteme, ERP-Umgebungen und industrielle Netzwerke integrieren.<\/p>\n<p>Etikettenlayouts und Barcodeformate k\u00f6nnen mit professioneller <a href=\"https:\/\/d-identify.be\/de\/golabel-etikettendesign-software\/\">Etikettendesign-Software<\/a> erstellt werden. Unternehmen k\u00f6nnen anschlie\u00dfend Produktetiketten, Asset-Etiketten und Lageretiketten direkt aus ihren Systemen drucken.<\/p>\n<h2>Zuverl\u00e4ssige Desktop-Druckleistung<\/h2>\n<p>Der Drucker unterst\u00fctzt Medien bis zu 112 mm Breite mit einer maximalen Druckbreite von 106 mm. Druckgeschwindigkeiten von bis zu 102 mm pro Sekunde erm\u00f6glichen eine effiziente Etikettenproduktion auch bei Anwendungen mit hoher Aufl\u00f6sung.<\/p>\n<p>Ein integriertes Display erleichtert die Bedienung und Konfiguration. Der <strong>TSC TX610 Etikettendrucker<\/strong> verf\u00fcgt au\u00dferdem \u00fcber eine Echtzeituhr, mit der Datum und Uhrzeit automatisch auf Etiketten gedruckt werden k\u00f6nnen.<\/p>\n<h2>Lieferumfang<\/h2>\n<ul>\n<li>TSC TX610 Thermotransfer Etikettendrucker<\/li>\n<li>USB-Kabel<\/li>\n<li>Netzteil<\/li>\n<li>Stromkabel<\/li>\n<li>Etikettendrucksoftware<\/li>\n<li>Schnellstartanleitung<\/li>\n<\/ul>\n<h2>Technische Dokumentation<\/h2>\n<p><u><a href=\"https:\/\/d-identify.be\/wp-content\/uploads\/2025\/03\/tx600_en-emea_datasheet.pdf\" target=\"_blank\" rel=\"noopener\">Technisches Datenblatt herunterladen (PDF)<\/a><\/u><\/p>\n","protected":false},"excerpt":{"rendered":"<p><strong>TSC TX610 Etikettendrucker<\/strong> Desktop Thermotransfer-Barcode-Drucker mit 600 dpi Aufl\u00f6sung, Display, USB, USB Host, RS232 und Ethernet Konnektivit\u00e4t.<\/p>\n<p><u><a href=\"https:\/\/d-identify.be\/wp-content\/uploads\/2025\/03\/tx600_en-emea_datasheet.pdf\" target=\"_blank\" rel=\"noopener\">Technisches Datenblatt herunterladen (PDF)<\/a><\/u><\/p>\n<p><strong>Hauptfunktionen<\/strong><\/p>\n","protected":false},"featured_media":25810,"comment_status":"open","ping_status":"closed","template":"","meta":{"_acf_changed":false,"_et_pb_use_builder":"","_et_pb_old_content":"","_et_gb_content_width":""},"product_brand":[1243],"product_cat":[596,599],"product_tag":[],"pa_connextion-shapes":[],"class_list":{"0":"post-55021","1":"product","2":"type-product","3":"status-publish","4":"has-post-thumbnail","6":"product_brand-tsc","7":"product_cat-industriedrucker","8":"product_cat-desktop-etikettendrucker","10":"first","11":"instock","12":"sale","13":"taxable","14":"shipping-taxable","15":"purchasable","16":"product-type-simple"},"exclude_global_add_ons":false,"addons":[{"name":"TSC-Schneidemodul: TX210-Serie","type":"checkbox","position":0,"required":false,"title_format":"label","default":"","description_enable":true,"description":"","placeholder_enable":false,"placeholder":"","display":"select","restrictions_type":"any_text","adjust_price":false,"price":"","price_type":"flat_fee","restrictions":false,"min":"0","max":"0","options":[{"label":"CUT-TX210-0001","price":"225","price_type":"flat_fee","image":0,"visibility":true}],"id":1742824491}],"acf":[],"yoast_head":"<!-- This site is optimized with the Yoast SEO Premium plugin v27.0 (Yoast SEO v27.1) - https:\/\/yoast.com\/product\/yoast-seo-premium-wordpress\/ -->\n<title>TSC TX610 Etikettendrucker | D-Identify<\/title>\n<meta name=\"description\" content=\"TSC TX610 Etikettendrucker mit 600 dpi Thermotransferdruck. Desktop Barcode Drucker mit USB, RS232 und Ethernet f\u00fcr Logistik und Lager.\" \/>\n<meta name=\"robots\" content=\"index, follow, max-snippet:-1, max-image-preview:large, max-video-preview:-1\" \/>\n<link rel=\"canonical\" href=\"https:\/\/d-identify.be\/de\/produkt\/tsc-tx610-thermotransfer-etikettendrucker-600dpi\/\" \/>\n<meta property=\"og:locale\" content=\"de_DE\" \/>\n<meta property=\"og:type\" content=\"article\" \/>\n<meta property=\"og:title\" content=\"TSC TX610 Thermotransfer Etikettendrucker (600 dpi, USB, USB Host, RS232, Ethernet)\" \/>\n<meta property=\"og:description\" content=\"TSC TX610 Etikettendrucker mit 600 dpi Thermotransferdruck. Desktop Barcode Drucker mit USB, RS232 und Ethernet f\u00fcr Logistik und Lager.\" \/>\n<meta property=\"og:url\" content=\"https:\/\/d-identify.be\/de\/produkt\/tsc-tx610-thermotransfer-etikettendrucker-600dpi\/\" \/>\n<meta property=\"og:site_name\" content=\"d-identify\" \/>\n<meta property=\"article:modified_time\" content=\"2026-03-12T07:55:30+00:00\" \/>\n<meta property=\"og:image\" content=\"https:\/\/d-identify.be\/wp-content\/uploads\/2021\/07\/tx210_0.png\" \/>\n\t<meta property=\"og:image:width\" content=\"500\" \/>\n\t<meta property=\"og:image:height\" content=\"500\" \/>\n\t<meta property=\"og:image:type\" content=\"image\/png\" \/>\n<meta name=\"twitter:card\" content=\"summary_large_image\" \/>\n<meta name=\"twitter:label1\" content=\"Gesch\u00e4tzte Lesezeit\" \/>\n\t<meta name=\"twitter:data1\" content=\"1\u00a0Minute\" \/>\n<script type=\"application\/ld+json\" class=\"yoast-schema-graph\">{\"@context\":\"https:\/\/schema.org\",\"@graph\":[{\"@type\":\"WebPage\",\"@id\":\"https:\/\/d-identify.be\/de\/produkt\/tsc-tx610-thermotransfer-etikettendrucker-600dpi\/\",\"url\":\"https:\/\/d-identify.be\/de\/produkt\/tsc-tx610-thermotransfer-etikettendrucker-600dpi\/\",\"name\":\"TSC TX610 Etikettendrucker | D-Identify\",\"isPartOf\":{\"@id\":\"https:\/\/d-identify.be\/de\/#website\"},\"primaryImageOfPage\":{\"@id\":\"https:\/\/d-identify.be\/de\/produkt\/tsc-tx610-thermotransfer-etikettendrucker-600dpi\/#primaryimage\"},\"image\":{\"@id\":\"https:\/\/d-identify.be\/de\/produkt\/tsc-tx610-thermotransfer-etikettendrucker-600dpi\/#primaryimage\"},\"thumbnailUrl\":\"https:\/\/d-identify.be\/wp-content\/uploads\/2021\/07\/tx210_0.png\",\"datePublished\":\"2025-04-09T07:24:08+00:00\",\"dateModified\":\"2026-03-12T07:55:30+00:00\",\"description\":\"TSC TX610 Etikettendrucker mit 600 dpi Thermotransferdruck. Desktop Barcode Drucker mit USB, RS232 und Ethernet f\u00fcr Logistik und Lager.\",\"breadcrumb\":{\"@id\":\"https:\/\/d-identify.be\/de\/produkt\/tsc-tx610-thermotransfer-etikettendrucker-600dpi\/#breadcrumb\"},\"inLanguage\":\"de\",\"potentialAction\":[{\"@type\":\"ReadAction\",\"target\":[\"https:\/\/d-identify.be\/de\/produkt\/tsc-tx610-thermotransfer-etikettendrucker-600dpi\/\"]}]},{\"@type\":\"ImageObject\",\"inLanguage\":\"de\",\"@id\":\"https:\/\/d-identify.be\/de\/produkt\/tsc-tx610-thermotransfer-etikettendrucker-600dpi\/#primaryimage\",\"url\":\"https:\/\/d-identify.be\/wp-content\/uploads\/2021\/07\/tx210_0.png\",\"contentUrl\":\"https:\/\/d-identify.be\/wp-content\/uploads\/2021\/07\/tx210_0.png\",\"width\":500,\"height\":500,\"caption\":\"TSC TX210 Etikettendrucker | D-Identify\"},{\"@type\":\"BreadcrumbList\",\"@id\":\"https:\/\/d-identify.be\/de\/produkt\/tsc-tx610-thermotransfer-etikettendrucker-600dpi\/#breadcrumb\",\"itemListElement\":[{\"@type\":\"ListItem\",\"position\":1,\"name\":\"Home\",\"item\":\"https:\/\/d-identify.be\/de\/home-2\/\"},{\"@type\":\"ListItem\",\"position\":2,\"name\":\"Shop\",\"item\":\"https:\/\/d-identify.be\/shop-2\/\"},{\"@type\":\"ListItem\",\"position\":3,\"name\":\"TSC TX610 Thermotransfer Etikettendrucker (600 dpi, USB, USB Host, RS232, Ethernet)\"}]},{\"@type\":\"WebSite\",\"@id\":\"https:\/\/d-identify.be\/de\/#website\",\"url\":\"https:\/\/d-identify.be\/de\/\",\"name\":\"d-identify\",\"description\":\"Industrial identification - Lockout - Tagout - Floor marking\",\"potentialAction\":[{\"@type\":\"SearchAction\",\"target\":{\"@type\":\"EntryPoint\",\"urlTemplate\":\"https:\/\/d-identify.be\/de\/?s={search_term_string}\"},\"query-input\":{\"@type\":\"PropertyValueSpecification\",\"valueRequired\":true,\"valueName\":\"search_term_string\"}}],\"inLanguage\":\"de\"}]}<\/script>\n<!-- \/ Yoast SEO Premium plugin. -->","yoast_head_json":{"title":"TSC TX610 Etikettendrucker | D-Identify","description":"TSC TX610 Etikettendrucker mit 600 dpi Thermotransferdruck. Desktop Barcode Drucker mit USB, RS232 und Ethernet f\u00fcr Logistik und Lager.","robots":{"index":"index","follow":"follow","max-snippet":"max-snippet:-1","max-image-preview":"max-image-preview:large","max-video-preview":"max-video-preview:-1"},"canonical":"https:\/\/d-identify.be\/de\/produkt\/tsc-tx610-thermotransfer-etikettendrucker-600dpi\/","og_locale":"de_DE","og_type":"article","og_title":"TSC TX610 Thermotransfer Etikettendrucker (600 dpi, USB, USB Host, RS232, Ethernet)","og_description":"TSC TX610 Etikettendrucker mit 600 dpi Thermotransferdruck. Desktop Barcode Drucker mit USB, RS232 und Ethernet f\u00fcr Logistik und Lager.","og_url":"https:\/\/d-identify.be\/de\/produkt\/tsc-tx610-thermotransfer-etikettendrucker-600dpi\/","og_site_name":"d-identify","article_modified_time":"2026-03-12T07:55:30+00:00","og_image":[{"width":500,"height":500,"url":"https:\/\/d-identify.be\/wp-content\/uploads\/2021\/07\/tx210_0.png","type":"image\/png"}],"twitter_card":"summary_large_image","twitter_misc":{"Gesch\u00e4tzte Lesezeit":"1\u00a0Minute"},"schema":{"@context":"https:\/\/schema.org","@graph":[{"@type":"WebPage","@id":"https:\/\/d-identify.be\/de\/produkt\/tsc-tx610-thermotransfer-etikettendrucker-600dpi\/","url":"https:\/\/d-identify.be\/de\/produkt\/tsc-tx610-thermotransfer-etikettendrucker-600dpi\/","name":"TSC TX610 Etikettendrucker | D-Identify","isPartOf":{"@id":"https:\/\/d-identify.be\/de\/#website"},"primaryImageOfPage":{"@id":"https:\/\/d-identify.be\/de\/produkt\/tsc-tx610-thermotransfer-etikettendrucker-600dpi\/#primaryimage"},"image":{"@id":"https:\/\/d-identify.be\/de\/produkt\/tsc-tx610-thermotransfer-etikettendrucker-600dpi\/#primaryimage"},"thumbnailUrl":"https:\/\/d-identify.be\/wp-content\/uploads\/2021\/07\/tx210_0.png","datePublished":"2025-04-09T07:24:08+00:00","dateModified":"2026-03-12T07:55:30+00:00","description":"TSC TX610 Etikettendrucker mit 600 dpi Thermotransferdruck. Desktop Barcode Drucker mit USB, RS232 und Ethernet f\u00fcr Logistik und Lager.","breadcrumb":{"@id":"https:\/\/d-identify.be\/de\/produkt\/tsc-tx610-thermotransfer-etikettendrucker-600dpi\/#breadcrumb"},"inLanguage":"de","potentialAction":[{"@type":"ReadAction","target":["https:\/\/d-identify.be\/de\/produkt\/tsc-tx610-thermotransfer-etikettendrucker-600dpi\/"]}]},{"@type":"ImageObject","inLanguage":"de","@id":"https:\/\/d-identify.be\/de\/produkt\/tsc-tx610-thermotransfer-etikettendrucker-600dpi\/#primaryimage","url":"https:\/\/d-identify.be\/wp-content\/uploads\/2021\/07\/tx210_0.png","contentUrl":"https:\/\/d-identify.be\/wp-content\/uploads\/2021\/07\/tx210_0.png","width":500,"height":500,"caption":"TSC TX210 Etikettendrucker | D-Identify"},{"@type":"BreadcrumbList","@id":"https:\/\/d-identify.be\/de\/produkt\/tsc-tx610-thermotransfer-etikettendrucker-600dpi\/#breadcrumb","itemListElement":[{"@type":"ListItem","position":1,"name":"Home","item":"https:\/\/d-identify.be\/de\/home-2\/"},{"@type":"ListItem","position":2,"name":"Shop","item":"https:\/\/d-identify.be\/shop-2\/"},{"@type":"ListItem","position":3,"name":"TSC TX610 Thermotransfer Etikettendrucker (600 dpi, USB, USB Host, RS232, Ethernet)"}]},{"@type":"WebSite","@id":"https:\/\/d-identify.be\/de\/#website","url":"https:\/\/d-identify.be\/de\/","name":"d-identify","description":"Industrial identification - Lockout - Tagout - Floor marking","potentialAction":[{"@type":"SearchAction","target":{"@type":"EntryPoint","urlTemplate":"https:\/\/d-identify.be\/de\/?s={search_term_string}"},"query-input":{"@type":"PropertyValueSpecification","valueRequired":true,"valueName":"search_term_string"}}],"inLanguage":"de"}]}},"_links":{"self":[{"href":"https:\/\/d-identify.be\/de\/wp-json\/wp\/v2\/product\/55021","targetHints":{"allow":["GET"]}}],"collection":[{"href":"https:\/\/d-identify.be\/de\/wp-json\/wp\/v2\/product"}],"about":[{"href":"https:\/\/d-identify.be\/de\/wp-json\/wp\/v2\/types\/product"}],"replies":[{"embeddable":true,"href":"https:\/\/d-identify.be\/de\/wp-json\/wp\/v2\/comments?post=55021"}],"wp:featuredmedia":[{"embeddable":true,"href":"https:\/\/d-identify.be\/de\/wp-json\/wp\/v2\/media\/25810"}],"wp:attachment":[{"href":"https:\/\/d-identify.be\/de\/wp-json\/wp\/v2\/media?parent=55021"}],"wp:term":[{"taxonomy":"product_brand","embeddable":true,"href":"https:\/\/d-identify.be\/de\/wp-json\/wp\/v2\/product_brand?post=55021"},{"taxonomy":"product_cat","embeddable":true,"href":"https:\/\/d-identify.be\/de\/wp-json\/wp\/v2\/product_cat?post=55021"},{"taxonomy":"product_tag","embeddable":true,"href":"https:\/\/d-identify.be\/de\/wp-json\/wp\/v2\/product_tag?post=55021"},{"taxonomy":"pa_connextion-shapes","embeddable":true,"href":"https:\/\/d-identify.be\/de\/wp-json\/wp\/v2\/pa_connextion-shapes?post=55021"}],"curies":[{"name":"wp","href":"https:\/\/api.w.org\/{rel}","templated":true}]}}