{"id":54983,"date":"2025-04-09T00:43:39","date_gmt":"2025-04-08T22:43:39","guid":{"rendered":"https:\/\/d-identify.be\/?post_type=product&#038;p=54983"},"modified":"2025-05-02T10:22:39","modified_gmt":"2025-05-02T08:22:39","slug":"printronix-auto-id-t800-copy","status":"publish","type":"product","link":"https:\/\/d-identify.be\/de\/produkt\/printronix-auto-id-t800-copy\/","title":{"rendered":"Thermo-Desktopdrucker T830"},"content":{"rendered":"<p>Der Printronix Thermo-Desktopdrucker T830 ist ein leistungsstarker Thermo-Desktopdrucker mit hoher Produktivit\u00e4t und zuverl\u00e4ssiger Leistung. Der T830 war der erste Printronix Auto-ID-Desktopdrucker mit Printronix System Architecture (PSA). Er bietet zahlreiche arbeitssparende Funktionen und Druckerverwaltungstools f\u00fcr den einfachen Alltagsbetrieb.  <\/p>\n","protected":false},"excerpt":{"rendered":"<p>Der T830 ist ein leistungsstarker Thermo-Desktopdrucker mit 300 DPI und hoher Produktivit\u00e4t auf Unternehmensniveau sowie zuverl\u00e4ssiger Leistung. Er ist der erste Desktopdrucker von Printronix Auto ID mit der bew\u00e4hrten Printronix System Architecture (PSA) und bietet zahlreiche arbeitssparende Funktionen und Druckerverwaltungstools f\u00fcr den einfachen Alltagsbetrieb.<\/p>\n<p><strong>Hauptfunktionen<\/strong><\/p>\n","protected":false},"featured_media":26012,"comment_status":"open","ping_status":"closed","template":"","meta":{"_acf_changed":false,"_et_pb_use_builder":"","_et_pb_old_content":"","_et_gb_content_width":""},"product_brand":[1244],"product_cat":[596,599],"product_tag":[],"pa_connextion-shapes":[],"class_list":{"0":"post-54983","1":"product","2":"type-product","3":"status-publish","4":"has-post-thumbnail","6":"product_brand-printronix","7":"product_cat-industriedrucker","8":"product_cat-desktop-etikettendrucker","10":"first","11":"instock","12":"sale","13":"taxable","14":"shipping-taxable","15":"purchasable","16":"product-type-simple"},"exclude_global_add_ons":[],"addons":[],"acf":[],"yoast_head":"<!-- This site is optimized with the Yoast SEO Premium plugin v27.0 (Yoast SEO v27.1) - https:\/\/yoast.com\/product\/yoast-seo-premium-wordpress\/ -->\n<title>Printronix Thermal Desktop Printer T830<\/title>\n<meta name=\"description\" content=\"Der Printronix Thermal Desktop Printer T830 ist ein leistungsstarker Thermo-Desktopdrucker mit Produktivit\u00e4t auf Unternehmensebene.\" \/>\n<meta name=\"robots\" content=\"index, follow, max-snippet:-1, max-image-preview:large, max-video-preview:-1\" \/>\n<link rel=\"canonical\" href=\"https:\/\/d-identify.be\/de\/produkt\/printronix-auto-id-t800-copy\/\" \/>\n<meta property=\"og:locale\" content=\"de_DE\" \/>\n<meta property=\"og:type\" content=\"article\" \/>\n<meta property=\"og:title\" content=\"Thermo-Desktopdrucker T830\" \/>\n<meta property=\"og:description\" content=\"Der Printronix Thermal Desktop Printer T830 ist ein leistungsstarker Thermo-Desktopdrucker mit Produktivit\u00e4t auf Unternehmensebene.\" \/>\n<meta property=\"og:url\" content=\"https:\/\/d-identify.be\/de\/produkt\/printronix-auto-id-t800-copy\/\" \/>\n<meta property=\"og:site_name\" content=\"d-identify\" \/>\n<meta property=\"article:modified_time\" content=\"2025-05-02T08:22:39+00:00\" \/>\n<meta property=\"og:image\" content=\"https:\/\/d-identify.be\/wp-content\/uploads\/2022\/07\/t800_1.png\" \/>\n\t<meta property=\"og:image:width\" content=\"500\" \/>\n\t<meta property=\"og:image:height\" content=\"500\" \/>\n\t<meta property=\"og:image:type\" content=\"image\/png\" \/>\n<meta name=\"twitter:card\" content=\"summary_large_image\" \/>\n<script type=\"application\/ld+json\" class=\"yoast-schema-graph\">{\"@context\":\"https:\/\/schema.org\",\"@graph\":[{\"@type\":\"WebPage\",\"@id\":\"https:\/\/d-identify.be\/de\/produkt\/printronix-auto-id-t800-copy\/\",\"url\":\"https:\/\/d-identify.be\/de\/produkt\/printronix-auto-id-t800-copy\/\",\"name\":\"Printronix Thermal Desktop Printer T830\",\"isPartOf\":{\"@id\":\"https:\/\/d-identify.be\/de\/#website\"},\"primaryImageOfPage\":{\"@id\":\"https:\/\/d-identify.be\/de\/produkt\/printronix-auto-id-t800-copy\/#primaryimage\"},\"image\":{\"@id\":\"https:\/\/d-identify.be\/de\/produkt\/printronix-auto-id-t800-copy\/#primaryimage\"},\"thumbnailUrl\":\"https:\/\/d-identify.be\/wp-content\/uploads\/2022\/07\/t800_1.png\",\"datePublished\":\"2025-04-08T22:43:39+00:00\",\"dateModified\":\"2025-05-02T08:22:39+00:00\",\"description\":\"Der Printronix Thermal Desktop Printer T830 ist ein leistungsstarker Thermo-Desktopdrucker mit Produktivit\u00e4t auf Unternehmensebene.\",\"breadcrumb\":{\"@id\":\"https:\/\/d-identify.be\/de\/produkt\/printronix-auto-id-t800-copy\/#breadcrumb\"},\"inLanguage\":\"de\",\"potentialAction\":[{\"@type\":\"ReadAction\",\"target\":[\"https:\/\/d-identify.be\/de\/produkt\/printronix-auto-id-t800-copy\/\"]}]},{\"@type\":\"ImageObject\",\"inLanguage\":\"de\",\"@id\":\"https:\/\/d-identify.be\/de\/produkt\/printronix-auto-id-t800-copy\/#primaryimage\",\"url\":\"https:\/\/d-identify.be\/wp-content\/uploads\/2022\/07\/t800_1.png\",\"contentUrl\":\"https:\/\/d-identify.be\/wp-content\/uploads\/2022\/07\/t800_1.png\",\"width\":500,\"height\":500,\"caption\":\"T800 Printronix Desktop printer\"},{\"@type\":\"BreadcrumbList\",\"@id\":\"https:\/\/d-identify.be\/de\/produkt\/printronix-auto-id-t800-copy\/#breadcrumb\",\"itemListElement\":[{\"@type\":\"ListItem\",\"position\":1,\"name\":\"Home\",\"item\":\"https:\/\/d-identify.be\/de\/home-2\/\"},{\"@type\":\"ListItem\",\"position\":2,\"name\":\"Shop\",\"item\":\"https:\/\/d-identify.be\/shop-2\/\"},{\"@type\":\"ListItem\",\"position\":3,\"name\":\"Thermo-Desktopdrucker T830\"}]},{\"@type\":\"WebSite\",\"@id\":\"https:\/\/d-identify.be\/de\/#website\",\"url\":\"https:\/\/d-identify.be\/de\/\",\"name\":\"d-identify\",\"description\":\"Industrial identification - Lockout - Tagout - Floor marking\",\"potentialAction\":[{\"@type\":\"SearchAction\",\"target\":{\"@type\":\"EntryPoint\",\"urlTemplate\":\"https:\/\/d-identify.be\/de\/?s={search_term_string}\"},\"query-input\":{\"@type\":\"PropertyValueSpecification\",\"valueRequired\":true,\"valueName\":\"search_term_string\"}}],\"inLanguage\":\"de\"}]}<\/script>\n<!-- \/ Yoast SEO Premium plugin. -->","yoast_head_json":{"title":"Printronix Thermal Desktop Printer T830","description":"Der Printronix Thermal Desktop Printer T830 ist ein leistungsstarker Thermo-Desktopdrucker mit Produktivit\u00e4t auf Unternehmensebene.","robots":{"index":"index","follow":"follow","max-snippet":"max-snippet:-1","max-image-preview":"max-image-preview:large","max-video-preview":"max-video-preview:-1"},"canonical":"https:\/\/d-identify.be\/de\/produkt\/printronix-auto-id-t800-copy\/","og_locale":"de_DE","og_type":"article","og_title":"Thermo-Desktopdrucker T830","og_description":"Der Printronix Thermal Desktop Printer T830 ist ein leistungsstarker Thermo-Desktopdrucker mit Produktivit\u00e4t auf Unternehmensebene.","og_url":"https:\/\/d-identify.be\/de\/produkt\/printronix-auto-id-t800-copy\/","og_site_name":"d-identify","article_modified_time":"2025-05-02T08:22:39+00:00","og_image":[{"width":500,"height":500,"url":"https:\/\/d-identify.be\/wp-content\/uploads\/2022\/07\/t800_1.png","type":"image\/png"}],"twitter_card":"summary_large_image","schema":{"@context":"https:\/\/schema.org","@graph":[{"@type":"WebPage","@id":"https:\/\/d-identify.be\/de\/produkt\/printronix-auto-id-t800-copy\/","url":"https:\/\/d-identify.be\/de\/produkt\/printronix-auto-id-t800-copy\/","name":"Printronix Thermal Desktop Printer T830","isPartOf":{"@id":"https:\/\/d-identify.be\/de\/#website"},"primaryImageOfPage":{"@id":"https:\/\/d-identify.be\/de\/produkt\/printronix-auto-id-t800-copy\/#primaryimage"},"image":{"@id":"https:\/\/d-identify.be\/de\/produkt\/printronix-auto-id-t800-copy\/#primaryimage"},"thumbnailUrl":"https:\/\/d-identify.be\/wp-content\/uploads\/2022\/07\/t800_1.png","datePublished":"2025-04-08T22:43:39+00:00","dateModified":"2025-05-02T08:22:39+00:00","description":"Der Printronix Thermal Desktop Printer T830 ist ein leistungsstarker Thermo-Desktopdrucker mit Produktivit\u00e4t auf Unternehmensebene.","breadcrumb":{"@id":"https:\/\/d-identify.be\/de\/produkt\/printronix-auto-id-t800-copy\/#breadcrumb"},"inLanguage":"de","potentialAction":[{"@type":"ReadAction","target":["https:\/\/d-identify.be\/de\/produkt\/printronix-auto-id-t800-copy\/"]}]},{"@type":"ImageObject","inLanguage":"de","@id":"https:\/\/d-identify.be\/de\/produkt\/printronix-auto-id-t800-copy\/#primaryimage","url":"https:\/\/d-identify.be\/wp-content\/uploads\/2022\/07\/t800_1.png","contentUrl":"https:\/\/d-identify.be\/wp-content\/uploads\/2022\/07\/t800_1.png","width":500,"height":500,"caption":"T800 Printronix Desktop printer"},{"@type":"BreadcrumbList","@id":"https:\/\/d-identify.be\/de\/produkt\/printronix-auto-id-t800-copy\/#breadcrumb","itemListElement":[{"@type":"ListItem","position":1,"name":"Home","item":"https:\/\/d-identify.be\/de\/home-2\/"},{"@type":"ListItem","position":2,"name":"Shop","item":"https:\/\/d-identify.be\/shop-2\/"},{"@type":"ListItem","position":3,"name":"Thermo-Desktopdrucker T830"}]},{"@type":"WebSite","@id":"https:\/\/d-identify.be\/de\/#website","url":"https:\/\/d-identify.be\/de\/","name":"d-identify","description":"Industrial identification - Lockout - Tagout - Floor marking","potentialAction":[{"@type":"SearchAction","target":{"@type":"EntryPoint","urlTemplate":"https:\/\/d-identify.be\/de\/?s={search_term_string}"},"query-input":{"@type":"PropertyValueSpecification","valueRequired":true,"valueName":"search_term_string"}}],"inLanguage":"de"}]}},"_links":{"self":[{"href":"https:\/\/d-identify.be\/de\/wp-json\/wp\/v2\/product\/54983","targetHints":{"allow":["GET"]}}],"collection":[{"href":"https:\/\/d-identify.be\/de\/wp-json\/wp\/v2\/product"}],"about":[{"href":"https:\/\/d-identify.be\/de\/wp-json\/wp\/v2\/types\/product"}],"replies":[{"embeddable":true,"href":"https:\/\/d-identify.be\/de\/wp-json\/wp\/v2\/comments?post=54983"}],"wp:featuredmedia":[{"embeddable":true,"href":"https:\/\/d-identify.be\/de\/wp-json\/wp\/v2\/media\/26012"}],"wp:attachment":[{"href":"https:\/\/d-identify.be\/de\/wp-json\/wp\/v2\/media?parent=54983"}],"wp:term":[{"taxonomy":"product_brand","embeddable":true,"href":"https:\/\/d-identify.be\/de\/wp-json\/wp\/v2\/product_brand?post=54983"},{"taxonomy":"product_cat","embeddable":true,"href":"https:\/\/d-identify.be\/de\/wp-json\/wp\/v2\/product_cat?post=54983"},{"taxonomy":"product_tag","embeddable":true,"href":"https:\/\/d-identify.be\/de\/wp-json\/wp\/v2\/product_tag?post=54983"},{"taxonomy":"pa_connextion-shapes","embeddable":true,"href":"https:\/\/d-identify.be\/de\/wp-json\/wp\/v2\/pa_connextion-shapes?post=54983"}],"curies":[{"name":"wp","href":"https:\/\/api.w.org\/{rel}","templated":true}]}}