{"id":54836,"date":"2022-09-16T15:25:11","date_gmt":"2022-09-16T13:25:11","guid":{"rendered":"https:\/\/d-identify.be\/product\/afinia-lt5c-etikettendrucker\/"},"modified":"2025-05-06T16:09:34","modified_gmt":"2025-05-06T14:09:34","slug":"afinia-lt5c-etikettendrucker","status":"publish","type":"product","link":"https:\/\/d-identify.be\/de\/produkt\/afinia-lt5c-etikettendrucker\/","title":{"rendered":"Afinia LT5C Etikettendrucker, LED-Laser"},"content":{"rendered":"<div class='one_half'>\n\t\t\t\t\t<h3>5. Station Wei\u00dftoner<\/h3>\n<p>Die f\u00fcnfte Station erm\u00f6glicht den Wei\u00dfdruck. Dadurch lassen sich brillante Designs auf transparenten und dunklen Materialien drucken. Diese Funktion er\u00f6ffnet Anwendern die M\u00f6glichkeit, ein breiteres Spektrum an M\u00e4rkten und Anwendungen zu erschlie\u00dfen, die mit anderen Etikettendruckern nicht abgedeckt sind.  <\/p>\n<p>&nbsp;<\/p>\n<h3>Digitale LED-Drucktechnologie und Substratf\u00e4higkeiten<\/h3>\n<p>Die niedrige Fixiertemperatur verleiht dem LT5C eine un\u00fcbertroffene Medienkompatibilit\u00e4t, insbesondere bei der Verarbeitung w\u00e4rmeempfindlicher Kunststoffe und Folien. Diese LED-basierte Technologie erm\u00f6glicht den Einsatz einer Vielzahl von Substraten, die andere Etikettendrucker schlichtweg nicht verarbeiten k\u00f6nnen. Die Trockentonertechnologie erm\u00f6glicht die Verwendung von unbeschichteten und vollfl\u00e4chig beschichteten Materialien und bietet Druckern, die die Gesamtkosten pro Etikett senken m\u00f6chten, weitere Vorteile.\n\t\t\t\t<\/div>\n<p>&nbsp;<\/p>\n<p>&nbsp;<\/p>\n<p style=\"padding-left: 160px;\"><div class='one_third et_column_last'>\n\t\t\t\t\t<img loading=\"lazy\" decoding=\"async\" class=\"alignnone wp-image-6931\" src=\"https:\/\/d-identify.be\/wp-content\/uploads\/2022\/09\/cmykw-300x233.webp\" alt=\"\" width=\"719\" height=\"558\" srcset=\"https:\/\/d-identify.be\/wp-content\/uploads\/2022\/09\/cmykw-300x233.webp 300w, https:\/\/d-identify.be\/wp-content\/uploads\/2022\/09\/cmykw.webp 386w\" sizes=\"(max-width: 719px) 100vw, 719px\" \/>\n\t\t\t\t<\/div><div class='clear'><\/div><\/p>\n<p>&nbsp;<\/p>\n<h3>Umgang mit Medien<\/h3>\n<p>Der LT5C ist mit Rollenbreiten von 2,5 bis 13 cm und einem maximalen Au\u00dfendurchmesser von 20 cm kompatibel und bietet Anwendern die Flexibilit\u00e4t, verschiedene Etikettengr\u00f6\u00dfen zu verarbeiten. Zwei Sensoren, Black Mark und Gap, erkennen die Druckpositionen. Dies erleichtert die Verarbeitung von Endlos- und Stanzmedien. Der automatische Cutter sorgt f\u00fcr pr\u00e4zises Schneiden am Ende des Druckauftrags und erm\u00f6glicht den schnellen und effizienten Druck einzelner oder mehrerer Etiketten.<\/p>\n<p>   <\/p>\n<h3><\/h3>\n<p>&nbsp;<\/p>\n<h3>Benutzerfreundlichkeit<\/h3>\n<p>Der LT5C ist intuitiv und einfach zu installieren und erfordert nur minimale Schulung oder technische Kenntnisse. Die einfache Desktop-Konfiguration erm\u00f6glicht einen einfachen Zugriff auf Verbrauchsmaterial und Ersatzteile. Rollen verschiedener Typen lassen sich schnell austauschen, und die Verbrauchsmaterialien bieten eine hohe Kapazit\u00e4t f\u00fcr lange Druckzeiten. Das 4,3-Zoll-LCD-Farbdisplay und die Papierf\u00fchrung erleichtern das Zuf\u00fchren und Drucken von Etiketten nach Bedarf.   <\/p>\n<h3><\/h3>\n<p>&nbsp;<\/p>\n<h3>Der perfekte Begleiter<\/h3>\n<p>Mit dem LT5C gedruckte Etiketten k\u00f6nnen mit dem digitalen Tisch-Etikettenfinisher DLF-140s von Endlosmaterial in jede beliebige Gr\u00f6\u00dfe und Form geschnitten werden. Der gesamte Vorgang erfolgt digital durch einfaches Schneiden in einer PDF-Datei \u2013 ohne teure Stanzformen, Werkzeuge, Maschinen oder Wartezeiten. Der Computer gibt der Maschine vor, wo geschnitten und wie viele Etiketten produziert werden sollen, sodass auch kleine Auflagen schnell und einfach erledigt werden k\u00f6nnen. Bei der digitalen Etikettenveredelung kann zus\u00e4tzlich eine Laminierung f\u00fcr \u00e4sthetische, haptische und haltbarere Zwecke erfolgen.   <\/p>\n","protected":false},"excerpt":{"rendered":"<p>Der LT5C CMYK + Wei\u00df-Etikettendrucker bietet professionelle F\u00fcnffarbdrucke f\u00fcr eine Vielzahl von M\u00e4rkten. Ob langlebige Etiketten, Etiketten f\u00fcr Gefrier- und K\u00fchlh\u00e4user, Lebensmittel und Getr\u00e4nke oder Haushaltswaren \u2013 der LT5C von Afinia Label bietet all das und mehr. <\/p>\n<p><strong>Hauptfunktionen<\/strong><\/p>\n","protected":false},"featured_media":25564,"comment_status":"open","ping_status":"closed","template":"","meta":{"_acf_changed":false,"_et_pb_use_builder":"","_et_pb_old_content":"","_et_gb_content_width":""},"product_brand":[1268],"product_cat":[644],"product_tag":[865],"pa_connextion-shapes":[],"class_list":{"0":"post-54836","1":"product","2":"type-product","3":"status-publish","4":"has-post-thumbnail","6":"product_brand-afinia-label","7":"product_cat-inkjet-etikettendrucker","8":"product_tag-afinia-de","10":"first","11":"instock","12":"taxable","13":"shipping-taxable","14":"purchasable","15":"product-type-simple"},"exclude_global_add_ons":[],"addons":[],"acf":[],"yoast_head":"<!-- This site is optimized with the Yoast SEO Premium plugin v27.0 (Yoast SEO v27.1) - https:\/\/yoast.com\/product\/yoast-seo-premium-wordpress\/ -->\n<title>Afinia LT5C CMYK + White-Label-Drucker<\/title>\n<meta name=\"description\" content=\"Der LT5C CMYK + Wei\u00df-Etikettendrucker bietet professionelle F\u00fcnffarbdrucke f\u00fcr eine Vielzahl von M\u00e4rkten. Ob hochbest\u00e4ndige Etiketten, Gefrierschr\u00e4nke, \u2026\" \/>\n<meta name=\"robots\" content=\"index, follow, max-snippet:-1, max-image-preview:large, max-video-preview:-1\" \/>\n<link rel=\"canonical\" href=\"https:\/\/d-identify.be\/de\/produkt\/afinia-lt5c-etikettendrucker\/\" \/>\n<meta property=\"og:locale\" content=\"de_DE\" \/>\n<meta property=\"og:type\" content=\"article\" \/>\n<meta property=\"og:title\" content=\"Afinia LT5C Etikettendrucker, LED-Laser\" \/>\n<meta property=\"og:description\" content=\"Der LT5C CMYK + Wei\u00df-Etikettendrucker bietet professionelle F\u00fcnffarbdrucke f\u00fcr eine Vielzahl von M\u00e4rkten. Ob hochbest\u00e4ndige Etiketten, Gefrierschr\u00e4nke, \u2026\" \/>\n<meta property=\"og:url\" content=\"https:\/\/d-identify.be\/de\/produkt\/afinia-lt5c-etikettendrucker\/\" \/>\n<meta property=\"og:site_name\" content=\"d-identify\" \/>\n<meta property=\"article:modified_time\" content=\"2025-05-06T14:09:34+00:00\" \/>\n<meta property=\"og:image\" content=\"https:\/\/d-identify.be\/wp-content\/uploads\/2022\/09\/lt5c-printer.webp\" \/>\n\t<meta property=\"og:image:width\" content=\"850\" \/>\n\t<meta property=\"og:image:height\" content=\"700\" \/>\n\t<meta property=\"og:image:type\" content=\"image\/webp\" \/>\n<meta name=\"twitter:card\" content=\"summary_large_image\" \/>\n<meta name=\"twitter:label1\" content=\"Gesch\u00e4tzte Lesezeit\" \/>\n\t<meta name=\"twitter:data1\" content=\"2\u00a0Minuten\" \/>\n<script type=\"application\/ld+json\" class=\"yoast-schema-graph\">{\"@context\":\"https:\/\/schema.org\",\"@graph\":[{\"@type\":\"WebPage\",\"@id\":\"https:\/\/d-identify.be\/de\/produkt\/afinia-lt5c-etikettendrucker\/\",\"url\":\"https:\/\/d-identify.be\/de\/produkt\/afinia-lt5c-etikettendrucker\/\",\"name\":\"Afinia LT5C CMYK + White-Label-Drucker\",\"isPartOf\":{\"@id\":\"https:\/\/d-identify.be\/de\/#website\"},\"primaryImageOfPage\":{\"@id\":\"https:\/\/d-identify.be\/de\/produkt\/afinia-lt5c-etikettendrucker\/#primaryimage\"},\"image\":{\"@id\":\"https:\/\/d-identify.be\/de\/produkt\/afinia-lt5c-etikettendrucker\/#primaryimage\"},\"thumbnailUrl\":\"https:\/\/d-identify.be\/wp-content\/uploads\/2022\/09\/lt5c-printer.webp\",\"datePublished\":\"2022-09-16T13:25:11+00:00\",\"dateModified\":\"2025-05-06T14:09:34+00:00\",\"description\":\"Der LT5C CMYK + Wei\u00df-Etikettendrucker bietet professionelle F\u00fcnffarbdrucke f\u00fcr eine Vielzahl von M\u00e4rkten. Ob hochbest\u00e4ndige Etiketten, Gefrierschr\u00e4nke, \u2026\",\"breadcrumb\":{\"@id\":\"https:\/\/d-identify.be\/de\/produkt\/afinia-lt5c-etikettendrucker\/#breadcrumb\"},\"inLanguage\":\"de\",\"potentialAction\":[{\"@type\":\"ReadAction\",\"target\":[\"https:\/\/d-identify.be\/de\/produkt\/afinia-lt5c-etikettendrucker\/\"]}]},{\"@type\":\"ImageObject\",\"inLanguage\":\"de\",\"@id\":\"https:\/\/d-identify.be\/de\/produkt\/afinia-lt5c-etikettendrucker\/#primaryimage\",\"url\":\"https:\/\/d-identify.be\/wp-content\/uploads\/2022\/09\/lt5c-printer.webp\",\"contentUrl\":\"https:\/\/d-identify.be\/wp-content\/uploads\/2022\/09\/lt5c-printer.webp\",\"width\":850,\"height\":700,\"caption\":\"Afinia Etikettendrucker\"},{\"@type\":\"BreadcrumbList\",\"@id\":\"https:\/\/d-identify.be\/de\/produkt\/afinia-lt5c-etikettendrucker\/#breadcrumb\",\"itemListElement\":[{\"@type\":\"ListItem\",\"position\":1,\"name\":\"Home\",\"item\":\"https:\/\/d-identify.be\/de\/home-2\/\"},{\"@type\":\"ListItem\",\"position\":2,\"name\":\"Shop\",\"item\":\"https:\/\/d-identify.be\/shop-2\/\"},{\"@type\":\"ListItem\",\"position\":3,\"name\":\"Afinia LT5C Etikettendrucker, LED-Laser\"}]},{\"@type\":\"WebSite\",\"@id\":\"https:\/\/d-identify.be\/de\/#website\",\"url\":\"https:\/\/d-identify.be\/de\/\",\"name\":\"d-identify\",\"description\":\"Industrial identification - Lockout - Tagout - Floor marking\",\"potentialAction\":[{\"@type\":\"SearchAction\",\"target\":{\"@type\":\"EntryPoint\",\"urlTemplate\":\"https:\/\/d-identify.be\/de\/?s={search_term_string}\"},\"query-input\":{\"@type\":\"PropertyValueSpecification\",\"valueRequired\":true,\"valueName\":\"search_term_string\"}}],\"inLanguage\":\"de\"}]}<\/script>\n<!-- \/ Yoast SEO Premium plugin. -->","yoast_head_json":{"title":"Afinia LT5C CMYK + White-Label-Drucker","description":"Der LT5C CMYK + Wei\u00df-Etikettendrucker bietet professionelle F\u00fcnffarbdrucke f\u00fcr eine Vielzahl von M\u00e4rkten. Ob hochbest\u00e4ndige Etiketten, Gefrierschr\u00e4nke, \u2026","robots":{"index":"index","follow":"follow","max-snippet":"max-snippet:-1","max-image-preview":"max-image-preview:large","max-video-preview":"max-video-preview:-1"},"canonical":"https:\/\/d-identify.be\/de\/produkt\/afinia-lt5c-etikettendrucker\/","og_locale":"de_DE","og_type":"article","og_title":"Afinia LT5C Etikettendrucker, LED-Laser","og_description":"Der LT5C CMYK + Wei\u00df-Etikettendrucker bietet professionelle F\u00fcnffarbdrucke f\u00fcr eine Vielzahl von M\u00e4rkten. Ob hochbest\u00e4ndige Etiketten, Gefrierschr\u00e4nke, \u2026","og_url":"https:\/\/d-identify.be\/de\/produkt\/afinia-lt5c-etikettendrucker\/","og_site_name":"d-identify","article_modified_time":"2025-05-06T14:09:34+00:00","og_image":[{"width":850,"height":700,"url":"https:\/\/d-identify.be\/wp-content\/uploads\/2022\/09\/lt5c-printer.webp","type":"image\/webp"}],"twitter_card":"summary_large_image","twitter_misc":{"Gesch\u00e4tzte Lesezeit":"2\u00a0Minuten"},"schema":{"@context":"https:\/\/schema.org","@graph":[{"@type":"WebPage","@id":"https:\/\/d-identify.be\/de\/produkt\/afinia-lt5c-etikettendrucker\/","url":"https:\/\/d-identify.be\/de\/produkt\/afinia-lt5c-etikettendrucker\/","name":"Afinia LT5C CMYK + White-Label-Drucker","isPartOf":{"@id":"https:\/\/d-identify.be\/de\/#website"},"primaryImageOfPage":{"@id":"https:\/\/d-identify.be\/de\/produkt\/afinia-lt5c-etikettendrucker\/#primaryimage"},"image":{"@id":"https:\/\/d-identify.be\/de\/produkt\/afinia-lt5c-etikettendrucker\/#primaryimage"},"thumbnailUrl":"https:\/\/d-identify.be\/wp-content\/uploads\/2022\/09\/lt5c-printer.webp","datePublished":"2022-09-16T13:25:11+00:00","dateModified":"2025-05-06T14:09:34+00:00","description":"Der LT5C CMYK + Wei\u00df-Etikettendrucker bietet professionelle F\u00fcnffarbdrucke f\u00fcr eine Vielzahl von M\u00e4rkten. Ob hochbest\u00e4ndige Etiketten, Gefrierschr\u00e4nke, \u2026","breadcrumb":{"@id":"https:\/\/d-identify.be\/de\/produkt\/afinia-lt5c-etikettendrucker\/#breadcrumb"},"inLanguage":"de","potentialAction":[{"@type":"ReadAction","target":["https:\/\/d-identify.be\/de\/produkt\/afinia-lt5c-etikettendrucker\/"]}]},{"@type":"ImageObject","inLanguage":"de","@id":"https:\/\/d-identify.be\/de\/produkt\/afinia-lt5c-etikettendrucker\/#primaryimage","url":"https:\/\/d-identify.be\/wp-content\/uploads\/2022\/09\/lt5c-printer.webp","contentUrl":"https:\/\/d-identify.be\/wp-content\/uploads\/2022\/09\/lt5c-printer.webp","width":850,"height":700,"caption":"Afinia Etikettendrucker"},{"@type":"BreadcrumbList","@id":"https:\/\/d-identify.be\/de\/produkt\/afinia-lt5c-etikettendrucker\/#breadcrumb","itemListElement":[{"@type":"ListItem","position":1,"name":"Home","item":"https:\/\/d-identify.be\/de\/home-2\/"},{"@type":"ListItem","position":2,"name":"Shop","item":"https:\/\/d-identify.be\/shop-2\/"},{"@type":"ListItem","position":3,"name":"Afinia LT5C Etikettendrucker, LED-Laser"}]},{"@type":"WebSite","@id":"https:\/\/d-identify.be\/de\/#website","url":"https:\/\/d-identify.be\/de\/","name":"d-identify","description":"Industrial identification - Lockout - Tagout - Floor marking","potentialAction":[{"@type":"SearchAction","target":{"@type":"EntryPoint","urlTemplate":"https:\/\/d-identify.be\/de\/?s={search_term_string}"},"query-input":{"@type":"PropertyValueSpecification","valueRequired":true,"valueName":"search_term_string"}}],"inLanguage":"de"}]}},"_links":{"self":[{"href":"https:\/\/d-identify.be\/de\/wp-json\/wp\/v2\/product\/54836","targetHints":{"allow":["GET"]}}],"collection":[{"href":"https:\/\/d-identify.be\/de\/wp-json\/wp\/v2\/product"}],"about":[{"href":"https:\/\/d-identify.be\/de\/wp-json\/wp\/v2\/types\/product"}],"replies":[{"embeddable":true,"href":"https:\/\/d-identify.be\/de\/wp-json\/wp\/v2\/comments?post=54836"}],"wp:featuredmedia":[{"embeddable":true,"href":"https:\/\/d-identify.be\/de\/wp-json\/wp\/v2\/media\/25564"}],"wp:attachment":[{"href":"https:\/\/d-identify.be\/de\/wp-json\/wp\/v2\/media?parent=54836"}],"wp:term":[{"taxonomy":"product_brand","embeddable":true,"href":"https:\/\/d-identify.be\/de\/wp-json\/wp\/v2\/product_brand?post=54836"},{"taxonomy":"product_cat","embeddable":true,"href":"https:\/\/d-identify.be\/de\/wp-json\/wp\/v2\/product_cat?post=54836"},{"taxonomy":"product_tag","embeddable":true,"href":"https:\/\/d-identify.be\/de\/wp-json\/wp\/v2\/product_tag?post=54836"},{"taxonomy":"pa_connextion-shapes","embeddable":true,"href":"https:\/\/d-identify.be\/de\/wp-json\/wp\/v2\/pa_connextion-shapes?post=54836"}],"curies":[{"name":"wp","href":"https:\/\/api.w.org\/{rel}","templated":true}]}}