{"id":54741,"date":"2025-04-07T16:47:53","date_gmt":"2025-04-07T14:47:53","guid":{"rendered":"https:\/\/d-identify.be\/?post_type=product&#038;p=54741"},"modified":"2025-05-06T15:26:53","modified_gmt":"2025-05-06T13:26:53","slug":"colorworks-c3500-epson-copy","status":"publish","type":"product","link":"https:\/\/d-identify.be\/de\/produkt\/colorworks-c3500-epson-copy\/","title":{"rendered":"Colorworks C4000 Epson, gl\u00e4nzend schwarze Tinte, Cutter"},"content":{"rendered":"<div class=\"clearfix text-formatted field field--name-field-description field--type-text-long field--label-hidden field__item\">\n<div class=\"clearfix text-formatted field field--name-field-description field--type-text-long field--label-hidden field__item\">Die Epson ColorWorks C4000 e-Serie umfasst zwei kompakte Druckermodelle: den CW-C4000e (Bk) und den CW-C4000e (Mk). Beide drucken zuverl\u00e4ssig und schnell hochwertige On-Demand-Etiketten und eignen sich f\u00fcr die einfache Desktop-Installation. Damit eignen sie sich ideal f\u00fcr nahezu jede Branche \u2013 von der Lebensmittel- und Getr\u00e4nkeindustrie \u00fcber die Chemie- und Pharmaindustrie bis hin zum Ticketing. <\/div>\n<div class=\"clearfix text-formatted field field--name-field-product-text field--type-text-long field--label-hidden field__item\">Die Bedienung der ColorWorks C4000e-Serie erfolgt \u00fcber ein benutzerfreundliches 2,7-Zoll-LCD-Display an der Vorderseite. Zu den weiteren Funktionen geh\u00f6ren ein leicht austauschbarer Autocutter, ein integrierter Standard und ein optionaler WLAN-Dongle, der Drucken von nahezu \u00fcberall und jederzeit erm\u00f6glicht. Fernkonfiguration, -wartung sowie -\u00fcberwachung und -verwaltung ganzer Druckerflotten sind \u00fcber ein zus\u00e4tzliches Webinterface m\u00f6glich. Verschiedene SDKs f\u00fcr iOS und Android sorgen f\u00fcr eine einfache Integration und erm\u00f6glichen intuitives Drucken von Tablets. Treiber sind f\u00fcr ESC Label, Linux und Mac verf\u00fcgbar.    <\/div>\n<\/div>\n","protected":false},"excerpt":{"rendered":"<ul>\n<li class=\"field__item\">Farbetikettendrucker zur Desktop-Installation<\/li>\n<li class=\"field__item\">Erstellt hochwertige Etiketten auf Abruf<\/li>\n<\/ul>\n<p><strong>Hauptfunktionen<\/strong><\/p>\n","protected":false},"featured_media":54751,"comment_status":"open","ping_status":"closed","template":"","meta":{"_acf_changed":false,"_et_pb_use_builder":"","_et_pb_old_content":"","_et_gb_content_width":""},"product_brand":[1286],"product_cat":[644],"product_tag":[],"pa_connextion-shapes":[],"class_list":{"0":"post-54741","1":"product","2":"type-product","3":"status-publish","4":"has-post-thumbnail","6":"product_brand-epson","7":"product_cat-inkjet-etikettendrucker","9":"first","10":"instock","11":"taxable","12":"shipping-taxable","13":"purchasable","14":"product-type-simple"},"exclude_global_add_ons":false,"addons":[{"name":"Hinzuf\u00fcgen Auf","type":"checkbox","position":0,"required":false,"title_format":"label","default":"","description_enable":true,"description":"F\u00fcgen Sie Ihrer Bestellung zus\u00e4tzliche Originaltinten hinzu. 50 ml f\u00fcr Epson C4000 ","placeholder_enable":false,"placeholder":"","display":"select","restrictions_type":"any_text","adjust_price":false,"price":"","price_type":"flat_fee","restrictions":false,"min":"0","max":"0","options":[{"label":"Schwarz (gloss) : C13T52M140","price":"35","price_type":"flat_fee","image":0,"visibility":true},{"label":"Cyan : C13T52M240","price":"35","price_type":"flat_fee","image":0,"visibility":true},{"label":"Magenta : C13T52M340","price":"35","price_type":"flat_fee","image":0,"visibility":true},{"label":"Gelb : C13T52M440","price":"35","price_type":"flat_fee","image":0,"visibility":true}],"id":1746542585},{"name":"Onsite Installatie voor de Benelux regio.","type":"checkbox","position":0,"required":true,"title_format":"heading","default":"","description_enable":true,"description":"Laat Uw printer installeren en configureren onsite door een expert","placeholder_enable":false,"placeholder":"","display":"select","restrictions_type":"any_text","adjust_price":false,"price":"","price_type":"flat_fee","restrictions":false,"min":"0","max":"0","options":[{"label":"BENELUX ONSITE INSTALL","price":"100","price_type":"flat_fee","image":0,"visibility":true}],"id":1746798096}],"acf":[],"yoast_head":"<!-- This site is optimized with the Yoast SEO Premium plugin v27.0 (Yoast SEO v27.1) - https:\/\/yoast.com\/product\/yoast-seo-premium-wordpress\/ -->\n<title>Epson Colorworks C4000 \u2013 Desktop-Tintenstrahl-Etikettendrucker<\/title>\n<meta name=\"description\" content=\"Drucken Sie langlebige, vollfarbige Etiketten mit dem Colorworks Epson C4000. Ideal f\u00fcr GHS-, Produkt- und Barcode-Etiketten. Schnell, zuverl\u00e4ssig und benutzerfreundlich.\" \/>\n<meta name=\"robots\" content=\"index, follow, max-snippet:-1, max-image-preview:large, max-video-preview:-1\" \/>\n<link rel=\"canonical\" href=\"https:\/\/d-identify.be\/de\/produkt\/colorworks-c3500-epson-copy\/\" \/>\n<meta property=\"og:locale\" content=\"de_DE\" \/>\n<meta property=\"og:type\" content=\"article\" \/>\n<meta property=\"og:title\" content=\"Colorworks C4000 Epson, gl\u00e4nzend schwarze Tinte, Cutter\" \/>\n<meta property=\"og:description\" content=\"Drucken Sie langlebige, vollfarbige Etiketten mit dem Colorworks Epson C4000. Ideal f\u00fcr GHS-, Produkt- und Barcode-Etiketten. Schnell, zuverl\u00e4ssig und benutzerfreundlich.\" \/>\n<meta property=\"og:url\" content=\"https:\/\/d-identify.be\/de\/produkt\/colorworks-c3500-epson-copy\/\" \/>\n<meta property=\"og:site_name\" content=\"d-identify\" \/>\n<meta property=\"article:modified_time\" content=\"2025-05-06T13:26:53+00:00\" \/>\n<meta property=\"og:image\" content=\"https:\/\/d-identify.be\/wp-content\/uploads\/2025\/04\/CW-C4000_headon-output_690x460.jpg\" \/>\n\t<meta property=\"og:image:width\" content=\"690\" \/>\n\t<meta property=\"og:image:height\" content=\"460\" \/>\n\t<meta property=\"og:image:type\" content=\"image\/jpeg\" \/>\n<meta name=\"twitter:card\" content=\"summary_large_image\" \/>\n<meta name=\"twitter:label1\" content=\"Gesch\u00e4tzte Lesezeit\" \/>\n\t<meta name=\"twitter:data1\" content=\"1\u00a0Minute\" \/>\n<script type=\"application\/ld+json\" class=\"yoast-schema-graph\">{\"@context\":\"https:\/\/schema.org\",\"@graph\":[{\"@type\":\"WebPage\",\"@id\":\"https:\/\/d-identify.be\/de\/produkt\/colorworks-c3500-epson-copy\/\",\"url\":\"https:\/\/d-identify.be\/de\/produkt\/colorworks-c3500-epson-copy\/\",\"name\":\"Epson Colorworks C4000 \u2013 Desktop-Tintenstrahl-Etikettendrucker\",\"isPartOf\":{\"@id\":\"https:\/\/d-identify.be\/de\/#website\"},\"primaryImageOfPage\":{\"@id\":\"https:\/\/d-identify.be\/de\/produkt\/colorworks-c3500-epson-copy\/#primaryimage\"},\"image\":{\"@id\":\"https:\/\/d-identify.be\/de\/produkt\/colorworks-c3500-epson-copy\/#primaryimage\"},\"thumbnailUrl\":\"https:\/\/d-identify.be\/wp-content\/uploads\/2025\/04\/CW-C4000_headon-output_690x460.jpg\",\"datePublished\":\"2025-04-07T14:47:53+00:00\",\"dateModified\":\"2025-05-06T13:26:53+00:00\",\"description\":\"Drucken Sie langlebige, vollfarbige Etiketten mit dem Colorworks Epson C4000. Ideal f\u00fcr GHS-, Produkt- und Barcode-Etiketten. Schnell, zuverl\u00e4ssig und benutzerfreundlich.\",\"breadcrumb\":{\"@id\":\"https:\/\/d-identify.be\/de\/produkt\/colorworks-c3500-epson-copy\/#breadcrumb\"},\"inLanguage\":\"de\",\"potentialAction\":[{\"@type\":\"ReadAction\",\"target\":[\"https:\/\/d-identify.be\/de\/produkt\/colorworks-c3500-epson-copy\/\"]}]},{\"@type\":\"ImageObject\",\"inLanguage\":\"de\",\"@id\":\"https:\/\/d-identify.be\/de\/produkt\/colorworks-c3500-epson-copy\/#primaryimage\",\"url\":\"https:\/\/d-identify.be\/wp-content\/uploads\/2025\/04\/CW-C4000_headon-output_690x460.jpg\",\"contentUrl\":\"https:\/\/d-identify.be\/wp-content\/uploads\/2025\/04\/CW-C4000_headon-output_690x460.jpg\",\"width\":690,\"height\":460,\"caption\":\"Epson Colorworks C4000\"},{\"@type\":\"BreadcrumbList\",\"@id\":\"https:\/\/d-identify.be\/de\/produkt\/colorworks-c3500-epson-copy\/#breadcrumb\",\"itemListElement\":[{\"@type\":\"ListItem\",\"position\":1,\"name\":\"Home\",\"item\":\"https:\/\/d-identify.be\/de\/home-2\/\"},{\"@type\":\"ListItem\",\"position\":2,\"name\":\"Shop\",\"item\":\"https:\/\/d-identify.be\/shop-2\/\"},{\"@type\":\"ListItem\",\"position\":3,\"name\":\"Colorworks C4000 Epson, gl\u00e4nzend schwarze Tinte, Cutter\"}]},{\"@type\":\"WebSite\",\"@id\":\"https:\/\/d-identify.be\/de\/#website\",\"url\":\"https:\/\/d-identify.be\/de\/\",\"name\":\"d-identify\",\"description\":\"Industrial identification - Lockout - Tagout - Floor marking\",\"potentialAction\":[{\"@type\":\"SearchAction\",\"target\":{\"@type\":\"EntryPoint\",\"urlTemplate\":\"https:\/\/d-identify.be\/de\/?s={search_term_string}\"},\"query-input\":{\"@type\":\"PropertyValueSpecification\",\"valueRequired\":true,\"valueName\":\"search_term_string\"}}],\"inLanguage\":\"de\"}]}<\/script>\n<!-- \/ Yoast SEO Premium plugin. -->","yoast_head_json":{"title":"Epson Colorworks C4000 \u2013 Desktop-Tintenstrahl-Etikettendrucker","description":"Drucken Sie langlebige, vollfarbige Etiketten mit dem Colorworks Epson C4000. Ideal f\u00fcr GHS-, Produkt- und Barcode-Etiketten. Schnell, zuverl\u00e4ssig und benutzerfreundlich.","robots":{"index":"index","follow":"follow","max-snippet":"max-snippet:-1","max-image-preview":"max-image-preview:large","max-video-preview":"max-video-preview:-1"},"canonical":"https:\/\/d-identify.be\/de\/produkt\/colorworks-c3500-epson-copy\/","og_locale":"de_DE","og_type":"article","og_title":"Colorworks C4000 Epson, gl\u00e4nzend schwarze Tinte, Cutter","og_description":"Drucken Sie langlebige, vollfarbige Etiketten mit dem Colorworks Epson C4000. Ideal f\u00fcr GHS-, Produkt- und Barcode-Etiketten. Schnell, zuverl\u00e4ssig und benutzerfreundlich.","og_url":"https:\/\/d-identify.be\/de\/produkt\/colorworks-c3500-epson-copy\/","og_site_name":"d-identify","article_modified_time":"2025-05-06T13:26:53+00:00","og_image":[{"width":690,"height":460,"url":"https:\/\/d-identify.be\/wp-content\/uploads\/2025\/04\/CW-C4000_headon-output_690x460.jpg","type":"image\/jpeg"}],"twitter_card":"summary_large_image","twitter_misc":{"Gesch\u00e4tzte Lesezeit":"1\u00a0Minute"},"schema":{"@context":"https:\/\/schema.org","@graph":[{"@type":"WebPage","@id":"https:\/\/d-identify.be\/de\/produkt\/colorworks-c3500-epson-copy\/","url":"https:\/\/d-identify.be\/de\/produkt\/colorworks-c3500-epson-copy\/","name":"Epson Colorworks C4000 \u2013 Desktop-Tintenstrahl-Etikettendrucker","isPartOf":{"@id":"https:\/\/d-identify.be\/de\/#website"},"primaryImageOfPage":{"@id":"https:\/\/d-identify.be\/de\/produkt\/colorworks-c3500-epson-copy\/#primaryimage"},"image":{"@id":"https:\/\/d-identify.be\/de\/produkt\/colorworks-c3500-epson-copy\/#primaryimage"},"thumbnailUrl":"https:\/\/d-identify.be\/wp-content\/uploads\/2025\/04\/CW-C4000_headon-output_690x460.jpg","datePublished":"2025-04-07T14:47:53+00:00","dateModified":"2025-05-06T13:26:53+00:00","description":"Drucken Sie langlebige, vollfarbige Etiketten mit dem Colorworks Epson C4000. Ideal f\u00fcr GHS-, Produkt- und Barcode-Etiketten. Schnell, zuverl\u00e4ssig und benutzerfreundlich.","breadcrumb":{"@id":"https:\/\/d-identify.be\/de\/produkt\/colorworks-c3500-epson-copy\/#breadcrumb"},"inLanguage":"de","potentialAction":[{"@type":"ReadAction","target":["https:\/\/d-identify.be\/de\/produkt\/colorworks-c3500-epson-copy\/"]}]},{"@type":"ImageObject","inLanguage":"de","@id":"https:\/\/d-identify.be\/de\/produkt\/colorworks-c3500-epson-copy\/#primaryimage","url":"https:\/\/d-identify.be\/wp-content\/uploads\/2025\/04\/CW-C4000_headon-output_690x460.jpg","contentUrl":"https:\/\/d-identify.be\/wp-content\/uploads\/2025\/04\/CW-C4000_headon-output_690x460.jpg","width":690,"height":460,"caption":"Epson Colorworks C4000"},{"@type":"BreadcrumbList","@id":"https:\/\/d-identify.be\/de\/produkt\/colorworks-c3500-epson-copy\/#breadcrumb","itemListElement":[{"@type":"ListItem","position":1,"name":"Home","item":"https:\/\/d-identify.be\/de\/home-2\/"},{"@type":"ListItem","position":2,"name":"Shop","item":"https:\/\/d-identify.be\/shop-2\/"},{"@type":"ListItem","position":3,"name":"Colorworks C4000 Epson, gl\u00e4nzend schwarze Tinte, Cutter"}]},{"@type":"WebSite","@id":"https:\/\/d-identify.be\/de\/#website","url":"https:\/\/d-identify.be\/de\/","name":"d-identify","description":"Industrial identification - Lockout - Tagout - Floor marking","potentialAction":[{"@type":"SearchAction","target":{"@type":"EntryPoint","urlTemplate":"https:\/\/d-identify.be\/de\/?s={search_term_string}"},"query-input":{"@type":"PropertyValueSpecification","valueRequired":true,"valueName":"search_term_string"}}],"inLanguage":"de"}]}},"_links":{"self":[{"href":"https:\/\/d-identify.be\/de\/wp-json\/wp\/v2\/product\/54741","targetHints":{"allow":["GET"]}}],"collection":[{"href":"https:\/\/d-identify.be\/de\/wp-json\/wp\/v2\/product"}],"about":[{"href":"https:\/\/d-identify.be\/de\/wp-json\/wp\/v2\/types\/product"}],"replies":[{"embeddable":true,"href":"https:\/\/d-identify.be\/de\/wp-json\/wp\/v2\/comments?post=54741"}],"wp:featuredmedia":[{"embeddable":true,"href":"https:\/\/d-identify.be\/de\/wp-json\/wp\/v2\/media\/54751"}],"wp:attachment":[{"href":"https:\/\/d-identify.be\/de\/wp-json\/wp\/v2\/media?parent=54741"}],"wp:term":[{"taxonomy":"product_brand","embeddable":true,"href":"https:\/\/d-identify.be\/de\/wp-json\/wp\/v2\/product_brand?post=54741"},{"taxonomy":"product_cat","embeddable":true,"href":"https:\/\/d-identify.be\/de\/wp-json\/wp\/v2\/product_cat?post=54741"},{"taxonomy":"product_tag","embeddable":true,"href":"https:\/\/d-identify.be\/de\/wp-json\/wp\/v2\/product_tag?post=54741"},{"taxonomy":"pa_connextion-shapes","embeddable":true,"href":"https:\/\/d-identify.be\/de\/wp-json\/wp\/v2\/pa_connextion-shapes?post=54741"}],"curies":[{"name":"wp","href":"https:\/\/api.w.org\/{rel}","templated":true}]}}