{"id":54387,"date":"2022-07-12T09:52:49","date_gmt":"2022-07-12T07:52:49","guid":{"rendered":"https:\/\/d-identify.be\/product\/zebra-zq500-serie\/"},"modified":"2022-07-12T09:52:49","modified_gmt":"2022-07-12T07:52:49","slug":"zebra-zq500-serie","status":"publish","type":"product","link":"https:\/\/d-identify.be\/de\/produkt\/zebra-zq500-serie\/","title":{"rendered":"Zebra ZQ500-Serie"},"content":{"rendered":"<p>Die ZQ500\u2122-Serie von Zebra ist jetzt noch robuster. Die High-End-Drucker ZQ511\u2122 und ZQ521\u2122, beide als RFID-Modelle erh\u00e4ltlich, erm\u00f6glichen unvergleichliches mobiles und robustes Drucken in allen Anwendungen und Branchen. Genie\u00dfen Sie optimale Langlebigkeit. Diese Drucker sind f\u00fcr h\u00e4rteste Bedingungen im Innen- und Au\u00dfenbereich konzipiert und trotzen St\u00fcrzen, St\u00f6\u00dfen, St\u00fcrzen und den rauen Umgebungsbedingungen mobiler Arbeitsumgebungen. Dank neuer Funktionen, verbesserter Haltbarkeit und einem Design in Milit\u00e4rqualit\u00e4t ist dieser Drucker rund um die Uhr einsatzbereit.    <\/p>\n","protected":false},"excerpt":{"rendered":"<p>Extreme Umgebungen, St\u00f6\u00dfe und Ersch\u00fctterungen sind f\u00fcr die Drucker der ZQ500-Serie kein Problem. Dank ihrer Robustheit nach Milit\u00e4rstandard halten sie starken Betontropfen, Spritzern, Schmutz, Unf\u00e4llen und vielem mehr stand, was an mobilen Arbeitspl\u00e4tzen h\u00e4ufig vorkommt. Gro\u00dfe Tasten und eine benutzerfreundliche Oberfl\u00e4che machen die Bedienung dieser Drucker selbst mit Handschuhen einfach. Dank Premium-Funktionen und einem leistungsstarken Akku steigern sie Ihre Produktivit\u00e4t und erm\u00f6glichen Ihnen, genauso lange und hart zu arbeiten wie Sie. Die Drucker ZQ511\u2122 und ZQ521\u2122 erweitern die Serie um zus\u00e4tzliche Robustheit und Funktionen.    <\/p>\n","protected":false},"featured_media":25946,"comment_status":"open","ping_status":"closed","template":"","meta":{"_acf_changed":false,"_et_pb_use_builder":"","_et_pb_old_content":"","_et_gb_content_width":""},"product_brand":[1258],"product_cat":[596,618],"product_tag":[954],"pa_connextion-shapes":[],"class_list":{"0":"post-54387","1":"product","2":"type-product","3":"status-publish","4":"has-post-thumbnail","6":"product_brand-zebra","7":"product_cat-industriedrucker","8":"product_cat-tragbare-etikettendrucker","9":"product_tag-zebra-de","11":"first","12":"instock","13":"sale","14":"taxable","15":"shipping-taxable","16":"purchasable","17":"product-type-simple"},"exclude_global_add_ons":[],"addons":[],"acf":[],"yoast_head":"<!-- This site is optimized with the Yoast SEO Premium plugin v27.0 (Yoast SEO v27.1) - https:\/\/yoast.com\/product\/yoast-seo-premium-wordpress\/ -->\n<title>Zebra ZQ500-Serie<\/title>\n<meta name=\"description\" content=\"Extreme Umgebungen, St\u00f6\u00dfe und Ersch\u00fctterungen sind f\u00fcr die Drucker der ZQ500-Serie kein Problem. Dank ihrer Robustheit nach Milit\u00e4rstandard halten sie erheblichen Belastungen stand...\" \/>\n<meta name=\"robots\" content=\"index, follow, max-snippet:-1, max-image-preview:large, max-video-preview:-1\" \/>\n<link rel=\"canonical\" href=\"https:\/\/d-identify.be\/de\/produkt\/zebra-zq500-serie\/\" \/>\n<meta property=\"og:locale\" content=\"de_DE\" \/>\n<meta property=\"og:type\" content=\"article\" \/>\n<meta property=\"og:title\" content=\"Zebra ZQ500-Serie\" \/>\n<meta property=\"og:description\" content=\"Extreme Umgebungen, St\u00f6\u00dfe und Ersch\u00fctterungen sind f\u00fcr die Drucker der ZQ500-Serie kein Problem. Dank ihrer Robustheit nach Milit\u00e4rstandard halten sie erheblichen Belastungen stand...\" \/>\n<meta property=\"og:url\" content=\"https:\/\/d-identify.be\/de\/produkt\/zebra-zq500-serie\/\" \/>\n<meta property=\"og:site_name\" content=\"d-identify\" \/>\n<meta property=\"og:image\" content=\"https:\/\/d-identify.be\/wp-content\/uploads\/2022\/07\/zebra500.jpg\" \/>\n\t<meta property=\"og:image:width\" content=\"383\" \/>\n\t<meta property=\"og:image:height\" content=\"255\" \/>\n\t<meta property=\"og:image:type\" content=\"image\/jpeg\" \/>\n<meta name=\"twitter:card\" content=\"summary_large_image\" \/>\n<script type=\"application\/ld+json\" class=\"yoast-schema-graph\">{\"@context\":\"https:\/\/schema.org\",\"@graph\":[{\"@type\":\"WebPage\",\"@id\":\"https:\/\/d-identify.be\/de\/produkt\/zebra-zq500-serie\/\",\"url\":\"https:\/\/d-identify.be\/de\/produkt\/zebra-zq500-serie\/\",\"name\":\"Zebra ZQ500-Serie\",\"isPartOf\":{\"@id\":\"https:\/\/d-identify.be\/de\/#website\"},\"primaryImageOfPage\":{\"@id\":\"https:\/\/d-identify.be\/de\/produkt\/zebra-zq500-serie\/#primaryimage\"},\"image\":{\"@id\":\"https:\/\/d-identify.be\/de\/produkt\/zebra-zq500-serie\/#primaryimage\"},\"thumbnailUrl\":\"https:\/\/d-identify.be\/wp-content\/uploads\/2022\/07\/zebra500.jpg\",\"datePublished\":\"2022-07-12T07:52:49+00:00\",\"description\":\"Extreme Umgebungen, St\u00f6\u00dfe und Ersch\u00fctterungen sind f\u00fcr die Drucker der ZQ500-Serie kein Problem. Dank ihrer Robustheit nach Milit\u00e4rstandard halten sie erheblichen Belastungen stand...\",\"breadcrumb\":{\"@id\":\"https:\/\/d-identify.be\/de\/produkt\/zebra-zq500-serie\/#breadcrumb\"},\"inLanguage\":\"de\",\"potentialAction\":[{\"@type\":\"ReadAction\",\"target\":[\"https:\/\/d-identify.be\/de\/produkt\/zebra-zq500-serie\/\"]}]},{\"@type\":\"ImageObject\",\"inLanguage\":\"de\",\"@id\":\"https:\/\/d-identify.be\/de\/produkt\/zebra-zq500-serie\/#primaryimage\",\"url\":\"https:\/\/d-identify.be\/wp-content\/uploads\/2022\/07\/zebra500.jpg\",\"contentUrl\":\"https:\/\/d-identify.be\/wp-content\/uploads\/2022\/07\/zebra500.jpg\",\"width\":383,\"height\":255,\"caption\":\"zebra zq500 rfid\"},{\"@type\":\"BreadcrumbList\",\"@id\":\"https:\/\/d-identify.be\/de\/produkt\/zebra-zq500-serie\/#breadcrumb\",\"itemListElement\":[{\"@type\":\"ListItem\",\"position\":1,\"name\":\"Home\",\"item\":\"https:\/\/d-identify.be\/de\/home-2\/\"},{\"@type\":\"ListItem\",\"position\":2,\"name\":\"Shop\",\"item\":\"https:\/\/d-identify.be\/shop-2\/\"},{\"@type\":\"ListItem\",\"position\":3,\"name\":\"Zebra ZQ500-Serie\"}]},{\"@type\":\"WebSite\",\"@id\":\"https:\/\/d-identify.be\/de\/#website\",\"url\":\"https:\/\/d-identify.be\/de\/\",\"name\":\"d-identify\",\"description\":\"Industrial identification - Lockout - Tagout - Floor marking\",\"potentialAction\":[{\"@type\":\"SearchAction\",\"target\":{\"@type\":\"EntryPoint\",\"urlTemplate\":\"https:\/\/d-identify.be\/de\/?s={search_term_string}\"},\"query-input\":{\"@type\":\"PropertyValueSpecification\",\"valueRequired\":true,\"valueName\":\"search_term_string\"}}],\"inLanguage\":\"de\"}]}<\/script>\n<!-- \/ Yoast SEO Premium plugin. -->","yoast_head_json":{"title":"Zebra ZQ500-Serie","description":"Extreme Umgebungen, St\u00f6\u00dfe und Ersch\u00fctterungen sind f\u00fcr die Drucker der ZQ500-Serie kein Problem. Dank ihrer Robustheit nach Milit\u00e4rstandard halten sie erheblichen Belastungen stand...","robots":{"index":"index","follow":"follow","max-snippet":"max-snippet:-1","max-image-preview":"max-image-preview:large","max-video-preview":"max-video-preview:-1"},"canonical":"https:\/\/d-identify.be\/de\/produkt\/zebra-zq500-serie\/","og_locale":"de_DE","og_type":"article","og_title":"Zebra ZQ500-Serie","og_description":"Extreme Umgebungen, St\u00f6\u00dfe und Ersch\u00fctterungen sind f\u00fcr die Drucker der ZQ500-Serie kein Problem. Dank ihrer Robustheit nach Milit\u00e4rstandard halten sie erheblichen Belastungen stand...","og_url":"https:\/\/d-identify.be\/de\/produkt\/zebra-zq500-serie\/","og_site_name":"d-identify","og_image":[{"width":383,"height":255,"url":"https:\/\/d-identify.be\/wp-content\/uploads\/2022\/07\/zebra500.jpg","type":"image\/jpeg"}],"twitter_card":"summary_large_image","schema":{"@context":"https:\/\/schema.org","@graph":[{"@type":"WebPage","@id":"https:\/\/d-identify.be\/de\/produkt\/zebra-zq500-serie\/","url":"https:\/\/d-identify.be\/de\/produkt\/zebra-zq500-serie\/","name":"Zebra ZQ500-Serie","isPartOf":{"@id":"https:\/\/d-identify.be\/de\/#website"},"primaryImageOfPage":{"@id":"https:\/\/d-identify.be\/de\/produkt\/zebra-zq500-serie\/#primaryimage"},"image":{"@id":"https:\/\/d-identify.be\/de\/produkt\/zebra-zq500-serie\/#primaryimage"},"thumbnailUrl":"https:\/\/d-identify.be\/wp-content\/uploads\/2022\/07\/zebra500.jpg","datePublished":"2022-07-12T07:52:49+00:00","description":"Extreme Umgebungen, St\u00f6\u00dfe und Ersch\u00fctterungen sind f\u00fcr die Drucker der ZQ500-Serie kein Problem. Dank ihrer Robustheit nach Milit\u00e4rstandard halten sie erheblichen Belastungen stand...","breadcrumb":{"@id":"https:\/\/d-identify.be\/de\/produkt\/zebra-zq500-serie\/#breadcrumb"},"inLanguage":"de","potentialAction":[{"@type":"ReadAction","target":["https:\/\/d-identify.be\/de\/produkt\/zebra-zq500-serie\/"]}]},{"@type":"ImageObject","inLanguage":"de","@id":"https:\/\/d-identify.be\/de\/produkt\/zebra-zq500-serie\/#primaryimage","url":"https:\/\/d-identify.be\/wp-content\/uploads\/2022\/07\/zebra500.jpg","contentUrl":"https:\/\/d-identify.be\/wp-content\/uploads\/2022\/07\/zebra500.jpg","width":383,"height":255,"caption":"zebra zq500 rfid"},{"@type":"BreadcrumbList","@id":"https:\/\/d-identify.be\/de\/produkt\/zebra-zq500-serie\/#breadcrumb","itemListElement":[{"@type":"ListItem","position":1,"name":"Home","item":"https:\/\/d-identify.be\/de\/home-2\/"},{"@type":"ListItem","position":2,"name":"Shop","item":"https:\/\/d-identify.be\/shop-2\/"},{"@type":"ListItem","position":3,"name":"Zebra ZQ500-Serie"}]},{"@type":"WebSite","@id":"https:\/\/d-identify.be\/de\/#website","url":"https:\/\/d-identify.be\/de\/","name":"d-identify","description":"Industrial identification - Lockout - Tagout - Floor marking","potentialAction":[{"@type":"SearchAction","target":{"@type":"EntryPoint","urlTemplate":"https:\/\/d-identify.be\/de\/?s={search_term_string}"},"query-input":{"@type":"PropertyValueSpecification","valueRequired":true,"valueName":"search_term_string"}}],"inLanguage":"de"}]}},"_links":{"self":[{"href":"https:\/\/d-identify.be\/de\/wp-json\/wp\/v2\/product\/54387","targetHints":{"allow":["GET"]}}],"collection":[{"href":"https:\/\/d-identify.be\/de\/wp-json\/wp\/v2\/product"}],"about":[{"href":"https:\/\/d-identify.be\/de\/wp-json\/wp\/v2\/types\/product"}],"replies":[{"embeddable":true,"href":"https:\/\/d-identify.be\/de\/wp-json\/wp\/v2\/comments?post=54387"}],"wp:featuredmedia":[{"embeddable":true,"href":"https:\/\/d-identify.be\/de\/wp-json\/wp\/v2\/media\/25946"}],"wp:attachment":[{"href":"https:\/\/d-identify.be\/de\/wp-json\/wp\/v2\/media?parent=54387"}],"wp:term":[{"taxonomy":"product_brand","embeddable":true,"href":"https:\/\/d-identify.be\/de\/wp-json\/wp\/v2\/product_brand?post=54387"},{"taxonomy":"product_cat","embeddable":true,"href":"https:\/\/d-identify.be\/de\/wp-json\/wp\/v2\/product_cat?post=54387"},{"taxonomy":"product_tag","embeddable":true,"href":"https:\/\/d-identify.be\/de\/wp-json\/wp\/v2\/product_tag?post=54387"},{"taxonomy":"pa_connextion-shapes","embeddable":true,"href":"https:\/\/d-identify.be\/de\/wp-json\/wp\/v2\/pa_connextion-shapes?post=54387"}],"curies":[{"name":"wp","href":"https:\/\/api.w.org\/{rel}","templated":true}]}}